{"id":11026,"date":"1970-01-01T00:00:00","date_gmt":"1970-01-01T00:00:00","guid":{"rendered":"https:\/\/elfsight.com\/fr\/?page_id=11026"},"modified":"2025-07-10T14:13:13","modified_gmt":"2025-07-10T14:13:13","slug":"woocommerce","status":"publish","type":"page","link":"https:\/\/elfsight.com\/fr\/weather-widget\/woocommerce\/","title":{"rendered":"Weather &#8211; WooCommerce"},"content":{"rendered":"<div class=\"application-platform-content-item-description application-platform-content-item\" id=\"description\" data-nav-section=\"description\"><h2>Description<\/h2><p>Elfsight Weather est un plugin de site Web utile et ajustable pour fournir \u00e0 vos visiteurs la m\u00e9t\u00e9o \u00e0 jour. pour n&rsquo;importe quel endroit. Ajoutez un emplacement par nom, code postal ou coordonn\u00e9es. Le public du site Web pourra voir les nouvelles donn\u00e9es sur la temp\u00e9rature, la pression atmosph\u00e9rique, le pourcentage d\u2019humidit\u00e9 et la m\u00e9t\u00e9o active. Vous pouvez \u00e9galement afficher des pr\u00e9visions horaires ou quotidiennes. Vous pouvez personnaliser l&rsquo;interface \u00e0 l&rsquo;aide d&rsquo;images d&rsquo;arri\u00e8re-plan th\u00e9matiques et de la possibilit\u00e9 de choisir des couleurs personnalis\u00e9es.<\/p><p><b>Offrez une exp\u00e9rience utilisateur plus pratique avec un widget m\u00e9t\u00e9o pratique sur votre site Web.<\/b><\/p> <\/div> <div class=\"application-platform-content-item-features application-platform-content-item\" id=\"features\" data-nav-section=\"features\"><h2>Voici quelques-unes des nombreuses fonctionnalit\u00e9s du widget\u00a0:<\/h2><ul><li>3 fa\u00e7ons de marquer l&#8217;emplacement\u00a0: par le nom, le code postal, et les coordonn\u00e9es\u00a0;<\/li><li>Plus de 30\u00a0langues prises en charge pour afficher les informations m\u00e9t\u00e9o dans votre langue maternelle\u00a0;<\/li><li>5 types de configuration de widget pour diff\u00e9rents cas d&rsquo;utilisation\u00a0;<\/li><li> La possibilit\u00e9 d&rsquo;ajouter les pr\u00e9visions quotidiennes pour la semaine \u00e0 venir avec les dates\u00a0;<\/li><li>Afficher les pr\u00e9visions horaires pour les 12\u00a0heures les plus proches.<\/li><\/ul><p><a href=\"#demo\"> Consultez simplement cette d\u00e9mo pour voir comment elle fonctionne<\/a><\/p><\/div><div class=\"application-platform-content-item-installation application-platform-content-item\" id=\"installation\" data-nav-section=\"installation\"><h2>Comment int\u00e9grer M\u00e9t\u00e9o \u00e0 mon site Web WooCommerce\u00a0?<\/h2><p>Il suffit de remplir suivez les instructions ci-dessous pour commencer \u00e0 travailler avec le plugin.<\/p><ol><li><b>Ex\u00e9cutez notre \u00e9diteur gratuit et commencez \u00e0 cr\u00e9er votre widget personnalis\u00e9.<\/b><br>Choisissez la forme s\u00e9lectionn\u00e9e et les aspects du plugin. et enregistrez les corrections.<\/li><li><b>Copiez votre code personnel expos\u00e9 dans la case sur Elfsight Apps.<\/b><br>Lorsque la personnalisation de votre plugin personnel est termin\u00e9e, copiez le code personnel en bas. est apparue et enregistrez-la pour un besoin ult\u00e9rieur.<\/li><li><b>Entrez sur l&rsquo;utilisation de l&rsquo;outil sur le site Web WooCommerce.<\/b><br>Ajoutez le code copi\u00e9 auparavant sur votre site Web et appliquez les corrections.<\/b><br> li&gt;<li><b>L&rsquo;installation est termin\u00e9e avec succ\u00e8s.<\/b><br>Allez sur votre page Web pour voir en action le fonctionnement de l&rsquo;outil.<\/li><\/ol><p>Au cas o\u00f9 vous rencontrez des obstacles, veuillez demander de l&rsquo;aide \u00e0 notre \u00e9quipe d&rsquo;assistance. Nos consultants sont impatients de r\u00e9soudre toutes les questions que vous pourriez vous poser avec l&rsquo;outil.<\/p><div class=\"faq\" data-component=\"FAQ\"><div class=\"faq-item\">\r\n\t\t\t\t\t<div class=\"faq-item-question\">\r\n\t\t\t\t\t\t<h3 class=\"faq-item-question-text\">Comment puis-je ajouter M\u00e9t\u00e9o \u00e0 mon site WooCommerce sans codage ?<\/h3>\r\n\r\n\t\t\t\t\t\t<div class=\"faq-item-question-icon\"><\/div>\r\n\t\t\t\t\t<\/div>\r\n\r\n\t\t\t\t\t<div class=\"faq-item-answer\">\r\n\t\t\t\t\t\t<div class=\"faq-item-answer-text\"> <p>La soci\u00e9t\u00e9 Elfsight propose un Solution cloud qui vous permet de cr\u00e9er vous-m\u00eame une application M\u00e9t\u00e9o, v\u00e9rifiez les \u00e9tapes simples\u00a0: Acc\u00e9dez \u00e0 la d\u00e9mo en direct pour cr\u00e9er une application M\u00e9t\u00e9o que vous souhaitez ajouter sur la page Web WooCommerce. S\u00e9lectionnez l&rsquo;un des nombreux mod\u00e8les pr\u00e9d\u00e9finis et modifiez les param\u00e8tres M\u00e9t\u00e9o, ajoutez votre contenu, transformez la mise en page et la couleur des \u00e9l\u00e9ments sans aucune exp\u00e9rience de codage. Cliquez pour enregistrer la m\u00e9t\u00e9o et copier le code \u00e0 int\u00e9grer, qui peut \u00eatre facilement int\u00e9gr\u00e9 \u00e0 votre site Web WooCommerce sans avoir besoin d&rsquo;acheter un abonnement payant. \u00c0 l&rsquo;aide de l&rsquo;\u00e9diteur facile \u00e0 utiliser, tout utilisateur Web peut cr\u00e9er un widget M\u00e9t\u00e9o en ligne et l&rsquo;ajouter facilement \u00e0 la page d&rsquo;accueil de WooCommerce. Vous ne devriez pas souscrire \u00e0 un abonnement payant ni soumettre les donn\u00e9es de votre carte pour acc\u00e9der au service. Si vous rencontrez des probl\u00e8mes \u00e0 n&rsquo;importe quelle \u00e9tape, n&rsquo;h\u00e9sitez pas \u00e0 contacter notre \u00e9quipe d&rsquo;assistance.<\/p> <\/div>\r\n\t\t\t\t\t<\/div>\r\n\t\t\t\t<\/div> <\/div><\/div>","protected":false},"excerpt":{"rendered":"","protected":false},"author":9,"featured_media":0,"parent":2497,"menu_order":0,"comment_status":"closed","ping_status":"closed","template":"templates\/template-application-platform.php","meta":{"publish_to_discourse":"","publish_post_category":"","wpdc_auto_publish_overridden":"","wpdc_topic_tags":"","wpdc_pin_topic":"","wpdc_pin_until":"","discourse_post_id":"","discourse_permalink":"","wpdc_publishing_response":"","wpdc_publishing_error":"","footnotes":""},"class_list":["post-11026","page","type-page","status-publish","hentry"],"yoast_head":"<!-- This site is optimized with the Yoast SEO plugin v25.3.1 - https:\/\/yoast.com\/wordpress\/plugins\/seo\/ -->\n<title>Widget m\u00e9t\u00e9o \u2013 Ajouter l&#039;application M\u00e9t\u00e9o au site Web WooCommerce<\/title>\n<meta name=\"description\" content=\"Profitez de l&#039;occasion pour ajuster le plugin Forecast Weather personnalis\u00e9 d\u00e8s maintenant et ajoutez-le \u00e0 votre site Web WooCommerce directement \u00e0 partir de la d\u00e9mo en direct.\" \/>\n<meta name=\"robots\" content=\"index, follow, max-snippet:-1, max-image-preview:large, max-video-preview:-1\" \/>\n<link rel=\"canonical\" href=\"https:\/\/elfsight.com\/fr\/weather-widget\/woocommerce\/\" \/>\n<meta property=\"og:locale\" content=\"fr_FR\" \/>\n<meta property=\"og:type\" content=\"article\" \/>\n<meta property=\"og:title\" content=\"Widget m\u00e9t\u00e9o \u2013 Ajouter l&#039;application M\u00e9t\u00e9o au site Web WooCommerce\" \/>\n<meta property=\"og:description\" content=\"Profitez de l&#039;occasion pour ajuster le plugin Forecast Weather personnalis\u00e9 d\u00e8s maintenant et ajoutez-le \u00e0 votre site Web WooCommerce directement \u00e0 partir de la d\u00e9mo en direct.\" \/>\n<meta property=\"og:url\" content=\"https:\/\/elfsight.com\/fr\/weather-widget\/woocommerce\/\" \/>\n<meta property=\"og:site_name\" content=\"Elfsight FR\" \/>\n<meta property=\"article:modified_time\" content=\"2025-07-10T14:13:13+00:00\" \/>\n<meta name=\"twitter:card\" content=\"summary_large_image\" \/>\n<meta name=\"twitter:label1\" content=\"Dur\u00e9e de lecture estim\u00e9e\" \/>\n\t<meta name=\"twitter:data1\" content=\"3 minutes\" \/>\n<!-- \/ Yoast SEO plugin. -->","yoast_head_json":{"title":"Widget m\u00e9t\u00e9o \u2013 Ajouter l'application M\u00e9t\u00e9o au site Web WooCommerce","description":"Profitez de l'occasion pour ajuster le plugin Forecast Weather personnalis\u00e9 d\u00e8s maintenant et ajoutez-le \u00e0 votre site Web WooCommerce directement \u00e0 partir de la d\u00e9mo en direct.","robots":{"index":"index","follow":"follow","max-snippet":"max-snippet:-1","max-image-preview":"max-image-preview:large","max-video-preview":"max-video-preview:-1"},"canonical":"https:\/\/elfsight.com\/fr\/weather-widget\/woocommerce\/","og_locale":"fr_FR","og_type":"article","og_title":"Widget m\u00e9t\u00e9o \u2013 Ajouter l'application M\u00e9t\u00e9o au site Web WooCommerce","og_description":"Profitez de l'occasion pour ajuster le plugin Forecast Weather personnalis\u00e9 d\u00e8s maintenant et ajoutez-le \u00e0 votre site Web WooCommerce directement \u00e0 partir de la d\u00e9mo en direct.","og_url":"https:\/\/elfsight.com\/fr\/weather-widget\/woocommerce\/","og_site_name":"Elfsight FR","article_modified_time":"2025-07-10T14:13:13+00:00","twitter_card":"summary_large_image","twitter_misc":{"Dur\u00e9e de lecture estim\u00e9e":"3 minutes"},"schema":{"@context":"https:\/\/schema.org","@graph":[{"@type":"WebPage","@id":"https:\/\/elfsight.com\/fr\/weather-widget\/woocommerce\/","url":"https:\/\/elfsight.com\/fr\/weather-widget\/woocommerce\/","name":"Widget m\u00e9t\u00e9o \u2013 Ajouter l'application M\u00e9t\u00e9o au site Web WooCommerce","isPartOf":{"@id":"https:\/\/elfsight.com\/fr\/#website"},"datePublished":"1970-01-01T00:00:00+00:00","dateModified":"2025-07-10T14:13:13+00:00","description":"Profitez de l'occasion pour ajuster le plugin Forecast Weather personnalis\u00e9 d\u00e8s maintenant et ajoutez-le \u00e0 votre site Web WooCommerce directement \u00e0 partir de la d\u00e9mo en direct.","breadcrumb":{"@id":"https:\/\/elfsight.com\/fr\/weather-widget\/woocommerce\/#breadcrumb"},"inLanguage":"fr-FR","potentialAction":[{"@type":"ReadAction","target":["https:\/\/elfsight.com\/fr\/weather-widget\/woocommerce\/"]}]},{"@type":"BreadcrumbList","@id":"https:\/\/elfsight.com\/fr\/weather-widget\/woocommerce\/#breadcrumb","itemListElement":[{"@type":"ListItem","position":1,"name":"Home","item":"https:\/\/elfsight.com\/fr\/"},{"@type":"ListItem","position":2,"name":"Weather","item":"https:\/\/elfsight.com\/fr\/weather-widget\/"},{"@type":"ListItem","position":3,"name":"Weather &#8211; WooCommerce"}]},{"@type":"WebSite","@id":"https:\/\/elfsight.com\/fr\/#website","url":"https:\/\/elfsight.com\/fr\/","name":"Elfsight FR","description":"","potentialAction":[{"@type":"SearchAction","target":{"@type":"EntryPoint","urlTemplate":"https:\/\/elfsight.com\/fr\/?s={search_term_string}"},"query-input":{"@type":"PropertyValueSpecification","valueRequired":true,"valueName":"search_term_string"}}],"inLanguage":"fr-FR"}]}},"meta_box":{"industry":"","seo_heading":"","heading":"","description":"","cta_heading":"","cta_description":"","application":"2496","h1":"Plugin M\u00e9t\u00e9o WooCommerce","h1_caption":"Affichez les informations m\u00e9t\u00e9orologiques actuelles pour n'importe quel endroit de votre site Web pour impliquer sans effort votre public local ou voyageur dans votre site Web WooCommerce.","application_category":[],"applications_title":"","applications_request_title":"","applications_request_button_text":"","hero_text":"","hero_video":"","hero_video_schema_markup":"","selling_points_title":"","selling_points_caption":"","selling_points":[],"selling_points_cta_text":"","features_title":"","features":"","ed_cta_examples_text":"","ed_cta_examples_hidden":"","ed_cta_demo_text":"","ed_cta_demo_hidden":"","why_caption":"","why_editor_title":"","why_editor_text":"","why_team_title":"","why_team_text":"","why_service_title":"","why_service_text":"","template_catalog_visible":"","template_catalog_title":"","template_catalog_text":"","template_catalog_categories_visible":"","demo_title":"Cr\u00e9ez votre application M\u00e9t\u00e9o","demo_caption":"Configurez votre M\u00e9t\u00e9o et ajoutez-la \u00e0 votre site WooCommerce gratuitement !","default_faq_hidden":"","app_template_category":[],"platform":"397","template_public_id":"","codecanyon_url":"","codecanyon_item_id":"","codecanyon_price":"","pricing_caption":"","pricing_elfsight_apps_hide_column":"","pricing_elfsight_apps_url":"","pricing_codecanyon_price_caption":"","integration_category":[],"integration_request_title":"","integration_request_cta":"","integration_platform":"","integrations":[],"platform_category":[],"video_schema_markup":"","price":"\u00e0 partir de 0$ \/ mois","trial":"","benefits":[{"text":"Service d'installation gratuit"},{"text":"Support client exp\u00e9riment\u00e9"},{"text":"Garantie de remboursement de 14 jours"},{"text":"D\u00e9veloppement continu"}],"button_url":"","button_target_blank":"","button_nofollow":"","attributes":[{"name":"Installations","content":"10,000 - 100,000"},{"name":"Sensible","content":"Oui"},{"name":"Navigateurs compatibles","content":"Firefox, Safari, Opera, Chrome, Edge"}],"tags":[],"tags_disable_links":"","hide_more_platforms":"","video_object":"","demo_hide_cta":"","demo_hide_cloud_options":"","pricing_title":"","pricing":[{"pricing_icon":"platform","pricing_title":"Elfsight Apps","pricing_title_caption":"Logiciel multiplateforme qui fonctionne sur n'importe quel site Web","pricing_price":"from $0 \/ month","pricing_price_caption":"commencez avec un forfait gratuit","pricing_benefits":[{"text":"Domaines illimit\u00e9s"},{"text":"Assistance gratuite, ponctuelle et bien document\u00e9e"},{"text":"Aide \u00e0 l'installation gratuite"},{"text":"100% personnalisable"}],"pricing_button_text":"Ajouter au site Web","pricing_button_url":"#demo"}],"related_apps_title":"","related_apps_hidden":"","author":"","image":[],"title":"","job":"","social_networks":[]},"_links":{"self":[{"href":"https:\/\/elfsight.com\/fr\/wp-json\/wp\/v2\/pages\/11026","targetHints":{"allow":["GET"]}}],"collection":[{"href":"https:\/\/elfsight.com\/fr\/wp-json\/wp\/v2\/pages"}],"about":[{"href":"https:\/\/elfsight.com\/fr\/wp-json\/wp\/v2\/types\/page"}],"author":[{"embeddable":true,"href":"https:\/\/elfsight.com\/fr\/wp-json\/wp\/v2\/users\/9"}],"replies":[{"embeddable":true,"href":"https:\/\/elfsight.com\/fr\/wp-json\/wp\/v2\/comments?post=11026"}],"version-history":[{"count":1,"href":"https:\/\/elfsight.com\/fr\/wp-json\/wp\/v2\/pages\/11026\/revisions"}],"predecessor-version":[{"id":11030,"href":"https:\/\/elfsight.com\/fr\/wp-json\/wp\/v2\/pages\/11026\/revisions\/11030"}],"up":[{"embeddable":true,"href":"https:\/\/elfsight.com\/fr\/wp-json\/wp\/v2\/pages\/2497"}],"wp:attachment":[{"href":"https:\/\/elfsight.com\/fr\/wp-json\/wp\/v2\/media?parent=11026"}],"curies":[{"name":"wp","href":"https:\/\/api.w.org\/{rel}","templated":true}]}}