{"id":11020,"date":"1970-01-01T00:00:00","date_gmt":"1970-01-01T00:00:00","guid":{"rendered":"https:\/\/elfsight.com\/fr\/?page_id=11020"},"modified":"2025-07-10T14:11:09","modified_gmt":"2025-07-10T14:11:09","slug":"google-sites","status":"publish","type":"page","link":"https:\/\/elfsight.com\/fr\/weather-widget\/google-sites\/","title":{"rendered":"Weather &#8211; Google Sites"},"content":{"rendered":"<div class=\"application-platform-content-item-description application-platform-content-item\" id=\"description\" data-nav-section=\"description\"><h2>Int\u00e9grez la m\u00e9t\u00e9o sur Google Sites avec le widget Elfsight<\/h2><p>Elfsight Weather est un plugin de site Web simple et r\u00e9glable pour fournir \u00e0 vos utilisateurs avec la m\u00e9t\u00e9o \u00e0 jour pour un point s\u00e9lectionn\u00e9 sur la carte. Ajoutez un quartier en utilisant le titre, le code postal ou les coordonn\u00e9es. Vos visiteurs pourront voir des informations fra\u00eeches sur la temp\u00e9rature, la pression, l\u2019humidit\u00e9 et les \u00e9l\u00e9ments m\u00e9t\u00e9orologiques. Le widget a une option pour afficher des pr\u00e9visions horaires ou quotidiennes. Vous pouvez personnaliser l&rsquo;interface \u00e0 l&rsquo;aide d&rsquo;images d&rsquo;arri\u00e8re-plan th\u00e9matiques et de la possibilit\u00e9 de choisir vos propres couleurs. <\/p><p><b>Boostez les ventes de produits d\u00e9pendants de la m\u00e9t\u00e9o avec des pr\u00e9visions m\u00e9t\u00e9orologiques pr\u00e9cises sur votre site\u00a0Web\u00a0! <\/b><\/p><\/div><div class=\"application-platform-content-item-features application-platform-content-item\" id=\"features\" data-nav-section=\"features\"><p>V\u00e9rifiez toutes les fonctionnalit\u00e9s du widget M\u00e9t\u00e9o. Vous pouvez les g\u00e9rer directement dans l&rsquo;\u00e9diteur et ils vous aideront \u00e0 configurer le widget sp\u00e9cialement pour votre cas d&rsquo;utilisation. <\/p><ul><li>Trois fa\u00e7ons d&rsquo;ajouter l&#8217;emplacement\u00a0: le nom, le code postal et les coordonn\u00e9es\u00a0; <\/li><li>Plus de 30 langues incluses pour afficher les d\u00e9tails m\u00e9t\u00e9orologiques dans votre langue maternelle\u00a0; <\/li><li>5 variantes de configuration du widget pour divers cas d&rsquo;utilisation\u00a0; <\/li><li>La possibilit\u00e9 de d\u00e9montrer les pr\u00e9visions quotidiennes pour une semaine avec des dates\u00a0; <\/li><li>Ajoutez la m\u00e9t\u00e9o horaire pour les douze heures les plus proches. <\/li><\/ul><p><a href=\"#demo\">Vous pouvez essayer toutes les fonctionnalit\u00e9s du widget directement dans la d\u00e9mo<\/a><\/p><\/div><div class=\"application-platform-content-item-installation application-platform-content-item\" id=\"installation\" data-nav-section=\"installation\"><h2>Comment ajouter un widget M\u00e9t\u00e9o \u00e0 Google Sites\u00a0? <\/h2><p>Pour int\u00e9grer le widget M\u00e9t\u00e9o, suivez simplement quelques \u00e9tapes rapides<\/p> <ol><li><b>G\u00e9n\u00e9rez votre plugin M\u00e9t\u00e9o sur mesure<\/b><br>G\u00e9rer notre \u00e9diteur gratuit , obtenez un plugin avec une composition pr\u00e9f\u00e9r\u00e9e et des caract\u00e9ristiques fonctionnelles. <\/li> <li><b>Recevez le code personnel pour int\u00e9grer le plugin<\/b><br>Apr\u00e8s avoir personnalis\u00e9 votre widget, vous obtiendrez votre code d&rsquo;installation depuis la fen\u00eatre contextuelle d&rsquo;Elfsight Apps. Copiez-le. <\/li> <li><b>Publiez le plugin sur votre site Web<\/b><br>Trouvez l&rsquo;endroit o\u00f9 vous devez r\u00e9v\u00e9ler le plugin et ins\u00e9rez-y le code copi\u00e9. Publier les r\u00e9sultats. <\/li> <li><b>L&rsquo;installation est termin\u00e9e<\/b><br>Entrez sur le site Web pour jeter un \u0153il \u00e0 votre plugin. <\/li><\/ol><div class=\"tip-yellow tip\"><b>En raison des particularit\u00e9s du fonctionnement de Google Sites, le widget peut \u00eatre diff\u00e9rent de la d\u00e9mo en ligne. Nous nous excusons pour tout inconv\u00e9nient caus\u00e9.<\/b><\/div><p>Vous \u00eates invit\u00e9s \u00e0 communiquer avec le service d&rsquo;assistance si vous avez besoin de conseils ou si vous avez des questions. Nous serons heureux de r\u00e9pondre \u00e0 chaque demande. <\/p><div class=\"faq\" data-component=\"FAQ\"><div class=\"faq-item\">\r\n\t\t\t\t\t<div class=\"faq-item-question\">\r\n\t\t\t\t\t\t<h3 class=\"faq-item-question-text\">Comment int\u00e9grer M\u00e9t\u00e9o \u00e0 ma page Web Google Sites sans connaissances en codage ?<\/h3>\r\n\r\n\t\t\t\t\t\t<div class=\"faq-item-question-icon\"><\/div>\r\n\t\t\t\t\t<\/div>\r\n\r\n\t\t\t\t\t<div class=\"faq-item-answer\">\r\n\t\t\t\t\t\t<div class=\"faq-item-answer-text\"> <p>La soci\u00e9t\u00e9 Elfsight propose une solution SaaS qui permet \u00e0 un large public d&rsquo;acc\u00e9der vous-m\u00eame \u00e0 une application M\u00e9t\u00e9o, regardez le guide simple\u00a0: acc\u00e9dez \u00e0 l&rsquo;\u00e9diteur en direct pour cr\u00e9er un plugin M\u00e9t\u00e9o que vous souhaitez ajouter sur vos sites Google. Cliquez sur l&rsquo;un de nos mod\u00e8les pr\u00eats \u00e0 l&#8217;emploi et modifiez les param\u00e8tres m\u00e9t\u00e9o, mettez \u00e0 jour votre contenu, modifiez la mise en page et la palette de couleurs sans exp\u00e9rience de codage. Cliquez pour enregistrer la m\u00e9t\u00e9o et copier le code d&rsquo;installation du plugin, qui peut \u00eatre facilement coll\u00e9 sur votre page d&rsquo;accueil Google Sites sans avoir besoin d&rsquo;acheter un abonnement payant. Avec le configurateur simple, tout utilisateur Web peut cr\u00e9er un plugin M\u00e9t\u00e9o et l&rsquo;ajouter \u00e0 son site Google Sites. Vous ne devez pas payer ni divulguer les informations d&rsquo;identification de votre carte pour acc\u00e9der au service Elfsight. Si vous rencontrez des obstacles \u00e0 une \u00e9tape quelconque, veuillez contacter notre support technique client.<\/p> <\/div>\r\n\t\t\t\t\t<\/div>\r\n\t\t\t\t<\/div> <\/div><\/div>","protected":false},"excerpt":{"rendered":"","protected":false},"author":9,"featured_media":0,"parent":2497,"menu_order":0,"comment_status":"closed","ping_status":"closed","template":"templates\/template-application-platform.php","meta":{"publish_to_discourse":"","publish_post_category":"","wpdc_auto_publish_overridden":"","wpdc_topic_tags":"","wpdc_pin_topic":"","wpdc_pin_until":"","discourse_post_id":"","discourse_permalink":"","wpdc_publishing_response":"","wpdc_publishing_error":"","footnotes":""},"class_list":["post-11020","page","type-page","status-publish","hentry"],"yoast_head":"<!-- This site is optimized with the Yoast SEO plugin v25.3.1 - https:\/\/yoast.com\/wordpress\/plugins\/seo\/ -->\n<title>M\u00e9t\u00e9o - Ajouter un widget M\u00e9t\u00e9o \u00e0 Google Sites (2025)<\/title>\n<meta name=\"description\" content=\"Int\u00e9grez un plugin M\u00e9t\u00e9o r\u00e9actif sur votre site Web Google Sites et obtenez une confiance totale. Utilisez la d\u00e9mo utile d&#039;Elfsight pour cr\u00e9er votre outil personnalis\u00e9.\" \/>\n<meta name=\"robots\" content=\"index, follow, max-snippet:-1, max-image-preview:large, max-video-preview:-1\" \/>\n<link rel=\"canonical\" href=\"https:\/\/elfsight.com\/fr\/weather-widget\/google-sites\/\" \/>\n<meta property=\"og:locale\" content=\"fr_FR\" \/>\n<meta property=\"og:type\" content=\"article\" \/>\n<meta property=\"og:title\" content=\"M\u00e9t\u00e9o - Ajouter un widget M\u00e9t\u00e9o \u00e0 Google Sites (2025)\" \/>\n<meta property=\"og:description\" content=\"Int\u00e9grez un plugin M\u00e9t\u00e9o r\u00e9actif sur votre site Web Google Sites et obtenez une confiance totale. Utilisez la d\u00e9mo utile d&#039;Elfsight pour cr\u00e9er votre outil personnalis\u00e9.\" \/>\n<meta property=\"og:url\" content=\"https:\/\/elfsight.com\/fr\/weather-widget\/google-sites\/\" \/>\n<meta property=\"og:site_name\" content=\"Elfsight FR\" \/>\n<meta property=\"article:modified_time\" content=\"2025-07-10T14:11:09+00:00\" \/>\n<meta name=\"twitter:card\" content=\"summary_large_image\" \/>\n<meta name=\"twitter:label1\" content=\"Dur\u00e9e de lecture estim\u00e9e\" \/>\n\t<meta name=\"twitter:data1\" content=\"3 minutes\" \/>\n<!-- \/ Yoast SEO plugin. -->","yoast_head_json":{"title":"M\u00e9t\u00e9o - Ajouter un widget M\u00e9t\u00e9o \u00e0 Google Sites (2025)","description":"Int\u00e9grez un plugin M\u00e9t\u00e9o r\u00e9actif sur votre site Web Google Sites et obtenez une confiance totale. Utilisez la d\u00e9mo utile d'Elfsight pour cr\u00e9er votre outil personnalis\u00e9.","robots":{"index":"index","follow":"follow","max-snippet":"max-snippet:-1","max-image-preview":"max-image-preview:large","max-video-preview":"max-video-preview:-1"},"canonical":"https:\/\/elfsight.com\/fr\/weather-widget\/google-sites\/","og_locale":"fr_FR","og_type":"article","og_title":"M\u00e9t\u00e9o - Ajouter un widget M\u00e9t\u00e9o \u00e0 Google Sites (2025)","og_description":"Int\u00e9grez un plugin M\u00e9t\u00e9o r\u00e9actif sur votre site Web Google Sites et obtenez une confiance totale. Utilisez la d\u00e9mo utile d'Elfsight pour cr\u00e9er votre outil personnalis\u00e9.","og_url":"https:\/\/elfsight.com\/fr\/weather-widget\/google-sites\/","og_site_name":"Elfsight FR","article_modified_time":"2025-07-10T14:11:09+00:00","twitter_card":"summary_large_image","twitter_misc":{"Dur\u00e9e de lecture estim\u00e9e":"3 minutes"},"schema":{"@context":"https:\/\/schema.org","@graph":[{"@type":"WebPage","@id":"https:\/\/elfsight.com\/fr\/weather-widget\/google-sites\/","url":"https:\/\/elfsight.com\/fr\/weather-widget\/google-sites\/","name":"M\u00e9t\u00e9o - Ajouter un widget M\u00e9t\u00e9o \u00e0 Google Sites (2025)","isPartOf":{"@id":"https:\/\/elfsight.com\/fr\/#website"},"datePublished":"1970-01-01T00:00:00+00:00","dateModified":"2025-07-10T14:11:09+00:00","description":"Int\u00e9grez un plugin M\u00e9t\u00e9o r\u00e9actif sur votre site Web Google Sites et obtenez une confiance totale. Utilisez la d\u00e9mo utile d'Elfsight pour cr\u00e9er votre outil personnalis\u00e9.","breadcrumb":{"@id":"https:\/\/elfsight.com\/fr\/weather-widget\/google-sites\/#breadcrumb"},"inLanguage":"fr-FR","potentialAction":[{"@type":"ReadAction","target":["https:\/\/elfsight.com\/fr\/weather-widget\/google-sites\/"]}]},{"@type":"BreadcrumbList","@id":"https:\/\/elfsight.com\/fr\/weather-widget\/google-sites\/#breadcrumb","itemListElement":[{"@type":"ListItem","position":1,"name":"Home","item":"https:\/\/elfsight.com\/fr\/"},{"@type":"ListItem","position":2,"name":"Weather","item":"https:\/\/elfsight.com\/fr\/weather-widget\/"},{"@type":"ListItem","position":3,"name":"Weather &#8211; Google Sites"}]},{"@type":"WebSite","@id":"https:\/\/elfsight.com\/fr\/#website","url":"https:\/\/elfsight.com\/fr\/","name":"Elfsight FR","description":"","potentialAction":[{"@type":"SearchAction","target":{"@type":"EntryPoint","urlTemplate":"https:\/\/elfsight.com\/fr\/?s={search_term_string}"},"query-input":{"@type":"PropertyValueSpecification","valueRequired":true,"valueName":"search_term_string"}}],"inLanguage":"fr-FR"}]}},"meta_box":{"industry":"","seo_heading":"","heading":"","description":"","cta_heading":"","cta_description":"","application":"2496","h1":"Widget M\u00e9t\u00e9o Google Sites","h1_caption":"Affichez les informations m\u00e9t\u00e9orologiques actuelles pour n'importe quel emplacement de votre site Web afin d'impliquer facilement votre public local ou voyageur dans vos sites Google.","application_category":[],"applications_title":"","applications_request_title":"","applications_request_button_text":"","hero_text":"","hero_video":"","hero_video_schema_markup":"","selling_points_title":"","selling_points_caption":"","selling_points":[],"selling_points_cta_text":"","features_title":"","features":"","ed_cta_examples_text":"","ed_cta_examples_hidden":"","ed_cta_demo_text":"","ed_cta_demo_hidden":"","why_caption":"","why_editor_title":"","why_editor_text":"","why_team_title":"","why_team_text":"","why_service_title":"","why_service_text":"","template_catalog_visible":"","template_catalog_title":"","template_catalog_text":"","template_catalog_categories_visible":"","demo_title":"Cr\u00e9ez votre widget M\u00e9t\u00e9o","demo_caption":"Configurez votre M\u00e9t\u00e9o et ajoutez-la gratuitement \u00e0 votre site Web Google Sites\u00a0!","default_faq_hidden":"","app_template_category":[],"platform":"423","template_public_id":"","codecanyon_url":"","codecanyon_item_id":"","codecanyon_price":"","pricing_caption":"","pricing_elfsight_apps_hide_column":"","pricing_elfsight_apps_url":"","pricing_codecanyon_price_caption":"","integration_category":[],"integration_request_title":"","integration_request_cta":"","integration_platform":"","integrations":[],"platform_category":[],"video_schema_markup":"","price":"\u00e0 partir de 0$ \/ mois","trial":"","benefits":[{"text":"Service d'installation gratuit"},{"text":"Assistance premium"},{"text":"Garantie de remboursement de 14 jours"},{"text":"Mise \u00e0 jour constante"}],"button_url":"","button_target_blank":"","button_nofollow":"","attributes":[{"name":"Installations","content":"10,000 - 100,000"},{"name":"Sensible","content":"Id\u00e9al pour les mobiles"},{"name":"Navigateurs compatibles","content":"Opera, Safari, Firefox, Edge, Chrome"}],"tags":[],"tags_disable_links":"","hide_more_platforms":"","video_object":"","demo_hide_cta":"","demo_hide_cloud_options":"","pricing_title":"","pricing":[{"pricing_icon":"platform","pricing_title":"Elfsight Apps","pricing_title_caption":"Logiciel multiplateforme qui fonctionne sur n'importe quel site Web","pricing_price":"from $0 \/ month","pricing_price_caption":"commencez avec un forfait gratuit","pricing_benefits":[{"text":"Nombre illimit\u00e9 de sites Web"},{"text":"Assistance gratuite et ponctuelle"},{"text":"Service d'installation gratuit"},{"text":"Offre sp\u00e9ciale pour plusieurs applications"}],"pricing_button_text":"Ajouter au site Web","pricing_button_url":"#demo"}],"related_apps_title":"","related_apps_hidden":"","author":"","image":[],"title":"","job":"","social_networks":[]},"_links":{"self":[{"href":"https:\/\/elfsight.com\/fr\/wp-json\/wp\/v2\/pages\/11020","targetHints":{"allow":["GET"]}}],"collection":[{"href":"https:\/\/elfsight.com\/fr\/wp-json\/wp\/v2\/pages"}],"about":[{"href":"https:\/\/elfsight.com\/fr\/wp-json\/wp\/v2\/types\/page"}],"author":[{"embeddable":true,"href":"https:\/\/elfsight.com\/fr\/wp-json\/wp\/v2\/users\/9"}],"replies":[{"embeddable":true,"href":"https:\/\/elfsight.com\/fr\/wp-json\/wp\/v2\/comments?post=11020"}],"version-history":[{"count":1,"href":"https:\/\/elfsight.com\/fr\/wp-json\/wp\/v2\/pages\/11020\/revisions"}],"predecessor-version":[{"id":11024,"href":"https:\/\/elfsight.com\/fr\/wp-json\/wp\/v2\/pages\/11020\/revisions\/11024"}],"up":[{"embeddable":true,"href":"https:\/\/elfsight.com\/fr\/wp-json\/wp\/v2\/pages\/2497"}],"wp:attachment":[{"href":"https:\/\/elfsight.com\/fr\/wp-json\/wp\/v2\/media?parent=11020"}],"curies":[{"name":"wp","href":"https:\/\/api.w.org\/{rel}","templated":true}]}}