{"id":11019,"date":"1970-01-01T00:00:00","date_gmt":"1970-01-01T00:00:00","guid":{"rendered":"https:\/\/elfsight.com\/fr\/?page_id=11019"},"modified":"2025-07-10T14:11:05","modified_gmt":"2025-07-10T14:11:05","slug":"godaddy","status":"publish","type":"page","link":"https:\/\/elfsight.com\/fr\/weather-widget\/godaddy\/","title":{"rendered":"Weather &#8211; GoDaddy"},"content":{"rendered":"<div class=\"application-platform-content-item-description application-platform-content-item\" id=\"description\" data-nav-section=\"description\"><h2>Int\u00e9grer la m\u00e9t\u00e9o sur GoDaddy avec le widget Elfsight<\/h2><p>Elfsight Weather est un plugin de site Web utile et hautement r\u00e9glable que GoDaddy peut afficher le temps frais pour une zone choisie. Entrez un quartier par le titre, le code postal ou les coordonn\u00e9es. Les utilisateurs du site Web peuvent d\u00e9sormais consulter les derni\u00e8res informations sur la temp\u00e9rature, la pression atmosph\u00e9rique, l&rsquo;humidit\u00e9 et la m\u00e9t\u00e9o active. Vous pouvez \u00e9galement d\u00e9montrer des pr\u00e9visions horaires ou quotidiennes. Vous pouvez ajuster l&rsquo;interface \u00e0 l&rsquo;aide d&rsquo;un arri\u00e8re-plan sur le th\u00e8me de la m\u00e9t\u00e9o et de la fonctionnalit\u00e9 permettant d&rsquo;appliquer vos propres couleurs. <\/p> <p><b>Faites en sorte que les clients puissent commander leur voyage en gardant toujours \u00e0 l&rsquo;esprit les pr\u00e9visions m\u00e9t\u00e9orologiques\u00a0! <\/b><\/p><\/div><div class=\"application-platform-content-item-features application-platform-content-item\" id=\"features\" data-nav-section=\"features\"><p>V\u00e9rifiez toutes les caract\u00e9ristiques fonctionnelles du plugin M\u00e9t\u00e9o. Vous pouvez les ajuster directement dans l\u2019\u00e9diteur et ils vous aideront \u00e0 fa\u00e7onner le plugin exactement selon vos besoins. <\/p><ul><li>3 mani\u00e8res de saisir le lieu\u00a0: par le nom, le code postal et les coordonn\u00e9es\u00a0; <\/li><li>Plus de 30 langues prises en charge pour afficher les donn\u00e9es m\u00e9t\u00e9orologiques dans votre langue maternelle\u00a0; <\/li><li>5 variantes de configuration du plugin pour diff\u00e9rents cas d&rsquo;utilisation\u00a0; <\/li><li>L&rsquo;option d&rsquo;afficher les pr\u00e9visions quotidiennes pour la semaine \u00e0 venir avec les dates\u00a0; <\/li><li>Afficher les pr\u00e9visions heure par heure pour les 12 heures les plus proches. <\/li><\/ul><p><a href=\"#demo\">Testez toutes les autres fonctions de la d\u00e9mo<\/a><\/p><\/div><div class=\"application-platform-content-item-installation application-platform-content-item\" id=\"installation\" data-nav-section=\"installation\"><h2> Comment ajouter le plugin M\u00e9t\u00e9o \u00e0 mon site GoDaddy ? <\/h2><p>Pour int\u00e9grer le plugin M\u00e9t\u00e9o, suivez simplement ces \u00e9tapes rapides<\/p> <ol><li><b>Construisez votre plugin M\u00e9t\u00e9o unique<\/b><br>G\u00e9rez notre \u00e9diteur gratuit, g\u00e9n\u00e9rez un plugin avec un look personnalis\u00e9 et des caract\u00e9ristiques fonctionnelles. <\/li> <li><b>Recevez le code personnel pour publier le plugin<\/b><br>Apr\u00e8s avoir personnalis\u00e9 votre plugin, vous recevrez le code d&rsquo;installation dans la fen\u00eatre qui appara\u00eet sur Elfsight Apps. Copiez ce code. <\/li> <li><b>Int\u00e9grez le plugin sur votre site Muse<\/b><br>Choisissez la zone dans laquelle vous souhaitez afficher le plugin et ajoutez-y le code copi\u00e9. Enregistrez les r\u00e9sultats. <\/li> <li><b>Vous avez termin\u00e9\u00a0! <\/b><br>Allez sur votre site pour voir votre plugin. <\/li><\/ol> <p>N&rsquo;h\u00e9sitez pas \u00e0 vous adresser \u00e0 notre service d&rsquo;assistance lorsque vous avez besoin d&rsquo;aide ou si vous avez des questions. Nous vous donnerons un coup de main pour chaque demande. <\/p><div class=\"faq\" data-component=\"FAQ\"><div class=\"faq-item\">\r\n\t\t\t\t\t<div class=\"faq-item-question\">\r\n\t\t\t\t\t\t<h3 class=\"faq-item-question-text\">Existe-t-il une option pour ajouter M\u00e9t\u00e9o \u00e0 mon site Web GoDaddy sans connaissances en codage ?<\/h3>\r\n\r\n\t\t\t\t\t\t<div class=\"faq-item-question-icon\"><\/div>\r\n\t\t\t\t\t<\/div>\r\n\r\n\t\t\t\t\t<div class=\"faq-item-answer\">\r\n\t\t\t\t\t\t<div class=\"faq-item-answer-text\"> <p>Elfsight pr\u00e9sente une solution SaaS qui vous permet de cr\u00e9er vous-m\u00eame une section M\u00e9t\u00e9o, consultez le guide simple : Travaillez dans la d\u00e9mo en direct pour cr\u00e9er une section M\u00e9t\u00e9o que vous souhaiteriez voir appara\u00eetre sur le site Web de GoDaddy. S\u00e9lectionnez l&rsquo;un des mod\u00e8les pr\u00e9d\u00e9finis et ajustez les param\u00e8tres m\u00e9t\u00e9o, incluez votre contenu, changez la mise en page et les couleurs sans aucune exp\u00e9rience de codage. Enregistrez la m\u00e9t\u00e9o et obtenez le code du plugin pour l&rsquo;installation, que vous pouvez facilement coller sur la page d&rsquo;accueil de GoDaddy sans acheter d&rsquo;abonnement payant. \u00c0 l&rsquo;aide du configurateur facile \u00e0 utiliser, tout utilisateur Web peut cr\u00e9er une section M\u00e9t\u00e9o et l&rsquo;int\u00e9grer sans effort \u00e0 la page Web GoDaddy. Il n&rsquo;est pas n\u00e9cessaire de payer ou de divulguer les informations d&rsquo;identification de votre carte pour acc\u00e9der au service Elfsight. Si vous rencontrez des obstacles de quelque nature que ce soit, n&rsquo;h\u00e9sitez pas \u00e0 contacter notre \u00e9quipe d&rsquo;assistance.<\/p> <\/div>\r\n\t\t\t\t\t<\/div>\r\n\t\t\t\t<\/div> <\/div><\/div>","protected":false},"excerpt":{"rendered":"","protected":false},"author":9,"featured_media":0,"parent":2497,"menu_order":0,"comment_status":"closed","ping_status":"closed","template":"templates\/template-application-platform.php","meta":{"publish_to_discourse":"","publish_post_category":"","wpdc_auto_publish_overridden":"","wpdc_topic_tags":"","wpdc_pin_topic":"","wpdc_pin_until":"","discourse_post_id":"","discourse_permalink":"","wpdc_publishing_response":"","wpdc_publishing_error":"","footnotes":""},"class_list":["post-11019","page","type-page","status-publish","hentry"],"yoast_head":"<!-- This site is optimized with the Yoast SEO plugin v25.3.1 - https:\/\/yoast.com\/wordpress\/plugins\/seo\/ -->\n<title>M\u00e9t\u00e9o - Ajoutez le plugin M\u00e9t\u00e9o au site Web GoDaddy\u00a0!<\/title>\n<meta name=\"description\" content=\"Ajoutez un plugin M\u00e9t\u00e9o pratique et facile \u00e0 utiliser \u00e0 votre page d&#039;accueil GoDaddy. Construisez une entreprise prosp\u00e8re avec Elfsight\u00a0!\" \/>\n<meta name=\"robots\" content=\"index, follow, max-snippet:-1, max-image-preview:large, max-video-preview:-1\" \/>\n<link rel=\"canonical\" href=\"https:\/\/elfsight.com\/fr\/weather-widget\/godaddy\/\" \/>\n<meta property=\"og:locale\" content=\"fr_FR\" \/>\n<meta property=\"og:type\" content=\"article\" \/>\n<meta property=\"og:title\" content=\"M\u00e9t\u00e9o - Ajoutez le plugin M\u00e9t\u00e9o au site Web GoDaddy\u00a0!\" \/>\n<meta property=\"og:description\" content=\"Ajoutez un plugin M\u00e9t\u00e9o pratique et facile \u00e0 utiliser \u00e0 votre page d&#039;accueil GoDaddy. Construisez une entreprise prosp\u00e8re avec Elfsight\u00a0!\" \/>\n<meta property=\"og:url\" content=\"https:\/\/elfsight.com\/fr\/weather-widget\/godaddy\/\" \/>\n<meta property=\"og:site_name\" content=\"Elfsight FR\" \/>\n<meta property=\"article:modified_time\" content=\"2025-07-10T14:11:05+00:00\" \/>\n<meta name=\"twitter:card\" content=\"summary_large_image\" \/>\n<meta name=\"twitter:label1\" content=\"Dur\u00e9e de lecture estim\u00e9e\" \/>\n\t<meta name=\"twitter:data1\" content=\"3 minutes\" \/>\n<!-- \/ Yoast SEO plugin. -->","yoast_head_json":{"title":"M\u00e9t\u00e9o - Ajoutez le plugin M\u00e9t\u00e9o au site Web GoDaddy\u00a0!","description":"Ajoutez un plugin M\u00e9t\u00e9o pratique et facile \u00e0 utiliser \u00e0 votre page d'accueil GoDaddy. Construisez une entreprise prosp\u00e8re avec Elfsight\u00a0!","robots":{"index":"index","follow":"follow","max-snippet":"max-snippet:-1","max-image-preview":"max-image-preview:large","max-video-preview":"max-video-preview:-1"},"canonical":"https:\/\/elfsight.com\/fr\/weather-widget\/godaddy\/","og_locale":"fr_FR","og_type":"article","og_title":"M\u00e9t\u00e9o - Ajoutez le plugin M\u00e9t\u00e9o au site Web GoDaddy\u00a0!","og_description":"Ajoutez un plugin M\u00e9t\u00e9o pratique et facile \u00e0 utiliser \u00e0 votre page d'accueil GoDaddy. Construisez une entreprise prosp\u00e8re avec Elfsight\u00a0!","og_url":"https:\/\/elfsight.com\/fr\/weather-widget\/godaddy\/","og_site_name":"Elfsight FR","article_modified_time":"2025-07-10T14:11:05+00:00","twitter_card":"summary_large_image","twitter_misc":{"Dur\u00e9e de lecture estim\u00e9e":"3 minutes"},"schema":{"@context":"https:\/\/schema.org","@graph":[{"@type":"WebPage","@id":"https:\/\/elfsight.com\/fr\/weather-widget\/godaddy\/","url":"https:\/\/elfsight.com\/fr\/weather-widget\/godaddy\/","name":"M\u00e9t\u00e9o - Ajoutez le plugin M\u00e9t\u00e9o au site Web GoDaddy\u00a0!","isPartOf":{"@id":"https:\/\/elfsight.com\/fr\/#website"},"datePublished":"1970-01-01T00:00:00+00:00","dateModified":"2025-07-10T14:11:05+00:00","description":"Ajoutez un plugin M\u00e9t\u00e9o pratique et facile \u00e0 utiliser \u00e0 votre page d'accueil GoDaddy. Construisez une entreprise prosp\u00e8re avec Elfsight\u00a0!","breadcrumb":{"@id":"https:\/\/elfsight.com\/fr\/weather-widget\/godaddy\/#breadcrumb"},"inLanguage":"fr-FR","potentialAction":[{"@type":"ReadAction","target":["https:\/\/elfsight.com\/fr\/weather-widget\/godaddy\/"]}]},{"@type":"BreadcrumbList","@id":"https:\/\/elfsight.com\/fr\/weather-widget\/godaddy\/#breadcrumb","itemListElement":[{"@type":"ListItem","position":1,"name":"Home","item":"https:\/\/elfsight.com\/fr\/"},{"@type":"ListItem","position":2,"name":"Weather","item":"https:\/\/elfsight.com\/fr\/weather-widget\/"},{"@type":"ListItem","position":3,"name":"Weather &#8211; GoDaddy"}]},{"@type":"WebSite","@id":"https:\/\/elfsight.com\/fr\/#website","url":"https:\/\/elfsight.com\/fr\/","name":"Elfsight FR","description":"","potentialAction":[{"@type":"SearchAction","target":{"@type":"EntryPoint","urlTemplate":"https:\/\/elfsight.com\/fr\/?s={search_term_string}"},"query-input":{"@type":"PropertyValueSpecification","valueRequired":true,"valueName":"search_term_string"}}],"inLanguage":"fr-FR"}]}},"meta_box":{"industry":"","seo_heading":"","heading":"","description":"","cta_heading":"","cta_description":"","application":"2496","h1":"Plugin M\u00e9t\u00e9o GoDaddy","h1_caption":"Affichez les informations m\u00e9t\u00e9orologiques actuelles pour n'importe quel endroit de votre site Web pour impliquer sans effort votre public local ou voyageur dans votre site Web GoDaddy.","application_category":[],"applications_title":"","applications_request_title":"","applications_request_button_text":"","hero_text":"","hero_video":"","hero_video_schema_markup":"","selling_points_title":"","selling_points_caption":"","selling_points":[],"selling_points_cta_text":"","features_title":"","features":"","ed_cta_examples_text":"","ed_cta_examples_hidden":"","ed_cta_demo_text":"","ed_cta_demo_hidden":"","why_caption":"","why_editor_title":"","why_editor_text":"","why_team_title":"","why_team_text":"","why_service_title":"","why_service_text":"","template_catalog_visible":"","template_catalog_title":"","template_catalog_text":"","template_catalog_categories_visible":"","demo_title":"Cr\u00e9ez votre plugin M\u00e9t\u00e9o","demo_caption":"Configurez votre m\u00e9t\u00e9o et ajoutez-la gratuitement \u00e0 votre site Web GoDaddy\u00a0!","default_faq_hidden":"","app_template_category":[],"platform":"370","template_public_id":"","codecanyon_url":"","codecanyon_item_id":"","codecanyon_price":"","pricing_caption":"","pricing_elfsight_apps_hide_column":"","pricing_elfsight_apps_url":"","pricing_codecanyon_price_caption":"","integration_category":[],"integration_request_title":"","integration_request_cta":"","integration_platform":"","integrations":[],"platform_category":[],"video_schema_markup":"","price":"\u00e0 partir de 0$ \/ mois","trial":"","benefits":[{"text":"Aide \u00e0 l'installation gratuite"},{"text":"Soutien exceptionnel"},{"text":"Garantie de remboursement de 14 jours"},{"text":"Mises \u00e0 jour r\u00e9guli\u00e8res"}],"button_url":"","button_target_blank":"","button_nofollow":"","attributes":[{"name":"Installations","content":"10,000 - 100,000"},{"name":"Sensible","content":"Oui"},{"name":"Navigateurs compatibles","content":"IE11, Firefox, Safari, Opera, Chrome, Edge"}],"tags":[],"tags_disable_links":"","hide_more_platforms":"","video_object":"","demo_hide_cta":"","demo_hide_cloud_options":"","pricing_title":"","pricing":[{"pricing_icon":"platform","pricing_title":"Elfsight Apps","pricing_title_caption":"Logiciel ind\u00e9pendant de la plate-forme qui convient \u00e0 n'importe quel site","pricing_price":"from $0 \/ month","pricing_price_caption":"commencez avec un forfait gratuit","pricing_benefits":[{"text":"Sites Web illimit\u00e9s"},{"text":"Assistance gratuite et ponctuelle"},{"text":"Service d'installation gratuit"},{"text":"100% personnalisable"}],"pricing_button_text":"Ajouter au site Web","pricing_button_url":"#demo"}],"related_apps_title":"","related_apps_hidden":"","author":"","image":[],"title":"","job":"","social_networks":[]},"_links":{"self":[{"href":"https:\/\/elfsight.com\/fr\/wp-json\/wp\/v2\/pages\/11019","targetHints":{"allow":["GET"]}}],"collection":[{"href":"https:\/\/elfsight.com\/fr\/wp-json\/wp\/v2\/pages"}],"about":[{"href":"https:\/\/elfsight.com\/fr\/wp-json\/wp\/v2\/types\/page"}],"author":[{"embeddable":true,"href":"https:\/\/elfsight.com\/fr\/wp-json\/wp\/v2\/users\/9"}],"replies":[{"embeddable":true,"href":"https:\/\/elfsight.com\/fr\/wp-json\/wp\/v2\/comments?post=11019"}],"version-history":[{"count":1,"href":"https:\/\/elfsight.com\/fr\/wp-json\/wp\/v2\/pages\/11019\/revisions"}],"predecessor-version":[{"id":11023,"href":"https:\/\/elfsight.com\/fr\/wp-json\/wp\/v2\/pages\/11019\/revisions\/11023"}],"up":[{"embeddable":true,"href":"https:\/\/elfsight.com\/fr\/wp-json\/wp\/v2\/pages\/2497"}],"wp:attachment":[{"href":"https:\/\/elfsight.com\/fr\/wp-json\/wp\/v2\/media?parent=11019"}],"curies":[{"name":"wp","href":"https:\/\/api.w.org\/{rel}","templated":true}]}}