{"id":11018,"date":"1970-01-01T00:00:00","date_gmt":"1970-01-01T00:00:00","guid":{"rendered":"https:\/\/elfsight.com\/fr\/?page_id=11018"},"modified":"2025-07-10T14:12:14","modified_gmt":"2025-07-10T14:12:14","slug":"prestashop","status":"publish","type":"page","link":"https:\/\/elfsight.com\/fr\/weather-widget\/prestashop\/","title":{"rendered":"Weather &#8211; PrestaShop"},"content":{"rendered":"<div class=\"application-platform-content-item-description application-platform-content-item\" id=\"description\" data-nav-section=\"description\"> <h2>Description<\/h2> <p>Elfsight Weather est un widget de site Web simple et tr\u00e8s adaptatif qui affiche la m\u00e9t\u00e9o actuelle pour un emplacement s\u00e9lectionn\u00e9. Un quartier par le titre, le code postal ou les coordonn\u00e9es. L\u2019audience du site Web v\u00e9rifiera les derni\u00e8res donn\u00e9es sur la temp\u00e9rature, la pression atmosph\u00e9rique, le pourcentage d\u2019humidit\u00e9 et les \u00e9l\u00e9ments m\u00e9t\u00e9orologiques. Vous pouvez \u00e9galement afficher des pr\u00e9visions horaires ou quotidiennes. Vous pouvez personnaliser l&rsquo;interface \u00e0 l&rsquo;aide d&rsquo;images d&rsquo;arri\u00e8re-plan sur le th\u00e8me de la m\u00e9t\u00e9o et de la fonctionnalit\u00e9 permettant d&rsquo;appliquer des couleurs personnalis\u00e9es. <\/p> <p><b>Am\u00e9liorez l&rsquo;exp\u00e9rience utilisateur en disposant d&rsquo;un widget m\u00e9t\u00e9o informatif sur votre site. <\/b><\/p> <\/div> <div class=\"application-platform-content-item-features application-platform-content-item\" id=\"features\" data-nav-section=\"features\"> <h2>D\u00e9couvrez la liste des fonctionnalit\u00e9s les plus utiles\u00a0: <\/h2> <ul><li>Affichez la m\u00e9t\u00e9o actuelle dans n&rsquo;importe quel lieu du monde<\/li><li>3 fa\u00e7ons de saisir un emplacement\u00a0: les coordonn\u00e9es, le code postal et le nom<\/li><li>Unit\u00e9s de temp\u00e9rature Fahrenheit ou Celsius<\/li><li>5 variantes du widget configuration pour afficher plus ou moins de donn\u00e9es<\/li><li>L&rsquo;option pour afficher les pr\u00e9visions quotidiennes pour la semaine \u00e0 venir avec les dates<\/li><li>Afficher la m\u00e9t\u00e9o horaire pour les 12 prochaines heures<\/li><li>Switch activer ou d\u00e9sactiver l&rsquo;animation des ic\u00f4nes<\/li><li>La possibilit\u00e9 d&rsquo;afficher une image m\u00e9t\u00e9o th\u00e9matique refl\u00e9tant les conditions actuelles<\/li><\/ul><p><a href=\"#demo\">Vous pouvez voir ce que le widget vaut la peine avec l&rsquo;aide de la d\u00e9mo<\/a><\/p> <\/div> <div class=\"application-platform-content-item-installation application-platform-content-item\" id=\"installation\" data-nav-section=\"installation\"> <h2>Comment ajouter M\u00e9t\u00e9o au site PrestaShop <\/h2> <p>Suivez simplement les instructions ci-dessous pour activer le widget. <\/p> <ol><li><b>Lancez notre d\u00e9mo gratuite et commencez \u00e0 fa\u00e7onner votre instrument sur mesure. <\/b><br> Choisissez l&rsquo;interface s\u00e9lectionn\u00e9e et les sp\u00e9cifications de l&rsquo;addon et enregistrez les corrections. <\/li> <li><b>Acqu\u00e9rez votre code unique affich\u00e9 dans le formulaire sp\u00e9cial sur Elfsight Apps. <\/b><br> Juste apr\u00e8s la cr\u00e9ation de votre module compl\u00e9mentaire personnel, copiez le code exclusif dans la fen\u00eatre qui appara\u00eet et enregistrez-le pour des occasions ult\u00e9rieures. <\/li> <li><b>Lancer l&rsquo;application de l&rsquo;outil sur la page Web PrestaShop. <\/b><br> Placez le code que vous avez enregistr\u00e9 auparavant sur votre site Web et enregistrez les ajustements. <\/li> <li><b>L&rsquo;installation est enti\u00e8rement effectu\u00e9e. <\/b><br> Acc\u00e9dez \u00e0 votre page pour voir comment l&rsquo;outil fonctionne. <\/li><\/ol> <p>En cas de probl\u00e8me, n&rsquo;h\u00e9sitez pas \u00e0 faire appel \u00e0 notre service client. Nos collaborateurs seront ravis de vous aider avec toutes les difficult\u00e9s que vous pourriez rencontrer avec l&rsquo;outil. <\/p> <div class=\"faq\" data-component=\"FAQ\"><div class=\"faq-item\">\r\n\t\t\t\t\t<div class=\"faq-item-question\">\r\n\t\t\t\t\t\t<h3 class=\"faq-item-question-text\">De quelle mani\u00e8re puis-je int\u00e9grer M\u00e9t\u00e9o \u00e0 mon PrestaShop sans aucune connaissance en codage ?<\/h3>\r\n\r\n\t\t\t\t\t\t<div class=\"faq-item-question-icon\"><\/div>\r\n\t\t\t\t\t<\/div>\r\n\r\n\t\t\t\t\t<div class=\"faq-item-answer\">\r\n\t\t\t\t\t\t<div class=\"faq-item-answer-text\"> <p>La soci\u00e9t\u00e9 Elfsight propose une solution Cloud qui permet aux utilisateurs de cr\u00e9er eux-m\u00eames une application M\u00e9t\u00e9o, de regarder la instructions simples : Acc\u00e9dez \u00e0 l&rsquo;\u00e9diteur en direct pour cr\u00e9er un plugin M\u00e9t\u00e9o que vous aimeriez voir sur votre site PrestaShop. Cliquez sur l&rsquo;un des nombreux mod\u00e8les pr\u00eats \u00e0 l&#8217;emploi et modifiez les param\u00e8tres m\u00e9t\u00e9o, modifiez la mise en page et la palette de couleurs, ajoutez votre contenu, sans aucun codage. Cliquez pour enregistrer la m\u00e9t\u00e9o et copier le code d&rsquo;installation, que vous pouvez simplement inclure gratuitement sur n&rsquo;importe quel site PrestaShop. En travaillant dans le configurateur intuitif, chaque utilisateur Web peut cr\u00e9er un widget M\u00e9t\u00e9o en ligne et le coller simplement sur son site Web PrestaShop. Vous ne devez pas payer ni divulguer les informations d&rsquo;identification de votre carte pour acc\u00e9der \u00e0 notre \u00e9diteur. Si vous rencontrez des obstacles de quelque nature que ce soit, n&rsquo;h\u00e9sitez pas \u00e0 contacter notre \u00e9quipe d&rsquo;assistance.<\/p> <\/div>\r\n\t\t\t\t\t<\/div>\r\n\t\t\t\t<\/div> <\/div><\/div>","protected":false},"excerpt":{"rendered":"","protected":false},"author":9,"featured_media":0,"parent":2497,"menu_order":0,"comment_status":"closed","ping_status":"closed","template":"templates\/template-application-platform.php","meta":{"publish_to_discourse":"","publish_post_category":"","wpdc_auto_publish_overridden":"","wpdc_topic_tags":"","wpdc_pin_topic":"","wpdc_pin_until":"","discourse_post_id":"","discourse_permalink":"","wpdc_publishing_response":"","wpdc_publishing_error":"","footnotes":""},"class_list":["post-11018","page","type-page","status-publish","hentry"],"yoast_head":"<!-- This site is optimized with the Yoast SEO plugin v25.3.1 - https:\/\/yoast.com\/wordpress\/plugins\/seo\/ -->\n<title>Ajouter le module M\u00e9t\u00e9o au site PrestaShop (gratuit et rapide)<\/title>\n<meta name=\"description\" content=\"C\u2019est absolument simple de cr\u00e9er votre module M\u00e9t\u00e9o et de le publier sur votre site PrestaShop. Le service client Elfsight est gratuit.\" \/>\n<meta name=\"robots\" content=\"index, follow, max-snippet:-1, max-image-preview:large, max-video-preview:-1\" \/>\n<link rel=\"canonical\" href=\"https:\/\/elfsight.com\/fr\/weather-widget\/prestashop\/\" \/>\n<meta property=\"og:locale\" content=\"fr_FR\" \/>\n<meta property=\"og:type\" content=\"article\" \/>\n<meta property=\"og:title\" content=\"Ajouter le module M\u00e9t\u00e9o au site PrestaShop (gratuit et rapide)\" \/>\n<meta property=\"og:description\" content=\"C\u2019est absolument simple de cr\u00e9er votre module M\u00e9t\u00e9o et de le publier sur votre site PrestaShop. Le service client Elfsight est gratuit.\" \/>\n<meta property=\"og:url\" content=\"https:\/\/elfsight.com\/fr\/weather-widget\/prestashop\/\" \/>\n<meta property=\"og:site_name\" content=\"Elfsight FR\" \/>\n<meta property=\"article:modified_time\" content=\"2025-07-10T14:12:14+00:00\" \/>\n<meta name=\"twitter:card\" content=\"summary_large_image\" \/>\n<meta name=\"twitter:label1\" content=\"Dur\u00e9e de lecture estim\u00e9e\" \/>\n\t<meta name=\"twitter:data1\" content=\"3 minutes\" \/>\n<!-- \/ Yoast SEO plugin. -->","yoast_head_json":{"title":"Ajouter le module M\u00e9t\u00e9o au site PrestaShop (gratuit et rapide)","description":"C\u2019est absolument simple de cr\u00e9er votre module M\u00e9t\u00e9o et de le publier sur votre site PrestaShop. Le service client Elfsight est gratuit.","robots":{"index":"index","follow":"follow","max-snippet":"max-snippet:-1","max-image-preview":"max-image-preview:large","max-video-preview":"max-video-preview:-1"},"canonical":"https:\/\/elfsight.com\/fr\/weather-widget\/prestashop\/","og_locale":"fr_FR","og_type":"article","og_title":"Ajouter le module M\u00e9t\u00e9o au site PrestaShop (gratuit et rapide)","og_description":"C\u2019est absolument simple de cr\u00e9er votre module M\u00e9t\u00e9o et de le publier sur votre site PrestaShop. Le service client Elfsight est gratuit.","og_url":"https:\/\/elfsight.com\/fr\/weather-widget\/prestashop\/","og_site_name":"Elfsight FR","article_modified_time":"2025-07-10T14:12:14+00:00","twitter_card":"summary_large_image","twitter_misc":{"Dur\u00e9e de lecture estim\u00e9e":"3 minutes"},"schema":{"@context":"https:\/\/schema.org","@graph":[{"@type":"WebPage","@id":"https:\/\/elfsight.com\/fr\/weather-widget\/prestashop\/","url":"https:\/\/elfsight.com\/fr\/weather-widget\/prestashop\/","name":"Ajouter le module M\u00e9t\u00e9o au site PrestaShop (gratuit et rapide)","isPartOf":{"@id":"https:\/\/elfsight.com\/fr\/#website"},"datePublished":"1970-01-01T00:00:00+00:00","dateModified":"2025-07-10T14:12:14+00:00","description":"C\u2019est absolument simple de cr\u00e9er votre module M\u00e9t\u00e9o et de le publier sur votre site PrestaShop. Le service client Elfsight est gratuit.","breadcrumb":{"@id":"https:\/\/elfsight.com\/fr\/weather-widget\/prestashop\/#breadcrumb"},"inLanguage":"fr-FR","potentialAction":[{"@type":"ReadAction","target":["https:\/\/elfsight.com\/fr\/weather-widget\/prestashop\/"]}]},{"@type":"BreadcrumbList","@id":"https:\/\/elfsight.com\/fr\/weather-widget\/prestashop\/#breadcrumb","itemListElement":[{"@type":"ListItem","position":1,"name":"Home","item":"https:\/\/elfsight.com\/fr\/"},{"@type":"ListItem","position":2,"name":"Weather","item":"https:\/\/elfsight.com\/fr\/weather-widget\/"},{"@type":"ListItem","position":3,"name":"Weather &#8211; PrestaShop"}]},{"@type":"WebSite","@id":"https:\/\/elfsight.com\/fr\/#website","url":"https:\/\/elfsight.com\/fr\/","name":"Elfsight FR","description":"","potentialAction":[{"@type":"SearchAction","target":{"@type":"EntryPoint","urlTemplate":"https:\/\/elfsight.com\/fr\/?s={search_term_string}"},"query-input":{"@type":"PropertyValueSpecification","valueRequired":true,"valueName":"search_term_string"}}],"inLanguage":"fr-FR"}]}},"meta_box":{"industry":"","seo_heading":"","heading":"","description":"","cta_heading":"","cta_description":"","application":"2496","h1":"Module m\u00e9t\u00e9o PrestaShop","h1_caption":"Affichez les informations m\u00e9t\u00e9orologiques actuelles pour n'importe quel endroit de votre site Web pour impliquer sans effort votre public local ou voyageur dans votre site Web Prestashop.","application_category":[],"applications_title":"","applications_request_title":"","applications_request_button_text":"","hero_text":"","hero_video":"","hero_video_schema_markup":"","selling_points_title":"","selling_points_caption":"","selling_points":[],"selling_points_cta_text":"","features_title":"","features":"","ed_cta_examples_text":"","ed_cta_examples_hidden":"","ed_cta_demo_text":"","ed_cta_demo_hidden":"","why_caption":"","why_editor_title":"","why_editor_text":"","why_team_title":"","why_team_text":"","why_service_title":"","why_service_text":"","template_catalog_visible":"","template_catalog_title":"","template_catalog_text":"","template_catalog_categories_visible":"","demo_title":"Cr\u00e9ez votre module M\u00e9t\u00e9o","demo_caption":"Configurez votre M\u00e9t\u00e9o et ajoutez-la \u00e0 votre site PrestaShop gratuitement !","default_faq_hidden":"","app_template_category":[],"platform":"3190","template_public_id":"","codecanyon_url":"","codecanyon_item_id":"","codecanyon_price":"","pricing_caption":"","pricing_elfsight_apps_hide_column":"","pricing_elfsight_apps_url":"","pricing_codecanyon_price_caption":"","integration_category":[],"integration_request_title":"","integration_request_cta":"","integration_platform":"","integrations":[],"platform_category":[],"video_schema_markup":"","price":"\u00e0 partir de 0$ \/ mois","trial":"","benefits":[{"text":"Aide \u00e0 l'installation gratuite"},{"text":"Assistance premium"},{"text":"Garantie de remboursement de 14 jours"},{"text":"D\u00e9veloppement continu"}],"button_url":"","button_target_blank":"","button_nofollow":"","attributes":[{"name":"Installations","content":"10,000 - 100,000"},{"name":"Sensible","content":"Oui"},{"name":"Navigateurs compatibles","content":"Firefox, Safari, Opera, Chrome, Edge"}],"tags":[],"tags_disable_links":"","hide_more_platforms":"","video_object":"","demo_hide_cta":"","demo_hide_cloud_options":"","pricing_title":"","pricing":[{"pricing_icon":"platform","pricing_title":"Elfsight Apps","pricing_title_caption":"Solution num\u00e9rique ind\u00e9pendante de la plateforme","pricing_price":"from $0 \/ month","pricing_price_caption":"commencez avec un forfait gratuit","pricing_benefits":[{"text":"Sites Web illimit\u00e9s"},{"text":"Accompagnement d\u00e9di\u00e9 de l'entreprise"},{"text":"Assistance \u00e0 l'installation gratuite"},{"text":"Conception flexible"}],"pricing_button_text":"Ajouter au site Web","pricing_button_url":"#demo"}],"related_apps_title":"","related_apps_hidden":"","author":"","image":[],"title":"","job":"","social_networks":[]},"_links":{"self":[{"href":"https:\/\/elfsight.com\/fr\/wp-json\/wp\/v2\/pages\/11018","targetHints":{"allow":["GET"]}}],"collection":[{"href":"https:\/\/elfsight.com\/fr\/wp-json\/wp\/v2\/pages"}],"about":[{"href":"https:\/\/elfsight.com\/fr\/wp-json\/wp\/v2\/types\/page"}],"author":[{"embeddable":true,"href":"https:\/\/elfsight.com\/fr\/wp-json\/wp\/v2\/users\/9"}],"replies":[{"embeddable":true,"href":"https:\/\/elfsight.com\/fr\/wp-json\/wp\/v2\/comments?post=11018"}],"version-history":[{"count":1,"href":"https:\/\/elfsight.com\/fr\/wp-json\/wp\/v2\/pages\/11018\/revisions"}],"predecessor-version":[{"id":11022,"href":"https:\/\/elfsight.com\/fr\/wp-json\/wp\/v2\/pages\/11018\/revisions\/11022"}],"up":[{"embeddable":true,"href":"https:\/\/elfsight.com\/fr\/wp-json\/wp\/v2\/pages\/2497"}],"wp:attachment":[{"href":"https:\/\/elfsight.com\/fr\/wp-json\/wp\/v2\/media?parent=11018"}],"curies":[{"name":"wp","href":"https:\/\/api.w.org\/{rel}","templated":true}]}}