{"id":11013,"date":"1970-01-01T00:00:00","date_gmt":"1970-01-01T00:00:00","guid":{"rendered":"https:\/\/elfsight.com\/fr\/?page_id=11013"},"modified":"2025-07-10T14:11:34","modified_gmt":"2025-07-10T14:11:34","slug":"jimdo","status":"publish","type":"page","link":"https:\/\/elfsight.com\/fr\/weather-widget\/jimdo\/","title":{"rendered":"Weather &#8211; Jimdo"},"content":{"rendered":"<div class=\"application-platform-content-item-description application-platform-content-item\" id=\"description\" data-nav-section=\"description\"><h2>Description<\/h2> <p>Elfsight Weather est un plugin de site Web utile et facilement adaptable pour fournir \u00e0 vos utilisateurs des informations m\u00e9t\u00e9orologiques \u00e0 jour. pour n&rsquo;importe quel point de la carte. Un lieu par le titre, le code postal ou les coordonn\u00e9es. Les visiteurs du site Web pourront v\u00e9rifier les donn\u00e9es mises \u00e0 jour sur la temp\u00e9rature, la pression, l&rsquo;humidit\u00e9 et les \u00e9l\u00e9ments m\u00e9t\u00e9orologiques. Vous pouvez \u00e9galement afficher des pr\u00e9visions horaires ou quotidiennes. Vous pouvez personnaliser l&rsquo;interface \u00e0 l&rsquo;aide d&rsquo;images d&rsquo;arri\u00e8re-plan sur le th\u00e8me de la m\u00e9t\u00e9o et de la possibilit\u00e9 d&rsquo;appliquer des couleurs personnalis\u00e9es. <\/p> <p><b>Augmentez les ventes de produits saisonniers en affichant des pr\u00e9visions m\u00e9t\u00e9orologiques pr\u00e9cises sur votre site\u00a0Web\u00a0! <\/b><\/p> <\/div> <div class=\"application-platform-content-item-features application-platform-content-item\" id=\"features\" data-nav-section=\"features\"> <h2>Nous proposons des fonctionnalit\u00e9s pratiques et simples, v\u00e9rifiez-en quelques-unes\u00a0: <\/h2> <ul><li>Affichez la m\u00e9t\u00e9o actuelle dans n&rsquo;importe o\u00f9 dans le monde<\/li><li>Trois fa\u00e7ons de saisir un emplacement\u00a0: le nom, le code postal et les coordonn\u00e9es<\/li><li>Unit\u00e9s de temp\u00e9rature Fahrenheit ou Celsius<\/li><li>5 variantes du configuration du widget pour afficher plus ou moins de donn\u00e9es<\/li><li>L&rsquo;option pour afficher les pr\u00e9visions quotidiennes pour la semaine \u00e0 venir avec les dates<\/li><li>Afficher la m\u00e9t\u00e9o horaire pour les douze prochaines heures<\/li><li> Activer ou d\u00e9sactiver l&rsquo;animation des ic\u00f4nes<\/li><li>La possibilit\u00e9 d&rsquo;afficher une image m\u00e9t\u00e9o th\u00e9matique refl\u00e9tant les conditions actuelles<\/li><\/ul><p><a href=\"#demo\">Essayez simplement cette d\u00e9mo pour voir ce que vaut le widget<\/a><\/p> <\/div> <div class=\"application-platform-content-item-installation application-platform-content-item\" id=\"installation\" data-nav-section=\"installation\"> <h2>Comment int\u00e9grer M\u00e9t\u00e9o sur mon site Jimdo ? <\/h2> <p>Appliquez simplement les instructions ci-dessous pour ajouter le widget. <\/p> <ol><li><b>Ex\u00e9cutez notre configurateur gratuit et commencez \u00e0 construire votre instrument personnalis\u00e9. <\/b><br> Choisissez la forme et les param\u00e8tres appropri\u00e9s du widget et enregistrez les modifications. <\/li> <li><b>Acqu\u00e9rez votre code unique qui appara\u00eet dans la bo\u00eete sur les applications Elfsight. <\/b><br> Une fois la configuration de votre widget termin\u00e9e, copiez le code personnel dans la fen\u00eatre contextuelle et conservez-le pour d&rsquo;autres besoins. <\/li> <li><b>Entrez en utilisant le widget sur votre site Jimdo. <\/b><br> Ajoutez le code que vous avez enregistr\u00e9 r\u00e9cemment dans votre page et appliquez les modifications. <\/li> <li><b>Fait\u00a0! L&rsquo;int\u00e9gration est enti\u00e8rement r\u00e9alis\u00e9e. <\/b><br> Visitez votre site pour v\u00e9rifier le fonctionnement du widget. <\/li><\/ol> <p>Si vous rencontrez des complications, veuillez vous adresser \u00e0 notre service client. Nos collaborateurs ont h\u00e2te de vous aider \u00e0 r\u00e9soudre tous les probl\u00e8mes que vous pourriez rencontrer avec l&rsquo;outil. <\/p> <div class=\"faq\" data-component=\"FAQ\"><div class=\"faq-item\">\r\n\t\t\t\t\t<div class=\"faq-item-question\">\r\n\t\t\t\t\t\t<h3 class=\"faq-item-question-text\">Comment puis-je ajouter M\u00e9t\u00e9o \u00e0 mon site Jimdo sans aucune comp\u00e9tence en codage ?<\/h3>\r\n\r\n\t\t\t\t\t\t<div class=\"faq-item-question-icon\"><\/div>\r\n\t\t\t\t\t<\/div>\r\n\r\n\t\t\t\t\t<div class=\"faq-item-answer\">\r\n\t\t\t\t\t\t<div class=\"faq-item-answer-text\"> <p>La soci\u00e9t\u00e9 Elfsight propose une solution qui vous permet de cr\u00e9er vous-m\u00eame un plugin M\u00e9t\u00e9o, d\u00e9couvrez \u00e0 quel point c&rsquo;est simple : Commencez \u00e0 travailler directement dans l&rsquo;\u00e9diteur en direct pour cr\u00e9er un widget M\u00e9t\u00e9o que vous souhaiteriez inclure sur Jimdo. Choisissez l&rsquo;un de nos mod\u00e8les pr\u00eats \u00e0 l&#8217;emploi et modifiez les param\u00e8tres m\u00e9t\u00e9o, modifiez la mise en page et la palette de couleurs, ajoutez votre contenu, sans aucune exp\u00e9rience de codage. Cliquez pour enregistrer les param\u00e8tres que vous avez d\u00e9finis dans M\u00e9t\u00e9o et copiez le code d&rsquo;installation, que vous pouvez int\u00e9grer dans la page Web Jimdo sans avoir besoin d&rsquo;acheter un abonnement payant. Gr\u00e2ce \u00e0 notre configurateur facile \u00e0 utiliser, chaque internaute peut cr\u00e9er une application m\u00e9t\u00e9o en ligne et l&rsquo;int\u00e9grer sans effort \u00e0 n&rsquo;importe quelle page d&rsquo;accueil Jimdo. Il n&rsquo;est pas n\u00e9cessaire de payer ni de saisir les donn\u00e9es de votre carte pour acc\u00e9der \u00e0 notre \u00e9diteur. Si vous rencontrez des probl\u00e8mes de quelque nature que ce soit, n&rsquo;h\u00e9sitez pas \u00e0 parler \u00e0 notre support technique client.<\/p> <\/div>\r\n\t\t\t\t\t<\/div>\r\n\t\t\t\t<\/div> <\/div><\/div>","protected":false},"excerpt":{"rendered":"","protected":false},"author":9,"featured_media":0,"parent":2497,"menu_order":0,"comment_status":"closed","ping_status":"closed","template":"templates\/template-application-platform.php","meta":{"publish_to_discourse":"","publish_post_category":"","wpdc_auto_publish_overridden":"","wpdc_topic_tags":"","wpdc_pin_topic":"","wpdc_pin_until":"","discourse_post_id":"","discourse_permalink":"","wpdc_publishing_response":"","wpdc_publishing_error":"","footnotes":""},"class_list":["post-11013","page","type-page","status-publish","hentry"],"yoast_head":"<!-- This site is optimized with the Yoast SEO plugin v25.3.1 - https:\/\/yoast.com\/wordpress\/plugins\/seo\/ -->\n<title>Ajouter un widget M\u00e9t\u00e9o au site Jimdo (gratuit et rapide)<\/title>\n<meta name=\"description\" content=\"C\u2019est absolument simple de cr\u00e9er votre widget M\u00e9t\u00e9o et de le publier sur votre site Jimdo. Le service client Elfsight est gratuit.\" \/>\n<meta name=\"robots\" content=\"index, follow, max-snippet:-1, max-image-preview:large, max-video-preview:-1\" \/>\n<link rel=\"canonical\" href=\"https:\/\/elfsight.com\/fr\/weather-widget\/jimdo\/\" \/>\n<meta property=\"og:locale\" content=\"fr_FR\" \/>\n<meta property=\"og:type\" content=\"article\" \/>\n<meta property=\"og:title\" content=\"Ajouter un widget M\u00e9t\u00e9o au site Jimdo (gratuit et rapide)\" \/>\n<meta property=\"og:description\" content=\"C\u2019est absolument simple de cr\u00e9er votre widget M\u00e9t\u00e9o et de le publier sur votre site Jimdo. Le service client Elfsight est gratuit.\" \/>\n<meta property=\"og:url\" content=\"https:\/\/elfsight.com\/fr\/weather-widget\/jimdo\/\" \/>\n<meta property=\"og:site_name\" content=\"Elfsight FR\" \/>\n<meta property=\"article:modified_time\" content=\"2025-07-10T14:11:34+00:00\" \/>\n<meta name=\"twitter:card\" content=\"summary_large_image\" \/>\n<meta name=\"twitter:label1\" content=\"Dur\u00e9e de lecture estim\u00e9e\" \/>\n\t<meta name=\"twitter:data1\" content=\"3 minutes\" \/>\n<!-- \/ Yoast SEO plugin. -->","yoast_head_json":{"title":"Ajouter un widget M\u00e9t\u00e9o au site Jimdo (gratuit et rapide)","description":"C\u2019est absolument simple de cr\u00e9er votre widget M\u00e9t\u00e9o et de le publier sur votre site Jimdo. Le service client Elfsight est gratuit.","robots":{"index":"index","follow":"follow","max-snippet":"max-snippet:-1","max-image-preview":"max-image-preview:large","max-video-preview":"max-video-preview:-1"},"canonical":"https:\/\/elfsight.com\/fr\/weather-widget\/jimdo\/","og_locale":"fr_FR","og_type":"article","og_title":"Ajouter un widget M\u00e9t\u00e9o au site Jimdo (gratuit et rapide)","og_description":"C\u2019est absolument simple de cr\u00e9er votre widget M\u00e9t\u00e9o et de le publier sur votre site Jimdo. Le service client Elfsight est gratuit.","og_url":"https:\/\/elfsight.com\/fr\/weather-widget\/jimdo\/","og_site_name":"Elfsight FR","article_modified_time":"2025-07-10T14:11:34+00:00","twitter_card":"summary_large_image","twitter_misc":{"Dur\u00e9e de lecture estim\u00e9e":"3 minutes"},"schema":{"@context":"https:\/\/schema.org","@graph":[{"@type":"WebPage","@id":"https:\/\/elfsight.com\/fr\/weather-widget\/jimdo\/","url":"https:\/\/elfsight.com\/fr\/weather-widget\/jimdo\/","name":"Ajouter un widget M\u00e9t\u00e9o au site Jimdo (gratuit et rapide)","isPartOf":{"@id":"https:\/\/elfsight.com\/fr\/#website"},"datePublished":"1970-01-01T00:00:00+00:00","dateModified":"2025-07-10T14:11:34+00:00","description":"C\u2019est absolument simple de cr\u00e9er votre widget M\u00e9t\u00e9o et de le publier sur votre site Jimdo. Le service client Elfsight est gratuit.","breadcrumb":{"@id":"https:\/\/elfsight.com\/fr\/weather-widget\/jimdo\/#breadcrumb"},"inLanguage":"fr-FR","potentialAction":[{"@type":"ReadAction","target":["https:\/\/elfsight.com\/fr\/weather-widget\/jimdo\/"]}]},{"@type":"BreadcrumbList","@id":"https:\/\/elfsight.com\/fr\/weather-widget\/jimdo\/#breadcrumb","itemListElement":[{"@type":"ListItem","position":1,"name":"Home","item":"https:\/\/elfsight.com\/fr\/"},{"@type":"ListItem","position":2,"name":"Weather","item":"https:\/\/elfsight.com\/fr\/weather-widget\/"},{"@type":"ListItem","position":3,"name":"Weather &#8211; Jimdo"}]},{"@type":"WebSite","@id":"https:\/\/elfsight.com\/fr\/#website","url":"https:\/\/elfsight.com\/fr\/","name":"Elfsight FR","description":"","potentialAction":[{"@type":"SearchAction","target":{"@type":"EntryPoint","urlTemplate":"https:\/\/elfsight.com\/fr\/?s={search_term_string}"},"query-input":{"@type":"PropertyValueSpecification","valueRequired":true,"valueName":"search_term_string"}}],"inLanguage":"fr-FR"}]}},"meta_box":{"industry":"","seo_heading":"","heading":"","description":"","cta_heading":"","cta_description":"","application":"2496","h1":"Widget M\u00e9t\u00e9o Jimdo","h1_caption":"Affichez les informations m\u00e9t\u00e9orologiques actuelles pour n'importe quel endroit de votre site Web afin d'impliquer facilement votre public local ou voyageur dans votre site Web Jimdo.","application_category":[],"applications_title":"","applications_request_title":"","applications_request_button_text":"","hero_text":"","hero_video":"","hero_video_schema_markup":"","selling_points_title":"","selling_points_caption":"","selling_points":[],"selling_points_cta_text":"","features_title":"","features":"","ed_cta_examples_text":"","ed_cta_examples_hidden":"","ed_cta_demo_text":"","ed_cta_demo_hidden":"","why_caption":"","why_editor_title":"","why_editor_text":"","why_team_title":"","why_team_text":"","why_service_title":"","why_service_text":"","template_catalog_visible":"","template_catalog_title":"","template_catalog_text":"","template_catalog_categories_visible":"","demo_title":"Cr\u00e9ez votre widget M\u00e9t\u00e9o","demo_caption":"Configurez votre M\u00e9t\u00e9o et ajoutez-la gratuitement \u00e0 votre site Jimdo !","default_faq_hidden":"","app_template_category":[],"platform":"372","template_public_id":"","codecanyon_url":"","codecanyon_item_id":"","codecanyon_price":"","pricing_caption":"","pricing_elfsight_apps_hide_column":"","pricing_elfsight_apps_url":"","pricing_codecanyon_price_caption":"","integration_category":[],"integration_request_title":"","integration_request_cta":"","integration_platform":"","integrations":[],"platform_category":[],"video_schema_markup":"","price":"\u00e0 partir de 0$ \/ mois","trial":"","benefits":[{"text":"Aide \u00e0 l'installation gratuite"},{"text":"Assistance premium"},{"text":"Garantie de remboursement de 14 jours"},{"text":"Mises \u00e0 jour gratuites \u00e0 vie"}],"button_url":"","button_target_blank":"","button_nofollow":"","attributes":[{"name":"Installations","content":"10,000 - 100,000"},{"name":"Sensible","content":"Id\u00e9al pour les mobiles"},{"name":"Navigateurs compatibles","content":"Firefox, Safari, Opera, Chrome, Edge"}],"tags":[],"tags_disable_links":"","hide_more_platforms":"","video_object":"","demo_hide_cta":"","demo_hide_cloud_options":"","pricing_title":"","pricing":[{"pricing_icon":"platform","pricing_title":"Elfsight Apps","pricing_title_caption":"Solution multiplateforme qui fonctionne sur n'importe quel site","pricing_price":"from $0 \/ month","pricing_price_caption":"commencez avec un forfait gratuit","pricing_benefits":[{"text":"Domaines illimit\u00e9s"},{"text":"Support client professionnel"},{"text":"Assistance \u00e0 l'installation gratuite"},{"text":"Totalement personnalisable"}],"pricing_button_text":"Ajouter au site Web","pricing_button_url":"#demo"}],"related_apps_title":"","related_apps_hidden":"","author":"","image":[],"title":"","job":"","social_networks":[]},"_links":{"self":[{"href":"https:\/\/elfsight.com\/fr\/wp-json\/wp\/v2\/pages\/11013","targetHints":{"allow":["GET"]}}],"collection":[{"href":"https:\/\/elfsight.com\/fr\/wp-json\/wp\/v2\/pages"}],"about":[{"href":"https:\/\/elfsight.com\/fr\/wp-json\/wp\/v2\/types\/page"}],"author":[{"embeddable":true,"href":"https:\/\/elfsight.com\/fr\/wp-json\/wp\/v2\/users\/9"}],"replies":[{"embeddable":true,"href":"https:\/\/elfsight.com\/fr\/wp-json\/wp\/v2\/comments?post=11013"}],"version-history":[{"count":1,"href":"https:\/\/elfsight.com\/fr\/wp-json\/wp\/v2\/pages\/11013\/revisions"}],"predecessor-version":[{"id":11017,"href":"https:\/\/elfsight.com\/fr\/wp-json\/wp\/v2\/pages\/11013\/revisions\/11017"}],"up":[{"embeddable":true,"href":"https:\/\/elfsight.com\/fr\/wp-json\/wp\/v2\/pages\/2497"}],"wp:attachment":[{"href":"https:\/\/elfsight.com\/fr\/wp-json\/wp\/v2\/media?parent=11013"}],"curies":[{"name":"wp","href":"https:\/\/api.w.org\/{rel}","templated":true}]}}