{"id":11010,"date":"1970-01-01T00:00:00","date_gmt":"1970-01-01T00:00:00","guid":{"rendered":"https:\/\/elfsight.com\/fr\/?page_id=11010"},"modified":"2025-07-10T14:07:30","modified_gmt":"2025-07-10T14:07:30","slug":"blogger","status":"publish","type":"page","link":"https:\/\/elfsight.com\/fr\/visitor-counter-widget\/blogger\/","title":{"rendered":"Visitor Counter  &#8211; Blogger"},"content":{"rendered":"<div class=\"application-platform-content-item-description application-platform-content-item\" id=\"description\" data-nav-section=\"description\"> <h2>Description<\/h2> <p> Visitor Counter for Blogger est un simple widget qui vous permet de v\u00e9rifier votre nombre de visiteurs et le plus pages populaires consult\u00e9es dans un intervalle de temps exact. Les statistiques de base sont d\u00e9sormais faciles \u00e0 v\u00e9rifier sans faire appel \u00e0 des sp\u00e9cialistes suppl\u00e9mentaires. Si vous en avez besoin, pr\u00e9sentez le widget directement sur votre site Web et assurez-vous aupr\u00e8s des utilisateurs que vous \u00eates une entreprise respectable. Gr\u00e2ce \u00e0 nos opportunit\u00e9s \u00e9l\u00e9gantes adapt\u00e9es aux utilisateurs et \u00e0 nos mises en page pratiques, vous pouvez ajouter le widget \u00e0 votre page en quelques secondes seulement. <\/p> <p><b>Essayez d&rsquo;appliquer Use Visitor Counter pour planifier votre strat\u00e9gie de commerce \u00e9lectronique afin d&rsquo;atteindre vos objectifs plus efficacement\u00a0! <\/b><\/p><\/div> <div class=\"application-platform-content-item-features application-platform-content-item\" id=\"features\" data-nav-section=\"features\"><h2>Consultez la liste des meilleures fonctionnalit\u00e9s\u00a0: <\/h2> <ul><li>Facile \u00e0 g\u00e9rer sans connaissances sp\u00e9cifiques en SEO et codage requis<\/li><li>Une grande vari\u00e9t\u00e9 de p\u00e9riodes de temps pour compter vos m\u00e9triques<\/li><li> Des mises en page pratiques pour former toutes les informations de mani\u00e8re pratique <\/li><li>Couleur claire, fonc\u00e9e et personnalisable sch\u00e9mas pour ajuster l&rsquo;outil <\/li><li> Choisissez la taille et le poids de la police <\/li><li> Facile \u00e0 ajouter sur le site Web, m\u00eame pour les utilisateurs non techniques <\/li><\/ul><p><a href=\"#demo\">Testez toutes les fonctionnalit\u00e9s de personnalisation dans une d\u00e9mo compl\u00e8te<\/a><\/p> <\/div> <div class=\"application-platform-content-item-installation application-platform-content-item\" id=\"installation\" data-nav-section=\"installation\"> <h2>Comment ajouter un compteur de visiteurs sur mon site Web Blogger\u00a0? <\/h2> <div class=\"video-container\"><iframe width=\"720\" height=\"405\" src=\"https:\/\/www.youtube.com\/embed\/08Dl5-sSn44\" frameborder=\"0\" allowfullscreen=\"\"><\/iframe><\/div><p>Appliquez simplement les instructions ci-dessous pour commencer \u00e0 utiliser le plugin\u00a0: <\/p> <ol><li><b>Ouvrez notre d\u00e9mo gratuite Hit Counter et commencez \u00e0 cr\u00e9er en ligne Widget de compteur de visiteurs pour votre site. <\/b><br> Personnalisez l&rsquo;interface et les fonctionnalit\u00e9s du widget et appliquez les modifications. <\/li> <li><b>Obtenez le code unique r\u00e9v\u00e9l\u00e9 dans la bo\u00eete sur Elfsight Apps. <\/b><br> Une fois la personnalisation de votre outil termin\u00e9e, copiez le code individuel dans la case qui appara\u00eet et conservez-le pour d&rsquo;autres besoins. <\/li> <li><b>Commencez l&rsquo;application du widget sur votre page Web Blogger. <\/b><br> Placez le code enregistr\u00e9 pr\u00e9c\u00e9demment dans votre page Web et enregistrez les ajustements. <\/li> <li><b>Vous avez termin\u00e9\u00a0! L&rsquo;int\u00e9gration est effectu\u00e9e avec succ\u00e8s. <\/b><br> Acc\u00e9dez \u00e0 votre page Web pour voir comment fonctionne le widget. <\/li><\/ol> <p>Si vous faites face \u00e0 des demandes de renseignements ou rencontrez des difficult\u00e9s, n&rsquo;h\u00e9sitez pas \u00e0 faire appel \u00e0 notre \u00e9quipe d&rsquo;assistance. Nos consultants ont h\u00e2te de vous aider avec tous les probl\u00e8mes que vous pourriez rencontrer avec le widget. <\/p> <div class=\"faq\" data-component=\"FAQ\"><div class=\"faq-item\">\r\n\t\t\t\t\t<div class=\"faq-item-question\">\r\n\t\t\t\t\t\t<h3 class=\"faq-item-question-text\">De quelle mani\u00e8re est-il possible d'ajouter un compteur de visiteurs \u00e0 mon site Blogger sans aucune connaissance en codage ?<\/h3>\r\n\r\n\t\t\t\t\t\t<div class=\"faq-item-question-icon\"><\/div>\r\n\t\t\t\t\t<\/div>\r\n\r\n\t\t\t\t\t<div class=\"faq-item-answer\">\r\n\t\t\t\t\t\t<div class=\"faq-item-answer-text\"> <p>Elfsight fournit une solution qui vous permet de cr\u00e9er vous-m\u00eame un widget de compteur de visiteurs, voyez \u00e0 quel point c&rsquo;est simple\u00a0: commencez \u00e0 travailler directement dans la d\u00e9mo en ligne pour cr\u00e9er un plugin Visitor Counter que vous aimeriez voir sur votre site Blogger. Cliquez sur l&rsquo;un des mod\u00e8les pr\u00e9d\u00e9finis et adaptez les param\u00e8tres du compteur de visiteurs, modifiez la disposition et la couleur des \u00e9l\u00e9ments, y compris votre contenu, sans aucune exp\u00e9rience de codage. Enregistrez les param\u00e8tres que vous avez d\u00e9finis dans Visitor Counter et obtenez le code d&rsquo;installation, que vous pouvez facilement int\u00e9grer dans la page Web Blogger sans acheter d&rsquo;abonnement payant. Gr\u00e2ce \u00e0 l&rsquo;\u00e9diteur facile \u00e0 utiliser, chaque utilisateur Web peut cr\u00e9er une application Visitor Counter en ligne et l&rsquo;int\u00e9grer facilement \u00e0 sa page Web Blogger. Il n&rsquo;est pas n\u00e9cessaire de payer ou de soumettre les donn\u00e9es de votre carte pour acc\u00e9der \u00e0 Elfsight Editor. Si vous rencontrez des probl\u00e8mes \u00e0 un moment donn\u00e9, n&rsquo;h\u00e9sitez pas \u00e0 contacter notre \u00e9quipe d&rsquo;assistance.<\/p> <\/div>\r\n\t\t\t\t\t<\/div>\r\n\t\t\t\t<\/div> <\/div><\/div>","protected":false},"excerpt":{"rendered":"","protected":false},"author":9,"featured_media":0,"parent":2560,"menu_order":0,"comment_status":"closed","ping_status":"closed","template":"templates\/template-application-platform.php","meta":{"publish_to_discourse":"","publish_post_category":"","wpdc_auto_publish_overridden":"","wpdc_topic_tags":"","wpdc_pin_topic":"","wpdc_pin_until":"","discourse_post_id":"","discourse_permalink":"","wpdc_publishing_response":"","wpdc_publishing_error":"","footnotes":""},"class_list":["post-11010","page","type-page","status-publish","hentry"],"yoast_head":"<!-- This site is optimized with the Yoast SEO plugin v25.3.1 - https:\/\/yoast.com\/wordpress\/plugins\/seo\/ -->\n<title>Ajoutez le meilleur compteur de visiteurs au site Web Blogger (rapide et gratuit)<\/title>\n<meta name=\"description\" content=\"Il est parfaitement simple de cr\u00e9er votre meilleur widget Compteur de visiteurs et de l\u2019ajouter au site Web. D\u00e9marrez votre propre site View Counter pour Blogger d\u00e8s maintenant\u00a0!\" \/>\n<meta name=\"robots\" content=\"index, follow, max-snippet:-1, max-image-preview:large, max-video-preview:-1\" \/>\n<link rel=\"canonical\" href=\"https:\/\/elfsight.com\/fr\/visitor-counter-widget\/blogger\/\" \/>\n<meta property=\"og:locale\" content=\"fr_FR\" \/>\n<meta property=\"og:type\" content=\"article\" \/>\n<meta property=\"og:title\" content=\"Ajoutez le meilleur compteur de visiteurs au site Web Blogger (rapide et gratuit)\" \/>\n<meta property=\"og:description\" content=\"Il est parfaitement simple de cr\u00e9er votre meilleur widget Compteur de visiteurs et de l\u2019ajouter au site Web. D\u00e9marrez votre propre site View Counter pour Blogger d\u00e8s maintenant\u00a0!\" \/>\n<meta property=\"og:url\" content=\"https:\/\/elfsight.com\/fr\/visitor-counter-widget\/blogger\/\" \/>\n<meta property=\"og:site_name\" content=\"Elfsight FR\" \/>\n<meta property=\"article:modified_time\" content=\"2025-07-10T14:07:30+00:00\" \/>\n<meta name=\"twitter:card\" content=\"summary_large_image\" \/>\n<meta name=\"twitter:label1\" content=\"Dur\u00e9e de lecture estim\u00e9e\" \/>\n\t<meta name=\"twitter:data1\" content=\"3 minutes\" \/>\n<!-- \/ Yoast SEO plugin. -->","yoast_head_json":{"title":"Ajoutez le meilleur compteur de visiteurs au site Web Blogger (rapide et gratuit)","description":"Il est parfaitement simple de cr\u00e9er votre meilleur widget Compteur de visiteurs et de l\u2019ajouter au site Web. D\u00e9marrez votre propre site View Counter pour Blogger d\u00e8s maintenant\u00a0!","robots":{"index":"index","follow":"follow","max-snippet":"max-snippet:-1","max-image-preview":"max-image-preview:large","max-video-preview":"max-video-preview:-1"},"canonical":"https:\/\/elfsight.com\/fr\/visitor-counter-widget\/blogger\/","og_locale":"fr_FR","og_type":"article","og_title":"Ajoutez le meilleur compteur de visiteurs au site Web Blogger (rapide et gratuit)","og_description":"Il est parfaitement simple de cr\u00e9er votre meilleur widget Compteur de visiteurs et de l\u2019ajouter au site Web. D\u00e9marrez votre propre site View Counter pour Blogger d\u00e8s maintenant\u00a0!","og_url":"https:\/\/elfsight.com\/fr\/visitor-counter-widget\/blogger\/","og_site_name":"Elfsight FR","article_modified_time":"2025-07-10T14:07:30+00:00","twitter_card":"summary_large_image","twitter_misc":{"Dur\u00e9e de lecture estim\u00e9e":"3 minutes"},"schema":{"@context":"https:\/\/schema.org","@graph":[{"@type":"WebPage","@id":"https:\/\/elfsight.com\/fr\/visitor-counter-widget\/blogger\/","url":"https:\/\/elfsight.com\/fr\/visitor-counter-widget\/blogger\/","name":"Ajoutez le meilleur compteur de visiteurs au site Web Blogger (rapide et gratuit)","isPartOf":{"@id":"https:\/\/elfsight.com\/fr\/#website"},"datePublished":"1970-01-01T00:00:00+00:00","dateModified":"2025-07-10T14:07:30+00:00","description":"Il est parfaitement simple de cr\u00e9er votre meilleur widget Compteur de visiteurs et de l\u2019ajouter au site Web. D\u00e9marrez votre propre site View Counter pour Blogger d\u00e8s maintenant\u00a0!","breadcrumb":{"@id":"https:\/\/elfsight.com\/fr\/visitor-counter-widget\/blogger\/#breadcrumb"},"inLanguage":"fr-FR","potentialAction":[{"@type":"ReadAction","target":["https:\/\/elfsight.com\/fr\/visitor-counter-widget\/blogger\/"]}]},{"@type":"BreadcrumbList","@id":"https:\/\/elfsight.com\/fr\/visitor-counter-widget\/blogger\/#breadcrumb","itemListElement":[{"@type":"ListItem","position":1,"name":"Home","item":"https:\/\/elfsight.com\/fr\/"},{"@type":"ListItem","position":2,"name":"Visitor Counter","item":"https:\/\/elfsight.com\/fr\/visitor-counter-widget\/"},{"@type":"ListItem","position":3,"name":"Visitor Counter &#8211; Blogger"}]},{"@type":"WebSite","@id":"https:\/\/elfsight.com\/fr\/#website","url":"https:\/\/elfsight.com\/fr\/","name":"Elfsight FR","description":"","potentialAction":[{"@type":"SearchAction","target":{"@type":"EntryPoint","urlTemplate":"https:\/\/elfsight.com\/fr\/?s={search_term_string}"},"query-input":{"@type":"PropertyValueSpecification","valueRequired":true,"valueName":"search_term_string"}}],"inLanguage":"fr-FR"}]}},"meta_box":{"industry":"","seo_heading":"","heading":"","description":"","cta_heading":"","cta_description":"","application":"2559","h1":"Widget du compteur de visiteurs Blogger","h1_caption":"V\u00e9rifiez les statistiques de votre site et votre strat\u00e9gie commerciale de niveau sup\u00e9rieur","application_category":[],"applications_title":"","applications_request_title":"","applications_request_button_text":"","hero_text":"","hero_video":"","hero_video_schema_markup":"","selling_points_title":"","selling_points_caption":"","selling_points":[],"selling_points_cta_text":"","features_title":"","features":"","ed_cta_examples_text":"","ed_cta_examples_hidden":"","ed_cta_demo_text":"","ed_cta_demo_hidden":"","why_caption":"","why_editor_title":"","why_editor_text":"","why_team_title":"","why_team_text":"","why_service_title":"","why_service_text":"","template_catalog_visible":"","template_catalog_title":"","template_catalog_text":"","template_catalog_categories_visible":"","demo_title":"D\u00e9p\u00eachez-vous de cr\u00e9er un compteur de visiteurs Blogger sur mesure","demo_caption":"Personnalisez-le et impl\u00e9mentez le widget sur votre page d'accueil en appliquant la d\u00e9mo.","default_faq_hidden":"","app_template_category":[],"platform":"348","template_public_id":"","codecanyon_url":"","codecanyon_item_id":"","codecanyon_price":"","pricing_caption":"","pricing_elfsight_apps_hide_column":"","pricing_elfsight_apps_url":"","pricing_codecanyon_price_caption":"","integration_category":[],"integration_request_title":"","integration_request_cta":"","integration_platform":"","integrations":[],"platform_category":[],"video_schema_markup":"","price":"\u00e0 partir de 0$ \/ mois","trial":"","benefits":[{"text":"Service d'installation gratuit"},{"text":"Assistance premium"},{"text":"Garantie de remboursement de 14 jours"},{"text":"Mises \u00e0 jour gratuites \u00e0 vie"}],"button_url":"","button_target_blank":"","button_nofollow":"","attributes":[{"name":"Installations","content":"10,000 - 100,000"},{"name":"Sensible","content":"Oui"},{"name":"Navigateurs compatibles","content":"Firefox, Safari, Opera, Chrome, Edge"}],"tags":[],"tags_disable_links":"","hide_more_platforms":"","video_object":"","demo_hide_cta":"","demo_hide_cloud_options":"","pricing_title":"","pricing":[{"pricing_icon":"platform","pricing_title":"Elfsight Apps","pricing_title_caption":"Solution ind\u00e9pendante de la plate-forme qui convient \u00e0 n'importe quel site Web","pricing_price":"from $0 \/ month","pricing_price_caption":"commencez avec un forfait gratuit","pricing_benefits":[{"text":"Sites Web illimit\u00e9s"},{"text":"Assistance d\u00e9di\u00e9e et ponctuelle"},{"text":"Aide \u00e0 l'installation gratuite"},{"text":"Enti\u00e8rement personnalisable"}],"pricing_button_text":"Ajouter au site Web","pricing_button_url":"#demo"}],"related_apps_title":"","related_apps_hidden":"","author":"","image":[],"title":"","job":"","social_networks":[]},"_links":{"self":[{"href":"https:\/\/elfsight.com\/fr\/wp-json\/wp\/v2\/pages\/11010","targetHints":{"allow":["GET"]}}],"collection":[{"href":"https:\/\/elfsight.com\/fr\/wp-json\/wp\/v2\/pages"}],"about":[{"href":"https:\/\/elfsight.com\/fr\/wp-json\/wp\/v2\/types\/page"}],"author":[{"embeddable":true,"href":"https:\/\/elfsight.com\/fr\/wp-json\/wp\/v2\/users\/9"}],"replies":[{"embeddable":true,"href":"https:\/\/elfsight.com\/fr\/wp-json\/wp\/v2\/comments?post=11010"}],"version-history":[{"count":1,"href":"https:\/\/elfsight.com\/fr\/wp-json\/wp\/v2\/pages\/11010\/revisions"}],"predecessor-version":[{"id":11014,"href":"https:\/\/elfsight.com\/fr\/wp-json\/wp\/v2\/pages\/11010\/revisions\/11014"}],"up":[{"embeddable":true,"href":"https:\/\/elfsight.com\/fr\/wp-json\/wp\/v2\/pages\/2560"}],"wp:attachment":[{"href":"https:\/\/elfsight.com\/fr\/wp-json\/wp\/v2\/media?parent=11010"}],"curies":[{"name":"wp","href":"https:\/\/api.w.org\/{rel}","templated":true}]}}