{"id":11005,"date":"1970-01-01T00:00:00","date_gmt":"1970-01-01T00:00:00","guid":{"rendered":"https:\/\/elfsight.com\/fr\/?page_id=11005"},"modified":"2025-07-10T14:07:35","modified_gmt":"2025-07-10T14:07:35","slug":"drupal","status":"publish","type":"page","link":"https:\/\/elfsight.com\/fr\/visitor-counter-widget\/drupal\/","title":{"rendered":"Visitor Counter  &#8211; Drupal"},"content":{"rendered":"<div class=\"application-platform-content-item-description application-platform-content-item\" id=\"description\" data-nav-section=\"description\"> <h2>Description<\/h2> <p> Visitor Counter pour Drupal est une extension pratique vous permettant de contr\u00f4ler votre nombre de visiteurs et les pages les plus populaires visionn\u00e9 dans un laps de temps donn\u00e9. Les m\u00e9triques essentielles doivent d\u00e9sormais simplement \u00eatre analys\u00e9es sans n\u00e9cessiter de comp\u00e9tences sp\u00e9cifiques en mati\u00e8re de codage ou d\u2019analyse de donn\u00e9es. De plus, en affichant des r\u00e9sultats incroyables, vous pouvez facilement assurer aux visiteurs la fiabilit\u00e9 de votre entreprise. Gr\u00e2ce \u00e0 nos opportunit\u00e9s \u00e9l\u00e9gantes personnalis\u00e9es et \u00e0 nos mises en page pratiques, vous pouvez int\u00e9grer le widget dans votre site Web en quelques clics. <\/p> <p><b>Avec Visitor Counter, analysez vos statistiques et d\u00e9marrez un d\u00e9veloppement commercial durable\u00a0! <\/b><\/p><\/div> <div class=\"application-platform-content-item-features application-platform-content-item\" id=\"features\" data-nav-section=\"features\"><h2>Vous trouverez ci-dessous les fonctionnalit\u00e9s fondamentales du widget\u00a0: <\/h2> <ul><li>Il suffit d&rsquo;utiliser sans aucune demande les comp\u00e9tences professionnelles de analyse de donn\u00e9es et codage requis<\/li><li>Un large choix d&rsquo;intervalles de temps pour analyser vos statistiques en d\u00e9tail<\/li><li>Mise en page pratique pour former toutes les m\u00e9triques de mani\u00e8re pratique <\/li><li>L\u00e9ger , des jeux de couleurs sombres et personnalisables pour int\u00e9grer l&rsquo;outil de mani\u00e8re transparente dans votre site <\/li><li>D\u00e9finissez la taille et l&rsquo;\u00e9paisseur de la police <\/li><li>Facile \u00e0 mettre en \u0153uvre m\u00eame sans comp\u00e9tences en codage <\/li><\/ul><p><a href=\"#demo\">Explorez tous les param\u00e8tres dans une d\u00e9mo compl\u00e8te<\/a><\/p> <\/div> <div class=\"application-platform-content-item-installation application-platform-content-item\" id=\"installation\" data-nav-section=\"installation\"> <h2>Comment int\u00e9grer le compteur de visiteurs sur mon site Drupal ? <\/h2> <div class=\"video-container\"><iframe width=\"720\" height=\"405\" src=\"https:\/\/www.youtube.com\/embed\/5e8fRJvw_TY\" frameborder=\"0\" allowfullscreen=\"\"><\/iframe><\/div><p>Remplissez simplement les instructions ci-dessous pour int\u00e9grer le widget\u00a0: <\/p> <ol><li><b>Ouvrez notre \u00e9diteur gratuit et commencez \u00e0 cr\u00e9er votre module personnalis\u00e9. <\/b><br> D\u00e9terminez l&rsquo;apparence et les aspects appropri\u00e9s du module et enregistrez toutes les corrections. <\/li> <li><b>Obtenez votre code unique apparaissant dans la case sur les applications Elfsight. <\/b><br> D\u00e8s que la personnalisation de votre module personnel est termin\u00e9e, copiez votre code dans la fen\u00eatre qui appara\u00eet et enregistrez-le pour une utilisation ult\u00e9rieure. <\/li> <li><b>Commencez \u00e0 utiliser le module Hit Counter sur la page Web Drupal. <\/b><br> Int\u00e9grez le code que vous avez copi\u00e9 auparavant dans votre page Web et appliquez les modifications. <\/li> <li><b>L&rsquo;installation est effectu\u00e9e avec succ\u00e8s. <\/b><br> Visitez votre site Web pour v\u00e9rifier comment fonctionne le module. <\/li><\/ol><p>Si vous avez des demandes de renseignements ou faites face \u00e0 des difficult\u00e9s, veuillez faire appel \u00e0 notre service client. Nos sp\u00e9cialistes seront ravis de r\u00e9soudre toutes les difficult\u00e9s que vous pourriez rencontrer avec le module. <\/p> <div class=\"faq\" data-component=\"FAQ\"><div class=\"faq-item\">\r\n\t\t\t\t\t<div class=\"faq-item-question\">\r\n\t\t\t\t\t\t<h3 class=\"faq-item-question-text\">Existe-t-il une option pour ajouter Visitor Counter \u00e0 ma page Web Drupal sans comp\u00e9tences en codage ?<\/h3>\r\n\r\n\t\t\t\t\t\t<div class=\"faq-item-question-icon\"><\/div>\r\n\t\t\t\t\t<\/div>\r\n\r\n\t\t\t\t\t<div class=\"faq-item-answer\">\r\n\t\t\t\t\t\t<div class=\"faq-item-answer-text\"> <p>Elfsight fournit une solution Cloud qui permet aux propri\u00e9taires de sites de cr\u00e9er vous-m\u00eame un plugin Visitor Counter, v\u00e9rifiez les \u00e9tapes simples\u00a0: Commencez \u00e0 travailler dans la d\u00e9mo en ligne pour cr\u00e9er une application de compteur de visiteurs que vous souhaitez voir appara\u00eetre sur la page Web Drupal. Choisissez l&rsquo;un des nombreux mod\u00e8les pr\u00e9d\u00e9finis et modifiez les param\u00e8tres du compteur de visiteurs, modifiez la mise en page et la palette de couleurs et mettez \u00e0 jour votre contenu, sans codage. Cliquez pour enregistrer le compteur de visiteurs et obtenir le code d&rsquo;installation du widget, que vous pouvez inclure dans n&rsquo;importe quelle page d&rsquo;accueil Drupal sans avoir besoin d&rsquo;acheter un abonnement payant. En travaillant dans notre configurateur intuitif, chaque internaute peut cr\u00e9er une section Compteur de visiteurs et l&rsquo;int\u00e9grer sur la page d&rsquo;accueil de Drupal. Il n&rsquo;est pas n\u00e9cessaire de souscrire un abonnement payant ou de soumettre les informations d&rsquo;identification de votre carte pour acc\u00e9der \u00e0 notre \u00e9diteur. Si vous rencontrez des probl\u00e8mes \u00e0 quelque \u00e9tape que ce soit, n&rsquo;h\u00e9sitez pas \u00e0 contacter notre \u00e9quipe d&rsquo;assistance technique.<\/p> <\/div>\r\n\t\t\t\t\t<\/div>\r\n\t\t\t\t<\/div> <\/div><\/div>","protected":false},"excerpt":{"rendered":"","protected":false},"author":9,"featured_media":0,"parent":2560,"menu_order":0,"comment_status":"closed","ping_status":"closed","template":"templates\/template-application-platform.php","meta":{"publish_to_discourse":"","publish_post_category":"","wpdc_auto_publish_overridden":"","wpdc_topic_tags":"","wpdc_pin_topic":"","wpdc_pin_until":"","discourse_post_id":"","discourse_permalink":"","wpdc_publishing_response":"","wpdc_publishing_error":"","footnotes":""},"class_list":["post-11005","page","type-page","status-publish","hentry"],"yoast_head":"<!-- This site is optimized with the Yoast SEO plugin v25.3.1 - https:\/\/yoast.com\/wordpress\/plugins\/seo\/ -->\n<title>Compteur de visiteurs \u2014 Ajoutez un compteur de visiteurs au site Web Drupal (gratuit et rapide)<\/title>\n<meta name=\"description\" content=\"Cr\u00e9ez votre meilleur widget de compteur de visiteurs et int\u00e9grez-le facilement \u00e0 votre site Web. Nous avons un support client gratuit et plus de bonus.\" \/>\n<meta name=\"robots\" content=\"index, follow, max-snippet:-1, max-image-preview:large, max-video-preview:-1\" \/>\n<link rel=\"canonical\" href=\"https:\/\/elfsight.com\/fr\/visitor-counter-widget\/drupal\/\" \/>\n<meta property=\"og:locale\" content=\"fr_FR\" \/>\n<meta property=\"og:type\" content=\"article\" \/>\n<meta property=\"og:title\" content=\"Compteur de visiteurs \u2014 Ajoutez un compteur de visiteurs au site Web Drupal (gratuit et rapide)\" \/>\n<meta property=\"og:description\" content=\"Cr\u00e9ez votre meilleur widget de compteur de visiteurs et int\u00e9grez-le facilement \u00e0 votre site Web. Nous avons un support client gratuit et plus de bonus.\" \/>\n<meta property=\"og:url\" content=\"https:\/\/elfsight.com\/fr\/visitor-counter-widget\/drupal\/\" \/>\n<meta property=\"og:site_name\" content=\"Elfsight FR\" \/>\n<meta property=\"article:modified_time\" content=\"2025-07-10T14:07:35+00:00\" \/>\n<meta name=\"twitter:card\" content=\"summary_large_image\" \/>\n<meta name=\"twitter:label1\" content=\"Dur\u00e9e de lecture estim\u00e9e\" \/>\n\t<meta name=\"twitter:data1\" content=\"3 minutes\" \/>\n<!-- \/ Yoast SEO plugin. -->","yoast_head_json":{"title":"Compteur de visiteurs \u2014 Ajoutez un compteur de visiteurs au site Web Drupal (gratuit et rapide)","description":"Cr\u00e9ez votre meilleur widget de compteur de visiteurs et int\u00e9grez-le facilement \u00e0 votre site Web. Nous avons un support client gratuit et plus de bonus.","robots":{"index":"index","follow":"follow","max-snippet":"max-snippet:-1","max-image-preview":"max-image-preview:large","max-video-preview":"max-video-preview:-1"},"canonical":"https:\/\/elfsight.com\/fr\/visitor-counter-widget\/drupal\/","og_locale":"fr_FR","og_type":"article","og_title":"Compteur de visiteurs \u2014 Ajoutez un compteur de visiteurs au site Web Drupal (gratuit et rapide)","og_description":"Cr\u00e9ez votre meilleur widget de compteur de visiteurs et int\u00e9grez-le facilement \u00e0 votre site Web. Nous avons un support client gratuit et plus de bonus.","og_url":"https:\/\/elfsight.com\/fr\/visitor-counter-widget\/drupal\/","og_site_name":"Elfsight FR","article_modified_time":"2025-07-10T14:07:35+00:00","twitter_card":"summary_large_image","twitter_misc":{"Dur\u00e9e de lecture estim\u00e9e":"3 minutes"},"schema":{"@context":"https:\/\/schema.org","@graph":[{"@type":"WebPage","@id":"https:\/\/elfsight.com\/fr\/visitor-counter-widget\/drupal\/","url":"https:\/\/elfsight.com\/fr\/visitor-counter-widget\/drupal\/","name":"Compteur de visiteurs \u2014 Ajoutez un compteur de visiteurs au site Web Drupal (gratuit et rapide)","isPartOf":{"@id":"https:\/\/elfsight.com\/fr\/#website"},"datePublished":"1970-01-01T00:00:00+00:00","dateModified":"2025-07-10T14:07:35+00:00","description":"Cr\u00e9ez votre meilleur widget de compteur de visiteurs et int\u00e9grez-le facilement \u00e0 votre site Web. Nous avons un support client gratuit et plus de bonus.","breadcrumb":{"@id":"https:\/\/elfsight.com\/fr\/visitor-counter-widget\/drupal\/#breadcrumb"},"inLanguage":"fr-FR","potentialAction":[{"@type":"ReadAction","target":["https:\/\/elfsight.com\/fr\/visitor-counter-widget\/drupal\/"]}]},{"@type":"BreadcrumbList","@id":"https:\/\/elfsight.com\/fr\/visitor-counter-widget\/drupal\/#breadcrumb","itemListElement":[{"@type":"ListItem","position":1,"name":"Home","item":"https:\/\/elfsight.com\/fr\/"},{"@type":"ListItem","position":2,"name":"Visitor Counter","item":"https:\/\/elfsight.com\/fr\/visitor-counter-widget\/"},{"@type":"ListItem","position":3,"name":"Visitor Counter &#8211; Drupal"}]},{"@type":"WebSite","@id":"https:\/\/elfsight.com\/fr\/#website","url":"https:\/\/elfsight.com\/fr\/","name":"Elfsight FR","description":"","potentialAction":[{"@type":"SearchAction","target":{"@type":"EntryPoint","urlTemplate":"https:\/\/elfsight.com\/fr\/?s={search_term_string}"},"query-input":{"@type":"PropertyValueSpecification","valueRequired":true,"valueName":"search_term_string"}}],"inLanguage":"fr-FR"}]}},"meta_box":{"industry":"","seo_heading":"","heading":"","description":"","cta_heading":"","cta_description":"","application":"2559","h1":"Module Compteur de visiteurs Drupal","h1_caption":"V\u00e9rifiez les statistiques de votre site et ayez beaucoup plus de clients","application_category":[],"applications_title":"","applications_request_title":"","applications_request_button_text":"","hero_text":"","hero_video":"","hero_video_schema_markup":"","selling_points_title":"","selling_points_caption":"","selling_points":[],"selling_points_cta_text":"","features_title":"","features":"","ed_cta_examples_text":"","ed_cta_examples_hidden":"","ed_cta_demo_text":"","ed_cta_demo_hidden":"","why_caption":"","why_editor_title":"","why_editor_text":"","why_team_title":"","why_team_text":"","why_service_title":"","why_service_text":"","template_catalog_visible":"","template_catalog_title":"","template_catalog_text":"","template_catalog_categories_visible":"","demo_title":"D\u00e9p\u00eachez-vous de cr\u00e9er votre propre compteur de visiteurs Drupal","demo_caption":"Personnalisez et ins\u00e9rez le module sur votre site via d\u00e9mo","default_faq_hidden":"","app_template_category":[],"platform":"351","template_public_id":"","codecanyon_url":"","codecanyon_item_id":"","codecanyon_price":"","pricing_caption":"","pricing_elfsight_apps_hide_column":"","pricing_elfsight_apps_url":"","pricing_codecanyon_price_caption":"","integration_category":[],"integration_request_title":"","integration_request_cta":"","integration_platform":"","integrations":[],"platform_category":[],"video_schema_markup":"","price":"\u00e0 partir de 0$ \/ mois","trial":"","benefits":[{"text":"Service d'installation gratuit"},{"text":"Service client professionnel"},{"text":"Garantie de remboursement de 14 jours"},{"text":"Mise \u00e0 jour constante"}],"button_url":"","button_target_blank":"","button_nofollow":"","attributes":[{"name":"Installations","content":"10,000 - 100,000"},{"name":"Sensible","content":"Oui"},{"name":"Navigateurs compatibles","content":"Firefox, Safari, Opera, Chrome, Edge"}],"tags":[],"tags_disable_links":"","hide_more_platforms":"","video_object":"","demo_hide_cta":"","demo_hide_cloud_options":"","pricing_title":"","pricing":[{"pricing_icon":"platform","pricing_title":"Elfsight Apps","pricing_title_caption":"Logiciel multiplateforme qui fonctionne sur n'importe quel site Web","pricing_price":"from $0 \/ month","pricing_price_caption":"commencez avec un forfait gratuit","pricing_benefits":[{"text":"Sites Web illimit\u00e9s"},{"text":"Assistance entreprise 24h\/24 et 7j\/7"},{"text":"Assistance \u00e0 l'installation gratuite"},{"text":"Prix \u200b\u200bsp\u00e9cial pour plusieurs applications"}],"pricing_button_text":"Ajouter au site Web","pricing_button_url":"#demo"}],"related_apps_title":"","related_apps_hidden":"","author":"","image":[],"title":"","job":"","social_networks":[]},"_links":{"self":[{"href":"https:\/\/elfsight.com\/fr\/wp-json\/wp\/v2\/pages\/11005","targetHints":{"allow":["GET"]}}],"collection":[{"href":"https:\/\/elfsight.com\/fr\/wp-json\/wp\/v2\/pages"}],"about":[{"href":"https:\/\/elfsight.com\/fr\/wp-json\/wp\/v2\/types\/page"}],"author":[{"embeddable":true,"href":"https:\/\/elfsight.com\/fr\/wp-json\/wp\/v2\/users\/9"}],"replies":[{"embeddable":true,"href":"https:\/\/elfsight.com\/fr\/wp-json\/wp\/v2\/comments?post=11005"}],"version-history":[{"count":1,"href":"https:\/\/elfsight.com\/fr\/wp-json\/wp\/v2\/pages\/11005\/revisions"}],"predecessor-version":[{"id":11009,"href":"https:\/\/elfsight.com\/fr\/wp-json\/wp\/v2\/pages\/11005\/revisions\/11009"}],"up":[{"embeddable":true,"href":"https:\/\/elfsight.com\/fr\/wp-json\/wp\/v2\/pages\/2560"}],"wp:attachment":[{"href":"https:\/\/elfsight.com\/fr\/wp-json\/wp\/v2\/media?parent=11005"}],"curies":[{"name":"wp","href":"https:\/\/api.w.org\/{rel}","templated":true}]}}