{"id":11004,"date":"1970-01-01T00:00:00","date_gmt":"1970-01-01T00:00:00","guid":{"rendered":"https:\/\/elfsight.com\/fr\/?page_id=11004"},"modified":"2025-07-10T14:07:54","modified_gmt":"2025-07-10T14:07:54","slug":"facebook","status":"publish","type":"page","link":"https:\/\/elfsight.com\/fr\/visitor-counter-widget\/facebook\/","title":{"rendered":"Visitor Counter  &#8211; Facebook Page"},"content":{"rendered":"<div class=\"application-platform-content-item-description application-platform-content-item\" id=\"description\" data-nav-section=\"description\"> <h2>Description<\/h2> <p> Le compteur de visiteurs pour la page Facebook est un widget facile \u00e0 g\u00e9rer vous permettant d&rsquo;analyser votre nombre de visiteurs. et les pages les plus populaires consult\u00e9es au cours d&rsquo;une p\u00e9riode de temps exacte. Les m\u00e9triques de base sont d\u00e9sormais simplement \u00e0 v\u00e9rifier sans codage ni analyse de donn\u00e9es. En l&rsquo;utilisant, vous pouvez facilement garantir aux visiteurs que vous \u00eates une entreprise digne de confiance et obtenir des actions cibles plus compl\u00e8tes que jamais. Gr\u00e2ce \u00e0 nos options \u00e9l\u00e9gantes et ajustables et \u00e0 nos mises en page pratiques, int\u00e9grez le widget dans votre page en quelques clics. <\/p> <p><b>Essayez Visitor Counter pour planifier votre plan de commerce \u00e9lectronique afin d&rsquo;atteindre vos objectifs plus efficacement\u00a0! <\/b><\/p><\/div> <div class=\"application-platform-content-item-features application-platform-content-item\" id=\"features\" data-nav-section=\"features\"> <h2>Voici seulement quelques-unes des puissantes fonctionnalit\u00e9s du widget\u00a0: <\/h2> <ul><li>Simplement \u00e0 utiliser sans qualification professionnelle de analyse de donn\u00e9es et codage requis<\/li><li>Une grande vari\u00e9t\u00e9 de temps pour suivre vos statistiques<\/li><li>Mise en page pratique pour former toutes les m\u00e9triques de mani\u00e8re accessible <\/li><li>Clair, Dark et des jeux de couleurs personnalisables pour rendre l&rsquo;outil \u00e9l\u00e9gant<\/li><li> Configurer la taille et le poids de la police <\/li><li> Facile \u00e0 int\u00e9grer m\u00eame sans comp\u00e9tences en codage <\/li><\/ul><p><a href=\"#demo\">Vous pouvez explorer toutes les fonctionnalit\u00e9s du widget dans la d\u00e9mo d\u00e8s maintenant<\/a><\/p> <\/div> <div class=\"application-platform-content-item-installation application-platform-content-item\" id=\"installation\" data-nav-section=\"installation\"> <h2>Comment puis-je ajouter un compteur de visiteurs dans ma page Web Facebook\u00a0? <\/h2> <p>Suivez simplement les instructions ci-dessous pour commencer \u00e0 travailler avec l&rsquo;outil\u00a0: <\/p> <ol><li><b>Utilisez notre configurateur gratuit et commencez \u00e0 personnaliser votre widget. <\/b><br> Choisissez la forme et les sp\u00e9cifications pr\u00e9f\u00e9r\u00e9es de l&rsquo;outil et enregistrez les modifications. <\/li> <li><b>Recevez le code individuel r\u00e9v\u00e9l\u00e9 dans la bo\u00eete sur Elfsight Apps. <\/b><br> Lorsque la personnalisation de votre widget personnel est termin\u00e9e, copiez le code individuel dans la fen\u00eatre qui appara\u00eet et enregistrez-le pour une utilisation ult\u00e9rieure. <\/li> <li><b>Entrez sur l&rsquo;utilisation du plugin sur la page Web de la page Facebook. <\/b><br> Ins\u00e9rez le code copi\u00e9 auparavant dans votre page et enregistrez les modifications. <\/li> <li><b>L&rsquo;installation est termin\u00e9e avec succ\u00e8s. <\/b><br> Acc\u00e9dez \u00e0 votre site Web pour examiner le travail du plugin. <\/li><\/ol> <p>\u00c0 condition de r\u00e9pondre \u00e0 des demandes ou de rencontrer quelques obstacles, n&rsquo;h\u00e9sitez pas \u00e0 faire appel \u00e0 notre \u00e9quipe d&rsquo;assistance. Nos sp\u00e9cialistes se feront un plaisir de vous aider avec toutes les difficult\u00e9s que vous pourriez rencontrer avec l&rsquo;outil. <\/p> <div class=\"faq\" data-component=\"FAQ\"><div class=\"faq-item\">\r\n\t\t\t\t\t<div class=\"faq-item-question\">\r\n\t\t\t\t\t\t<h3 class=\"faq-item-question-text\">Existe-t-il une m\u00e9thode pour ajouter un compteur de visiteurs \u00e0 ma page Web Facebook sans exp\u00e9rience en codage ?<\/h3>\r\n\r\n\t\t\t\t\t\t<div class=\"faq-item-question-icon\"><\/div>\r\n\t\t\t\t\t<\/div>\r\n\r\n\t\t\t\t\t<div class=\"faq-item-answer\">\r\n\t\t\t\t\t\t<div class=\"faq-item-answer-text\"> <p>Elfsight pr\u00e9sente une solution SaaS qui permet \u00e0 l&rsquo;utilisateur de cr\u00e9er lui-m\u00eame une section de compteur de visiteurs, v\u00e9rifiez \u00e0 quel point c&rsquo;est simple\u00a0: acc\u00e9dez \u00e0 la d\u00e9mo en direct pour cr\u00e9er une application de compteur de visiteurs que vous souhaitez inclure sur la page d&rsquo;accueil de votre page Facebook. Choisissez l&rsquo;un des mod\u00e8les pr\u00e9d\u00e9finis et modifiez les param\u00e8tres du compteur de visiteurs, modifiez la mise en page et les sch\u00e9mas de couleurs, y compris votre contenu, sans aucune connaissance en codage. Enregistrez les param\u00e8tres que vous avez d\u00e9finis dans Visitor Counter et copiez le code d&rsquo;installation du plugin, qui peut \u00eatre int\u00e9gr\u00e9 gratuitement \u00e0 la page d&rsquo;accueil de la page Facebook. En travaillant dans notre \u00e9diteur intuitif, chaque internaute peut g\u00e9n\u00e9rer un compteur de visiteurs et le coller facilement sur sa page Web Facebook. Il n&rsquo;est pas n\u00e9cessaire de payer ou de soumettre les informations d&rsquo;identification de votre carte pour acc\u00e9der \u00e0 l&rsquo;\u00e9diteur. Si vous rencontrez des obstacles de quelque nature que ce soit, n&rsquo;h\u00e9sitez pas \u00e0 vous adresser \u00e0 notre \u00e9quipe d&rsquo;assistance technique.<\/p> <\/div>\r\n\t\t\t\t\t<\/div>\r\n\t\t\t\t<\/div> <\/div><\/div>","protected":false},"excerpt":{"rendered":"","protected":false},"author":9,"featured_media":0,"parent":2560,"menu_order":0,"comment_status":"closed","ping_status":"closed","template":"templates\/template-application-platform.php","meta":{"publish_to_discourse":"","publish_post_category":"","wpdc_auto_publish_overridden":"","wpdc_topic_tags":"","wpdc_pin_topic":"","wpdc_pin_until":"","discourse_post_id":"","discourse_permalink":"","wpdc_publishing_response":"","wpdc_publishing_error":"","footnotes":""},"class_list":["post-11004","page","type-page","status-publish","hentry"],"yoast_head":"<!-- This site is optimized with the Yoast SEO plugin v25.3.1 - https:\/\/yoast.com\/wordpress\/plugins\/seo\/ -->\n<title>Ajouter un compteur de visiteurs \u00e0 l&#039;onglet personnalis\u00e9 de la page Facebook (2025)<\/title>\n<meta name=\"description\" content=\"Concevez votre meilleur widget Compteur de visiteurs et ajoutez-le \u00e0 votre site Web en quelques clics. Nous offrons un service client gratuit et d&#039;autres bonus.\" \/>\n<meta name=\"robots\" content=\"index, follow, max-snippet:-1, max-image-preview:large, max-video-preview:-1\" \/>\n<link rel=\"canonical\" href=\"https:\/\/elfsight.com\/fr\/visitor-counter-widget\/facebook\/\" \/>\n<meta property=\"og:locale\" content=\"fr_FR\" \/>\n<meta property=\"og:type\" content=\"article\" \/>\n<meta property=\"og:title\" content=\"Ajouter un compteur de visiteurs \u00e0 l&#039;onglet personnalis\u00e9 de la page Facebook (2025)\" \/>\n<meta property=\"og:description\" content=\"Concevez votre meilleur widget Compteur de visiteurs et ajoutez-le \u00e0 votre site Web en quelques clics. Nous offrons un service client gratuit et d&#039;autres bonus.\" \/>\n<meta property=\"og:url\" content=\"https:\/\/elfsight.com\/fr\/visitor-counter-widget\/facebook\/\" \/>\n<meta property=\"og:site_name\" content=\"Elfsight FR\" \/>\n<meta property=\"article:modified_time\" content=\"2025-07-10T14:07:54+00:00\" \/>\n<meta name=\"twitter:card\" content=\"summary_large_image\" \/>\n<meta name=\"twitter:label1\" content=\"Dur\u00e9e de lecture estim\u00e9e\" \/>\n\t<meta name=\"twitter:data1\" content=\"3 minutes\" \/>\n<!-- \/ Yoast SEO plugin. -->","yoast_head_json":{"title":"Ajouter un compteur de visiteurs \u00e0 l'onglet personnalis\u00e9 de la page Facebook (2025)","description":"Concevez votre meilleur widget Compteur de visiteurs et ajoutez-le \u00e0 votre site Web en quelques clics. Nous offrons un service client gratuit et d'autres bonus.","robots":{"index":"index","follow":"follow","max-snippet":"max-snippet:-1","max-image-preview":"max-image-preview:large","max-video-preview":"max-video-preview:-1"},"canonical":"https:\/\/elfsight.com\/fr\/visitor-counter-widget\/facebook\/","og_locale":"fr_FR","og_type":"article","og_title":"Ajouter un compteur de visiteurs \u00e0 l'onglet personnalis\u00e9 de la page Facebook (2025)","og_description":"Concevez votre meilleur widget Compteur de visiteurs et ajoutez-le \u00e0 votre site Web en quelques clics. Nous offrons un service client gratuit et d'autres bonus.","og_url":"https:\/\/elfsight.com\/fr\/visitor-counter-widget\/facebook\/","og_site_name":"Elfsight FR","article_modified_time":"2025-07-10T14:07:54+00:00","twitter_card":"summary_large_image","twitter_misc":{"Dur\u00e9e de lecture estim\u00e9e":"3 minutes"},"schema":{"@context":"https:\/\/schema.org","@graph":[{"@type":"WebPage","@id":"https:\/\/elfsight.com\/fr\/visitor-counter-widget\/facebook\/","url":"https:\/\/elfsight.com\/fr\/visitor-counter-widget\/facebook\/","name":"Ajouter un compteur de visiteurs \u00e0 l'onglet personnalis\u00e9 de la page Facebook (2025)","isPartOf":{"@id":"https:\/\/elfsight.com\/fr\/#website"},"datePublished":"1970-01-01T00:00:00+00:00","dateModified":"2025-07-10T14:07:54+00:00","description":"Concevez votre meilleur widget Compteur de visiteurs et ajoutez-le \u00e0 votre site Web en quelques clics. Nous offrons un service client gratuit et d'autres bonus.","breadcrumb":{"@id":"https:\/\/elfsight.com\/fr\/visitor-counter-widget\/facebook\/#breadcrumb"},"inLanguage":"fr-FR","potentialAction":[{"@type":"ReadAction","target":["https:\/\/elfsight.com\/fr\/visitor-counter-widget\/facebook\/"]}]},{"@type":"BreadcrumbList","@id":"https:\/\/elfsight.com\/fr\/visitor-counter-widget\/facebook\/#breadcrumb","itemListElement":[{"@type":"ListItem","position":1,"name":"Home","item":"https:\/\/elfsight.com\/fr\/"},{"@type":"ListItem","position":2,"name":"Visitor Counter","item":"https:\/\/elfsight.com\/fr\/visitor-counter-widget\/"},{"@type":"ListItem","position":3,"name":"Visitor Counter &#8211; Facebook Page"}]},{"@type":"WebSite","@id":"https:\/\/elfsight.com\/fr\/#website","url":"https:\/\/elfsight.com\/fr\/","name":"Elfsight FR","description":"","potentialAction":[{"@type":"SearchAction","target":{"@type":"EntryPoint","urlTemplate":"https:\/\/elfsight.com\/fr\/?s={search_term_string}"},"query-input":{"@type":"PropertyValueSpecification","valueRequired":true,"valueName":"search_term_string"}}],"inLanguage":"fr-FR"}]}},"meta_box":{"industry":"","seo_heading":"","heading":"","description":"","cta_heading":"","cta_description":"","application":"2559","h1":"Widget du compteur de visiteurs de la page Facebook","h1_caption":"Surveillez les statistiques de votre site et am\u00e9liorez votre cr\u00e9dibilit\u00e9","application_category":[],"applications_title":"","applications_request_title":"","applications_request_button_text":"","hero_text":"","hero_video":"","hero_video_schema_markup":"","selling_points_title":"","selling_points_caption":"","selling_points":[],"selling_points_cta_text":"","features_title":"","features":"","ed_cta_examples_text":"","ed_cta_examples_hidden":"","ed_cta_demo_text":"","ed_cta_demo_hidden":"","why_caption":"","why_editor_title":"","why_editor_text":"","why_team_title":"","why_team_text":"","why_service_title":"","why_service_text":"","template_catalog_visible":"","template_catalog_title":"","template_catalog_text":"","template_catalog_categories_visible":"","demo_title":"D\u00e9p\u00eachez-vous de cr\u00e9er votre propre compteur de visiteurs sur votre page Facebook","demo_caption":"Ajustez et ins\u00e9rez l'outil dans votre site \u00e0 l'aide d'une d\u00e9mo en direct","default_faq_hidden":"","app_template_category":[],"platform":"394","template_public_id":"","codecanyon_url":"","codecanyon_item_id":"","codecanyon_price":"","pricing_caption":"","pricing_elfsight_apps_hide_column":"","pricing_elfsight_apps_url":"","pricing_codecanyon_price_caption":"","integration_category":[],"integration_request_title":"","integration_request_cta":"","integration_platform":"","integrations":[],"platform_category":[],"video_schema_markup":"","price":"\u00e0 partir de 0$ \/ mois","trial":"","benefits":[{"text":"Service d'installation gratuit"},{"text":"Support client exp\u00e9riment\u00e9"},{"text":"Garantie de remboursement de 14 jours"},{"text":"Am\u00e9liorations gratuites \u00e0 vie"}],"button_url":"","button_target_blank":"","button_nofollow":"","attributes":[{"name":"Installations","content":"10,000 - 100,000"},{"name":"Sensible","content":"Oui"},{"name":"Navigateurs compatibles","content":"Opera, Firefox, Chrome, Safari, Edge"}],"tags":[],"tags_disable_links":"","hide_more_platforms":"","video_object":"","demo_hide_cta":"","demo_hide_cloud_options":"","pricing_title":"","pricing":[{"pricing_icon":"platform","pricing_title":"Elfsight Apps","pricing_title_caption":"Version ind\u00e9pendante de la plate-forme qui convient \u00e0 n'importe quel site Web","pricing_price":"from $0 \/ month","pricing_price_caption":"commencez avec un forfait gratuit","pricing_benefits":[{"text":"Domaines illimit\u00e9s"},{"text":"Support client d\u00e9di\u00e9"},{"text":"Assistance \u00e0 l'installation gratuite"},{"text":"Enti\u00e8rement personnalisable"}],"pricing_button_text":"Ajouter au site Web","pricing_button_url":"#demo"}],"related_apps_title":"","related_apps_hidden":"","author":"","image":[],"title":"","job":"","social_networks":[]},"_links":{"self":[{"href":"https:\/\/elfsight.com\/fr\/wp-json\/wp\/v2\/pages\/11004","targetHints":{"allow":["GET"]}}],"collection":[{"href":"https:\/\/elfsight.com\/fr\/wp-json\/wp\/v2\/pages"}],"about":[{"href":"https:\/\/elfsight.com\/fr\/wp-json\/wp\/v2\/types\/page"}],"author":[{"embeddable":true,"href":"https:\/\/elfsight.com\/fr\/wp-json\/wp\/v2\/users\/9"}],"replies":[{"embeddable":true,"href":"https:\/\/elfsight.com\/fr\/wp-json\/wp\/v2\/comments?post=11004"}],"version-history":[{"count":1,"href":"https:\/\/elfsight.com\/fr\/wp-json\/wp\/v2\/pages\/11004\/revisions"}],"predecessor-version":[{"id":11008,"href":"https:\/\/elfsight.com\/fr\/wp-json\/wp\/v2\/pages\/11004\/revisions\/11008"}],"up":[{"embeddable":true,"href":"https:\/\/elfsight.com\/fr\/wp-json\/wp\/v2\/pages\/2560"}],"wp:attachment":[{"href":"https:\/\/elfsight.com\/fr\/wp-json\/wp\/v2\/media?parent=11004"}],"curies":[{"name":"wp","href":"https:\/\/api.w.org\/{rel}","templated":true}]}}