{"id":11003,"date":"1970-01-01T00:00:00","date_gmt":"1970-01-01T00:00:00","guid":{"rendered":"https:\/\/elfsight.com\/fr\/?page_id=11003"},"modified":"2025-07-10T14:07:49","modified_gmt":"2025-07-10T14:07:49","slug":"elementor","status":"publish","type":"page","link":"https:\/\/elfsight.com\/fr\/visitor-counter-widget\/elementor\/","title":{"rendered":"Visitor Counter  &#8211; Elementor"},"content":{"rendered":"<div class=\"application-platform-content-item-description application-platform-content-item\" id=\"description\" data-nav-section=\"description\"><h2>Int\u00e9grer le compteur de visiteurs sur Elementor avec le widget Elfsight<\/h2> <p> Le compteur de visiteurs pour Elementor est un outil simple vous permettant d&rsquo;analyser un nombre de visiteurs et le contenu le plus populaire. Les statistiques de base sont d\u00e9sormais faciles \u00e0 suivre sans n\u00e9cessiter de connaissances suppl\u00e9mentaires en codage ou en analyse de donn\u00e9es. Gr\u00e2ce \u00e0 cela, vous pouvez facilement garantir \u00e0 votre public que vous \u00eates une entreprise r\u00e9put\u00e9e et obtenir beaucoup plus de prospects. Gr\u00e2ce \u00e0 nos opportunit\u00e9s \u00e9l\u00e9gantes et personnalisables et nos mises en page pratiques, vous pouvez int\u00e9grer le widget dans votre page en quelques clics. <\/p> <p><b>Rendez vos tactiques e-commerce plus efficaces avec l&rsquo;aide de Visitor Counter\u00a0!<\/b><\/p><\/div> <div class=\"application-platform-content-item-features application-platform-content-item\" id=\"features\" data-nav-section=\"features\"> <h2>L&rsquo;essentiel Les fonctionnalit\u00e9s du widget contiennent\u00a0: <\/h2> <ul><li>Facile \u00e0 utiliser sans qualification professionnelle de r\u00e9f\u00e9rencement ni de codage requis<\/li><li>Une grande vari\u00e9t\u00e9 d&rsquo;intervalles de temps pour v\u00e9rifier vos statistiques<\/li><li>Pratique mises en page pour former toutes les m\u00e9triques de mani\u00e8re accessible <\/li><li>Sch\u00e9mas de couleurs clairs, fonc\u00e9s et personnalisables pour ajuster l&rsquo;outil <\/li><li>D\u00e9finir la taille et l&rsquo;\u00e9paisseur de la police <\/li><li>Facile \u00e0 ajouter sur le site Web, m\u00eame pour les utilisateurs non-technologiques <\/li><\/ul><p><a href=\"#demo\">Vous pouvez ressentir les offres du widget en utilisant la d\u00e9mo<\/a><\/p> <\/div> <div class=\"application-platform-content-item-installation application-platform-content-item\" id=\"installation\" data-nav-section=\"installation\"> <h2>Comment puis-je ajouter un compteur de visiteurs sur mon site Web Elementor\u00a0? <\/h2> <div class=\"video-container\"><iframe width=\"720\" height=\"405\" src=\"https:\/\/www.youtube.com\/embed\/5lMKAjQs6po\" frameborder=\"0\" allowfullscreen=\"\"><\/iframe><\/div><p>Suivez simplement les instructions ci-dessous pour commencer \u00e0 utiliser l&rsquo;outil\u00a0: <\/p> <ol><li><b>Ex\u00e9cutez notre \u00e9diteur gratuit et commencez \u00e0 cr\u00e9er votre instrument personnalis\u00e9. <\/b><br> Choisissez l&rsquo;apparence et les aspects s\u00e9lectionn\u00e9s du widget et appliquez les modifications. <\/li> <li><b>Acqu\u00e9rir votre code personnel apparaissant dans le formulaire sp\u00e9cial sur Elfsight Apps. <\/b><br> D\u00e8s que la personnalisation de votre widget personnel est termin\u00e9e, copiez le code exclusif dans la case qui appara\u00eet et conservez-le pour une utilisation ult\u00e9rieure. <\/li> <li><b>Lancer l&rsquo;application de l&rsquo;outil sur la page Web Elementor. <\/b><br> Int\u00e9grez le code enregistr\u00e9 r\u00e9cemment dans votre page Web et appliquez les ajustements. <\/li> <li><b>Vous avez termin\u00e9\u00a0! L&rsquo;int\u00e9gration est termin\u00e9e avec succ\u00e8s. <\/b><br> Visitez votre site Web pour v\u00e9rifier les performances de l&rsquo;outil. <\/li><\/ol> <p>Si vous rencontrez des questions ou rencontrez des probl\u00e8mes, veuillez demander l&rsquo;aide de notre \u00e9quipe de service client. Nos sp\u00e9cialistes sont impatients de vous aider avec toutes les difficult\u00e9s que vous pourriez rencontrer avec le produit. <\/p> <div class=\"faq\" data-component=\"FAQ\"><div class=\"faq-item\">\r\n\t\t\t\t\t<div class=\"faq-item-question\">\r\n\t\t\t\t\t\t<h3 class=\"faq-item-question-text\">Existe-t-il une option pour int\u00e9grer un compteur de visiteurs \u00e0 mon site Elementor sans exp\u00e9rience en codage ?<\/h3>\r\n\r\n\t\t\t\t\t\t<div class=\"faq-item-question-icon\"><\/div>\r\n\t\t\t\t\t<\/div>\r\n\r\n\t\t\t\t\t<div class=\"faq-item-answer\">\r\n\t\t\t\t\t\t<div class=\"faq-item-answer-text\"> <p>La soci\u00e9t\u00e9 Elfsight propose une solution Cloud qui permet aux utilisateurs de cr\u00e9er vous-m\u00eame un widget de compteur de visiteurs, voyez \u00e0 quel point le processus est simple\u00a0: acc\u00e9dez \u00e0 la d\u00e9mo en direct pour cr\u00e9er un plugin Visitor Counter que vous souhaitez int\u00e9grer sur la page d&rsquo;accueil d&rsquo;Elementor. Cliquez sur l&rsquo;un de nos mod\u00e8les pr\u00e9d\u00e9finis et modifiez les param\u00e8tres du compteur de visiteurs, mettez \u00e0 jour votre contenu, transformez la mise en page et les couleurs sans aucune exp\u00e9rience de codage. Cliquez pour enregistrer les param\u00e8tres que vous avez d\u00e9finis dans Visitor Counter et obtenir le code d&rsquo;installation, que vous pouvez facilement inclure dans votre page d&rsquo;accueil Elementor sans acheter de version payante. \u00c0 l&rsquo;aide du configurateur facile \u00e0 utiliser, tout utilisateur Web peut cr\u00e9er un widget de compteur de visiteurs en ligne et l&rsquo;ajouter simplement \u00e0 n&rsquo;importe quel site Elementor. Il n&rsquo;est pas n\u00e9cessaire d&rsquo;obtenir un forfait payant ou de soumettre les donn\u00e9es de votre carte pour acc\u00e9der \u00e0 notre service. Si vous rencontrez des probl\u00e8mes de quelque nature que ce soit, n&rsquo;h\u00e9sitez pas \u00e0 vous adresser \u00e0 notre \u00e9quipe d&rsquo;assistance.<\/p> <\/div>\r\n\t\t\t\t\t<\/div>\r\n\t\t\t\t<\/div> <\/div><\/div>","protected":false},"excerpt":{"rendered":"","protected":false},"author":9,"featured_media":0,"parent":2560,"menu_order":0,"comment_status":"closed","ping_status":"closed","template":"templates\/template-application-platform.php","meta":{"publish_to_discourse":"","publish_post_category":"","wpdc_auto_publish_overridden":"","wpdc_topic_tags":"","wpdc_pin_topic":"","wpdc_pin_until":"","discourse_post_id":"","discourse_permalink":"","wpdc_publishing_response":"","wpdc_publishing_error":"","footnotes":""},"class_list":["post-11003","page","type-page","status-publish","hentry"],"yoast_head":"<!-- This site is optimized with the Yoast SEO plugin v25.3.1 - https:\/\/yoast.com\/wordpress\/plugins\/seo\/ -->\n<title>Widget de compteur de visiteurs sur le site Web Elementor (rapide et gratuit)<\/title>\n<meta name=\"description\" content=\"Voici la meilleure chance de cr\u00e9er un widget Compteur de visiteurs et de l\u2019ajouter \u00e0 votre site Web. B\u00e9n\u00e9ficiez du support client gratuit d&#039;Elfsight.\" \/>\n<meta name=\"robots\" content=\"index, follow, max-snippet:-1, max-image-preview:large, max-video-preview:-1\" \/>\n<link rel=\"canonical\" href=\"https:\/\/elfsight.com\/fr\/visitor-counter-widget\/elementor\/\" \/>\n<meta property=\"og:locale\" content=\"fr_FR\" \/>\n<meta property=\"og:type\" content=\"article\" \/>\n<meta property=\"og:title\" content=\"Widget de compteur de visiteurs sur le site Web Elementor (rapide et gratuit)\" \/>\n<meta property=\"og:description\" content=\"Voici la meilleure chance de cr\u00e9er un widget Compteur de visiteurs et de l\u2019ajouter \u00e0 votre site Web. B\u00e9n\u00e9ficiez du support client gratuit d&#039;Elfsight.\" \/>\n<meta property=\"og:url\" content=\"https:\/\/elfsight.com\/fr\/visitor-counter-widget\/elementor\/\" \/>\n<meta property=\"og:site_name\" content=\"Elfsight FR\" \/>\n<meta property=\"article:modified_time\" content=\"2025-07-10T14:07:49+00:00\" \/>\n<meta name=\"twitter:card\" content=\"summary_large_image\" \/>\n<meta name=\"twitter:label1\" content=\"Dur\u00e9e de lecture estim\u00e9e\" \/>\n\t<meta name=\"twitter:data1\" content=\"3 minutes\" \/>\n<!-- \/ Yoast SEO plugin. -->","yoast_head_json":{"title":"Widget de compteur de visiteurs sur le site Web Elementor (rapide et gratuit)","description":"Voici la meilleure chance de cr\u00e9er un widget Compteur de visiteurs et de l\u2019ajouter \u00e0 votre site Web. B\u00e9n\u00e9ficiez du support client gratuit d'Elfsight.","robots":{"index":"index","follow":"follow","max-snippet":"max-snippet:-1","max-image-preview":"max-image-preview:large","max-video-preview":"max-video-preview:-1"},"canonical":"https:\/\/elfsight.com\/fr\/visitor-counter-widget\/elementor\/","og_locale":"fr_FR","og_type":"article","og_title":"Widget de compteur de visiteurs sur le site Web Elementor (rapide et gratuit)","og_description":"Voici la meilleure chance de cr\u00e9er un widget Compteur de visiteurs et de l\u2019ajouter \u00e0 votre site Web. B\u00e9n\u00e9ficiez du support client gratuit d'Elfsight.","og_url":"https:\/\/elfsight.com\/fr\/visitor-counter-widget\/elementor\/","og_site_name":"Elfsight FR","article_modified_time":"2025-07-10T14:07:49+00:00","twitter_card":"summary_large_image","twitter_misc":{"Dur\u00e9e de lecture estim\u00e9e":"3 minutes"},"schema":{"@context":"https:\/\/schema.org","@graph":[{"@type":"WebPage","@id":"https:\/\/elfsight.com\/fr\/visitor-counter-widget\/elementor\/","url":"https:\/\/elfsight.com\/fr\/visitor-counter-widget\/elementor\/","name":"Widget de compteur de visiteurs sur le site Web Elementor (rapide et gratuit)","isPartOf":{"@id":"https:\/\/elfsight.com\/fr\/#website"},"datePublished":"1970-01-01T00:00:00+00:00","dateModified":"2025-07-10T14:07:49+00:00","description":"Voici la meilleure chance de cr\u00e9er un widget Compteur de visiteurs et de l\u2019ajouter \u00e0 votre site Web. B\u00e9n\u00e9ficiez du support client gratuit d'Elfsight.","breadcrumb":{"@id":"https:\/\/elfsight.com\/fr\/visitor-counter-widget\/elementor\/#breadcrumb"},"inLanguage":"fr-FR","potentialAction":[{"@type":"ReadAction","target":["https:\/\/elfsight.com\/fr\/visitor-counter-widget\/elementor\/"]}]},{"@type":"BreadcrumbList","@id":"https:\/\/elfsight.com\/fr\/visitor-counter-widget\/elementor\/#breadcrumb","itemListElement":[{"@type":"ListItem","position":1,"name":"Home","item":"https:\/\/elfsight.com\/fr\/"},{"@type":"ListItem","position":2,"name":"Visitor Counter","item":"https:\/\/elfsight.com\/fr\/visitor-counter-widget\/"},{"@type":"ListItem","position":3,"name":"Visitor Counter &#8211; Elementor"}]},{"@type":"WebSite","@id":"https:\/\/elfsight.com\/fr\/#website","url":"https:\/\/elfsight.com\/fr\/","name":"Elfsight FR","description":"","potentialAction":[{"@type":"SearchAction","target":{"@type":"EntryPoint","urlTemplate":"https:\/\/elfsight.com\/fr\/?s={search_term_string}"},"query-input":{"@type":"PropertyValueSpecification","valueRequired":true,"valueName":"search_term_string"}}],"inLanguage":"fr-FR"}]}},"meta_box":{"industry":"","seo_heading":"","heading":"","description":"","cta_heading":"","cta_description":"","application":"2559","h1":"Widget Compteur de visiteurs Elementor","h1_caption":"Suivez le trafic de votre site et am\u00e9liorez votre strat\u00e9gie commerciale","application_category":[],"applications_title":"","applications_request_title":"","applications_request_button_text":"","hero_text":"","hero_video":"","hero_video_schema_markup":"","selling_points_title":"","selling_points_caption":"","selling_points":[],"selling_points_cta_text":"","features_title":"","features":"","ed_cta_examples_text":"","ed_cta_examples_hidden":"","ed_cta_demo_text":"","ed_cta_demo_hidden":"","why_caption":"","why_editor_title":"","why_editor_text":"","why_team_title":"","why_team_text":"","why_service_title":"","why_service_text":"","template_catalog_visible":"","template_catalog_title":"","template_catalog_text":"","template_catalog_categories_visible":"","demo_title":"N'h\u00e9sitez pas \u00e0 composer un compteur de visiteurs Elementor personnalis\u00e9","demo_caption":"Personnalisez-le et impl\u00e9mentez l'outil sur votre site Web \u00e0 l'aide d'une d\u00e9mo active","default_faq_hidden":"","app_template_category":[],"platform":"385","template_public_id":"","codecanyon_url":"","codecanyon_item_id":"","codecanyon_price":"","pricing_caption":"","pricing_elfsight_apps_hide_column":"","pricing_elfsight_apps_url":"","pricing_codecanyon_price_caption":"","integration_category":[],"integration_request_title":"","integration_request_cta":"","integration_platform":"","integrations":[],"platform_category":[],"video_schema_markup":"","price":"\u00e0 partir de 0$ \/ mois","trial":"","benefits":[{"text":"Aide \u00e0 l'installation gratuite"},{"text":"Assistance premium"},{"text":"Garantie de remboursement de 14 jours"},{"text":"Mise \u00e0 jour constante"}],"button_url":"","button_target_blank":"","button_nofollow":"","attributes":[{"name":"Installations","content":"10,000 - 100,000"},{"name":"Sensible","content":"Oui"},{"name":"Navigateurs compatibles","content":"Firefox, Safari, Opera, Chrome, Edge"}],"tags":[],"tags_disable_links":"","hide_more_platforms":"","video_object":"","demo_hide_cta":"","demo_hide_cloud_options":"","pricing_title":"","pricing":[{"pricing_icon":"platform","pricing_title":"Elfsight Apps","pricing_title_caption":"Logiciel multiplateforme","pricing_price":"from $0 \/ month","pricing_price_caption":"commencez avec un forfait gratuit","pricing_benefits":[{"text":"Sites Web illimit\u00e9s"},{"text":"Assistance 24h\/24 et 7j\/7 et \u00e0 temps"},{"text":"Aide \u00e0 l'installation gratuite"},{"text":"Offre sp\u00e9ciale pour plusieurs applications"}],"pricing_button_text":"Ajouter au site Web","pricing_button_url":"#demo"}],"related_apps_title":"","related_apps_hidden":"","author":"","image":[],"title":"","job":"","social_networks":[]},"_links":{"self":[{"href":"https:\/\/elfsight.com\/fr\/wp-json\/wp\/v2\/pages\/11003","targetHints":{"allow":["GET"]}}],"collection":[{"href":"https:\/\/elfsight.com\/fr\/wp-json\/wp\/v2\/pages"}],"about":[{"href":"https:\/\/elfsight.com\/fr\/wp-json\/wp\/v2\/types\/page"}],"author":[{"embeddable":true,"href":"https:\/\/elfsight.com\/fr\/wp-json\/wp\/v2\/users\/9"}],"replies":[{"embeddable":true,"href":"https:\/\/elfsight.com\/fr\/wp-json\/wp\/v2\/comments?post=11003"}],"version-history":[{"count":1,"href":"https:\/\/elfsight.com\/fr\/wp-json\/wp\/v2\/pages\/11003\/revisions"}],"predecessor-version":[{"id":11007,"href":"https:\/\/elfsight.com\/fr\/wp-json\/wp\/v2\/pages\/11003\/revisions\/11007"}],"up":[{"embeddable":true,"href":"https:\/\/elfsight.com\/fr\/wp-json\/wp\/v2\/pages\/2560"}],"wp:attachment":[{"href":"https:\/\/elfsight.com\/fr\/wp-json\/wp\/v2\/media?parent=11003"}],"curies":[{"name":"wp","href":"https:\/\/api.w.org\/{rel}","templated":true}]}}