{"id":11002,"date":"1970-01-01T00:00:00","date_gmt":"1970-01-01T00:00:00","guid":{"rendered":"https:\/\/elfsight.com\/fr\/?page_id=11002"},"modified":"2025-07-10T14:08:18","modified_gmt":"2025-07-10T14:08:18","slug":"joomla","status":"publish","type":"page","link":"https:\/\/elfsight.com\/fr\/visitor-counter-widget\/joomla\/","title":{"rendered":"Visitor Counter  &#8211; Joomla"},"content":{"rendered":"<div class=\"application-platform-content-item-description application-platform-content-item\" id=\"description\" data-nav-section=\"description\"> <h2>Description<\/h2> <p> Visitor Counter pour Joomla est une extension facile \u00e0 g\u00e9rer qui vous permet de suivre votre nombre de visiteurs et les pages les plus populaires consult\u00e9es au cours d&rsquo;une p\u00e9riode de temps donn\u00e9e. Les m\u00e9triques essentielles sont d\u00e9sormais faciles \u00e0 surveiller sans faire appel \u00e0 des sp\u00e9cialistes sp\u00e9cifiques du codage ou de l&rsquo;analyse de donn\u00e9es. De plus, vous pouvez facilement garantir aux visiteurs que vous \u00eates une entreprise digne de confiance et que vous avez plus de nouveaux clients. Gr\u00e2ce \u00e0 nos opportunit\u00e9s \u00e9l\u00e9gantes et personnalisables et nos mises en page pratiques, vous pouvez cr\u00e9er l&rsquo;outil pour votre site en quelques secondes seulement. <\/p> <p><b>Avec Visitor Counter, suivez la qualit\u00e9 de votre contenu et le nombre de visiteurs et obtenez une croissance commerciale plus rapide\u00a0! <\/b><\/p><\/div> <div class=\"faq\" data-component=\"FAQ\"><div class=\"faq-item\">\r\n\t\t\t\t\t<div class=\"faq-item-question\">\r\n\t\t\t\t\t\t<h3 class=\"faq-item-question-text\">De quelle mani\u00e8re puis-je int\u00e9grer un compteur de visiteurs sur le site Joomla ? <\/h3>\r\n\r\n\t\t\t\t\t\t<div class=\"faq-item-question-icon\"><\/div>\r\n\t\t\t\t\t<\/div>\r\n\r\n\t\t\t\t\t<div class=\"faq-item-answer\">\r\n\t\t\t\t\t\t<div class=\"faq-item-answer-text\"><p>La fondation L&rsquo;utilisation de l&rsquo;outil se fait sur les pages Elfsight et il n&rsquo;est pas n\u00e9cessaire d&rsquo;apprendre le codage. Acc\u00e9dez \u00e0 la d\u00e9mo active pour cr\u00e9er votre application personnelle, obtenez le code et int\u00e9grez-le \u00e0 votre site. <\/p><\/div>\r\n\t\t\t\t\t<\/div>\r\n\t\t\t\t<\/div><div class=\"faq-item\">\r\n\t\t\t\t\t<div class=\"faq-item-question\">\r\n\t\t\t\t\t\t<h3 class=\"faq-item-question-text\">Les meilleurs exemples d'utilisation de l'int\u00e9gration du compteur d'acc\u00e8s \u00e0 un site Web<\/h3>\r\n\r\n\t\t\t\t\t\t<div class=\"faq-item-question-icon\"><\/div>\r\n\t\t\t\t\t<\/div>\r\n\r\n\t\t\t\t\t<div class=\"faq-item-answer\">\r\n\t\t\t\t\t\t<div class=\"faq-item-answer-text\"><p>Nous vous proposerons une multitude d&rsquo;opportunit\u00e9s d&rsquo;ajustement\u00a0: des widgets \u00e0 grande \u00e9chelle pour ajouter dans la zone de contenu, des plugins flottants avec des options de d\u00e9filement, des vignettes pour le pied de page, la section d&rsquo;en-t\u00eate et toutes les variantes de possibilit\u00e9s verticales pour les barres lat\u00e9rales et les menus du site Web. <\/p><\/div>\r\n\t\t\t\t\t<\/div>\r\n\t\t\t\t<\/div><div class=\"faq-item\">\r\n\t\t\t\t\t<div class=\"faq-item-question\">\r\n\t\t\t\t\t\t<h3 class=\"faq-item-question-text\">Puis-je cr\u00e9er un compteur de visiteurs vertical ou quotidien avec l'aide de votre \u00e9diteur ? <\/h3>\r\n\r\n\t\t\t\t\t\t<div class=\"faq-item-question-icon\"><\/div>\r\n\t\t\t\t\t<\/div>\r\n\r\n\t\t\t\t\t<div class=\"faq-item-answer\">\r\n\t\t\t\t\t\t<div class=\"faq-item-answer-text\"><p>Vous pouvez cr\u00e9er les variantes de n&rsquo;importe quel widget. De nombreuses mises en page sont \u00e0 votre disposition dans l&rsquo;\u00e9diteur, et toutes peuvent \u00eatre rapidement personnalis\u00e9es selon vos besoins. <\/p><\/div>\r\n\t\t\t\t\t<\/div>\r\n\t\t\t\t<\/div><\/div><div class=\"application-platform-content-item-features application-platform-content-item\" id=\"features\" data-nav-section=\"features\"> <h2>Voici seulement quelques-unes des riches fonctionnalit\u00e9s de l&rsquo;extension\u00a0: <\/h2> <ul><li>Facile \u00e0 utiliser sans comp\u00e9tences professionnelles de analyse de donn\u00e9es et codage requis<\/li><li>Une grande vari\u00e9t\u00e9 d&rsquo;intervalles de temps pour compter vos m\u00e9triques<\/li><li> Des mises en page pratiques pour g\u00e9rer toutes les informations de mani\u00e8re pratique <\/li><li>Clair, fonc\u00e9 et des jeux de couleurs personnalisables pour ajuster l&rsquo;outil <\/li><li> D\u00e9finir la taille et l&rsquo;\u00e9paisseur de la police <\/li><li> Facile \u00e0 cr\u00e9er m\u00eame sans comp\u00e9tences en codage <\/li><\/ul><p><a href=\"#demo\">Examinez toutes les fonctionnalit\u00e9s de personnalisation dans une d\u00e9mo 100% fonctionnelle<\/a><\/p> <\/div> <div class=\"application-platform-content-item-installation application-platform-content-item\" id=\"installation\" data-nav-section=\"installation\"> <h2>Comment ajouter un compteur de visiteurs sur ma page Web Joomla\u00a0? <\/h2> <div class=\"video-container\"><iframe width=\"720\" height=\"405\" src=\"https:\/\/www.youtube.com\/embed\/8ZVzlefWZ_Y\" frameborder=\"0\" allowfullscreen=\"\"><\/iframe><\/div><p>Suivez simplement les instructions ci-dessous pour commencer \u00e0 utiliser l&rsquo;outil\u00a0: <\/p> <ol><li><b>Utilisez notre d\u00e9mo gratuite et commencez \u00e0 cr\u00e9er votre propre extension. <\/b><br> Choisissez l&rsquo;interface et les performances appropri\u00e9es de l&rsquo;extension et enregistrez toutes les modifications. <\/li> <li><b>Copiez le code individuel qui est affich\u00e9 dans le formulaire sp\u00e9cial sur les applications Elfsight. <\/b><br> Une fois la configuration de votre extension termin\u00e9e, copiez le code individuel dans la case qui appara\u00eet et conservez-le pour vos besoins futurs. <\/li> <li><b>Initiez l&rsquo;utilisation de l&rsquo;extension sur votre site Web Joomla. <\/b><br> Ajoutez le code copi\u00e9 pr\u00e9c\u00e9demment dans votre page web et appliquez les corrections. <\/li> <li><b>L&rsquo;installation est enti\u00e8rement effectu\u00e9e. <\/b><br> Acc\u00e9dez \u00e0 votre site pour v\u00e9rifier comment fonctionne l&rsquo;extension. <\/li><\/ol><p>Si vous rencontrez des obstacles, veuillez contacter notre \u00e9quipe d&rsquo;assistance. Nos consultants ont h\u00e2te de r\u00e9soudre toutes les difficult\u00e9s que vous pourriez rencontrer avec l&rsquo;extension. <\/p> <\/div>","protected":false},"excerpt":{"rendered":"","protected":false},"author":9,"featured_media":0,"parent":2560,"menu_order":0,"comment_status":"closed","ping_status":"closed","template":"templates\/template-application-platform.php","meta":{"publish_to_discourse":"","publish_post_category":"","wpdc_auto_publish_overridden":"","wpdc_topic_tags":"","wpdc_pin_topic":"","wpdc_pin_until":"","discourse_post_id":"","discourse_permalink":"","wpdc_publishing_response":"","wpdc_publishing_error":"","footnotes":""},"class_list":["post-11002","page","type-page","status-publish","hentry"],"yoast_head":"<!-- This site is optimized with the Yoast SEO plugin v25.3.1 - https:\/\/yoast.com\/wordpress\/plugins\/seo\/ -->\n<title>Ajoutez l&#039;extension Visitor Counter au site Web Joomla (rapide et gratuit)<\/title>\n<meta name=\"description\" content=\"Cr\u00e9ez votre meilleure extension de compteur de visiteurs et ajoutez-la rapidement \u00e0 votre site Web. Nous offrons un support client gratuit et d&#039;autres bonus.\" \/>\n<meta name=\"robots\" content=\"index, follow, max-snippet:-1, max-image-preview:large, max-video-preview:-1\" \/>\n<link rel=\"canonical\" href=\"https:\/\/elfsight.com\/fr\/visitor-counter-widget\/joomla\/\" \/>\n<meta property=\"og:locale\" content=\"fr_FR\" \/>\n<meta property=\"og:type\" content=\"article\" \/>\n<meta property=\"og:title\" content=\"Ajoutez l&#039;extension Visitor Counter au site Web Joomla (rapide et gratuit)\" \/>\n<meta property=\"og:description\" content=\"Cr\u00e9ez votre meilleure extension de compteur de visiteurs et ajoutez-la rapidement \u00e0 votre site Web. Nous offrons un support client gratuit et d&#039;autres bonus.\" \/>\n<meta property=\"og:url\" content=\"https:\/\/elfsight.com\/fr\/visitor-counter-widget\/joomla\/\" \/>\n<meta property=\"og:site_name\" content=\"Elfsight FR\" \/>\n<meta property=\"article:modified_time\" content=\"2025-07-10T14:08:18+00:00\" \/>\n<meta name=\"twitter:card\" content=\"summary_large_image\" \/>\n<meta name=\"twitter:label1\" content=\"Dur\u00e9e de lecture estim\u00e9e\" \/>\n\t<meta name=\"twitter:data1\" content=\"3 minutes\" \/>\n<!-- \/ Yoast SEO plugin. -->","yoast_head_json":{"title":"Ajoutez l'extension Visitor Counter au site Web Joomla (rapide et gratuit)","description":"Cr\u00e9ez votre meilleure extension de compteur de visiteurs et ajoutez-la rapidement \u00e0 votre site Web. Nous offrons un support client gratuit et d'autres bonus.","robots":{"index":"index","follow":"follow","max-snippet":"max-snippet:-1","max-image-preview":"max-image-preview:large","max-video-preview":"max-video-preview:-1"},"canonical":"https:\/\/elfsight.com\/fr\/visitor-counter-widget\/joomla\/","og_locale":"fr_FR","og_type":"article","og_title":"Ajoutez l'extension Visitor Counter au site Web Joomla (rapide et gratuit)","og_description":"Cr\u00e9ez votre meilleure extension de compteur de visiteurs et ajoutez-la rapidement \u00e0 votre site Web. Nous offrons un support client gratuit et d'autres bonus.","og_url":"https:\/\/elfsight.com\/fr\/visitor-counter-widget\/joomla\/","og_site_name":"Elfsight FR","article_modified_time":"2025-07-10T14:08:18+00:00","twitter_card":"summary_large_image","twitter_misc":{"Dur\u00e9e de lecture estim\u00e9e":"3 minutes"},"schema":{"@context":"https:\/\/schema.org","@graph":[{"@type":"WebPage","@id":"https:\/\/elfsight.com\/fr\/visitor-counter-widget\/joomla\/","url":"https:\/\/elfsight.com\/fr\/visitor-counter-widget\/joomla\/","name":"Ajoutez l'extension Visitor Counter au site Web Joomla (rapide et gratuit)","isPartOf":{"@id":"https:\/\/elfsight.com\/fr\/#website"},"datePublished":"1970-01-01T00:00:00+00:00","dateModified":"2025-07-10T14:08:18+00:00","description":"Cr\u00e9ez votre meilleure extension de compteur de visiteurs et ajoutez-la rapidement \u00e0 votre site Web. Nous offrons un support client gratuit et d'autres bonus.","breadcrumb":{"@id":"https:\/\/elfsight.com\/fr\/visitor-counter-widget\/joomla\/#breadcrumb"},"inLanguage":"fr-FR","potentialAction":[{"@type":"ReadAction","target":["https:\/\/elfsight.com\/fr\/visitor-counter-widget\/joomla\/"]}]},{"@type":"BreadcrumbList","@id":"https:\/\/elfsight.com\/fr\/visitor-counter-widget\/joomla\/#breadcrumb","itemListElement":[{"@type":"ListItem","position":1,"name":"Home","item":"https:\/\/elfsight.com\/fr\/"},{"@type":"ListItem","position":2,"name":"Visitor Counter","item":"https:\/\/elfsight.com\/fr\/visitor-counter-widget\/"},{"@type":"ListItem","position":3,"name":"Visitor Counter &#8211; Joomla"}]},{"@type":"WebSite","@id":"https:\/\/elfsight.com\/fr\/#website","url":"https:\/\/elfsight.com\/fr\/","name":"Elfsight FR","description":"","potentialAction":[{"@type":"SearchAction","target":{"@type":"EntryPoint","urlTemplate":"https:\/\/elfsight.com\/fr\/?s={search_term_string}"},"query-input":{"@type":"PropertyValueSpecification","valueRequired":true,"valueName":"search_term_string"}}],"inLanguage":"fr-FR"}]}},"meta_box":{"industry":"","seo_heading":"","heading":"","description":"","cta_heading":"","cta_description":"","application":"2559","h1":"Extension du compteur de visiteurs Joomla","h1_caption":"Suivez les analyses de votre site Web et augmentez votre niveau de cr\u00e9dibilit\u00e9","application_category":[],"applications_title":"","applications_request_title":"","applications_request_button_text":"","hero_text":"","hero_video":"","hero_video_schema_markup":"","selling_points_title":"","selling_points_caption":"","selling_points":[],"selling_points_cta_text":"","features_title":"","features":"","ed_cta_examples_text":"","ed_cta_examples_hidden":"","ed_cta_demo_text":"","ed_cta_demo_hidden":"","why_caption":"","why_editor_title":"","why_editor_text":"","why_team_title":"","why_team_text":"","why_service_title":"","why_service_text":"","template_catalog_visible":"","template_catalog_title":"","template_catalog_text":"","template_catalog_categories_visible":"","demo_title":"N'h\u00e9sitez pas \u00e0 cr\u00e9er un Compteur de Visiteurs personnalis\u00e9 en quelques clics !","demo_caption":"Personnalisez et int\u00e9grez l'outil dans votre page d'accueil \u00e0 l'aide d'une d\u00e9mo active","default_faq_hidden":"","app_template_category":[],"platform":"354","template_public_id":"","codecanyon_url":"","codecanyon_item_id":"","codecanyon_price":"","pricing_caption":"","pricing_elfsight_apps_hide_column":"","pricing_elfsight_apps_url":"","pricing_codecanyon_price_caption":"","integration_category":[],"integration_request_title":"","integration_request_cta":"","integration_platform":"","integrations":[],"platform_category":[],"video_schema_markup":"","price":"\u00e0 partir de 0$ \/ mois","trial":"","benefits":[{"text":"Aide \u00e0 l'installation gratuite"},{"text":"Un soutien exceptionnel"},{"text":"Garantie de remboursement de 14 jours"},{"text":"D\u00e9veloppement continu"}],"button_url":"","button_target_blank":"","button_nofollow":"","attributes":[{"name":"Installations","content":"10,000 - 100,000"},{"name":"Sensible","content":"Oui"},{"name":"Navigateurs compatibles","content":"Firefox, Safari, Opera, Chrome, Edge"}],"tags":[],"tags_disable_links":"","hide_more_platforms":"","video_object":"","demo_hide_cta":"","demo_hide_cloud_options":"","pricing_title":"","pricing":[{"pricing_icon":"platform","pricing_title":"Elfsight Apps","pricing_title_caption":"Solution ind\u00e9pendante de la plateforme","pricing_price":"from $0 \/ month","pricing_price_caption":"commencez avec un forfait gratuit","pricing_benefits":[{"text":"Sites Web illimit\u00e9s"},{"text":"Un support d\u00e9di\u00e9"},{"text":"Aide \u00e0 l'installation gratuite"},{"text":"Prix \u200b\u200bsp\u00e9cial pour plusieurs applications"}],"pricing_button_text":"Ajouter au site Web","pricing_button_url":"#demo"}],"related_apps_title":"","related_apps_hidden":"","author":"","image":[],"title":"","job":"","social_networks":[]},"_links":{"self":[{"href":"https:\/\/elfsight.com\/fr\/wp-json\/wp\/v2\/pages\/11002","targetHints":{"allow":["GET"]}}],"collection":[{"href":"https:\/\/elfsight.com\/fr\/wp-json\/wp\/v2\/pages"}],"about":[{"href":"https:\/\/elfsight.com\/fr\/wp-json\/wp\/v2\/types\/page"}],"author":[{"embeddable":true,"href":"https:\/\/elfsight.com\/fr\/wp-json\/wp\/v2\/users\/9"}],"replies":[{"embeddable":true,"href":"https:\/\/elfsight.com\/fr\/wp-json\/wp\/v2\/comments?post=11002"}],"version-history":[{"count":1,"href":"https:\/\/elfsight.com\/fr\/wp-json\/wp\/v2\/pages\/11002\/revisions"}],"predecessor-version":[{"id":11006,"href":"https:\/\/elfsight.com\/fr\/wp-json\/wp\/v2\/pages\/11002\/revisions\/11006"}],"up":[{"embeddable":true,"href":"https:\/\/elfsight.com\/fr\/wp-json\/wp\/v2\/pages\/2560"}],"wp:attachment":[{"href":"https:\/\/elfsight.com\/fr\/wp-json\/wp\/v2\/media?parent=11002"}],"curies":[{"name":"wp","href":"https:\/\/api.w.org\/{rel}","templated":true}]}}