{"id":10997,"date":"1970-01-01T00:00:00","date_gmt":"1970-01-01T00:00:00","guid":{"rendered":"https:\/\/elfsight.com\/fr\/?page_id=10997"},"modified":"2025-07-10T14:08:22","modified_gmt":"2025-07-10T14:08:22","slug":"jquery","status":"publish","type":"page","link":"https:\/\/elfsight.com\/fr\/visitor-counter-widget\/jquery\/","title":{"rendered":"Visitor Counter  &#8211; jQuery"},"content":{"rendered":"<div class=\"application-platform-content-item-description application-platform-content-item\" id=\"description\" data-nav-section=\"description\"> <h2>Description<\/h2> <p> Visitor Counter pour jQuery est un outil pratique qui vous permet de suivre votre quantit\u00e9 de visiteurs et les plus populaires. pages consult\u00e9es dans un d\u00e9lai pr\u00e9cis. Les statistiques de l\u2019\u00e9tat civil sont d\u00e9sormais faciles \u00e0 analyser sans sp\u00e9cialistes sp\u00e9cifiques du codage ou de l\u2019analyse des donn\u00e9es. En l&rsquo;utilisant, vous pouvez facilement garantir aux t\u00e9l\u00e9spectateurs que vous \u00eates une entreprise respectable et attirer beaucoup plus de nouveaux clients. Gr\u00e2ce \u00e0 nos options \u00e9l\u00e9gantes et adaptables et \u00e0 nos mises en page pratiques, vous pouvez cr\u00e9er le plugin pour votre site Web en quelques secondes seulement. <\/p> <p><b>Avec Visitor Counter, surveillez vos statistiques et d\u00e9marrez une croissance active de votre entreprise\u00a0! <\/b><\/p><\/div> <div class=\"application-platform-content-item-features application-platform-content-item\" id=\"features\" data-nav-section=\"features\"> <h2>Voici seulement quelques-unes des nombreuses fonctionnalit\u00e9s du plugin\u00a0: <\/h2> <ul><li>Simplement \u00e0 utiliser sans demande professionnelle comp\u00e9tences en analyse de donn\u00e9es et en codage requises<\/li><li>Une large gamme de dur\u00e9es pour surveiller vos statistiques<\/li><li>Mise en page pratique pour former toutes les informations de mani\u00e8re accessible <\/li><li>L\u00e9ger, Jeux de couleurs sombres et personnalisables pour ajuster l&rsquo;outil <\/li><li>Choisissez la taille et le poids de la police <\/li><li>Il suffit d&rsquo;int\u00e9grer m\u00eame sans comp\u00e9tences en codage <\/li><\/ul><p><a href=\"#demo\">Cochez simplement cette d\u00e9mo pour voir ce que vaut le plugin<\/a><\/p> <\/div> <div class=\"application-platform-content-item-installation application-platform-content-item\" id=\"installation\" data-nav-section=\"installation\"> <h2>Comment puis-je ajouter un compteur de visiteurs \u00e0 mon site Web jQuery page? <\/h2> <p>Suivez simplement les instructions ci-dessous pour activer le plugin\u00a0: <\/p> <ol><li><b>Ex\u00e9cutez notre \u00e9diteur gratuit et commencez \u00e0 cr\u00e9er votre instrument personnalis\u00e9. <\/b><br> D\u00e9terminez la conception et les sp\u00e9cifications appropri\u00e9es du plugin et appliquez les modifications. <\/li> <li><b>Recevez le code unique apparaissant dans le formulaire sp\u00e9cial sur les applications Elfsight. <\/b><br> Une fois la personnalisation de votre plugin personnel termin\u00e9e, copiez le code personnel dans la case qui appara\u00eet et conservez-le pour un besoin ult\u00e9rieur. <\/li> <li><b>Commencez \u00e0 utiliser le widget sur votre site Web jQuery. <\/b><br> Ajoutez le code que vous avez copi\u00e9 r\u00e9cemment dans votre page d&rsquo;accueil et appliquez les modifications. <\/li> <li><b>Fait\u00a0! L&rsquo;int\u00e9gration est pleinement r\u00e9alis\u00e9e. <\/b><br> Visitez votre page pour v\u00e9rifier le fonctionnement du plugin. <\/li><\/ol> <p>Si vous rencontrez des probl\u00e8mes, n&rsquo;h\u00e9sitez pas \u00e0 faire appel \u00e0 notre \u00e9quipe d&rsquo;assistance. Nos consultants ont h\u00e2te de r\u00e9soudre toutes les difficult\u00e9s que vous pourriez rencontrer avec l&rsquo;outil. <\/p> <div class=\"faq\" data-component=\"FAQ\"><div class=\"faq-item\">\r\n\t\t\t\t\t<div class=\"faq-item-question\">\r\n\t\t\t\t\t\t<h3 class=\"faq-item-question-text\">Comment int\u00e9grer Visitor Counter \u00e0 mon site jQuery sans aucune connaissance en codage ?<\/h3>\r\n\r\n\t\t\t\t\t\t<div class=\"faq-item-question-icon\"><\/div>\r\n\t\t\t\t\t<\/div>\r\n\r\n\t\t\t\t\t<div class=\"faq-item-answer\">\r\n\t\t\t\t\t\t<div class=\"faq-item-answer-text\"> <p>La soci\u00e9t\u00e9 Elfsight propose une solution SaaS qui vous permet de cr\u00e9er vous-m\u00eame un plugin Visitor Counter, voyez comment C&rsquo;est simple\u00a0: acc\u00e9dez \u00e0 la d\u00e9mo en direct pour g\u00e9n\u00e9rer une application de compteur de visiteurs que vous souhaitez int\u00e9grer sur votre page d&rsquo;accueil jQuery. Choisissez l&rsquo;un de nos mod\u00e8les pr\u00e9d\u00e9finis et adaptez les param\u00e8tres du compteur de visiteurs, transformez la mise en page et les couleurs, ajoutez votre contenu, sans connaissances en codage. Enregistrez le compteur de visiteurs et obtenez le code d&rsquo;installation, qui peut \u00eatre inclus sans effort et gratuitement dans la page d&rsquo;accueil de jQuery. En travaillant dans le configurateur convivial, chaque utilisateur Web peut cr\u00e9er un compteur de visiteurs et le coller facilement sur son site Web jQuery. Il n&rsquo;est pas n\u00e9cessaire de payer ou de soumettre les informations d&rsquo;identification de votre carte pour acc\u00e9der \u00e0 notre service. Si vous rencontrez des probl\u00e8mes de quelque nature que ce soit, n&rsquo;h\u00e9sitez pas \u00e0 contacter notre service client.<\/p> <\/div>\r\n\t\t\t\t\t<\/div>\r\n\t\t\t\t<\/div> <\/div><\/div>","protected":false},"excerpt":{"rendered":"","protected":false},"author":9,"featured_media":0,"parent":2560,"menu_order":0,"comment_status":"closed","ping_status":"closed","template":"templates\/template-application-platform.php","meta":{"publish_to_discourse":"","publish_post_category":"","wpdc_auto_publish_overridden":"","wpdc_topic_tags":"","wpdc_pin_topic":"","wpdc_pin_until":"","discourse_post_id":"","discourse_permalink":"","wpdc_publishing_response":"","wpdc_publishing_error":"","footnotes":""},"class_list":["post-10997","page","type-page","status-publish","hentry"],"yoast_head":"<!-- This site is optimized with the Yoast SEO plugin v25.3.1 - https:\/\/yoast.com\/wordpress\/plugins\/seo\/ -->\n<title>Cr\u00e9er un plugin Visitor Counter sur le site Web jQuery (rapide et gratuit)<\/title>\n<meta name=\"description\" content=\"Voici la meilleure possibilit\u00e9 de cr\u00e9er le plugin Hit Counter et de l\u2019ajouter \u00e0 votre site Web jQuery. Profitez du service client gratuit d&#039;Elfsight.\" \/>\n<meta name=\"robots\" content=\"index, follow, max-snippet:-1, max-image-preview:large, max-video-preview:-1\" \/>\n<link rel=\"canonical\" href=\"https:\/\/elfsight.com\/fr\/visitor-counter-widget\/jquery\/\" \/>\n<meta property=\"og:locale\" content=\"fr_FR\" \/>\n<meta property=\"og:type\" content=\"article\" \/>\n<meta property=\"og:title\" content=\"Cr\u00e9er un plugin Visitor Counter sur le site Web jQuery (rapide et gratuit)\" \/>\n<meta property=\"og:description\" content=\"Voici la meilleure possibilit\u00e9 de cr\u00e9er le plugin Hit Counter et de l\u2019ajouter \u00e0 votre site Web jQuery. Profitez du service client gratuit d&#039;Elfsight.\" \/>\n<meta property=\"og:url\" content=\"https:\/\/elfsight.com\/fr\/visitor-counter-widget\/jquery\/\" \/>\n<meta property=\"og:site_name\" content=\"Elfsight FR\" \/>\n<meta property=\"article:modified_time\" content=\"2025-07-10T14:08:22+00:00\" \/>\n<meta name=\"twitter:card\" content=\"summary_large_image\" \/>\n<meta name=\"twitter:label1\" content=\"Dur\u00e9e de lecture estim\u00e9e\" \/>\n\t<meta name=\"twitter:data1\" content=\"3 minutes\" \/>\n<!-- \/ Yoast SEO plugin. -->","yoast_head_json":{"title":"Cr\u00e9er un plugin Visitor Counter sur le site Web jQuery (rapide et gratuit)","description":"Voici la meilleure possibilit\u00e9 de cr\u00e9er le plugin Hit Counter et de l\u2019ajouter \u00e0 votre site Web jQuery. Profitez du service client gratuit d'Elfsight.","robots":{"index":"index","follow":"follow","max-snippet":"max-snippet:-1","max-image-preview":"max-image-preview:large","max-video-preview":"max-video-preview:-1"},"canonical":"https:\/\/elfsight.com\/fr\/visitor-counter-widget\/jquery\/","og_locale":"fr_FR","og_type":"article","og_title":"Cr\u00e9er un plugin Visitor Counter sur le site Web jQuery (rapide et gratuit)","og_description":"Voici la meilleure possibilit\u00e9 de cr\u00e9er le plugin Hit Counter et de l\u2019ajouter \u00e0 votre site Web jQuery. Profitez du service client gratuit d'Elfsight.","og_url":"https:\/\/elfsight.com\/fr\/visitor-counter-widget\/jquery\/","og_site_name":"Elfsight FR","article_modified_time":"2025-07-10T14:08:22+00:00","twitter_card":"summary_large_image","twitter_misc":{"Dur\u00e9e de lecture estim\u00e9e":"3 minutes"},"schema":{"@context":"https:\/\/schema.org","@graph":[{"@type":"WebPage","@id":"https:\/\/elfsight.com\/fr\/visitor-counter-widget\/jquery\/","url":"https:\/\/elfsight.com\/fr\/visitor-counter-widget\/jquery\/","name":"Cr\u00e9er un plugin Visitor Counter sur le site Web jQuery (rapide et gratuit)","isPartOf":{"@id":"https:\/\/elfsight.com\/fr\/#website"},"datePublished":"1970-01-01T00:00:00+00:00","dateModified":"2025-07-10T14:08:22+00:00","description":"Voici la meilleure possibilit\u00e9 de cr\u00e9er le plugin Hit Counter et de l\u2019ajouter \u00e0 votre site Web jQuery. Profitez du service client gratuit d'Elfsight.","breadcrumb":{"@id":"https:\/\/elfsight.com\/fr\/visitor-counter-widget\/jquery\/#breadcrumb"},"inLanguage":"fr-FR","potentialAction":[{"@type":"ReadAction","target":["https:\/\/elfsight.com\/fr\/visitor-counter-widget\/jquery\/"]}]},{"@type":"BreadcrumbList","@id":"https:\/\/elfsight.com\/fr\/visitor-counter-widget\/jquery\/#breadcrumb","itemListElement":[{"@type":"ListItem","position":1,"name":"Home","item":"https:\/\/elfsight.com\/fr\/"},{"@type":"ListItem","position":2,"name":"Visitor Counter","item":"https:\/\/elfsight.com\/fr\/visitor-counter-widget\/"},{"@type":"ListItem","position":3,"name":"Visitor Counter &#8211; jQuery"}]},{"@type":"WebSite","@id":"https:\/\/elfsight.com\/fr\/#website","url":"https:\/\/elfsight.com\/fr\/","name":"Elfsight FR","description":"","potentialAction":[{"@type":"SearchAction","target":{"@type":"EntryPoint","urlTemplate":"https:\/\/elfsight.com\/fr\/?s={search_term_string}"},"query-input":{"@type":"PropertyValueSpecification","valueRequired":true,"valueName":"search_term_string"}}],"inLanguage":"fr-FR"}]}},"meta_box":{"industry":"","seo_heading":"","heading":"","description":"","cta_heading":"","cta_description":"","application":"2559","h1":"Plugin de compteur de visiteurs jQuery","h1_caption":"Int\u00e9grez de mani\u00e8re transparente les services populaires sur votre site Web.","application_category":[],"applications_title":"","applications_request_title":"","applications_request_button_text":"","hero_text":"","hero_video":"","hero_video_schema_markup":"","selling_points_title":"","selling_points_caption":"","selling_points":[],"selling_points_cta_text":"","features_title":"","features":"","ed_cta_examples_text":"","ed_cta_examples_hidden":"","ed_cta_demo_text":"","ed_cta_demo_hidden":"","why_caption":"","why_editor_title":"","why_editor_text":"","why_team_title":"","why_team_text":"","why_service_title":"","why_service_text":"","template_catalog_visible":"","template_catalog_title":"","template_catalog_text":"","template_catalog_categories_visible":"","demo_title":"Allez-y pour cr\u00e9er un plugin Visitor Counter sur mesure","demo_caption":"Ajustez et int\u00e9grez l'outil sur votre page d'accueil \u00e0 l'aide d'une d\u00e9mo en direct","default_faq_hidden":"","app_template_category":[],"platform":"355","template_public_id":"","codecanyon_url":"","codecanyon_item_id":"","codecanyon_price":"","pricing_caption":"","pricing_elfsight_apps_hide_column":"","pricing_elfsight_apps_url":"","pricing_codecanyon_price_caption":"","integration_category":[],"integration_request_title":"","integration_request_cta":"","integration_platform":"","integrations":[],"platform_category":[],"video_schema_markup":"","price":"\u00e0 partir de 0$ \/ mois","trial":"","benefits":[{"text":"Service d'installation gratuit"},{"text":"Service client efficace"},{"text":"Garantie de remboursement de 14 jours"},{"text":"Am\u00e9liorations gratuites et continues"}],"button_url":"","button_target_blank":"","button_nofollow":"","attributes":[{"name":"Installations","content":"10,000 - 100,000"},{"name":"Sensible","content":"Oui"},{"name":"Navigateurs compatibles","content":"Firefox, Safari, Opera, Chrome, Edge"}],"tags":[],"tags_disable_links":"","hide_more_platforms":"","video_object":"","demo_hide_cta":"","demo_hide_cloud_options":"","pricing_title":"","pricing":[{"pricing_icon":"platform","pricing_title":"Elfsight Apps","pricing_title_caption":"Solution num\u00e9rique ind\u00e9pendante de la plateforme qui convient \u00e0 n'importe quel site Web","pricing_price":"from $0 \/ month","pricing_price_caption":"commencez avec un forfait gratuit","pricing_benefits":[{"text":"Sites Web illimit\u00e9s"},{"text":"Assistance rapide et ponctuelle et bien document\u00e9e"},{"text":"Aide \u00e0 l'installation gratuite"},{"text":"100% personnalisable"}],"pricing_button_text":"Ajouter au site Web","pricing_button_url":"#demo"}],"related_apps_title":"","related_apps_hidden":"","author":"","image":[],"title":"","job":"","social_networks":[]},"_links":{"self":[{"href":"https:\/\/elfsight.com\/fr\/wp-json\/wp\/v2\/pages\/10997","targetHints":{"allow":["GET"]}}],"collection":[{"href":"https:\/\/elfsight.com\/fr\/wp-json\/wp\/v2\/pages"}],"about":[{"href":"https:\/\/elfsight.com\/fr\/wp-json\/wp\/v2\/types\/page"}],"author":[{"embeddable":true,"href":"https:\/\/elfsight.com\/fr\/wp-json\/wp\/v2\/users\/9"}],"replies":[{"embeddable":true,"href":"https:\/\/elfsight.com\/fr\/wp-json\/wp\/v2\/comments?post=10997"}],"version-history":[{"count":1,"href":"https:\/\/elfsight.com\/fr\/wp-json\/wp\/v2\/pages\/10997\/revisions"}],"predecessor-version":[{"id":11001,"href":"https:\/\/elfsight.com\/fr\/wp-json\/wp\/v2\/pages\/10997\/revisions\/11001"}],"up":[{"embeddable":true,"href":"https:\/\/elfsight.com\/fr\/wp-json\/wp\/v2\/pages\/2560"}],"wp:attachment":[{"href":"https:\/\/elfsight.com\/fr\/wp-json\/wp\/v2\/media?parent=10997"}],"curies":[{"name":"wp","href":"https:\/\/api.w.org\/{rel}","templated":true}]}}