{"id":10995,"date":"1970-01-01T00:00:00","date_gmt":"1970-01-01T00:00:00","guid":{"rendered":"https:\/\/elfsight.com\/fr\/?page_id=10995"},"modified":"2025-07-10T14:08:13","modified_gmt":"2025-07-10T14:08:13","slug":"iframe","status":"publish","type":"page","link":"https:\/\/elfsight.com\/fr\/visitor-counter-widget\/iframe\/","title":{"rendered":"Visitor Counter  &#8211; iFrame"},"content":{"rendered":"<div class=\"application-platform-content-item-description application-platform-content-item\" id=\"description\" data-nav-section=\"description\"> <h2>Int\u00e9grer le compteur de visiteurs sur iFrame avec le widget Elfsight<\/h2> <p> Le compteur de visiteurs pour iFrame est un simple widget qui vous permet d&rsquo;analyser votre nombre de visiteurs et le contenu le plus populaire consult\u00e9 \u00e0 des intervalles de temps sp\u00e9cifiques. Les statistiques essentielles sont d\u00e9sormais faciles \u00e0 analyser sans sp\u00e9cialistes suppl\u00e9mentaires en analyse de donn\u00e9es. En outre, vous pouvez facilement garantir aux utilisateurs que vous \u00eates une entreprise respectable et augmenter le niveau de ventes. Gr\u00e2ce \u00e0 nos options \u00e9l\u00e9gantes personnalis\u00e9es et \u00e0 nos mises en page pratiques, vous pouvez cr\u00e9er le widget sur votre page en un seul clic. <\/p> <p><b>Int\u00e9grez un compteur de visiteurs pour am\u00e9liorer votre strat\u00e9gie commerciale plus simplement\u00a0! <\/b><\/p><\/div> <div class=\"application-platform-content-item-features application-platform-content-item\" id=\"features\" data-nav-section=\"features\"> <h2>Voici quelques-unes des puissantes fonctionnalit\u00e9s du widget\u00a0: <\/h2> <ul><li>Simplement \u00e0 utiliser sans demande sp\u00e9cifique connaissance de l&rsquo;analyse des donn\u00e9es et du codage requise<\/li><li>Une grande vari\u00e9t\u00e9 d&rsquo;intervalles de temps pour compter vos statistiques<\/li><li> des mises en page utiles pour organiser tous les points de mani\u00e8re pratique <\/li><li>L\u00e9ger , Jeux de couleurs sombres et personnalisables pour rendre l&rsquo;outil \u00e9l\u00e9gant <\/li><li> D\u00e9finir la taille et l&rsquo;\u00e9paisseur de la police <\/li><li> Facile \u00e0 int\u00e9grer m\u00eame sans comp\u00e9tences en codage <\/li><\/ul><p><a href=\"#demo\">Essayez simplement cette d\u00e9mo pour comprendre les fonctionnalit\u00e9s du widget<\/a><\/p> <\/div> <div class=\"application-platform-content-item-installation application-platform-content-item\" id=\"installation\" data-nav-section=\"installation\"> <h2>Comment int\u00e9grer le compteur de visiteurs dans mon Site Web iFrame\u00a0? <\/h2> <p>Suivez simplement les instructions ci-dessous pour int\u00e9grer l&rsquo;outil. <\/p> <ol><li><b>Ex\u00e9cutez notre configurateur gratuit et commencez \u00e0 cr\u00e9er votre widget sur mesure. <\/b><br> Choisissez l&rsquo;apparence et les aspects s\u00e9lectionn\u00e9s de l&rsquo;outil et enregistrez les modifications. <\/li> <li><b>Copiez votre code personnel apparaissant dans le formulaire sp\u00e9cial sur Elfsight Apps. <\/b><br> Une fois la configuration de votre widget personnel termin\u00e9e, copiez le code individuel dans la case qui appara\u00eet et enregistrez-le pour une utilisation ult\u00e9rieure. <\/li> <li><b>Commencez \u00e0 utiliser le widget sur votre page d&rsquo;accueil iFrame. <\/b><br> Ajoutez le code copi\u00e9 auparavant dans votre page et appliquez les modifications. <\/li> <li><b>L&rsquo;installation est enti\u00e8rement termin\u00e9e. <\/b><br> Acc\u00e9dez \u00e0 votre site Web pour voir les performances du widget. <\/li><\/ol> <p>Si vous faites face \u00e0 des demandes de renseignements ou rencontrez des complications, n&rsquo;h\u00e9sitez pas \u00e0 demander l&rsquo;aide de notre service client. Nos sp\u00e9cialistes sont impatients de r\u00e9soudre tous les probl\u00e8mes que vous pourriez rencontrer avec le widget. <\/p> <div class=\"faq\" data-component=\"FAQ\"><div class=\"faq-item\">\r\n\t\t\t\t\t<div class=\"faq-item-question\">\r\n\t\t\t\t\t\t<h3 class=\"faq-item-question-text\">Existe-t-il une option pour int\u00e9grer un compteur de visiteurs \u00e0 mon site Web iFrame sans exp\u00e9rience en codage ?<\/h3>\r\n\r\n\t\t\t\t\t\t<div class=\"faq-item-question-icon\"><\/div>\r\n\t\t\t\t\t<\/div>\r\n\r\n\t\t\t\t\t<div class=\"faq-item-answer\">\r\n\t\t\t\t\t\t<div class=\"faq-item-answer-text\"> <p>Elfsight introduit une solution qui permet aux propri\u00e9taires de sites d&rsquo;\u00e9tablir vous-m\u00eame un widget de compteur de visiteurs, v\u00e9rifiez les instructions simples\u00a0: acc\u00e9dez \u00e0 la d\u00e9mo en ligne pour cr\u00e9er une section de compteur de visiteurs que vous souhaitez int\u00e9grer sur iFrame. S\u00e9lectionnez l&rsquo;un des mod\u00e8les pr\u00e9d\u00e9finis et modifiez les param\u00e8tres du compteur de visiteurs, mettez \u00e0 jour votre contenu, modifiez la mise en page et la palette de couleurs sans connaissances en codage. Enregistrez les param\u00e8tres que vous avez d\u00e9finis dans Visitor Counter et copiez son code d&rsquo;installation, afin de pouvoir facilement l&rsquo;ajouter au site Web iFrame sans avoir besoin d&rsquo;acheter un abonnement payant. \u00c0 l&rsquo;aide de l&rsquo;\u00e9diteur simple, chaque internaute peut cr\u00e9er une section Compteur de visiteurs et l&rsquo;int\u00e9grer facilement \u00e0 la page Web iFrame. Vous ne devez pas payer ni divulguer les informations d&rsquo;identification de votre carte pour acc\u00e9der \u00e0 notre service. Si vous rencontrez des probl\u00e8mes de quelque nature que ce soit, n&rsquo;h\u00e9sitez pas \u00e0 vous adresser \u00e0 notre \u00e9quipe d&rsquo;assistance.<\/p> <\/div>\r\n\t\t\t\t\t<\/div>\r\n\t\t\t\t<\/div> <\/div><\/div>","protected":false},"excerpt":{"rendered":"","protected":false},"author":9,"featured_media":0,"parent":2560,"menu_order":0,"comment_status":"closed","ping_status":"closed","template":"templates\/template-application-platform.php","meta":{"publish_to_discourse":"","publish_post_category":"","wpdc_auto_publish_overridden":"","wpdc_topic_tags":"","wpdc_pin_topic":"","wpdc_pin_until":"","discourse_post_id":"","discourse_permalink":"","wpdc_publishing_response":"","wpdc_publishing_error":"","footnotes":""},"class_list":["post-10995","page","type-page","status-publish","hentry"],"yoast_head":"<!-- This site is optimized with the Yoast SEO plugin v25.3.1 - https:\/\/yoast.com\/wordpress\/plugins\/seo\/ -->\n<title>Widget iFrame Visitor Counter pour votre site Web (gratuit et rapide)<\/title>\n<meta name=\"description\" content=\"Affichez le plugin premium View Counter sur votre site Web iFrame. Plugin iFrame Hit Counter gratuit par Elfsight [2024]\u00a0!\" \/>\n<meta name=\"robots\" content=\"index, follow, max-snippet:-1, max-image-preview:large, max-video-preview:-1\" \/>\n<link rel=\"canonical\" href=\"https:\/\/elfsight.com\/fr\/visitor-counter-widget\/iframe\/\" \/>\n<meta property=\"og:locale\" content=\"fr_FR\" \/>\n<meta property=\"og:type\" content=\"article\" \/>\n<meta property=\"og:title\" content=\"Widget iFrame Visitor Counter pour votre site Web (gratuit et rapide)\" \/>\n<meta property=\"og:description\" content=\"Affichez le plugin premium View Counter sur votre site Web iFrame. Plugin iFrame Hit Counter gratuit par Elfsight [2024]\u00a0!\" \/>\n<meta property=\"og:url\" content=\"https:\/\/elfsight.com\/fr\/visitor-counter-widget\/iframe\/\" \/>\n<meta property=\"og:site_name\" content=\"Elfsight FR\" \/>\n<meta property=\"article:modified_time\" content=\"2025-07-10T14:08:13+00:00\" \/>\n<meta name=\"twitter:card\" content=\"summary_large_image\" \/>\n<meta name=\"twitter:label1\" content=\"Dur\u00e9e de lecture estim\u00e9e\" \/>\n\t<meta name=\"twitter:data1\" content=\"3 minutes\" \/>\n<!-- \/ Yoast SEO plugin. -->","yoast_head_json":{"title":"Widget iFrame Visitor Counter pour votre site Web (gratuit et rapide)","description":"Affichez le plugin premium View Counter sur votre site Web iFrame. Plugin iFrame Hit Counter gratuit par Elfsight [2024]\u00a0!","robots":{"index":"index","follow":"follow","max-snippet":"max-snippet:-1","max-image-preview":"max-image-preview:large","max-video-preview":"max-video-preview:-1"},"canonical":"https:\/\/elfsight.com\/fr\/visitor-counter-widget\/iframe\/","og_locale":"fr_FR","og_type":"article","og_title":"Widget iFrame Visitor Counter pour votre site Web (gratuit et rapide)","og_description":"Affichez le plugin premium View Counter sur votre site Web iFrame. Plugin iFrame Hit Counter gratuit par Elfsight [2024]\u00a0!","og_url":"https:\/\/elfsight.com\/fr\/visitor-counter-widget\/iframe\/","og_site_name":"Elfsight FR","article_modified_time":"2025-07-10T14:08:13+00:00","twitter_card":"summary_large_image","twitter_misc":{"Dur\u00e9e de lecture estim\u00e9e":"3 minutes"},"schema":{"@context":"https:\/\/schema.org","@graph":[{"@type":"WebPage","@id":"https:\/\/elfsight.com\/fr\/visitor-counter-widget\/iframe\/","url":"https:\/\/elfsight.com\/fr\/visitor-counter-widget\/iframe\/","name":"Widget iFrame Visitor Counter pour votre site Web (gratuit et rapide)","isPartOf":{"@id":"https:\/\/elfsight.com\/fr\/#website"},"datePublished":"1970-01-01T00:00:00+00:00","dateModified":"2025-07-10T14:08:13+00:00","description":"Affichez le plugin premium View Counter sur votre site Web iFrame. Plugin iFrame Hit Counter gratuit par Elfsight [2024]\u00a0!","breadcrumb":{"@id":"https:\/\/elfsight.com\/fr\/visitor-counter-widget\/iframe\/#breadcrumb"},"inLanguage":"fr-FR","potentialAction":[{"@type":"ReadAction","target":["https:\/\/elfsight.com\/fr\/visitor-counter-widget\/iframe\/"]}]},{"@type":"BreadcrumbList","@id":"https:\/\/elfsight.com\/fr\/visitor-counter-widget\/iframe\/#breadcrumb","itemListElement":[{"@type":"ListItem","position":1,"name":"Home","item":"https:\/\/elfsight.com\/fr\/"},{"@type":"ListItem","position":2,"name":"Visitor Counter","item":"https:\/\/elfsight.com\/fr\/visitor-counter-widget\/"},{"@type":"ListItem","position":3,"name":"Visitor Counter &#8211; iFrame"}]},{"@type":"WebSite","@id":"https:\/\/elfsight.com\/fr\/#website","url":"https:\/\/elfsight.com\/fr\/","name":"Elfsight FR","description":"","potentialAction":[{"@type":"SearchAction","target":{"@type":"EntryPoint","urlTemplate":"https:\/\/elfsight.com\/fr\/?s={search_term_string}"},"query-input":{"@type":"PropertyValueSpecification","valueRequired":true,"valueName":"search_term_string"}}],"inLanguage":"fr-FR"}]}},"meta_box":{"industry":"","seo_heading":"","heading":"","description":"","cta_heading":"","cta_description":"","application":"2559","h1":"Widget de compteur de visiteurs iFrame","h1_caption":"Surveillez les analyses du site Web et am\u00e9liorez vos tactiques commerciales","application_category":[],"applications_title":"","applications_request_title":"","applications_request_button_text":"","hero_text":"","hero_video":"","hero_video_schema_markup":"","selling_points_title":"","selling_points_caption":"","selling_points":[],"selling_points_cta_text":"","features_title":"","features":"","ed_cta_examples_text":"","ed_cta_examples_hidden":"","ed_cta_demo_text":"","ed_cta_demo_hidden":"","why_caption":"","why_editor_title":"","why_editor_text":"","why_team_title":"","why_team_text":"","why_service_title":"","why_service_text":"","template_catalog_visible":"","template_catalog_title":"","template_catalog_text":"","template_catalog_categories_visible":"","demo_title":"","demo_caption":"","default_faq_hidden":"","app_template_category":[],"platform":"371","template_public_id":"","codecanyon_url":"","codecanyon_item_id":"","codecanyon_price":"","pricing_caption":"","pricing_elfsight_apps_hide_column":"","pricing_elfsight_apps_url":"","pricing_codecanyon_price_caption":"","integration_category":[],"integration_request_title":"","integration_request_cta":"","integration_platform":"","integrations":[],"platform_category":[],"video_schema_markup":"","price":"\u00e0 partir de 0$ \/ mois","trial":"","benefits":[{"text":"Aide \u00e0 l'installation gratuite"},{"text":"Support client professionnel"},{"text":"Garantie de remboursement de 14 jours"},{"text":"Mises \u00e0 jour continues"}],"button_url":"","button_target_blank":"","button_nofollow":"","attributes":[{"name":"Installations","content":"10,000 - 100,000"},{"name":"Sensible","content":"Oui"},{"name":"Navigateurs compatibles","content":"Chrome, Safari, Firefox, Opera, Edge"}],"tags":[],"tags_disable_links":"","hide_more_platforms":"","video_object":"","demo_hide_cta":"","demo_hide_cloud_options":"","pricing_title":"","pricing":[{"pricing_icon":"platform","pricing_title":"Elfsight Apps","pricing_title_caption":"Logiciel multiplateforme adapt\u00e9 \u00e0 n'importe quel site Web","pricing_price":"from $0 \/ month","pricing_price_caption":"commencez avec un forfait gratuit","pricing_benefits":[{"text":"Domaines illimit\u00e9s"},{"text":"Assistance professionnelle et ponctuelle"},{"text":"Assistance \u00e0 l'installation gratuite"},{"text":"Enti\u00e8rement personnalisable"}],"pricing_button_text":"Ajouter au site Web","pricing_button_url":"#demo"}],"related_apps_title":"","related_apps_hidden":"","author":"","image":[],"title":"","job":"","social_networks":[]},"_links":{"self":[{"href":"https:\/\/elfsight.com\/fr\/wp-json\/wp\/v2\/pages\/10995","targetHints":{"allow":["GET"]}}],"collection":[{"href":"https:\/\/elfsight.com\/fr\/wp-json\/wp\/v2\/pages"}],"about":[{"href":"https:\/\/elfsight.com\/fr\/wp-json\/wp\/v2\/types\/page"}],"author":[{"embeddable":true,"href":"https:\/\/elfsight.com\/fr\/wp-json\/wp\/v2\/users\/9"}],"replies":[{"embeddable":true,"href":"https:\/\/elfsight.com\/fr\/wp-json\/wp\/v2\/comments?post=10995"}],"version-history":[{"count":1,"href":"https:\/\/elfsight.com\/fr\/wp-json\/wp\/v2\/pages\/10995\/revisions"}],"predecessor-version":[{"id":10999,"href":"https:\/\/elfsight.com\/fr\/wp-json\/wp\/v2\/pages\/10995\/revisions\/10999"}],"up":[{"embeddable":true,"href":"https:\/\/elfsight.com\/fr\/wp-json\/wp\/v2\/pages\/2560"}],"wp:attachment":[{"href":"https:\/\/elfsight.com\/fr\/wp-json\/wp\/v2\/media?parent=10995"}],"curies":[{"name":"wp","href":"https:\/\/api.w.org\/{rel}","templated":true}]}}