{"id":10988,"date":"1970-01-01T00:00:00","date_gmt":"1970-01-01T00:00:00","guid":{"rendered":"https:\/\/elfsight.com\/fr\/?page_id=10988"},"modified":"2025-07-10T14:08:37","modified_gmt":"2025-07-10T14:08:37","slug":"opencart","status":"publish","type":"page","link":"https:\/\/elfsight.com\/fr\/visitor-counter-widget\/opencart\/","title":{"rendered":"Visitor Counter  &#8211; OpenCart"},"content":{"rendered":"<div class=\"application-platform-content-item-description application-platform-content-item\" id=\"description\" data-nav-section=\"description\"> <h2>Description<\/h2> <p> Visitor Counter pour OpenCart est une extension simple qui vous permet de contr\u00f4ler votre nombre de visiteurs et les pages les plus populaires consult\u00e9 dans un d\u00e9lai donn\u00e9. Les statistiques de base sont d\u00e9sormais faciles \u00e0 surveiller sans connaissances suppl\u00e9mentaires en codage ou en analyse de donn\u00e9es. De plus, vous pouvez facilement garantir aux visiteurs que vous \u00eates une entreprise respectable et attirer beaucoup plus de nouveaux clients ou abonn\u00e9s. Gr\u00e2ce \u00e0 nos opportunit\u00e9s \u00e9l\u00e9gantes adapt\u00e9es aux utilisateurs et \u00e0 nos mises en page pratiques, vous pouvez int\u00e9grer l&rsquo;extension dans votre site Web en un seul clic. <\/p> <p><b>Rendez votre plan de commerce \u00e9lectronique plus efficace avec Visitor Counter\u00a0!<\/b><\/p><\/div> <div class=\"application-platform-content-item-features application-platform-content-item\" id=\"features\" data-nav-section=\"features\"> <h2>Vous trouverez ci-dessous les principales fonctionnalit\u00e9s de le widget\u00a0: <\/h2> <ul><li>Facile \u00e0 utiliser, aucune comp\u00e9tence professionnelle en mati\u00e8re d&rsquo;analyse et de codage n&rsquo;est requise<\/li><li>Une grande vari\u00e9t\u00e9 de p\u00e9riodes de temps pour suivre vos statistiques<\/li><li> Dispositions pratiques pour organiser tous les compteurs de la mani\u00e8re la plus pratique <\/li><li>Sch\u00e9mas de couleurs clairs, fonc\u00e9s et personnalisables pour donner du style \u00e0 l&rsquo;outil <\/li><li>Configurer la taille et le poids de la police <\/li><li>Facile \u00e0 int\u00e9grer m\u00eame pour les utilisateurs non-technologiques <\/li><\/ul><p><a href=\"#demo\">Essayez simplement cette d\u00e9mo pour comprendre les fonctionnalit\u00e9s de l&rsquo;extension.<\/a><\/p> <\/div> <div class=\"application-platform-content-item-installation application-platform-content-item\" id=\"installation\" data-nav-section=\"installation\"> <h2>Comment int\u00e9grer le module Compteur de visiteurs \u00e0 mon site OpenCart\u00a0? <\/h2> <p>Appliquez simplement les instructions ci-dessous pour commencer \u00e0 utiliser l&rsquo;extension\u00a0: <\/p> <ol><li><b>Utilisez notre \u00e9diteur gratuit et commencez \u00e0 fa\u00e7onner votre extension unique. <\/b><br> Recherchez la forme et les fonctionnalit\u00e9s s\u00e9lectionn\u00e9es de l&rsquo;extension et enregistrez toutes les modifications. <\/li> <li><b>Acqu\u00e9rez votre code unique r\u00e9v\u00e9l\u00e9 dans le formulaire sp\u00e9cial sur Elfsight Apps. <\/b><br> Juste apr\u00e8s la g\u00e9n\u00e9ration de votre extension personnelle, copiez le code personnel de la fen\u00eatre contextuelle qui appara\u00eet et enregistrez-le pour un besoin ult\u00e9rieur. <\/li> <li><b>Entrez sur l&rsquo;utilisation de l&rsquo;extension sur votre site OpenCart. <\/b><br> Impl\u00e9mentez le code que vous avez enregistr\u00e9 r\u00e9cemment dans votre page et appliquez les am\u00e9liorations. <\/li> <li><b>Fait\u00a0! L&rsquo;int\u00e9gration est effectu\u00e9e avec succ\u00e8s. <\/b><br> Acc\u00e9dez \u00e0 votre page Web pour examiner le fonctionnement de l&rsquo;extension. <\/li><\/ol><p>En cas de questions ou de difficult\u00e9s, veuillez contacter notre service client. Nos collaborateurs sont impatients de vous aider avec toutes les difficult\u00e9s que vous pourriez rencontrer avec le widget. <\/p> <div class=\"faq\" data-component=\"FAQ\"><div class=\"faq-item\">\r\n\t\t\t\t\t<div class=\"faq-item-question\">\r\n\t\t\t\t\t\t<h3 class=\"faq-item-question-text\">Comment int\u00e9grer un compteur de visiteurs \u00e0 mon OpenCart sans exp\u00e9rience de codage ?<\/h3>\r\n\r\n\t\t\t\t\t\t<div class=\"faq-item-question-icon\"><\/div>\r\n\t\t\t\t\t<\/div>\r\n\r\n\t\t\t\t\t<div class=\"faq-item-answer\">\r\n\t\t\t\t\t\t<div class=\"faq-item-answer-text\"> <p>La soci\u00e9t\u00e9 Elfsight propose une solution qui permet \u00e0 un large public de cr\u00e9er vous-m\u00eame une section de compteur de visiteurs, apprenez comme c&rsquo;est simple\u00a0: travaillez directement dans la d\u00e9mo en ligne pour cr\u00e9er un plugin Visitor Counter que vous souhaitez ajouter sur la page Web OpenCart. S\u00e9lectionnez l&rsquo;un des mod\u00e8les pr\u00eats \u00e0 l&#8217;emploi et modifiez les param\u00e8tres du compteur de visiteurs, incluez votre contenu, changez la mise en page et les couleurs sans aucune comp\u00e9tence en codage. Cliquez pour enregistrer le compteur de visiteurs et obtenir le code d&rsquo;installation, que vous pouvez facilement int\u00e9grer dans n&rsquo;importe quelle page d&rsquo;accueil OpenCart sans acheter de version payante. Avec le configurateur facile \u00e0 utiliser, tout internaute peut cr\u00e9er un plugin Visitor Counter et le coller sans effort sur le site OpenCart. Il n&rsquo;est pas n\u00e9cessaire de payer ou de soumettre les informations d&rsquo;identification de votre carte pour acc\u00e9der \u00e0 notre \u00e9diteur. Si vous rencontrez des obstacles de quelque nature que ce soit, n&rsquo;h\u00e9sitez pas \u00e0 en parler \u00e0 notre \u00e9quipe d&rsquo;assistance.<\/p> <\/div>\r\n\t\t\t\t\t<\/div>\r\n\t\t\t\t<\/div> <\/div><\/div>","protected":false},"excerpt":{"rendered":"","protected":false},"author":9,"featured_media":0,"parent":2560,"menu_order":0,"comment_status":"closed","ping_status":"closed","template":"templates\/template-application-platform.php","meta":{"publish_to_discourse":"","publish_post_category":"","wpdc_auto_publish_overridden":"","wpdc_topic_tags":"","wpdc_pin_topic":"","wpdc_pin_until":"","discourse_post_id":"","discourse_permalink":"","wpdc_publishing_response":"","wpdc_publishing_error":"","footnotes":""},"class_list":["post-10988","page","type-page","status-publish","hentry"],"yoast_head":"<!-- This site is optimized with the Yoast SEO plugin v25.3.1 - https:\/\/yoast.com\/wordpress\/plugins\/seo\/ -->\n<title>Ajouter l&#039;extension Open Cart au site Web OpenCart (rapide et gratuit)<\/title>\n<meta name=\"description\" content=\"Voici une excellente opportunit\u00e9 de cr\u00e9er l\u2019extension Best Visitor Counter et de l\u2019int\u00e9grer \u00e0 votre site Web. B\u00e9n\u00e9ficiez du support client gratuit d&#039;Elfsight.\" \/>\n<meta name=\"robots\" content=\"index, follow, max-snippet:-1, max-image-preview:large, max-video-preview:-1\" \/>\n<link rel=\"canonical\" href=\"https:\/\/elfsight.com\/fr\/visitor-counter-widget\/opencart\/\" \/>\n<meta property=\"og:locale\" content=\"fr_FR\" \/>\n<meta property=\"og:type\" content=\"article\" \/>\n<meta property=\"og:title\" content=\"Ajouter l&#039;extension Open Cart au site Web OpenCart (rapide et gratuit)\" \/>\n<meta property=\"og:description\" content=\"Voici une excellente opportunit\u00e9 de cr\u00e9er l\u2019extension Best Visitor Counter et de l\u2019int\u00e9grer \u00e0 votre site Web. B\u00e9n\u00e9ficiez du support client gratuit d&#039;Elfsight.\" \/>\n<meta property=\"og:url\" content=\"https:\/\/elfsight.com\/fr\/visitor-counter-widget\/opencart\/\" \/>\n<meta property=\"og:site_name\" content=\"Elfsight FR\" \/>\n<meta property=\"article:modified_time\" content=\"2025-07-10T14:08:37+00:00\" \/>\n<meta name=\"twitter:card\" content=\"summary_large_image\" \/>\n<meta name=\"twitter:label1\" content=\"Dur\u00e9e de lecture estim\u00e9e\" \/>\n\t<meta name=\"twitter:data1\" content=\"3 minutes\" \/>\n<!-- \/ Yoast SEO plugin. -->","yoast_head_json":{"title":"Ajouter l'extension Open Cart au site Web OpenCart (rapide et gratuit)","description":"Voici une excellente opportunit\u00e9 de cr\u00e9er l\u2019extension Best Visitor Counter et de l\u2019int\u00e9grer \u00e0 votre site Web. B\u00e9n\u00e9ficiez du support client gratuit d'Elfsight.","robots":{"index":"index","follow":"follow","max-snippet":"max-snippet:-1","max-image-preview":"max-image-preview:large","max-video-preview":"max-video-preview:-1"},"canonical":"https:\/\/elfsight.com\/fr\/visitor-counter-widget\/opencart\/","og_locale":"fr_FR","og_type":"article","og_title":"Ajouter l'extension Open Cart au site Web OpenCart (rapide et gratuit)","og_description":"Voici une excellente opportunit\u00e9 de cr\u00e9er l\u2019extension Best Visitor Counter et de l\u2019int\u00e9grer \u00e0 votre site Web. B\u00e9n\u00e9ficiez du support client gratuit d'Elfsight.","og_url":"https:\/\/elfsight.com\/fr\/visitor-counter-widget\/opencart\/","og_site_name":"Elfsight FR","article_modified_time":"2025-07-10T14:08:37+00:00","twitter_card":"summary_large_image","twitter_misc":{"Dur\u00e9e de lecture estim\u00e9e":"3 minutes"},"schema":{"@context":"https:\/\/schema.org","@graph":[{"@type":"WebPage","@id":"https:\/\/elfsight.com\/fr\/visitor-counter-widget\/opencart\/","url":"https:\/\/elfsight.com\/fr\/visitor-counter-widget\/opencart\/","name":"Ajouter l'extension Open Cart au site Web OpenCart (rapide et gratuit)","isPartOf":{"@id":"https:\/\/elfsight.com\/fr\/#website"},"datePublished":"1970-01-01T00:00:00+00:00","dateModified":"2025-07-10T14:08:37+00:00","description":"Voici une excellente opportunit\u00e9 de cr\u00e9er l\u2019extension Best Visitor Counter et de l\u2019int\u00e9grer \u00e0 votre site Web. B\u00e9n\u00e9ficiez du support client gratuit d'Elfsight.","breadcrumb":{"@id":"https:\/\/elfsight.com\/fr\/visitor-counter-widget\/opencart\/#breadcrumb"},"inLanguage":"fr-FR","potentialAction":[{"@type":"ReadAction","target":["https:\/\/elfsight.com\/fr\/visitor-counter-widget\/opencart\/"]}]},{"@type":"BreadcrumbList","@id":"https:\/\/elfsight.com\/fr\/visitor-counter-widget\/opencart\/#breadcrumb","itemListElement":[{"@type":"ListItem","position":1,"name":"Home","item":"https:\/\/elfsight.com\/fr\/"},{"@type":"ListItem","position":2,"name":"Visitor Counter","item":"https:\/\/elfsight.com\/fr\/visitor-counter-widget\/"},{"@type":"ListItem","position":3,"name":"Visitor Counter &#8211; OpenCart"}]},{"@type":"WebSite","@id":"https:\/\/elfsight.com\/fr\/#website","url":"https:\/\/elfsight.com\/fr\/","name":"Elfsight FR","description":"","potentialAction":[{"@type":"SearchAction","target":{"@type":"EntryPoint","urlTemplate":"https:\/\/elfsight.com\/fr\/?s={search_term_string}"},"query-input":{"@type":"PropertyValueSpecification","valueRequired":true,"valueName":"search_term_string"}}],"inLanguage":"fr-FR"}]}},"meta_box":{"industry":"","seo_heading":"","heading":"","description":"","cta_heading":"","cta_description":"","application":"2559","h1":"Extension du compteur de visiteurs OpenCart","h1_caption":"Analysez les statistiques de votre page Web et am\u00e9liorez votre strat\u00e9gie commerciale","application_category":[],"applications_title":"","applications_request_title":"","applications_request_button_text":"","hero_text":"","hero_video":"","hero_video_schema_markup":"","selling_points_title":"","selling_points_caption":"","selling_points":[],"selling_points_cta_text":"","features_title":"","features":"","ed_cta_examples_text":"","ed_cta_examples_hidden":"","ed_cta_demo_text":"","ed_cta_demo_hidden":"","why_caption":"","why_editor_title":"","why_editor_text":"","why_team_title":"","why_team_text":"","why_service_title":"","why_service_text":"","template_catalog_visible":"","template_catalog_title":"","template_catalog_text":"","template_catalog_categories_visible":"","demo_title":"D\u00e9p\u00eachez-vous de cr\u00e9er un compteur de visiteurs OpenCart sur mesure","demo_caption":"Personnalisez et ins\u00e9rez l'extension dans votre page via une d\u00e9mo en direct","default_faq_hidden":"","app_template_category":[],"platform":"359","template_public_id":"","codecanyon_url":"","codecanyon_item_id":"","codecanyon_price":"","pricing_caption":"","pricing_elfsight_apps_hide_column":"","pricing_elfsight_apps_url":"","pricing_codecanyon_price_caption":"","integration_category":[],"integration_request_title":"","integration_request_cta":"","integration_platform":"","integrations":[],"platform_category":[],"video_schema_markup":"","price":"5,99 $ \/ mois","trial":"","benefits":[{"text":"Aide \u00e0 l'installation gratuite"},{"text":"Support client exp\u00e9riment\u00e9"},{"text":"Garantie de remboursement de 14 jours"},{"text":"D\u00e9veloppement continu"}],"button_url":"","button_target_blank":"","button_nofollow":"","attributes":[{"name":"Installations","content":"10,000 - 100,000"},{"name":"Sensible","content":"Oui"},{"name":"Navigateurs compatibles","content":"Opera, Safari, Chrome, Edge, Firefox"}],"tags":[],"tags_disable_links":"","hide_more_platforms":"","video_object":"","demo_hide_cta":"","demo_hide_cloud_options":"","pricing_title":"","pricing":[{"pricing_icon":"platform","pricing_title":"Elfsight Apps","pricing_title_caption":"Solution num\u00e9rique multiplateforme","pricing_price":"from $0 \/ month","pricing_price_caption":"commencez avec un forfait gratuit","pricing_benefits":[{"text":"Sites Web illimit\u00e9s"},{"text":"Assistance professionnelle et ponctuelle"},{"text":"Service d'installation gratuit"},{"text":"Conception flexible"}],"pricing_button_text":"Ajouter au site Web","pricing_button_url":"#demo"}],"related_apps_title":"","related_apps_hidden":"","author":"","image":[],"title":"","job":"","social_networks":[]},"_links":{"self":[{"href":"https:\/\/elfsight.com\/fr\/wp-json\/wp\/v2\/pages\/10988","targetHints":{"allow":["GET"]}}],"collection":[{"href":"https:\/\/elfsight.com\/fr\/wp-json\/wp\/v2\/pages"}],"about":[{"href":"https:\/\/elfsight.com\/fr\/wp-json\/wp\/v2\/types\/page"}],"author":[{"embeddable":true,"href":"https:\/\/elfsight.com\/fr\/wp-json\/wp\/v2\/users\/9"}],"replies":[{"embeddable":true,"href":"https:\/\/elfsight.com\/fr\/wp-json\/wp\/v2\/comments?post=10988"}],"version-history":[{"count":1,"href":"https:\/\/elfsight.com\/fr\/wp-json\/wp\/v2\/pages\/10988\/revisions"}],"predecessor-version":[{"id":10992,"href":"https:\/\/elfsight.com\/fr\/wp-json\/wp\/v2\/pages\/10988\/revisions\/10992"}],"up":[{"embeddable":true,"href":"https:\/\/elfsight.com\/fr\/wp-json\/wp\/v2\/pages\/2560"}],"wp:attachment":[{"href":"https:\/\/elfsight.com\/fr\/wp-json\/wp\/v2\/media?parent=10988"}],"curies":[{"name":"wp","href":"https:\/\/api.w.org\/{rel}","templated":true}]}}