{"id":10987,"date":"1970-01-01T00:00:00","date_gmt":"1970-01-01T00:00:00","guid":{"rendered":"https:\/\/elfsight.com\/fr\/?page_id=10987"},"modified":"2025-07-10T14:08:59","modified_gmt":"2025-07-10T14:08:59","slug":"shopify","status":"publish","type":"page","link":"https:\/\/elfsight.com\/fr\/visitor-counter-widget\/shopify\/","title":{"rendered":"Visitor Counter &#8211; Shopify"},"content":{"rendered":"<div class=\"application-platform-content-item-description application-platform-content-item\" id=\"description\" data-nav-section=\"description\"> <h2>Int\u00e9grer le compteur de visiteurs sur Shopify avec le widget Elfsight<\/h2> <p> Le compteur de visiteurs pour Shopify est un outil facile \u00e0 g\u00e9rer qui vous permet de suivre votre quantit\u00e9 de visiteurs et le contenu le plus populaire consult\u00e9 au cours d&rsquo;un intervalle de temps particulier. Les statistiques essentielles peuvent d\u00e9sormais simplement \u00eatre suivies sans l&rsquo;aide suppl\u00e9mentaire de sp\u00e9cialistes et sans y consacrer beaucoup de temps. En l&rsquo;utilisant, vous pouvez facilement garantir aux t\u00e9l\u00e9spectateurs que vous \u00eates une entreprise fiable et que vous avez beaucoup plus de nouveaux clients et de ventes. Gr\u00e2ce \u00e0 nos options \u00e9l\u00e9gantes et adaptables et \u00e0 nos mises en page pratiques, vous pouvez cr\u00e9er l&rsquo;application sur votre site Web en un seul clic. <\/p> <p><b>Rendez votre strat\u00e9gie commerciale plus efficace avec Visitor Counter\u00a0! <\/b><\/p><\/div> <div class=\"application-platform-content-item-features application-platform-content-item\" id=\"features\" data-nav-section=\"features\"> <h2>Voici seulement quelques-unes des multiples fonctionnalit\u00e9s de l&rsquo;application\u00a0: <\/h2> <ul><li>Facile \u00e0 g\u00e9rer sans qualification sp\u00e9cifique de SEO et codage requis<\/li><li>Un grand choix de dur\u00e9e pour surveiller vos m\u00e9triques<\/li><li>Mise en page pratique pour organiser toutes les statistiques de mani\u00e8re accessible <\/li><li>Clair, sombre et personnalisable sch\u00e9mas de couleurs pour ajuster l&rsquo;outil <\/li><li>Choisissez la taille et l&rsquo;\u00e9paisseur de la police <\/li><li>Facile \u00e0 int\u00e9grer m\u00eame sans comp\u00e9tences en codage <\/li><\/ul><p><a href=\"# demo\">Vous pouvez v\u00e9rifier ce que vaut l&rsquo;application en utilisant la d\u00e9mo<\/a><\/p> <\/div> <div class=\"application-platform-content-item-installation application-platform-content-item\" id=\"installation\" data-nav-section=\"installation\"> <h2>Comment ajouter un compteur de visiteurs sur mon site Shopify\u00a0? <\/h2> <div class=\"video-container\"><iframe width=\"720\" height=\"405\" src=\"https:\/\/www.youtube.com\/embed\/SCPmc0eAT0k\" frameborder=\"0\" allowfullscreen=\"\"><\/iframe><\/div><p>Suivez simplement les \u00e9tapes suivantes d\u00e9crites ci-dessous pour activer l&rsquo;application\u00a0: <\/p> <ol><li><b>Ouvrez notre configurateur gratuit et commencez \u00e0 fa\u00e7onner votre application unique. <\/b><br> Choisissez la disposition et les performances personnalis\u00e9es de l&rsquo;application et enregistrez toutes les corrections. <\/li> <li><b>Copiez le code personnel qui appara\u00eet dans la bo\u00eete sur les applications Elfsight. <\/b><br> Une fois la configuration de votre application personnelle termin\u00e9e, copiez le code exclusif dans la fen\u00eatre qui appara\u00eet et conservez-le pour une utilisation ult\u00e9rieure. <\/li> <li><b>Lancez l&rsquo;application de l&rsquo;application sur le site Shopify. <\/b><br> Ajoutez le code que vous avez enregistr\u00e9 auparavant dans votre site et enregistrez les corrections. <\/li> <li><b>Fait\u00a0! L&rsquo;int\u00e9gration est enti\u00e8rement termin\u00e9e. <\/b><br> Acc\u00e9dez \u00e0 votre site Web pour inspecter le travail de l&rsquo;application. <\/li><\/ol><p>Si vous rencontrez des complications, n&rsquo;h\u00e9sitez pas \u00e0 faire appel \u00e0 notre \u00e9quipe d&rsquo;assistance. Nos collaborateurs seront ravis de vous aider avec tous les probl\u00e8mes que vous pourriez rencontrer avec l&rsquo;application. <\/p> <div class=\"faq\" data-component=\"FAQ\"><div class=\"faq-item\">\r\n\t\t\t\t\t<div class=\"faq-item-question\">\r\n\t\t\t\t\t\t<h3 class=\"faq-item-question-text\">De quelle mani\u00e8re est-il possible d'ajouter Visitor Counter \u00e0 mon site Shopify sans aucune connaissance en codage ?<\/h3>\r\n\r\n\t\t\t\t\t\t<div class=\"faq-item-question-icon\"><\/div>\r\n\t\t\t\t\t<\/div>\r\n\r\n\t\t\t\t\t<div class=\"faq-item-answer\">\r\n\t\t\t\t\t\t<div class=\"faq-item-answer-text\"> <p>Elfsight pr\u00e9sente une solution qui permet aux utilisateurs de cr\u00e9er eux-m\u00eames une application Visitor Counter , v\u00e9rifiez les instructions simples\u00a0: Acc\u00e9dez \u00e0 la d\u00e9mo en ligne pour cr\u00e9er une section Compteur de visiteurs que vous aimeriez voir sur votre Shopify. Choisissez l&rsquo;un des nombreux mod\u00e8les pr\u00eats \u00e0 l&#8217;emploi et modifiez les param\u00e8tres du compteur de visiteurs, ajoutez votre contenu, modifiez la disposition et la couleur des \u00e9l\u00e9ments sans codage. Enregistrez les param\u00e8tres que vous avez d\u00e9finis dans Visitor Counter et copiez son code d&rsquo;installation, qui peut \u00eatre facilement ajout\u00e9 \u00e0 votre page Web Shopify sans acheter de version payante. En travaillant dans notre \u00e9diteur simple, tout internaute peut cr\u00e9er un compteur de visiteurs en ligne et l&rsquo;int\u00e9grer facilement \u00e0 n&rsquo;importe quel site Shopify. Il n&rsquo;est pas n\u00e9cessaire de souscrire un abonnement payant ou de divulguer les informations d&rsquo;identification de votre carte pour acc\u00e9der \u00e0 l&rsquo;\u00e9diteur. Si vous rencontrez des obstacles de quelque nature que ce soit, n&rsquo;h\u00e9sitez pas \u00e0 contacter notre support technique client.<\/p> <\/div>\r\n\t\t\t\t\t<\/div>\r\n\t\t\t\t<\/div> <\/div><\/div>","protected":false},"excerpt":{"rendered":"","protected":false},"author":9,"featured_media":0,"parent":2560,"menu_order":0,"comment_status":"closed","ping_status":"closed","template":"templates\/template-application-platform.php","meta":{"publish_to_discourse":"","publish_post_category":"","wpdc_auto_publish_overridden":"","wpdc_topic_tags":"","wpdc_pin_topic":"","wpdc_pin_until":"","discourse_post_id":"","discourse_permalink":"","wpdc_publishing_response":"","wpdc_publishing_error":"","footnotes":""},"class_list":["post-10987","page","type-page","status-publish","hentry"],"yoast_head":"<!-- This site is optimized with the Yoast SEO plugin v25.3.1 - https:\/\/yoast.com\/wordpress\/plugins\/seo\/ -->\n<title>Compteur de visiteurs | Ajoutez l&#039;application Visitor Counter au site Web Shopify (rapide et gratuit)<\/title>\n<meta name=\"description\" content=\"Voici la meilleure possibilit\u00e9 de cr\u00e9er l\u2019application Visitor Counter Shopify et de l\u2019int\u00e9grer \u00e0 votre site Web. Vous b\u00e9n\u00e9ficierez du service client gratuit d\u2019Elfsight.\" \/>\n<meta name=\"robots\" content=\"index, follow, max-snippet:-1, max-image-preview:large, max-video-preview:-1\" \/>\n<link rel=\"canonical\" href=\"https:\/\/elfsight.com\/fr\/visitor-counter-widget\/shopify\/\" \/>\n<meta property=\"og:locale\" content=\"fr_FR\" \/>\n<meta property=\"og:type\" content=\"article\" \/>\n<meta property=\"og:title\" content=\"Compteur de visiteurs | Ajoutez l&#039;application Visitor Counter au site Web Shopify (rapide et gratuit)\" \/>\n<meta property=\"og:description\" content=\"Voici la meilleure possibilit\u00e9 de cr\u00e9er l\u2019application Visitor Counter Shopify et de l\u2019int\u00e9grer \u00e0 votre site Web. Vous b\u00e9n\u00e9ficierez du service client gratuit d\u2019Elfsight.\" \/>\n<meta property=\"og:url\" content=\"https:\/\/elfsight.com\/fr\/visitor-counter-widget\/shopify\/\" \/>\n<meta property=\"og:site_name\" content=\"Elfsight FR\" \/>\n<meta property=\"article:modified_time\" content=\"2025-07-10T14:08:59+00:00\" \/>\n<meta name=\"twitter:card\" content=\"summary_large_image\" \/>\n<meta name=\"twitter:label1\" content=\"Dur\u00e9e de lecture estim\u00e9e\" \/>\n\t<meta name=\"twitter:data1\" content=\"3 minutes\" \/>\n<!-- \/ Yoast SEO plugin. -->","yoast_head_json":{"title":"Compteur de visiteurs | Ajoutez l'application Visitor Counter au site Web Shopify (rapide et gratuit)","description":"Voici la meilleure possibilit\u00e9 de cr\u00e9er l\u2019application Visitor Counter Shopify et de l\u2019int\u00e9grer \u00e0 votre site Web. Vous b\u00e9n\u00e9ficierez du service client gratuit d\u2019Elfsight.","robots":{"index":"index","follow":"follow","max-snippet":"max-snippet:-1","max-image-preview":"max-image-preview:large","max-video-preview":"max-video-preview:-1"},"canonical":"https:\/\/elfsight.com\/fr\/visitor-counter-widget\/shopify\/","og_locale":"fr_FR","og_type":"article","og_title":"Compteur de visiteurs | Ajoutez l'application Visitor Counter au site Web Shopify (rapide et gratuit)","og_description":"Voici la meilleure possibilit\u00e9 de cr\u00e9er l\u2019application Visitor Counter Shopify et de l\u2019int\u00e9grer \u00e0 votre site Web. Vous b\u00e9n\u00e9ficierez du service client gratuit d\u2019Elfsight.","og_url":"https:\/\/elfsight.com\/fr\/visitor-counter-widget\/shopify\/","og_site_name":"Elfsight FR","article_modified_time":"2025-07-10T14:08:59+00:00","twitter_card":"summary_large_image","twitter_misc":{"Dur\u00e9e de lecture estim\u00e9e":"3 minutes"},"schema":{"@context":"https:\/\/schema.org","@graph":[{"@type":"WebPage","@id":"https:\/\/elfsight.com\/fr\/visitor-counter-widget\/shopify\/","url":"https:\/\/elfsight.com\/fr\/visitor-counter-widget\/shopify\/","name":"Compteur de visiteurs | Ajoutez l'application Visitor Counter au site Web Shopify (rapide et gratuit)","isPartOf":{"@id":"https:\/\/elfsight.com\/fr\/#website"},"datePublished":"1970-01-01T00:00:00+00:00","dateModified":"2025-07-10T14:08:59+00:00","description":"Voici la meilleure possibilit\u00e9 de cr\u00e9er l\u2019application Visitor Counter Shopify et de l\u2019int\u00e9grer \u00e0 votre site Web. Vous b\u00e9n\u00e9ficierez du service client gratuit d\u2019Elfsight.","breadcrumb":{"@id":"https:\/\/elfsight.com\/fr\/visitor-counter-widget\/shopify\/#breadcrumb"},"inLanguage":"fr-FR","potentialAction":[{"@type":"ReadAction","target":["https:\/\/elfsight.com\/fr\/visitor-counter-widget\/shopify\/"]}]},{"@type":"BreadcrumbList","@id":"https:\/\/elfsight.com\/fr\/visitor-counter-widget\/shopify\/#breadcrumb","itemListElement":[{"@type":"ListItem","position":1,"name":"Home","item":"https:\/\/elfsight.com\/fr\/"},{"@type":"ListItem","position":2,"name":"Visitor Counter","item":"https:\/\/elfsight.com\/fr\/visitor-counter-widget\/"},{"@type":"ListItem","position":3,"name":"Visitor Counter &#8211; Shopify"}]},{"@type":"WebSite","@id":"https:\/\/elfsight.com\/fr\/#website","url":"https:\/\/elfsight.com\/fr\/","name":"Elfsight FR","description":"","potentialAction":[{"@type":"SearchAction","target":{"@type":"EntryPoint","urlTemplate":"https:\/\/elfsight.com\/fr\/?s={search_term_string}"},"query-input":{"@type":"PropertyValueSpecification","valueRequired":true,"valueName":"search_term_string"}}],"inLanguage":"fr-FR"}]}},"meta_box":{"industry":"","seo_heading":"","heading":"","description":"","cta_heading":"","cta_description":"","application":"2559","h1":"Application de compteur de visiteurs Shopify","h1_caption":"Affichez le nombre de visiteurs de votre site Web avec un compteur de visiteurs en direct, renfor\u00e7ant ainsi la cr\u00e9dibilit\u00e9 de votre site Web sur votre site Web Shopify sans effort.","application_category":[],"applications_title":"","applications_request_title":"","applications_request_button_text":"","hero_text":"","hero_video":"","hero_video_schema_markup":"","selling_points_title":"","selling_points_caption":"","selling_points":[],"selling_points_cta_text":"","features_title":"","features":"","ed_cta_examples_text":"","ed_cta_examples_hidden":"","ed_cta_demo_text":"","ed_cta_demo_hidden":"","why_caption":"","why_editor_title":"","why_editor_text":"","why_team_title":"","why_team_text":"","why_service_title":"","why_service_text":"","template_catalog_visible":"","template_catalog_title":"","template_catalog_text":"","template_catalog_categories_visible":"","demo_title":"Cr\u00e9ez votre application Visitor Counter","demo_caption":"Configurez votre compteur de visiteurs et ajoutez-le gratuitement \u00e0 votre site Web Shopify\u00a0!","default_faq_hidden":"","app_template_category":[],"platform":"360","template_public_id":"","codecanyon_url":"","codecanyon_item_id":"","codecanyon_price":"","pricing_caption":"","pricing_elfsight_apps_hide_column":"","pricing_elfsight_apps_url":"","pricing_codecanyon_price_caption":"","integration_category":[],"integration_request_title":"","integration_request_cta":"","integration_platform":"","integrations":[],"platform_category":[],"video_schema_markup":"","price":"\u00e0 partir de 0$ \/ mois","trial":"","benefits":[{"text":"Service d'installation gratuit"},{"text":"Assistance premium"},{"text":"Garantie de remboursement de 14 jours"},{"text":"Mises \u00e0 jour gratuites et continues"}],"button_url":"","button_target_blank":"","button_nofollow":"","attributes":[{"name":"Installations","content":"10,000 - 100,000"},{"name":"Sensible","content":"Oui"},{"name":"Navigateurs compatibles","content":"Firefox, Safari, Opera, Chrome, Edge"}],"tags":[],"tags_disable_links":"","hide_more_platforms":"","video_object":"","demo_hide_cta":"","demo_hide_cloud_options":"","pricing_title":"","pricing":[{"pricing_icon":"cloud","pricing_title":"Elfsight Apps","pricing_title_caption":"Version multiplateforme qui fonctionne sur n'importe quel site Web","pricing_price":"from $0 \/ month","pricing_price_caption":"commencez avec un forfait gratuit","pricing_benefits":[{"text":"Sites Web illimit\u00e9s"},{"text":"Assistance premium"},{"text":"Service d'installation gratuit"},{"text":"Offre sp\u00e9ciale pour plusieurs applications"}],"pricing_button_text":"Ajouter au site Web","pricing_button_url":"#demo"}],"related_apps_title":"","related_apps_hidden":"","author":"","image":[],"title":"","job":"","social_networks":[]},"_links":{"self":[{"href":"https:\/\/elfsight.com\/fr\/wp-json\/wp\/v2\/pages\/10987","targetHints":{"allow":["GET"]}}],"collection":[{"href":"https:\/\/elfsight.com\/fr\/wp-json\/wp\/v2\/pages"}],"about":[{"href":"https:\/\/elfsight.com\/fr\/wp-json\/wp\/v2\/types\/page"}],"author":[{"embeddable":true,"href":"https:\/\/elfsight.com\/fr\/wp-json\/wp\/v2\/users\/9"}],"replies":[{"embeddable":true,"href":"https:\/\/elfsight.com\/fr\/wp-json\/wp\/v2\/comments?post=10987"}],"version-history":[{"count":1,"href":"https:\/\/elfsight.com\/fr\/wp-json\/wp\/v2\/pages\/10987\/revisions"}],"predecessor-version":[{"id":10991,"href":"https:\/\/elfsight.com\/fr\/wp-json\/wp\/v2\/pages\/10987\/revisions\/10991"}],"up":[{"embeddable":true,"href":"https:\/\/elfsight.com\/fr\/wp-json\/wp\/v2\/pages\/2560"}],"wp:attachment":[{"href":"https:\/\/elfsight.com\/fr\/wp-json\/wp\/v2\/media?parent=10987"}],"curies":[{"name":"wp","href":"https:\/\/api.w.org\/{rel}","templated":true}]}}