{"id":10986,"date":"1970-01-01T00:00:00","date_gmt":"1970-01-01T00:00:00","guid":{"rendered":"https:\/\/elfsight.com\/fr\/?page_id=10986"},"modified":"2025-07-10T14:09:35","modified_gmt":"2025-07-10T14:09:35","slug":"squarespace","status":"publish","type":"page","link":"https:\/\/elfsight.com\/fr\/visitor-counter-widget\/squarespace\/","title":{"rendered":"Visitor Counter &#8211; Squarespace"},"content":{"rendered":"<div class=\"application-platform-content-item-description application-platform-content-item\" id=\"description\" data-nav-section=\"description\"> <h2>Int\u00e9grer le compteur de visiteurs sur Squarespace avec le widget Elfsight<\/h2> <p> Le compteur de visiteurs pour Squarespace est un plugin pratique vous permettant de suivre votre nombre de visiteurs et contenu le plus populaire consult\u00e9 sur une p\u00e9riode de temps donn\u00e9e. Les statistiques vitales sont d\u00e9sormais faciles \u00e0 v\u00e9rifier sans sp\u00e9cialistes suppl\u00e9mentaires en codage ou en analyse de donn\u00e9es. De plus, avec l&rsquo;aide de celui-ci, vous pouvez facilement garantir \u00e0 votre public que vous \u00eates une entreprise r\u00e9put\u00e9e et que vous avez plus de nouveaux clients. Gr\u00e2ce \u00e0 nos options \u00e9l\u00e9gantes personnalisables et nos mises en page pratiques, vous pouvez cr\u00e9er le plugin sur votre site Web en quelques secondes seulement. <\/p> <p><b>Avec Visitor Counter, suivez vos statistiques et constatez un d\u00e9veloppement commercial durable\u00a0! <\/b><\/p><\/div> <div class=\"application-platform-content-item-features application-platform-content-item\" id=\"features\" data-nav-section=\"features\"> <h2>Les fonctionnalit\u00e9s essentielles du widget offrent\u00a0: <\/h2> <ul><li>Facile \u00e0 g\u00e9rer sans aucune exigence de comp\u00e9tence sp\u00e9cifique en mati\u00e8re de r\u00e9f\u00e9rencement et codage requis<\/li><li>Une grande vari\u00e9t\u00e9 de dur\u00e9es pour compter vos statistiques<\/li><li>Des mises en page pratiques pour organiser toutes les m\u00e9triques de mani\u00e8re \u00e9tonnante <\/li><li>Des sch\u00e9mas de couleurs clairs, fonc\u00e9s et personnalisables pour personnaliser l&rsquo;outil <\/li><li>Ajuster la taille et l&rsquo;\u00e9paisseur de la police <\/li><li>Simplement \u00e0 int\u00e9grer m\u00eame sans comp\u00e9tences en codage <\/li><\/ul><p><a href=\"#demo\"> Essayez simplement cette d\u00e9mo pour voir comment elle fonctionne<\/a><\/p> <\/div> <div class=\"application-platform-content-item-installation application-platform-content-item\" id=\"installation\" data-nav-section=\"installation\"> <h2>Comment puis-je ajouter un compteur de visiteurs \u00e0 ma page Web Squarespace\u00a0? <\/h2> <div class=\"video-container\"><iframe width=\"720\" height=\"405\" src=\"https:\/\/www.youtube.com\/embed\/Zd49Y3cyQB8\" frameborder=\"0\" allowfullscreen=\"\"><\/iframe><\/div><p>Suivez simplement les \u00e9tapes d\u00e9crites ci-dessous pour int\u00e9grer le plugin\u00a0: <\/p> <ol><li><b>G\u00e9rez notre d\u00e9mo gratuite et commencez \u00e0 cr\u00e9er votre plugin unique. <\/b><br> Sp\u00e9cifiez la disposition et les fonctionnalit\u00e9s pr\u00e9f\u00e9rables du plugin et appliquez les corrections. <\/li> <li><b>Obtenez le code unique expos\u00e9 dans le formulaire sp\u00e9cial sur les applications Elfsight. <\/b><br> Juste une fois la configuration de votre plugin termin\u00e9e, copiez le code individuel dans la fen\u00eatre qui appara\u00eet et enregistrez-le pour une utilisation ult\u00e9rieure. <\/li> <li><b>Commencez \u00e0 utiliser l&rsquo;outil sur le site Web Squarespace. <\/b><br> Impl\u00e9mentez le code copi\u00e9 pr\u00e9c\u00e9demment dans votre page d&rsquo;accueil et enregistrez les ajustements. <\/li> <li><b>Fait\u00a0! L&rsquo;int\u00e9gration est termin\u00e9e avec succ\u00e8s. <\/b><br> Acc\u00e9dez \u00e0 votre page Web pour v\u00e9rifier le fonctionnement du plugin. <\/li><\/ol> <p>Si vous avez des questions ou faites face \u00e0 des difficult\u00e9s, n&rsquo;h\u00e9sitez pas \u00e0 contacter notre service client. Nos consultants sont impatients de vous aider avec toutes les questions que vous pourriez avoir avec l&rsquo;outil. <\/p> <div class=\"faq\" data-component=\"FAQ\"><div class=\"faq-item\">\r\n\t\t\t\t\t<div class=\"faq-item-question\">\r\n\t\t\t\t\t\t<h3 class=\"faq-item-question-text\">Existe-t-il un moyen d'int\u00e9grer Visitor Counter \u00e0 ma page Web Squarespace sans exp\u00e9rience en codage ?<\/h3>\r\n\r\n\t\t\t\t\t\t<div class=\"faq-item-question-icon\"><\/div>\r\n\t\t\t\t\t<\/div>\r\n\r\n\t\t\t\t\t<div class=\"faq-item-answer\">\r\n\t\t\t\t\t\t<div class=\"faq-item-answer-text\"> <p>Elfsight pr\u00e9sente une solution qui permet aux utilisateurs d&rsquo;\u00e9tablir vous-m\u00eame un plugin Visitor Counter, d\u00e9couvrez comme c&rsquo;est simple\u00a0: commencez \u00e0 travailler directement dans la d\u00e9mo en ligne pour g\u00e9n\u00e9rer un widget Compteur de visiteurs que vous souhaitez int\u00e9grer sur votre page d&rsquo;accueil Squarespace. Cliquez sur l&rsquo;un des mod\u00e8les pr\u00eats \u00e0 l&#8217;emploi et adaptez les param\u00e8tres du compteur de visiteurs, incluez votre contenu, modifiez la mise en page et la palette de couleurs sans aucune exp\u00e9rience de codage. Cliquez pour enregistrer les param\u00e8tres que vous avez d\u00e9finis dans Visitor Counter et obtenir le code du widget \u00e0 int\u00e9grer, que vous pouvez inclure dans votre page d&rsquo;accueil Squarespace sans avoir besoin d&rsquo;acheter un forfait payant. Avec le configurateur simple, tout utilisateur Web peut cr\u00e9er un plugin Visitor Counter et l&rsquo;ajouter sans effort \u00e0 sa page Web Squarespace. Il n&rsquo;est pas n\u00e9cessaire de payer ou de soumettre les donn\u00e9es de votre carte pour acc\u00e9der au service. Si vous rencontrez des probl\u00e8mes de quelque nature que ce soit, n&rsquo;h\u00e9sitez pas \u00e0 parler \u00e0 notre service client.<\/p> <\/div>\r\n\t\t\t\t\t<\/div>\r\n\t\t\t\t<\/div> <\/div><\/div>","protected":false},"excerpt":{"rendered":"","protected":false},"author":9,"featured_media":0,"parent":2560,"menu_order":0,"comment_status":"closed","ping_status":"closed","template":"templates\/template-application-platform.php","meta":{"publish_to_discourse":"","publish_post_category":"","wpdc_auto_publish_overridden":"","wpdc_topic_tags":"","wpdc_pin_topic":"","wpdc_pin_until":"","discourse_post_id":"","discourse_permalink":"","wpdc_publishing_response":"","wpdc_publishing_error":"","footnotes":""},"class_list":["post-10986","page","type-page","status-publish","hentry"],"yoast_head":"<!-- This site is optimized with the Yoast SEO plugin v25.3.1 - https:\/\/yoast.com\/wordpress\/plugins\/seo\/ -->\n<title>Compteur de visiteurs \u2014 Ajoutez un plug-in gratuit Hit Counter \u00e0 Squarespace<\/title>\n<meta name=\"description\" content=\"Il est tr\u00e8s simple de cr\u00e9er votre meilleur plugin Visitor Counter et de l\u2019int\u00e9grer \u00e0 votre site Web. Le service client Elfsight est gratuit et rapide.\" \/>\n<meta name=\"robots\" content=\"index, follow, max-snippet:-1, max-image-preview:large, max-video-preview:-1\" \/>\n<link rel=\"canonical\" href=\"https:\/\/elfsight.com\/fr\/visitor-counter-widget\/squarespace\/\" \/>\n<meta property=\"og:locale\" content=\"fr_FR\" \/>\n<meta property=\"og:type\" content=\"article\" \/>\n<meta property=\"og:title\" content=\"Compteur de visiteurs \u2014 Ajoutez un plug-in gratuit Hit Counter \u00e0 Squarespace\" \/>\n<meta property=\"og:description\" content=\"Il est tr\u00e8s simple de cr\u00e9er votre meilleur plugin Visitor Counter et de l\u2019int\u00e9grer \u00e0 votre site Web. Le service client Elfsight est gratuit et rapide.\" \/>\n<meta property=\"og:url\" content=\"https:\/\/elfsight.com\/fr\/visitor-counter-widget\/squarespace\/\" \/>\n<meta property=\"og:site_name\" content=\"Elfsight FR\" \/>\n<meta property=\"article:modified_time\" content=\"2025-07-10T14:09:35+00:00\" \/>\n<meta name=\"twitter:card\" content=\"summary_large_image\" \/>\n<meta name=\"twitter:label1\" content=\"Dur\u00e9e de lecture estim\u00e9e\" \/>\n\t<meta name=\"twitter:data1\" content=\"3 minutes\" \/>\n<!-- \/ Yoast SEO plugin. -->","yoast_head_json":{"title":"Compteur de visiteurs \u2014 Ajoutez un plug-in gratuit Hit Counter \u00e0 Squarespace","description":"Il est tr\u00e8s simple de cr\u00e9er votre meilleur plugin Visitor Counter et de l\u2019int\u00e9grer \u00e0 votre site Web. Le service client Elfsight est gratuit et rapide.","robots":{"index":"index","follow":"follow","max-snippet":"max-snippet:-1","max-image-preview":"max-image-preview:large","max-video-preview":"max-video-preview:-1"},"canonical":"https:\/\/elfsight.com\/fr\/visitor-counter-widget\/squarespace\/","og_locale":"fr_FR","og_type":"article","og_title":"Compteur de visiteurs \u2014 Ajoutez un plug-in gratuit Hit Counter \u00e0 Squarespace","og_description":"Il est tr\u00e8s simple de cr\u00e9er votre meilleur plugin Visitor Counter et de l\u2019int\u00e9grer \u00e0 votre site Web. Le service client Elfsight est gratuit et rapide.","og_url":"https:\/\/elfsight.com\/fr\/visitor-counter-widget\/squarespace\/","og_site_name":"Elfsight FR","article_modified_time":"2025-07-10T14:09:35+00:00","twitter_card":"summary_large_image","twitter_misc":{"Dur\u00e9e de lecture estim\u00e9e":"3 minutes"},"schema":{"@context":"https:\/\/schema.org","@graph":[{"@type":"WebPage","@id":"https:\/\/elfsight.com\/fr\/visitor-counter-widget\/squarespace\/","url":"https:\/\/elfsight.com\/fr\/visitor-counter-widget\/squarespace\/","name":"Compteur de visiteurs \u2014 Ajoutez un plug-in gratuit Hit Counter \u00e0 Squarespace","isPartOf":{"@id":"https:\/\/elfsight.com\/fr\/#website"},"datePublished":"1970-01-01T00:00:00+00:00","dateModified":"2025-07-10T14:09:35+00:00","description":"Il est tr\u00e8s simple de cr\u00e9er votre meilleur plugin Visitor Counter et de l\u2019int\u00e9grer \u00e0 votre site Web. Le service client Elfsight est gratuit et rapide.","breadcrumb":{"@id":"https:\/\/elfsight.com\/fr\/visitor-counter-widget\/squarespace\/#breadcrumb"},"inLanguage":"fr-FR","potentialAction":[{"@type":"ReadAction","target":["https:\/\/elfsight.com\/fr\/visitor-counter-widget\/squarespace\/"]}]},{"@type":"BreadcrumbList","@id":"https:\/\/elfsight.com\/fr\/visitor-counter-widget\/squarespace\/#breadcrumb","itemListElement":[{"@type":"ListItem","position":1,"name":"Home","item":"https:\/\/elfsight.com\/fr\/"},{"@type":"ListItem","position":2,"name":"Visitor Counter","item":"https:\/\/elfsight.com\/fr\/visitor-counter-widget\/"},{"@type":"ListItem","position":3,"name":"Visitor Counter &#8211; Squarespace"}]},{"@type":"WebSite","@id":"https:\/\/elfsight.com\/fr\/#website","url":"https:\/\/elfsight.com\/fr\/","name":"Elfsight FR","description":"","potentialAction":[{"@type":"SearchAction","target":{"@type":"EntryPoint","urlTemplate":"https:\/\/elfsight.com\/fr\/?s={search_term_string}"},"query-input":{"@type":"PropertyValueSpecification","valueRequired":true,"valueName":"search_term_string"}}],"inLanguage":"fr-FR"}]}},"meta_box":{"industry":"","seo_heading":"","heading":"","description":"","cta_heading":"","cta_description":"","application":"2559","h1":"Plugin Compteur de visiteurs Squarespace","h1_caption":"Affichez le nombre de visiteurs de votre site Web avec un compteur de visiteurs en direct, renfor\u00e7ant ainsi sans effort la cr\u00e9dibilit\u00e9 de votre site Web sur votre site Web Squarespace.","application_category":[],"applications_title":"","applications_request_title":"","applications_request_button_text":"","hero_text":"","hero_video":"","hero_video_schema_markup":"","selling_points_title":"","selling_points_caption":"","selling_points":[],"selling_points_cta_text":"","features_title":"","features":"","ed_cta_examples_text":"","ed_cta_examples_hidden":"","ed_cta_demo_text":"","ed_cta_demo_hidden":"","why_caption":"","why_editor_title":"","why_editor_text":"","why_team_title":"","why_team_text":"","why_service_title":"","why_service_text":"","template_catalog_visible":"","template_catalog_title":"","template_catalog_text":"","template_catalog_categories_visible":"","demo_title":"Cr\u00e9ez votre plugin Visitor Counter","demo_caption":"Configurez votre compteur de visiteurs et ajoutez-le gratuitement \u00e0 votre site Web Squarespace\u00a0!","default_faq_hidden":"","app_template_category":[],"platform":"361","template_public_id":"","codecanyon_url":"","codecanyon_item_id":"","codecanyon_price":"","pricing_caption":"","pricing_elfsight_apps_hide_column":"","pricing_elfsight_apps_url":"","pricing_codecanyon_price_caption":"","integration_category":[],"integration_request_title":"","integration_request_cta":"","integration_platform":"","integrations":[],"platform_category":[],"video_schema_markup":"","price":"\u00e0 partir de 0$ \/ mois","trial":"","benefits":[{"text":"Assistance \u00e0 l'installation gratuite"},{"text":"Assistance premium"},{"text":"Service client efficace"},{"text":"Am\u00e9liorations continues"}],"button_url":"","button_target_blank":"","button_nofollow":"","attributes":[{"name":"Installations","content":"10,000 - 100,000"},{"name":"Sensible","content":"Oui"},{"name":"Navigateurs compatibles","content":"Firefox, Safari, Opera, Chrome, Edge"}],"tags":[],"tags_disable_links":"","hide_more_platforms":"","video_object":"","demo_hide_cta":"","demo_hide_cloud_options":"","pricing_title":"","pricing":[{"pricing_icon":"platform","pricing_title":"Elfsight Apps","pricing_title_caption":"Solution multiplateforme qui fonctionne sur n'importe quel site","pricing_price":"from $0 \/ month","pricing_price_caption":"commencez avec un forfait gratuit","pricing_benefits":[{"text":"Domaines illimit\u00e9s"},{"text":"Assistance professionnelle, ponctuelle et bien document\u00e9e"},{"text":"Assistance \u00e0 l'installation gratuite"},{"text":"100% personnalisable"}],"pricing_button_text":"Ajouter au site Web","pricing_button_url":"#demo"}],"related_apps_title":"","related_apps_hidden":"","author":"","image":[],"title":"","job":"","social_networks":[]},"_links":{"self":[{"href":"https:\/\/elfsight.com\/fr\/wp-json\/wp\/v2\/pages\/10986","targetHints":{"allow":["GET"]}}],"collection":[{"href":"https:\/\/elfsight.com\/fr\/wp-json\/wp\/v2\/pages"}],"about":[{"href":"https:\/\/elfsight.com\/fr\/wp-json\/wp\/v2\/types\/page"}],"author":[{"embeddable":true,"href":"https:\/\/elfsight.com\/fr\/wp-json\/wp\/v2\/users\/9"}],"replies":[{"embeddable":true,"href":"https:\/\/elfsight.com\/fr\/wp-json\/wp\/v2\/comments?post=10986"}],"version-history":[{"count":1,"href":"https:\/\/elfsight.com\/fr\/wp-json\/wp\/v2\/pages\/10986\/revisions"}],"predecessor-version":[{"id":10990,"href":"https:\/\/elfsight.com\/fr\/wp-json\/wp\/v2\/pages\/10986\/revisions\/10990"}],"up":[{"embeddable":true,"href":"https:\/\/elfsight.com\/fr\/wp-json\/wp\/v2\/pages\/2560"}],"wp:attachment":[{"href":"https:\/\/elfsight.com\/fr\/wp-json\/wp\/v2\/media?parent=10986"}],"curies":[{"name":"wp","href":"https:\/\/api.w.org\/{rel}","templated":true}]}}