{"id":10981,"date":"1970-01-01T00:00:00","date_gmt":"1970-01-01T00:00:00","guid":{"rendered":"https:\/\/elfsight.com\/fr\/?page_id=10981"},"modified":"2025-07-10T14:09:41","modified_gmt":"2025-07-10T14:09:41","slug":"webflow","status":"publish","type":"page","link":"https:\/\/elfsight.com\/fr\/visitor-counter-widget\/webflow\/","title":{"rendered":"Visitor Counter &#8211; Webflow"},"content":{"rendered":"<div class=\"application-platform-content-item-description application-platform-content-item\" id=\"description\" data-nav-section=\"description\"> <h2>Int\u00e9grer le compteur de visiteurs sur Webflow avec le widget Elfsight<\/h2> <p> Le compteur de visiteurs pour Webflow est un widget simple qui vous permet de surveiller votre nombre de visiteurs et pages les plus populaires consult\u00e9es au cours d\u2019une p\u00e9riode de temps donn\u00e9e. Les statistiques n\u00e9cessaires sont d\u00e9sormais faciles \u00e0 suivre sans comp\u00e9tences suppl\u00e9mentaires en codage ou en analyse de donn\u00e9es. En l&rsquo;utilisant, vous pouvez facilement garantir aux t\u00e9l\u00e9spectateurs que vous \u00eates une entreprise respectable et que vous avez beaucoup plus de prospects. Gr\u00e2ce \u00e0 nos opportunit\u00e9s \u00e9l\u00e9gantes adapt\u00e9es aux utilisateurs et \u00e0 nos mises en page pratiques, vous pouvez int\u00e9grer le widget \u00e0 votre site Web en quelques secondes seulement. <\/p> <p><b>Essayez Visitor Counter pour \u00e9laborer vos tactiques de commerce \u00e9lectronique afin d&rsquo;atteindre plus facilement les sommets de votre entreprise\u00a0! <\/b><\/p><\/div> <div class=\"application-platform-content-item-features application-platform-content-item\" id=\"features\" data-nav-section=\"features\"> <h2>Retrouvez ci-dessous les fonctionnalit\u00e9s fondamentales du widget\u00a0: <\/h2> <ul><li>Simplement \u00e0 utiliser sans aucune connaissance professionnelle des donn\u00e9es analyses et codage requis<\/li><li>Une grande diversit\u00e9 d&rsquo;intervalles de temps pour surveiller vos m\u00e9triques<\/li><li>Mise en page pratique pour organiser toutes les m\u00e9triques de mani\u00e8re pratique <\/li><li>Clair, Sombre et Jeux de couleurs personnalisables pour ajuster l&rsquo;outil <\/li><li>Configurer la taille et l&rsquo;\u00e9paisseur de la police <\/li><li>Facile \u00e0 cr\u00e9er m\u00eame pour les utilisateurs non techniques <\/li><\/ul><p><a href=\"#demo\">Testez tous les param\u00e8tres dans une d\u00e9mo compl\u00e8te<\/a><\/p> <\/div> <div class=\"application-platform-content-item-installation application-platform-content-item\" id=\"installation\" data-nav-section=\"installation\"> <h2>Comment int\u00e9grer le plugin Visitor Counter sur mon site Web Webflow\u00a0? <\/h2> <div class=\"video-container\"><iframe width=\"720\" height=\"405\" src=\"https:\/\/www.youtube.com\/embed\/i0J9ZZ-Vgtw\" frameborder=\"0\" allowfullscreen=\"\"><\/iframe><\/div><p>Suivez simplement les instructions ci-dessous pour int\u00e9grer le widget\u00a0: <\/p> <ol><li><b>Utilisez notre configurateur gratuit et commencez \u00e0 cr\u00e9er le v\u00f4tre widget. <\/b><br> Sp\u00e9cifiez l&rsquo;interface et les options pr\u00e9f\u00e9rables du widget et appliquez les modifications. <\/li> <li><b>Acqu\u00e9rir le code personnel qui appara\u00eet dans le formulaire sp\u00e9cial sur Elfsight Apps. <\/b><br> Juste une fois la g\u00e9n\u00e9ration de votre outil termin\u00e9e, copiez le code individuel dans la fen\u00eatre qui appara\u00eet et enregistrez-le pour une utilisation ult\u00e9rieure. <\/li> <li><b>Initiez l&rsquo;utilisation de l&rsquo;outil sur votre page Web Webflow. <\/b><br> Saisissez le code que vous avez r\u00e9cemment enregistr\u00e9 sur votre site Web et appliquez les corrections. <\/li> <li><b>Fait\u00a0! L&rsquo;int\u00e9gration est pleinement r\u00e9alis\u00e9e. <\/b><br> Acc\u00e9dez \u00e0 votre page pour examiner le fonctionnement du widget. <\/li><\/ol> <p>Si vous rencontrez des difficult\u00e9s, n&rsquo;h\u00e9sitez pas \u00e0 faire appel \u00e0 notre \u00e9quipe d&rsquo;assistance. Nos sp\u00e9cialistes sont impatients de vous aider avec toutes les questions que vous pourriez avoir avec le widget. <\/p> <div class=\"faq\" data-component=\"FAQ\"><div class=\"faq-item\">\r\n\t\t\t\t\t<div class=\"faq-item-question\">\r\n\t\t\t\t\t\t<h3 class=\"faq-item-question-text\">Existe-t-il une option pour ajouter un compteur de visiteurs \u00e0 mon site Webflow sans connaissances en codage ?<\/h3>\r\n\r\n\t\t\t\t\t\t<div class=\"faq-item-question-icon\"><\/div>\r\n\t\t\t\t\t<\/div>\r\n\r\n\t\t\t\t\t<div class=\"faq-item-answer\">\r\n\t\t\t\t\t\t<div class=\"faq-item-answer-text\"> <p>La soci\u00e9t\u00e9 Elfsight pr\u00e9sente une solution qui permet \u00e0 un large public de cr\u00e9er vous-m\u00eame un widget de compteur de visiteurs, d\u00e9couvrez les \u00e9tapes simples\u00a0: acc\u00e9dez \u00e0 l&rsquo;\u00e9diteur en ligne pour cr\u00e9er un plugin Visitor Counter que vous souhaitez inclure dans votre Webflow. Choisissez l&rsquo;un des mod\u00e8les pr\u00e9d\u00e9finis et modifiez les param\u00e8tres du compteur de visiteurs, ajoutez votre contenu, transformez la mise en page et la couleur des \u00e9l\u00e9ments sans aucun codage. Enregistrez le compteur de visiteurs et obtenez le code d&rsquo;installation du plugin, que vous pouvez simplement coller dans la page d&rsquo;accueil de Webflow sans avoir besoin d&rsquo;acheter un abonnement payant. \u00c0 l&rsquo;aide du configurateur facile \u00e0 utiliser, chaque internaute peut cr\u00e9er une application Visitor Counter en ligne et la coller facilement sur la page d&rsquo;accueil de Webflow. Vous ne devez pas payer ni divulguer les informations d&rsquo;identification de votre carte pour acc\u00e9der \u00e0 l&rsquo;\u00e9diteur. Si vous rencontrez des obstacles \u00e0 une \u00e9tape quelconque, veuillez vous adresser \u00e0 notre \u00e9quipe d&rsquo;assistance technique.<\/p> <\/div>\r\n\t\t\t\t\t<\/div>\r\n\t\t\t\t<\/div> <\/div><\/div>","protected":false},"excerpt":{"rendered":"","protected":false},"author":9,"featured_media":0,"parent":2560,"menu_order":0,"comment_status":"closed","ping_status":"closed","template":"templates\/template-application-platform.php","meta":{"publish_to_discourse":"","publish_post_category":"","wpdc_auto_publish_overridden":"","wpdc_topic_tags":"","wpdc_pin_topic":"","wpdc_pin_until":"","discourse_post_id":"","discourse_permalink":"","wpdc_publishing_response":"","wpdc_publishing_error":"","footnotes":""},"class_list":["post-10981","page","type-page","status-publish","hentry"],"yoast_head":"<!-- This site is optimized with the Yoast SEO plugin v25.3.1 - https:\/\/yoast.com\/wordpress\/plugins\/seo\/ -->\n<title>Cr\u00e9ez le meilleur widget de compteur de visiteurs sur le site Web Webflow (rapide et gratuit)<\/title>\n<meta name=\"description\" content=\"Il est tr\u00e8s simple de cr\u00e9er votre meilleur widget Visitor Tracker et de l\u2019ajouter \u00e0 votre site Web. Le support client Elfsight est gratuit.\" \/>\n<meta name=\"robots\" content=\"index, follow, max-snippet:-1, max-image-preview:large, max-video-preview:-1\" \/>\n<link rel=\"canonical\" href=\"https:\/\/elfsight.com\/fr\/visitor-counter-widget\/webflow\/\" \/>\n<meta property=\"og:locale\" content=\"fr_FR\" \/>\n<meta property=\"og:type\" content=\"article\" \/>\n<meta property=\"og:title\" content=\"Cr\u00e9ez le meilleur widget de compteur de visiteurs sur le site Web Webflow (rapide et gratuit)\" \/>\n<meta property=\"og:description\" content=\"Il est tr\u00e8s simple de cr\u00e9er votre meilleur widget Visitor Tracker et de l\u2019ajouter \u00e0 votre site Web. Le support client Elfsight est gratuit.\" \/>\n<meta property=\"og:url\" content=\"https:\/\/elfsight.com\/fr\/visitor-counter-widget\/webflow\/\" \/>\n<meta property=\"og:site_name\" content=\"Elfsight FR\" \/>\n<meta property=\"article:modified_time\" content=\"2025-07-10T14:09:41+00:00\" \/>\n<meta name=\"twitter:card\" content=\"summary_large_image\" \/>\n<meta name=\"twitter:label1\" content=\"Dur\u00e9e de lecture estim\u00e9e\" \/>\n\t<meta name=\"twitter:data1\" content=\"3 minutes\" \/>\n<!-- \/ Yoast SEO plugin. -->","yoast_head_json":{"title":"Cr\u00e9ez le meilleur widget de compteur de visiteurs sur le site Web Webflow (rapide et gratuit)","description":"Il est tr\u00e8s simple de cr\u00e9er votre meilleur widget Visitor Tracker et de l\u2019ajouter \u00e0 votre site Web. Le support client Elfsight est gratuit.","robots":{"index":"index","follow":"follow","max-snippet":"max-snippet:-1","max-image-preview":"max-image-preview:large","max-video-preview":"max-video-preview:-1"},"canonical":"https:\/\/elfsight.com\/fr\/visitor-counter-widget\/webflow\/","og_locale":"fr_FR","og_type":"article","og_title":"Cr\u00e9ez le meilleur widget de compteur de visiteurs sur le site Web Webflow (rapide et gratuit)","og_description":"Il est tr\u00e8s simple de cr\u00e9er votre meilleur widget Visitor Tracker et de l\u2019ajouter \u00e0 votre site Web. Le support client Elfsight est gratuit.","og_url":"https:\/\/elfsight.com\/fr\/visitor-counter-widget\/webflow\/","og_site_name":"Elfsight FR","article_modified_time":"2025-07-10T14:09:41+00:00","twitter_card":"summary_large_image","twitter_misc":{"Dur\u00e9e de lecture estim\u00e9e":"3 minutes"},"schema":{"@context":"https:\/\/schema.org","@graph":[{"@type":"WebPage","@id":"https:\/\/elfsight.com\/fr\/visitor-counter-widget\/webflow\/","url":"https:\/\/elfsight.com\/fr\/visitor-counter-widget\/webflow\/","name":"Cr\u00e9ez le meilleur widget de compteur de visiteurs sur le site Web Webflow (rapide et gratuit)","isPartOf":{"@id":"https:\/\/elfsight.com\/fr\/#website"},"datePublished":"1970-01-01T00:00:00+00:00","dateModified":"2025-07-10T14:09:41+00:00","description":"Il est tr\u00e8s simple de cr\u00e9er votre meilleur widget Visitor Tracker et de l\u2019ajouter \u00e0 votre site Web. Le support client Elfsight est gratuit.","breadcrumb":{"@id":"https:\/\/elfsight.com\/fr\/visitor-counter-widget\/webflow\/#breadcrumb"},"inLanguage":"fr-FR","potentialAction":[{"@type":"ReadAction","target":["https:\/\/elfsight.com\/fr\/visitor-counter-widget\/webflow\/"]}]},{"@type":"BreadcrumbList","@id":"https:\/\/elfsight.com\/fr\/visitor-counter-widget\/webflow\/#breadcrumb","itemListElement":[{"@type":"ListItem","position":1,"name":"Home","item":"https:\/\/elfsight.com\/fr\/"},{"@type":"ListItem","position":2,"name":"Visitor Counter","item":"https:\/\/elfsight.com\/fr\/visitor-counter-widget\/"},{"@type":"ListItem","position":3,"name":"Visitor Counter &#8211; Webflow"}]},{"@type":"WebSite","@id":"https:\/\/elfsight.com\/fr\/#website","url":"https:\/\/elfsight.com\/fr\/","name":"Elfsight FR","description":"","potentialAction":[{"@type":"SearchAction","target":{"@type":"EntryPoint","urlTemplate":"https:\/\/elfsight.com\/fr\/?s={search_term_string}"},"query-input":{"@type":"PropertyValueSpecification","valueRequired":true,"valueName":"search_term_string"}}],"inLanguage":"fr-FR"}]}},"meta_box":{"industry":"","seo_heading":"","heading":"","description":"","cta_heading":"","cta_description":"","application":"2559","h1":"Widget Compteur de visiteurs Webflow","h1_caption":"Affichez le nombre de visiteurs de votre site Web avec un compteur de visiteurs en direct, renfor\u00e7ant ainsi la cr\u00e9dibilit\u00e9 de votre site Web sur votre site Web Webflow sans effort.","application_category":[],"applications_title":"","applications_request_title":"","applications_request_button_text":"","hero_text":"","hero_video":"","hero_video_schema_markup":"","selling_points_title":"","selling_points_caption":"","selling_points":[],"selling_points_cta_text":"","features_title":"","features":"","ed_cta_examples_text":"","ed_cta_examples_hidden":"","ed_cta_demo_text":"","ed_cta_demo_hidden":"","why_caption":"","why_editor_title":"","why_editor_text":"","why_team_title":"","why_team_text":"","why_service_title":"","why_service_text":"","template_catalog_visible":"","template_catalog_title":"","template_catalog_text":"","template_catalog_categories_visible":"","demo_title":"Cr\u00e9ez votre widget Compteur de visiteurs","demo_caption":"Configurez votre compteur de visiteurs et ajoutez-le gratuitement \u00e0 votre site Web Webflow\u00a0!","default_faq_hidden":"","app_template_category":[],"platform":"362","template_public_id":"","codecanyon_url":"","codecanyon_item_id":"","codecanyon_price":"","pricing_caption":"","pricing_elfsight_apps_hide_column":"","pricing_elfsight_apps_url":"","pricing_codecanyon_price_caption":"","integration_category":[],"integration_request_title":"","integration_request_cta":"","integration_platform":"","integrations":[],"platform_category":[],"video_schema_markup":"","price":"\u00e0 partir de 0$ \/ mois","trial":"","benefits":[{"text":"Service d'installation gratuit"},{"text":"Un support client efficace"},{"text":"Garantie de remboursement de 14 jours"},{"text":"Am\u00e9liorations continues"}],"button_url":"","button_target_blank":"","button_nofollow":"","attributes":[{"name":"Installations","content":"10,000 - 100,000"},{"name":"Sensible","content":"Oui"},{"name":"Navigateurs compatibles","content":"Firefox, Opera, Chrome, Edge, Safari"}],"tags":[],"tags_disable_links":"","hide_more_platforms":"","video_object":"","demo_hide_cta":"","demo_hide_cloud_options":"","pricing_title":"","pricing":[{"pricing_icon":"platform","pricing_title":"Elfsight Apps","pricing_title_caption":"Logiciel multiplateforme qui fonctionne sur n'importe quel site Web","pricing_price":"from $0 \/ month","pricing_price_caption":"commencez avec un forfait gratuit","pricing_benefits":[{"text":"Domaines illimit\u00e9s"},{"text":"Accompagnement professionnel"},{"text":"Aide \u00e0 l'installation gratuite"},{"text":"Offre sp\u00e9ciale pour plusieurs applications"}],"pricing_button_text":"Ajouter au site Web","pricing_button_url":"#demo"}],"related_apps_title":"","related_apps_hidden":"","author":"","image":[],"title":"","job":"","social_networks":[]},"_links":{"self":[{"href":"https:\/\/elfsight.com\/fr\/wp-json\/wp\/v2\/pages\/10981","targetHints":{"allow":["GET"]}}],"collection":[{"href":"https:\/\/elfsight.com\/fr\/wp-json\/wp\/v2\/pages"}],"about":[{"href":"https:\/\/elfsight.com\/fr\/wp-json\/wp\/v2\/types\/page"}],"author":[{"embeddable":true,"href":"https:\/\/elfsight.com\/fr\/wp-json\/wp\/v2\/users\/9"}],"replies":[{"embeddable":true,"href":"https:\/\/elfsight.com\/fr\/wp-json\/wp\/v2\/comments?post=10981"}],"version-history":[{"count":1,"href":"https:\/\/elfsight.com\/fr\/wp-json\/wp\/v2\/pages\/10981\/revisions"}],"predecessor-version":[{"id":10985,"href":"https:\/\/elfsight.com\/fr\/wp-json\/wp\/v2\/pages\/10981\/revisions\/10985"}],"up":[{"embeddable":true,"href":"https:\/\/elfsight.com\/fr\/wp-json\/wp\/v2\/pages\/2560"}],"wp:attachment":[{"href":"https:\/\/elfsight.com\/fr\/wp-json\/wp\/v2\/media?parent=10981"}],"curies":[{"name":"wp","href":"https:\/\/api.w.org\/{rel}","templated":true}]}}