{"id":10979,"date":"1970-01-01T00:00:00","date_gmt":"1970-01-01T00:00:00","guid":{"rendered":"https:\/\/elfsight.com\/fr\/?page_id=10979"},"modified":"2025-07-10T14:10:11","modified_gmt":"2025-07-10T14:10:11","slug":"weebly","status":"publish","type":"page","link":"https:\/\/elfsight.com\/fr\/visitor-counter-widget\/weebly\/","title":{"rendered":"Visitor Counter &#8211; Weebly"},"content":{"rendered":"<div class=\"application-platform-content-item-description application-platform-content-item\" id=\"description\" data-nav-section=\"description\"> <h2>Description<\/h2> <p> Visitor Counter for Weebly est une application pratique qui vous permet de surveiller votre quantit\u00e9 de visiteurs et les plus populaires. pages consult\u00e9es au cours d\u2019une p\u00e9riode de temps donn\u00e9e. Les m\u00e9triques essentielles sont d\u00e9sormais faciles \u00e0 analyser sans aucune connaissance en codage ou en analyse de donn\u00e9es. En outre, en l&rsquo;utilisant, vous pouvez facilement garantir \u00e0 votre public que vous \u00eates une entreprise fiable et que vous avez plus de nouveaux clients ou abonn\u00e9s. Gr\u00e2ce \u00e0 nos options \u00e9l\u00e9gantes et personnalisables et \u00e0 nos mises en page pratiques, vous pouvez cr\u00e9er le widget pour votre site en quelques clics. <\/p> <p><b>Rendez votre strat\u00e9gie e-commerce plus efficace et ayez plus de clients avec Visitor Counter\u00a0! <\/b><\/p><\/div> <div class=\"application-platform-content-item-features application-platform-content-item\" id=\"features\" data-nav-section=\"features\"> <h2>Vous trouverez ci-dessous les fonctionnalit\u00e9s de base de l&rsquo;application\u00a0: <\/h2> <ul><li>Facile \u00e0 g\u00e9rer sans aucune comp\u00e9tence professionnelle en mati\u00e8re de donn\u00e9es analyses et codage requis<\/li><li>Un large choix d&rsquo;intervalles de temps pour suivre vos m\u00e9triques<\/li><li>Mise en page pratique pour g\u00e9rer toutes les m\u00e9triques de mani\u00e8re pratique <\/li><li>Clair, Sombre et Jeux de couleurs personnalisables pour ajuster l&rsquo;outil <\/li><li>Configurer la taille et l&rsquo;\u00e9paisseur de la police <\/li><li> Pour cr\u00e9er simplement m\u00eame sans comp\u00e9tences en codage <\/li><\/ul><p><a href=\" #demo\">Essayez tous les param\u00e8tres dans la d\u00e9mo 100\u00a0% fonctionnelle<\/a><\/p> <\/div> <div class=\"application-platform-content-item-installation application-platform-content-item\" id=\"installation\" data-nav-section=\"installation\"> <h2>Comment puis-je ajouter un compteur de visiteurs sur ma page Web Weebly\u00a0? <\/h2> <div class=\"video-container\"><iframe width=\"720\" height=\"405\" src=\"https:\/\/www.youtube.com\/embed\/VgR9wn35uRY\" frameborder=\"0\" allowfullscreen=\"\"><\/iframe><\/div><p>Suivez simplement plusieurs \u00e9tapes d\u00e9crites ci-dessous pour commencer \u00e0 travailler avec l&rsquo;application\u00a0: <\/p> <ol><li><b>Ouvrez notre configurateur gratuit et commencez \u00e0 cr\u00e9er votre application personnalis\u00e9e. . <\/b><br> Choisissez l&rsquo;interface pr\u00e9f\u00e9r\u00e9e et les caract\u00e9ristiques fonctionnelles de l&rsquo;application et enregistrez toutes les corrections. <\/li> <li><b>Recevez votre code personnel r\u00e9v\u00e9l\u00e9 dans la case sur Elfsight Apps. <\/b><br> D\u00e8s que la g\u00e9n\u00e9ration de votre application personnelle est termin\u00e9e, copiez le code individuel dans la fen\u00eatre contextuelle apparue et conservez-le pour une utilisation ult\u00e9rieure. <\/li> <li><b>Commencez \u00e0 utiliser l&rsquo;application sur le site Weebly. <\/b><br> Ins\u00e9rez le code que vous avez enregistr\u00e9 r\u00e9cemment dans votre page Web et enregistrez les modifications. <\/li> <li><b>L&rsquo;installation est termin\u00e9e avec succ\u00e8s. <\/b><br> Ouvrez votre page Web pour examiner les performances de l&rsquo;application. <\/li><\/ol><p>\u00c0 condition de r\u00e9pondre \u00e0 des questions ou de faire face \u00e0 des difficult\u00e9s, n&rsquo;h\u00e9sitez pas \u00e0 postuler aupr\u00e8s de notre service client. Nos collaborateurs sont impatients de r\u00e9soudre toutes les questions que vous pourriez vous poser avec le widget. <\/p> <div class=\"faq\" data-component=\"FAQ\"><div class=\"faq-item\">\r\n\t\t\t\t\t<div class=\"faq-item-question\">\r\n\t\t\t\t\t\t<h3 class=\"faq-item-question-text\">Existe-t-il une option pour int\u00e9grer un compteur de visiteurs \u00e0 mon site Weebly sans codage ?<\/h3>\r\n\r\n\t\t\t\t\t\t<div class=\"faq-item-question-icon\"><\/div>\r\n\t\t\t\t\t<\/div>\r\n\r\n\t\t\t\t\t<div class=\"faq-item-answer\">\r\n\t\t\t\t\t\t<div class=\"faq-item-answer-text\"> <p>La soci\u00e9t\u00e9 Elfsight propose une solution SaaS qui permet aux utilisateurs de cr\u00e9er vous-m\u00eame une section de compteur de visiteurs, d\u00e9couvrez le instructions simples\u00a0: acc\u00e9dez \u00e0 l&rsquo;\u00e9diteur en direct pour g\u00e9n\u00e9rer un plugin Visitor Counter que vous aimeriez voir sur la page d&rsquo;accueil de Weebly. Choisissez l&rsquo;un de nos mod\u00e8les pr\u00eats \u00e0 l&#8217;emploi et modifiez les param\u00e8tres du compteur de visiteurs, modifiez la disposition et la couleur des \u00e9l\u00e9ments, ajoutez votre contenu, sans aucune connaissance en codage. Cliquez pour enregistrer le compteur de visiteurs et obtenir le code d&rsquo;installation, que vous pouvez simplement int\u00e9grer gratuitement dans n&rsquo;importe quelle page Web Weebly. \u00c0 l&rsquo;aide de notre configurateur intuitif, chaque utilisateur Web peut cr\u00e9er un plugin Visitor Counter et l&rsquo;int\u00e9grer \u00e0 sa page d&rsquo;accueil Weebly. Il n&rsquo;est pas n\u00e9cessaire de payer ni de saisir les informations d&rsquo;identification de votre carte pour acc\u00e9der au service. Si vous rencontrez des probl\u00e8mes de quelque nature que ce soit, n&rsquo;h\u00e9sitez pas \u00e0 contacter notre \u00e9quipe d&rsquo;assistance technique.<\/p> <\/div>\r\n\t\t\t\t\t<\/div>\r\n\t\t\t\t<\/div> <\/div><\/div>","protected":false},"excerpt":{"rendered":"","protected":false},"author":9,"featured_media":0,"parent":2560,"menu_order":0,"comment_status":"closed","ping_status":"closed","template":"templates\/template-application-platform.php","meta":{"publish_to_discourse":"","publish_post_category":"","wpdc_auto_publish_overridden":"","wpdc_topic_tags":"","wpdc_pin_topic":"","wpdc_pin_until":"","discourse_post_id":"","discourse_permalink":"","wpdc_publishing_response":"","wpdc_publishing_error":"","footnotes":""},"class_list":["post-10979","page","type-page","status-publish","hentry"],"yoast_head":"<!-- This site is optimized with the Yoast SEO plugin v25.3.1 - https:\/\/yoast.com\/wordpress\/plugins\/seo\/ -->\n<title>Application Visitor Counter sur le site Web Weebly (rapide et gratuite)<\/title>\n<meta name=\"description\" content=\"Affichez le meilleur plugin Visitor Counter sur votre site Web Weebly. Apprenez \u00e0 conna\u00eetre notre \u00e9diteur interactif et cr\u00e9ez un widget Hit Counter personnel en seulement 1 minute.\" \/>\n<meta name=\"robots\" content=\"index, follow, max-snippet:-1, max-image-preview:large, max-video-preview:-1\" \/>\n<link rel=\"canonical\" href=\"https:\/\/elfsight.com\/fr\/visitor-counter-widget\/weebly\/\" \/>\n<meta property=\"og:locale\" content=\"fr_FR\" \/>\n<meta property=\"og:type\" content=\"article\" \/>\n<meta property=\"og:title\" content=\"Application Visitor Counter sur le site Web Weebly (rapide et gratuite)\" \/>\n<meta property=\"og:description\" content=\"Affichez le meilleur plugin Visitor Counter sur votre site Web Weebly. Apprenez \u00e0 conna\u00eetre notre \u00e9diteur interactif et cr\u00e9ez un widget Hit Counter personnel en seulement 1 minute.\" \/>\n<meta property=\"og:url\" content=\"https:\/\/elfsight.com\/fr\/visitor-counter-widget\/weebly\/\" \/>\n<meta property=\"og:site_name\" content=\"Elfsight FR\" \/>\n<meta property=\"article:modified_time\" content=\"2025-07-10T14:10:11+00:00\" \/>\n<meta name=\"twitter:card\" content=\"summary_large_image\" \/>\n<meta name=\"twitter:label1\" content=\"Dur\u00e9e de lecture estim\u00e9e\" \/>\n\t<meta name=\"twitter:data1\" content=\"3 minutes\" \/>\n<!-- \/ Yoast SEO plugin. -->","yoast_head_json":{"title":"Application Visitor Counter sur le site Web Weebly (rapide et gratuite)","description":"Affichez le meilleur plugin Visitor Counter sur votre site Web Weebly. Apprenez \u00e0 conna\u00eetre notre \u00e9diteur interactif et cr\u00e9ez un widget Hit Counter personnel en seulement 1 minute.","robots":{"index":"index","follow":"follow","max-snippet":"max-snippet:-1","max-image-preview":"max-image-preview:large","max-video-preview":"max-video-preview:-1"},"canonical":"https:\/\/elfsight.com\/fr\/visitor-counter-widget\/weebly\/","og_locale":"fr_FR","og_type":"article","og_title":"Application Visitor Counter sur le site Web Weebly (rapide et gratuite)","og_description":"Affichez le meilleur plugin Visitor Counter sur votre site Web Weebly. Apprenez \u00e0 conna\u00eetre notre \u00e9diteur interactif et cr\u00e9ez un widget Hit Counter personnel en seulement 1 minute.","og_url":"https:\/\/elfsight.com\/fr\/visitor-counter-widget\/weebly\/","og_site_name":"Elfsight FR","article_modified_time":"2025-07-10T14:10:11+00:00","twitter_card":"summary_large_image","twitter_misc":{"Dur\u00e9e de lecture estim\u00e9e":"3 minutes"},"schema":{"@context":"https:\/\/schema.org","@graph":[{"@type":"WebPage","@id":"https:\/\/elfsight.com\/fr\/visitor-counter-widget\/weebly\/","url":"https:\/\/elfsight.com\/fr\/visitor-counter-widget\/weebly\/","name":"Application Visitor Counter sur le site Web Weebly (rapide et gratuite)","isPartOf":{"@id":"https:\/\/elfsight.com\/fr\/#website"},"datePublished":"1970-01-01T00:00:00+00:00","dateModified":"2025-07-10T14:10:11+00:00","description":"Affichez le meilleur plugin Visitor Counter sur votre site Web Weebly. Apprenez \u00e0 conna\u00eetre notre \u00e9diteur interactif et cr\u00e9ez un widget Hit Counter personnel en seulement 1 minute.","breadcrumb":{"@id":"https:\/\/elfsight.com\/fr\/visitor-counter-widget\/weebly\/#breadcrumb"},"inLanguage":"fr-FR","potentialAction":[{"@type":"ReadAction","target":["https:\/\/elfsight.com\/fr\/visitor-counter-widget\/weebly\/"]}]},{"@type":"BreadcrumbList","@id":"https:\/\/elfsight.com\/fr\/visitor-counter-widget\/weebly\/#breadcrumb","itemListElement":[{"@type":"ListItem","position":1,"name":"Home","item":"https:\/\/elfsight.com\/fr\/"},{"@type":"ListItem","position":2,"name":"Visitor Counter","item":"https:\/\/elfsight.com\/fr\/visitor-counter-widget\/"},{"@type":"ListItem","position":3,"name":"Visitor Counter &#8211; Weebly"}]},{"@type":"WebSite","@id":"https:\/\/elfsight.com\/fr\/#website","url":"https:\/\/elfsight.com\/fr\/","name":"Elfsight FR","description":"","potentialAction":[{"@type":"SearchAction","target":{"@type":"EntryPoint","urlTemplate":"https:\/\/elfsight.com\/fr\/?s={search_term_string}"},"query-input":{"@type":"PropertyValueSpecification","valueRequired":true,"valueName":"search_term_string"}}],"inLanguage":"fr-FR"}]}},"meta_box":{"industry":"","seo_heading":"","heading":"","description":"","cta_heading":"","cta_description":"","application":"2559","h1":"Application Compteur de visiteurs Weebly","h1_caption":"Affichez le nombre de visiteurs de votre site Web avec un compteur de visiteurs en direct, renfor\u00e7ant ainsi sans effort la cr\u00e9dibilit\u00e9 de votre site Web sur votre site Web Weebly.","application_category":[],"applications_title":"","applications_request_title":"","applications_request_button_text":"","hero_text":"","hero_video":"","hero_video_schema_markup":"","selling_points_title":"","selling_points_caption":"","selling_points":[],"selling_points_cta_text":"","features_title":"","features":"","ed_cta_examples_text":"","ed_cta_examples_hidden":"","ed_cta_demo_text":"","ed_cta_demo_hidden":"","why_caption":"","why_editor_title":"","why_editor_text":"","why_team_title":"","why_team_text":"","why_service_title":"","why_service_text":"","template_catalog_visible":"","template_catalog_title":"","template_catalog_text":"","template_catalog_categories_visible":"","demo_title":"Cr\u00e9ez votre application Visitor Counter","demo_caption":"Configurez votre compteur de visiteurs et ajoutez-le gratuitement \u00e0 votre site Web Weebly\u00a0!","default_faq_hidden":"","app_template_category":[],"platform":"363","template_public_id":"","codecanyon_url":"","codecanyon_item_id":"","codecanyon_price":"","pricing_caption":"","pricing_elfsight_apps_hide_column":"","pricing_elfsight_apps_url":"","pricing_codecanyon_price_caption":"","integration_category":[],"integration_request_title":"","integration_request_cta":"","integration_platform":"","integrations":[],"platform_category":[],"video_schema_markup":"","price":"\u00e0 partir de 0$ \/ mois","trial":"","benefits":[{"text":"Service d'installation gratuit"},{"text":"Soutien exceptionnel"},{"text":"Garantie de remboursement de 14 jours"},{"text":"D\u00e9veloppement continu"}],"button_url":"","button_target_blank":"","button_nofollow":"","attributes":[{"name":"Installations","content":"10,000 - 100,000"},{"name":"Sensible","content":"Oui"},{"name":"Navigateurs compatibles","content":"Firefox, Safari, Opera, Chrome, Edge"}],"tags":[],"tags_disable_links":"","hide_more_platforms":"","video_object":"","demo_hide_cta":"","demo_hide_cloud_options":"","pricing_title":"","pricing":[{"pricing_icon":"platform","pricing_title":"Elfsight Apps","pricing_title_caption":"Solution num\u00e9rique multiplateforme","pricing_price":"from $0 \/ month","pricing_price_caption":"commencez avec un forfait gratuit","pricing_benefits":[{"text":"Domaines illimit\u00e9s"},{"text":"Support premium et ponctuel et bien document\u00e9"},{"text":"Assistance \u00e0 l'installation gratuite"},{"text":"Enti\u00e8rement personnalisable"}],"pricing_button_text":"Ajouter au site Web","pricing_button_url":"#demo"}],"related_apps_title":"","related_apps_hidden":"","author":"","image":[],"title":"","job":"","social_networks":[]},"_links":{"self":[{"href":"https:\/\/elfsight.com\/fr\/wp-json\/wp\/v2\/pages\/10979","targetHints":{"allow":["GET"]}}],"collection":[{"href":"https:\/\/elfsight.com\/fr\/wp-json\/wp\/v2\/pages"}],"about":[{"href":"https:\/\/elfsight.com\/fr\/wp-json\/wp\/v2\/types\/page"}],"author":[{"embeddable":true,"href":"https:\/\/elfsight.com\/fr\/wp-json\/wp\/v2\/users\/9"}],"replies":[{"embeddable":true,"href":"https:\/\/elfsight.com\/fr\/wp-json\/wp\/v2\/comments?post=10979"}],"version-history":[{"count":1,"href":"https:\/\/elfsight.com\/fr\/wp-json\/wp\/v2\/pages\/10979\/revisions"}],"predecessor-version":[{"id":10983,"href":"https:\/\/elfsight.com\/fr\/wp-json\/wp\/v2\/pages\/10979\/revisions\/10983"}],"up":[{"embeddable":true,"href":"https:\/\/elfsight.com\/fr\/wp-json\/wp\/v2\/pages\/2560"}],"wp:attachment":[{"href":"https:\/\/elfsight.com\/fr\/wp-json\/wp\/v2\/media?parent=10979"}],"curies":[{"name":"wp","href":"https:\/\/api.w.org\/{rel}","templated":true}]}}