{"id":10978,"date":"1970-01-01T00:00:00","date_gmt":"1970-01-01T00:00:00","guid":{"rendered":"https:\/\/elfsight.com\/fr\/?page_id=10978"},"modified":"2025-07-10T14:10:16","modified_gmt":"2025-07-10T14:10:16","slug":"wix","status":"publish","type":"page","link":"https:\/\/elfsight.com\/fr\/visitor-counter-widget\/wix\/","title":{"rendered":"Visitor Counter &#8211; Wix"},"content":{"rendered":"<div class=\"application-platform-content-item-description application-platform-content-item\" id=\"description\" data-nav-section=\"description\"><h2>Description<\/h2> <p> Visitor Counter pour Wix est un outil simple vous permettant de contr\u00f4ler votre nombre de visiteurs et les pages les plus populaires consult\u00e9 dans un d\u00e9lai pr\u00e9cis. Les statistiques essentielles sont d\u00e9sormais faciles \u00e0 v\u00e9rifier sans comp\u00e9tences sp\u00e9cifiques en codage ou en analyse de donn\u00e9es. En outre, vous pouvez facilement garantir aux utilisateurs que vous \u00eates une entreprise fiable et obtenir beaucoup plus de nouveaux clients ou abonn\u00e9s. Gr\u00e2ce \u00e0 nos options \u00e9l\u00e9gantes personnalisables et \u00e0 nos mises en page pratiques, vous pouvez int\u00e9grer l&rsquo;application \u00e0 votre page en un seul clic. <\/p> <p><b>Int\u00e9grez un compteur de visiteurs pour am\u00e9liorer votre plan de commerce \u00e9lectronique et atteindre vos d\u00e9fis plus rapidement\u00a0! <\/b><\/p><\/div> <div class=\"application-platform-content-item-features application-platform-content-item\" id=\"features\" data-nav-section=\"features\"> <h2>Voici seulement quelques-unes des nombreuses fonctionnalit\u00e9s de l&rsquo;application\u00a0: <\/h2> <ul><li>Facile \u00e0 utiliser sans comp\u00e9tences professionnelles de analyses et codage requis<\/li><li>Une large gamme de p\u00e9riodes de temps pour v\u00e9rifier vos statistiques<\/li><li>Mise en page utile pour g\u00e9rer tous les points de mani\u00e8re pratique <\/li><li>Clair, Dark et Jeux de couleurs personnalisables pour ajuster l&rsquo;outil <\/li><li>Ajuster la taille et l&rsquo;\u00e9paisseur de la police <\/li><li>Ajouter simplement sur le site Web m\u00eame sans comp\u00e9tences en codage <\/li><\/ul><p><a href=\"#demo\">Explorez tous les param\u00e8tres dans une d\u00e9mo compl\u00e8te<\/a><\/p> <\/div> <div class=\"application-platform-content-item-installation application-platform-content-item\" id=\"installation\" data-nav-section=\"installation\"> <h2>Comment puis-je int\u00e9grer Visitor Tracker sur ma page Web Wix\u00a0? <\/h2> <div class=\"video-container\"><iframe width=\"720\" height=\"405\" src=\"https:\/\/www.youtube.com\/embed\/2Gsps851Uoo\" frameborder=\"0\" allowfullscreen=\"\"><\/iframe><\/div><p>Suivez simplement plusieurs \u00e9tapes ci-dessous pour activer l&rsquo;application\u00a0:<\/p> <ol><li><b>Lancez notre \u00e9diteur gratuit et commencez \u00e0 fa\u00e7onner votre application personnalis\u00e9e. . <\/b><br> D\u00e9terminez l&rsquo;interface personnalis\u00e9e et les caract\u00e9ristiques de l&rsquo;application et enregistrez les modifications. <\/li> <li><b>Faites appara\u00eetre votre code personnel dans la bo\u00eete sur les applications Elfsight. <\/b><br> Une fois la configuration de votre widget personnel termin\u00e9e, copiez le code individuel de la fen\u00eatre qui appara\u00eet et enregistrez-le pour une utilisation future. <\/li> <li><b>Lancez l&rsquo;application de l&rsquo;application sur votre page Web Wix. <\/b><br> Int\u00e9grez le code que vous avez enregistr\u00e9 auparavant dans votre site Web et enregistrez les modifications. <\/li> <li><b>Vous avez termin\u00e9\u00a0! L&rsquo;int\u00e9gration est enti\u00e8rement r\u00e9alis\u00e9e. <\/b><br> Acc\u00e9dez \u00e0 votre site pour v\u00e9rifier le fonctionnement de l&rsquo;application. <\/li><\/ol> <p>Si vous avez des questions ou faites face \u00e0 des difficult\u00e9s, n&rsquo;h\u00e9sitez pas \u00e0 contacter notre \u00e9quipe d&rsquo;assistance. Nos collaborateurs sont d\u00e9sireux de vous aider avec toutes les difficult\u00e9s que vous pourriez rencontrer avec l&rsquo;application. <\/p> <div class=\"faq\" data-component=\"FAQ\"><div class=\"faq-item\">\r\n\t\t\t\t\t<div class=\"faq-item-question\">\r\n\t\t\t\t\t\t<h3 class=\"faq-item-question-text\">Existe-t-il une option pour ajouter un compteur de visiteurs \u00e0 ma page Web Wix sans comp\u00e9tences en codage ?<\/h3>\r\n\r\n\t\t\t\t\t\t<div class=\"faq-item-question-icon\"><\/div>\r\n\t\t\t\t\t<\/div>\r\n\r\n\t\t\t\t\t<div class=\"faq-item-answer\">\r\n\t\t\t\t\t\t<div class=\"faq-item-answer-text\"> <p>Elfsight propose une solution SaaS qui vous permet de g\u00e9n\u00e9rer vous-m\u00eame un widget de compteur de visiteurs, voyez \u00e0 quel point le processus est simple\u00a0: acc\u00e9dez \u00e0 l&rsquo;\u00e9diteur en ligne pour cr\u00e9er un plugin Visitor Counter que vous souhaitez int\u00e9grer sur votre page Web Wix. Choisissez l&rsquo;un des mod\u00e8les pr\u00eats \u00e0 l&#8217;emploi et modifiez les param\u00e8tres du compteur de visiteurs, modifiez la disposition et la couleur des \u00e9l\u00e9ments et mettez \u00e0 jour votre contenu, sans aucune exp\u00e9rience de codage. Cliquez pour enregistrer les param\u00e8tres que vous avez d\u00e9finis sur Visitor Counter et copier son code d&rsquo;installation, que vous pouvez facilement inclure dans la page Web Wix sans avoir besoin d&rsquo;acheter un abonnement payant. En travaillant dans le configurateur facile \u00e0 utiliser, chaque internaute peut cr\u00e9er un plugin Visitor Counter en ligne et l&rsquo;int\u00e9grer sans effort \u00e0 n&rsquo;importe quel site Wix. Il n&rsquo;est pas n\u00e9cessaire d&rsquo;obtenir un forfait payant ou de soumettre les donn\u00e9es de votre carte pour acc\u00e9der \u00e0 notre service. Si vous rencontrez des probl\u00e8mes \u00e0 n&rsquo;importe quelle \u00e9tape, n&rsquo;h\u00e9sitez pas \u00e0 vous adresser \u00e0 notre \u00e9quipe d&rsquo;assistance technique.<\/p> <\/div>\r\n\t\t\t\t\t<\/div>\r\n\t\t\t\t<\/div> <\/div><\/div><p><\/p><!-- \/wp:paragraphe -->","protected":false},"excerpt":{"rendered":"","protected":false},"author":9,"featured_media":0,"parent":2560,"menu_order":0,"comment_status":"closed","ping_status":"closed","template":"templates\/template-application-platform.php","meta":{"publish_to_discourse":"","publish_post_category":"","wpdc_auto_publish_overridden":"","wpdc_topic_tags":"","wpdc_pin_topic":"","wpdc_pin_until":"","discourse_post_id":"","discourse_permalink":"","wpdc_publishing_response":"","wpdc_publishing_error":"","footnotes":""},"class_list":["post-10978","page","type-page","status-publish","hentry"],"yoast_head":"<!-- This site is optimized with the Yoast SEO plugin v25.3.1 - https:\/\/yoast.com\/wordpress\/plugins\/seo\/ -->\n<title>Hit Counter \u2014 Ajoutez le plug-in Visitor Counter \u00e0 Wix (gratuit et rapide)<\/title>\n<meta name=\"description\" content=\"Concevez votre meilleure application Hit Counter et int\u00e9grez-la \u00e0 votre site Web rapidement et facilement. Nous disposons d&#039;un support client gratuit et d&#039;autres bonus.\" \/>\n<meta name=\"robots\" content=\"index, follow, max-snippet:-1, max-image-preview:large, max-video-preview:-1\" \/>\n<link rel=\"canonical\" href=\"https:\/\/elfsight.com\/fr\/visitor-counter-widget\/wix\/\" \/>\n<meta property=\"og:locale\" content=\"fr_FR\" \/>\n<meta property=\"og:type\" content=\"article\" \/>\n<meta property=\"og:title\" content=\"Hit Counter \u2014 Ajoutez le plug-in Visitor Counter \u00e0 Wix (gratuit et rapide)\" \/>\n<meta property=\"og:description\" content=\"Concevez votre meilleure application Hit Counter et int\u00e9grez-la \u00e0 votre site Web rapidement et facilement. Nous disposons d&#039;un support client gratuit et d&#039;autres bonus.\" \/>\n<meta property=\"og:url\" content=\"https:\/\/elfsight.com\/fr\/visitor-counter-widget\/wix\/\" \/>\n<meta property=\"og:site_name\" content=\"Elfsight FR\" \/>\n<meta property=\"article:modified_time\" content=\"2025-07-10T14:10:16+00:00\" \/>\n<meta name=\"twitter:card\" content=\"summary_large_image\" \/>\n<meta name=\"twitter:label1\" content=\"Dur\u00e9e de lecture estim\u00e9e\" \/>\n\t<meta name=\"twitter:data1\" content=\"3 minutes\" \/>\n<!-- \/ Yoast SEO plugin. -->","yoast_head_json":{"title":"Hit Counter \u2014 Ajoutez le plug-in Visitor Counter \u00e0 Wix (gratuit et rapide)","description":"Concevez votre meilleure application Hit Counter et int\u00e9grez-la \u00e0 votre site Web rapidement et facilement. Nous disposons d'un support client gratuit et d'autres bonus.","robots":{"index":"index","follow":"follow","max-snippet":"max-snippet:-1","max-image-preview":"max-image-preview:large","max-video-preview":"max-video-preview:-1"},"canonical":"https:\/\/elfsight.com\/fr\/visitor-counter-widget\/wix\/","og_locale":"fr_FR","og_type":"article","og_title":"Hit Counter \u2014 Ajoutez le plug-in Visitor Counter \u00e0 Wix (gratuit et rapide)","og_description":"Concevez votre meilleure application Hit Counter et int\u00e9grez-la \u00e0 votre site Web rapidement et facilement. Nous disposons d'un support client gratuit et d'autres bonus.","og_url":"https:\/\/elfsight.com\/fr\/visitor-counter-widget\/wix\/","og_site_name":"Elfsight FR","article_modified_time":"2025-07-10T14:10:16+00:00","twitter_card":"summary_large_image","twitter_misc":{"Dur\u00e9e de lecture estim\u00e9e":"3 minutes"},"schema":{"@context":"https:\/\/schema.org","@graph":[{"@type":"WebPage","@id":"https:\/\/elfsight.com\/fr\/visitor-counter-widget\/wix\/","url":"https:\/\/elfsight.com\/fr\/visitor-counter-widget\/wix\/","name":"Hit Counter \u2014 Ajoutez le plug-in Visitor Counter \u00e0 Wix (gratuit et rapide)","isPartOf":{"@id":"https:\/\/elfsight.com\/fr\/#website"},"datePublished":"1970-01-01T00:00:00+00:00","dateModified":"2025-07-10T14:10:16+00:00","description":"Concevez votre meilleure application Hit Counter et int\u00e9grez-la \u00e0 votre site Web rapidement et facilement. Nous disposons d'un support client gratuit et d'autres bonus.","breadcrumb":{"@id":"https:\/\/elfsight.com\/fr\/visitor-counter-widget\/wix\/#breadcrumb"},"inLanguage":"fr-FR","potentialAction":[{"@type":"ReadAction","target":["https:\/\/elfsight.com\/fr\/visitor-counter-widget\/wix\/"]}]},{"@type":"BreadcrumbList","@id":"https:\/\/elfsight.com\/fr\/visitor-counter-widget\/wix\/#breadcrumb","itemListElement":[{"@type":"ListItem","position":1,"name":"Home","item":"https:\/\/elfsight.com\/fr\/"},{"@type":"ListItem","position":2,"name":"Visitor Counter","item":"https:\/\/elfsight.com\/fr\/visitor-counter-widget\/"},{"@type":"ListItem","position":3,"name":"Visitor Counter &#8211; Wix"}]},{"@type":"WebSite","@id":"https:\/\/elfsight.com\/fr\/#website","url":"https:\/\/elfsight.com\/fr\/","name":"Elfsight FR","description":"","potentialAction":[{"@type":"SearchAction","target":{"@type":"EntryPoint","urlTemplate":"https:\/\/elfsight.com\/fr\/?s={search_term_string}"},"query-input":{"@type":"PropertyValueSpecification","valueRequired":true,"valueName":"search_term_string"}}],"inLanguage":"fr-FR"}]}},"meta_box":{"industry":"","seo_heading":"","heading":"","description":"","cta_heading":"","cta_description":"","application":"2559","h1":"Application Wix Visitor Counter","h1_caption":"Affichez le nombre de visiteurs de votre site Web avec un compteur de visiteurs en direct, renfor\u00e7ant ainsi la cr\u00e9dibilit\u00e9 de votre site Web sur votre site Wix sans effort.","application_category":[],"applications_title":"","applications_request_title":"","applications_request_button_text":"","hero_text":"","hero_video":"","hero_video_schema_markup":"","selling_points_title":"","selling_points_caption":"","selling_points":[],"selling_points_cta_text":"","features_title":"","features":"","ed_cta_examples_text":"","ed_cta_examples_hidden":"","ed_cta_demo_text":"","ed_cta_demo_hidden":"","why_caption":"","why_editor_title":"","why_editor_text":"","why_team_title":"","why_team_text":"","why_service_title":"","why_service_text":"","template_catalog_visible":"","template_catalog_title":"","template_catalog_text":"","template_catalog_categories_visible":"","demo_title":"Cr\u00e9ez votre application Visitor Counter","demo_caption":"Configurez votre compteur de visiteurs et ajoutez-le \u00e0 votre site Web Wix gratuitement !","default_faq_hidden":"","app_template_category":[],"platform":"345","template_public_id":"","codecanyon_url":"","codecanyon_item_id":"","codecanyon_price":"","pricing_caption":"","pricing_elfsight_apps_hide_column":"","pricing_elfsight_apps_url":"","pricing_codecanyon_price_caption":"","integration_category":[],"integration_request_title":"","integration_request_cta":"","integration_platform":"","integrations":[],"platform_category":[],"video_schema_markup":"","price":"\u00e0 partir de 0$ \/ mois","trial":"","benefits":[{"text":"Aide \u00e0 l'installation gratuite"},{"text":"Support client exp\u00e9riment\u00e9"},{"text":"Garantie de remboursement de 14 jours"},{"text":"Am\u00e9liorations gratuites et continues"}],"button_url":"","button_target_blank":"","button_nofollow":"","attributes":[{"name":"Installations","content":"10,000 - 100,000"},{"name":"Sensible","content":"Oui"},{"name":"Navigateurs compatibles","content":"Firefox, Safari, Opera, Chrome, Edge"}],"tags":[],"tags_disable_links":"","hide_more_platforms":"","video_object":"","demo_hide_cta":"","demo_hide_cloud_options":"","pricing_title":"","pricing":[{"pricing_icon":"platform","pricing_title":"Elfsight Apps","pricing_title_caption":"Version multiplateforme qui fonctionne sur n'importe quel site Web","pricing_price":"from $0 \/ month","pricing_price_caption":"commencez avec un forfait gratuit","pricing_benefits":[{"text":"Domaines illimit\u00e9s"},{"text":"Assistance client haut de gamme"},{"text":"Assistance \u00e0 l'installation gratuite"},{"text":"Offre sp\u00e9ciale pour plusieurs applications"}],"pricing_button_text":"Ajouter au site Web","pricing_button_url":"#demo"}],"related_apps_title":"","related_apps_hidden":"","author":"","image":[],"title":"","job":"","social_networks":[]},"_links":{"self":[{"href":"https:\/\/elfsight.com\/fr\/wp-json\/wp\/v2\/pages\/10978","targetHints":{"allow":["GET"]}}],"collection":[{"href":"https:\/\/elfsight.com\/fr\/wp-json\/wp\/v2\/pages"}],"about":[{"href":"https:\/\/elfsight.com\/fr\/wp-json\/wp\/v2\/types\/page"}],"author":[{"embeddable":true,"href":"https:\/\/elfsight.com\/fr\/wp-json\/wp\/v2\/users\/9"}],"replies":[{"embeddable":true,"href":"https:\/\/elfsight.com\/fr\/wp-json\/wp\/v2\/comments?post=10978"}],"version-history":[{"count":1,"href":"https:\/\/elfsight.com\/fr\/wp-json\/wp\/v2\/pages\/10978\/revisions"}],"predecessor-version":[{"id":10982,"href":"https:\/\/elfsight.com\/fr\/wp-json\/wp\/v2\/pages\/10978\/revisions\/10982"}],"up":[{"embeddable":true,"href":"https:\/\/elfsight.com\/fr\/wp-json\/wp\/v2\/pages\/2560"}],"wp:attachment":[{"href":"https:\/\/elfsight.com\/fr\/wp-json\/wp\/v2\/media?parent=10978"}],"curies":[{"name":"wp","href":"https:\/\/api.w.org\/{rel}","templated":true}]}}