{"id":10971,"date":"1970-01-01T00:00:00","date_gmt":"1970-01-01T00:00:00","guid":{"rendered":"https:\/\/elfsight.com\/fr\/?page_id=10971"},"modified":"2025-01-10T13:50:38","modified_gmt":"2025-01-10T13:50:38","slug":"google-sites","status":"publish","type":"page","link":"https:\/\/elfsight.com\/fr\/visitor-counter-widget\/google-sites\/","title":{"rendered":"Visitor Counter &#8211; Google Sites"},"content":{"rendered":"\n<div class=\"application-platform-content-item-description application-platform-content-item\" id=\"description\" data-nav-section=\"description\"> <h2>Int\u00e9grer le compteur de visiteurs sur Google Sites avec le widget Elfsight<\/h2> <p>Le compteur de visiteurs pour Google Sites est un simple widget qui vous permet pour contr\u00f4ler votre nombre de visiteurs et les pages les plus populaires consult\u00e9es dans un intervalle de temps sp\u00e9cifique. Les m\u00e9triques de base sont d\u00e9sormais faciles \u00e0 analyser sans comp\u00e9tences sp\u00e9cifiques en codage ou en analyse de donn\u00e9es. De plus, en l&rsquo;utilisant, vous pouvez facilement garantir aux utilisateurs que vous \u00eates une entreprise digne de confiance et obtenir beaucoup plus de prospects. Gr\u00e2ce \u00e0 nos options \u00e9l\u00e9gantes et personnalisables et \u00e0 nos mises en page pratiques, vous pouvez cr\u00e9er le widget sur votre site Web en quelques clics.<\/p> <p><b>Rendez votre strat\u00e9gie de commerce \u00e9lectronique plus efficace pour avoir plus de prospects avec Visitor Counter<\/b><\/p><\/div><div class=\"application-platform-content-item-features application-platform-content-item\" id=\"features\" data-nav-section=\"features\"> <h2>Le widget offre des fonctionnalit\u00e9s pratiques et simples, v\u00e9rifiez-en quelques-unes\u00a0: <\/h2> <ul><li>Utilisez les boutons CTA pour guider le site visiteurs vers la conversion<\/li><li>Facile \u00e0 g\u00e9rer, sans comp\u00e9tences sp\u00e9cifiques en r\u00e9f\u00e9rencement et en codage requises<\/li><li>Une grande vari\u00e9t\u00e9 d&rsquo;intervalles de temps pour compter vos m\u00e9triques<\/li><li> mises en page utiles pour organiser toutes les informations de mani\u00e8re accessible <\/li><li>Sch\u00e9mas de couleurs clairs, fonc\u00e9s et personnalisables pour donner du style \u00e0 l&rsquo;outil <\/li><li> Configurer la taille et le poids de la police <\/li><li> Simplement pour impl\u00e9menter m\u00eame pour les utilisateurs non-technologiques <\/li><\/ul><p><a href=\"#demo\">Vous pouvez d\u00e9couvrir ce que vaut le widget \u00e0 l&rsquo;aide de la d\u00e9mo<\/a><\/p> <\/div><div class=\"application-platform-content-item-installation application-platform-content-item\" id=\"installation\" data-nav-section=\"installation\"> <h2>Comment int\u00e9grer le compteur de visiteurs \u00e0 mon site Google Sites\u00a0? <\/h2> <div class=\"video-container\"><iframe width=\"720\" height=\"405\" src=\"https:\/\/www.youtube.com\/embed\/QQe1MjAH3WY\" frameborder=\"0\" allowfullscreen=\"\"><\/iframe><\/div><p>Suivez simplement ces \u00e9tapes pr\u00e9sent\u00e9es ci-dessous pour ajouter l&rsquo;outil. <\/p> <ol><li><b>Ouvrez notre \u00e9diteur gratuit et commencez \u00e0 cr\u00e9er votre propre widget. <\/b><br> D\u00e9terminez l&rsquo;interface personnalis\u00e9e et les options du plugin et appliquez les modifications. <\/li> <li><b>Recevez votre code unique apparaissant dans la case sur Elfsight Apps. <\/b><br> D\u00e8s que la g\u00e9n\u00e9ration de votre plugin personnel est termin\u00e9e, copiez le code personnel dans la fen\u00eatre qui appara\u00eet et conservez-le pour une utilisation ult\u00e9rieure. <\/li> <li><b>Commencez \u00e0 utiliser l&rsquo;outil sur la page d&rsquo;accueil de Google\u00a0Sites. <\/b><br> Saisissez le code que vous avez enregistr\u00e9 auparavant sur votre page d&rsquo;accueil et enregistrez les ajustements. <\/li> <li><b>Vous avez termin\u00e9\u00a0! L&rsquo;int\u00e9gration est effectu\u00e9e avec succ\u00e8s. <\/b><br> Acc\u00e9dez \u00e0 votre page pour voir comment fonctionne le widget. <\/li><\/ol> <div class=\"tip-yellow tip\"><b>En raison des particularit\u00e9s du fonctionnement de Google Sites, le widget peut \u00eatre diff\u00e9rent de la d\u00e9mo en ligne. Nous nous excusons pour tout inconv\u00e9nient caus\u00e9.<\/b><\/div><p>Si vous rencontrez des probl\u00e8mes, n&rsquo;h\u00e9sitez pas \u00e0 faire appel \u00e0 notre \u00e9quipe d&rsquo;assistance. Nos consultants sont impatients de r\u00e9soudre tous les probl\u00e8mes que vous pourriez rencontrer avec le plugin. <\/p> <div class=\"faq\" data-component=\"FAQ\"><div class=\"faq-item\">\r\n\t\t\t\t\t<div class=\"faq-item-question\">\r\n\t\t\t\t\t\t<h3 class=\"faq-item-question-text\">Existe-t-il une m\u00e9thode pour int\u00e9grer Visitor Counter \u00e0 mon site Google Sites sans aucune connaissance en codage ?<\/h3>\r\n\r\n\t\t\t\t\t\t<div class=\"faq-item-question-icon\"><\/div>\r\n\t\t\t\t\t<\/div>\r\n\r\n\t\t\t\t\t<div class=\"faq-item-answer\">\r\n\t\t\t\t\t\t<div class=\"faq-item-answer-text\"> <p>La soci\u00e9t\u00e9 Elfsight propose une solution Cloud qui permet aux propri\u00e9taires de sites de g\u00e9n\u00e9rer un plugin Visitor Counter D\u00e9couvrez par vous-m\u00eame \u00e0 quel point le processus est simple\u00a0: acc\u00e9dez \u00e0 l&rsquo;\u00e9diteur en direct pour cr\u00e9er un widget Compteur de visiteurs que vous souhaitez int\u00e9grer sur votre site Web Google Sites. Choisissez l&rsquo;un des nombreux mod\u00e8les pr\u00e9d\u00e9finis et adaptez les param\u00e8tres du compteur de visiteurs, changez la mise en page et la palette de couleurs, ajoutez votre contenu, sans aucune connaissance en codage. Enregistrez les param\u00e8tres que vous avez d\u00e9finis dans Visitor Counter et obtenez gratuitement le code d&rsquo;installation qui peut \u00eatre inclus dans votre site Web Google Sites. Avec l&rsquo;aide de notre \u00e9diteur facile \u00e0 utiliser, chaque internaute peut cr\u00e9er une section Compteur de visiteurs en ligne et la coller facilement sur sa page Web Google Sites. Il n&rsquo;est pas n\u00e9cessaire de souscrire un abonnement payant ou de saisir les informations d&rsquo;identification de votre carte pour acc\u00e9der au service. Si vous rencontrez des obstacles \u00e0 une \u00e9tape quelconque, n&rsquo;h\u00e9sitez pas \u00e0 vous adresser \u00e0 notre \u00e9quipe d&rsquo;assistance technique.<\/p> <\/div>\r\n\t\t\t\t\t<\/div>\r\n\t\t\t\t<\/div> <\/div><\/div>\n","protected":false},"excerpt":{"rendered":"","protected":false},"author":9,"featured_media":0,"parent":2560,"menu_order":0,"comment_status":"closed","ping_status":"closed","template":"templates\/template-application-platform.php","meta":{"publish_to_discourse":"","publish_post_category":"","wpdc_auto_publish_overridden":"","wpdc_topic_tags":"","wpdc_pin_topic":"","wpdc_pin_until":"","discourse_post_id":"","discourse_permalink":"","wpdc_publishing_response":"","wpdc_publishing_error":"","footnotes":""},"class_list":["post-10971","page","type-page","status-publish","hentry"],"yoast_head":"<!-- This site is optimized with the Yoast SEO plugin v25.3.1 - https:\/\/yoast.com\/wordpress\/plugins\/seo\/ -->\n<title>Compteur de visiteurs \u2013 Ajouter un widget Compteur de visites \u00e0 Google Sites [2025]<\/title>\n<meta name=\"description\" content=\"Voici la meilleure chance de concevoir un widget Compteur de visiteurs et de l\u2019ajouter \u00e0 votre site Web. B\u00e9n\u00e9ficiez du service client gratuit d&#039;Elfsight en quelques clics !\" \/>\n<meta name=\"robots\" content=\"index, follow, max-snippet:-1, max-image-preview:large, max-video-preview:-1\" \/>\n<link rel=\"canonical\" href=\"https:\/\/elfsight.com\/fr\/visitor-counter-widget\/google-sites\/\" \/>\n<meta property=\"og:locale\" content=\"fr_FR\" \/>\n<meta property=\"og:type\" content=\"article\" \/>\n<meta property=\"og:title\" content=\"Compteur de visiteurs \u2013 Ajouter un widget Compteur de visites \u00e0 Google Sites [2025]\" \/>\n<meta property=\"og:description\" content=\"Voici la meilleure chance de concevoir un widget Compteur de visiteurs et de l\u2019ajouter \u00e0 votre site Web. B\u00e9n\u00e9ficiez du service client gratuit d&#039;Elfsight en quelques clics !\" \/>\n<meta property=\"og:url\" content=\"https:\/\/elfsight.com\/fr\/visitor-counter-widget\/google-sites\/\" \/>\n<meta property=\"og:site_name\" content=\"Elfsight FR\" \/>\n<meta property=\"article:modified_time\" content=\"2025-01-10T13:50:38+00:00\" \/>\n<meta name=\"twitter:card\" content=\"summary_large_image\" \/>\n<meta name=\"twitter:label1\" content=\"Dur\u00e9e de lecture estim\u00e9e\" \/>\n\t<meta name=\"twitter:data1\" content=\"4 minutes\" \/>\n<!-- \/ Yoast SEO plugin. -->","yoast_head_json":{"title":"Compteur de visiteurs \u2013 Ajouter un widget Compteur de visites \u00e0 Google Sites [2025]","description":"Voici la meilleure chance de concevoir un widget Compteur de visiteurs et de l\u2019ajouter \u00e0 votre site Web. B\u00e9n\u00e9ficiez du service client gratuit d'Elfsight en quelques clics !","robots":{"index":"index","follow":"follow","max-snippet":"max-snippet:-1","max-image-preview":"max-image-preview:large","max-video-preview":"max-video-preview:-1"},"canonical":"https:\/\/elfsight.com\/fr\/visitor-counter-widget\/google-sites\/","og_locale":"fr_FR","og_type":"article","og_title":"Compteur de visiteurs \u2013 Ajouter un widget Compteur de visites \u00e0 Google Sites [2025]","og_description":"Voici la meilleure chance de concevoir un widget Compteur de visiteurs et de l\u2019ajouter \u00e0 votre site Web. B\u00e9n\u00e9ficiez du service client gratuit d'Elfsight en quelques clics !","og_url":"https:\/\/elfsight.com\/fr\/visitor-counter-widget\/google-sites\/","og_site_name":"Elfsight FR","article_modified_time":"2025-01-10T13:50:38+00:00","twitter_card":"summary_large_image","twitter_misc":{"Dur\u00e9e de lecture estim\u00e9e":"4 minutes"},"schema":{"@context":"https:\/\/schema.org","@graph":[{"@type":"WebPage","@id":"https:\/\/elfsight.com\/fr\/visitor-counter-widget\/google-sites\/","url":"https:\/\/elfsight.com\/fr\/visitor-counter-widget\/google-sites\/","name":"Compteur de visiteurs \u2013 Ajouter un widget Compteur de visites \u00e0 Google Sites [2025]","isPartOf":{"@id":"https:\/\/elfsight.com\/fr\/#website"},"datePublished":"1970-01-01T00:00:00+00:00","dateModified":"2025-01-10T13:50:38+00:00","description":"Voici la meilleure chance de concevoir un widget Compteur de visiteurs et de l\u2019ajouter \u00e0 votre site Web. B\u00e9n\u00e9ficiez du service client gratuit d'Elfsight en quelques clics !","breadcrumb":{"@id":"https:\/\/elfsight.com\/fr\/visitor-counter-widget\/google-sites\/#breadcrumb"},"inLanguage":"fr-FR","potentialAction":[{"@type":"ReadAction","target":["https:\/\/elfsight.com\/fr\/visitor-counter-widget\/google-sites\/"]}]},{"@type":"BreadcrumbList","@id":"https:\/\/elfsight.com\/fr\/visitor-counter-widget\/google-sites\/#breadcrumb","itemListElement":[{"@type":"ListItem","position":1,"name":"Home","item":"https:\/\/elfsight.com\/fr\/"},{"@type":"ListItem","position":2,"name":"Visitor Counter","item":"https:\/\/elfsight.com\/fr\/visitor-counter-widget\/"},{"@type":"ListItem","position":3,"name":"Visitor Counter &#8211; Google Sites"}]},{"@type":"WebSite","@id":"https:\/\/elfsight.com\/fr\/#website","url":"https:\/\/elfsight.com\/fr\/","name":"Elfsight FR","description":"","potentialAction":[{"@type":"SearchAction","target":{"@type":"EntryPoint","urlTemplate":"https:\/\/elfsight.com\/fr\/?s={search_term_string}"},"query-input":{"@type":"PropertyValueSpecification","valueRequired":true,"valueName":"search_term_string"}}],"inLanguage":"fr-FR"}]}},"meta_box":{"industry":"","seo_heading":"","heading":"","description":"","cta_heading":"","cta_description":"","application":"2559","h1":"Widget Compteur de visiteurs Google Sites","h1_caption":"Affichez le nombre de visiteurs de votre site Web avec un compteur de visiteurs en direct, renfor\u00e7ant ainsi sans effort la cr\u00e9dibilit\u00e9 de votre site Web sur vos sites Google.","application_category":[],"applications_title":"","applications_request_title":"","applications_request_button_text":"","hero_text":"","hero_video":"","hero_video_schema_markup":"","selling_points_title":"","selling_points_caption":"","selling_points":[],"selling_points_cta_text":"","features_title":"","features":"","ed_cta_examples_text":"","ed_cta_examples_hidden":"","ed_cta_demo_text":"","ed_cta_demo_hidden":"","why_caption":"","why_editor_title":"","why_editor_text":"","why_team_title":"","why_team_text":"","why_service_title":"","why_service_text":"","template_catalog_visible":"0","template_catalog_title":"","template_catalog_text":"","template_catalog_categories_visible":"","demo_title":"Cr\u00e9ez votre widget Compteur de visiteurs","demo_caption":"Configurez votre compteur de visiteurs et ajoutez-le gratuitement \u00e0 votre site Web Google Sites\u00a0!","default_faq_hidden":"","app_template_category":[],"platform":"423","template_public_id":"","codecanyon_url":"","codecanyon_item_id":"","codecanyon_price":"","pricing_caption":"","pricing_elfsight_apps_hide_column":"","pricing_elfsight_apps_url":"","pricing_codecanyon_price_caption":"","integration_category":[],"integration_request_title":"","integration_request_cta":"","integration_platform":"","integrations":[],"platform_category":[],"video_schema_markup":"","price":"\u00e0 partir de 0$ \/ mois","trial":"","benefits":[{"text":"Service d'installation gratuit"},{"text":"Un soutien exceptionnel"},{"text":"Garantie de remboursement de 14 jours"},{"text":"D\u00e9veloppement continu"}],"button_url":"","button_target_blank":"0","button_nofollow":"0","attributes":[{"name":"Installations","content":"10,000 - 100,000"},{"name":"R\u00e9activit\u00e9","content":"Fonctionne et s'affiche parfaitement sur la version mobile du site Web"},{"name":"Navigateurs compatibles","content":"Chrome, Safari, Opera, Firefox, Edge"}],"tags":[],"tags_disable_links":"0","hide_more_platforms":"","video_object":"","demo_hide_cta":"0","demo_hide_cloud_options":"0","pricing_title":"","pricing":[{"pricing_icon":"platform","pricing_title":"Elfsight Apps","pricing_title_caption":"Version multiplateforme qui fonctionne sur n'importe quel site Web","pricing_price":"from $0 \/ month","pricing_price_caption":"commencez avec un forfait gratuit","pricing_benefits":[{"text":"Domaines illimit\u00e9s"},{"text":"Assistance premium et ponctuelle"},{"text":"Service d'installation gratuit"},{"text":"100% personnalisable"}],"pricing_button_text":"Ajouter au site Web","pricing_button_url":"#demo"}],"related_apps_title":"","related_apps_hidden":"0","author":"","image":[],"title":"","job":"","social_networks":[]},"_links":{"self":[{"href":"https:\/\/elfsight.com\/fr\/wp-json\/wp\/v2\/pages\/10971","targetHints":{"allow":["GET"]}}],"collection":[{"href":"https:\/\/elfsight.com\/fr\/wp-json\/wp\/v2\/pages"}],"about":[{"href":"https:\/\/elfsight.com\/fr\/wp-json\/wp\/v2\/types\/page"}],"author":[{"embeddable":true,"href":"https:\/\/elfsight.com\/fr\/wp-json\/wp\/v2\/users\/9"}],"replies":[{"embeddable":true,"href":"https:\/\/elfsight.com\/fr\/wp-json\/wp\/v2\/comments?post=10971"}],"version-history":[{"count":2,"href":"https:\/\/elfsight.com\/fr\/wp-json\/wp\/v2\/pages\/10971\/revisions"}],"predecessor-version":[{"id":16136,"href":"https:\/\/elfsight.com\/fr\/wp-json\/wp\/v2\/pages\/10971\/revisions\/16136"}],"up":[{"embeddable":true,"href":"https:\/\/elfsight.com\/fr\/wp-json\/wp\/v2\/pages\/2560"}],"wp:attachment":[{"href":"https:\/\/elfsight.com\/fr\/wp-json\/wp\/v2\/media?parent=10971"}],"curies":[{"name":"wp","href":"https:\/\/api.w.org\/{rel}","templated":true}]}}