{"id":10970,"date":"1970-01-01T00:00:00","date_gmt":"1970-01-01T00:00:00","guid":{"rendered":"https:\/\/elfsight.com\/fr\/?page_id=10970"},"modified":"2025-07-10T14:09:16","modified_gmt":"2025-07-10T14:09:16","slug":"magento","status":"publish","type":"page","link":"https:\/\/elfsight.com\/fr\/visitor-counter-widget\/magento\/","title":{"rendered":"Visitor Counter &#8211; Magento"},"content":{"rendered":"<div class=\"application-platform-content-item-description application-platform-content-item\" id=\"description\" data-nav-section=\"description\"> <h2>Description<\/h2><p>Elfsight Visitor Counter est un outil simple qui vous permet, \u00e0 vous et \u00e0 vos utilisateurs, de voir votre nombre de visiteurs et le nombre de visiteurs. contenu le plus populaire consult\u00e9 dans l\u2019intervalle de temps exact. Les statistiques essentielles sont d\u00e9sormais faciles \u00e0 v\u00e9rifier sans n\u00e9cessiter de comp\u00e9tences suppl\u00e9mentaires. De plus, en vous utilisant, vous pouvez facilement leur faire croire que vous \u00eates une entreprise digne de confiance et obtenir beaucoup plus de prospects. Gr\u00e2ce \u00e0 nos options \u00e9l\u00e9gantes et personnalisables et \u00e0 nos mises en page pratiques, vous pouvez cr\u00e9er le widget sur votre site en quelques clics. <\/p><p><b>Ajoutez un compteur de visiteurs pour analyser les statistiques de votre site Web et am\u00e9liorer votre cr\u00e9dibilit\u00e9.<\/b><\/p> <\/div> <div class=\"application-platform-content-item-features application-platform-content-item\" id=\"features\" data-nav-section=\"features\"> <h2>Voici les principales fonctionnalit\u00e9s de l&rsquo;extension\u00a0: <\/h2> <ul><li>V\u00e9rifiez les statistiques importantes sans avoir besoin de connaissances suppl\u00e9mentaires en mati\u00e8re d&rsquo;analyse ou de codage<\/li><li>Obtenez le nombre d&rsquo;utilisateurs et celles de vos pages les plus consult\u00e9es <\/li> <li>Grands intervalles de temps pour compter vos statistiques <\/li><li> Mises en page faciles \u00e0 utiliser pour repr\u00e9senter toutes les statistiques de mani\u00e8re accessible<\/li><li>Sch\u00e9mas de couleurs clairs, fonc\u00e9s et personnalisables pour rendre le outil \u00e9poustouflant <\/li><li> Ajustez la couleur de tous les \u00e9l\u00e9ments\u00a0: texte, jeu de couleurs et ic\u00f4nes <\/li><\/ul><p><a href=\"#demo\">Essayez toutes les options dans la d\u00e9mo en direct <\/a><\/p> <\/div> <div class=\"application-platform-content-item-installation application-platform-content-item\" id=\"installation\" data-nav-section=\"installation\"> <h2>Comment ajouter un compteur de visiteurs sur votre site Magento\u00a0? <\/h2> <p>Suivez simplement le guide ci-dessous pour impl\u00e9menter l&rsquo;outil\u00a0: <\/p> <ol><li><b>G\u00e9n\u00e9rez votre extension personnelle de compteur de visiteurs. <\/b><br> En g\u00e9rant notre \u00e9diteur gratuit, cr\u00e9ez un plugin avec un design et des fonctionnalit\u00e9s personnalis\u00e9s. <\/li> <li><b>Acqu\u00e9rir le code personnel pour int\u00e9grer l&rsquo;outil.<\/b><br> Apr\u00e8s avoir personnalis\u00e9 votre widget, vous obtiendrez le code d&rsquo;installation dans la fen\u00eatre apparue sur Elfsight Apps. Copiez-le pour une utilisation ult\u00e9rieure. <\/li> <li><b>Int\u00e9grez l&rsquo;extension sur votre site Magento.<\/b><br> Recherchez la zone dans laquelle vous souhaitez placer l&rsquo;outil et ins\u00e9rez-y le code enregistr\u00e9. Enregistrez les modifications. <\/li> <li><b>Termin\u00e9\u00a0!<\/b><br> Entrez sur le site Web pour voir votre plugin. <\/li><\/ol><p>Si vous avez des difficult\u00e9s ou des questions, n&rsquo;h\u00e9sitez pas \u00e0 contacter notre \u00e9quipe d&rsquo;assistance. Nos professionnels se feront un plaisir de r\u00e9soudre tous les probl\u00e8mes li\u00e9s \u00e0 votre extension. <\/p> <div class=\"faq\" data-component=\"FAQ\"><div class=\"faq-item\">\r\n\t\t\t\t\t<div class=\"faq-item-question\">\r\n\t\t\t\t\t\t<h3 class=\"faq-item-question-text\">Comment int\u00e9grer Visitor Counter \u00e0 ma page Web Magento sans coder ?<\/h3>\r\n\r\n\t\t\t\t\t\t<div class=\"faq-item-question-icon\"><\/div>\r\n\t\t\t\t\t<\/div>\r\n\r\n\t\t\t\t\t<div class=\"faq-item-answer\">\r\n\t\t\t\t\t\t<div class=\"faq-item-answer-text\"> <p>La soci\u00e9t\u00e9 Elfsight propose une solution qui permet aux propri\u00e9taires de sites de cr\u00e9er vous-m\u00eame un plugin Visitor Counter, d\u00e9couvrez les instructions simples. : Travaillez directement dans la d\u00e9mo en direct pour cr\u00e9er un plugin Visitor Counter que vous souhaitez int\u00e9grer sur la page d&rsquo;accueil de Magento. Choisissez l&rsquo;un de nos mod\u00e8les pr\u00e9d\u00e9finis et ajustez les param\u00e8tres du compteur de visiteurs, modifiez la disposition et la couleur des \u00e9l\u00e9ments, y compris votre contenu, sans exp\u00e9rience en codage. Cliquez pour enregistrer les param\u00e8tres que vous avez d\u00e9finis dans Visitor Counter et obtenir le code d&rsquo;installation que vous pouvez ajouter \u00e0 votre site Web Magento sans avoir besoin d&rsquo;acheter une version payante. En travaillant dans notre \u00e9diteur simple, chaque utilisateur Web peut cr\u00e9er un widget Compteur de visiteurs en ligne et l&rsquo;int\u00e9grer sans effort \u00e0 la page d&rsquo;accueil de Magento. Il n&rsquo;est pas n\u00e9cessaire d&rsquo;obtenir un forfait payant ou de soumettre les donn\u00e9es de votre carte pour acc\u00e9der au service. Si vous rencontrez des obstacles \u00e0 une \u00e9tape quelconque, veuillez contacter notre service client.<\/p> <\/div>\r\n\t\t\t\t\t<\/div>\r\n\t\t\t\t<\/div> <\/div><\/div>","protected":false},"excerpt":{"rendered":"","protected":false},"author":9,"featured_media":0,"parent":2560,"menu_order":0,"comment_status":"closed","ping_status":"closed","template":"templates\/template-application-platform.php","meta":{"publish_to_discourse":"","publish_post_category":"","wpdc_auto_publish_overridden":"","wpdc_topic_tags":"","wpdc_pin_topic":"","wpdc_pin_until":"","discourse_post_id":"","discourse_permalink":"","wpdc_publishing_response":"","wpdc_publishing_error":"","footnotes":""},"class_list":["post-10970","page","type-page","status-publish","hentry"],"yoast_head":"<!-- This site is optimized with the Yoast SEO plugin v25.3.1 - https:\/\/yoast.com\/wordpress\/plugins\/seo\/ -->\n<title>Plugin de compteur de visiteurs | Ajouter un widget Compteur de visites au site Web Magento [2025]<\/title>\n<meta name=\"description\" content=\"Ajoutez un compteur de visiteurs pratique \u00e0 votre site Magento. Utilisez la d\u00e9mo en direct d&#039;Elfsight et cr\u00e9ez votre propre extension en quelques clics.\" \/>\n<meta name=\"robots\" content=\"index, follow, max-snippet:-1, max-image-preview:large, max-video-preview:-1\" \/>\n<link rel=\"canonical\" href=\"https:\/\/elfsight.com\/fr\/visitor-counter-widget\/magento\/\" \/>\n<meta property=\"og:locale\" content=\"fr_FR\" \/>\n<meta property=\"og:type\" content=\"article\" \/>\n<meta property=\"og:title\" content=\"Plugin de compteur de visiteurs | Ajouter un widget Compteur de visites au site Web Magento [2025]\" \/>\n<meta property=\"og:description\" content=\"Ajoutez un compteur de visiteurs pratique \u00e0 votre site Magento. Utilisez la d\u00e9mo en direct d&#039;Elfsight et cr\u00e9ez votre propre extension en quelques clics.\" \/>\n<meta property=\"og:url\" content=\"https:\/\/elfsight.com\/fr\/visitor-counter-widget\/magento\/\" \/>\n<meta property=\"og:site_name\" content=\"Elfsight FR\" \/>\n<meta property=\"article:modified_time\" content=\"2025-07-10T14:09:16+00:00\" \/>\n<meta name=\"twitter:card\" content=\"summary_large_image\" \/>\n<meta name=\"twitter:label1\" content=\"Dur\u00e9e de lecture estim\u00e9e\" \/>\n\t<meta name=\"twitter:data1\" content=\"3 minutes\" \/>\n<!-- \/ Yoast SEO plugin. -->","yoast_head_json":{"title":"Plugin de compteur de visiteurs | Ajouter un widget Compteur de visites au site Web Magento [2025]","description":"Ajoutez un compteur de visiteurs pratique \u00e0 votre site Magento. Utilisez la d\u00e9mo en direct d'Elfsight et cr\u00e9ez votre propre extension en quelques clics.","robots":{"index":"index","follow":"follow","max-snippet":"max-snippet:-1","max-image-preview":"max-image-preview:large","max-video-preview":"max-video-preview:-1"},"canonical":"https:\/\/elfsight.com\/fr\/visitor-counter-widget\/magento\/","og_locale":"fr_FR","og_type":"article","og_title":"Plugin de compteur de visiteurs | Ajouter un widget Compteur de visites au site Web Magento [2025]","og_description":"Ajoutez un compteur de visiteurs pratique \u00e0 votre site Magento. Utilisez la d\u00e9mo en direct d'Elfsight et cr\u00e9ez votre propre extension en quelques clics.","og_url":"https:\/\/elfsight.com\/fr\/visitor-counter-widget\/magento\/","og_site_name":"Elfsight FR","article_modified_time":"2025-07-10T14:09:16+00:00","twitter_card":"summary_large_image","twitter_misc":{"Dur\u00e9e de lecture estim\u00e9e":"3 minutes"},"schema":{"@context":"https:\/\/schema.org","@graph":[{"@type":"WebPage","@id":"https:\/\/elfsight.com\/fr\/visitor-counter-widget\/magento\/","url":"https:\/\/elfsight.com\/fr\/visitor-counter-widget\/magento\/","name":"Plugin de compteur de visiteurs | Ajouter un widget Compteur de visites au site Web Magento [2025]","isPartOf":{"@id":"https:\/\/elfsight.com\/fr\/#website"},"datePublished":"1970-01-01T00:00:00+00:00","dateModified":"2025-07-10T14:09:16+00:00","description":"Ajoutez un compteur de visiteurs pratique \u00e0 votre site Magento. Utilisez la d\u00e9mo en direct d'Elfsight et cr\u00e9ez votre propre extension en quelques clics.","breadcrumb":{"@id":"https:\/\/elfsight.com\/fr\/visitor-counter-widget\/magento\/#breadcrumb"},"inLanguage":"fr-FR","potentialAction":[{"@type":"ReadAction","target":["https:\/\/elfsight.com\/fr\/visitor-counter-widget\/magento\/"]}]},{"@type":"BreadcrumbList","@id":"https:\/\/elfsight.com\/fr\/visitor-counter-widget\/magento\/#breadcrumb","itemListElement":[{"@type":"ListItem","position":1,"name":"Home","item":"https:\/\/elfsight.com\/fr\/"},{"@type":"ListItem","position":2,"name":"Visitor Counter","item":"https:\/\/elfsight.com\/fr\/visitor-counter-widget\/"},{"@type":"ListItem","position":3,"name":"Visitor Counter &#8211; Magento"}]},{"@type":"WebSite","@id":"https:\/\/elfsight.com\/fr\/#website","url":"https:\/\/elfsight.com\/fr\/","name":"Elfsight FR","description":"","potentialAction":[{"@type":"SearchAction","target":{"@type":"EntryPoint","urlTemplate":"https:\/\/elfsight.com\/fr\/?s={search_term_string}"},"query-input":{"@type":"PropertyValueSpecification","valueRequired":true,"valueName":"search_term_string"}}],"inLanguage":"fr-FR"}]}},"meta_box":{"industry":"","seo_heading":"","heading":"","description":"","cta_heading":"","cta_description":"","application":"2559","h1":"Extension du compteur de visiteurs Magento","h1_caption":"Affichez le nombre de visiteurs de votre site Web avec un compteur de visiteurs en direct, renfor\u00e7ant ainsi sans effort la cr\u00e9dibilit\u00e9 de votre site Web sur votre site Web Magento.","application_category":[],"applications_title":"","applications_request_title":"","applications_request_button_text":"","hero_text":"","hero_video":"","hero_video_schema_markup":"","selling_points_title":"","selling_points_caption":"","selling_points":[],"selling_points_cta_text":"","features_title":"","features":"","ed_cta_examples_text":"","ed_cta_examples_hidden":"","ed_cta_demo_text":"","ed_cta_demo_hidden":"","why_caption":"","why_editor_title":"","why_editor_text":"","why_team_title":"","why_team_text":"","why_service_title":"","why_service_text":"","template_catalog_visible":"","template_catalog_title":"","template_catalog_text":"","template_catalog_categories_visible":"","demo_title":"Cr\u00e9ez votre extension de compteur de visiteurs","demo_caption":"Configurez votre compteur de visiteurs et ajoutez-le gratuitement \u00e0 votre site Web Magento\u00a0!","default_faq_hidden":"","app_template_category":[],"platform":"357","template_public_id":"","codecanyon_url":"","codecanyon_item_id":"","codecanyon_price":"","pricing_caption":"","pricing_elfsight_apps_hide_column":"","pricing_elfsight_apps_url":"","pricing_codecanyon_price_caption":"","integration_category":[],"integration_request_title":"","integration_request_cta":"","integration_platform":"","integrations":[],"platform_category":[],"video_schema_markup":"","price":"\u00e0 partir de 0$ \/ mois","trial":"","benefits":[{"text":"Aide \u00e0 l'installation gratuite"},{"text":"Service client comp\u00e9tent"},{"text":"Garantie de remboursement de 14 jours"},{"text":"Mises \u00e0 jour \u00e0 vie"}],"button_url":"","button_target_blank":"","button_nofollow":"","attributes":[{"name":"Installations","content":"10,000 - 100,000"},{"name":"Sensible","content":"Oui"},{"name":"Navigateurs compatibles","content":"Firefox, Safari, Opera, Chrome, Edge"}],"tags":[],"tags_disable_links":"","hide_more_platforms":"","video_object":"","demo_hide_cta":"","demo_hide_cloud_options":"","pricing_title":"","pricing":[{"pricing_icon":"platform","pricing_title":"Elfsight Apps","pricing_title_caption":"Solution num\u00e9rique multiplateforme","pricing_price":"from $0 \/ month","pricing_price_caption":"commencez avec un forfait gratuit","pricing_benefits":[{"text":"Sites Web illimit\u00e9s"},{"text":"Accompagnement professionnel de l'entreprise"},{"text":"Assistance \u00e0 l'installation gratuite"},{"text":"100% personnalisable"}],"pricing_button_text":"Ajouter au site Web","pricing_button_url":"#demo"}],"related_apps_title":"","related_apps_hidden":"","author":"","image":[],"title":"","job":"","social_networks":[]},"_links":{"self":[{"href":"https:\/\/elfsight.com\/fr\/wp-json\/wp\/v2\/pages\/10970","targetHints":{"allow":["GET"]}}],"collection":[{"href":"https:\/\/elfsight.com\/fr\/wp-json\/wp\/v2\/pages"}],"about":[{"href":"https:\/\/elfsight.com\/fr\/wp-json\/wp\/v2\/types\/page"}],"author":[{"embeddable":true,"href":"https:\/\/elfsight.com\/fr\/wp-json\/wp\/v2\/users\/9"}],"replies":[{"embeddable":true,"href":"https:\/\/elfsight.com\/fr\/wp-json\/wp\/v2\/comments?post=10970"}],"version-history":[{"count":1,"href":"https:\/\/elfsight.com\/fr\/wp-json\/wp\/v2\/pages\/10970\/revisions"}],"predecessor-version":[{"id":10974,"href":"https:\/\/elfsight.com\/fr\/wp-json\/wp\/v2\/pages\/10970\/revisions\/10974"}],"up":[{"embeddable":true,"href":"https:\/\/elfsight.com\/fr\/wp-json\/wp\/v2\/pages\/2560"}],"wp:attachment":[{"href":"https:\/\/elfsight.com\/fr\/wp-json\/wp\/v2\/media?parent=10970"}],"curies":[{"name":"wp","href":"https:\/\/api.w.org\/{rel}","templated":true}]}}