{"id":10965,"date":"1970-01-01T00:00:00","date_gmt":"1970-01-01T00:00:00","guid":{"rendered":"https:\/\/elfsight.com\/fr\/?page_id=10965"},"modified":"2025-07-10T14:07:59","modified_gmt":"2025-07-10T14:07:59","slug":"godaddy","status":"publish","type":"page","link":"https:\/\/elfsight.com\/fr\/visitor-counter-widget\/godaddy\/","title":{"rendered":"Visitor Counter  &#8211; GoDaddy"},"content":{"rendered":"<div class=\"application-platform-content-item-description application-platform-content-item\" id=\"description\" data-nav-section=\"description\"> <h2>Int\u00e9grer le compteur de visiteurs sur GoDaddy avec le widget Elfsight<\/h2> <p> Le compteur de visiteurs pour GoDaddy est un plugin facile \u00e0 g\u00e9rer qui vous permet de contr\u00f4ler votre nombre de visiteurs et le contenu le plus populaire consult\u00e9 sur une p\u00e9riode de temps donn\u00e9e. Les statistiques n\u00e9cessaires sont d\u00e9sormais simplement \u00e0 v\u00e9rifier sans comp\u00e9tences sp\u00e9cifiques en codage ou en analyse de donn\u00e9es. De plus, en l&rsquo;utilisant, vous pouvez facilement garantir aux utilisateurs que vous \u00eates une entreprise respectable et que vous r\u00e9alisez beaucoup plus de ventes. Gr\u00e2ce \u00e0 nos opportunit\u00e9s \u00e9l\u00e9gantes et adaptables et \u00e0 nos mises en page pratiques, vous pouvez int\u00e9grer le plugin \u00e0 votre site Web en un seul clic. <\/p> <p><b>Rendez votre strat\u00e9gie e-commerce plus efficace pour obtenir plus d&rsquo;offres \u00e0 l&rsquo;aide du compteur de visiteurs<\/b><\/p><\/div> <div class=\"application-platform-content-item-features application-platform-content-item\" id=\"features\" data-nav-section=\"features\"> <h2>D\u00e9couvrez la liste des fonctionnalit\u00e9s les plus utiles\u00a0: <\/h2> <ul><li>Utilisez des CTA pour guider les utilisateurs vers la conversion<\/li><li>Facile \u00e0 g\u00e9rer sans qualification sp\u00e9cifique en termes d&rsquo;analyse et de codage requis<\/li><li>Une grande vari\u00e9t\u00e9 de p\u00e9riodes de temps pour v\u00e9rifier vos m\u00e9triques<\/li><li> des mises en page utiles pour organiser toutes les informations de mani\u00e8re accessible <\/li><li>Des sch\u00e9mas de couleurs clairs, fonc\u00e9s et personnalisables pour ajuster l&rsquo;outil <\/li><li> Choisissez la taille et l&rsquo;\u00e9paisseur de la police <\/li><li> Pour int\u00e9grer simplement, m\u00eame pour les utilisateurs non-technologiques <\/li><\/ul><p><a href=\"#demo\">Vous pouvez voir ce que vaut le plugin en utilisant la d\u00e9mo<\/a><\/p> <\/div> <div class=\"application-platform-content-item-installation application-platform-content-item\" id=\"installation\" data-nav-section=\"installation\"> <h2>Comment ajouter un compteur de visiteurs \u00e0 ma page Web GoDaddy\u00a0? <\/h2> <p>Suivez simplement ces \u00e9tapes d\u00e9crites ci-dessous pour int\u00e9grer le plugin. <\/p> <ol><li><b>Utilisez notre configurateur gratuit et commencez \u00e0 cr\u00e9er votre plugin personnalis\u00e9. <\/b><br> Choisissez l&rsquo;interface et les param\u00e8tres pr\u00e9f\u00e9r\u00e9s du plugin et appliquez les corrections. <\/li> <li><b>Copiez le code individuel r\u00e9v\u00e9l\u00e9 dans la case sur les applications Elfsight. <\/b><br> D\u00e8s que la g\u00e9n\u00e9ration de votre outil personnel est termin\u00e9e, copiez le code exclusif de la fen\u00eatre qui appara\u00eet et enregistrez-le pour un besoin futur. <\/li> <li><b>Lancez l&rsquo;utilisation du plugin sur la page d&rsquo;accueil de GoDaddy. <\/b><br> Int\u00e9grez le code que vous avez copi\u00e9 r\u00e9cemment dans votre page et enregistrez les ajustements. <\/li> <li><b>L&rsquo;installation est enti\u00e8rement termin\u00e9e. <\/b><br> Acc\u00e9dez \u00e0 votre site pour v\u00e9rifier le fonctionnement du plugin. <\/li><\/ol> <p>En cas de questions ou de complications, n&rsquo;h\u00e9sitez pas \u00e0 contacter notre service client. Nos consultants ont h\u00e2te de vous aider avec toutes les difficult\u00e9s que vous pourriez rencontrer avec le plugin. <\/p> <div class=\"faq\" data-component=\"FAQ\"><div class=\"faq-item\">\r\n\t\t\t\t\t<div class=\"faq-item-question\">\r\n\t\t\t\t\t\t<h3 class=\"faq-item-question-text\">Comment puis-je ajouter un compteur de visiteurs \u00e0 mon site GoDaddy sans exp\u00e9rience en codage ?<\/h3>\r\n\r\n\t\t\t\t\t\t<div class=\"faq-item-question-icon\"><\/div>\r\n\t\t\t\t\t<\/div>\r\n\r\n\t\t\t\t\t<div class=\"faq-item-answer\">\r\n\t\t\t\t\t\t<div class=\"faq-item-answer-text\"> <p>Elfsight propose une solution Cloud qui permet aux utilisateurs de cr\u00e9er vous-m\u00eame un widget de compteur de visiteurs, regardez le simple instructions\u00a0: Travaillez directement dans la d\u00e9mo en ligne pour cr\u00e9er un widget Compteur de visiteurs que vous souhaitez int\u00e9grer sur votre site GoDaddy. Choisissez l&rsquo;un de nos mod\u00e8les pr\u00e9d\u00e9finis et modifiez les param\u00e8tres du compteur de visiteurs, modifiez la mise en page et les couleurs et mettez \u00e0 jour votre contenu, sans codage. Cliquez pour enregistrer le compteur de visiteurs et copier le code d&rsquo;installation du widget, que vous pouvez facilement ajouter gratuitement sur le site GoDaddy. Gr\u00e2ce \u00e0 notre \u00e9diteur facile \u00e0 utiliser, tout internaute peut cr\u00e9er une application Visitor Counter en ligne et l&rsquo;ajouter \u00e0 n&rsquo;importe quelle page d&rsquo;accueil GoDaddy. Vous ne devez pas souscrire \u00e0 un abonnement payant ni saisir les donn\u00e9es de votre carte pour acc\u00e9der \u00e0 l&rsquo;\u00c9diteur. Si vous rencontrez des probl\u00e8mes \u00e0 n&rsquo;importe quelle \u00e9tape, n&rsquo;h\u00e9sitez pas \u00e0 contacter notre \u00e9quipe d&rsquo;assistance technique.<\/p> <\/div>\r\n\t\t\t\t\t<\/div>\r\n\t\t\t\t<\/div> <\/div><\/div><!-- \/wp:html - &gt; \/wp:html -->","protected":false},"excerpt":{"rendered":"","protected":false},"author":9,"featured_media":0,"parent":2560,"menu_order":0,"comment_status":"closed","ping_status":"closed","template":"templates\/template-application-platform.php","meta":{"publish_to_discourse":"","publish_post_category":"","wpdc_auto_publish_overridden":"","wpdc_topic_tags":"","wpdc_pin_topic":"","wpdc_pin_until":"","discourse_post_id":"","discourse_permalink":"","wpdc_publishing_response":"","wpdc_publishing_error":"","footnotes":""},"class_list":["post-10965","page","type-page","status-publish","hentry"],"yoast_head":"<!-- This site is optimized with the Yoast SEO plugin v25.3.1 - https:\/\/yoast.com\/wordpress\/plugins\/seo\/ -->\n<title>Visitor Counter - Ajoutez le plugin Visitor Counter au site Web GoDaddy\u00a0!<\/title>\n<meta name=\"description\" content=\"Voici la meilleure chance de cr\u00e9er un plugin Visitor Counter et de l\u2019ajouter \u00e0 votre site Web GoDaddy. B\u00e9n\u00e9ficiez d&#039;une assistance client gratuite par Elfsight.\" \/>\n<meta name=\"robots\" content=\"index, follow, max-snippet:-1, max-image-preview:large, max-video-preview:-1\" \/>\n<link rel=\"canonical\" href=\"https:\/\/elfsight.com\/fr\/visitor-counter-widget\/godaddy\/\" \/>\n<meta property=\"og:locale\" content=\"fr_FR\" \/>\n<meta property=\"og:type\" content=\"article\" \/>\n<meta property=\"og:title\" content=\"Visitor Counter - Ajoutez le plugin Visitor Counter au site Web GoDaddy\u00a0!\" \/>\n<meta property=\"og:description\" content=\"Voici la meilleure chance de cr\u00e9er un plugin Visitor Counter et de l\u2019ajouter \u00e0 votre site Web GoDaddy. B\u00e9n\u00e9ficiez d&#039;une assistance client gratuite par Elfsight.\" \/>\n<meta property=\"og:url\" content=\"https:\/\/elfsight.com\/fr\/visitor-counter-widget\/godaddy\/\" \/>\n<meta property=\"og:site_name\" content=\"Elfsight FR\" \/>\n<meta property=\"article:modified_time\" content=\"2025-07-10T14:07:59+00:00\" \/>\n<meta name=\"twitter:card\" content=\"summary_large_image\" \/>\n<meta name=\"twitter:label1\" content=\"Dur\u00e9e de lecture estim\u00e9e\" \/>\n\t<meta name=\"twitter:data1\" content=\"3 minutes\" \/>\n<!-- \/ Yoast SEO plugin. -->","yoast_head_json":{"title":"Visitor Counter - Ajoutez le plugin Visitor Counter au site Web GoDaddy\u00a0!","description":"Voici la meilleure chance de cr\u00e9er un plugin Visitor Counter et de l\u2019ajouter \u00e0 votre site Web GoDaddy. B\u00e9n\u00e9ficiez d'une assistance client gratuite par Elfsight.","robots":{"index":"index","follow":"follow","max-snippet":"max-snippet:-1","max-image-preview":"max-image-preview:large","max-video-preview":"max-video-preview:-1"},"canonical":"https:\/\/elfsight.com\/fr\/visitor-counter-widget\/godaddy\/","og_locale":"fr_FR","og_type":"article","og_title":"Visitor Counter - Ajoutez le plugin Visitor Counter au site Web GoDaddy\u00a0!","og_description":"Voici la meilleure chance de cr\u00e9er un plugin Visitor Counter et de l\u2019ajouter \u00e0 votre site Web GoDaddy. B\u00e9n\u00e9ficiez d'une assistance client gratuite par Elfsight.","og_url":"https:\/\/elfsight.com\/fr\/visitor-counter-widget\/godaddy\/","og_site_name":"Elfsight FR","article_modified_time":"2025-07-10T14:07:59+00:00","twitter_card":"summary_large_image","twitter_misc":{"Dur\u00e9e de lecture estim\u00e9e":"3 minutes"},"schema":{"@context":"https:\/\/schema.org","@graph":[{"@type":"WebPage","@id":"https:\/\/elfsight.com\/fr\/visitor-counter-widget\/godaddy\/","url":"https:\/\/elfsight.com\/fr\/visitor-counter-widget\/godaddy\/","name":"Visitor Counter - Ajoutez le plugin Visitor Counter au site Web GoDaddy\u00a0!","isPartOf":{"@id":"https:\/\/elfsight.com\/fr\/#website"},"datePublished":"1970-01-01T00:00:00+00:00","dateModified":"2025-07-10T14:07:59+00:00","description":"Voici la meilleure chance de cr\u00e9er un plugin Visitor Counter et de l\u2019ajouter \u00e0 votre site Web GoDaddy. B\u00e9n\u00e9ficiez d'une assistance client gratuite par Elfsight.","breadcrumb":{"@id":"https:\/\/elfsight.com\/fr\/visitor-counter-widget\/godaddy\/#breadcrumb"},"inLanguage":"fr-FR","potentialAction":[{"@type":"ReadAction","target":["https:\/\/elfsight.com\/fr\/visitor-counter-widget\/godaddy\/"]}]},{"@type":"BreadcrumbList","@id":"https:\/\/elfsight.com\/fr\/visitor-counter-widget\/godaddy\/#breadcrumb","itemListElement":[{"@type":"ListItem","position":1,"name":"Home","item":"https:\/\/elfsight.com\/fr\/"},{"@type":"ListItem","position":2,"name":"Visitor Counter","item":"https:\/\/elfsight.com\/fr\/visitor-counter-widget\/"},{"@type":"ListItem","position":3,"name":"Visitor Counter &#8211; GoDaddy"}]},{"@type":"WebSite","@id":"https:\/\/elfsight.com\/fr\/#website","url":"https:\/\/elfsight.com\/fr\/","name":"Elfsight FR","description":"","potentialAction":[{"@type":"SearchAction","target":{"@type":"EntryPoint","urlTemplate":"https:\/\/elfsight.com\/fr\/?s={search_term_string}"},"query-input":{"@type":"PropertyValueSpecification","valueRequired":true,"valueName":"search_term_string"}}],"inLanguage":"fr-FR"}]}},"meta_box":{"industry":"","seo_heading":"","heading":"","description":"","cta_heading":"","cta_description":"","application":"2559","h1":"Plugin de compteur de visiteurs GoDaddy","h1_caption":"V\u00e9rifiez les statistiques de votre site Web et g\u00e9n\u00e9rez plus de prospects","application_category":[],"applications_title":"","applications_request_title":"","applications_request_button_text":"","hero_text":"","hero_video":"","hero_video_schema_markup":"","selling_points_title":"","selling_points_caption":"","selling_points":[],"selling_points_cta_text":"","features_title":"","features":"","ed_cta_examples_text":"","ed_cta_examples_hidden":"","ed_cta_demo_text":"","ed_cta_demo_hidden":"","why_caption":"","why_editor_title":"","why_editor_text":"","why_team_title":"","why_team_text":"","why_service_title":"","why_service_text":"","template_catalog_visible":"","template_catalog_title":"","template_catalog_text":"","template_catalog_categories_visible":"","demo_title":"Allez-y et concevez un compteur de visiteurs GoDaddy personnalis\u00e9","demo_caption":"Adaptez-le et int\u00e9grez-le dans votre page Web via une d\u00e9mo.","default_faq_hidden":"","app_template_category":[],"platform":"370","template_public_id":"","codecanyon_url":"","codecanyon_item_id":"","codecanyon_price":"","pricing_caption":"","pricing_elfsight_apps_hide_column":"","pricing_elfsight_apps_url":"","pricing_codecanyon_price_caption":"","integration_category":[],"integration_request_title":"","integration_request_cta":"","integration_platform":"","integrations":[],"platform_category":[],"video_schema_markup":"","price":"\u00e0 partir de 0$ \/ mois","trial":"","benefits":[{"text":"Service d'installation gratuit"},{"text":"Service client efficace"},{"text":"Garantie de remboursement de 14 jours"},{"text":"Am\u00e9liorations gratuites r\u00e9guli\u00e8res"}],"button_url":"","button_target_blank":"","button_nofollow":"","attributes":[{"name":"Installations","content":"10,000 - 100,000"},{"name":"Sensible","content":"Oui"},{"name":"Navigateurs compatibles","content":"IE11, Firefox, Safari, Opera, Chrome, Edge"}],"tags":[],"tags_disable_links":"","hide_more_platforms":"","video_object":"","demo_hide_cta":"","demo_hide_cloud_options":"","pricing_title":"","pricing":[{"pricing_icon":"platform","pricing_title":"Elfsight Apps","pricing_title_caption":"Logiciel ind\u00e9pendant de la plate-forme","pricing_price":"from $0 \/ month","pricing_price_caption":"commencez avec un forfait gratuit","pricing_benefits":[{"text":"Domaines illimit\u00e9s"},{"text":"Assistance client gratuite"},{"text":"Service d'installation gratuit"},{"text":"100% personnalisable"}],"pricing_button_text":"Ajouter au site Web","pricing_button_url":"#demo"}],"related_apps_title":"","related_apps_hidden":"","author":"","image":[],"title":"","job":"","social_networks":[]},"_links":{"self":[{"href":"https:\/\/elfsight.com\/fr\/wp-json\/wp\/v2\/pages\/10965","targetHints":{"allow":["GET"]}}],"collection":[{"href":"https:\/\/elfsight.com\/fr\/wp-json\/wp\/v2\/pages"}],"about":[{"href":"https:\/\/elfsight.com\/fr\/wp-json\/wp\/v2\/types\/page"}],"author":[{"embeddable":true,"href":"https:\/\/elfsight.com\/fr\/wp-json\/wp\/v2\/users\/9"}],"replies":[{"embeddable":true,"href":"https:\/\/elfsight.com\/fr\/wp-json\/wp\/v2\/comments?post=10965"}],"version-history":[{"count":1,"href":"https:\/\/elfsight.com\/fr\/wp-json\/wp\/v2\/pages\/10965\/revisions"}],"predecessor-version":[{"id":10969,"href":"https:\/\/elfsight.com\/fr\/wp-json\/wp\/v2\/pages\/10965\/revisions\/10969"}],"up":[{"embeddable":true,"href":"https:\/\/elfsight.com\/fr\/wp-json\/wp\/v2\/pages\/2560"}],"wp:attachment":[{"href":"https:\/\/elfsight.com\/fr\/wp-json\/wp\/v2\/media?parent=10965"}],"curies":[{"name":"wp","href":"https:\/\/api.w.org\/{rel}","templated":true}]}}