{"id":10964,"date":"1970-01-01T00:00:00","date_gmt":"1970-01-01T00:00:00","guid":{"rendered":"https:\/\/elfsight.com\/fr\/?page_id=10964"},"modified":"2025-07-10T14:08:52","modified_gmt":"2025-07-10T14:08:52","slug":"prestashop","status":"publish","type":"page","link":"https:\/\/elfsight.com\/fr\/visitor-counter-widget\/prestashop\/","title":{"rendered":"Visitor Counter &#8211; PrestaShop"},"content":{"rendered":"<div class=\"application-platform-content-item-description application-platform-content-item\" id=\"description\" data-nav-section=\"description\"> <h2>Description<\/h2> <p> Visitor Counter pour PrestaShop est un outil facile \u00e0 g\u00e9rer qui vous permet de v\u00e9rifier votre quantit\u00e9 de visiteurs et le contenu le plus populaire consult\u00e9 sur une p\u00e9riode de temps donn\u00e9e. Les mesures essentielles doivent d\u00e9sormais simplement \u00eatre suivies sans n\u00e9cessiter de connaissances suppl\u00e9mentaires en codage ou en analyse de donn\u00e9es. En outre, en l&rsquo;utilisant, vous pouvez facilement garantir aux visiteurs que vous \u00eates une entreprise digne de confiance et obtenir beaucoup plus de ventes. Gr\u00e2ce \u00e0 nos opportunit\u00e9s \u00e9l\u00e9gantes personnalis\u00e9es et \u00e0 nos mises en page pratiques, vous pouvez cr\u00e9er le widget sur votre site en quelques clics. <\/p> <p><b>Ajoutez un compteur de visiteurs pour am\u00e9liorer votre strat\u00e9gie commerciale et atteindre vos objectifs plus facilement\u00a0!<\/b><\/p><\/div> <div class=\"application-platform-content-item-features application-platform-content-item\" id=\"features\" data-nav-section=\"features\"> <h2>Nous proposons des et des fonctionnalit\u00e9s simples, consultez-en quelques-unes\u00a0: <\/h2> <ul><li>Facile \u00e0 utiliser m\u00eame sans connaissances professionnelles en analyse de donn\u00e9es<\/li><li>Grande vari\u00e9t\u00e9 d&rsquo;intervalles de temps pour compter vos m\u00e9triques <\/li><li>Un graphique interactif pour visualiser vos donn\u00e9es de mani\u00e8re dynamique<\/li><li>Mise en page pratique pour former tous les points de mani\u00e8re accessible<\/li><li>Sch\u00e9mas de couleurs sombres, personnalisables et claires pour rendre l&rsquo;outil \u00e9l\u00e9gant <\/li><li> li&gt;<\/ul><p><a href=\"#demo\">Vous pouvez d\u00e9couvrir toutes les fonctionnalit\u00e9s du widget dans la d\u00e9mo ci-dessous<\/a><\/p> <\/div> <div class=\"application-platform-content-item-installation application-platform-content-item\" id=\"installation\" data-nav-section=\"installation\"> <h2>Comment int\u00e9grer %\u043f\u0440\u043e\u0434\u0443\u043a\u0442% \u00e0 ma page Web PrestaShop ? <\/h2> <p>Suivez simplement quelques \u00e9tapes ci-dessous pour activer le widget. <\/p> <ol><li><b>R\u00e9alisez notre d\u00e9mo gratuite et commencez \u00e0 former votre instrument unique. <\/b><br> Sp\u00e9cifiez l&rsquo;apparence et les fonctionnalit\u00e9s pr\u00e9f\u00e9r\u00e9es du module compl\u00e9mentaire et enregistrez les modifications. <\/li> <li><b>Copiez le code personnel qui appara\u00eet dans la fen\u00eatre des applications Elfsight. <\/b><br> D\u00e8s la g\u00e9n\u00e9ration de votre outil termin\u00e9e, copiez le code exclusif dans la fen\u00eatre qui appara\u00eet et conservez-le pour une utilisation ult\u00e9rieure. <\/li> <li><b>Initiez l&rsquo;utilisation de l&rsquo;outil sur le site Web PrestaShop. <\/b><br> Int\u00e9grez le code que vous avez enregistr\u00e9 auparavant dans votre page d&rsquo;accueil et appliquez les am\u00e9liorations. <\/li> <li><b>Vous avez termin\u00e9\u00a0! L&rsquo;int\u00e9gration est r\u00e9alis\u00e9e avec succ\u00e8s. <\/b><br> Acc\u00e9dez \u00e0 votre page pour d\u00e9couvrir le fonctionnement de l&rsquo;outil. <\/li><\/ol> <p>\u00c0 condition de r\u00e9pondre \u00e0 des demandes de renseignements ou de faire face \u00e0 certaines difficult\u00e9s, n&rsquo;h\u00e9sitez pas \u00e0 demander l&rsquo;aide de notre \u00e9quipe d&rsquo;assistance. Nos sp\u00e9cialistes se feront un plaisir de vous aider avec toutes les difficult\u00e9s que vous pourriez rencontrer avec le produit. <\/p> <div class=\"faq\" data-component=\"FAQ\"><div class=\"faq-item\">\r\n\t\t\t\t\t<div class=\"faq-item-question\">\r\n\t\t\t\t\t\t<h3 class=\"faq-item-question-text\">Existe-t-il un moyen d'int\u00e9grer Visitor Counter \u00e0 ma page d'accueil PrestaShop sans comp\u00e9tences en codage ?<\/h3>\r\n\r\n\t\t\t\t\t\t<div class=\"faq-item-question-icon\"><\/div>\r\n\t\t\t\t\t<\/div>\r\n\r\n\t\t\t\t\t<div class=\"faq-item-answer\">\r\n\t\t\t\t\t\t<div class=\"faq-item-answer-text\"> <p>Elfsight propose une solution qui permet aux propri\u00e9taires de sites de cr\u00e9er vous-m\u00eame un plugin Visitor Counter, d\u00e9couvrez le \u00e9tapes simples\u00a0: commencez \u00e0 travailler directement dans l&rsquo;\u00e9diteur en ligne pour cr\u00e9er un widget Compteur de visiteurs que vous souhaitez int\u00e9grer sur votre page d&rsquo;accueil PrestaShop. Choisissez l&rsquo;un des mod\u00e8les pr\u00e9d\u00e9finis et modifiez les param\u00e8tres du compteur de visiteurs, incluez votre contenu, transformez la mise en page et la palette de couleurs sans aucune comp\u00e9tence en codage. Cliquez pour enregistrer les param\u00e8tres que vous avez d\u00e9finis dans Visitor Counter et obtenir le code d&rsquo;installation qui peut \u00eatre facilement ajout\u00e9 sur le site PrestaShop sans acheter d&rsquo;abonnement payant. \u00c0 l&rsquo;aide de l&rsquo;\u00e9diteur simple, tout internaute peut cr\u00e9er la section Compteur de visiteurs et l&rsquo;inclure sur le site Web PrestaShop. Vous ne devez pas payer ou divulguer les informations d&rsquo;identification de votre carte pour acc\u00e9der \u00e0 Elfsight Editor. Si vous rencontrez des probl\u00e8mes \u00e0 n&rsquo;importe quelle \u00e9tape, n&rsquo;h\u00e9sitez pas \u00e0 contacter notre \u00e9quipe d&rsquo;assistance technique.<\/p> <\/div>\r\n\t\t\t\t\t<\/div>\r\n\t\t\t\t<\/div> <\/div><\/div>","protected":false},"excerpt":{"rendered":"","protected":false},"author":9,"featured_media":0,"parent":2560,"menu_order":0,"comment_status":"closed","ping_status":"closed","template":"templates\/template-application-platform.php","meta":{"publish_to_discourse":"","publish_post_category":"","wpdc_auto_publish_overridden":"","wpdc_topic_tags":"","wpdc_pin_topic":"","wpdc_pin_until":"","discourse_post_id":"","discourse_permalink":"","wpdc_publishing_response":"","wpdc_publishing_error":"","footnotes":""},"class_list":["post-10964","page","type-page","status-publish","hentry"],"yoast_head":"<!-- This site is optimized with the Yoast SEO plugin v25.3.1 - https:\/\/yoast.com\/wordpress\/plugins\/seo\/ -->\n<title>Compteur de visiteurs \u2014 Ajoutez le module compl\u00e9mentaire Hit Counter gratuit \u00e0 PrestaShop<\/title>\n<meta name=\"description\" content=\"Il est tr\u00e8s simple de cr\u00e9er votre meilleur module compl\u00e9mentaire de compteur de visiteurs et de l\u2019int\u00e9grer \u00e0 votre site Web. Le service client Elfsight est gratuit et rapide.\" \/>\n<meta name=\"robots\" content=\"index, follow, max-snippet:-1, max-image-preview:large, max-video-preview:-1\" \/>\n<link rel=\"canonical\" href=\"https:\/\/elfsight.com\/fr\/visitor-counter-widget\/prestashop\/\" \/>\n<meta property=\"og:locale\" content=\"fr_FR\" \/>\n<meta property=\"og:type\" content=\"article\" \/>\n<meta property=\"og:title\" content=\"Compteur de visiteurs \u2014 Ajoutez le module compl\u00e9mentaire Hit Counter gratuit \u00e0 PrestaShop\" \/>\n<meta property=\"og:description\" content=\"Il est tr\u00e8s simple de cr\u00e9er votre meilleur module compl\u00e9mentaire de compteur de visiteurs et de l\u2019int\u00e9grer \u00e0 votre site Web. Le service client Elfsight est gratuit et rapide.\" \/>\n<meta property=\"og:url\" content=\"https:\/\/elfsight.com\/fr\/visitor-counter-widget\/prestashop\/\" \/>\n<meta property=\"og:site_name\" content=\"Elfsight FR\" \/>\n<meta property=\"article:modified_time\" content=\"2025-07-10T14:08:52+00:00\" \/>\n<meta name=\"twitter:card\" content=\"summary_large_image\" \/>\n<meta name=\"twitter:label1\" content=\"Dur\u00e9e de lecture estim\u00e9e\" \/>\n\t<meta name=\"twitter:data1\" content=\"3 minutes\" \/>\n<!-- \/ Yoast SEO plugin. -->","yoast_head_json":{"title":"Compteur de visiteurs \u2014 Ajoutez le module compl\u00e9mentaire Hit Counter gratuit \u00e0 PrestaShop","description":"Il est tr\u00e8s simple de cr\u00e9er votre meilleur module compl\u00e9mentaire de compteur de visiteurs et de l\u2019int\u00e9grer \u00e0 votre site Web. Le service client Elfsight est gratuit et rapide.","robots":{"index":"index","follow":"follow","max-snippet":"max-snippet:-1","max-image-preview":"max-image-preview:large","max-video-preview":"max-video-preview:-1"},"canonical":"https:\/\/elfsight.com\/fr\/visitor-counter-widget\/prestashop\/","og_locale":"fr_FR","og_type":"article","og_title":"Compteur de visiteurs \u2014 Ajoutez le module compl\u00e9mentaire Hit Counter gratuit \u00e0 PrestaShop","og_description":"Il est tr\u00e8s simple de cr\u00e9er votre meilleur module compl\u00e9mentaire de compteur de visiteurs et de l\u2019int\u00e9grer \u00e0 votre site Web. Le service client Elfsight est gratuit et rapide.","og_url":"https:\/\/elfsight.com\/fr\/visitor-counter-widget\/prestashop\/","og_site_name":"Elfsight FR","article_modified_time":"2025-07-10T14:08:52+00:00","twitter_card":"summary_large_image","twitter_misc":{"Dur\u00e9e de lecture estim\u00e9e":"3 minutes"},"schema":{"@context":"https:\/\/schema.org","@graph":[{"@type":"WebPage","@id":"https:\/\/elfsight.com\/fr\/visitor-counter-widget\/prestashop\/","url":"https:\/\/elfsight.com\/fr\/visitor-counter-widget\/prestashop\/","name":"Compteur de visiteurs \u2014 Ajoutez le module compl\u00e9mentaire Hit Counter gratuit \u00e0 PrestaShop","isPartOf":{"@id":"https:\/\/elfsight.com\/fr\/#website"},"datePublished":"1970-01-01T00:00:00+00:00","dateModified":"2025-07-10T14:08:52+00:00","description":"Il est tr\u00e8s simple de cr\u00e9er votre meilleur module compl\u00e9mentaire de compteur de visiteurs et de l\u2019int\u00e9grer \u00e0 votre site Web. Le service client Elfsight est gratuit et rapide.","breadcrumb":{"@id":"https:\/\/elfsight.com\/fr\/visitor-counter-widget\/prestashop\/#breadcrumb"},"inLanguage":"fr-FR","potentialAction":[{"@type":"ReadAction","target":["https:\/\/elfsight.com\/fr\/visitor-counter-widget\/prestashop\/"]}]},{"@type":"BreadcrumbList","@id":"https:\/\/elfsight.com\/fr\/visitor-counter-widget\/prestashop\/#breadcrumb","itemListElement":[{"@type":"ListItem","position":1,"name":"Home","item":"https:\/\/elfsight.com\/fr\/"},{"@type":"ListItem","position":2,"name":"Visitor Counter","item":"https:\/\/elfsight.com\/fr\/visitor-counter-widget\/"},{"@type":"ListItem","position":3,"name":"Visitor Counter &#8211; PrestaShop"}]},{"@type":"WebSite","@id":"https:\/\/elfsight.com\/fr\/#website","url":"https:\/\/elfsight.com\/fr\/","name":"Elfsight FR","description":"","potentialAction":[{"@type":"SearchAction","target":{"@type":"EntryPoint","urlTemplate":"https:\/\/elfsight.com\/fr\/?s={search_term_string}"},"query-input":{"@type":"PropertyValueSpecification","valueRequired":true,"valueName":"search_term_string"}}],"inLanguage":"fr-FR"}]}},"meta_box":{"industry":"","seo_heading":"","heading":"","description":"","cta_heading":"","cta_description":"","application":"2559","h1":"Module compl\u00e9mentaire de compteur de visiteurs PrestaShop","h1_caption":"Affichez le nombre de visiteurs de votre site Web avec un compteur de visiteurs en direct, renfor\u00e7ant ainsi la cr\u00e9dibilit\u00e9 de votre site Web sur votre site Prestashop sans effort.","application_category":[],"applications_title":"","applications_request_title":"","applications_request_button_text":"","hero_text":"","hero_video":"","hero_video_schema_markup":"","selling_points_title":"","selling_points_caption":"","selling_points":[],"selling_points_cta_text":"","features_title":"","features":"","ed_cta_examples_text":"","ed_cta_examples_hidden":"","ed_cta_demo_text":"","ed_cta_demo_hidden":"","why_caption":"","why_editor_title":"","why_editor_text":"","why_team_title":"","why_team_text":"","why_service_title":"","why_service_text":"","template_catalog_visible":"","template_catalog_title":"","template_catalog_text":"","template_catalog_categories_visible":"","demo_title":"Cr\u00e9ez votre module compl\u00e9mentaire de compteur de visiteurs","demo_caption":"Configurez votre compteur de visiteurs et ajoutez-le gratuitement \u00e0 votre site PrestaShop !","default_faq_hidden":"","app_template_category":[],"platform":"3190","template_public_id":"","codecanyon_url":"","codecanyon_item_id":"","codecanyon_price":"","pricing_caption":"","pricing_elfsight_apps_hide_column":"","pricing_elfsight_apps_url":"","pricing_codecanyon_price_caption":"","integration_category":[],"integration_request_title":"","integration_request_cta":"","integration_platform":"","integrations":[],"platform_category":[],"video_schema_markup":"","price":"\u00e0 partir de 0$ \/ mois","trial":"","benefits":[{"text":"Assistance \u00e0 l'installation gratuite"},{"text":"Assistance premium"},{"text":"Service client efficace"},{"text":"Am\u00e9liorations continues"}],"button_url":"","button_target_blank":"","button_nofollow":"","attributes":[{"name":"Installations","content":"10,000 - 100,000"},{"name":"Sensible","content":"Oui"},{"name":"Navigateurs compatibles","content":"Firefox, Safari, Opera, Chrome, Edge"}],"tags":[],"tags_disable_links":"","hide_more_platforms":"","video_object":"","demo_hide_cta":"","demo_hide_cloud_options":"","pricing_title":"","pricing":[{"pricing_icon":"platform","pricing_title":"Elfsight Apps","pricing_title_caption":"Solution ind\u00e9pendante de la plateforme qui fonctionne sur n'importe quel site","pricing_price":"from $0 \/ month","pricing_price_caption":"commencez avec un forfait gratuit","pricing_benefits":[{"text":"Sites Web illimit\u00e9s"},{"text":"Assistance rapide et ponctuelle"},{"text":"Aide \u00e0 l'installation gratuite"},{"text":"Enti\u00e8rement personnalisable"}],"pricing_button_text":"Ajouter au site Web","pricing_button_url":"#demo"}],"related_apps_title":"","related_apps_hidden":"","author":"","image":[],"title":"","job":"","social_networks":[]},"_links":{"self":[{"href":"https:\/\/elfsight.com\/fr\/wp-json\/wp\/v2\/pages\/10964","targetHints":{"allow":["GET"]}}],"collection":[{"href":"https:\/\/elfsight.com\/fr\/wp-json\/wp\/v2\/pages"}],"about":[{"href":"https:\/\/elfsight.com\/fr\/wp-json\/wp\/v2\/types\/page"}],"author":[{"embeddable":true,"href":"https:\/\/elfsight.com\/fr\/wp-json\/wp\/v2\/users\/9"}],"replies":[{"embeddable":true,"href":"https:\/\/elfsight.com\/fr\/wp-json\/wp\/v2\/comments?post=10964"}],"version-history":[{"count":1,"href":"https:\/\/elfsight.com\/fr\/wp-json\/wp\/v2\/pages\/10964\/revisions"}],"predecessor-version":[{"id":10968,"href":"https:\/\/elfsight.com\/fr\/wp-json\/wp\/v2\/pages\/10964\/revisions\/10968"}],"up":[{"embeddable":true,"href":"https:\/\/elfsight.com\/fr\/wp-json\/wp\/v2\/pages\/2560"}],"wp:attachment":[{"href":"https:\/\/elfsight.com\/fr\/wp-json\/wp\/v2\/media?parent=10964"}],"curies":[{"name":"wp","href":"https:\/\/api.w.org\/{rel}","templated":true}]}}