{"id":10963,"date":"1970-01-01T00:00:00","date_gmt":"1970-01-01T00:00:00","guid":{"rendered":"https:\/\/elfsight.com\/fr\/?page_id=10963"},"modified":"2025-07-10T14:09:06","modified_gmt":"2025-07-10T14:09:06","slug":"jimdo","status":"publish","type":"page","link":"https:\/\/elfsight.com\/fr\/visitor-counter-widget\/jimdo\/","title":{"rendered":"Visitor Counter &#8211; Jimdo"},"content":{"rendered":"<div class=\"application-platform-content-item-description application-platform-content-item\" id=\"description\" data-nav-section=\"description\"><h2>Description<\/h2> <p>Visitor Counter pour Jimdo est une extension facile \u00e0 g\u00e9rer qui vous permet de contr\u00f4ler votre nombre de visiteurs et les pages les plus populaires consult\u00e9es au cours d\u2019un intervalle de temps sp\u00e9cifique. Les statistiques de base sont d\u00e9sormais faciles \u00e0 surveiller sans sp\u00e9cialistes suppl\u00e9mentaires en codage ou en analyse de donn\u00e9es. De plus, en l&rsquo;utilisant, vous pouvez facilement assurer aux t\u00e9l\u00e9spectateurs que vous \u00eates une entreprise digne de confiance et que vous avez beaucoup plus de nouveaux clients ou abonn\u00e9s. Gr\u00e2ce \u00e0 nos opportunit\u00e9s \u00e9l\u00e9gantes et personnalisables et nos mises en page pratiques, vous pouvez ajouter le widget \u00e0 votre site en quelques clics. <\/p><p><b>Essayez Visitor Counter pour \u00e9laborer votre strat\u00e9gie de commerce \u00e9lectronique et atteindre vos objectifs plus rapidement\u00a0! <\/b><\/p> <\/div> <div class=\"application-platform-content-item-features application-platform-content-item\" id=\"features\" data-nav-section=\"features\"> <h2>Voici seulement quelques-unes des fonctionnalit\u00e9s pr\u00e9cieuses du widget\u00a0: <\/h2> <ul><li>Facile \u00e0 utiliser m\u00eame sans connaissance professionnelle de l&rsquo;analyse de donn\u00e9es<\/li><li>Grande vari\u00e9t\u00e9 d&rsquo;intervalles de temps pour compter vos m\u00e9triques <\/li><li>Un graphique interactif pour visualiser vos donn\u00e9es en dynamique<\/li><li>Mise en page pratique pour former tous les points de mani\u00e8re accessible<\/li><li>Sch\u00e9mas de couleurs clairs, fonc\u00e9s et personnalisables pour rendre l&rsquo;outil \u00e9l\u00e9gant <\/li><\/ul><p><a href=\"#demo\">Essayez simplement cette d\u00e9mo pour comprendre le fonctionnalit\u00e9 du widget<\/a><\/p> <\/div> <div class=\"application-platform-content-item-installation application-platform-content-item\" id=\"installation\" data-nav-section=\"installation\"> <h2>Comment ajouter un Compteur de Visiteurs sur mon site Jimdo ? <\/h2> <p>Suivez simplement les instructions ci-dessous pour ajouter le widget. <\/p> <ol><li><b>G\u00e9rez notre configurateur gratuit et commencez \u00e0 fa\u00e7onner votre instrument personnalis\u00e9. <\/b><br> Sp\u00e9cifiez la disposition et les param\u00e8tres pr\u00e9f\u00e9r\u00e9s de l&rsquo;outil et appliquez les modifications. <\/li> <li><b>Acqu\u00e9rez votre code unique affich\u00e9 dans le formulaire sp\u00e9cial sur Elfsight Apps. <\/b><br> Une fois la configuration de votre widget termin\u00e9e, copiez le code personnel dans la fen\u00eatre apparue et conservez-le pour une utilisation ult\u00e9rieure. <\/li> <li><b>Commencez \u00e0 utiliser le widget sur le site Jimdo. <\/b><br> Placez le code que vous avez enregistr\u00e9 r\u00e9cemment sur votre page d&rsquo;accueil et appliquez les modifications. <\/li> <li><b>Fait\u00a0! La configuration est enti\u00e8rement effectu\u00e9e. <\/b><br> Rendez-vous sur votre page web pour jeter un oeil au fonctionnement du widget. <\/li><\/ol> <p>\u00c0 condition d&rsquo;avoir des questions ou de faire face \u00e0 quelques obstacles, n&rsquo;h\u00e9sitez pas \u00e0 \u00e9crire \u00e0 notre \u00e9quipe d&rsquo;assistance. Nos collaborateurs seront ravis de r\u00e9soudre toutes les questions que vous pourriez vous poser avec l&rsquo;outil. <\/p> <div class=\"faq\" data-component=\"FAQ\"><div class=\"faq-item\">\r\n\t\t\t\t\t<div class=\"faq-item-question\">\r\n\t\t\t\t\t\t<h3 class=\"faq-item-question-text\">De quelle mani\u00e8re est-il possible d'ajouter Visitor Counter \u00e0 ma page Web Jimdo sans exp\u00e9rience en codage ?<\/h3>\r\n\r\n\t\t\t\t\t\t<div class=\"faq-item-question-icon\"><\/div>\r\n\t\t\t\t\t<\/div>\r\n\r\n\t\t\t\t\t<div class=\"faq-item-answer\">\r\n\t\t\t\t\t\t<div class=\"faq-item-answer-text\"> <p>Elfsight propose une solution qui permet aux utilisateurs de g\u00e9n\u00e9rer eux-m\u00eames une application Visitor Counter, d\u00e9couvrez \u00e0 quel point c&rsquo;est simple\u00a0: acc\u00e9dez \u00e0 la d\u00e9mo en ligne pour cr\u00e9er une application de compteur de visiteurs que vous souhaiteriez voir appara\u00eetre sur Jimdo. Choisissez l&rsquo;un des mod\u00e8les pr\u00e9d\u00e9finis et modifiez les param\u00e8tres du compteur de visiteurs, mettez \u00e0 jour votre contenu, modifiez la disposition et la couleur des \u00e9l\u00e9ments sans aucune connaissance en codage. Enregistrez le compteur de visiteurs et obtenez son code d&rsquo;installation, afin de pouvoir ajouter n&rsquo;importe quelle page Web Jimdo sans acheter d&rsquo;abonnement payant. Avec l&rsquo;\u00e9diteur convivial, chaque internaute peut cr\u00e9er un plugin Visitor Counter en ligne et l&rsquo;inclure facilement \u00e0 la page Web Jimdo. Il n&rsquo;est pas n\u00e9cessaire d&rsquo;obtenir un forfait payant ou de soumettre les informations d&rsquo;identification de votre carte pour acc\u00e9der au service. Si vous rencontrez des probl\u00e8mes \u00e0 n&rsquo;importe quelle \u00e9tape, n&rsquo;h\u00e9sitez pas \u00e0 contacter notre \u00e9quipe d&rsquo;assistance technique.<\/p> <\/div>\r\n\t\t\t\t\t<\/div>\r\n\t\t\t\t<\/div> <\/div><\/div>","protected":false},"excerpt":{"rendered":"","protected":false},"author":9,"featured_media":0,"parent":2560,"menu_order":0,"comment_status":"closed","ping_status":"closed","template":"templates\/template-application-platform.php","meta":{"publish_to_discourse":"","publish_post_category":"","wpdc_auto_publish_overridden":"","wpdc_topic_tags":"","wpdc_pin_topic":"","wpdc_pin_until":"","discourse_post_id":"","discourse_permalink":"","wpdc_publishing_response":"","wpdc_publishing_error":"","footnotes":""},"class_list":["post-10963","page","type-page","status-publish","hentry"],"yoast_head":"<!-- This site is optimized with the Yoast SEO plugin v25.3.1 - https:\/\/yoast.com\/wordpress\/plugins\/seo\/ -->\n<title>Compteur de visiteurs \u2014 Ajoutez un widget gratuit de compteur de visites \u00e0 Jimdo<\/title>\n<meta name=\"description\" content=\"Il est tr\u00e8s simple de cr\u00e9er votre meilleur widget de compteur de visiteurs et de l&#039;int\u00e9grer \u00e0 votre site Web. Le service client Elfsight est gratuit et rapide.\" \/>\n<meta name=\"robots\" content=\"index, follow, max-snippet:-1, max-image-preview:large, max-video-preview:-1\" \/>\n<link rel=\"canonical\" href=\"https:\/\/elfsight.com\/fr\/visitor-counter-widget\/jimdo\/\" \/>\n<meta property=\"og:locale\" content=\"fr_FR\" \/>\n<meta property=\"og:type\" content=\"article\" \/>\n<meta property=\"og:title\" content=\"Compteur de visiteurs \u2014 Ajoutez un widget gratuit de compteur de visites \u00e0 Jimdo\" \/>\n<meta property=\"og:description\" content=\"Il est tr\u00e8s simple de cr\u00e9er votre meilleur widget de compteur de visiteurs et de l&#039;int\u00e9grer \u00e0 votre site Web. Le service client Elfsight est gratuit et rapide.\" \/>\n<meta property=\"og:url\" content=\"https:\/\/elfsight.com\/fr\/visitor-counter-widget\/jimdo\/\" \/>\n<meta property=\"og:site_name\" content=\"Elfsight FR\" \/>\n<meta property=\"article:modified_time\" content=\"2025-07-10T14:09:06+00:00\" \/>\n<meta name=\"twitter:card\" content=\"summary_large_image\" \/>\n<meta name=\"twitter:label1\" content=\"Dur\u00e9e de lecture estim\u00e9e\" \/>\n\t<meta name=\"twitter:data1\" content=\"3 minutes\" \/>\n<!-- \/ Yoast SEO plugin. -->","yoast_head_json":{"title":"Compteur de visiteurs \u2014 Ajoutez un widget gratuit de compteur de visites \u00e0 Jimdo","description":"Il est tr\u00e8s simple de cr\u00e9er votre meilleur widget de compteur de visiteurs et de l'int\u00e9grer \u00e0 votre site Web. Le service client Elfsight est gratuit et rapide.","robots":{"index":"index","follow":"follow","max-snippet":"max-snippet:-1","max-image-preview":"max-image-preview:large","max-video-preview":"max-video-preview:-1"},"canonical":"https:\/\/elfsight.com\/fr\/visitor-counter-widget\/jimdo\/","og_locale":"fr_FR","og_type":"article","og_title":"Compteur de visiteurs \u2014 Ajoutez un widget gratuit de compteur de visites \u00e0 Jimdo","og_description":"Il est tr\u00e8s simple de cr\u00e9er votre meilleur widget de compteur de visiteurs et de l'int\u00e9grer \u00e0 votre site Web. Le service client Elfsight est gratuit et rapide.","og_url":"https:\/\/elfsight.com\/fr\/visitor-counter-widget\/jimdo\/","og_site_name":"Elfsight FR","article_modified_time":"2025-07-10T14:09:06+00:00","twitter_card":"summary_large_image","twitter_misc":{"Dur\u00e9e de lecture estim\u00e9e":"3 minutes"},"schema":{"@context":"https:\/\/schema.org","@graph":[{"@type":"WebPage","@id":"https:\/\/elfsight.com\/fr\/visitor-counter-widget\/jimdo\/","url":"https:\/\/elfsight.com\/fr\/visitor-counter-widget\/jimdo\/","name":"Compteur de visiteurs \u2014 Ajoutez un widget gratuit de compteur de visites \u00e0 Jimdo","isPartOf":{"@id":"https:\/\/elfsight.com\/fr\/#website"},"datePublished":"1970-01-01T00:00:00+00:00","dateModified":"2025-07-10T14:09:06+00:00","description":"Il est tr\u00e8s simple de cr\u00e9er votre meilleur widget de compteur de visiteurs et de l'int\u00e9grer \u00e0 votre site Web. Le service client Elfsight est gratuit et rapide.","breadcrumb":{"@id":"https:\/\/elfsight.com\/fr\/visitor-counter-widget\/jimdo\/#breadcrumb"},"inLanguage":"fr-FR","potentialAction":[{"@type":"ReadAction","target":["https:\/\/elfsight.com\/fr\/visitor-counter-widget\/jimdo\/"]}]},{"@type":"BreadcrumbList","@id":"https:\/\/elfsight.com\/fr\/visitor-counter-widget\/jimdo\/#breadcrumb","itemListElement":[{"@type":"ListItem","position":1,"name":"Home","item":"https:\/\/elfsight.com\/fr\/"},{"@type":"ListItem","position":2,"name":"Visitor Counter","item":"https:\/\/elfsight.com\/fr\/visitor-counter-widget\/"},{"@type":"ListItem","position":3,"name":"Visitor Counter &#8211; Jimdo"}]},{"@type":"WebSite","@id":"https:\/\/elfsight.com\/fr\/#website","url":"https:\/\/elfsight.com\/fr\/","name":"Elfsight FR","description":"","potentialAction":[{"@type":"SearchAction","target":{"@type":"EntryPoint","urlTemplate":"https:\/\/elfsight.com\/fr\/?s={search_term_string}"},"query-input":{"@type":"PropertyValueSpecification","valueRequired":true,"valueName":"search_term_string"}}],"inLanguage":"fr-FR"}]}},"meta_box":{"industry":"","seo_heading":"","heading":"","description":"","cta_heading":"","cta_description":"","application":"2559","h1":"Widget du compteur de visiteurs Jimdo","h1_caption":"Affichez le nombre de visiteurs de votre site Web avec un compteur de visiteurs en direct, renfor\u00e7ant ainsi la cr\u00e9dibilit\u00e9 de votre site Web sur votre site Jimdo sans effort.","application_category":[],"applications_title":"","applications_request_title":"","applications_request_button_text":"","hero_text":"","hero_video":"","hero_video_schema_markup":"","selling_points_title":"","selling_points_caption":"","selling_points":[],"selling_points_cta_text":"","features_title":"","features":"","ed_cta_examples_text":"","ed_cta_examples_hidden":"","ed_cta_demo_text":"","ed_cta_demo_hidden":"","why_caption":"","why_editor_title":"","why_editor_text":"","why_team_title":"","why_team_text":"","why_service_title":"","why_service_text":"","template_catalog_visible":"","template_catalog_title":"","template_catalog_text":"","template_catalog_categories_visible":"","demo_title":"Cr\u00e9ez votre widget Compteur de visiteurs","demo_caption":"Configurez votre compteur de visiteurs et ajoutez-le gratuitement \u00e0 votre site Jimdo !","default_faq_hidden":"","app_template_category":[],"platform":"372","template_public_id":"","codecanyon_url":"","codecanyon_item_id":"","codecanyon_price":"","pricing_caption":"","pricing_elfsight_apps_hide_column":"","pricing_elfsight_apps_url":"","pricing_codecanyon_price_caption":"","integration_category":[],"integration_request_title":"","integration_request_cta":"","integration_platform":"","integrations":[],"platform_category":[],"video_schema_markup":"","price":"\u00e0 partir de 0$ \/ mois","trial":"","benefits":[{"text":"Assistance \u00e0 l'installation gratuite"},{"text":"Assistance premium"},{"text":"Garantie de remboursement de 14 jours"},{"text":"Mise \u00e0 jour constante"}],"button_url":"","button_target_blank":"","button_nofollow":"","attributes":[{"name":"Installations","content":"10,000 - 100,000"},{"name":"Sensible","content":"Oui"},{"name":"Navigateurs compatibles","content":"Firefox, Safari, Opera, Chrome, Edge"}],"tags":[],"tags_disable_links":"","hide_more_platforms":"","video_object":"","demo_hide_cta":"","demo_hide_cloud_options":"","pricing_title":"","pricing":[{"pricing_icon":"platform","pricing_title":"Elfsight Apps","pricing_title_caption":"Solution num\u00e9rique multiplateforme","pricing_price":"from $0 \/ month","pricing_price_caption":"commencez avec un forfait gratuit","pricing_benefits":[{"text":"Sites Web illimit\u00e9s"},{"text":"Assistance gratuite et ponctuelle"},{"text":"Assistance \u00e0 l'installation gratuite"},{"text":"Enti\u00e8rement personnalisable"}],"pricing_button_text":"Ajouter au site Web","pricing_button_url":"#demo"}],"related_apps_title":"","related_apps_hidden":"","author":"","image":[],"title":"","job":"","social_networks":[]},"_links":{"self":[{"href":"https:\/\/elfsight.com\/fr\/wp-json\/wp\/v2\/pages\/10963","targetHints":{"allow":["GET"]}}],"collection":[{"href":"https:\/\/elfsight.com\/fr\/wp-json\/wp\/v2\/pages"}],"about":[{"href":"https:\/\/elfsight.com\/fr\/wp-json\/wp\/v2\/types\/page"}],"author":[{"embeddable":true,"href":"https:\/\/elfsight.com\/fr\/wp-json\/wp\/v2\/users\/9"}],"replies":[{"embeddable":true,"href":"https:\/\/elfsight.com\/fr\/wp-json\/wp\/v2\/comments?post=10963"}],"version-history":[{"count":1,"href":"https:\/\/elfsight.com\/fr\/wp-json\/wp\/v2\/pages\/10963\/revisions"}],"predecessor-version":[{"id":10967,"href":"https:\/\/elfsight.com\/fr\/wp-json\/wp\/v2\/pages\/10963\/revisions\/10967"}],"up":[{"embeddable":true,"href":"https:\/\/elfsight.com\/fr\/wp-json\/wp\/v2\/pages\/2560"}],"wp:attachment":[{"href":"https:\/\/elfsight.com\/fr\/wp-json\/wp\/v2\/media?parent=10963"}],"curies":[{"name":"wp","href":"https:\/\/api.w.org\/{rel}","templated":true}]}}