{"id":10956,"date":"1970-01-01T00:00:00","date_gmt":"1970-01-01T00:00:00","guid":{"rendered":"https:\/\/elfsight.com\/fr\/?page_id=10956"},"modified":"2025-07-10T14:05:04","modified_gmt":"2025-07-10T14:05:04","slug":"blogger","status":"publish","type":"page","link":"https:\/\/elfsight.com\/fr\/vimeo-video-gallery-widget\/blogger\/","title":{"rendered":"Vimeo Gallery &#8211; Blogger"},"content":{"rendered":"<div class=\"application-platform-content-item-description application-platform-content-item\" id=\"description\" data-nav-section=\"description\"> <h2>Description<\/h2> <p>Elfsight Gallery est un instrument simple pour ceux qui ont un site et qui souhaitent afficher du contenu Vimeo sur il. Vous \u00eates libre de cr\u00e9er des listes de lecture, d&rsquo;afficher une cha\u00eene enti\u00e8re, de s\u00e9lectionner le contenu th\u00e9matique le plus int\u00e9ressant pour votre galerie et bien plus encore. Le widget comprend plusieurs param\u00e8tres d&rsquo;interface qui permettent d&rsquo;organiser l&rsquo;interface pour divers cas d&rsquo;utilisation. Les dispositions de widgets int\u00e9gr\u00e9es aident \u00e0 organiser le contenu de mani\u00e8re optimale, une vari\u00e9t\u00e9 de modes de lecture rendront la visualisation de vos vid\u00e9os pratique avec n&rsquo;importe quelle disposition. Avec l&rsquo;en-t\u00eate flexible, pr\u00e9sentez votre cha\u00eene et augmentez le nombre d&rsquo;abonn\u00e9s. Le widget Elfsight Vimeo deviendra un moyen efficace non seulement d&rsquo;augmenter l&rsquo;engagement, mais \u00e9galement de d\u00e9velopper votre entreprise. <\/p> <div class=\"faq\" data-component=\"FAQ\"><div class=\"faq-item\">\r\n\t\t\t\t\t<div class=\"faq-item-question\">\r\n\t\t\t\t\t\t<h3 class=\"faq-item-question-text\">O\u00f9 sur mon site Web puis-je le publier ?<\/h3>\r\n\r\n\t\t\t\t\t\t<div class=\"faq-item-question-icon\"><\/div>\r\n\t\t\t\t\t<\/div>\r\n\r\n\t\t\t\t\t<div class=\"faq-item-answer\">\r\n\t\t\t\t\t\t<div class=\"faq-item-answer-text\"> <p>La Galerie Vimeo peut \u00eatre configur\u00e9e sur n&rsquo;importe quelle page de votre choix. Si vous le collez dans le mod\u00e8le de site Web, il appara\u00eetra sur chaque page de votre site. <\/p> <\/div>\r\n\t\t\t\t\t<\/div>\r\n\t\t\t\t<\/div><div class=\"faq-item\">\r\n\t\t\t\t\t<div class=\"faq-item-question\">\r\n\t\t\t\t\t\t<h3 class=\"faq-item-question-text\">Quels avantages cela va-t-il m'apporter ?<\/h3>\r\n\r\n\t\t\t\t\t\t<div class=\"faq-item-question-icon\"><\/div>\r\n\t\t\t\t\t<\/div>\r\n\r\n\t\t\t\t\t<div class=\"faq-item-answer\">\r\n\t\t\t\t\t\t<div class=\"faq-item-answer-text\"> <p>Le lecteur Vimeo vous aidera \u00e0 augmenter le niveau d&rsquo;engagement des utilisateurs sur le site avec les vid\u00e9os les plus engageantes. L&rsquo;option d&rsquo;abonnement instantan\u00e9 vous aidera \u00e0 obtenir de nouveaux abonnements \u00e0 votre compte Vimeo. <\/p><\/div>\r\n\t\t\t\t\t<\/div>\r\n\t\t\t\t<\/div> <div class=\"faq-item\">\r\n\t\t\t\t\t<div class=\"faq-item-question\">\r\n\t\t\t\t\t\t<h3 class=\"faq-item-question-text\">De quoi ai-je besoin pour installer le lecteur vid\u00e9o Vimeo ? <\/h3>\r\n\r\n\t\t\t\t\t\t<div class=\"faq-item-question-icon\"><\/div>\r\n\t\t\t\t\t<\/div>\r\n\r\n\t\t\t\t\t<div class=\"faq-item-answer\">\r\n\t\t\t\t\t\t<div class=\"faq-item-answer-text\"> <p>La configuration du widget prend une minute. L&rsquo;installation est tr\u00e8s rapide, gratuite et sans codage. <\/p> <p>Il existe une option permettant de placer le widget Vimeo sur le site directement dans notre service. Pour cela, vous devez consulter le guide ci-dessous sur cette page. <\/p> <\/div>\r\n\t\t\t\t\t<\/div>\r\n\t\t\t\t<\/div> <\/div> <\/div><div class=\"application-platform-content-item-features application-platform-content-item\" id=\"features\" data-nav-section=\"features\"> <h2>Fonctionnalit\u00e9s<\/h2> <p>Afin d&rsquo;avoir une connaissance claire de Vimeo Gallery, vous pouvez avoir un regardez la liste des fonctionnalit\u00e9s principales. Ils rendent notre widget incroyablement b\u00e9n\u00e9fique pour votre promotion\u00a0: <\/p> <ul><li>La possibilit\u00e9 d&rsquo;int\u00e9grer certaines mises en page pour diff\u00e9rentes vid\u00e9os en organisant\u00a0: Grille, Playlist, Slider\u00a0; <\/li><li>Sept d\u00e9tails flexibles de l&rsquo;en-t\u00eate\u00a0: nom, statistiques, description, bouton de suivi, image de profil\u00a0; <\/li><li>4 modes de lecture pr\u00eats \u00e0 l&#8217;emploi\u00a0: Popup, Player, Inline ou sur Vimeo\u00a0; <\/li><li>Trois variantes apr\u00e8s la fin de la vid\u00e9o\u00a0: lecture suivante, relecture, aucune\u00a0; <\/li><\/ul><p><a href=\"#demo\">D\u00e9couvrez toutes les fonctionnalit\u00e9s de la d\u00e9mo<\/a><\/p> <\/div><div class=\"application-platform-content-item-installation application-platform-content-item\" id=\"installation\" data-nav-section=\"installation\"> <h2>Comment int\u00e9grez la vid\u00e9o Vimeo sur votre site Web Blogger<\/h2><div class=\"video-container\"><iframe width=\"720\" height=\"405\" src=\"https:\/\/www.youtube.com\/embed\/2hk5BB-5dRA\" frameborder=\"0\" allowfullscreen><\/iframe><\/div><p>Ces plusieurs actions sont la seule chose que vous devez faire pour int\u00e9grer le widget. C\u2019est sans codage. <\/p> <ol><li><b>Construisez votre plugin Vimeo Gallery personnalis\u00e9<\/b><br> \u00c0 l&rsquo;aide de notre d\u00e9mo gratuite, obtenez un plugin avec une mise en page et des fonctions s\u00e9lectionn\u00e9es.<\/li><li><b>Obtenir le code individuel pour afficher le plugin<\/b><br> Apr\u00e8s avoir cr\u00e9\u00e9 votre widget, vous obtiendrez le code unique de la fen\u00eatre apparue sur Elfsight Apps. Copiez ce code pour une utilisation ult\u00e9rieure. <\/li> <li><b> Le plugin sur votre site Blogger<\/b><br> Acc\u00e9dez \u00e0 la zone o\u00f9 vous devez int\u00e9grer le plugin et ins\u00e9rez-y le code enregistr\u00e9. Enregistrez les modifications. <\/li> <li><b>Vous avez r\u00e9ussi l&rsquo;installation<\/b><br> Entrez dans la page Web pour jeter un \u0153il \u00e0 votre travail. <\/li> <\/ol><p>Vous n&rsquo;arrivez toujours pas \u00e0 vous d\u00e9cider\u00a0? Ou vous avez des questions ? \u00c9crivez simplement une demande \u00e0 notre service client, ils feront de leur mieux pour vous aider dans tous les domaines. <\/p> <\/div>","protected":false},"excerpt":{"rendered":"","protected":false},"author":9,"featured_media":0,"parent":1455,"menu_order":0,"comment_status":"closed","ping_status":"closed","template":"templates\/template-application-platform.php","meta":{"publish_to_discourse":"","publish_post_category":"","wpdc_auto_publish_overridden":"","wpdc_topic_tags":"","wpdc_pin_topic":"","wpdc_pin_until":"","discourse_post_id":"","discourse_permalink":"","wpdc_publishing_response":"","wpdc_publishing_error":"","footnotes":""},"class_list":["post-10956","page","type-page","status-publish","hentry"],"yoast_head":"<!-- This site is optimized with the Yoast SEO plugin v25.3.1 - https:\/\/yoast.com\/wordpress\/plugins\/seo\/ -->\n<title>Ajoutez le widget Vimeo Video Gallery au site Web Blogger (gratuit et rapide)<\/title>\n<meta name=\"description\" content=\"Avec Elfsight, concevez votre galerie Vimeo et affichez-la sur le site Web Blogger rapidement et facilement. Nous avons un service client gratuit et plus de bonus.\" \/>\n<meta name=\"robots\" content=\"index, follow, max-snippet:-1, max-image-preview:large, max-video-preview:-1\" \/>\n<link rel=\"canonical\" href=\"https:\/\/elfsight.com\/fr\/vimeo-video-gallery-widget\/blogger\/\" \/>\n<meta property=\"og:locale\" content=\"fr_FR\" \/>\n<meta property=\"og:type\" content=\"article\" \/>\n<meta property=\"og:title\" content=\"Ajoutez le widget Vimeo Video Gallery au site Web Blogger (gratuit et rapide)\" \/>\n<meta property=\"og:description\" content=\"Avec Elfsight, concevez votre galerie Vimeo et affichez-la sur le site Web Blogger rapidement et facilement. Nous avons un service client gratuit et plus de bonus.\" \/>\n<meta property=\"og:url\" content=\"https:\/\/elfsight.com\/fr\/vimeo-video-gallery-widget\/blogger\/\" \/>\n<meta property=\"og:site_name\" content=\"Elfsight FR\" \/>\n<meta property=\"article:modified_time\" content=\"2025-07-10T14:05:04+00:00\" \/>\n<meta name=\"twitter:card\" content=\"summary_large_image\" \/>\n<meta name=\"twitter:label1\" content=\"Dur\u00e9e de lecture estim\u00e9e\" \/>\n\t<meta name=\"twitter:data1\" content=\"3 minutes\" \/>\n<!-- \/ Yoast SEO plugin. -->","yoast_head_json":{"title":"Ajoutez le widget Vimeo Video Gallery au site Web Blogger (gratuit et rapide)","description":"Avec Elfsight, concevez votre galerie Vimeo et affichez-la sur le site Web Blogger rapidement et facilement. Nous avons un service client gratuit et plus de bonus.","robots":{"index":"index","follow":"follow","max-snippet":"max-snippet:-1","max-image-preview":"max-image-preview:large","max-video-preview":"max-video-preview:-1"},"canonical":"https:\/\/elfsight.com\/fr\/vimeo-video-gallery-widget\/blogger\/","og_locale":"fr_FR","og_type":"article","og_title":"Ajoutez le widget Vimeo Video Gallery au site Web Blogger (gratuit et rapide)","og_description":"Avec Elfsight, concevez votre galerie Vimeo et affichez-la sur le site Web Blogger rapidement et facilement. Nous avons un service client gratuit et plus de bonus.","og_url":"https:\/\/elfsight.com\/fr\/vimeo-video-gallery-widget\/blogger\/","og_site_name":"Elfsight FR","article_modified_time":"2025-07-10T14:05:04+00:00","twitter_card":"summary_large_image","twitter_misc":{"Dur\u00e9e de lecture estim\u00e9e":"3 minutes"},"schema":{"@context":"https:\/\/schema.org","@graph":[{"@type":"WebPage","@id":"https:\/\/elfsight.com\/fr\/vimeo-video-gallery-widget\/blogger\/","url":"https:\/\/elfsight.com\/fr\/vimeo-video-gallery-widget\/blogger\/","name":"Ajoutez le widget Vimeo Video Gallery au site Web Blogger (gratuit et rapide)","isPartOf":{"@id":"https:\/\/elfsight.com\/fr\/#website"},"datePublished":"1970-01-01T00:00:00+00:00","dateModified":"2025-07-10T14:05:04+00:00","description":"Avec Elfsight, concevez votre galerie Vimeo et affichez-la sur le site Web Blogger rapidement et facilement. Nous avons un service client gratuit et plus de bonus.","breadcrumb":{"@id":"https:\/\/elfsight.com\/fr\/vimeo-video-gallery-widget\/blogger\/#breadcrumb"},"inLanguage":"fr-FR","potentialAction":[{"@type":"ReadAction","target":["https:\/\/elfsight.com\/fr\/vimeo-video-gallery-widget\/blogger\/"]}]},{"@type":"BreadcrumbList","@id":"https:\/\/elfsight.com\/fr\/vimeo-video-gallery-widget\/blogger\/#breadcrumb","itemListElement":[{"@type":"ListItem","position":1,"name":"Home","item":"https:\/\/elfsight.com\/fr\/"},{"@type":"ListItem","position":2,"name":"Vimeo Gallery","item":"https:\/\/elfsight.com\/fr\/vimeo-video-gallery-widget\/"},{"@type":"ListItem","position":3,"name":"Vimeo Gallery &#8211; Blogger"}]},{"@type":"WebSite","@id":"https:\/\/elfsight.com\/fr\/#website","url":"https:\/\/elfsight.com\/fr\/","name":"Elfsight FR","description":"","potentialAction":[{"@type":"SearchAction","target":{"@type":"EntryPoint","urlTemplate":"https:\/\/elfsight.com\/fr\/?s={search_term_string}"},"query-input":{"@type":"PropertyValueSpecification","valueRequired":true,"valueName":"search_term_string"}}],"inLanguage":"fr-FR"}]}},"meta_box":{"industry":"","seo_heading":"","heading":"","description":"","cta_heading":"","cta_description":"","application":"1449","h1":"Galerie vid\u00e9o Blogger Vimeo","h1_caption":"Int\u00e9grez une galerie de vid\u00e9os Vimeo, offrant un moyen transparent de pr\u00e9senter sans effort votre contenu vid\u00e9o sur votre site Web Blogger.","application_category":[],"applications_title":"","applications_request_title":"","applications_request_button_text":"","hero_text":"","hero_video":"","hero_video_schema_markup":"","selling_points_title":"","selling_points_caption":"","selling_points":[],"selling_points_cta_text":"","features_title":"","features":"","ed_cta_examples_text":"","ed_cta_examples_hidden":"","ed_cta_demo_text":"","ed_cta_demo_hidden":"","why_caption":"","why_editor_title":"","why_editor_text":"","why_team_title":"","why_team_text":"","why_service_title":"","why_service_text":"","template_catalog_visible":"","template_catalog_title":"","template_catalog_text":"","template_catalog_categories_visible":"","demo_title":"Cr\u00e9ez votre widget Galerie Vimeo","demo_caption":"Configurez votre galerie Vimeo et ajoutez-la gratuitement \u00e0 votre site Web Blogger\u00a0!","default_faq_hidden":"","app_template_category":[],"platform":"348","template_public_id":"","codecanyon_url":"","codecanyon_item_id":"","codecanyon_price":"","pricing_caption":"","pricing_elfsight_apps_hide_column":"","pricing_elfsight_apps_url":"","pricing_codecanyon_price_caption":"","integration_category":[],"integration_request_title":"","integration_request_cta":"","integration_platform":"","integrations":[],"platform_category":[],"video_schema_markup":"","price":"\u00e0 partir de 0$ \/ mois","trial":"","benefits":[{"text":"Aide \u00e0 l'installation gratuite"},{"text":"Service client efficace"},{"text":"Garantie de remboursement de 14 jours"},{"text":"D\u00e9veloppement continu"}],"button_url":"","button_target_blank":"","button_nofollow":"","attributes":[{"name":"Installations","content":"10,000 - 100,000"},{"name":"Sensible","content":"Oui"},{"name":"Navigateurs compatibles","content":"Firefox, Safari, Opera, Chrome, Edge"}],"tags":[],"tags_disable_links":"","hide_more_platforms":"","video_object":"","demo_hide_cta":"","demo_hide_cloud_options":"","pricing_title":"","pricing":[{"pricing_icon":"platform","pricing_title":"Elfsight Apps","pricing_title_caption":"Logiciel multiplateforme adapt\u00e9 \u00e0 n'importe quel site","pricing_price":"from $0 \/ month","pricing_price_caption":"commencez avec un forfait gratuit","pricing_benefits":[{"text":"Sites Web illimit\u00e9s"},{"text":"Accompagnement professionnel et bien document\u00e9"},{"text":"Service d'installation gratuit"},{"text":"Conception flexible"}],"pricing_button_text":"Ajouter au site Web","pricing_button_url":"#demo"}],"related_apps_title":"","related_apps_hidden":"","author":"","image":[],"title":"","job":"","social_networks":[]},"_links":{"self":[{"href":"https:\/\/elfsight.com\/fr\/wp-json\/wp\/v2\/pages\/10956","targetHints":{"allow":["GET"]}}],"collection":[{"href":"https:\/\/elfsight.com\/fr\/wp-json\/wp\/v2\/pages"}],"about":[{"href":"https:\/\/elfsight.com\/fr\/wp-json\/wp\/v2\/types\/page"}],"author":[{"embeddable":true,"href":"https:\/\/elfsight.com\/fr\/wp-json\/wp\/v2\/users\/9"}],"replies":[{"embeddable":true,"href":"https:\/\/elfsight.com\/fr\/wp-json\/wp\/v2\/comments?post=10956"}],"version-history":[{"count":2,"href":"https:\/\/elfsight.com\/fr\/wp-json\/wp\/v2\/pages\/10956\/revisions"}],"predecessor-version":[{"id":14927,"href":"https:\/\/elfsight.com\/fr\/wp-json\/wp\/v2\/pages\/10956\/revisions\/14927"}],"up":[{"embeddable":true,"href":"https:\/\/elfsight.com\/fr\/wp-json\/wp\/v2\/pages\/1455"}],"wp:attachment":[{"href":"https:\/\/elfsight.com\/fr\/wp-json\/wp\/v2\/media?parent=10956"}],"curies":[{"name":"wp","href":"https:\/\/api.w.org\/{rel}","templated":true}]}}