{"id":10948,"date":"1970-01-01T00:00:00","date_gmt":"1970-01-01T00:00:00","guid":{"rendered":"https:\/\/elfsight.com\/fr\/?page_id=10948"},"modified":"2025-07-10T14:06:07","modified_gmt":"2025-07-10T14:06:07","slug":"jquery","status":"publish","type":"page","link":"https:\/\/elfsight.com\/fr\/vimeo-video-gallery-widget\/jquery\/","title":{"rendered":"Vimeo Gallery &#8211; jQuery"},"content":{"rendered":"<div class=\"application-platform-content-item-description application-platform-content-item\" id=\"description\" data-nav-section=\"description\"> <h2>Description<\/h2> <p>Elfsight Gallery est un widget simple destin\u00e9 aux propri\u00e9taires de sites Web souhaitant int\u00e9grer des vid\u00e9os Vimeo sur leur site Web. Le widget vous permet de collecter des playlists de vid\u00e9os, d&rsquo;int\u00e9grer une cha\u00eene enti\u00e8re, de s\u00e9lectionner le contenu th\u00e9matique le plus attractif pour votre galerie et autres. Le widget Elfsight offre plusieurs fonctionnalit\u00e9s de conception qui permettent d&rsquo;organiser l&rsquo;interface en fonction de diff\u00e9rents cas d&rsquo;utilisation. Les mises en page vid\u00e9o int\u00e9gr\u00e9es placeront le contenu de la meilleure fa\u00e7on, un choix de modes de lecture rend le visionnage de vid\u00e9os confortable avec n&rsquo;importe quelle mise en page. Avec l&rsquo;aide de l&rsquo;en-t\u00eate flexible, vous pouvez annoncer votre cha\u00eene et obtenir plus de followers. Elfsight Vimeo Gallery est un moyen efficace non seulement d&rsquo;augmenter l&rsquo;engagement, mais \u00e9galement de promouvoir votre entreprise. <\/p> <div class=\"faq\" data-component=\"FAQ\"><div class=\"faq-item\">\r\n\t\t\t\t\t<div class=\"faq-item-question\">\r\n\t\t\t\t\t\t<h3 class=\"faq-item-question-text\">O\u00f9 puis-je publier ce plugin<\/h3>\r\n\r\n\t\t\t\t\t\t<div class=\"faq-item-question-icon\"><\/div>\r\n\t\t\t\t\t<\/div>\r\n\r\n\t\t\t\t\t<div class=\"faq-item-answer\">\r\n\t\t\t\t\t\t<div class=\"faq-item-answer-text\"> <p>Vous pouvez le coller sur n&rsquo;importe quelle page de votre site Web. Si vous l&rsquo;introduisez dans le mod\u00e8le du site, les vid\u00e9os appara\u00eetront sur chaque page. <\/p> <\/div>\r\n\t\t\t\t\t<\/div>\r\n\t\t\t\t<\/div><div class=\"faq-item\">\r\n\t\t\t\t\t<div class=\"faq-item-question\">\r\n\t\t\t\t\t\t<h3 class=\"faq-item-question-text\">Quels sont les avantages de l'avoir pour moi ?<\/h3>\r\n\r\n\t\t\t\t\t\t<div class=\"faq-item-question-icon\"><\/div>\r\n\t\t\t\t\t<\/div>\r\n\r\n\t\t\t\t\t<div class=\"faq-item-answer\">\r\n\t\t\t\t\t\t<div class=\"faq-item-answer-text\"> <p>Il vous permettra d&rsquo;augmenter l&rsquo;engagement des visiteurs sur votre site Web avec des vid\u00e9os attrayantes. L&rsquo;option d&rsquo;abonnement instantan\u00e9 vous aidera \u00e0 avoir de nouveaux abonn\u00e9s sur votre cha\u00eene. <\/p><\/div>\r\n\t\t\t\t\t<\/div>\r\n\t\t\t\t<\/div> <div class=\"faq-item\">\r\n\t\t\t\t\t<div class=\"faq-item-question\">\r\n\t\t\t\t\t\t<h3 class=\"faq-item-question-text\">De quoi ai-je besoin pour installer le lecteur vid\u00e9o Vimeo sur mon site ?<\/h3>\r\n\r\n\t\t\t\t\t\t<div class=\"faq-item-question-icon\"><\/div>\r\n\t\t\t\t\t<\/div>\r\n\r\n\t\t\t\t\t<div class=\"faq-item-answer\">\r\n\t\t\t\t\t\t<div class=\"faq-item-answer-text\"> <p>L&rsquo;activation du widget ne prendra que quelques minutes. L&rsquo;int\u00e9gration est ultra rapide, gratuite et n&rsquo;inclut pas de codage. <\/p> <p>Il existe une option pour ins\u00e9rer la galerie Vimeo \u00e0 la page Web via notre service. Suivez simplement les \u00e9tapes du guide sur cette page. <\/p> <\/div>\r\n\t\t\t\t\t<\/div>\r\n\t\t\t\t<\/div> <\/div> <\/div><div class=\"application-platform-content-item-features application-platform-content-item\" id=\"features\" data-nav-section=\"features\"> <h2>Fonctionnalit\u00e9s<\/h2> <p>Pour avoir une id\u00e9e plus claire du widget, consultez la liste des principaux caract\u00e9ristiques. Ils rendent ce widget extr\u00eamement efficace pour votre entreprise\u00a0:<\/p> <ul><li>La possibilit\u00e9 d&rsquo;ajouter des mises en page s\u00e9lectionn\u00e9es pour diff\u00e9rentes mani\u00e8res de rythmer les vid\u00e9os\u00a0: Grille, Playlist, Slider\u00a0;<\/li><li>Sept composants contr\u00f4l\u00e9s de l&rsquo;en-t\u00eate\u00a0: nom, statistiques, description, bouton de suivi, ic\u00f4ne de profil\u00a0;<\/li><li>4 modes de lecture pr\u00eats \u00e0 l&#8217;emploi\u00a0: Popup, Player, Inline ou sur Vimeo\u00a0;<\/li><li>Trois options apr\u00e8s la fin de la vid\u00e9o\u00a0: jouer ensuite, rejouer, aucun\u00a0;<\/li><\/ul><p><a href=\"#demo\">Notre d\u00e9mo vous ouvrira une liste compl\u00e8te de fonctionnalit\u00e9s<\/a><\/p> <\/div> <div class=\"application-platform-content-item-installation application-platform-content-item\" id=\"installation\" data-nav-section=\"installation\"> <h2>V\u00e9rifions comment ajouter la vid\u00e9o Vimeo \u00e0 votre site Web jQuery<\/h2> <p>Ces plusieurs actions sont la seule chose dont vous avez besoin pour \u00e9tablir.<\/p> <ol><li><b>G\u00e9n\u00e9rez votre plugin Vimeo personnalis\u00e9<\/b><br> A l&rsquo;aide de notre d\u00e9mo gratuite, configurez un plugin avec une composition et des fonctionnalit\u00e9s s\u00e9lectionn\u00e9es. <\/li><li><b>Copiez le code individuel pour int\u00e9grer le plugin<\/b><br> Apr\u00e8s avoir personnalis\u00e9 votre widget, vous obtiendrez le code individuel dans la fen\u00eatre qui appara\u00eet sur Elfsight Apps. Copiez ce code. <\/li> <li><b>Int\u00e9grez le plugin sur votre site Muse<\/b><br> Choisissez la zone dans laquelle vous souhaitez r\u00e9v\u00e9ler le plugin et ins\u00e9rez-y le code copi\u00e9. Appliquez les modifications. <\/li> <li><b>Termin\u00e9\u00a0!<\/b><br> Visitez votre site pour voir votre travail. <\/li> <\/ol><p>Vous avez encore des doutes sur quelque chose\u00a0? Ou vous avez des questions ? Il suffit d&rsquo;envoyer une demande \u00e0 notre \u00e9quipe d&rsquo;assistance pour r\u00e9soudre tout type de probl\u00e8me.<\/p> <\/div>","protected":false},"excerpt":{"rendered":"","protected":false},"author":9,"featured_media":0,"parent":1455,"menu_order":0,"comment_status":"closed","ping_status":"closed","template":"templates\/template-application-platform.php","meta":{"publish_to_discourse":"","publish_post_category":"","wpdc_auto_publish_overridden":"","wpdc_topic_tags":"","wpdc_pin_topic":"","wpdc_pin_until":"","discourse_post_id":"","discourse_permalink":"","wpdc_publishing_response":"","wpdc_publishing_error":"","footnotes":""},"class_list":["post-10948","page","type-page","status-publish","hentry"],"yoast_head":"<!-- This site is optimized with the Yoast SEO plugin v25.3.1 - https:\/\/yoast.com\/wordpress\/plugins\/seo\/ -->\n<title>jQuery Vimeo \u2014 Ajouter le widget Vimeo Gallery au site Web jQuery [2025]<\/title>\n<meta name=\"description\" content=\"Avec Elfsight, fa\u00e7onnez votre galerie vid\u00e9o Vimeo et placez-la rapidement sur le site Web jQuery. Nous disposons d&#039;un support client gratuit et d&#039;autres bonus.\" \/>\n<meta name=\"robots\" content=\"index, follow, max-snippet:-1, max-image-preview:large, max-video-preview:-1\" \/>\n<link rel=\"canonical\" href=\"https:\/\/elfsight.com\/fr\/vimeo-video-gallery-widget\/jquery\/\" \/>\n<meta property=\"og:locale\" content=\"fr_FR\" \/>\n<meta property=\"og:type\" content=\"article\" \/>\n<meta property=\"og:title\" content=\"jQuery Vimeo \u2014 Ajouter le widget Vimeo Gallery au site Web jQuery [2025]\" \/>\n<meta property=\"og:description\" content=\"Avec Elfsight, fa\u00e7onnez votre galerie vid\u00e9o Vimeo et placez-la rapidement sur le site Web jQuery. Nous disposons d&#039;un support client gratuit et d&#039;autres bonus.\" \/>\n<meta property=\"og:url\" content=\"https:\/\/elfsight.com\/fr\/vimeo-video-gallery-widget\/jquery\/\" \/>\n<meta property=\"og:site_name\" content=\"Elfsight FR\" \/>\n<meta property=\"article:modified_time\" content=\"2025-07-10T14:06:07+00:00\" \/>\n<meta name=\"twitter:card\" content=\"summary_large_image\" \/>\n<meta name=\"twitter:label1\" content=\"Dur\u00e9e de lecture estim\u00e9e\" \/>\n\t<meta name=\"twitter:data1\" content=\"3 minutes\" \/>\n<!-- \/ Yoast SEO plugin. -->","yoast_head_json":{"title":"jQuery Vimeo \u2014 Ajouter le widget Vimeo Gallery au site Web jQuery [2025]","description":"Avec Elfsight, fa\u00e7onnez votre galerie vid\u00e9o Vimeo et placez-la rapidement sur le site Web jQuery. Nous disposons d'un support client gratuit et d'autres bonus.","robots":{"index":"index","follow":"follow","max-snippet":"max-snippet:-1","max-image-preview":"max-image-preview:large","max-video-preview":"max-video-preview:-1"},"canonical":"https:\/\/elfsight.com\/fr\/vimeo-video-gallery-widget\/jquery\/","og_locale":"fr_FR","og_type":"article","og_title":"jQuery Vimeo \u2014 Ajouter le widget Vimeo Gallery au site Web jQuery [2025]","og_description":"Avec Elfsight, fa\u00e7onnez votre galerie vid\u00e9o Vimeo et placez-la rapidement sur le site Web jQuery. Nous disposons d'un support client gratuit et d'autres bonus.","og_url":"https:\/\/elfsight.com\/fr\/vimeo-video-gallery-widget\/jquery\/","og_site_name":"Elfsight FR","article_modified_time":"2025-07-10T14:06:07+00:00","twitter_card":"summary_large_image","twitter_misc":{"Dur\u00e9e de lecture estim\u00e9e":"3 minutes"},"schema":{"@context":"https:\/\/schema.org","@graph":[{"@type":"WebPage","@id":"https:\/\/elfsight.com\/fr\/vimeo-video-gallery-widget\/jquery\/","url":"https:\/\/elfsight.com\/fr\/vimeo-video-gallery-widget\/jquery\/","name":"jQuery Vimeo \u2014 Ajouter le widget Vimeo Gallery au site Web jQuery [2025]","isPartOf":{"@id":"https:\/\/elfsight.com\/fr\/#website"},"datePublished":"1970-01-01T00:00:00+00:00","dateModified":"2025-07-10T14:06:07+00:00","description":"Avec Elfsight, fa\u00e7onnez votre galerie vid\u00e9o Vimeo et placez-la rapidement sur le site Web jQuery. Nous disposons d'un support client gratuit et d'autres bonus.","breadcrumb":{"@id":"https:\/\/elfsight.com\/fr\/vimeo-video-gallery-widget\/jquery\/#breadcrumb"},"inLanguage":"fr-FR","potentialAction":[{"@type":"ReadAction","target":["https:\/\/elfsight.com\/fr\/vimeo-video-gallery-widget\/jquery\/"]}]},{"@type":"BreadcrumbList","@id":"https:\/\/elfsight.com\/fr\/vimeo-video-gallery-widget\/jquery\/#breadcrumb","itemListElement":[{"@type":"ListItem","position":1,"name":"Home","item":"https:\/\/elfsight.com\/fr\/"},{"@type":"ListItem","position":2,"name":"Vimeo Gallery","item":"https:\/\/elfsight.com\/fr\/vimeo-video-gallery-widget\/"},{"@type":"ListItem","position":3,"name":"Vimeo Gallery &#8211; jQuery"}]},{"@type":"WebSite","@id":"https:\/\/elfsight.com\/fr\/#website","url":"https:\/\/elfsight.com\/fr\/","name":"Elfsight FR","description":"","potentialAction":[{"@type":"SearchAction","target":{"@type":"EntryPoint","urlTemplate":"https:\/\/elfsight.com\/fr\/?s={search_term_string}"},"query-input":{"@type":"PropertyValueSpecification","valueRequired":true,"valueName":"search_term_string"}}],"inLanguage":"fr-FR"}]}},"meta_box":{"industry":"","seo_heading":"","heading":"","description":"","cta_heading":"","cta_description":"","application":"1449","h1":"jQuery Vimeo Galerie vid\u00e9o","h1_caption":"Int\u00e9grez une galerie de vid\u00e9os Vimeo, offrant un moyen transparent de pr\u00e9senter sans effort votre contenu vid\u00e9o sur votre site Web jQuery.","application_category":[],"applications_title":"","applications_request_title":"","applications_request_button_text":"","hero_text":"","hero_video":"","hero_video_schema_markup":"","selling_points_title":"","selling_points_caption":"","selling_points":[],"selling_points_cta_text":"","features_title":"","features":"","ed_cta_examples_text":"","ed_cta_examples_hidden":"","ed_cta_demo_text":"","ed_cta_demo_hidden":"","why_caption":"","why_editor_title":"","why_editor_text":"","why_team_title":"","why_team_text":"","why_service_title":"","why_service_text":"","template_catalog_visible":"","template_catalog_title":"","template_catalog_text":"","template_catalog_categories_visible":"","demo_title":"Cr\u00e9ez votre plugin Galerie Vimeo","demo_caption":"Configurez votre galerie Vimeo et ajoutez-la gratuitement \u00e0 votre site Web jQuery\u00a0!","default_faq_hidden":"","app_template_category":[],"platform":"355","template_public_id":"","codecanyon_url":"","codecanyon_item_id":"","codecanyon_price":"","pricing_caption":"","pricing_elfsight_apps_hide_column":"","pricing_elfsight_apps_url":"","pricing_codecanyon_price_caption":"","integration_category":[],"integration_request_title":"","integration_request_cta":"","integration_platform":"","integrations":[],"platform_category":[],"video_schema_markup":"","price":"\u00e0 partir de 0$ \/ mois","trial":"","benefits":[{"text":"Service d'installation gratuit"},{"text":"Service client professionnel"},{"text":"Garantie de remboursement de 14 jours"},{"text":"Am\u00e9liorations gratuites \u00e0 vie"}],"button_url":"","button_target_blank":"","button_nofollow":"","attributes":[{"name":"Installations","content":"10,000 - 100,000"},{"name":"Sensible","content":"Oui"},{"name":"Navigateurs compatibles","content":"Firefox, Safari, Opera, Chrome, Edge"}],"tags":[],"tags_disable_links":"","hide_more_platforms":"","video_object":"","demo_hide_cta":"","demo_hide_cloud_options":"","pricing_title":"","pricing":[{"pricing_icon":"platform","pricing_title":"Elfsight Apps","pricing_title_caption":"Solution num\u00e9rique multiplateforme adapt\u00e9e \u00e0 tous les sites","pricing_price":"from $0 \/ month","pricing_price_caption":"commencez avec un forfait gratuit","pricing_benefits":[{"text":"Domaines illimit\u00e9s"},{"text":"Support client premium et bien document\u00e9"},{"text":"Assistance \u00e0 l'installation gratuite"},{"text":"Conception flexible"}],"pricing_button_text":"Ajouter au site Web","pricing_button_url":"#demo"}],"related_apps_title":"","related_apps_hidden":"","author":"","image":[],"title":"","job":"","social_networks":[]},"_links":{"self":[{"href":"https:\/\/elfsight.com\/fr\/wp-json\/wp\/v2\/pages\/10948","targetHints":{"allow":["GET"]}}],"collection":[{"href":"https:\/\/elfsight.com\/fr\/wp-json\/wp\/v2\/pages"}],"about":[{"href":"https:\/\/elfsight.com\/fr\/wp-json\/wp\/v2\/types\/page"}],"author":[{"embeddable":true,"href":"https:\/\/elfsight.com\/fr\/wp-json\/wp\/v2\/users\/9"}],"replies":[{"embeddable":true,"href":"https:\/\/elfsight.com\/fr\/wp-json\/wp\/v2\/comments?post=10948"}],"version-history":[{"count":1,"href":"https:\/\/elfsight.com\/fr\/wp-json\/wp\/v2\/pages\/10948\/revisions"}],"predecessor-version":[{"id":10952,"href":"https:\/\/elfsight.com\/fr\/wp-json\/wp\/v2\/pages\/10948\/revisions\/10952"}],"up":[{"embeddable":true,"href":"https:\/\/elfsight.com\/fr\/wp-json\/wp\/v2\/pages\/1455"}],"wp:attachment":[{"href":"https:\/\/elfsight.com\/fr\/wp-json\/wp\/v2\/media?parent=10948"}],"curies":[{"name":"wp","href":"https:\/\/api.w.org\/{rel}","templated":true}]}}