{"id":10947,"date":"1970-01-01T00:00:00","date_gmt":"1970-01-01T00:00:00","guid":{"rendered":"https:\/\/elfsight.com\/fr\/?page_id=10947"},"modified":"2025-07-10T14:06:18","modified_gmt":"2025-07-10T14:06:18","slug":"magento","status":"publish","type":"page","link":"https:\/\/elfsight.com\/fr\/vimeo-video-gallery-widget\/magento\/","title":{"rendered":"Vimeo Gallery &#8211; Magento"},"content":{"rendered":"<div class=\"application-platform-content-item-description application-platform-content-item\" id=\"description\" data-nav-section=\"description\"> <h2>Description<\/h2> <p>Elfsight Vimeo Gallery est un outil simple pour les propri\u00e9taires de sites Web qui souhaitent afficher du contenu vid\u00e9o sur leur site Web. Le widget vous permet de cr\u00e9er des listes de lecture de vid\u00e9os, d&rsquo;afficher une cha\u00eene, de trouver le contenu vid\u00e9o le plus attrayant pour votre galerie et bien plus encore. Le widget Elfsight dispose d&rsquo;options d&rsquo;interface bien pens\u00e9es, qui contribuent \u00e0 adapter l&rsquo;interface \u00e0 divers cas d&rsquo;utilisation. Trois dispositions de widgets aident \u00e0 organiser les vid\u00e9os de la meilleure fa\u00e7on, une vari\u00e9t\u00e9 de modes de lecture rendront le visionnage de vos vid\u00e9os confortable dans tous les cas d&rsquo;utilisation. Gr\u00e2ce au header, faites la publicit\u00e9 de votre cha\u00eene et obtenez plus d&rsquo;abonn\u00e9s. L&rsquo;extension Elfsight Vimeo sera un moyen simple non seulement de stimuler l&rsquo;engagement, mais \u00e9galement de d\u00e9velopper votre entreprise.<\/p> <div class=\"faq\" data-component=\"FAQ\"><div class=\"faq-item\">\r\n\t\t\t\t\t<div class=\"faq-item-question\">\r\n\t\t\t\t\t\t<h3 class=\"faq-item-question-text\">O\u00f9 puis-je afficher ce plugin<\/h3>\r\n\r\n\t\t\t\t\t\t<div class=\"faq-item-question-icon\"><\/div>\r\n\t\t\t\t\t<\/div>\r\n\r\n\t\t\t\t\t<div class=\"faq-item-answer\">\r\n\t\t\t\t\t\t<div class=\"faq-item-answer-text\"> <p>Le widget peut appara\u00eetre sur la page que vous s\u00e9lectionnez. Si vous collez le widget dans le mod\u00e8le de site Web, la galerie appara\u00eetra sur toutes les pages. <\/p> <\/div>\r\n\t\t\t\t\t<\/div>\r\n\t\t\t\t<\/div><div class=\"faq-item\">\r\n\t\t\t\t\t<div class=\"faq-item-question\">\r\n\t\t\t\t\t\t<h3 class=\"faq-item-question-text\">Comment vais-je b\u00e9n\u00e9ficier de ce plugin ?<\/h3>\r\n\r\n\t\t\t\t\t\t<div class=\"faq-item-question-icon\"><\/div>\r\n\t\t\t\t\t<\/div>\r\n\r\n\t\t\t\t\t<div class=\"faq-item-answer\">\r\n\t\t\t\t\t\t<div class=\"faq-item-answer-text\"> <p>Il vous permettra de booster l&rsquo;engagement des utilisateurs sur le site avec des vid\u00e9os attractives. La fonctionnalit\u00e9 de suivi en un clic vous aidera \u00e0 attirer de nouveaux abonn\u00e9s \u00e0 votre cha\u00eene. <\/p><\/div>\r\n\t\t\t\t\t<\/div>\r\n\t\t\t\t<\/div> <div class=\"faq-item\">\r\n\t\t\t\t\t<div class=\"faq-item-question\">\r\n\t\t\t\t\t\t<h3 class=\"faq-item-question-text\">Comment puis-je avoir un lecteur Vimeo sur mon site ?<\/h3>\r\n\r\n\t\t\t\t\t\t<div class=\"faq-item-question-icon\"><\/div>\r\n\t\t\t\t\t<\/div>\r\n\r\n\t\t\t\t\t<div class=\"faq-item-answer\">\r\n\t\t\t\t\t\t<div class=\"faq-item-answer-text\"> <p>La configuration du widget prend trois minutes de votre temps. C&rsquo;est super rapide, gratuit et sans codage. <\/p> <p>Le lecteur vid\u00e9o Elfsight Vimeo peut \u00eatre int\u00e9gr\u00e9 \u00e0 notre service ou via le march\u00e9. Vous pouvez comparer davantage les deux variantes et choisir la v\u00f4tre.<\/p> <\/div>\r\n\t\t\t\t\t<\/div>\r\n\t\t\t\t<\/div> <\/div> <\/div> <div class=\"application-platform-content-item-features application-platform-content-item\" id=\"features\" data-nav-section=\"features\"> <h2>Fonctionnalit\u00e9s<\/h2> <p>Pour avoir une id\u00e9e claire perception de Vimeo Gallery, consultez la liste des fonctions essentielles. Ils rendent le widget extr\u00eamement b\u00e9n\u00e9fique pour votre site\u00a0Web\u00a0: <\/p> <ul><li>Int\u00e9gration de mises en page s\u00e9lectionn\u00e9es pour diff\u00e9rentes mani\u00e8res de rythmer les vid\u00e9os\u00a0: Grille, Playlist, Slider\u00a0; <\/li><li>Sept d\u00e9tails commutables de l&rsquo;en-t\u00eate\u00a0: nom, statistiques, description, bouton de suivi, photo de profil\u00a0; <\/li><li>Quatre modes de lecture pr\u00eats \u00e0 l&#8217;emploi\u00a0: Popup, Player, Inline ou sur Vimeo. <\/li><\/ul><p><a href=\"#demo\">Explorez toutes les fonctionnalit\u00e9s de notre d\u00e9mo<\/a><\/p> <\/div> <div class=\"application-platform-content-item-installation application-platform-content-item\" id=\"installation\" data-nav-section=\"installation\"> <h2>Voir comment ajouter la vid\u00e9o Vimeo \u00e0 votre site Web Magento<\/h2> <p>Appliquez simplement les instructions ci-dessous pour int\u00e9grer le widget sur Magento.<\/p> <ol><li><b>Utilisez notre \u00e9diteur gratuit et d\u00e9marrez fa\u00e7onner votre widget unique. <\/b><br> Choisissez l&rsquo;interface et les sp\u00e9cifications pr\u00e9f\u00e9rables de l&rsquo;extension Vimeo et appliquez les corrections. <\/li> <li><b>Copiez votre code individuel qui appara\u00eet dans le formulaire sp\u00e9cial sur Elfsight Apps. <\/b><br> Une fois la g\u00e9n\u00e9ration de votre extension termin\u00e9e, copiez le code individuel dans la bo\u00eete qui appara\u00eet et enregistrez-le pour une utilisation ult\u00e9rieure. <\/li> <li><b>Initiez l&rsquo;utilisation de l&rsquo;outil sur votre page Web Magento. <\/b><br> Ajoutez le code copi\u00e9 r\u00e9cemment dans votre page Web et enregistrez les modifications. <\/li> <li><b>L&rsquo;installation est enti\u00e8rement termin\u00e9e. <\/b><br> Visitez votre page pour inspecter les performances de l&rsquo;extension. <\/li><\/ol><p>Toujours instable\u00a0? Ou vous \u00eates tomb\u00e9 sur quelque chose ? Envoyez simplement votre demande \u00e0 notre service client. Nous r\u00e9soudrons tout probl\u00e8me.<\/p> <\/div>","protected":false},"excerpt":{"rendered":"","protected":false},"author":9,"featured_media":0,"parent":1455,"menu_order":0,"comment_status":"closed","ping_status":"closed","template":"templates\/template-application-platform.php","meta":{"publish_to_discourse":"","publish_post_category":"","wpdc_auto_publish_overridden":"","wpdc_topic_tags":"","wpdc_pin_topic":"","wpdc_pin_until":"","discourse_post_id":"","discourse_permalink":"","wpdc_publishing_response":"","wpdc_publishing_error":"","footnotes":""},"class_list":["post-10947","page","type-page","status-publish","hentry"],"yoast_head":"<!-- This site is optimized with the Yoast SEO plugin v25.3.1 - https:\/\/yoast.com\/wordpress\/plugins\/seo\/ -->\n<title>Ajoutez l&#039;extension Vimeo Video Gallery au site Web Magento (gratuit et rapide)<\/title>\n<meta name=\"description\" content=\"Fa\u00e7onnez le widget Vimeo Gallery et int\u00e9grez-le dans votre site Web Magento rapidement et facilement. B\u00e9n\u00e9ficiez d&#039;un service client gratuit et d&#039;autres bonus d&#039;Elfsight.\" \/>\n<meta name=\"robots\" content=\"index, follow, max-snippet:-1, max-image-preview:large, max-video-preview:-1\" \/>\n<link rel=\"canonical\" href=\"https:\/\/elfsight.com\/fr\/vimeo-video-gallery-widget\/magento\/\" \/>\n<meta property=\"og:locale\" content=\"fr_FR\" \/>\n<meta property=\"og:type\" content=\"article\" \/>\n<meta property=\"og:title\" content=\"Ajoutez l&#039;extension Vimeo Video Gallery au site Web Magento (gratuit et rapide)\" \/>\n<meta property=\"og:description\" content=\"Fa\u00e7onnez le widget Vimeo Gallery et int\u00e9grez-le dans votre site Web Magento rapidement et facilement. B\u00e9n\u00e9ficiez d&#039;un service client gratuit et d&#039;autres bonus d&#039;Elfsight.\" \/>\n<meta property=\"og:url\" content=\"https:\/\/elfsight.com\/fr\/vimeo-video-gallery-widget\/magento\/\" \/>\n<meta property=\"og:site_name\" content=\"Elfsight FR\" \/>\n<meta property=\"article:modified_time\" content=\"2025-07-10T14:06:18+00:00\" \/>\n<meta name=\"twitter:card\" content=\"summary_large_image\" \/>\n<meta name=\"twitter:label1\" content=\"Dur\u00e9e de lecture estim\u00e9e\" \/>\n\t<meta name=\"twitter:data1\" content=\"3 minutes\" \/>\n<!-- \/ Yoast SEO plugin. -->","yoast_head_json":{"title":"Ajoutez l'extension Vimeo Video Gallery au site Web Magento (gratuit et rapide)","description":"Fa\u00e7onnez le widget Vimeo Gallery et int\u00e9grez-le dans votre site Web Magento rapidement et facilement. B\u00e9n\u00e9ficiez d'un service client gratuit et d'autres bonus d'Elfsight.","robots":{"index":"index","follow":"follow","max-snippet":"max-snippet:-1","max-image-preview":"max-image-preview:large","max-video-preview":"max-video-preview:-1"},"canonical":"https:\/\/elfsight.com\/fr\/vimeo-video-gallery-widget\/magento\/","og_locale":"fr_FR","og_type":"article","og_title":"Ajoutez l'extension Vimeo Video Gallery au site Web Magento (gratuit et rapide)","og_description":"Fa\u00e7onnez le widget Vimeo Gallery et int\u00e9grez-le dans votre site Web Magento rapidement et facilement. B\u00e9n\u00e9ficiez d'un service client gratuit et d'autres bonus d'Elfsight.","og_url":"https:\/\/elfsight.com\/fr\/vimeo-video-gallery-widget\/magento\/","og_site_name":"Elfsight FR","article_modified_time":"2025-07-10T14:06:18+00:00","twitter_card":"summary_large_image","twitter_misc":{"Dur\u00e9e de lecture estim\u00e9e":"3 minutes"},"schema":{"@context":"https:\/\/schema.org","@graph":[{"@type":"WebPage","@id":"https:\/\/elfsight.com\/fr\/vimeo-video-gallery-widget\/magento\/","url":"https:\/\/elfsight.com\/fr\/vimeo-video-gallery-widget\/magento\/","name":"Ajoutez l'extension Vimeo Video Gallery au site Web Magento (gratuit et rapide)","isPartOf":{"@id":"https:\/\/elfsight.com\/fr\/#website"},"datePublished":"1970-01-01T00:00:00+00:00","dateModified":"2025-07-10T14:06:18+00:00","description":"Fa\u00e7onnez le widget Vimeo Gallery et int\u00e9grez-le dans votre site Web Magento rapidement et facilement. B\u00e9n\u00e9ficiez d'un service client gratuit et d'autres bonus d'Elfsight.","breadcrumb":{"@id":"https:\/\/elfsight.com\/fr\/vimeo-video-gallery-widget\/magento\/#breadcrumb"},"inLanguage":"fr-FR","potentialAction":[{"@type":"ReadAction","target":["https:\/\/elfsight.com\/fr\/vimeo-video-gallery-widget\/magento\/"]}]},{"@type":"BreadcrumbList","@id":"https:\/\/elfsight.com\/fr\/vimeo-video-gallery-widget\/magento\/#breadcrumb","itemListElement":[{"@type":"ListItem","position":1,"name":"Home","item":"https:\/\/elfsight.com\/fr\/"},{"@type":"ListItem","position":2,"name":"Vimeo Gallery","item":"https:\/\/elfsight.com\/fr\/vimeo-video-gallery-widget\/"},{"@type":"ListItem","position":3,"name":"Vimeo Gallery &#8211; Magento"}]},{"@type":"WebSite","@id":"https:\/\/elfsight.com\/fr\/#website","url":"https:\/\/elfsight.com\/fr\/","name":"Elfsight FR","description":"","potentialAction":[{"@type":"SearchAction","target":{"@type":"EntryPoint","urlTemplate":"https:\/\/elfsight.com\/fr\/?s={search_term_string}"},"query-input":{"@type":"PropertyValueSpecification","valueRequired":true,"valueName":"search_term_string"}}],"inLanguage":"fr-FR"}]}},"meta_box":{"industry":"","seo_heading":"","heading":"","description":"","cta_heading":"","cta_description":"","application":"1449","h1":"Galerie vid\u00e9o Magento Vimeo","h1_caption":"Int\u00e9grez une galerie de vid\u00e9os Vimeo, offrant un moyen transparent de pr\u00e9senter sans effort votre contenu vid\u00e9o sur votre site Web Magento.","application_category":[],"applications_title":"","applications_request_title":"","applications_request_button_text":"","hero_text":"","hero_video":"","hero_video_schema_markup":"","selling_points_title":"","selling_points_caption":"","selling_points":[],"selling_points_cta_text":"","features_title":"","features":"","ed_cta_examples_text":"","ed_cta_examples_hidden":"","ed_cta_demo_text":"","ed_cta_demo_hidden":"","why_caption":"","why_editor_title":"","why_editor_text":"","why_team_title":"","why_team_text":"","why_service_title":"","why_service_text":"","template_catalog_visible":"","template_catalog_title":"","template_catalog_text":"","template_catalog_categories_visible":"","demo_title":"Cr\u00e9ez votre extension Galerie Vimeo","demo_caption":"Configurez votre galerie Vimeo et ajoutez-la gratuitement \u00e0 votre site Web Magento\u00a0!","default_faq_hidden":"","app_template_category":[],"platform":"357","template_public_id":"","codecanyon_url":"","codecanyon_item_id":"","codecanyon_price":"","pricing_caption":"","pricing_elfsight_apps_hide_column":"","pricing_elfsight_apps_url":"","pricing_codecanyon_price_caption":"","integration_category":[],"integration_request_title":"","integration_request_cta":"","integration_platform":"","integrations":[],"platform_category":[],"video_schema_markup":"","price":"\u00e0 partir de 0$ \/ mois","trial":"","benefits":[{"text":"Service d'installation gratuit"},{"text":"Service client professionnel"},{"text":"Garantie de remboursement de 14 jours"},{"text":"Mises \u00e0 jour gratuites r\u00e9guli\u00e8res"}],"button_url":"","button_target_blank":"","button_nofollow":"","attributes":[{"name":"Installations","content":"10,000 - 100,000"},{"name":"Sensible","content":"Oui"},{"name":"Navigateurs compatibles","content":"Firefox, Safari, Opera, Chrome, Edge"}],"tags":[],"tags_disable_links":"","hide_more_platforms":"","video_object":"","demo_hide_cta":"","demo_hide_cloud_options":"","pricing_title":"","pricing":[{"pricing_icon":"platform","pricing_title":"Elfsight Apps","pricing_title_caption":"Logiciel multiplateforme adapt\u00e9 \u00e0 n'importe quel site","pricing_price":"from $0 \/ month","pricing_price_caption":"commencez avec un forfait gratuit","pricing_benefits":[{"text":"Sites Web illimit\u00e9s"},{"text":"Un support d\u00e9di\u00e9 et bien document\u00e9"},{"text":"Aide \u00e0 l'installation gratuite"},{"text":"Conception flexible"}],"pricing_button_text":"Ajouter au site Web","pricing_button_url":"#demo"}],"related_apps_title":"","related_apps_hidden":"","author":"","image":[],"title":"","job":"","social_networks":[]},"_links":{"self":[{"href":"https:\/\/elfsight.com\/fr\/wp-json\/wp\/v2\/pages\/10947","targetHints":{"allow":["GET"]}}],"collection":[{"href":"https:\/\/elfsight.com\/fr\/wp-json\/wp\/v2\/pages"}],"about":[{"href":"https:\/\/elfsight.com\/fr\/wp-json\/wp\/v2\/types\/page"}],"author":[{"embeddable":true,"href":"https:\/\/elfsight.com\/fr\/wp-json\/wp\/v2\/users\/9"}],"replies":[{"embeddable":true,"href":"https:\/\/elfsight.com\/fr\/wp-json\/wp\/v2\/comments?post=10947"}],"version-history":[{"count":1,"href":"https:\/\/elfsight.com\/fr\/wp-json\/wp\/v2\/pages\/10947\/revisions"}],"predecessor-version":[{"id":10951,"href":"https:\/\/elfsight.com\/fr\/wp-json\/wp\/v2\/pages\/10947\/revisions\/10951"}],"up":[{"embeddable":true,"href":"https:\/\/elfsight.com\/fr\/wp-json\/wp\/v2\/pages\/1455"}],"wp:attachment":[{"href":"https:\/\/elfsight.com\/fr\/wp-json\/wp\/v2\/media?parent=10947"}],"curies":[{"name":"wp","href":"https:\/\/api.w.org\/{rel}","templated":true}]}}