{"id":10946,"date":"1970-01-01T00:00:00","date_gmt":"1970-01-01T00:00:00","guid":{"rendered":"https:\/\/elfsight.com\/fr\/?page_id=10946"},"modified":"2025-07-10T14:05:44","modified_gmt":"2025-07-10T14:05:44","slug":"html","status":"publish","type":"page","link":"https:\/\/elfsight.com\/fr\/vimeo-video-gallery-widget\/html\/","title":{"rendered":"Vimeo Gallery &#8211; HTML"},"content":{"rendered":"<div class=\"application-platform-content-item-description application-platform-content-item\" id=\"description\" data-nav-section=\"description\"> <h2>Description<\/h2> <p>Le widget Elfsight Vimeo est un outil simple pour ceux qui souhaitent ajouter du contenu vid\u00e9o sur le site. Vous \u00eates libre de cr\u00e9er des listes de lecture, d&rsquo;afficher une cha\u00eene, de s\u00e9lectionner le contenu th\u00e9matique le plus int\u00e9ressant pour votre galerie et bien plus encore. Le widget pr\u00e9sente plusieurs fonctionnalit\u00e9s de conception qui permettent d&rsquo;organiser l&rsquo;interface adapt\u00e9e \u00e0 diff\u00e9rents cas. Les mises en page de widgets pr\u00eates \u00e0 l&#8217;emploi aideront \u00e0 organiser les vid\u00e9os de mani\u00e8re optimale\u00a0; plusieurs modes de lecture rendent le visionnage de vid\u00e9os confortable pour tout utilisateur. Gr\u00e2ce \u00e0 l&rsquo;en-t\u00eate, vous avez la possibilit\u00e9 de parler de votre compte Vimeo \u00e0 tout le monde et d&rsquo;obtenir de nouveaux abonn\u00e9s. Elfsight Vimeo Gallery est un moyen simple non seulement d&rsquo;augmenter l&rsquo;engagement, mais \u00e9galement de d\u00e9velopper votre entreprise. <\/p> <div class=\"faq\" data-component=\"FAQ\"><div class=\"faq-item\">\r\n\t\t\t\t\t<div class=\"faq-item-question\">\r\n\t\t\t\t\t\t<h3 class=\"faq-item-question-text\">De quelle mani\u00e8re ajouter une galerie Vimeo au site HTML ? <\/h3>\r\n\r\n\t\t\t\t\t\t<div class=\"faq-item-question-icon\"><\/div>\r\n\t\t\t\t\t<\/div>\r\n\r\n\t\t\t\t\t<div class=\"faq-item-answer\">\r\n\t\t\t\t\t\t<div class=\"faq-item-answer-text\"><p>La construction de l&rsquo;outil est r\u00e9alis\u00e9e au sein d&rsquo;Elfsight site et il n&rsquo;est pas n\u00e9cessaire de coder. Utilisez la d\u00e9mo en ligne pour fa\u00e7onner votre plugin personnel, obtenez le code et impl\u00e9mentez-le sur votre site Web. <\/p><\/div>\r\n\t\t\t\t\t<\/div>\r\n\t\t\t\t<\/div><div class=\"faq-item\">\r\n\t\t\t\t\t<div class=\"faq-item-question\">\r\n\t\t\t\t\t\t<h3 class=\"faq-item-question-text\">Les meilleurs exemples d'utilisation de l'int\u00e9gration de la galerie vid\u00e9o Vimeo<\/h3>\r\n\r\n\t\t\t\t\t\t<div class=\"faq-item-question-icon\"><\/div>\r\n\t\t\t\t\t<\/div>\r\n\r\n\t\t\t\t\t<div class=\"faq-item-answer\">\r\n\t\t\t\t\t\t<div class=\"faq-item-answer-text\"><p>Nous vous offrons de nombreuses opportunit\u00e9s de personnalisation\u00a0: des widgets \u00e0 grande \u00e9chelle \u00e0 impl\u00e9menter dans la zone de contenu , des plugins flottants pour la fonction de d\u00e9filement, des mises en page pour le pied de page de votre site Web, la section d&rsquo;en-t\u00eate et toutes sortes d&rsquo;options verticales pour les barres lat\u00e9rales et les menus. <\/p><\/div>\r\n\t\t\t\t\t<\/div>\r\n\t\t\t\t<\/div><div class=\"faq-item\">\r\n\t\t\t\t\t<div class=\"faq-item-question\">\r\n\t\t\t\t\t\t<h3 class=\"faq-item-question-text\">Existe-t-il une option pour cr\u00e9er une playlist ou une galerie Vimeo carrousel avec l'aide de votre \u00e9diteur ? <\/h3>\r\n\r\n\t\t\t\t\t\t<div class=\"faq-item-question-icon\"><\/div>\r\n\t\t\t\t\t<\/div>\r\n\r\n\t\t\t\t\t<div class=\"faq-item-answer\">\r\n\t\t\t\t\t\t<div class=\"faq-item-answer-text\"><p>Vous \u00eates libre de cr\u00e9er les variantes de n&rsquo;importe quel widget . Il existe des tonnes de mises en page applicables dans l&rsquo;\u00e9diteur, et toutes peuvent \u00eatre rapidement personnalis\u00e9es selon vos besoins. <\/p><\/div>\r\n\t\t\t\t\t<\/div>\r\n\t\t\t\t<\/div><\/div><\/div> <div class=\"application-platform-content-item-features application-platform-content-item\" id=\"features\" data-nav-section=\"features\"> <h2>Fonctionnalit\u00e9s<\/h2> <p>Pour mieux comprendre le widget, consultez la liste des principaux caract\u00e9ristiques. Ils rendent ce widget plus efficace pour votre site Web\u00a0: <\/p> <ul><li>Mise en page pour diverses vid\u00e9os en organisant\u00a0: Grille, Playlist, Slider\u00a0; <\/li><li>7 composants commutables de l&rsquo;en-t\u00eate\u00a0: nom, statistiques, description, bouton de suivi, image de profil\u00a0; <\/li><li>4 modes de lecture pr\u00eats \u00e0 l&#8217;emploi\u00a0: Popup, Player, Inline ou sur Vimeo\u00a0; <\/li><li>3 variantes une fois la vid\u00e9o termin\u00e9e\u00a0: lecture suivante, relecture, aucune\u00a0; <\/li><\/ul><p><a href=\"#demo\">Pour d\u00e9couvrir plus de fonctionnalit\u00e9s, consultez notre d\u00e9mo<\/a><\/p> <\/div><div class=\"application-platform-content-item-installation application-platform-content-item\" id=\"installation\" data-nav-section=\"installation\"> <h2>Comment int\u00e9grer une vid\u00e9o Vimeo au format HTML<\/h2><div class=\"video-container\"><iframe width=\"720\" height=\"405\" src=\"https:\/\/www.youtube.com\/embed\/39Mebbhf50E\" frameborder=\"0\" allowfullscreen><\/iframe><\/div><p>Les actions ci-dessous sont la seule chose que vous devez publier. <\/p> <ol><li><b>Cr\u00e9ez votre galerie Vimeo personnalis\u00e9e<\/b><br> En g\u00e9rant notre configurateur gratuit, g\u00e9n\u00e9rez un widget avec un look et des fonctions s\u00e9lectionn\u00e9s.<\/li><li><b> Copiez le code individuel pour afficher le plugin<\/b><br> Apr\u00e8s avoir configur\u00e9 votre widget, vous obtiendrez le code individuel \u00e0 partir de la notification apparaissant sur Elfsight Apps. Copiez ce code. <\/li> <li><b>Int\u00e9grez le plugin sur votre site HTML<\/b><br> Choisissez la zone o\u00f9 vous souhaitez afficher le widget et ajoutez-y le code copi\u00e9. Enregistrez les r\u00e9sultats.<\/li> <li><b>L&rsquo;installation est termin\u00e9e<\/b><br> Visitez votre page Web pour afficher votre widget.<\/li> <\/ol><p>Vous n&rsquo;\u00eates toujours pas s\u00fbr\u00a0? Ou vous \u00eates tomb\u00e9 sur quelque chose ? Envoyez simplement une demande \u00e0 notre \u00e9quipe d\u2019assistance. Nous vous aiderons \u00e0 r\u00e9soudre chaque probl\u00e8me. <\/p> <\/div>","protected":false},"excerpt":{"rendered":"","protected":false},"author":9,"featured_media":0,"parent":1455,"menu_order":0,"comment_status":"closed","ping_status":"closed","template":"templates\/template-application-platform.php","meta":{"publish_to_discourse":"","publish_post_category":"","wpdc_auto_publish_overridden":"","wpdc_topic_tags":"","wpdc_pin_topic":"","wpdc_pin_until":"","discourse_post_id":"","discourse_permalink":"","wpdc_publishing_response":"","wpdc_publishing_error":"","footnotes":""},"class_list":["post-10946","page","type-page","status-publish","hentry"],"yoast_head":"<!-- This site is optimized with the Yoast SEO plugin v25.3.1 - https:\/\/yoast.com\/wordpress\/plugins\/seo\/ -->\n<title>HTML Vimeo \u2014 Int\u00e9grer le widget vid\u00e9o Vimeo au site Web HTML [2025]<\/title>\n<meta name=\"description\" content=\"Avec Elfsight, concevez votre galerie vid\u00e9o Vimeo et int\u00e9grez-la facilement sur le site Web HTML. Nous disposons d&#039;un support client gratuit et de plus de bonus.\" \/>\n<meta name=\"robots\" content=\"index, follow, max-snippet:-1, max-image-preview:large, max-video-preview:-1\" \/>\n<link rel=\"canonical\" href=\"https:\/\/elfsight.com\/fr\/vimeo-video-gallery-widget\/html\/\" \/>\n<meta property=\"og:locale\" content=\"fr_FR\" \/>\n<meta property=\"og:type\" content=\"article\" \/>\n<meta property=\"og:title\" content=\"HTML Vimeo \u2014 Int\u00e9grer le widget vid\u00e9o Vimeo au site Web HTML [2025]\" \/>\n<meta property=\"og:description\" content=\"Avec Elfsight, concevez votre galerie vid\u00e9o Vimeo et int\u00e9grez-la facilement sur le site Web HTML. Nous disposons d&#039;un support client gratuit et de plus de bonus.\" \/>\n<meta property=\"og:url\" content=\"https:\/\/elfsight.com\/fr\/vimeo-video-gallery-widget\/html\/\" \/>\n<meta property=\"og:site_name\" content=\"Elfsight FR\" \/>\n<meta property=\"article:modified_time\" content=\"2025-07-10T14:05:44+00:00\" \/>\n<meta name=\"twitter:card\" content=\"summary_large_image\" \/>\n<meta name=\"twitter:label1\" content=\"Dur\u00e9e de lecture estim\u00e9e\" \/>\n\t<meta name=\"twitter:data1\" content=\"3 minutes\" \/>\n<!-- \/ Yoast SEO plugin. -->","yoast_head_json":{"title":"HTML Vimeo \u2014 Int\u00e9grer le widget vid\u00e9o Vimeo au site Web HTML [2025]","description":"Avec Elfsight, concevez votre galerie vid\u00e9o Vimeo et int\u00e9grez-la facilement sur le site Web HTML. Nous disposons d'un support client gratuit et de plus de bonus.","robots":{"index":"index","follow":"follow","max-snippet":"max-snippet:-1","max-image-preview":"max-image-preview:large","max-video-preview":"max-video-preview:-1"},"canonical":"https:\/\/elfsight.com\/fr\/vimeo-video-gallery-widget\/html\/","og_locale":"fr_FR","og_type":"article","og_title":"HTML Vimeo \u2014 Int\u00e9grer le widget vid\u00e9o Vimeo au site Web HTML [2025]","og_description":"Avec Elfsight, concevez votre galerie vid\u00e9o Vimeo et int\u00e9grez-la facilement sur le site Web HTML. Nous disposons d'un support client gratuit et de plus de bonus.","og_url":"https:\/\/elfsight.com\/fr\/vimeo-video-gallery-widget\/html\/","og_site_name":"Elfsight FR","article_modified_time":"2025-07-10T14:05:44+00:00","twitter_card":"summary_large_image","twitter_misc":{"Dur\u00e9e de lecture estim\u00e9e":"3 minutes"},"schema":{"@context":"https:\/\/schema.org","@graph":[{"@type":"WebPage","@id":"https:\/\/elfsight.com\/fr\/vimeo-video-gallery-widget\/html\/","url":"https:\/\/elfsight.com\/fr\/vimeo-video-gallery-widget\/html\/","name":"HTML Vimeo \u2014 Int\u00e9grer le widget vid\u00e9o Vimeo au site Web HTML [2025]","isPartOf":{"@id":"https:\/\/elfsight.com\/fr\/#website"},"datePublished":"1970-01-01T00:00:00+00:00","dateModified":"2025-07-10T14:05:44+00:00","description":"Avec Elfsight, concevez votre galerie vid\u00e9o Vimeo et int\u00e9grez-la facilement sur le site Web HTML. Nous disposons d'un support client gratuit et de plus de bonus.","breadcrumb":{"@id":"https:\/\/elfsight.com\/fr\/vimeo-video-gallery-widget\/html\/#breadcrumb"},"inLanguage":"fr-FR","potentialAction":[{"@type":"ReadAction","target":["https:\/\/elfsight.com\/fr\/vimeo-video-gallery-widget\/html\/"]}]},{"@type":"BreadcrumbList","@id":"https:\/\/elfsight.com\/fr\/vimeo-video-gallery-widget\/html\/#breadcrumb","itemListElement":[{"@type":"ListItem","position":1,"name":"Home","item":"https:\/\/elfsight.com\/fr\/"},{"@type":"ListItem","position":2,"name":"Vimeo Gallery","item":"https:\/\/elfsight.com\/fr\/vimeo-video-gallery-widget\/"},{"@type":"ListItem","position":3,"name":"Vimeo Gallery &#8211; HTML"}]},{"@type":"WebSite","@id":"https:\/\/elfsight.com\/fr\/#website","url":"https:\/\/elfsight.com\/fr\/","name":"Elfsight FR","description":"","potentialAction":[{"@type":"SearchAction","target":{"@type":"EntryPoint","urlTemplate":"https:\/\/elfsight.com\/fr\/?s={search_term_string}"},"query-input":{"@type":"PropertyValueSpecification","valueRequired":true,"valueName":"search_term_string"}}],"inLanguage":"fr-FR"}]}},"meta_box":{"industry":"","seo_heading":"","heading":"","description":"","cta_heading":"","cta_description":"","application":"1449","h1":"Galerie vid\u00e9o HTML Vimeo","h1_caption":"Int\u00e9grez une galerie de vid\u00e9os Vimeo, offrant un moyen transparent de pr\u00e9senter sans effort votre contenu vid\u00e9o sur votre site Web HTML.","application_category":[],"applications_title":"","applications_request_title":"","applications_request_button_text":"","hero_text":"","hero_video":"","hero_video_schema_markup":"","selling_points_title":"","selling_points_caption":"","selling_points":[],"selling_points_cta_text":"","features_title":"","features":"","ed_cta_examples_text":"","ed_cta_examples_hidden":"","ed_cta_demo_text":"","ed_cta_demo_hidden":"","why_caption":"","why_editor_title":"","why_editor_text":"","why_team_title":"","why_team_text":"","why_service_title":"","why_service_text":"","template_catalog_visible":"","template_catalog_title":"","template_catalog_text":"","template_catalog_categories_visible":"","demo_title":"Cr\u00e9ez votre widget Galerie Vimeo","demo_caption":"Configurez votre galerie Vimeo et ajoutez-la \u00e0 votre site Web HTML gratuitement\u00a0!","default_faq_hidden":"","app_template_category":[],"platform":"352","template_public_id":"","codecanyon_url":"","codecanyon_item_id":"","codecanyon_price":"","pricing_caption":"","pricing_elfsight_apps_hide_column":"","pricing_elfsight_apps_url":"","pricing_codecanyon_price_caption":"","integration_category":[],"integration_request_title":"","integration_request_cta":"","integration_platform":"","integrations":[],"platform_category":[],"video_schema_markup":"","price":"\u00e0 partir de 0$ \/ mois","trial":"","benefits":[{"text":"Aide \u00e0 l'installation gratuite"},{"text":"Assistance premium"},{"text":"Garantie de remboursement de 14 jours"},{"text":"Am\u00e9liorations gratuites et continues"}],"button_url":"","button_target_blank":"","button_nofollow":"","attributes":[{"name":"Installations","content":"10,000 - 100,000"},{"name":"Sensible","content":"Oui"},{"name":"Navigateurs compatibles","content":"Firefox, Safari, Opera, Chrome, Edge"}],"tags":[],"tags_disable_links":"","hide_more_platforms":"","video_object":"","demo_hide_cta":"","demo_hide_cloud_options":"","pricing_title":"","pricing":[{"pricing_icon":"platform","pricing_title":"Elfsight Apps","pricing_title_caption":"Version multiplateforme","pricing_price":"from $0 \/ month","pricing_price_caption":"commencez avec un forfait gratuit","pricing_benefits":[{"text":"Domaines illimit\u00e9s"},{"text":"Assistance 24h\/24 et 7j\/7, ponctuelle et bien document\u00e9e"},{"text":"Aide \u00e0 l'installation gratuite"},{"text":"Tr\u00e8s bonne affaire pour plusieurs applications"}],"pricing_button_text":"Ajouter au site Web","pricing_button_url":"#demo"}],"related_apps_title":"","related_apps_hidden":"","author":"","image":[],"title":"","job":"","social_networks":[]},"_links":{"self":[{"href":"https:\/\/elfsight.com\/fr\/wp-json\/wp\/v2\/pages\/10946","targetHints":{"allow":["GET"]}}],"collection":[{"href":"https:\/\/elfsight.com\/fr\/wp-json\/wp\/v2\/pages"}],"about":[{"href":"https:\/\/elfsight.com\/fr\/wp-json\/wp\/v2\/types\/page"}],"author":[{"embeddable":true,"href":"https:\/\/elfsight.com\/fr\/wp-json\/wp\/v2\/users\/9"}],"replies":[{"embeddable":true,"href":"https:\/\/elfsight.com\/fr\/wp-json\/wp\/v2\/comments?post=10946"}],"version-history":[{"count":2,"href":"https:\/\/elfsight.com\/fr\/wp-json\/wp\/v2\/pages\/10946\/revisions"}],"predecessor-version":[{"id":14924,"href":"https:\/\/elfsight.com\/fr\/wp-json\/wp\/v2\/pages\/10946\/revisions\/14924"}],"up":[{"embeddable":true,"href":"https:\/\/elfsight.com\/fr\/wp-json\/wp\/v2\/pages\/1455"}],"wp:attachment":[{"href":"https:\/\/elfsight.com\/fr\/wp-json\/wp\/v2\/media?parent=10946"}],"curies":[{"name":"wp","href":"https:\/\/api.w.org\/{rel}","templated":true}]}}