{"id":10931,"date":"1970-01-01T00:00:00","date_gmt":"1970-01-01T00:00:00","guid":{"rendered":"https:\/\/elfsight.com\/fr\/?page_id=10931"},"modified":"2025-07-10T14:06:56","modified_gmt":"2025-07-10T14:06:56","slug":"weebly","status":"publish","type":"page","link":"https:\/\/elfsight.com\/fr\/vimeo-video-gallery-widget\/weebly\/","title":{"rendered":"Vimeo Gallery &#8211; Weebly"},"content":{"rendered":"<div class=\"application-platform-content-item-description application-platform-content-item\" id=\"description\" data-nav-section=\"description\"><h2>Description<\/h2><p>Elfsight Vimeo Gallery est un outil efficace pour ceux qui souhaitent int\u00e9grer des vid\u00e9os Vimeo sur le site Web. Vous \u00eates libre de collecter des listes de lecture, d&rsquo;afficher une cha\u00eene, de trouver le meilleur contenu pour votre galerie et bien plus encore. Le widget Elfsight propose de nombreux param\u00e8tres d&rsquo;interface qui aident \u00e0 organiser l&rsquo;interface adapt\u00e9e \u00e0 divers cas d&rsquo;utilisation. Trois mises en page organiseront les vid\u00e9os de mani\u00e8re optimale, plusieurs modes de lecture rendront le visionnage de vid\u00e9os confortable dans tous les cas d&rsquo;utilisation. Avec l&rsquo;en-t\u00eate, vous pouvez pr\u00e9senter votre cha\u00eene et augmenter le nombre de followers. L&rsquo;application Elfsight Vimeo deviendra un moyen efficace non seulement d&rsquo;augmenter l&rsquo;engagement, mais \u00e9galement de d\u00e9velopper votre entreprise. <\/p> <div class=\"faq\" data-component=\"FAQ\"><div class=\"faq-item\">\r\n\t\t\t\t\t<div class=\"faq-item-question\">\r\n\t\t\t\t\t\t<h3 class=\"faq-item-question-text\">O\u00f9 sur mon site Web puis-je afficher le widget<\/h3>\r\n\r\n\t\t\t\t\t\t<div class=\"faq-item-question-icon\"><\/div>\r\n\t\t\t\t\t<\/div>\r\n\r\n\t\t\t\t\t<div class=\"faq-item-answer\">\r\n\t\t\t\t\t\t<div class=\"faq-item-answer-text\"><p>Le lecteur vid\u00e9o Vimeo peut appara\u00eetre sur n&rsquo;importe quelle page de votre site Web. Si vous ins\u00e9rez le widget dans le mod\u00e8le du site, les vid\u00e9os appara\u00eetront sur chaque page.<\/p> <\/div>\r\n\t\t\t\t\t<\/div>\r\n\t\t\t\t<\/div><div class=\"faq-item\">\r\n\t\t\t\t\t<div class=\"faq-item-question\">\r\n\t\t\t\t\t\t<h3 class=\"faq-item-question-text\">Quels avantages cela peut-il m'apporter ?<\/h3>\r\n\r\n\t\t\t\t\t\t<div class=\"faq-item-question-icon\"><\/div>\r\n\t\t\t\t\t<\/div>\r\n\r\n\t\t\t\t\t<div class=\"faq-item-answer\">\r\n\t\t\t\t\t\t<div class=\"faq-item-answer-text\"><p>Ce plugin contribuera \u00e0 augmenter la niveau d&rsquo;engagement des utilisateurs sur votre site \u00e0 l&rsquo;aide de vid\u00e9os soigneusement s\u00e9lectionn\u00e9es. Le suivi en un clic aidera \u00e0 attirer de nouveaux abonn\u00e9s \u00e0 votre cha\u00eene. <\/p><\/div>\r\n\t\t\t\t\t<\/div>\r\n\t\t\t\t<\/div><div class=\"faq-item\">\r\n\t\t\t\t\t<div class=\"faq-item-question\">\r\n\t\t\t\t\t\t<h3 class=\"faq-item-question-text\">Comment puis-je ajouter la galerie Vimeo sur mon site ?<\/h3>\r\n\r\n\t\t\t\t\t\t<div class=\"faq-item-question-icon\"><\/div>\r\n\t\t\t\t\t<\/div>\r\n\r\n\t\t\t\t\t<div class=\"faq-item-answer\">\r\n\t\t\t\t\t\t<div class=\"faq-item-answer-text\"><p>La configuration ne prend que quelques minutes. L&rsquo;ajout est ultra rapide, gratuit et sans codage.<\/p><p>Le widget peut \u00eatre configur\u00e9 via notre service ou sur la place de march\u00e9. Vous pouvez comparer tous les d\u00e9tails des deux options et choisir la v\u00f4tre. <\/p><\/div>\r\n\t\t\t\t\t<\/div>\r\n\t\t\t\t<\/div><\/div><\/div><div class=\"application-platform-content-item-features application-platform-content-item\" id=\"features\" data-nav-section=\"features\"><h2>Fonctionnalit\u00e9s<\/h2><p>Afin d&rsquo;avoir une meilleure connaissance du lecteur Vimeo, regardez la liste de ses traits les plus pr\u00e9cieux. Ils rendent notre widget le plus efficace pour vous\u00a0: <\/p><ul><li>La possibilit\u00e9 d&rsquo;int\u00e9grer des mises en page pour diverses mani\u00e8res d&rsquo;organiser les vid\u00e9os\u00a0: Grille, Playlist, Slider\u00a0; <\/li><li>Sept \u00e9l\u00e9ments flexibles de l&rsquo;en-t\u00eate\u00a0: nom, statistiques, description, bouton de suivi, photo de profil\u00a0; <\/li><li>4 modes de jeu int\u00e9gr\u00e9s\u00a0: Popup, Player, Inline ou sur Vimeo\u00a0; <\/li><li>Trois variantes une fois la vid\u00e9o termin\u00e9e\u00a0: lecture suivante, relecture, aucune\u00a0; <\/li><\/ul><p><a href=\"#demo\">Pour d\u00e9couvrir une liste compl\u00e8te des fonctionnalit\u00e9s, consultez la d\u00e9mo en direct<\/a><\/p><\/div><div class=\"application-platform-content-item-installation application-platform-content-item\" id=\"installation\" data-nav-section=\"installation\"><h2>V\u00e9rifiez comment int\u00e9grer la vid\u00e9o Vimeo sur votre site Weebly<\/h2><div class=\"video-container\"><iframe width=\"720\" height=\"405\" src=\"https:\/\/www.youtube.com\/embed\/IZBiapib_Gw\" frameborder=\"0\" allowfullscreen><\/iframe><\/div><p>Ces plusieurs \u00e9tapes sont la seule chose dont vous avez besoin pour configurer un widget sur votre site. Cela ne prendra que deux minutes de votre temps et vous n\u2019aurez pas besoin de coder. <\/p><ol><li><b>Utilisez notre configurateur gratuit et commencez \u00e0 travailler avec votre application personnalis\u00e9e. <\/b><br> D\u00e9terminez la mise en page et les caract\u00e9ristiques pr\u00e9f\u00e9r\u00e9es de l&rsquo;application et enregistrez toutes les corrections. <\/li> <li><b>Acqu\u00e9rir le code individuel qui appara\u00eet dans le formulaire sp\u00e9cial sur Elfsight Apps. <\/b><br> Une fois la configuration de votre application termin\u00e9e, copiez le code personnel dans la fen\u00eatre contextuelle qui appara\u00eet et enregistrez-le pour une occasion ult\u00e9rieure. <\/li> <li><b>Commencez l&rsquo;application de l&rsquo;application sur le site Weebly. <\/b><br> Ajoutez le code que vous avez copi\u00e9 auparavant dans votre site Web et enregistrez les ajustements. <\/li> <li><b>Vous avez termin\u00e9\u00a0! L&rsquo;int\u00e9gration est enti\u00e8rement termin\u00e9e. <\/b><br> Ouvrez votre site Web pour examiner le travail de l&rsquo;application. <\/li><\/ol><p>Vous n&rsquo;arrivez toujours pas \u00e0 vous d\u00e9cider\u00a0? Ou avez-vous des questions \u00e0 poser ? Il suffit d&rsquo;envoyer une demande \u00e0 notre service client pour r\u00e9gler tout probl\u00e8me. <\/p><\/div>","protected":false},"excerpt":{"rendered":"","protected":false},"author":9,"featured_media":0,"parent":1455,"menu_order":0,"comment_status":"closed","ping_status":"closed","template":"templates\/template-application-platform.php","meta":{"publish_to_discourse":"","publish_post_category":"","wpdc_auto_publish_overridden":"","wpdc_topic_tags":"","wpdc_pin_topic":"","wpdc_pin_until":"","discourse_post_id":"","discourse_permalink":"","wpdc_publishing_response":"","wpdc_publishing_error":"","footnotes":""},"class_list":["post-10931","page","type-page","status-publish","hentry"],"yoast_head":"<!-- This site is optimized with the Yoast SEO plugin v25.3.1 - https:\/\/yoast.com\/wordpress\/plugins\/seo\/ -->\n<title>Ajoutez l&#039;application Vimeo Video Gallery au site Web Weebly (gratuit et rapide)<\/title>\n<meta name=\"description\" content=\"Il est tr\u00e8s simple de cr\u00e9er votre widget Vimeo Video Gallery et de l&#039;afficher sur le site Weebly. Le service client Elfsight est gratuit et rapide.\" \/>\n<meta name=\"robots\" content=\"index, follow, max-snippet:-1, max-image-preview:large, max-video-preview:-1\" \/>\n<link rel=\"canonical\" href=\"https:\/\/elfsight.com\/fr\/vimeo-video-gallery-widget\/weebly\/\" \/>\n<meta property=\"og:locale\" content=\"fr_FR\" \/>\n<meta property=\"og:type\" content=\"article\" \/>\n<meta property=\"og:title\" content=\"Ajoutez l&#039;application Vimeo Video Gallery au site Web Weebly (gratuit et rapide)\" \/>\n<meta property=\"og:description\" content=\"Il est tr\u00e8s simple de cr\u00e9er votre widget Vimeo Video Gallery et de l&#039;afficher sur le site Weebly. Le service client Elfsight est gratuit et rapide.\" \/>\n<meta property=\"og:url\" content=\"https:\/\/elfsight.com\/fr\/vimeo-video-gallery-widget\/weebly\/\" \/>\n<meta property=\"og:site_name\" content=\"Elfsight FR\" \/>\n<meta property=\"article:modified_time\" content=\"2025-07-10T14:06:56+00:00\" \/>\n<meta name=\"twitter:card\" content=\"summary_large_image\" \/>\n<meta name=\"twitter:label1\" content=\"Dur\u00e9e de lecture estim\u00e9e\" \/>\n\t<meta name=\"twitter:data1\" content=\"3 minutes\" \/>\n<!-- \/ Yoast SEO plugin. -->","yoast_head_json":{"title":"Ajoutez l'application Vimeo Video Gallery au site Web Weebly (gratuit et rapide)","description":"Il est tr\u00e8s simple de cr\u00e9er votre widget Vimeo Video Gallery et de l'afficher sur le site Weebly. Le service client Elfsight est gratuit et rapide.","robots":{"index":"index","follow":"follow","max-snippet":"max-snippet:-1","max-image-preview":"max-image-preview:large","max-video-preview":"max-video-preview:-1"},"canonical":"https:\/\/elfsight.com\/fr\/vimeo-video-gallery-widget\/weebly\/","og_locale":"fr_FR","og_type":"article","og_title":"Ajoutez l'application Vimeo Video Gallery au site Web Weebly (gratuit et rapide)","og_description":"Il est tr\u00e8s simple de cr\u00e9er votre widget Vimeo Video Gallery et de l'afficher sur le site Weebly. Le service client Elfsight est gratuit et rapide.","og_url":"https:\/\/elfsight.com\/fr\/vimeo-video-gallery-widget\/weebly\/","og_site_name":"Elfsight FR","article_modified_time":"2025-07-10T14:06:56+00:00","twitter_card":"summary_large_image","twitter_misc":{"Dur\u00e9e de lecture estim\u00e9e":"3 minutes"},"schema":{"@context":"https:\/\/schema.org","@graph":[{"@type":"WebPage","@id":"https:\/\/elfsight.com\/fr\/vimeo-video-gallery-widget\/weebly\/","url":"https:\/\/elfsight.com\/fr\/vimeo-video-gallery-widget\/weebly\/","name":"Ajoutez l'application Vimeo Video Gallery au site Web Weebly (gratuit et rapide)","isPartOf":{"@id":"https:\/\/elfsight.com\/fr\/#website"},"datePublished":"1970-01-01T00:00:00+00:00","dateModified":"2025-07-10T14:06:56+00:00","description":"Il est tr\u00e8s simple de cr\u00e9er votre widget Vimeo Video Gallery et de l'afficher sur le site Weebly. Le service client Elfsight est gratuit et rapide.","breadcrumb":{"@id":"https:\/\/elfsight.com\/fr\/vimeo-video-gallery-widget\/weebly\/#breadcrumb"},"inLanguage":"fr-FR","potentialAction":[{"@type":"ReadAction","target":["https:\/\/elfsight.com\/fr\/vimeo-video-gallery-widget\/weebly\/"]}]},{"@type":"BreadcrumbList","@id":"https:\/\/elfsight.com\/fr\/vimeo-video-gallery-widget\/weebly\/#breadcrumb","itemListElement":[{"@type":"ListItem","position":1,"name":"Home","item":"https:\/\/elfsight.com\/fr\/"},{"@type":"ListItem","position":2,"name":"Vimeo Gallery","item":"https:\/\/elfsight.com\/fr\/vimeo-video-gallery-widget\/"},{"@type":"ListItem","position":3,"name":"Vimeo Gallery &#8211; Weebly"}]},{"@type":"WebSite","@id":"https:\/\/elfsight.com\/fr\/#website","url":"https:\/\/elfsight.com\/fr\/","name":"Elfsight FR","description":"","potentialAction":[{"@type":"SearchAction","target":{"@type":"EntryPoint","urlTemplate":"https:\/\/elfsight.com\/fr\/?s={search_term_string}"},"query-input":{"@type":"PropertyValueSpecification","valueRequired":true,"valueName":"search_term_string"}}],"inLanguage":"fr-FR"}]}},"meta_box":{"industry":"","seo_heading":"","heading":"","description":"","cta_heading":"","cta_description":"","application":"1449","h1":"Galerie vid\u00e9o Weebly Vimeo","h1_caption":"Int\u00e9grez une galerie de vid\u00e9os Vimeo, offrant un moyen transparent de pr\u00e9senter sans effort votre contenu vid\u00e9o sur votre site Web Weebly.","application_category":[],"applications_title":"","applications_request_title":"","applications_request_button_text":"","hero_text":"","hero_video":"","hero_video_schema_markup":"","selling_points_title":"","selling_points_caption":"","selling_points":[],"selling_points_cta_text":"","features_title":"","features":"","ed_cta_examples_text":"","ed_cta_examples_hidden":"","ed_cta_demo_text":"","ed_cta_demo_hidden":"","why_caption":"","why_editor_title":"","why_editor_text":"","why_team_title":"","why_team_text":"","why_service_title":"","why_service_text":"","template_catalog_visible":"","template_catalog_title":"","template_catalog_text":"","template_catalog_categories_visible":"","demo_title":"Cr\u00e9ez votre application Galerie Vimeo","demo_caption":"Configurez votre galerie Vimeo et ajoutez-la gratuitement \u00e0 votre site Web Weebly\u00a0!","default_faq_hidden":"","app_template_category":[],"platform":"363","template_public_id":"","codecanyon_url":"","codecanyon_item_id":"","codecanyon_price":"","pricing_caption":"","pricing_elfsight_apps_hide_column":"","pricing_elfsight_apps_url":"","pricing_codecanyon_price_caption":"","integration_category":[],"integration_request_title":"","integration_request_cta":"","integration_platform":"","integrations":[],"platform_category":[],"video_schema_markup":"","price":"\u00e0 partir de 0$ \/ mois","trial":"","benefits":[{"text":"Assistance \u00e0 l'installation gratuite"},{"text":"Assistance premium"},{"text":"Garantie de remboursement de 14 jours"},{"text":"D\u00e9veloppement continu"}],"button_url":"","button_target_blank":"","button_nofollow":"","attributes":[{"name":"Installations","content":"10,000 - 100,000"},{"name":"Sensible","content":"Oui"},{"name":"Navigateurs compatibles","content":"Firefox, Safari, Opera, Chrome, Edge"}],"tags":[],"tags_disable_links":"","hide_more_platforms":"","video_object":"","demo_hide_cta":"","demo_hide_cloud_options":"","pricing_title":"","pricing":[{"pricing_icon":"platform","pricing_title":"Elfsight Apps","pricing_title_caption":"Version multiplateforme qui fonctionne sur n'importe quel site","pricing_price":"from $0 \/ month","pricing_price_caption":"commencez avec un forfait gratuit","pricing_benefits":[{"text":"Sites Web illimit\u00e9s"},{"text":"Assistance 24h\/24 et 7j\/7 et \u00e0 temps"},{"text":"Assistance \u00e0 l'installation gratuite"},{"text":"Conception flexible"}],"pricing_button_text":"Ajouter au site Web","pricing_button_url":"#demo"}],"related_apps_title":"","related_apps_hidden":"","author":"","image":[],"title":"","job":"","social_networks":[]},"_links":{"self":[{"href":"https:\/\/elfsight.com\/fr\/wp-json\/wp\/v2\/pages\/10931","targetHints":{"allow":["GET"]}}],"collection":[{"href":"https:\/\/elfsight.com\/fr\/wp-json\/wp\/v2\/pages"}],"about":[{"href":"https:\/\/elfsight.com\/fr\/wp-json\/wp\/v2\/types\/page"}],"author":[{"embeddable":true,"href":"https:\/\/elfsight.com\/fr\/wp-json\/wp\/v2\/users\/9"}],"replies":[{"embeddable":true,"href":"https:\/\/elfsight.com\/fr\/wp-json\/wp\/v2\/comments?post=10931"}],"version-history":[{"count":2,"href":"https:\/\/elfsight.com\/fr\/wp-json\/wp\/v2\/pages\/10931\/revisions"}],"predecessor-version":[{"id":14919,"href":"https:\/\/elfsight.com\/fr\/wp-json\/wp\/v2\/pages\/10931\/revisions\/14919"}],"up":[{"embeddable":true,"href":"https:\/\/elfsight.com\/fr\/wp-json\/wp\/v2\/pages\/1455"}],"wp:attachment":[{"href":"https:\/\/elfsight.com\/fr\/wp-json\/wp\/v2\/media?parent=10931"}],"curies":[{"name":"wp","href":"https:\/\/api.w.org\/{rel}","templated":true}]}}