{"id":10924,"date":"1970-01-01T00:00:00","date_gmt":"1970-01-01T00:00:00","guid":{"rendered":"https:\/\/elfsight.com\/fr\/?page_id=10924"},"modified":"2025-07-10T14:05:52","modified_gmt":"2025-07-10T14:05:52","slug":"iframe","status":"publish","type":"page","link":"https:\/\/elfsight.com\/fr\/vimeo-video-gallery-widget\/iframe\/","title":{"rendered":"Vimeo Gallery &#8211; iFrame"},"content":{"rendered":"<div class=\"application-platform-content-item-description application-platform-content-item\" id=\"description\" data-nav-section=\"description\"><h2>Description<\/h2><p>Elfsight Vimeo Gallery est un instrument simple pour tous ceux qui ont besoin de montrer des vid\u00e9os Vimeo sur le site. Vous pouvez collecter des listes de lecture, int\u00e9grer une cha\u00eene enti\u00e8re, s\u00e9lectionner le contenu vid\u00e9o le plus attrayant pour votre galerie vid\u00e9o et bien plus encore. Le widget Elfsight propose plusieurs param\u00e8tres de conception, qui aident \u00e0 cr\u00e9er l&rsquo;interface pour diff\u00e9rents cas. Trois mises en page placeront les vid\u00e9os de la meilleure fa\u00e7on, un choix de modes de lecture rend la visualisation des vid\u00e9os pratique dans tous les cas d&rsquo;utilisation. Gr\u00e2ce \u00e0 l&rsquo;en-t\u00eate, c&rsquo;est simple, annoncez votre cha\u00eene et obtenez de nouveaux abonn\u00e9s. Le widget Elfsight Vimeo est un moyen efficace non seulement d&rsquo;augmenter l&rsquo;engagement, mais \u00e9galement de promouvoir votre entreprise. <\/p> <div class=\"faq\" data-component=\"FAQ\"><div class=\"faq-item\">\r\n\t\t\t\t\t<div class=\"faq-item-question\">\r\n\t\t\t\t\t\t<h3 class=\"faq-item-question-text\">Comment puis-je ajouter une galerie Vimeo au site iFrame ? <\/h3>\r\n\r\n\t\t\t\t\t\t<div class=\"faq-item-question-icon\"><\/div>\r\n\t\t\t\t\t<\/div>\r\n\r\n\t\t\t\t\t<div class=\"faq-item-answer\">\r\n\t\t\t\t\t\t<div class=\"faq-item-answer-text\"><p>La construction de l&rsquo;outil s&rsquo;effectue sur les pages Elfsight et vous n&rsquo;avez pas besoin d&rsquo;apprendre \u00e0 coder. Utilisez la d\u00e9mo active pour personnaliser votre outil, obtenez le code et ins\u00e9rez-le dans votre site. <\/p><\/div>\r\n\t\t\t\t\t<\/div>\r\n\t\t\t\t<\/div><div class=\"faq-item\">\r\n\t\t\t\t\t<div class=\"faq-item-question\">\r\n\t\t\t\t\t\t<h3 class=\"faq-item-question-text\">Les meilleurs exemples d'utilisation de l'int\u00e9gration de la galerie vid\u00e9o Vimeo<\/h3>\r\n\r\n\t\t\t\t\t\t<div class=\"faq-item-question-icon\"><\/div>\r\n\t\t\t\t\t<\/div>\r\n\r\n\t\t\t\t\t<div class=\"faq-item-answer\">\r\n\t\t\t\t\t\t<div class=\"faq-item-answer-text\"><p>Nous vous offrons une multitude d&rsquo;opportunit\u00e9s de personnalisation\u00a0: des widgets complets \u00e0 int\u00e9grer dans la section de contenu , des widgets flottants pour la fonction de d\u00e9filement, des dispositions pour le pied de page, la section d&rsquo;en-t\u00eate et toutes les variantes d&rsquo;options verticales pour les barres lat\u00e9rales et les menus. <\/p><\/div>\r\n\t\t\t\t\t<\/div>\r\n\t\t\t\t<\/div><div class=\"faq-item\">\r\n\t\t\t\t\t<div class=\"faq-item-question\">\r\n\t\t\t\t\t\t<h3 class=\"faq-item-question-text\">Puis-je cr\u00e9er une liste ou un diaporama Vimeo par l'interm\u00e9diaire de votre \u00e9diteur ? <\/h3>\r\n\r\n\t\t\t\t\t\t<div class=\"faq-item-question-icon\"><\/div>\r\n\t\t\t\t\t<\/div>\r\n\r\n\t\t\t\t\t<div class=\"faq-item-answer\">\r\n\t\t\t\t\t\t<div class=\"faq-item-answer-text\"><p>Vous pouvez cr\u00e9er les variantes de n&rsquo;importe quel widget. Il existe des tonnes de mises en page disponibles dans l&rsquo;\u00e9diteur, et elles peuvent toutes \u00eatre rapidement personnalis\u00e9es selon vos besoins. <\/p><\/div>\r\n\t\t\t\t\t<\/div>\r\n\t\t\t\t<\/div><\/div><\/div><div class=\"application-platform-content-item-features application-platform-content-item\" id=\"features\" data-nav-section=\"features\"><h2>Fonctionnalit\u00e9s<\/h2><p>Afin de vous faire une id\u00e9e plus claire de Vimeo iFrame, vous pouvez avoir un regardez la liste de ses fonctions essentielles. Ils rendent ce widget vraiment b\u00e9n\u00e9fique pour votre site Web\u00a0: <\/p><ul><li>Cr\u00e9ez une galerie de vid\u00e9os attrayantes\u00a0;<\/li><li>S\u00e9lectionnez soigneusement les meilleures vid\u00e9os de votre site\u00a0;<\/li><li>Utilisez des fen\u00eatres contextuelles pour stimuler l&rsquo;engagement\u00a0;<\/li><li>Cr\u00e9ez des playlists attrayantes\u00a0;<\/li><li>Variez les \u00e9l\u00e9ments vid\u00e9o\u00a0;<\/li><li>Colorez le widget comme vous le souhaitez\u00a0;<\/li><li>Ajustez la largeur du widget.<\/li><\/ul><p><a href=\"#demo\">La d\u00e9mo en direct vous ouvrira une liste compl\u00e8te de fonctionnalit\u00e9s<\/a><\/p><\/div><div class=\"application-platform-content-item-installation application-platform-content-item\" id=\"installation\" data-nav-section=\"installation\"><h2>Comment int\u00e9grer Vimeo Video iFrame sur un site Web<\/h2><p> Quelques \u00e9tapes simples sont la seule chose que vous devez faire car c&rsquo;est sans codage. <\/p><ol><li><b>G\u00e9n\u00e9rez votre plugin Vimeo personnalis\u00e9<\/b><br> Gr\u00e2ce \u00e0 notre \u00e9diteur gratuit, g\u00e9n\u00e9rez un widget avec une mise en page et des caract\u00e9ristiques fonctionnelles pr\u00e9f\u00e9r\u00e9es. <\/li><li><b>Obtenir le code personnel pour afficher le plugin<\/b><br> Apr\u00e8s avoir cr\u00e9\u00e9 votre widget r\u00e9actif, vous obtiendrez votre code d&rsquo;installation dans la fen\u00eatre contextuelle d&rsquo;Elfsight Apps. Copiez ce code. <\/li> <li><b>Ajoutez le plugin sur votre site iFrame<\/b><br> Acc\u00e9dez \u00e0 l&rsquo;endroit o\u00f9 vous souhaitez int\u00e9grer le widget et ins\u00e9rez-y le code enregistr\u00e9. Publiez les modifications. <\/li> <li><b>L&rsquo;int\u00e9gration est effectu\u00e9e avec succ\u00e8s\u00a0!<\/b><br> Visitez la boutique pour visionner votre vid\u00e9o Vimeo. <\/li> <\/ol><p>Vous n&rsquo;arrivez toujours pas \u00e0 vous d\u00e9cider\u00a0? Ou vous avez des probl\u00e8mes ? Il vous suffit d&rsquo;adresser une demande \u00e0 notre \u00e9quipe d&rsquo;assistance pour vous aider \u00e0 r\u00e9soudre chaque probl\u00e8me. <\/p><\/div>","protected":false},"excerpt":{"rendered":"","protected":false},"author":9,"featured_media":0,"parent":1455,"menu_order":0,"comment_status":"closed","ping_status":"closed","template":"templates\/template-application-platform.php","meta":{"publish_to_discourse":"","publish_post_category":"","wpdc_auto_publish_overridden":"","wpdc_topic_tags":"","wpdc_pin_topic":"","wpdc_pin_until":"","discourse_post_id":"","discourse_permalink":"","wpdc_publishing_response":"","wpdc_publishing_error":"","footnotes":""},"class_list":["post-10924","page","type-page","status-publish","hentry"],"yoast_head":"<!-- This site is optimized with the Yoast SEO plugin v25.3.1 - https:\/\/yoast.com\/wordpress\/plugins\/seo\/ -->\n<title>iFrame Vimeo \u2014 Ajouter le widget Vimeo Gallery au site Web iFrame [2025]<\/title>\n<meta name=\"description\" content=\"Avec Elfsight, fa\u00e7onnez votre iFrame vid\u00e9o Vimeo et publiez-le facilement sur votre site Web. Nous offrons un service client gratuit et plus de bonus.\" \/>\n<meta name=\"robots\" content=\"index, follow, max-snippet:-1, max-image-preview:large, max-video-preview:-1\" \/>\n<link rel=\"canonical\" href=\"https:\/\/elfsight.com\/fr\/vimeo-video-gallery-widget\/iframe\/\" \/>\n<meta property=\"og:locale\" content=\"fr_FR\" \/>\n<meta property=\"og:type\" content=\"article\" \/>\n<meta property=\"og:title\" content=\"iFrame Vimeo \u2014 Ajouter le widget Vimeo Gallery au site Web iFrame [2025]\" \/>\n<meta property=\"og:description\" content=\"Avec Elfsight, fa\u00e7onnez votre iFrame vid\u00e9o Vimeo et publiez-le facilement sur votre site Web. Nous offrons un service client gratuit et plus de bonus.\" \/>\n<meta property=\"og:url\" content=\"https:\/\/elfsight.com\/fr\/vimeo-video-gallery-widget\/iframe\/\" \/>\n<meta property=\"og:site_name\" content=\"Elfsight FR\" \/>\n<meta property=\"article:modified_time\" content=\"2025-07-10T14:05:52+00:00\" \/>\n<meta name=\"twitter:card\" content=\"summary_large_image\" \/>\n<meta name=\"twitter:label1\" content=\"Dur\u00e9e de lecture estim\u00e9e\" \/>\n\t<meta name=\"twitter:data1\" content=\"3 minutes\" \/>\n<!-- \/ Yoast SEO plugin. -->","yoast_head_json":{"title":"iFrame Vimeo \u2014 Ajouter le widget Vimeo Gallery au site Web iFrame [2025]","description":"Avec Elfsight, fa\u00e7onnez votre iFrame vid\u00e9o Vimeo et publiez-le facilement sur votre site Web. Nous offrons un service client gratuit et plus de bonus.","robots":{"index":"index","follow":"follow","max-snippet":"max-snippet:-1","max-image-preview":"max-image-preview:large","max-video-preview":"max-video-preview:-1"},"canonical":"https:\/\/elfsight.com\/fr\/vimeo-video-gallery-widget\/iframe\/","og_locale":"fr_FR","og_type":"article","og_title":"iFrame Vimeo \u2014 Ajouter le widget Vimeo Gallery au site Web iFrame [2025]","og_description":"Avec Elfsight, fa\u00e7onnez votre iFrame vid\u00e9o Vimeo et publiez-le facilement sur votre site Web. Nous offrons un service client gratuit et plus de bonus.","og_url":"https:\/\/elfsight.com\/fr\/vimeo-video-gallery-widget\/iframe\/","og_site_name":"Elfsight FR","article_modified_time":"2025-07-10T14:05:52+00:00","twitter_card":"summary_large_image","twitter_misc":{"Dur\u00e9e de lecture estim\u00e9e":"3 minutes"},"schema":{"@context":"https:\/\/schema.org","@graph":[{"@type":"WebPage","@id":"https:\/\/elfsight.com\/fr\/vimeo-video-gallery-widget\/iframe\/","url":"https:\/\/elfsight.com\/fr\/vimeo-video-gallery-widget\/iframe\/","name":"iFrame Vimeo \u2014 Ajouter le widget Vimeo Gallery au site Web iFrame [2025]","isPartOf":{"@id":"https:\/\/elfsight.com\/fr\/#website"},"datePublished":"1970-01-01T00:00:00+00:00","dateModified":"2025-07-10T14:05:52+00:00","description":"Avec Elfsight, fa\u00e7onnez votre iFrame vid\u00e9o Vimeo et publiez-le facilement sur votre site Web. Nous offrons un service client gratuit et plus de bonus.","breadcrumb":{"@id":"https:\/\/elfsight.com\/fr\/vimeo-video-gallery-widget\/iframe\/#breadcrumb"},"inLanguage":"fr-FR","potentialAction":[{"@type":"ReadAction","target":["https:\/\/elfsight.com\/fr\/vimeo-video-gallery-widget\/iframe\/"]}]},{"@type":"BreadcrumbList","@id":"https:\/\/elfsight.com\/fr\/vimeo-video-gallery-widget\/iframe\/#breadcrumb","itemListElement":[{"@type":"ListItem","position":1,"name":"Home","item":"https:\/\/elfsight.com\/fr\/"},{"@type":"ListItem","position":2,"name":"Vimeo Gallery","item":"https:\/\/elfsight.com\/fr\/vimeo-video-gallery-widget\/"},{"@type":"ListItem","position":3,"name":"Vimeo Gallery &#8211; iFrame"}]},{"@type":"WebSite","@id":"https:\/\/elfsight.com\/fr\/#website","url":"https:\/\/elfsight.com\/fr\/","name":"Elfsight FR","description":"","potentialAction":[{"@type":"SearchAction","target":{"@type":"EntryPoint","urlTemplate":"https:\/\/elfsight.com\/fr\/?s={search_term_string}"},"query-input":{"@type":"PropertyValueSpecification","valueRequired":true,"valueName":"search_term_string"}}],"inLanguage":"fr-FR"}]}},"meta_box":{"industry":"","seo_heading":"","heading":"","description":"","cta_heading":"","cta_description":"","application":"1449","h1":"Galerie vid\u00e9o iFrame Vimeo","h1_caption":"Int\u00e9grez une galerie de vid\u00e9os Vimeo, offrant un moyen transparent de pr\u00e9senter votre contenu vid\u00e9o sur votre site Web iFrame sans effort.","application_category":[],"applications_title":"","applications_request_title":"","applications_request_button_text":"","hero_text":"","hero_video":"","hero_video_schema_markup":"","selling_points_title":"","selling_points_caption":"","selling_points":[],"selling_points_cta_text":"","features_title":"","features":"","ed_cta_examples_text":"","ed_cta_examples_hidden":"","ed_cta_demo_text":"","ed_cta_demo_hidden":"","why_caption":"","why_editor_title":"","why_editor_text":"","why_team_title":"","why_team_text":"","why_service_title":"","why_service_text":"","template_catalog_visible":"","template_catalog_title":"","template_catalog_text":"","template_catalog_categories_visible":"","demo_title":"Cr\u00e9ez votre widget Galerie Vimeo","demo_caption":"Configurez votre galerie Vimeo et ajoutez-la gratuitement \u00e0 votre site Web iFrame\u00a0!","default_faq_hidden":"","app_template_category":[],"platform":"371","template_public_id":"","codecanyon_url":"","codecanyon_item_id":"","codecanyon_price":"","pricing_caption":"","pricing_elfsight_apps_hide_column":"","pricing_elfsight_apps_url":"","pricing_codecanyon_price_caption":"","integration_category":[],"integration_request_title":"","integration_request_cta":"","integration_platform":"","integrations":[],"platform_category":[],"video_schema_markup":"","price":"\u00e0 partir de 0$ \/ mois","trial":"","benefits":[{"text":"Assistance \u00e0 l'installation gratuite"},{"text":"Service client professionnel"},{"text":"Garantie de remboursement de 14 jours"},{"text":"Am\u00e9liorations gratuites et continues"}],"button_url":"","button_target_blank":"","button_nofollow":"","attributes":[{"name":"Installations","content":"10,000 - 100,000"},{"name":"Sensible","content":"Oui"},{"name":"Navigateurs compatibles","content":"Chrome, Firefox, Safari, Opera, Edge"}],"tags":[],"tags_disable_links":"","hide_more_platforms":"","video_object":"","demo_hide_cta":"","demo_hide_cloud_options":"","pricing_title":"","pricing":[{"pricing_icon":"platform","pricing_title":"Elfsight Apps","pricing_title_caption":"Solution num\u00e9rique multiplateforme qui fonctionne sur n'importe quel site","pricing_price":"from $0 \/ month","pricing_price_caption":"commencez avec un forfait gratuit","pricing_benefits":[{"text":"Nombre illimit\u00e9 de sites Web"},{"text":"Assistance professionnelle et ponctuelle"},{"text":"Service d'installation gratuit"},{"text":"Prix \u200b\u200bsp\u00e9cial pour plusieurs applications"}],"pricing_button_text":"Ajouter au site Web","pricing_button_url":"#demo"}],"related_apps_title":"","related_apps_hidden":"","author":"","image":[],"title":"","job":"","social_networks":[]},"_links":{"self":[{"href":"https:\/\/elfsight.com\/fr\/wp-json\/wp\/v2\/pages\/10924","targetHints":{"allow":["GET"]}}],"collection":[{"href":"https:\/\/elfsight.com\/fr\/wp-json\/wp\/v2\/pages"}],"about":[{"href":"https:\/\/elfsight.com\/fr\/wp-json\/wp\/v2\/types\/page"}],"author":[{"embeddable":true,"href":"https:\/\/elfsight.com\/fr\/wp-json\/wp\/v2\/users\/9"}],"replies":[{"embeddable":true,"href":"https:\/\/elfsight.com\/fr\/wp-json\/wp\/v2\/comments?post=10924"}],"version-history":[{"count":1,"href":"https:\/\/elfsight.com\/fr\/wp-json\/wp\/v2\/pages\/10924\/revisions"}],"predecessor-version":[{"id":10928,"href":"https:\/\/elfsight.com\/fr\/wp-json\/wp\/v2\/pages\/10924\/revisions\/10928"}],"up":[{"embeddable":true,"href":"https:\/\/elfsight.com\/fr\/wp-json\/wp\/v2\/pages\/1455"}],"wp:attachment":[{"href":"https:\/\/elfsight.com\/fr\/wp-json\/wp\/v2\/media?parent=10924"}],"curies":[{"name":"wp","href":"https:\/\/api.w.org\/{rel}","templated":true}]}}