{"id":10923,"date":"1970-01-01T00:00:00","date_gmt":"1970-01-01T00:00:00","guid":{"rendered":"https:\/\/elfsight.com\/fr\/?page_id=10923"},"modified":"2025-07-10T14:05:21","modified_gmt":"2025-07-10T14:05:21","slug":"facebook","status":"publish","type":"page","link":"https:\/\/elfsight.com\/fr\/vimeo-video-gallery-widget\/facebook\/","title":{"rendered":"Vimeo Gallery &#8211; Facebook Page"},"content":{"rendered":"<div class=\"application-platform-content-item-description application-platform-content-item\" id=\"description\" data-nav-section=\"description\"><h2>Description<\/h2><p>Elfsight Vimeo Gallery est un outil simple pour ceux qui souhaitent int\u00e9grer des vid\u00e9os sur la page. Vous pouvez assembler des listes de lecture, afficher des cha\u00eenes, s\u00e9lectionner le contenu vid\u00e9o le plus attrayant pour votre galerie, et bien plus encore. Le widget Elfsight Vimeo propose des param\u00e8tres de conception pratiques, qui aident \u00e0 cr\u00e9er l&rsquo;interface pour divers cas. Trois mises en page placeront le contenu de la meilleure fa\u00e7on, plusieurs modes de lecture rendent la visualisation de vos vid\u00e9os confortable dans tous les cas d&rsquo;utilisation. Avec l\u2019aide de l\u2019en-t\u00eate flexible, c\u2019est simple, introduisez votre compte Vimeo et obtenez de nouveaux abonn\u00e9s. La galerie vid\u00e9o Elfsight sera un moyen efficace non seulement de stimuler l&rsquo;engagement, mais \u00e9galement de d\u00e9velopper votre entreprise. <\/p><p><b>Affichez facilement des vid\u00e9os et une cha\u00eene Vimeo sur votre site\u00a0!<\/b><\/p><\/div><div class=\"application-platform-content-item-features application-platform-content-item\" id=\"features\" data-nav-section=\"features\"><h2>Fonctionnalit\u00e9s<\/h2> <p>Pour avoir une compr\u00e9hension compl\u00e8te du widget, consultez la liste des caract\u00e9ristiques principales. Ils rendent le widget incroyablement efficace pour vous\u00a0: <\/p><ul><li>La possibilit\u00e9 d&rsquo;int\u00e9grer certaines mises en page pour diverses mani\u00e8res d&rsquo;organiser les vid\u00e9os\u00a0: Grille, Playlist, Slider\u00a0;<\/li><li>7 d\u00e9tails du widget en-t\u00eate\u00a0: nom, statistiques, description, bouton de suivi, ic\u00f4ne de profil\u00a0;<\/li><li>Quatre modes de jeu pr\u00eats \u00e0 l&#8217;emploi\u00a0: Popup, Player, Inline ou sur Vimeo\u00a0;<\/li><li>Trois variantes apr\u00e8s fin de la vid\u00e9o\u00a0: lecture suivante, relecture, aucune.<\/li><\/ul><p><a href=\"#demo\">Voir plus de fonctionnalit\u00e9s dans la d\u00e9mo en direct<\/a><\/p><\/div> <div class=\"application-platform-content-item-installation application-platform-content-item\" id=\"installation\" data-nav-section=\"installation\"><h2>Comment int\u00e9grer une vid\u00e9o Vimeo sur une page Facebook<\/h2><p>Ces plusieurs \u00e9tapes sont la seule chose que vous devez faire pour int\u00e9grer le widget. <\/p><ul><li><b>Cr\u00e9ez votre galerie Vimeo personnelle<\/b><br>Avec l&rsquo;aide de notre configurateur gratuit, fa\u00e7onnez un widget avec un design personnalis\u00e9 et ajoutez des sources. <\/li><li><b>Acqu\u00e9rir le code individuel pour ajouter le widget<\/b><br>Apr\u00e8s avoir configur\u00e9 votre widget, vous recevrez votre code d&rsquo;installation \u00e0 partir de la notification apparaissant sur Elfsight Apps. Copiez-le. <\/li><li><b>Ajoutez l&rsquo;onglet Vimeo \u00e0 la page Facebook<\/b><br> Cr\u00e9ez votre onglet Facebook personnalis\u00e9. Ins\u00e9rez le code que vous avez re\u00e7u sur les applications elfsight dans l&rsquo;onglet. Si vous rencontrez des probl\u00e8mes, consultez simplement notre guide sur <a href=\"https:\/\/elfsight.com\/blog\/how-to-add-custom-tab-to-facebook-page\/\" target=\"_blank\" rel=\"noopener noreferrer\">cr\u00e9ation d&rsquo;un onglet Facebook personnalis\u00e9<\/a><\/li><li><b>Vous avez effectu\u00e9 l&rsquo;installation avec succ\u00e8s<\/b><br>Visitez la page pour voir vos vid\u00e9os Vimeo.<\/li><\/ul><p>Vous n&rsquo;arrivez toujours pas \u00e0 vous d\u00e9cider ? Ou vous \u00eates tomb\u00e9 sur quelque chose ? Une seule demande \u00e0 notre service client r\u00e9soudra chaque probl\u00e8me. <\/p><\/div>","protected":false},"excerpt":{"rendered":"","protected":false},"author":9,"featured_media":0,"parent":1455,"menu_order":0,"comment_status":"closed","ping_status":"closed","template":"templates\/template-application-platform.php","meta":{"publish_to_discourse":"","publish_post_category":"","wpdc_auto_publish_overridden":"","wpdc_topic_tags":"","wpdc_pin_topic":"","wpdc_pin_until":"","discourse_post_id":"","discourse_permalink":"","wpdc_publishing_response":"","wpdc_publishing_error":"","footnotes":""},"class_list":["post-10923","page","type-page","status-publish","hentry"],"yoast_head":"<!-- This site is optimized with the Yoast SEO plugin v25.3.1 - https:\/\/yoast.com\/wordpress\/plugins\/seo\/ -->\n<title>Facebook Vimeo \u2014 Int\u00e9grer le widget Vimeo au site Web de la page Facebook<\/title>\n<meta name=\"description\" content=\"C&#039;est absolument simple de cr\u00e9er votre widget Vimeo Video et de l&#039;int\u00e9grer sur votre page Facebook. Le support client Elfsight est gratuit.\" \/>\n<meta name=\"robots\" content=\"index, follow, max-snippet:-1, max-image-preview:large, max-video-preview:-1\" \/>\n<link rel=\"canonical\" href=\"https:\/\/elfsight.com\/fr\/vimeo-video-gallery-widget\/facebook\/\" \/>\n<meta property=\"og:locale\" content=\"fr_FR\" \/>\n<meta property=\"og:type\" content=\"article\" \/>\n<meta property=\"og:title\" content=\"Facebook Vimeo \u2014 Int\u00e9grer le widget Vimeo au site Web de la page Facebook\" \/>\n<meta property=\"og:description\" content=\"C&#039;est absolument simple de cr\u00e9er votre widget Vimeo Video et de l&#039;int\u00e9grer sur votre page Facebook. Le support client Elfsight est gratuit.\" \/>\n<meta property=\"og:url\" content=\"https:\/\/elfsight.com\/fr\/vimeo-video-gallery-widget\/facebook\/\" \/>\n<meta property=\"og:site_name\" content=\"Elfsight FR\" \/>\n<meta property=\"article:modified_time\" content=\"2025-07-10T14:05:21+00:00\" \/>\n<meta name=\"twitter:card\" content=\"summary_large_image\" \/>\n<meta name=\"twitter:label1\" content=\"Dur\u00e9e de lecture estim\u00e9e\" \/>\n\t<meta name=\"twitter:data1\" content=\"2 minutes\" \/>\n<!-- \/ Yoast SEO plugin. -->","yoast_head_json":{"title":"Facebook Vimeo \u2014 Int\u00e9grer le widget Vimeo au site Web de la page Facebook","description":"C'est absolument simple de cr\u00e9er votre widget Vimeo Video et de l'int\u00e9grer sur votre page Facebook. Le support client Elfsight est gratuit.","robots":{"index":"index","follow":"follow","max-snippet":"max-snippet:-1","max-image-preview":"max-image-preview:large","max-video-preview":"max-video-preview:-1"},"canonical":"https:\/\/elfsight.com\/fr\/vimeo-video-gallery-widget\/facebook\/","og_locale":"fr_FR","og_type":"article","og_title":"Facebook Vimeo \u2014 Int\u00e9grer le widget Vimeo au site Web de la page Facebook","og_description":"C'est absolument simple de cr\u00e9er votre widget Vimeo Video et de l'int\u00e9grer sur votre page Facebook. Le support client Elfsight est gratuit.","og_url":"https:\/\/elfsight.com\/fr\/vimeo-video-gallery-widget\/facebook\/","og_site_name":"Elfsight FR","article_modified_time":"2025-07-10T14:05:21+00:00","twitter_card":"summary_large_image","twitter_misc":{"Dur\u00e9e de lecture estim\u00e9e":"2 minutes"},"schema":{"@context":"https:\/\/schema.org","@graph":[{"@type":"WebPage","@id":"https:\/\/elfsight.com\/fr\/vimeo-video-gallery-widget\/facebook\/","url":"https:\/\/elfsight.com\/fr\/vimeo-video-gallery-widget\/facebook\/","name":"Facebook Vimeo \u2014 Int\u00e9grer le widget Vimeo au site Web de la page Facebook","isPartOf":{"@id":"https:\/\/elfsight.com\/fr\/#website"},"datePublished":"1970-01-01T00:00:00+00:00","dateModified":"2025-07-10T14:05:21+00:00","description":"C'est absolument simple de cr\u00e9er votre widget Vimeo Video et de l'int\u00e9grer sur votre page Facebook. Le support client Elfsight est gratuit.","breadcrumb":{"@id":"https:\/\/elfsight.com\/fr\/vimeo-video-gallery-widget\/facebook\/#breadcrumb"},"inLanguage":"fr-FR","potentialAction":[{"@type":"ReadAction","target":["https:\/\/elfsight.com\/fr\/vimeo-video-gallery-widget\/facebook\/"]}]},{"@type":"BreadcrumbList","@id":"https:\/\/elfsight.com\/fr\/vimeo-video-gallery-widget\/facebook\/#breadcrumb","itemListElement":[{"@type":"ListItem","position":1,"name":"Home","item":"https:\/\/elfsight.com\/fr\/"},{"@type":"ListItem","position":2,"name":"Vimeo Gallery","item":"https:\/\/elfsight.com\/fr\/vimeo-video-gallery-widget\/"},{"@type":"ListItem","position":3,"name":"Vimeo Gallery &#8211; Facebook Page"}]},{"@type":"WebSite","@id":"https:\/\/elfsight.com\/fr\/#website","url":"https:\/\/elfsight.com\/fr\/","name":"Elfsight FR","description":"","potentialAction":[{"@type":"SearchAction","target":{"@type":"EntryPoint","urlTemplate":"https:\/\/elfsight.com\/fr\/?s={search_term_string}"},"query-input":{"@type":"PropertyValueSpecification","valueRequired":true,"valueName":"search_term_string"}}],"inLanguage":"fr-FR"}]}},"meta_box":{"industry":"","seo_heading":"","heading":"","description":"","cta_heading":"","cta_description":"","application":"1449","h1":"Int\u00e9grer une vid\u00e9o Vimeo sur Facebook","h1_caption":"Int\u00e9grez une galerie de vid\u00e9os Vimeo, offrant un moyen transparent de pr\u00e9senter sans effort votre contenu vid\u00e9o sur votre site Web de page Facebook.","application_category":[],"applications_title":"","applications_request_title":"","applications_request_button_text":"","hero_text":"","hero_video":"","hero_video_schema_markup":"","selling_points_title":"","selling_points_caption":"","selling_points":[],"selling_points_cta_text":"","features_title":"","features":"","ed_cta_examples_text":"","ed_cta_examples_hidden":"","ed_cta_demo_text":"","ed_cta_demo_hidden":"","why_caption":"","why_editor_title":"","why_editor_text":"","why_team_title":"","why_team_text":"","why_service_title":"","why_service_text":"","template_catalog_visible":"","template_catalog_title":"","template_catalog_text":"","template_catalog_categories_visible":"","demo_title":"Cr\u00e9ez votre widget Galerie Vimeo","demo_caption":"Configurez votre galerie Vimeo et ajoutez-la gratuitement \u00e0 votre page Facebook\u00a0!","default_faq_hidden":"","app_template_category":[],"platform":"394","template_public_id":"","codecanyon_url":"","codecanyon_item_id":"","codecanyon_price":"","pricing_caption":"","pricing_elfsight_apps_hide_column":"","pricing_elfsight_apps_url":"","pricing_codecanyon_price_caption":"","integration_category":[],"integration_request_title":"","integration_request_cta":"","integration_platform":"","integrations":[],"platform_category":[],"video_schema_markup":"","price":"\u00e0 partir de 0$ \/ mois","trial":"","benefits":[{"text":"Aide \u00e0 l'installation gratuite"},{"text":"Assistance premium"},{"text":"Garantie de remboursement de 14 jours"},{"text":"Mises \u00e0 jour continues"}],"button_url":"","button_target_blank":"","button_nofollow":"","attributes":[{"name":"Installations","content":"10,000 - 100,000"},{"name":"Sensible","content":"Oui"},{"name":"Navigateurs compatibles","content":"Opera, Edge, Firefox, Safari, Chrome"}],"tags":[],"tags_disable_links":"","hide_more_platforms":"","video_object":"","demo_hide_cta":"","demo_hide_cloud_options":"","pricing_title":"","pricing":[{"pricing_icon":"platform","pricing_title":"Elfsight Apps","pricing_title_caption":"Version multiplateforme","pricing_price":"from $0 \/ month","pricing_price_caption":"commencez avec un forfait gratuit","pricing_benefits":[{"text":"Domaines illimit\u00e9s"},{"text":"Assistance rapide"},{"text":"Assistance \u00e0 l'installation gratuite"},{"text":"Offre sp\u00e9ciale pour plusieurs applications"}],"pricing_button_text":"Ajouter au site Web","pricing_button_url":"#demo"}],"related_apps_title":"","related_apps_hidden":"","author":"","image":[],"title":"","job":"","social_networks":[]},"_links":{"self":[{"href":"https:\/\/elfsight.com\/fr\/wp-json\/wp\/v2\/pages\/10923","targetHints":{"allow":["GET"]}}],"collection":[{"href":"https:\/\/elfsight.com\/fr\/wp-json\/wp\/v2\/pages"}],"about":[{"href":"https:\/\/elfsight.com\/fr\/wp-json\/wp\/v2\/types\/page"}],"author":[{"embeddable":true,"href":"https:\/\/elfsight.com\/fr\/wp-json\/wp\/v2\/users\/9"}],"replies":[{"embeddable":true,"href":"https:\/\/elfsight.com\/fr\/wp-json\/wp\/v2\/comments?post=10923"}],"version-history":[{"count":1,"href":"https:\/\/elfsight.com\/fr\/wp-json\/wp\/v2\/pages\/10923\/revisions"}],"predecessor-version":[{"id":10927,"href":"https:\/\/elfsight.com\/fr\/wp-json\/wp\/v2\/pages\/10923\/revisions\/10927"}],"up":[{"embeddable":true,"href":"https:\/\/elfsight.com\/fr\/wp-json\/wp\/v2\/pages\/1455"}],"wp:attachment":[{"href":"https:\/\/elfsight.com\/fr\/wp-json\/wp\/v2\/media?parent=10923"}],"curies":[{"name":"wp","href":"https:\/\/api.w.org\/{rel}","templated":true}]}}