{"id":10922,"date":"1970-01-01T00:00:00","date_gmt":"1970-01-01T00:00:00","guid":{"rendered":"https:\/\/elfsight.com\/fr\/?page_id=10922"},"modified":"2025-07-10T14:07:09","modified_gmt":"2025-07-10T14:07:09","slug":"woocommerce","status":"publish","type":"page","link":"https:\/\/elfsight.com\/fr\/vimeo-video-gallery-widget\/woocommerce\/","title":{"rendered":"Vimeo Gallery &#8211; WooCommerce"},"content":{"rendered":"<div class=\"application-platform-content-item-description application-platform-content-item\" id=\"description\" data-nav-section=\"description\"><h2>Description<\/h2><p>Elfsight Vimeo Gallery est un widget efficace pour les propri\u00e9taires de sites Web qui ont besoin d&rsquo;afficher des vid\u00e9os Vimeo sur le site. Vous pouvez cr\u00e9er des listes de lecture de vid\u00e9os, int\u00e9grer une cha\u00eene, s\u00e9lectionner le contenu vid\u00e9o le plus int\u00e9ressant pour votre galerie vid\u00e9o et bien plus encore. Le widget comprend plusieurs param\u00e8tres de conception, qui aident \u00e0 cr\u00e9er une interface adapt\u00e9e \u00e0 diff\u00e9rents cas. Trois dispositions de widgets aident \u00e0 organiser le contenu de la meilleure fa\u00e7on, plusieurs modes de lecture rendent le visionnage de vid\u00e9os pratique. \u00c0 l&rsquo;aide de l&rsquo;en-t\u00eate flexible, annoncez votre cha\u00eene et augmentez vos abonn\u00e9s.<\/p><p><b>La galerie Elfsight Vimeo est un moyen efficace non seulement d&rsquo;augmenter l&rsquo;engagement, mais \u00e9galement de d\u00e9velopper votre entreprise.<\/b> <\/p><\/div> <div class=\"faq\" data-component=\"FAQ\"><div class=\"faq-item\">\r\n\t\t\t\t\t<div class=\"faq-item-question\">\r\n\t\t\t\t\t\t<h3 class=\"faq-item-question-text\">Comment puis-je ajouter une galerie Vimeo au site WooCommerce ? <\/h3>\r\n\r\n\t\t\t\t\t\t<div class=\"faq-item-question-icon\"><\/div>\r\n\t\t\t\t\t<\/div>\r\n\r\n\t\t\t\t\t<div class=\"faq-item-answer\">\r\n\t\t\t\t\t\t<div class=\"faq-item-answer-text\"><p>La fondation de l&rsquo;outil a lieu sur les pages Elfsight et il n&rsquo;est pas n\u00e9cessaire d&rsquo;apprendre le codage. Utilisez la d\u00e9mo en ligne pour personnaliser votre propre application, obtenez le code et collez-le sur votre site Web. <\/p><\/div>\r\n\t\t\t\t\t<\/div>\r\n\t\t\t\t<\/div><div class=\"faq-item\">\r\n\t\t\t\t\t<div class=\"faq-item-question\">\r\n\t\t\t\t\t\t<h3 class=\"faq-item-question-text\">Les meilleures fa\u00e7ons d'utiliser l'int\u00e9gration de la galerie vid\u00e9o Vimeo<\/h3>\r\n\r\n\t\t\t\t\t\t<div class=\"faq-item-question-icon\"><\/div>\r\n\t\t\t\t\t<\/div>\r\n\r\n\t\t\t\t\t<div class=\"faq-item-answer\">\r\n\t\t\t\t\t\t<div class=\"faq-item-answer-text\"><p>Nous vous proposerons une multitude de possibilit\u00e9s d&rsquo;ajustement\u00a0: des widgets \u00e0 grande \u00e9chelle pour la mise en \u0153uvre dans la zone de contenu, des widgets flottants pour les options de d\u00e9filement, des mises en page pour le pied de page de votre site Web, l&rsquo;en-t\u00eate et toutes sortes d&rsquo;options verticales pour les barres lat\u00e9rales et les menus. <\/p><\/div>\r\n\t\t\t\t\t<\/div>\r\n\t\t\t\t<\/div><div class=\"faq-item\">\r\n\t\t\t\t\t<div class=\"faq-item-question\">\r\n\t\t\t\t\t\t<h3 class=\"faq-item-question-text\">Puis-je cr\u00e9er une vitrine vid\u00e9o ou un widget de cha\u00eene Vimeo avec l'aide de votre \u00e9diteur ? <\/h3>\r\n\r\n\t\t\t\t\t\t<div class=\"faq-item-question-icon\"><\/div>\r\n\t\t\t\t\t<\/div>\r\n\r\n\t\t\t\t\t<div class=\"faq-item-answer\">\r\n\t\t\t\t\t\t<div class=\"faq-item-answer-text\"><p>Vous \u00eates libre de cr\u00e9er les modifications de n&rsquo;importe quel widget. Il existe de nombreuses mises en page applicables dans l&rsquo;\u00e9diteur, et toutes peuvent \u00eatre facilement ajust\u00e9es selon vos besoins. <\/p><\/div>\r\n\t\t\t\t\t<\/div>\r\n\t\t\t\t<\/div><\/div><div class=\"application-platform-content-item-features application-platform-content-item\" id=\"features\" data-nav-section=\"features\"><h2>Le widget comprend des fonctionnalit\u00e9s pratiques et simples, en voici quelques-unes\u00a0:<\/h2><ul><li>Int\u00e9grer des vid\u00e9os par URL\u00a0; <\/li><li>3 mises en page int\u00e9gr\u00e9es pour diverses vid\u00e9os, organis\u00e9es\u00a0: grille, liste de lecture, curseur\u00a0; <\/li><li>Sept d\u00e9tails commutables de l&rsquo;en-t\u00eate\u00a0: nom, statistiques, description, bouton de suivi, image de profil\u00a0; <\/li><li>4 modes de jeu int\u00e9gr\u00e9s\u00a0: Popup, Player, Inline ou sur Vimeo\u00a0; <\/li><li>3 actions une fois la vid\u00e9o termin\u00e9e\u00a0: lire ensuite, rejouer, aucune\u00a0; <\/li><\/ul><p><a href=\"#demo\">Explorez toutes les options de personnalisation dans une d\u00e9mo 100\u00a0% fonctionnelle<\/a><\/p><\/div><div class=\"application-platform-content-item-installation application-platform-content-item\" id=\"installation\" data-nav-section=\"installation\"> <h2>Comment puis-je int\u00e9grer la galerie vid\u00e9o Vimeo \u00e0 mon site WooCommerce\u00a0?<\/h2><p>Suivez simplement les instructions ci-dessous pour int\u00e9grer l&rsquo;outil.<\/p><ol><li><b>Utilisez notre service gratuit d\u00e9mo et commencez \u00e0 cr\u00e9er votre propre instrument.<\/b><br>Sp\u00e9cifiez l&rsquo;interface et les fonctionnalit\u00e9s pr\u00e9f\u00e9r\u00e9es du widget et appliquez les modifications.<\/li><li><b>Recevez le code personnel qui appara\u00eet dans le formulaire sp\u00e9cial sur Applications Elfsight.<\/b><br>Juste une fois la configuration de votre plugin termin\u00e9e, copiez le code personnel dans la bo\u00eete qui appara\u00eet et enregistrez-le pour une occasion ult\u00e9rieure.<\/li><li><b>Initiez l&rsquo;utilisation du widget. sur le site Web WooCommerce.<\/b><br>Placez le code enregistr\u00e9 pr\u00e9c\u00e9demment dans votre site Web et appliquez les am\u00e9liorations.<\/li><li><b>Vous avez termin\u00e9\u00a0! L&rsquo;int\u00e9gration est enti\u00e8rement r\u00e9alis\u00e9e.<\/b><br>Rendez-vous sur votre site internet pour observer les performances du plugin.<\/li><\/ol><p>A condition de r\u00e9pondre \u00e0 des demandes ou de rencontrer certaines difficult\u00e9s, ne n&rsquo;ayez pas peur de demander l&rsquo;aide de notre \u00e9quipe d&rsquo;assistance. Nos consultants seront ravis de vous aider avec toutes les questions que vous pourriez avoir avec le produit.<\/p><\/div>","protected":false},"excerpt":{"rendered":"","protected":false},"author":9,"featured_media":0,"parent":1455,"menu_order":0,"comment_status":"closed","ping_status":"closed","template":"templates\/template-application-platform.php","meta":{"publish_to_discourse":"","publish_post_category":"","wpdc_auto_publish_overridden":"","wpdc_topic_tags":"","wpdc_pin_topic":"","wpdc_pin_until":"","discourse_post_id":"","discourse_permalink":"","wpdc_publishing_response":"","wpdc_publishing_error":"","footnotes":""},"class_list":["post-10922","page","type-page","status-publish","hentry"],"yoast_head":"<!-- This site is optimized with the Yoast SEO plugin v25.3.1 - https:\/\/yoast.com\/wordpress\/plugins\/seo\/ -->\n<title>Plugin WooCommerce Vimeo Video Gallery pour votre site Web (2025)<\/title>\n<meta name=\"description\" content=\"Vous pouvez personnaliser le plugin Vimeo Video Gallery dans l&#039;\u00e9diteur et l&#039;ins\u00e9rer dans votre site Web WooCommerce directement via la d\u00e9mo.\" \/>\n<meta name=\"robots\" content=\"index, follow, max-snippet:-1, max-image-preview:large, max-video-preview:-1\" \/>\n<link rel=\"canonical\" href=\"https:\/\/elfsight.com\/fr\/vimeo-video-gallery-widget\/woocommerce\/\" \/>\n<meta property=\"og:locale\" content=\"fr_FR\" \/>\n<meta property=\"og:type\" content=\"article\" \/>\n<meta property=\"og:title\" content=\"Plugin WooCommerce Vimeo Video Gallery pour votre site Web (2025)\" \/>\n<meta property=\"og:description\" content=\"Vous pouvez personnaliser le plugin Vimeo Video Gallery dans l&#039;\u00e9diteur et l&#039;ins\u00e9rer dans votre site Web WooCommerce directement via la d\u00e9mo.\" \/>\n<meta property=\"og:url\" content=\"https:\/\/elfsight.com\/fr\/vimeo-video-gallery-widget\/woocommerce\/\" \/>\n<meta property=\"og:site_name\" content=\"Elfsight FR\" \/>\n<meta property=\"article:modified_time\" content=\"2025-07-10T14:07:09+00:00\" \/>\n<meta name=\"twitter:card\" content=\"summary_large_image\" \/>\n<meta name=\"twitter:label1\" content=\"Dur\u00e9e de lecture estim\u00e9e\" \/>\n\t<meta name=\"twitter:data1\" content=\"3 minutes\" \/>\n<!-- \/ Yoast SEO plugin. -->","yoast_head_json":{"title":"Plugin WooCommerce Vimeo Video Gallery pour votre site Web (2025)","description":"Vous pouvez personnaliser le plugin Vimeo Video Gallery dans l'\u00e9diteur et l'ins\u00e9rer dans votre site Web WooCommerce directement via la d\u00e9mo.","robots":{"index":"index","follow":"follow","max-snippet":"max-snippet:-1","max-image-preview":"max-image-preview:large","max-video-preview":"max-video-preview:-1"},"canonical":"https:\/\/elfsight.com\/fr\/vimeo-video-gallery-widget\/woocommerce\/","og_locale":"fr_FR","og_type":"article","og_title":"Plugin WooCommerce Vimeo Video Gallery pour votre site Web (2025)","og_description":"Vous pouvez personnaliser le plugin Vimeo Video Gallery dans l'\u00e9diteur et l'ins\u00e9rer dans votre site Web WooCommerce directement via la d\u00e9mo.","og_url":"https:\/\/elfsight.com\/fr\/vimeo-video-gallery-widget\/woocommerce\/","og_site_name":"Elfsight FR","article_modified_time":"2025-07-10T14:07:09+00:00","twitter_card":"summary_large_image","twitter_misc":{"Dur\u00e9e de lecture estim\u00e9e":"3 minutes"},"schema":{"@context":"https:\/\/schema.org","@graph":[{"@type":"WebPage","@id":"https:\/\/elfsight.com\/fr\/vimeo-video-gallery-widget\/woocommerce\/","url":"https:\/\/elfsight.com\/fr\/vimeo-video-gallery-widget\/woocommerce\/","name":"Plugin WooCommerce Vimeo Video Gallery pour votre site Web (2025)","isPartOf":{"@id":"https:\/\/elfsight.com\/fr\/#website"},"datePublished":"1970-01-01T00:00:00+00:00","dateModified":"2025-07-10T14:07:09+00:00","description":"Vous pouvez personnaliser le plugin Vimeo Video Gallery dans l'\u00e9diteur et l'ins\u00e9rer dans votre site Web WooCommerce directement via la d\u00e9mo.","breadcrumb":{"@id":"https:\/\/elfsight.com\/fr\/vimeo-video-gallery-widget\/woocommerce\/#breadcrumb"},"inLanguage":"fr-FR","potentialAction":[{"@type":"ReadAction","target":["https:\/\/elfsight.com\/fr\/vimeo-video-gallery-widget\/woocommerce\/"]}]},{"@type":"BreadcrumbList","@id":"https:\/\/elfsight.com\/fr\/vimeo-video-gallery-widget\/woocommerce\/#breadcrumb","itemListElement":[{"@type":"ListItem","position":1,"name":"Home","item":"https:\/\/elfsight.com\/fr\/"},{"@type":"ListItem","position":2,"name":"Vimeo Gallery","item":"https:\/\/elfsight.com\/fr\/vimeo-video-gallery-widget\/"},{"@type":"ListItem","position":3,"name":"Vimeo Gallery &#8211; WooCommerce"}]},{"@type":"WebSite","@id":"https:\/\/elfsight.com\/fr\/#website","url":"https:\/\/elfsight.com\/fr\/","name":"Elfsight FR","description":"","potentialAction":[{"@type":"SearchAction","target":{"@type":"EntryPoint","urlTemplate":"https:\/\/elfsight.com\/fr\/?s={search_term_string}"},"query-input":{"@type":"PropertyValueSpecification","valueRequired":true,"valueName":"search_term_string"}}],"inLanguage":"fr-FR"}]}},"meta_box":{"industry":"","seo_heading":"","heading":"","description":"","cta_heading":"","cta_description":"","application":"1449","h1":"Galerie vid\u00e9o WooCommerce Vimeo","h1_caption":"Int\u00e9grez une galerie de vid\u00e9os Vimeo, offrant un moyen transparent de pr\u00e9senter sans effort votre contenu vid\u00e9o sur votre site Web WooCommerce.","application_category":[],"applications_title":"","applications_request_title":"","applications_request_button_text":"","hero_text":"","hero_video":"","hero_video_schema_markup":"","selling_points_title":"","selling_points_caption":"","selling_points":[],"selling_points_cta_text":"","features_title":"","features":"","ed_cta_examples_text":"","ed_cta_examples_hidden":"","ed_cta_demo_text":"","ed_cta_demo_hidden":"","why_caption":"","why_editor_title":"","why_editor_text":"","why_team_title":"","why_team_text":"","why_service_title":"","why_service_text":"","template_catalog_visible":"","template_catalog_title":"","template_catalog_text":"","template_catalog_categories_visible":"","demo_title":"Cr\u00e9ez votre application Galerie Vimeo","demo_caption":"Configurez votre galerie Vimeo et ajoutez-la \u00e0 votre site Web WooCommerce gratuitement !","default_faq_hidden":"","app_template_category":[],"platform":"397","template_public_id":"","codecanyon_url":"","codecanyon_item_id":"","codecanyon_price":"","pricing_caption":"","pricing_elfsight_apps_hide_column":"","pricing_elfsight_apps_url":"","pricing_codecanyon_price_caption":"","integration_category":[],"integration_request_title":"","integration_request_cta":"","integration_platform":"","integrations":[],"platform_category":[],"video_schema_markup":"","price":"\u00e0 partir de 0$ \/ mois","trial":"","benefits":[{"text":"Aide \u00e0 l'installation gratuite"},{"text":"Service client efficace"},{"text":"Garantie de remboursement de 14 jours"},{"text":"Am\u00e9liorations \u00e0 vie"}],"button_url":"","button_target_blank":"","button_nofollow":"","attributes":[{"name":"Installations","content":"10,000 - 100,000"},{"name":"Sensible","content":"Oui"},{"name":"Navigateurs compatibles","content":"Firefox, Safari, Opera, Chrome, Edge"}],"tags":[],"tags_disable_links":"","hide_more_platforms":"","video_object":"","demo_hide_cta":"","demo_hide_cloud_options":"","pricing_title":"","pricing":[{"pricing_icon":"platform","pricing_title":"Elfsight Apps","pricing_title_caption":"Version multiplateforme adapt\u00e9e \u00e0 n'importe quel site Web","pricing_price":"from $0 \/ month","pricing_price_caption":"commencez avec un forfait gratuit","pricing_benefits":[{"text":"Sites Web illimit\u00e9s"},{"text":"Support gratuit et bien document\u00e9"},{"text":"Aide \u00e0 l'installation gratuite"},{"text":"Conception flexible"}],"pricing_button_text":"Ajouter au site Web","pricing_button_url":"#demo"}],"related_apps_title":"","related_apps_hidden":"","author":"","image":[],"title":"","job":"","social_networks":[]},"_links":{"self":[{"href":"https:\/\/elfsight.com\/fr\/wp-json\/wp\/v2\/pages\/10922","targetHints":{"allow":["GET"]}}],"collection":[{"href":"https:\/\/elfsight.com\/fr\/wp-json\/wp\/v2\/pages"}],"about":[{"href":"https:\/\/elfsight.com\/fr\/wp-json\/wp\/v2\/types\/page"}],"author":[{"embeddable":true,"href":"https:\/\/elfsight.com\/fr\/wp-json\/wp\/v2\/users\/9"}],"replies":[{"embeddable":true,"href":"https:\/\/elfsight.com\/fr\/wp-json\/wp\/v2\/comments?post=10922"}],"version-history":[{"count":1,"href":"https:\/\/elfsight.com\/fr\/wp-json\/wp\/v2\/pages\/10922\/revisions"}],"predecessor-version":[{"id":10926,"href":"https:\/\/elfsight.com\/fr\/wp-json\/wp\/v2\/pages\/10922\/revisions\/10926"}],"up":[{"embeddable":true,"href":"https:\/\/elfsight.com\/fr\/wp-json\/wp\/v2\/pages\/1455"}],"wp:attachment":[{"href":"https:\/\/elfsight.com\/fr\/wp-json\/wp\/v2\/media?parent=10922"}],"curies":[{"name":"wp","href":"https:\/\/api.w.org\/{rel}","templated":true}]}}