{"id":10915,"date":"1970-01-01T00:00:00","date_gmt":"1970-01-01T00:00:00","guid":{"rendered":"https:\/\/elfsight.com\/fr\/?page_id=10915"},"modified":"2025-07-10T14:05:30","modified_gmt":"2025-07-10T14:05:30","slug":"godaddy","status":"publish","type":"page","link":"https:\/\/elfsight.com\/fr\/vimeo-video-gallery-widget\/godaddy\/","title":{"rendered":"Vimeo Gallery &#8211; GoDaddy"},"content":{"rendered":"<div class=\"application-platform-content-item-description application-platform-content-item\" id=\"description\" data-nav-section=\"description\"> <h2>Int\u00e9grez Vimeo Gallery sur GoDaddy avec le widget Elfsight<\/h2> <p>Elfsight Vimeo Gallery est un plugin simple pour les propri\u00e9taires de sites Web GoDaddy qui sont dispos\u00e9 \u00e0 int\u00e9grer des vid\u00e9os Vimeo sur le site Web. Vous pouvez collecter des listes de lecture, afficher des cha\u00eenes, s\u00e9lectionner le contenu vid\u00e9o le plus attrayant pour votre galerie vid\u00e9o et bien plus encore. Elfsight Vimeo Gallery propose des param\u00e8tres de conception pratiques, qui aident \u00e0 cr\u00e9er l&rsquo;interface pour divers cas. Trois mises en page placeront le contenu de la meilleure fa\u00e7on, plusieurs modes de lecture rendent la visualisation de vos vid\u00e9os confortable dans tous les cas d&rsquo;utilisation. Avec l\u2019aide de l\u2019en-t\u00eate flexible, c\u2019est simple, introduisez votre compte Vimeo et obtenez de nouveaux abonn\u00e9s. Elfsight Vimeo Gallery sera un moyen efficace non seulement de stimuler l&rsquo;engagement, mais \u00e9galement de d\u00e9velopper votre entreprise. <\/p> <p><b><\/b><\/p> <\/div> <div class=\"application-platform-content-item-features application-platform-content-item\" id=\"features\" data-nav-section=\"features\"> <h2>Retrouvez ci-dessous les principales fonctionnalit\u00e9s du plugin\u00a0: <\/h2> <ul><li>Ajout de mises en page pour diff\u00e9rentes mani\u00e8res d&rsquo;organiser les vid\u00e9os\u00a0: grille, liste de lecture, curseur\u00a0; <\/li><li>Sept composants contr\u00f4l\u00e9s de l&rsquo;en-t\u00eate\u00a0: nom, statistiques, description, bouton de suivi, photo de profil\u00a0; <\/li><li>Quatre modes de jeu int\u00e9gr\u00e9s\u00a0: Popup, Player, Inline ou sur Vimeo\u00a0; <\/li><li>Trois sc\u00e9narios une fois la vid\u00e9o termin\u00e9e\u00a0: lecture suivante, relecture, aucun\u00a0; <\/li><\/ul><p><a href=\"#demo\">Vous pouvez tester si le plugin est fait pour vous en essayant la d\u00e9mo<\/a><\/p> <\/div> <div class=\"application-platform-content-item- installation application-platform-content-item\" id=\" installation\" data-nav-section=\" installation\"> <h2>Comment int\u00e9grer la Galerie Vimeo \u00e0 mon site Web GoDaddy\u00a0? <\/h2> <p>Remplissez simplement les instructions ci-dessous pour int\u00e9grer le plugin. <\/p> <ol><li><b>Ex\u00e9cutez notre configurateur gratuit et commencez \u00e0 cr\u00e9er votre plugin unique. <\/b><br> Choisissez le formulaire personnalis\u00e9 et les aspects du plugin et enregistrez les corrections. <\/li> <li><b>Recevez le code personnel apparaissant dans la case sur Elfsight Apps. <\/b><br> Juste apr\u00e8s la configuration de votre plugin personnel, copiez le code exclusif de la fen\u00eatre qui appara\u00eet et enregistrez-le pour une utilisation future. <\/li> <li><b>Commencez \u00e0 utiliser le plugin sur le site GoDaddy. <\/b><br> Int\u00e9grez le code enregistr\u00e9 pr\u00e9c\u00e9demment dans votre page d&rsquo;accueil et appliquez les modifications. <\/li> <li><b>L&rsquo;installation est enti\u00e8rement termin\u00e9e. <\/b><br> Acc\u00e9dez \u00e0 votre site pour voir comment fonctionne le plugin. <\/li><\/ol> <p>En cas de questions ou de difficult\u00e9s, n&rsquo;h\u00e9sitez pas \u00e0 contacter notre \u00e9quipe d&rsquo;assistance. Nos consultants ont h\u00e2te de vous aider avec toutes les difficult\u00e9s que vous pourriez rencontrer avec le plugin. <\/p> <div class=\"faq\" data-component=\"FAQ\"><div class=\"faq-item\">\r\n\t\t\t\t\t<div class=\"faq-item-question\">\r\n\t\t\t\t\t\t<h3 class=\"faq-item-question-text\">Comment puis-je int\u00e9grer le plugin GoDaddy Vimeo Gallery dans mon site Web sans comp\u00e9tences en codage ?<\/h3>\r\n\r\n\t\t\t\t\t\t<div class=\"faq-item-question-icon\"><\/div>\r\n\t\t\t\t\t<\/div>\r\n\r\n\t\t\t\t\t<div class=\"faq-item-answer\">\r\n\t\t\t\t\t\t<div class=\"faq-item-answer-text\"><p>Elfsight fournit une solution bas\u00e9e sur le cloud qui permet aux utilisateurs de cr\u00e9er un plugin GoDaddy Vimeo Gallery. par eux-m\u00eame. Observez \u00e0 quel point le processus peut \u00eatre simple\u00a0:<\/p><ul><li>Acc\u00e9dez \u00e0 l&rsquo;\u00e9diteur en ligne pour g\u00e9n\u00e9rer une section de plug-in GoDaddy Vimeo Gallery que vous souhaitez int\u00e9grer \u00e0 votre site Web.<\/li><li>S\u00e9lectionnez l&rsquo;une des options suivantes\u00a0: nos mod\u00e8les pr\u00e9d\u00e9finis et personnalisez les param\u00e8tres du plugin GoDaddy Vimeo Gallery, modifiez la mise en page et la palette de couleurs, incluez votre contenu sans avoir besoin de codage.<\/li><li>Conservez les param\u00e8tres que vous avez configur\u00e9s pour le plugin GoDaddy Vimeo Gallery et obtenez le code d&rsquo;int\u00e9gration, qui peut \u00eatre ins\u00e9r\u00e9 sans effort et gratuitement dans votre site Web.<\/li><\/ul><p>En travaillant dans l&rsquo;\u00e9diteur convivial, tout internaute peut cr\u00e9er une section de plug-in GoDaddy Vimeo Gallery. et int\u00e9grez-le \u00e0 leur site Web. Il n&rsquo;y a aucune exigence de paiement ou de divulgation des informations de votre carte pour acc\u00e9der \u00e0 l&rsquo;\u00e9diteur Elfsight. Si vous rencontrez des difficult\u00e9s \u00e0 un moment donn\u00e9, n&rsquo;h\u00e9sitez pas \u00e0 contacter notre service client.<\/p><\/div>\r\n\t\t\t\t\t<\/div>\r\n\t\t\t\t<\/div><\/div><\/div>","protected":false},"excerpt":{"rendered":"","protected":false},"author":9,"featured_media":0,"parent":1455,"menu_order":0,"comment_status":"closed","ping_status":"closed","template":"templates\/template-application-platform.php","meta":{"publish_to_discourse":"","publish_post_category":"","wpdc_auto_publish_overridden":"","wpdc_topic_tags":"","wpdc_pin_topic":"","wpdc_pin_until":"","discourse_post_id":"","discourse_permalink":"","wpdc_publishing_response":"","wpdc_publishing_error":"","footnotes":""},"class_list":["post-10915","page","type-page","status-publish","hentry"],"yoast_head":"<!-- This site is optimized with the Yoast SEO plugin v25.3.1 - https:\/\/yoast.com\/wordpress\/plugins\/seo\/ -->\n<title>Vimeo Gallery - Ajoutez le plugin Vimeo Gallery au site Web GoDaddy\u00a0!<\/title>\n<meta name=\"description\" content=\"C&#039;est absolument simple de cr\u00e9er votre plugin Vimeo Gallery et de l&#039;ajouter sur votre site GoDaddy. Le support client Elfsight est gratuit.\" \/>\n<meta name=\"robots\" content=\"index, follow, max-snippet:-1, max-image-preview:large, max-video-preview:-1\" \/>\n<link rel=\"canonical\" href=\"https:\/\/elfsight.com\/fr\/vimeo-video-gallery-widget\/godaddy\/\" \/>\n<meta property=\"og:locale\" content=\"fr_FR\" \/>\n<meta property=\"og:type\" content=\"article\" \/>\n<meta property=\"og:title\" content=\"Vimeo Gallery - Ajoutez le plugin Vimeo Gallery au site Web GoDaddy\u00a0!\" \/>\n<meta property=\"og:description\" content=\"C&#039;est absolument simple de cr\u00e9er votre plugin Vimeo Gallery et de l&#039;ajouter sur votre site GoDaddy. Le support client Elfsight est gratuit.\" \/>\n<meta property=\"og:url\" content=\"https:\/\/elfsight.com\/fr\/vimeo-video-gallery-widget\/godaddy\/\" \/>\n<meta property=\"og:site_name\" content=\"Elfsight FR\" \/>\n<meta property=\"article:modified_time\" content=\"2025-07-10T14:05:30+00:00\" \/>\n<meta name=\"twitter:card\" content=\"summary_large_image\" \/>\n<meta name=\"twitter:label1\" content=\"Dur\u00e9e de lecture estim\u00e9e\" \/>\n\t<meta name=\"twitter:data1\" content=\"3 minutes\" \/>\n<!-- \/ Yoast SEO plugin. -->","yoast_head_json":{"title":"Vimeo Gallery - Ajoutez le plugin Vimeo Gallery au site Web GoDaddy\u00a0!","description":"C'est absolument simple de cr\u00e9er votre plugin Vimeo Gallery et de l'ajouter sur votre site GoDaddy. Le support client Elfsight est gratuit.","robots":{"index":"index","follow":"follow","max-snippet":"max-snippet:-1","max-image-preview":"max-image-preview:large","max-video-preview":"max-video-preview:-1"},"canonical":"https:\/\/elfsight.com\/fr\/vimeo-video-gallery-widget\/godaddy\/","og_locale":"fr_FR","og_type":"article","og_title":"Vimeo Gallery - Ajoutez le plugin Vimeo Gallery au site Web GoDaddy\u00a0!","og_description":"C'est absolument simple de cr\u00e9er votre plugin Vimeo Gallery et de l'ajouter sur votre site GoDaddy. Le support client Elfsight est gratuit.","og_url":"https:\/\/elfsight.com\/fr\/vimeo-video-gallery-widget\/godaddy\/","og_site_name":"Elfsight FR","article_modified_time":"2025-07-10T14:05:30+00:00","twitter_card":"summary_large_image","twitter_misc":{"Dur\u00e9e de lecture estim\u00e9e":"3 minutes"},"schema":{"@context":"https:\/\/schema.org","@graph":[{"@type":"WebPage","@id":"https:\/\/elfsight.com\/fr\/vimeo-video-gallery-widget\/godaddy\/","url":"https:\/\/elfsight.com\/fr\/vimeo-video-gallery-widget\/godaddy\/","name":"Vimeo Gallery - Ajoutez le plugin Vimeo Gallery au site Web GoDaddy\u00a0!","isPartOf":{"@id":"https:\/\/elfsight.com\/fr\/#website"},"datePublished":"1970-01-01T00:00:00+00:00","dateModified":"2025-07-10T14:05:30+00:00","description":"C'est absolument simple de cr\u00e9er votre plugin Vimeo Gallery et de l'ajouter sur votre site GoDaddy. Le support client Elfsight est gratuit.","breadcrumb":{"@id":"https:\/\/elfsight.com\/fr\/vimeo-video-gallery-widget\/godaddy\/#breadcrumb"},"inLanguage":"fr-FR","potentialAction":[{"@type":"ReadAction","target":["https:\/\/elfsight.com\/fr\/vimeo-video-gallery-widget\/godaddy\/"]}]},{"@type":"BreadcrumbList","@id":"https:\/\/elfsight.com\/fr\/vimeo-video-gallery-widget\/godaddy\/#breadcrumb","itemListElement":[{"@type":"ListItem","position":1,"name":"Home","item":"https:\/\/elfsight.com\/fr\/"},{"@type":"ListItem","position":2,"name":"Vimeo Gallery","item":"https:\/\/elfsight.com\/fr\/vimeo-video-gallery-widget\/"},{"@type":"ListItem","position":3,"name":"Vimeo Gallery &#8211; GoDaddy"}]},{"@type":"WebSite","@id":"https:\/\/elfsight.com\/fr\/#website","url":"https:\/\/elfsight.com\/fr\/","name":"Elfsight FR","description":"","potentialAction":[{"@type":"SearchAction","target":{"@type":"EntryPoint","urlTemplate":"https:\/\/elfsight.com\/fr\/?s={search_term_string}"},"query-input":{"@type":"PropertyValueSpecification","valueRequired":true,"valueName":"search_term_string"}}],"inLanguage":"fr-FR"}]}},"meta_box":{"industry":"","seo_heading":"","heading":"","description":"","cta_heading":"","cta_description":"","application":"1449","h1":"Plugin GoDaddy Vimeo Galerie","h1_caption":"Int\u00e9grez une galerie de vid\u00e9os Vimeo, offrant un moyen transparent de pr\u00e9senter sans effort votre contenu vid\u00e9o sur votre site Web GoDaddy.","application_category":[],"applications_title":"","applications_request_title":"","applications_request_button_text":"","hero_text":"","hero_video":"","hero_video_schema_markup":"","selling_points_title":"","selling_points_caption":"","selling_points":[],"selling_points_cta_text":"","features_title":"","features":"","ed_cta_examples_text":"","ed_cta_examples_hidden":"","ed_cta_demo_text":"","ed_cta_demo_hidden":"","why_caption":"","why_editor_title":"","why_editor_text":"","why_team_title":"","why_team_text":"","why_service_title":"","why_service_text":"","template_catalog_visible":"","template_catalog_title":"","template_catalog_text":"","template_catalog_categories_visible":"","demo_title":"Cr\u00e9ez votre plugin Galerie Vimeo","demo_caption":"Configurez votre galerie Vimeo et ajoutez-la gratuitement \u00e0 votre site Web GoDaddy\u00a0!","default_faq_hidden":"","app_template_category":[],"platform":"370","template_public_id":"","codecanyon_url":"","codecanyon_item_id":"","codecanyon_price":"","pricing_caption":"","pricing_elfsight_apps_hide_column":"","pricing_elfsight_apps_url":"","pricing_codecanyon_price_caption":"","integration_category":[],"integration_request_title":"","integration_request_cta":"","integration_platform":"","integrations":[],"platform_category":[],"video_schema_markup":"","price":"\u00e0 partir de 0$ \/ mois","trial":"","benefits":[{"text":"Aide \u00e0 l'installation gratuite"},{"text":"Service client efficace"},{"text":"Garantie de remboursement de 14 jours"},{"text":"D\u00e9veloppement continu"}],"button_url":"","button_target_blank":"","button_nofollow":"","attributes":[{"name":"Installations","content":"10,000 - 100,000"},{"name":"Sensible","content":"Oui"},{"name":"Navigateurs compatibles","content":"IE11, Firefox, Safari, Opera, Chrome, Edge"}],"tags":[],"tags_disable_links":"","hide_more_platforms":"","video_object":"","demo_hide_cta":"","demo_hide_cloud_options":"","pricing_title":"","pricing":[{"pricing_icon":"platform","pricing_title":"Elfsight Apps","pricing_title_caption":"Logiciel multiplateforme adapt\u00e9 \u00e0 n'importe quel site","pricing_price":"from $0 \/ month","pricing_price_caption":"commencez avec un forfait gratuit","pricing_benefits":[{"text":"Sites Web illimit\u00e9s"},{"text":"Support d'entreprise gratuit et bien document\u00e9"},{"text":"Aide \u00e0 l'installation gratuite"},{"text":"Conception flexible"}],"pricing_button_text":"Ajouter au site Web","pricing_button_url":"#demo"}],"related_apps_title":"","related_apps_hidden":"","author":"","image":[],"title":"","job":"","social_networks":[]},"_links":{"self":[{"href":"https:\/\/elfsight.com\/fr\/wp-json\/wp\/v2\/pages\/10915","targetHints":{"allow":["GET"]}}],"collection":[{"href":"https:\/\/elfsight.com\/fr\/wp-json\/wp\/v2\/pages"}],"about":[{"href":"https:\/\/elfsight.com\/fr\/wp-json\/wp\/v2\/types\/page"}],"author":[{"embeddable":true,"href":"https:\/\/elfsight.com\/fr\/wp-json\/wp\/v2\/users\/9"}],"replies":[{"embeddable":true,"href":"https:\/\/elfsight.com\/fr\/wp-json\/wp\/v2\/comments?post=10915"}],"version-history":[{"count":1,"href":"https:\/\/elfsight.com\/fr\/wp-json\/wp\/v2\/pages\/10915\/revisions"}],"predecessor-version":[{"id":10919,"href":"https:\/\/elfsight.com\/fr\/wp-json\/wp\/v2\/pages\/10915\/revisions\/10919"}],"up":[{"embeddable":true,"href":"https:\/\/elfsight.com\/fr\/wp-json\/wp\/v2\/pages\/1455"}],"wp:attachment":[{"href":"https:\/\/elfsight.com\/fr\/wp-json\/wp\/v2\/media?parent=10915"}],"curies":[{"name":"wp","href":"https:\/\/api.w.org\/{rel}","templated":true}]}}