{"id":10901,"date":"1970-01-01T00:00:00","date_gmt":"1970-01-01T00:00:00","guid":{"rendered":"https:\/\/elfsight.com\/fr\/?page_id=10901"},"modified":"2024-12-20T10:12:34","modified_gmt":"2024-12-20T10:12:34","slug":"drupal","status":"publish","type":"page","link":"https:\/\/elfsight.com\/fr\/viber-chat-widget\/drupal\/","title":{"rendered":"Viber Chat &#8211; Drupal"},"content":{"rendered":"\n<div class=\"application-platform-content-item-description application-platform-content-item\" id=\"description\" data-nav-section=\"description\">\n  <h2>Description<\/h2>\n  <p>Viber Chat d&rsquo;Elfsight est l&rsquo;un des moyens les plus pratiques permettant aux visiteurs de votre site Web de vous contacter et d&rsquo;obtenir rapidement des solutions \u00e0 leurs questions ou de l&rsquo;assistance de votre part. Restez disponible en direct et en continu dans l&rsquo;une des applications de chat les plus populaires. Vous pouvez choisir d&rsquo;afficher Elfsight Viber Chat sur des pages sp\u00e9cifiques et de le diriger vers des cat\u00e9gories d&rsquo;audience cibl\u00e9es. Le widget offre de nombreuses options de personnalisation : d\u00e9finissez des d\u00e9clencheurs de discussion, r\u00e9digez un message de bienvenue, choisissez des ic\u00f4nes et bien plus encore. En ayant Viber Chat sur votre site, vous resterez en contact avec vos visiteurs \u00e0 tout moment et depuis n&rsquo;importe o\u00f9.<\/p>\n  <p><b>Ajoutez Viber Chat pour atteindre vos objectifs commerciaux plus simplement !<\/b><\/p>\n<\/div>\n\n<div class=\"application-platform-content-item-features application-platform-content-item\" id=\"features\" data-nav-section=\"features\">\n  <h2>Retrouvez ci-dessous les fonctionnalit\u00e9s principales du widget :<\/h2>\n  <ul>\n    <li>Une biblioth\u00e8que d&rsquo;ic\u00f4nes de bulles \u00e0 choisir<\/li>\n    <li>Option pour modifier le texte des bulles<\/li>\n    <li>En-t\u00eate de discussion avec logo, nom et l\u00e9gende de la page<\/li>\n    <li>Nom de discussion modifiable<\/li>\n    <li>Cinq variantes d&rsquo;horaires de r\u00e9ponse dans la l\u00e9gende de la fen\u00eatre de discussion<\/li>\n    <li>Option pour d\u00e9finir un texte personnalis\u00e9 comme l\u00e9gende du chat<\/li>\n    <li>Bouton de d\u00e9marrage du chat avec texte modifiable<\/li>\n  <\/ul>\n  <p><a href=\"#demo\">Essayez la d\u00e9mo pour d\u00e9couvrir toutes les fonctionnalit\u00e9s<\/a><\/p>\n<\/div>\n\n<div class=\"application-platform-content-item-installation application-platform-content-item\" id=\"installation\" data-nav-section=\"installation\">\n  <h2>Comment ajouter Viber Chat dans mon site Web Drupal ?<\/h2>\n  <p>Suivez ces \u00e9tapes simples pour ajouter l&rsquo;outil sur votre site Web Drupal.<\/p>\n  <ol>\n    <li><b>Utilisez notre \u00e9diteur gratuit pour cr\u00e9er votre Viber Chat personnalis\u00e9.<\/b><br> Choisissez le design et les fonctionnalit\u00e9s que vous souhaitez, puis enregistrez les modifications.<\/li>\n    <li><b>Recevez le code d&rsquo;int\u00e9gration personnalis\u00e9 dans la fen\u00eatre des applications Elfsight.<\/b><br> Une fois votre widget cr\u00e9\u00e9, copiez le code affich\u00e9 dans la fen\u00eatre pop-up et conservez-le pour une utilisation future.<\/li>\n    <li><b>Ajoutez le widget \u00e0 votre site Web Drupal.<\/b><br> Collez le code que vous avez copi\u00e9 sur la page de votre choix sur votre site, puis enregistrez les changements.<\/li>\n    <li><b>C&rsquo;est termin\u00e9 !<\/b><br> Allez sur votre site pour voir le widget en action.<\/li>\n  <\/ol>\n  <p>Si vous rencontrez des difficult\u00e9s, n&rsquo;h\u00e9sitez pas \u00e0 contacter notre \u00e9quipe d&rsquo;assistance. Nos experts seront heureux de vous aider \u00e0 r\u00e9soudre tout probl\u00e8me li\u00e9 au widget.<\/p>\n<\/div>\n\n<div class=\"faq\" data-component=\"FAQ\">\n  <div class=\"faq-item\">\r\n\t\t\t\t\t<div class=\"faq-item-question\">\r\n\t\t\t\t\t\t<h3 class=\"faq-item-question-text\">Comment ajouter Viber Chat \u00e0 mon site Web Drupal sans comp\u00e9tences en codage ?<\/h3>\r\n\r\n\t\t\t\t\t\t<div class=\"faq-item-question-icon\"><\/div>\r\n\t\t\t\t\t<\/div>\r\n\r\n\t\t\t\t\t<div class=\"faq-item-answer\">\r\n\t\t\t\t\t\t<div class=\"faq-item-answer-text\">\n    <p>Elfsight propose une solution SaaS qui vous permet de cr\u00e9er facilement un widget Viber Chat sans aucune comp\u00e9tence en codage. Le processus est simple : utilisez l&rsquo;\u00e9diteur en ligne pour concevoir votre widget Viber Chat personnalis\u00e9. Choisissez l&rsquo;un des mod\u00e8les pr\u00e9d\u00e9finis, ajustez les param\u00e8tres, ajoutez votre contenu, modifiez la mise en page et les couleurs selon vos pr\u00e9f\u00e9rences. Ensuite, enregistrez le widget et copiez le code d&rsquo;int\u00e9gration, que vous pourrez facilement ajouter \u00e0 votre site Web Drupal. Il n&rsquo;est pas n\u00e9cessaire de souscrire \u00e0 un abonnement payant ou de saisir des informations bancaires pour utiliser le service. Gr\u00e2ce \u00e0 notre \u00e9diteur intuitif, vous pouvez cr\u00e9er et int\u00e9grer le widget sans effort. Si vous rencontrez des difficult\u00e9s, notre \u00e9quipe d&rsquo;assistance technique est l\u00e0 pour vous aider \u00e0 chaque \u00e9tape.<\/p>\n  <\/div>\r\n\t\t\t\t\t<\/div>\r\n\t\t\t\t<\/div>\n<\/div>\n\n\n","protected":false},"excerpt":{"rendered":"","protected":false},"author":9,"featured_media":0,"parent":2802,"menu_order":0,"comment_status":"closed","ping_status":"closed","template":"templates\/template-application-platform.php","meta":{"publish_to_discourse":"","publish_post_category":"","wpdc_auto_publish_overridden":"","wpdc_topic_tags":"","wpdc_pin_topic":"","wpdc_pin_until":"","discourse_post_id":"","discourse_permalink":"","wpdc_publishing_response":"","wpdc_publishing_error":"","footnotes":""},"class_list":["post-10901","page","type-page","status-publish","hentry"],"yoast_head":"<!-- This site is optimized with the Yoast SEO plugin v25.3.1 - https:\/\/yoast.com\/wordpress\/plugins\/seo\/ -->\n<title>Ajouter Viber Chat au site Web Drupal sans codage (2026)<\/title>\n<meta name=\"description\" content=\"Int\u00e9grez Viber \u00e0 votre site pour une connexion meilleure et rapide avec les visiteurs. Essayez la d\u00e9mo Elfsight pour fa\u00e7onner votre plugin unique maintenant.\" \/>\n<meta name=\"robots\" content=\"index, follow, max-snippet:-1, max-image-preview:large, max-video-preview:-1\" \/>\n<link rel=\"canonical\" href=\"https:\/\/elfsight.com\/fr\/viber-chat-widget\/drupal\/\" \/>\n<meta property=\"og:locale\" content=\"fr_FR\" \/>\n<meta property=\"og:type\" content=\"article\" \/>\n<meta property=\"og:title\" content=\"Ajouter Viber Chat au site Web Drupal sans codage (2026)\" \/>\n<meta property=\"og:description\" content=\"Int\u00e9grez Viber \u00e0 votre site pour une connexion meilleure et rapide avec les visiteurs. Essayez la d\u00e9mo Elfsight pour fa\u00e7onner votre plugin unique maintenant.\" \/>\n<meta property=\"og:url\" content=\"https:\/\/elfsight.com\/fr\/viber-chat-widget\/drupal\/\" \/>\n<meta property=\"og:site_name\" content=\"Elfsight FR\" \/>\n<meta property=\"article:modified_time\" content=\"2024-12-20T10:12:34+00:00\" \/>\n<meta name=\"twitter:card\" content=\"summary_large_image\" \/>\n<meta name=\"twitter:label1\" content=\"Dur\u00e9e de lecture estim\u00e9e\" \/>\n\t<meta name=\"twitter:data1\" content=\"3 minutes\" \/>\n<!-- \/ Yoast SEO plugin. -->","yoast_head_json":{"title":"Ajouter Viber Chat au site Web Drupal sans codage (2026)","description":"Int\u00e9grez Viber \u00e0 votre site pour une connexion meilleure et rapide avec les visiteurs. Essayez la d\u00e9mo Elfsight pour fa\u00e7onner votre plugin unique maintenant.","robots":{"index":"index","follow":"follow","max-snippet":"max-snippet:-1","max-image-preview":"max-image-preview:large","max-video-preview":"max-video-preview:-1"},"canonical":"https:\/\/elfsight.com\/fr\/viber-chat-widget\/drupal\/","og_locale":"fr_FR","og_type":"article","og_title":"Ajouter Viber Chat au site Web Drupal sans codage (2026)","og_description":"Int\u00e9grez Viber \u00e0 votre site pour une connexion meilleure et rapide avec les visiteurs. Essayez la d\u00e9mo Elfsight pour fa\u00e7onner votre plugin unique maintenant.","og_url":"https:\/\/elfsight.com\/fr\/viber-chat-widget\/drupal\/","og_site_name":"Elfsight FR","article_modified_time":"2024-12-20T10:12:34+00:00","twitter_card":"summary_large_image","twitter_misc":{"Dur\u00e9e de lecture estim\u00e9e":"3 minutes"},"schema":{"@context":"https:\/\/schema.org","@graph":[{"@type":"WebPage","@id":"https:\/\/elfsight.com\/fr\/viber-chat-widget\/drupal\/","url":"https:\/\/elfsight.com\/fr\/viber-chat-widget\/drupal\/","name":"Ajouter Viber Chat au site Web Drupal sans codage (2026)","isPartOf":{"@id":"https:\/\/elfsight.com\/fr\/#website"},"datePublished":"1970-01-01T00:00:00+00:00","dateModified":"2024-12-20T10:12:34+00:00","description":"Int\u00e9grez Viber \u00e0 votre site pour une connexion meilleure et rapide avec les visiteurs. Essayez la d\u00e9mo Elfsight pour fa\u00e7onner votre plugin unique maintenant.","breadcrumb":{"@id":"https:\/\/elfsight.com\/fr\/viber-chat-widget\/drupal\/#breadcrumb"},"inLanguage":"fr-FR","potentialAction":[{"@type":"ReadAction","target":["https:\/\/elfsight.com\/fr\/viber-chat-widget\/drupal\/"]}]},{"@type":"BreadcrumbList","@id":"https:\/\/elfsight.com\/fr\/viber-chat-widget\/drupal\/#breadcrumb","itemListElement":[{"@type":"ListItem","position":1,"name":"Home","item":"https:\/\/elfsight.com\/fr\/"},{"@type":"ListItem","position":2,"name":"Viber Chat","item":"https:\/\/elfsight.com\/fr\/viber-chat-widget\/"},{"@type":"ListItem","position":3,"name":"Viber Chat &#8211; Drupal"}]},{"@type":"WebSite","@id":"https:\/\/elfsight.com\/fr\/#website","url":"https:\/\/elfsight.com\/fr\/","name":"Elfsight FR","description":"","potentialAction":[{"@type":"SearchAction","target":{"@type":"EntryPoint","urlTemplate":"https:\/\/elfsight.com\/fr\/?s={search_term_string}"},"query-input":{"@type":"PropertyValueSpecification","valueRequired":true,"valueName":"search_term_string"}}],"inLanguage":"fr-FR"}]}},"meta_box":{"industry":"","seo_heading":"","heading":"","description":"","cta_heading":"","cta_description":"","application":"2799","h1":"Drupal Viber Chat","h1_caption":"Proposez Viber comme canal de communication sur votre site Web, permettant aux visiteurs d'acc\u00e9der facilement \u00e0 votre site Web Drupal sans effort.","application_category":[],"applications_title":"","applications_request_title":"","applications_request_button_text":"","hero_text":"","hero_video":"","hero_video_schema_markup":"","selling_points_title":"","selling_points_caption":"","selling_points":[],"selling_points_cta_text":"","features_title":"","features":"","ed_cta_examples_text":"","ed_cta_examples_hidden":"","ed_cta_demo_text":"","ed_cta_demo_hidden":"","why_caption":"","why_editor_title":"","why_editor_text":"","why_team_title":"","why_team_text":"","why_service_title":"","why_service_text":"","template_catalog_visible":"0","template_catalog_title":"","template_catalog_text":"","template_catalog_categories_visible":"","demo_title":"Cr\u00e9ez votre module Viber Chat","demo_caption":"Configurez votre Viber Chat et ajoutez-le \u00e0 votre site Drupal gratuitement !","default_faq_hidden":"","app_template_category":[],"platform":"351","template_public_id":"","codecanyon_url":"","codecanyon_item_id":"","codecanyon_price":"","pricing_caption":"","pricing_elfsight_apps_hide_column":"","pricing_elfsight_apps_url":"","pricing_codecanyon_price_caption":"","integration_category":[],"integration_request_title":"","integration_request_cta":"","integration_platform":"","integrations":[],"platform_category":[],"video_schema_markup":"","price":"\u00e0 partir de 0$ \/ mois","trial":"","benefits":[{"text":"Service d'installation gratuit"},{"text":"Support client exp\u00e9riment\u00e9"},{"text":"Garantie de remboursement de 14 jours"},{"text":"Mises \u00e0 jour futures"}],"button_url":"","button_target_blank":"0","button_nofollow":"0","attributes":[{"name":"Installations","content":"10,000 - 100,000"},{"name":"Sensible","content":"Oui"},{"name":"Navigateurs compatibles","content":"IE11, Firefox, Safari, Opera, Chrome, Edge"}],"tags":[],"tags_disable_links":"0","hide_more_platforms":"","video_object":"","demo_hide_cta":"0","demo_hide_cloud_options":"0","pricing_title":"","pricing":[{"pricing_icon":"platform","pricing_title":"Elfsight Apps","pricing_title_caption":"Logiciel multiplateforme adapt\u00e9 \u00e0 n'importe quel site Web","pricing_price":"from $0 \/ month","pricing_price_caption":"commencez avec un forfait gratuit","pricing_benefits":[{"text":"Domaines illimit\u00e9s"},{"text":"Support professionnel de l\u2019entreprise et bien document\u00e9"},{"text":"Aide \u00e0 l'installation gratuite"},{"text":"Offre sp\u00e9ciale pour plusieurs applications"}],"pricing_button_text":"Ajouter au site Web","pricing_button_url":"#demo"}],"related_apps_title":"","related_apps_hidden":"0","author":"","image":[],"title":"","job":"","social_networks":[]},"_links":{"self":[{"href":"https:\/\/elfsight.com\/fr\/wp-json\/wp\/v2\/pages\/10901","targetHints":{"allow":["GET"]}}],"collection":[{"href":"https:\/\/elfsight.com\/fr\/wp-json\/wp\/v2\/pages"}],"about":[{"href":"https:\/\/elfsight.com\/fr\/wp-json\/wp\/v2\/types\/page"}],"author":[{"embeddable":true,"href":"https:\/\/elfsight.com\/fr\/wp-json\/wp\/v2\/users\/9"}],"replies":[{"embeddable":true,"href":"https:\/\/elfsight.com\/fr\/wp-json\/wp\/v2\/comments?post=10901"}],"version-history":[{"count":2,"href":"https:\/\/elfsight.com\/fr\/wp-json\/wp\/v2\/pages\/10901\/revisions"}],"predecessor-version":[{"id":15954,"href":"https:\/\/elfsight.com\/fr\/wp-json\/wp\/v2\/pages\/10901\/revisions\/15954"}],"up":[{"embeddable":true,"href":"https:\/\/elfsight.com\/fr\/wp-json\/wp\/v2\/pages\/2802"}],"wp:attachment":[{"href":"https:\/\/elfsight.com\/fr\/wp-json\/wp\/v2\/media?parent=10901"}],"curies":[{"name":"wp","href":"https:\/\/api.w.org\/{rel}","templated":true}]}}