{"id":10900,"date":"1970-01-01T00:00:00","date_gmt":"1970-01-01T00:00:00","guid":{"rendered":"https:\/\/elfsight.com\/fr\/?page_id=10900"},"modified":"2024-12-20T10:27:22","modified_gmt":"2024-12-20T10:27:22","slug":"elementor","status":"publish","type":"page","link":"https:\/\/elfsight.com\/fr\/viber-chat-widget\/elementor\/","title":{"rendered":"Viber Chat &#8211; Elementor"},"content":{"rendered":"\n<div class=\"application-platform-content-item-description application-platform-content-item\" id=\"description\" data-nav-section=\"description\">\n  <h2>Int\u00e9grez Viber Chat sur Elementor avec le widget Elfsight<\/h2>\n  <p>Elfsight Viber Chat est l&rsquo;une des solutions les plus rapides pour permettre \u00e0 vos visiteurs de vous contacter via votre site web. Chaque utilisateur pourra rapidement obtenir des r\u00e9ponses \u00e0 ses questions ou recevoir l\u2019assistance dont il a besoin. Vous restez disponible en ligne dans l\u2019un des chats les plus utilis\u00e9s au monde. Vous pouvez configurer Elfsight Viber Chat pour qu\u2019il apparaisse sur des pages sp\u00e9cifiques de votre site, et le cibler selon des cat\u00e9gories de visiteurs d\u00e9finies. Le widget offre de nombreuses options de personnalisation : d\u00e9finissez des d\u00e9clencheurs de discussion, composez votre message de bienvenue, choisissez des ic\u00f4nes, et bien plus encore. Avec Viber Chat sur votre site, vous restez en contact avec vos visiteurs \u00e0 tout moment et depuis n&rsquo;importe o\u00f9.<\/p>\n  <p><b>Optimisez votre d\u00e9veloppement commercial et augmentez vos ventes avec Viber Chat !<\/b><\/p>\n<\/div>\n\n<div class=\"application-platform-content-item-features application-platform-content-item\" id=\"features\" data-nav-section=\"features\">\n  <h2>Voici les fonctionnalit\u00e9s essentielles du widget :<\/h2>\n  <ul>\n    <li>Biblioth\u00e8que d&rsquo;ic\u00f4nes de bulles \u00e0 choisir<\/li>\n    <li>Texte de bulle modifiable<\/li>\n    <li>En-t\u00eate flexible avec logo, nom et l\u00e9gende de la page<\/li>\n    <li>Option pour modifier le nom du chat<\/li>\n    <li>Possibilit\u00e9 d&rsquo;utiliser un texte personnalis\u00e9 comme l\u00e9gende du chat<\/li>\n    <li>Message de bienvenue modifiable avec options de formatage et liens<\/li>\n  <\/ul>\n  <p><a href=\"#demo\">Consultez cette d\u00e9mo pour d\u00e9couvrir toutes les fonctionnalit\u00e9s du widget<\/a><\/p>\n<\/div>\n\n<div class=\"application-platform-content-item-installation application-platform-content-item\" id=\"installation\" data-nav-section=\"installation\">\n  <h2>Comment ajouter Viber Chat \u00e0 mon site Web Elementor ?<\/h2>\n  <p>Suivez ces \u00e9tapes simples pour ajouter le widget \u00e0 votre site web.<\/p>\n  <ol>\n    <li><b>Utilisez notre \u00e9diteur gratuit pour cr\u00e9er votre widget personnalis\u00e9.<\/b><br>Choisissez la conception et les param\u00e8tres souhait\u00e9s pour le widget, puis appliquez les modifications.<\/li>\n    <li><b>Copiez le code unique fourni par l&rsquo;\u00e9diteur Elfsight.<\/b><br>Une fois votre widget configur\u00e9, copiez le code qui appara\u00eet dans la fen\u00eatre contextuelle et enregistrez-le pour une utilisation ult\u00e9rieure.<\/li>\n    <li><b>Ajoutez le widget sur votre page d&rsquo;accueil Elementor.<\/b><br>Collez le code copi\u00e9 dans la section appropri\u00e9e de votre page d&rsquo;accueil et appliquez les ajustements n\u00e9cessaires.<\/li>\n    <li><b>La configuration est termin\u00e9e !<\/b><br>Visitez votre site pour v\u00e9rifier le bon fonctionnement du widget.<\/li>\n  <\/ol>\n  <p>Si vous rencontrez des difficult\u00e9s, n&rsquo;h\u00e9sitez pas \u00e0 contacter notre service client. Nos experts se feront un plaisir de r\u00e9soudre tous les probl\u00e8mes que vous pourriez rencontrer avec le produit.<\/p>\n<\/div>\n\n<div class=\"faq\" data-component=\"FAQ\">\n  <div class=\"faq-item\">\r\n\t\t\t\t\t<div class=\"faq-item-question\">\r\n\t\t\t\t\t\t<h3 class=\"faq-item-question-text\">Comment ajouter Viber Chat \u00e0 mon site Web Elementor sans comp\u00e9tences en codage ?<\/h3>\r\n\r\n\t\t\t\t\t\t<div class=\"faq-item-question-icon\"><\/div>\r\n\t\t\t\t\t<\/div>\r\n\r\n\t\t\t\t\t<div class=\"faq-item-answer\">\r\n\t\t\t\t\t\t<div class=\"faq-item-answer-text\">\n    <p>Elfsight offre une solution SaaS intuitive qui vous permet de cr\u00e9er facilement un widget Viber Chat, m\u00eame sans comp\u00e9tences en codage. Voici comment c&rsquo;est simple : travaillez directement dans notre \u00e9diteur en ligne pour concevoir un widget Viber Chat adapt\u00e9 \u00e0 votre site Web Elementor. Choisissez parmi les mod\u00e8les pr\u00e9d\u00e9finis, ajustez les param\u00e8tres du widget, ajoutez votre contenu, et personnalisez la mise en page et les couleurs sans aucune connaissance en d\u00e9veloppement. Ensuite, enregistrez le widget, copiez son code d&rsquo;int\u00e9gration, et ajoutez-le facilement \u00e0 votre site Web Elementor sans avoir besoin de souscrire \u00e0 un abonnement payant. Gr\u00e2ce \u00e0 notre \u00e9diteur intuitif, vous pouvez cr\u00e9er et int\u00e9grer le widget en quelques \u00e9tapes seulement. Il n&rsquo;est pas n\u00e9cessaire de fournir des informations de carte bancaire pour utiliser notre service. Si vous avez des questions \u00e0 n&rsquo;importe quelle \u00e9tape, notre \u00e9quipe d&rsquo;assistance technique est l\u00e0 pour vous aider.<\/p>\n  <\/div>\r\n\t\t\t\t\t<\/div>\r\n\t\t\t\t<\/div>\n<\/div>\n\n","protected":false},"excerpt":{"rendered":"","protected":false},"author":9,"featured_media":0,"parent":2802,"menu_order":0,"comment_status":"closed","ping_status":"closed","template":"templates\/template-application-platform.php","meta":{"publish_to_discourse":"","publish_post_category":"","wpdc_auto_publish_overridden":"","wpdc_topic_tags":"","wpdc_pin_topic":"","wpdc_pin_until":"","discourse_post_id":"","discourse_permalink":"","wpdc_publishing_response":"","wpdc_publishing_error":"","footnotes":""},"class_list":["post-10900","page","type-page","status-publish","hentry"],"yoast_head":"<!-- This site is optimized with the Yoast SEO plugin v25.3.1 - https:\/\/yoast.com\/wordpress\/plugins\/seo\/ -->\n<title>Ajouter Viber Chat au site Web Elementor sans codage (2025)<\/title>\n<meta name=\"description\" content=\"Int\u00e9grez Viber Chat sur le site pour une connexion meilleure et instantan\u00e9e avec les clients. Testez la d\u00e9mo gratuite d&#039;Elfsight pour configurer votre propre plugin d\u00e8s maintenant.\" \/>\n<meta name=\"robots\" content=\"index, follow, max-snippet:-1, max-image-preview:large, max-video-preview:-1\" \/>\n<link rel=\"canonical\" href=\"https:\/\/elfsight.com\/fr\/viber-chat-widget\/elementor\/\" \/>\n<meta property=\"og:locale\" content=\"fr_FR\" \/>\n<meta property=\"og:type\" content=\"article\" \/>\n<meta property=\"og:title\" content=\"Ajouter Viber Chat au site Web Elementor sans codage (2025)\" \/>\n<meta property=\"og:description\" content=\"Int\u00e9grez Viber Chat sur le site pour une connexion meilleure et instantan\u00e9e avec les clients. Testez la d\u00e9mo gratuite d&#039;Elfsight pour configurer votre propre plugin d\u00e8s maintenant.\" \/>\n<meta property=\"og:url\" content=\"https:\/\/elfsight.com\/fr\/viber-chat-widget\/elementor\/\" \/>\n<meta property=\"og:site_name\" content=\"Elfsight FR\" \/>\n<meta property=\"article:modified_time\" content=\"2024-12-20T10:27:22+00:00\" \/>\n<meta name=\"twitter:card\" content=\"summary_large_image\" \/>\n<meta name=\"twitter:label1\" content=\"Dur\u00e9e de lecture estim\u00e9e\" \/>\n\t<meta name=\"twitter:data1\" content=\"3 minutes\" \/>\n<!-- \/ Yoast SEO plugin. -->","yoast_head_json":{"title":"Ajouter Viber Chat au site Web Elementor sans codage (2025)","description":"Int\u00e9grez Viber Chat sur le site pour une connexion meilleure et instantan\u00e9e avec les clients. Testez la d\u00e9mo gratuite d'Elfsight pour configurer votre propre plugin d\u00e8s maintenant.","robots":{"index":"index","follow":"follow","max-snippet":"max-snippet:-1","max-image-preview":"max-image-preview:large","max-video-preview":"max-video-preview:-1"},"canonical":"https:\/\/elfsight.com\/fr\/viber-chat-widget\/elementor\/","og_locale":"fr_FR","og_type":"article","og_title":"Ajouter Viber Chat au site Web Elementor sans codage (2025)","og_description":"Int\u00e9grez Viber Chat sur le site pour une connexion meilleure et instantan\u00e9e avec les clients. Testez la d\u00e9mo gratuite d'Elfsight pour configurer votre propre plugin d\u00e8s maintenant.","og_url":"https:\/\/elfsight.com\/fr\/viber-chat-widget\/elementor\/","og_site_name":"Elfsight FR","article_modified_time":"2024-12-20T10:27:22+00:00","twitter_card":"summary_large_image","twitter_misc":{"Dur\u00e9e de lecture estim\u00e9e":"3 minutes"},"schema":{"@context":"https:\/\/schema.org","@graph":[{"@type":"WebPage","@id":"https:\/\/elfsight.com\/fr\/viber-chat-widget\/elementor\/","url":"https:\/\/elfsight.com\/fr\/viber-chat-widget\/elementor\/","name":"Ajouter Viber Chat au site Web Elementor sans codage (2025)","isPartOf":{"@id":"https:\/\/elfsight.com\/fr\/#website"},"datePublished":"1970-01-01T00:00:00+00:00","dateModified":"2024-12-20T10:27:22+00:00","description":"Int\u00e9grez Viber Chat sur le site pour une connexion meilleure et instantan\u00e9e avec les clients. Testez la d\u00e9mo gratuite d'Elfsight pour configurer votre propre plugin d\u00e8s maintenant.","breadcrumb":{"@id":"https:\/\/elfsight.com\/fr\/viber-chat-widget\/elementor\/#breadcrumb"},"inLanguage":"fr-FR","potentialAction":[{"@type":"ReadAction","target":["https:\/\/elfsight.com\/fr\/viber-chat-widget\/elementor\/"]}]},{"@type":"BreadcrumbList","@id":"https:\/\/elfsight.com\/fr\/viber-chat-widget\/elementor\/#breadcrumb","itemListElement":[{"@type":"ListItem","position":1,"name":"Home","item":"https:\/\/elfsight.com\/fr\/"},{"@type":"ListItem","position":2,"name":"Viber Chat","item":"https:\/\/elfsight.com\/fr\/viber-chat-widget\/"},{"@type":"ListItem","position":3,"name":"Viber Chat &#8211; Elementor"}]},{"@type":"WebSite","@id":"https:\/\/elfsight.com\/fr\/#website","url":"https:\/\/elfsight.com\/fr\/","name":"Elfsight FR","description":"","potentialAction":[{"@type":"SearchAction","target":{"@type":"EntryPoint","urlTemplate":"https:\/\/elfsight.com\/fr\/?s={search_term_string}"},"query-input":{"@type":"PropertyValueSpecification","valueRequired":true,"valueName":"search_term_string"}}],"inLanguage":"fr-FR"}]}},"meta_box":{"industry":"","seo_heading":"","heading":"","description":"","cta_heading":"","cta_description":"","application":"2799","h1":"Chat Viber Elementor","h1_caption":"Proposez Viber comme canal de communication sur votre site Web, permettant aux visiteurs d'acc\u00e9der facilement \u00e0 votre site Web Elementor sans effort.","application_category":[],"applications_title":"","applications_request_title":"","applications_request_button_text":"","hero_text":"","hero_video":"","hero_video_schema_markup":"","selling_points_title":"","selling_points_caption":"","selling_points":[],"selling_points_cta_text":"","features_title":"","features":"","ed_cta_examples_text":"","ed_cta_examples_hidden":"","ed_cta_demo_text":"","ed_cta_demo_hidden":"","why_caption":"","why_editor_title":"","why_editor_text":"","why_team_title":"","why_team_text":"","why_service_title":"","why_service_text":"","template_catalog_visible":"0","template_catalog_title":"","template_catalog_text":"","template_catalog_categories_visible":"","demo_title":"Cr\u00e9ez votre widget Viber Chat","demo_caption":"Configurez votre Viber Chat et ajoutez-le \u00e0 votre site Web Elementor gratuitement !","default_faq_hidden":"","app_template_category":[],"platform":"385","template_public_id":"","codecanyon_url":"","codecanyon_item_id":"","codecanyon_price":"","pricing_caption":"","pricing_elfsight_apps_hide_column":"","pricing_elfsight_apps_url":"","pricing_codecanyon_price_caption":"","integration_category":[],"integration_request_title":"","integration_request_cta":"","integration_platform":"","integrations":[],"platform_category":[],"video_schema_markup":"","price":"\u00e0 partir de 0$ \/ mois","trial":"","benefits":[{"text":"Aide \u00e0 l'installation gratuite"},{"text":"Service client efficace"},{"text":"Garantie de remboursement de 14 jours"},{"text":"Am\u00e9liorations gratuites et continues"}],"button_url":"","button_target_blank":"0","button_nofollow":"0","attributes":[{"name":"Installations","content":"10,000 - 100,000"},{"name":"Sensible","content":"Oui"},{"name":"Navigateurs compatibles","content":"IE11, Firefox, Safari, Opera, Chrome, Edge"}],"tags":[],"tags_disable_links":"0","hide_more_platforms":"","video_object":"","demo_hide_cta":"0","demo_hide_cloud_options":"0","pricing_title":"","pricing":[{"pricing_icon":"platform","pricing_title":"Elfsight Apps","pricing_title_caption":"Solution multiplateforme","pricing_price":"from $0 \/ month","pricing_price_caption":"commencez avec un forfait gratuit","pricing_benefits":[{"text":"Sites Web illimit\u00e9s"},{"text":"Accompagnement professionnel"},{"text":"Assistance \u00e0 l'installation gratuite"},{"text":"Prix \u200b\u200b\u00e0 attraper pour plusieurs applications"}],"pricing_button_text":"Ajouter au site Web","pricing_button_url":"#demo"}],"related_apps_title":"","related_apps_hidden":"0","author":"","image":[],"title":"","job":"","social_networks":[]},"_links":{"self":[{"href":"https:\/\/elfsight.com\/fr\/wp-json\/wp\/v2\/pages\/10900","targetHints":{"allow":["GET"]}}],"collection":[{"href":"https:\/\/elfsight.com\/fr\/wp-json\/wp\/v2\/pages"}],"about":[{"href":"https:\/\/elfsight.com\/fr\/wp-json\/wp\/v2\/types\/page"}],"author":[{"embeddable":true,"href":"https:\/\/elfsight.com\/fr\/wp-json\/wp\/v2\/users\/9"}],"replies":[{"embeddable":true,"href":"https:\/\/elfsight.com\/fr\/wp-json\/wp\/v2\/comments?post=10900"}],"version-history":[{"count":2,"href":"https:\/\/elfsight.com\/fr\/wp-json\/wp\/v2\/pages\/10900\/revisions"}],"predecessor-version":[{"id":15958,"href":"https:\/\/elfsight.com\/fr\/wp-json\/wp\/v2\/pages\/10900\/revisions\/15958"}],"up":[{"embeddable":true,"href":"https:\/\/elfsight.com\/fr\/wp-json\/wp\/v2\/pages\/2802"}],"wp:attachment":[{"href":"https:\/\/elfsight.com\/fr\/wp-json\/wp\/v2\/media?parent=10900"}],"curies":[{"name":"wp","href":"https:\/\/api.w.org\/{rel}","templated":true}]}}