{"id":10885,"date":"1970-01-01T00:00:00","date_gmt":"1970-01-01T00:00:00","guid":{"rendered":"https:\/\/elfsight.com\/fr\/?page_id=10885"},"modified":"2025-07-10T14:04:17","modified_gmt":"2025-07-10T14:04:17","slug":"opencart","status":"publish","type":"page","link":"https:\/\/elfsight.com\/fr\/viber-chat-widget\/opencart\/","title":{"rendered":"Viber Chat &#8211; OpenCart"},"content":{"rendered":"<div class=\"application-platform-content-item-description application-platform-content-item\" id=\"description\" data-nav-section=\"description\"> <h2>Description<\/h2><p>Elfsight Viber Chat est l&rsquo;une des possibilit\u00e9s les plus rapides permettant aux gens de s&rsquo;adresser \u00e0 vous via votre site Web. Chaque utilisateur obtiendra rapidement des solutions \u00e0 ses requ\u00eates ou de l&rsquo;aide de votre part. Restez disponible en ligne dans l&rsquo;un des services de messagerie les plus utilis\u00e9s 24h\/24 et 7j\/7. Vous pouvez configurer Elfsight Viber Chat pour qu&rsquo;il se produise sur des pages particuli\u00e8res et le cibler pour des groupes particuliers de visiteurs. Le widget propose une vari\u00e9t\u00e9 d&rsquo;options de personnalisation\u00a0: attribuez des d\u00e9marreurs de discussion, d\u00e9finissez votre propre texte de bienvenue, d\u00e9finissez des ic\u00f4nes et bien plus encore. En utilisant Viber Chat sur le site, vous pouvez rester connect\u00e9 pour les visiteurs \u00e0 tout moment et de n&rsquo;importe o\u00f9.<\/p><p><b>Rendez votre site plus efficace pour les t\u00e2ches de commerce \u00e9lectronique avec l&rsquo;aide de Viber Chat<\/b><\/p><\/div> <div class=\"application-platform-content-item-features application-platform-content-item\" id=\"features\" data-nav-section=\"features\"> <h2>Les fonctionnalit\u00e9s fondamentales du widget incluent<\/h2><ul><li>Une biblioth\u00e8que d&rsquo;ic\u00f4nes de bulles \u00e0 choisir<\/li><li>Option pour modifier le texte des bulles <\/li><li>En-t\u00eate de discussion avec logo, nom et l\u00e9gende de la page<\/li><li>Nom de discussion modifiable<\/li><li>Cinq options de d\u00e9lai de r\u00e9ponse dans la l\u00e9gende de la fen\u00eatre de discussion<\/li><li> Une option pour choisir un texte personnalis\u00e9 comme l\u00e9gende du chat<\/li><li>Bouton D\u00e9marrer le chat avec texte modifiable<\/li><\/ul><p><a href=\"#demo\">Vous pouvez tester si le widget est destin\u00e9 vous essayez la d\u00e9mo<\/a><\/p><\/div> <div class=\"application-platform-content-item-installation application-platform-content-item\" id=\"installation\" data-nav-section=\"installation\"> <h2>Comment puis-je int\u00e9grer Viber Chat \u00e0 mon site Web OpenCart\u00a0?<\/h2><p>Prenez-en quelques-unes des \u00e9tapes d\u00e9crites ci-dessous pour int\u00e9grer le widget.<\/p><ol><li><b>Utilisez notre configurateur gratuit et commencez \u00e0 cr\u00e9er votre extension personnalis\u00e9e. <\/b><br> Choisissez la disposition et les performances pr\u00e9f\u00e9r\u00e9es de l&rsquo;extension et enregistrez toutes les modifications. <\/li> <li><b>Acqu\u00e9rez votre code individuel qui appara\u00eet dans la fen\u00eatre des applications Elfsight. <\/b><br> Une fois la configuration de votre extension termin\u00e9e, copiez le code individuel dans la fen\u00eatre qui appara\u00eet et conservez-le pour une utilisation future. <\/li> <li><b>Initier l&rsquo;utilisation de l&rsquo;extension sur la page Web OpenCart. <\/b><br> Int\u00e9grez le code enregistr\u00e9 pr\u00e9c\u00e9demment dans votre page et appliquez les ajustements. <\/li> <li><b>Vous avez termin\u00e9\u00a0! L&rsquo;int\u00e9gration est r\u00e9alis\u00e9e avec succ\u00e8s. <\/b><br> Visitez votre site Web pour voir le fonctionnement de l&rsquo;extension. <\/li><\/ol><p>Si vous rencontrez des difficult\u00e9s, n&rsquo;h\u00e9sitez pas \u00e0 contacter notre service client. Nos sp\u00e9cialistes seront ravis de vous aider avec tous les probl\u00e8mes que vous pourriez rencontrer avec l&rsquo;outil.<\/p><div class=\"faq\" data-component=\"FAQ\"> <div class=\"faq-item\">\r\n\t\t\t\t\t<div class=\"faq-item-question\">\r\n\t\t\t\t\t\t<h3 class=\"faq-item-question-text\">Comment ajouter Viber Chat \u00e0 mon site Web OpenCart sans comp\u00e9tences en codage ?<\/h3>\r\n\r\n\t\t\t\t\t\t<div class=\"faq-item-question-icon\"><\/div>\r\n\t\t\t\t\t<\/div>\r\n\r\n\t\t\t\t\t<div class=\"faq-item-answer\">\r\n\t\t\t\t\t\t<div class=\"faq-item-answer-text\"> <p>Elfsight fournit une solution SaaS qui vous permet de cr\u00e9er vous-m\u00eame un widget Viber Chat. Voyez \u00e0 quel point le processus est simple\u00a0: travaillez directement dans l&rsquo;\u00e9diteur en ligne pour cr\u00e9er un widget Viber Chat que vous aimeriez voir sur votre site Web OpenCart. Choisissez l&rsquo;un des mod\u00e8les pr\u00e9d\u00e9finis et ajustez les param\u00e8tres de Viber Chat, ajoutez votre contenu, modifiez la mise en page et les couleurs sans comp\u00e9tences en codage. Enregistrez le Viber Chat et copiez son code d&rsquo;installation, que vous pouvez ajouter \u00e0 votre site Web OpenCart sans avoir besoin d&rsquo;acheter une version payante. Avec notre \u00e9diteur intuitif, tout internaute peut cr\u00e9er un widget Viber Chat en ligne et l&rsquo;int\u00e9grer facilement \u00e0 son site Web OpenCart. Il n&rsquo;est pas n\u00e9cessaire de payer ou de saisir les informations d&rsquo;identification de votre carte pour acc\u00e9der au service. Si vous rencontrez des probl\u00e8mes \u00e0 n&rsquo;importe quelle \u00e9tape, n&rsquo;h\u00e9sitez pas \u00e0 contacter notre \u00e9quipe d&rsquo;assistance technique.<\/p> <\/div>\r\n\t\t\t\t\t<\/div>\r\n\t\t\t\t<\/div> <\/div> <\/div>","protected":false},"excerpt":{"rendered":"","protected":false},"author":9,"featured_media":0,"parent":2802,"menu_order":0,"comment_status":"closed","ping_status":"closed","template":"templates\/template-application-platform.php","meta":{"publish_to_discourse":"","publish_post_category":"","wpdc_auto_publish_overridden":"","wpdc_topic_tags":"","wpdc_pin_topic":"","wpdc_pin_until":"","discourse_post_id":"","discourse_permalink":"","wpdc_publishing_response":"","wpdc_publishing_error":"","footnotes":""},"class_list":["post-10885","page","type-page","status-publish","hentry"],"yoast_head":"<!-- This site is optimized with the Yoast SEO plugin v25.3.1 - https:\/\/yoast.com\/wordpress\/plugins\/seo\/ -->\n<title>Ajouter Viber Chat au site Web OpenCart sans codage (2025)<\/title>\n<meta name=\"description\" content=\"Int\u00e9grez Viber Chat sur le site pour une communication plus facile et plus rapide avec les clients. Essayez la d\u00e9mo gratuite d&#039;Elfsight pour cr\u00e9er votre plugin personnalis\u00e9 maintenant.\" \/>\n<meta name=\"robots\" content=\"index, follow, max-snippet:-1, max-image-preview:large, max-video-preview:-1\" \/>\n<link rel=\"canonical\" href=\"https:\/\/elfsight.com\/fr\/viber-chat-widget\/opencart\/\" \/>\n<meta property=\"og:locale\" content=\"fr_FR\" \/>\n<meta property=\"og:type\" content=\"article\" \/>\n<meta property=\"og:title\" content=\"Ajouter Viber Chat au site Web OpenCart sans codage (2025)\" \/>\n<meta property=\"og:description\" content=\"Int\u00e9grez Viber Chat sur le site pour une communication plus facile et plus rapide avec les clients. Essayez la d\u00e9mo gratuite d&#039;Elfsight pour cr\u00e9er votre plugin personnalis\u00e9 maintenant.\" \/>\n<meta property=\"og:url\" content=\"https:\/\/elfsight.com\/fr\/viber-chat-widget\/opencart\/\" \/>\n<meta property=\"og:site_name\" content=\"Elfsight FR\" \/>\n<meta property=\"article:modified_time\" content=\"2025-07-10T14:04:17+00:00\" \/>\n<meta name=\"twitter:card\" content=\"summary_large_image\" \/>\n<meta name=\"twitter:label1\" content=\"Dur\u00e9e de lecture estim\u00e9e\" \/>\n\t<meta name=\"twitter:data1\" content=\"3 minutes\" \/>\n<!-- \/ Yoast SEO plugin. -->","yoast_head_json":{"title":"Ajouter Viber Chat au site Web OpenCart sans codage (2025)","description":"Int\u00e9grez Viber Chat sur le site pour une communication plus facile et plus rapide avec les clients. Essayez la d\u00e9mo gratuite d'Elfsight pour cr\u00e9er votre plugin personnalis\u00e9 maintenant.","robots":{"index":"index","follow":"follow","max-snippet":"max-snippet:-1","max-image-preview":"max-image-preview:large","max-video-preview":"max-video-preview:-1"},"canonical":"https:\/\/elfsight.com\/fr\/viber-chat-widget\/opencart\/","og_locale":"fr_FR","og_type":"article","og_title":"Ajouter Viber Chat au site Web OpenCart sans codage (2025)","og_description":"Int\u00e9grez Viber Chat sur le site pour une communication plus facile et plus rapide avec les clients. Essayez la d\u00e9mo gratuite d'Elfsight pour cr\u00e9er votre plugin personnalis\u00e9 maintenant.","og_url":"https:\/\/elfsight.com\/fr\/viber-chat-widget\/opencart\/","og_site_name":"Elfsight FR","article_modified_time":"2025-07-10T14:04:17+00:00","twitter_card":"summary_large_image","twitter_misc":{"Dur\u00e9e de lecture estim\u00e9e":"3 minutes"},"schema":{"@context":"https:\/\/schema.org","@graph":[{"@type":"WebPage","@id":"https:\/\/elfsight.com\/fr\/viber-chat-widget\/opencart\/","url":"https:\/\/elfsight.com\/fr\/viber-chat-widget\/opencart\/","name":"Ajouter Viber Chat au site Web OpenCart sans codage (2025)","isPartOf":{"@id":"https:\/\/elfsight.com\/fr\/#website"},"datePublished":"1970-01-01T00:00:00+00:00","dateModified":"2025-07-10T14:04:17+00:00","description":"Int\u00e9grez Viber Chat sur le site pour une communication plus facile et plus rapide avec les clients. Essayez la d\u00e9mo gratuite d'Elfsight pour cr\u00e9er votre plugin personnalis\u00e9 maintenant.","breadcrumb":{"@id":"https:\/\/elfsight.com\/fr\/viber-chat-widget\/opencart\/#breadcrumb"},"inLanguage":"fr-FR","potentialAction":[{"@type":"ReadAction","target":["https:\/\/elfsight.com\/fr\/viber-chat-widget\/opencart\/"]}]},{"@type":"BreadcrumbList","@id":"https:\/\/elfsight.com\/fr\/viber-chat-widget\/opencart\/#breadcrumb","itemListElement":[{"@type":"ListItem","position":1,"name":"Home","item":"https:\/\/elfsight.com\/fr\/"},{"@type":"ListItem","position":2,"name":"Viber Chat","item":"https:\/\/elfsight.com\/fr\/viber-chat-widget\/"},{"@type":"ListItem","position":3,"name":"Viber Chat &#8211; OpenCart"}]},{"@type":"WebSite","@id":"https:\/\/elfsight.com\/fr\/#website","url":"https:\/\/elfsight.com\/fr\/","name":"Elfsight FR","description":"","potentialAction":[{"@type":"SearchAction","target":{"@type":"EntryPoint","urlTemplate":"https:\/\/elfsight.com\/fr\/?s={search_term_string}"},"query-input":{"@type":"PropertyValueSpecification","valueRequired":true,"valueName":"search_term_string"}}],"inLanguage":"fr-FR"}]}},"meta_box":{"industry":"","seo_heading":"","heading":"","description":"","cta_heading":"","cta_description":"","application":"2799","h1":"Chat Viber OpenCart","h1_caption":"Proposez Viber comme canal de communication sur votre site Web, permettant aux visiteurs d'acc\u00e9der facilement \u00e0 votre site Web Opencart sans effort.","application_category":[],"applications_title":"","applications_request_title":"","applications_request_button_text":"","hero_text":"","hero_video":"","hero_video_schema_markup":"","selling_points_title":"","selling_points_caption":"","selling_points":[],"selling_points_cta_text":"","features_title":"","features":"","ed_cta_examples_text":"","ed_cta_examples_hidden":"","ed_cta_demo_text":"","ed_cta_demo_hidden":"","why_caption":"","why_editor_title":"","why_editor_text":"","why_team_title":"","why_team_text":"","why_service_title":"","why_service_text":"","template_catalog_visible":"","template_catalog_title":"","template_catalog_text":"","template_catalog_categories_visible":"","demo_title":"Cr\u00e9ez votre extension Viber Chat","demo_caption":"Configurez votre Viber Chat et ajoutez-le \u00e0 votre site Web OpenCart gratuitement\u00a0!","default_faq_hidden":"","app_template_category":[],"platform":"359","template_public_id":"","codecanyon_url":"","codecanyon_item_id":"","codecanyon_price":"","pricing_caption":"","pricing_elfsight_apps_hide_column":"","pricing_elfsight_apps_url":"","pricing_codecanyon_price_caption":"","integration_category":[],"integration_request_title":"","integration_request_cta":"","integration_platform":"","integrations":[],"platform_category":[],"video_schema_markup":"","price":"\u00e0 partir de 0$ \/ mois","trial":"","benefits":[{"text":"Service d'installation gratuit"},{"text":"Service client comp\u00e9tent"},{"text":"Garantie de remboursement de 14 jours"},{"text":"Am\u00e9liorations r\u00e9guli\u00e8res"}],"button_url":"","button_target_blank":"","button_nofollow":"","attributes":[{"name":"Installations","content":"10,000 - 100,000"},{"name":"Sensible","content":"Oui"},{"name":"Navigateurs compatibles","content":"Firefox, Safari, Opera, Edge, Chrome"}],"tags":[],"tags_disable_links":"","hide_more_platforms":"","video_object":"","demo_hide_cta":"","demo_hide_cloud_options":"","pricing_title":"","pricing":[{"pricing_icon":"platform","pricing_title":"Elfsight Apps","pricing_title_caption":"Solution num\u00e9rique multiplateforme","pricing_price":"from $0 \/ month","pricing_price_caption":"commencez avec un forfait gratuit","pricing_benefits":[{"text":"Domaines illimit\u00e9s"},{"text":"Accompagnement d\u00e9di\u00e9 de l'entreprise"},{"text":"Assistance \u00e0 l'installation gratuite"},{"text":"Enti\u00e8rement personnalisable"}],"pricing_button_text":"Ajouter au site Web","pricing_button_url":"#demo"}],"related_apps_title":"","related_apps_hidden":"","author":"","image":[],"title":"","job":"","social_networks":[]},"_links":{"self":[{"href":"https:\/\/elfsight.com\/fr\/wp-json\/wp\/v2\/pages\/10885","targetHints":{"allow":["GET"]}}],"collection":[{"href":"https:\/\/elfsight.com\/fr\/wp-json\/wp\/v2\/pages"}],"about":[{"href":"https:\/\/elfsight.com\/fr\/wp-json\/wp\/v2\/types\/page"}],"author":[{"embeddable":true,"href":"https:\/\/elfsight.com\/fr\/wp-json\/wp\/v2\/users\/9"}],"replies":[{"embeddable":true,"href":"https:\/\/elfsight.com\/fr\/wp-json\/wp\/v2\/comments?post=10885"}],"version-history":[{"count":1,"href":"https:\/\/elfsight.com\/fr\/wp-json\/wp\/v2\/pages\/10885\/revisions"}],"predecessor-version":[{"id":10889,"href":"https:\/\/elfsight.com\/fr\/wp-json\/wp\/v2\/pages\/10885\/revisions\/10889"}],"up":[{"embeddable":true,"href":"https:\/\/elfsight.com\/fr\/wp-json\/wp\/v2\/pages\/2802"}],"wp:attachment":[{"href":"https:\/\/elfsight.com\/fr\/wp-json\/wp\/v2\/media?parent=10885"}],"curies":[{"name":"wp","href":"https:\/\/api.w.org\/{rel}","templated":true}]}}