{"id":10883,"date":"1970-01-01T00:00:00","date_gmt":"1970-01-01T00:00:00","guid":{"rendered":"https:\/\/elfsight.com\/fr\/?page_id=10883"},"modified":"2024-12-20T10:30:11","modified_gmt":"2024-12-20T10:30:11","slug":"squarespace","status":"publish","type":"page","link":"https:\/\/elfsight.com\/fr\/viber-chat-widget\/squarespace\/","title":{"rendered":"Viber Chat &#8211; Squarespace"},"content":{"rendered":"\n<div class=\"application-platform-content-item-description application-platform-content-item\" id=\"description\" data-nav-section=\"description\"> <h2>Int\u00e9grer Viber Chat sur Squarespace avec le widget Elfsight<\/h2><p>Viber Chat par Elfsight est l&rsquo;un des moyens les plus pratiques pour les utilisateurs pour vous aider \u00e0 rester sur votre site Web. Chaque utilisateur obtiendra rapidement des solutions \u00e0 ses requ\u00eates ou une assistance de votre part. Vous pourrez rester disponible en ligne dans l&rsquo;un des chats les plus utilis\u00e9s. Vous pouvez configurer Elfsight Viber Chat pour qu&rsquo;il se produise sur des pages sp\u00e9cifiques et le configurer pour certaines cat\u00e9gories d&rsquo;audience. Il existe de nombreuses options de personnalisation\u00a0: choisissez les d\u00e9clencheurs de d\u00e9marrage du chat, cr\u00e9ez votre message de bienvenue, choisissez des ic\u00f4nes et bien plus encore. En ayant Viber Chat sur votre page, vous pouvez \u00eatre connect\u00e9 pour les visiteurs \u00e0 tout moment et n&rsquo;importe o\u00f9.<\/p><p><b>Lancez Viber Chat pour atteindre vos objectifs de commerce \u00e9lectronique plus efficacement\u00a0!<\/b><\/p><\/div> <div class=\"application-platform-content-item-features application-platform-content-item\" id=\"features\" data-nav-section=\"features\"> <h2>Les fonctionnalit\u00e9s des widgets les plus populaires contiennent<\/h2><ul><li>Une biblioth\u00e8que d&rsquo;ic\u00f4nes de bulles parmi lesquelles vous pouvez s\u00e9lectionner<\/li><li>Option de modification Texte de bulle<\/li><li>En-t\u00eate FlexibleChat avec image de page, nom et l\u00e9gende<\/li><li>Nom de chat modifiable<\/li><li>Utiliser un texte personnalis\u00e9 comme l\u00e9gende<\/li><li>D\u00e9marrer le chat bouton avec texte modifiable<\/li><\/ul><p><a href=\"#demo\">V\u00e9rifiez simplement cette d\u00e9mo pour voir ce que vaut le widget<\/a><\/p><\/div> <div class=\"application-platform-content-item-installation application-platform-content-item\" id=\"installation\" data-nav-section=\"installation\"> <h2>Comment int\u00e9grer Viber Chat \u00e0 mon site Web Squarespace\u00a0?<\/h2><p>Suivez simplement les instructions ci-dessous pour int\u00e9grer l&rsquo;outil.<\/p><ol><li><b>Application notre configurateur gratuit et commencez \u00e0 cr\u00e9er votre widget unique.<\/b><br>Choisissez le design personnalis\u00e9 et les caract\u00e9ristiques de l&rsquo;outil et appliquez les corrections.<\/li><li><b>Copiez votre code unique apparaissant dans la case sur Applications Elfsight<\/b><br>D\u00e8s que la g\u00e9n\u00e9ration de votre widget personnel est termin\u00e9e, copiez le code personnel dans la bo\u00eete qui appara\u00eet et enregistrez-le pour une utilisation future.<\/li><li><b>Initiez l&rsquo;utilisation des applications Elfsight. sur le site Squarespace<\/b><br>Collez le code que vous avez enregistr\u00e9 r\u00e9cemment dans votre page d&rsquo;accueil et enregistrez les ajustements.<\/li><li><b>Termin\u00e9\u00a0! L&rsquo;int\u00e9gration est enti\u00e8rement effectu\u00e9e.<\/b><br>Allez sur votre page Web pour examiner les performances du widget.<\/li><\/ol><p>Si vous rencontrez des obstacles, n&rsquo;h\u00e9sitez pas \u00e0 contacter notre \u00e9quipe d&rsquo;assistance. . Nos sp\u00e9cialistes sont impatients de vous aider avec toutes les difficult\u00e9s que vous pourriez rencontrer avec le plugin.<\/p><div class=\"faq\" data-component=\"FAQ\"> <div class=\"faq-item\">\r\n\t\t\t\t\t<div class=\"faq-item-question\">\r\n\t\t\t\t\t\t<h3 class=\"faq-item-question-text\">Comment ajouter Viber Chat \u00e0 mon site Web Squarespace sans comp\u00e9tences en codage ?<\/h3>\r\n\r\n\t\t\t\t\t\t<div class=\"faq-item-question-icon\"><\/div>\r\n\t\t\t\t\t<\/div>\r\n\r\n\t\t\t\t\t<div class=\"faq-item-answer\">\r\n\t\t\t\t\t\t<div class=\"faq-item-answer-text\"> <p>Elfsight fournit une solution SaaS qui vous permet de cr\u00e9er vous-m\u00eame un widget Viber Chat, voyez \u00e0 quel point le processus est simple\u00a0: travaillez directement dans l&rsquo;\u00e9diteur en ligne pour cr\u00e9er un widget Viber Chat que vous aimeriez voir sur votre site Web Squarespace. Choisissez l&rsquo;un des mod\u00e8les pr\u00e9d\u00e9finis et ajustez les param\u00e8tres de Viber Chat, ajoutez votre contenu, modifiez la mise en page et les couleurs sans comp\u00e9tences en codage. Enregistrez le Viber Chat et copiez son code d&rsquo;installation, que vous pouvez facilement ajouter \u00e0 votre site Web Squarespace sans avoir besoin d&rsquo;acheter une version payante. Gr\u00e2ce \u00e0 notre \u00e9diteur intuitif, tout internaute peut cr\u00e9er un widget Viber Chat en ligne et l&rsquo;int\u00e9grer facilement \u00e0 son site Web Squarespace. Il n&rsquo;est pas n\u00e9cessaire de payer ou de saisir les informations d&rsquo;identification de votre carte pour acc\u00e9der au service. Si vous rencontrez des probl\u00e8mes \u00e0 n&rsquo;importe quelle \u00e9tape, n&rsquo;h\u00e9sitez pas \u00e0 contacter notre \u00e9quipe d&rsquo;assistance technique.<\/p> <\/div>\r\n\t\t\t\t\t<\/div>\r\n\t\t\t\t<\/div> <\/div> <\/div>\n","protected":false},"excerpt":{"rendered":"","protected":false},"author":9,"featured_media":0,"parent":2802,"menu_order":0,"comment_status":"closed","ping_status":"closed","template":"templates\/template-application-platform.php","meta":{"publish_to_discourse":"","publish_post_category":"","wpdc_auto_publish_overridden":"","wpdc_topic_tags":"","wpdc_pin_topic":"","wpdc_pin_until":"","discourse_post_id":"","discourse_permalink":"","wpdc_publishing_response":"","wpdc_publishing_error":"","footnotes":""},"class_list":["post-10883","page","type-page","status-publish","hentry"],"yoast_head":"<!-- This site is optimized with the Yoast SEO plugin v25.3.1 - https:\/\/yoast.com\/wordpress\/plugins\/seo\/ -->\n<title>Ajouter Viber Chat au site Web Squarespace sans codage (2025)<\/title>\n<meta name=\"description\" content=\"Ajoutez Viber Chat \u00e0 votre site pour une communication meilleure et rapide avec les clients. Testez la d\u00e9mo gratuite d&#039;Elfsight pour configurer votre plugin personnalis\u00e9 maintenant.\" \/>\n<meta name=\"robots\" content=\"index, follow, max-snippet:-1, max-image-preview:large, max-video-preview:-1\" \/>\n<link rel=\"canonical\" href=\"https:\/\/elfsight.com\/fr\/viber-chat-widget\/squarespace\/\" \/>\n<meta property=\"og:locale\" content=\"fr_FR\" \/>\n<meta property=\"og:type\" content=\"article\" \/>\n<meta property=\"og:title\" content=\"Ajouter Viber Chat au site Web Squarespace sans codage (2025)\" \/>\n<meta property=\"og:description\" content=\"Ajoutez Viber Chat \u00e0 votre site pour une communication meilleure et rapide avec les clients. Testez la d\u00e9mo gratuite d&#039;Elfsight pour configurer votre plugin personnalis\u00e9 maintenant.\" \/>\n<meta property=\"og:url\" content=\"https:\/\/elfsight.com\/fr\/viber-chat-widget\/squarespace\/\" \/>\n<meta property=\"og:site_name\" content=\"Elfsight FR\" \/>\n<meta property=\"article:modified_time\" content=\"2024-12-20T10:30:11+00:00\" \/>\n<meta name=\"twitter:card\" content=\"summary_large_image\" \/>\n<meta name=\"twitter:label1\" content=\"Dur\u00e9e de lecture estim\u00e9e\" \/>\n\t<meta name=\"twitter:data1\" content=\"3 minutes\" \/>\n<!-- \/ Yoast SEO plugin. -->","yoast_head_json":{"title":"Ajouter Viber Chat au site Web Squarespace sans codage (2025)","description":"Ajoutez Viber Chat \u00e0 votre site pour une communication meilleure et rapide avec les clients. Testez la d\u00e9mo gratuite d'Elfsight pour configurer votre plugin personnalis\u00e9 maintenant.","robots":{"index":"index","follow":"follow","max-snippet":"max-snippet:-1","max-image-preview":"max-image-preview:large","max-video-preview":"max-video-preview:-1"},"canonical":"https:\/\/elfsight.com\/fr\/viber-chat-widget\/squarespace\/","og_locale":"fr_FR","og_type":"article","og_title":"Ajouter Viber Chat au site Web Squarespace sans codage (2025)","og_description":"Ajoutez Viber Chat \u00e0 votre site pour une communication meilleure et rapide avec les clients. Testez la d\u00e9mo gratuite d'Elfsight pour configurer votre plugin personnalis\u00e9 maintenant.","og_url":"https:\/\/elfsight.com\/fr\/viber-chat-widget\/squarespace\/","og_site_name":"Elfsight FR","article_modified_time":"2024-12-20T10:30:11+00:00","twitter_card":"summary_large_image","twitter_misc":{"Dur\u00e9e de lecture estim\u00e9e":"3 minutes"},"schema":{"@context":"https:\/\/schema.org","@graph":[{"@type":"WebPage","@id":"https:\/\/elfsight.com\/fr\/viber-chat-widget\/squarespace\/","url":"https:\/\/elfsight.com\/fr\/viber-chat-widget\/squarespace\/","name":"Ajouter Viber Chat au site Web Squarespace sans codage (2025)","isPartOf":{"@id":"https:\/\/elfsight.com\/fr\/#website"},"datePublished":"1970-01-01T00:00:00+00:00","dateModified":"2024-12-20T10:30:11+00:00","description":"Ajoutez Viber Chat \u00e0 votre site pour une communication meilleure et rapide avec les clients. Testez la d\u00e9mo gratuite d'Elfsight pour configurer votre plugin personnalis\u00e9 maintenant.","breadcrumb":{"@id":"https:\/\/elfsight.com\/fr\/viber-chat-widget\/squarespace\/#breadcrumb"},"inLanguage":"fr-FR","potentialAction":[{"@type":"ReadAction","target":["https:\/\/elfsight.com\/fr\/viber-chat-widget\/squarespace\/"]}]},{"@type":"BreadcrumbList","@id":"https:\/\/elfsight.com\/fr\/viber-chat-widget\/squarespace\/#breadcrumb","itemListElement":[{"@type":"ListItem","position":1,"name":"Home","item":"https:\/\/elfsight.com\/fr\/"},{"@type":"ListItem","position":2,"name":"Viber Chat","item":"https:\/\/elfsight.com\/fr\/viber-chat-widget\/"},{"@type":"ListItem","position":3,"name":"Viber Chat &#8211; Squarespace"}]},{"@type":"WebSite","@id":"https:\/\/elfsight.com\/fr\/#website","url":"https:\/\/elfsight.com\/fr\/","name":"Elfsight FR","description":"","potentialAction":[{"@type":"SearchAction","target":{"@type":"EntryPoint","urlTemplate":"https:\/\/elfsight.com\/fr\/?s={search_term_string}"},"query-input":{"@type":"PropertyValueSpecification","valueRequired":true,"valueName":"search_term_string"}}],"inLanguage":"fr-FR"}]}},"meta_box":{"industry":"","seo_heading":"","heading":"","description":"","cta_heading":"","cta_description":"","application":"2799","h1":"Chat Viber Squarespace","h1_caption":"Proposez Viber comme canal de communication sur votre site Web, permettant aux visiteurs d'acc\u00e9der facilement \u00e0 votre site Web Squarespace sans effort.","application_category":[],"applications_title":"","applications_request_title":"","applications_request_button_text":"","hero_text":"","hero_video":"","hero_video_schema_markup":"","selling_points_title":"","selling_points_caption":"","selling_points":[],"selling_points_cta_text":"","features_title":"","features":"","ed_cta_examples_text":"","ed_cta_examples_hidden":"","ed_cta_demo_text":"","ed_cta_demo_hidden":"","why_caption":"","why_editor_title":"","why_editor_text":"","why_team_title":"","why_team_text":"","why_service_title":"","why_service_text":"","template_catalog_visible":"0","template_catalog_title":"","template_catalog_text":"","template_catalog_categories_visible":"","demo_title":"Cr\u00e9ez votre plugin Viber Chat","demo_caption":"Configurez votre Viber Chat et ajoutez-le gratuitement \u00e0 votre site Web Squarespace\u00a0!","default_faq_hidden":"","app_template_category":[],"platform":"361","template_public_id":"","codecanyon_url":"","codecanyon_item_id":"","codecanyon_price":"","pricing_caption":"","pricing_elfsight_apps_hide_column":"","pricing_elfsight_apps_url":"","pricing_codecanyon_price_caption":"","integration_category":[],"integration_request_title":"","integration_request_cta":"","integration_platform":"","integrations":[],"platform_category":[],"video_schema_markup":"","price":"\u00e0 partir de 0$ \/ mois","trial":"","benefits":[{"text":"Service d'installation gratuit"},{"text":"Support client exp\u00e9riment\u00e9"},{"text":"Garantie de remboursement de 14 jours"},{"text":"Am\u00e9liorations continues"}],"button_url":"","button_target_blank":"0","button_nofollow":"0","attributes":[{"name":"Installations","content":"10,000 - 100,000"},{"name":"Sensible","content":"Oui"},{"name":"Navigateurs compatibles","content":"Firefox, Safari, Opera, Chrome, Edge"}],"tags":[],"tags_disable_links":"0","hide_more_platforms":"","video_object":"","demo_hide_cta":"0","demo_hide_cloud_options":"0","pricing_title":"","pricing":[{"pricing_icon":"platform","pricing_title":"Elfsight Apps","pricing_title_caption":"Version multiplateforme qui fonctionne sur n'importe quel site Web","pricing_price":"from $0 \/ month","pricing_price_caption":"commencez avec un forfait gratuit","pricing_benefits":[{"text":"Domaines illimit\u00e9s"},{"text":"Support client rapide et bien document\u00e9"},{"text":"Assistance \u00e0 l'installation gratuite"},{"text":"Enti\u00e8rement personnalisable"}],"pricing_button_text":"Ajouter au site Web","pricing_button_url":"#demo"}],"related_apps_title":"","related_apps_hidden":"0","author":"","image":[],"title":"","job":"","social_networks":[]},"_links":{"self":[{"href":"https:\/\/elfsight.com\/fr\/wp-json\/wp\/v2\/pages\/10883","targetHints":{"allow":["GET"]}}],"collection":[{"href":"https:\/\/elfsight.com\/fr\/wp-json\/wp\/v2\/pages"}],"about":[{"href":"https:\/\/elfsight.com\/fr\/wp-json\/wp\/v2\/types\/page"}],"author":[{"embeddable":true,"href":"https:\/\/elfsight.com\/fr\/wp-json\/wp\/v2\/users\/9"}],"replies":[{"embeddable":true,"href":"https:\/\/elfsight.com\/fr\/wp-json\/wp\/v2\/comments?post=10883"}],"version-history":[{"count":2,"href":"https:\/\/elfsight.com\/fr\/wp-json\/wp\/v2\/pages\/10883\/revisions"}],"predecessor-version":[{"id":15960,"href":"https:\/\/elfsight.com\/fr\/wp-json\/wp\/v2\/pages\/10883\/revisions\/15960"}],"up":[{"embeddable":true,"href":"https:\/\/elfsight.com\/fr\/wp-json\/wp\/v2\/pages\/2802"}],"wp:attachment":[{"href":"https:\/\/elfsight.com\/fr\/wp-json\/wp\/v2\/media?parent=10883"}],"curies":[{"name":"wp","href":"https:\/\/api.w.org\/{rel}","templated":true}]}}