{"id":10882,"date":"1970-01-01T00:00:00","date_gmt":"1970-01-01T00:00:00","guid":{"rendered":"https:\/\/elfsight.com\/fr\/?page_id=10882"},"modified":"2024-12-20T10:30:43","modified_gmt":"2024-12-20T10:30:43","slug":"webflow","status":"publish","type":"page","link":"https:\/\/elfsight.com\/fr\/viber-chat-widget\/webflow\/","title":{"rendered":"Viber Chat &#8211; Webflow"},"content":{"rendered":"\n<div class=\"application-platform-content-item-description application-platform-content-item\" id=\"description\" data-nav-section=\"description\"> <h2>Int\u00e9grez Viber Chat sur Webflow avec le widget Elfsight<\/h2><p>Elfsight Viber Chat est l&rsquo;outil le plus rapide permettant aux utilisateurs de vous joindre en restant sur votre site Internet. Chaque utilisateur obtiendra rapidement des solutions \u00e0 ses questions ou de l&rsquo;aide de votre part. Restez disponible en direct dans l&rsquo;un des messagers les plus utilis\u00e9s. Vous pouvez configurer Elfsight Viber Chat pour qu&rsquo;il apparaisse sur des pages sp\u00e9cifiques et le configurer pour des cat\u00e9gories d&rsquo;audience distinctes. Le widget propose une vari\u00e9t\u00e9 de possibilit\u00e9s de personnalisation\u00a0: choisissez les activateurs de d\u00e9marrage du chat, d\u00e9finissez votre propre texte de bienvenue, choisissez les ic\u00f4nes et d&rsquo;autres fonctionnalit\u00e9s. En utilisant Viber Chat sur votre site Web, vous pouvez \u00eatre joignable par les visiteurs \u00e0 tout moment et de n&rsquo;importe o\u00f9.<\/p><p><b>Int\u00e9grez Viber Chat pour relever plus rapidement vos d\u00e9fis de commerce \u00e9lectronique\u00a0!<\/b><\/p><\/div> <div class=\"application-platform-content-item-features application-platform-content-item\" id=\"features\" data-nav-section=\"features\"> <h2>Voici seulement quelques-unes des nombreuses fonctionnalit\u00e9s du widget\u00a0:<\/h2><ul><li>Une biblioth\u00e8que d&rsquo;ic\u00f4nes de bulles \u00e0 choisir<\/li><li>Option pour modifier le texte de la bulle<\/li><li>En-t\u00eate de discussion avec logo, nom et l\u00e9gende de la page<\/li><li>Nom de discussion modifiable<\/li><li>Une option pour choisir un texte personnalis\u00e9 comme l\u00e9gende<\/li><li>Une option pour modifier le message de bienvenue avec des options de formatage et des liens<\/li><\/ul><p><a href=\"#demo\">Essayez simplement cette d\u00e9mo pour voir comment elle fonctionne<\/a><\/p><\/div> <div class=\"application-platform-content-item-installation application-platform-content-item\" id=\"installation\" data-nav-section=\"installation\"> <h2>Comment puis-je int\u00e9grer Viber Chat sur mon Webflow\u00a0?<\/h2><p>Appliquez simplement les instructions ci-dessous pour int\u00e9grer l&rsquo;outil.<\/p><ol> <li><b>G\u00e9rez notre d\u00e9mo gratuite et commencez \u00e0 cr\u00e9er votre widget personnalis\u00e9.<\/b><br>D\u00e9terminez l&rsquo;apparence s\u00e9lectionn\u00e9e et les caract\u00e9ristiques fonctionnelles de l&rsquo;outil et appliquez les corrections.<\/li><li><b>Acqu\u00e9rir le code unique r\u00e9v\u00e9l\u00e9 dans la bo\u00eete sur Elfsight Apps<\/b><br>Lorsque la g\u00e9n\u00e9ration de votre outil personnel est termin\u00e9e, copiez le code personnel dans la bo\u00eete \u00e9merg\u00e9e et conservez-le pour une utilisation future.<\/li><li><b>Entrez l&rsquo;utilisation de l&rsquo;outil sur votre site Web Webflow<\/b><br>Ins\u00e9rez le code copi\u00e9 r\u00e9cemment dans votre page et appliquez les modifications.<\/li><li><b>L&rsquo;installation est termin\u00e9e avec succ\u00e8s<\/b> <br>Visitez votre page Web pour examiner les performances de l&rsquo;outil.<\/li><\/ol><p>Si vous rencontrez des obstacles, veuillez contacter notre \u00e9quipe d&rsquo;assistance. Nos consultants sont impatients de r\u00e9pondre \u00e0 toutes les questions que vous pourriez avoir avec l&rsquo;outil.<\/p><div class=\"faq\" data-component=\"FAQ\"> <div class=\"faq-item\">\r\n\t\t\t\t\t<div class=\"faq-item-question\">\r\n\t\t\t\t\t\t<h3 class=\"faq-item-question-text\">Comment ajouter Viber Chat \u00e0 mon site Web Webflow sans comp\u00e9tences en codage ?<\/h3>\r\n\r\n\t\t\t\t\t\t<div class=\"faq-item-question-icon\"><\/div>\r\n\t\t\t\t\t<\/div>\r\n\r\n\t\t\t\t\t<div class=\"faq-item-answer\">\r\n\t\t\t\t\t\t<div class=\"faq-item-answer-text\"> <p>Elfsight fournit une solution SaaS qui vous permet de cr\u00e9er vous-m\u00eame un widget Viber Chat, voyez \u00e0 quel point le processus est simple\u00a0: travaillez directement dans l&rsquo;\u00e9diteur en ligne pour cr\u00e9er un widget Viber Chat que vous aimeriez voir sur votre site Web Webflow. Choisissez l&rsquo;un des mod\u00e8les pr\u00e9d\u00e9finis et ajustez les param\u00e8tres de Viber Chat, ajoutez votre contenu, modifiez la mise en page et les couleurs sans comp\u00e9tences en codage. Enregistrez le Viber Chat et copiez son code d&rsquo;installation, que vous pouvez facilement coller dans votre site Web Webflow sans avoir besoin d&rsquo;acheter une version payante. Gr\u00e2ce \u00e0 notre \u00e9diteur intuitif, tout internaute peut cr\u00e9er un widget Viber Chat en ligne et l&rsquo;int\u00e9grer facilement \u00e0 son site Web Webflow. Il n&rsquo;est pas n\u00e9cessaire de payer ou de saisir les informations d&rsquo;identification de votre carte pour acc\u00e9der au service. Si vous rencontrez des probl\u00e8mes \u00e0 n&rsquo;importe quelle \u00e9tape, n&rsquo;h\u00e9sitez pas \u00e0 contacter notre \u00e9quipe d&rsquo;assistance technique.<\/p> <\/div>\r\n\t\t\t\t\t<\/div>\r\n\t\t\t\t<\/div> <\/div> <\/div>\n","protected":false},"excerpt":{"rendered":"","protected":false},"author":9,"featured_media":0,"parent":2802,"menu_order":0,"comment_status":"closed","ping_status":"closed","template":"templates\/template-application-platform.php","meta":{"publish_to_discourse":"","publish_post_category":"","wpdc_auto_publish_overridden":"","wpdc_topic_tags":"","wpdc_pin_topic":"","wpdc_pin_until":"","discourse_post_id":"","discourse_permalink":"","wpdc_publishing_response":"","wpdc_publishing_error":"","footnotes":""},"class_list":["post-10882","page","type-page","status-publish","hentry"],"yoast_head":"<!-- This site is optimized with the Yoast SEO plugin v25.3.1 - https:\/\/yoast.com\/wordpress\/plugins\/seo\/ -->\n<title>Ajouter Viber Chat au site Web Webflow sans codage (2025)<\/title>\n<meta name=\"description\" content=\"Int\u00e9grez Viber au site pour une communication meilleure et instantan\u00e9e avec les visiteurs. Testez la d\u00e9mo gratuite d&#039;Elfsight pour fa\u00e7onner votre plugin unique maintenant.\" \/>\n<meta name=\"robots\" content=\"index, follow, max-snippet:-1, max-image-preview:large, max-video-preview:-1\" \/>\n<link rel=\"canonical\" href=\"https:\/\/elfsight.com\/fr\/viber-chat-widget\/webflow\/\" \/>\n<meta property=\"og:locale\" content=\"fr_FR\" \/>\n<meta property=\"og:type\" content=\"article\" \/>\n<meta property=\"og:title\" content=\"Ajouter Viber Chat au site Web Webflow sans codage (2025)\" \/>\n<meta property=\"og:description\" content=\"Int\u00e9grez Viber au site pour une communication meilleure et instantan\u00e9e avec les visiteurs. Testez la d\u00e9mo gratuite d&#039;Elfsight pour fa\u00e7onner votre plugin unique maintenant.\" \/>\n<meta property=\"og:url\" content=\"https:\/\/elfsight.com\/fr\/viber-chat-widget\/webflow\/\" \/>\n<meta property=\"og:site_name\" content=\"Elfsight FR\" \/>\n<meta property=\"article:modified_time\" content=\"2024-12-20T10:30:43+00:00\" \/>\n<meta name=\"twitter:card\" content=\"summary_large_image\" \/>\n<meta name=\"twitter:label1\" content=\"Dur\u00e9e de lecture estim\u00e9e\" \/>\n\t<meta name=\"twitter:data1\" content=\"3 minutes\" \/>\n<!-- \/ Yoast SEO plugin. -->","yoast_head_json":{"title":"Ajouter Viber Chat au site Web Webflow sans codage (2025)","description":"Int\u00e9grez Viber au site pour une communication meilleure et instantan\u00e9e avec les visiteurs. Testez la d\u00e9mo gratuite d'Elfsight pour fa\u00e7onner votre plugin unique maintenant.","robots":{"index":"index","follow":"follow","max-snippet":"max-snippet:-1","max-image-preview":"max-image-preview:large","max-video-preview":"max-video-preview:-1"},"canonical":"https:\/\/elfsight.com\/fr\/viber-chat-widget\/webflow\/","og_locale":"fr_FR","og_type":"article","og_title":"Ajouter Viber Chat au site Web Webflow sans codage (2025)","og_description":"Int\u00e9grez Viber au site pour une communication meilleure et instantan\u00e9e avec les visiteurs. Testez la d\u00e9mo gratuite d'Elfsight pour fa\u00e7onner votre plugin unique maintenant.","og_url":"https:\/\/elfsight.com\/fr\/viber-chat-widget\/webflow\/","og_site_name":"Elfsight FR","article_modified_time":"2024-12-20T10:30:43+00:00","twitter_card":"summary_large_image","twitter_misc":{"Dur\u00e9e de lecture estim\u00e9e":"3 minutes"},"schema":{"@context":"https:\/\/schema.org","@graph":[{"@type":"WebPage","@id":"https:\/\/elfsight.com\/fr\/viber-chat-widget\/webflow\/","url":"https:\/\/elfsight.com\/fr\/viber-chat-widget\/webflow\/","name":"Ajouter Viber Chat au site Web Webflow sans codage (2025)","isPartOf":{"@id":"https:\/\/elfsight.com\/fr\/#website"},"datePublished":"1970-01-01T00:00:00+00:00","dateModified":"2024-12-20T10:30:43+00:00","description":"Int\u00e9grez Viber au site pour une communication meilleure et instantan\u00e9e avec les visiteurs. Testez la d\u00e9mo gratuite d'Elfsight pour fa\u00e7onner votre plugin unique maintenant.","breadcrumb":{"@id":"https:\/\/elfsight.com\/fr\/viber-chat-widget\/webflow\/#breadcrumb"},"inLanguage":"fr-FR","potentialAction":[{"@type":"ReadAction","target":["https:\/\/elfsight.com\/fr\/viber-chat-widget\/webflow\/"]}]},{"@type":"BreadcrumbList","@id":"https:\/\/elfsight.com\/fr\/viber-chat-widget\/webflow\/#breadcrumb","itemListElement":[{"@type":"ListItem","position":1,"name":"Home","item":"https:\/\/elfsight.com\/fr\/"},{"@type":"ListItem","position":2,"name":"Viber Chat","item":"https:\/\/elfsight.com\/fr\/viber-chat-widget\/"},{"@type":"ListItem","position":3,"name":"Viber Chat &#8211; Webflow"}]},{"@type":"WebSite","@id":"https:\/\/elfsight.com\/fr\/#website","url":"https:\/\/elfsight.com\/fr\/","name":"Elfsight FR","description":"","potentialAction":[{"@type":"SearchAction","target":{"@type":"EntryPoint","urlTemplate":"https:\/\/elfsight.com\/fr\/?s={search_term_string}"},"query-input":{"@type":"PropertyValueSpecification","valueRequired":true,"valueName":"search_term_string"}}],"inLanguage":"fr-FR"}]}},"meta_box":{"industry":"","seo_heading":"","heading":"","description":"","cta_heading":"","cta_description":"","application":"2799","h1":"Chat Viber Webflow","h1_caption":"Proposez Viber comme canal de communication sur votre site Web, permettant aux visiteurs d'acc\u00e9der facilement \u00e0 votre site Web Webflow sans effort.","application_category":[],"applications_title":"","applications_request_title":"","applications_request_button_text":"","hero_text":"","hero_video":"","hero_video_schema_markup":"","selling_points_title":"","selling_points_caption":"","selling_points":[],"selling_points_cta_text":"","features_title":"","features":"","ed_cta_examples_text":"","ed_cta_examples_hidden":"","ed_cta_demo_text":"","ed_cta_demo_hidden":"","why_caption":"","why_editor_title":"","why_editor_text":"","why_team_title":"","why_team_text":"","why_service_title":"","why_service_text":"","template_catalog_visible":"0","template_catalog_title":"","template_catalog_text":"","template_catalog_categories_visible":"","demo_title":"Cr\u00e9ez votre widget Viber Chat","demo_caption":"Configurez votre Viber Chat et ajoutez-le \u00e0 votre site Web Webflow gratuitement\u00a0!","default_faq_hidden":"","app_template_category":[],"platform":"362","template_public_id":"","codecanyon_url":"","codecanyon_item_id":"","codecanyon_price":"","pricing_caption":"","pricing_elfsight_apps_hide_column":"","pricing_elfsight_apps_url":"","pricing_codecanyon_price_caption":"","integration_category":[],"integration_request_title":"","integration_request_cta":"","integration_platform":"","integrations":[],"platform_category":[],"video_schema_markup":"","price":"\u00e0 partir de 0$ \/ mois","trial":"","benefits":[{"text":"Aide \u00e0 l'installation gratuite"},{"text":"Service client professionnel"},{"text":"Garantie de remboursement de 14 jours"},{"text":"Futures mises \u00e0 jour gratuites"}],"button_url":"","button_target_blank":"0","button_nofollow":"0","attributes":[{"name":"Installations","content":"10,000 - 100,000"},{"name":"Sensible","content":"Oui"},{"name":"Navigateurs compatibles","content":"Firefox, Safari, Opera, Edge, Chrome"}],"tags":[],"tags_disable_links":"0","hide_more_platforms":"","video_object":"","demo_hide_cta":"0","demo_hide_cloud_options":"0","pricing_title":"","pricing":[{"pricing_icon":"platform","pricing_title":"Elfsight Apps","pricing_title_caption":"Solution ind\u00e9pendante de la plate-forme qui fonctionne sur n'importe quel site Web","pricing_price":"from $0 \/ month","pricing_price_caption":"commencez avec un forfait gratuit","pricing_benefits":[{"text":"Nombre illimit\u00e9 de domaines"},{"text":"Assistance client gratuite"},{"text":"Aide \u00e0 l'installation gratuite"},{"text":"Offre sp\u00e9ciale pour plusieurs applications"}],"pricing_button_text":"Ajouter au site Web","pricing_button_url":"#demo"}],"related_apps_title":"","related_apps_hidden":"0","author":"","image":[],"title":"","job":"","social_networks":[]},"_links":{"self":[{"href":"https:\/\/elfsight.com\/fr\/wp-json\/wp\/v2\/pages\/10882","targetHints":{"allow":["GET"]}}],"collection":[{"href":"https:\/\/elfsight.com\/fr\/wp-json\/wp\/v2\/pages"}],"about":[{"href":"https:\/\/elfsight.com\/fr\/wp-json\/wp\/v2\/types\/page"}],"author":[{"embeddable":true,"href":"https:\/\/elfsight.com\/fr\/wp-json\/wp\/v2\/users\/9"}],"replies":[{"embeddable":true,"href":"https:\/\/elfsight.com\/fr\/wp-json\/wp\/v2\/comments?post=10882"}],"version-history":[{"count":2,"href":"https:\/\/elfsight.com\/fr\/wp-json\/wp\/v2\/pages\/10882\/revisions"}],"predecessor-version":[{"id":15961,"href":"https:\/\/elfsight.com\/fr\/wp-json\/wp\/v2\/pages\/10882\/revisions\/15961"}],"up":[{"embeddable":true,"href":"https:\/\/elfsight.com\/fr\/wp-json\/wp\/v2\/pages\/2802"}],"wp:attachment":[{"href":"https:\/\/elfsight.com\/fr\/wp-json\/wp\/v2\/media?parent=10882"}],"curies":[{"name":"wp","href":"https:\/\/api.w.org\/{rel}","templated":true}]}}