{"id":10877,"date":"1970-01-01T00:00:00","date_gmt":"1970-01-01T00:00:00","guid":{"rendered":"https:\/\/elfsight.com\/fr\/?page_id=10877"},"modified":"2025-07-10T14:04:39","modified_gmt":"2025-07-10T14:04:39","slug":"webnode","status":"publish","type":"page","link":"https:\/\/elfsight.com\/fr\/viber-chat-widget\/webnode\/","title":{"rendered":"Viber Chat &#8211; Webnode"},"content":{"rendered":"<div class=\"application-platform-content-item-description application-platform-content-item\" id=\"description\" data-nav-section=\"description\"> <h2>Description<\/h2><p>Elfsight Viber Chat est la possibilit\u00e9 la plus rapide pour que les gens vous contactent en restant sur votre site Web. Chaque utilisateur obtiendra rapidement des solutions \u00e0 ses questions ou une assistance de votre part. Restez disponible en ligne dans l&rsquo;un des messagers les plus utilis\u00e9s. Vous pouvez choisir qu&rsquo;Elfsight Viber Chat se produise sur des pages particuli\u00e8res et le cibler pour des cat\u00e9gories d&rsquo;audience distinctes. Il existe de nombreuses possibilit\u00e9s de personnalisation\u00a0: choisissez les d\u00e9clencheurs de d\u00e9marrage du chat, composez votre texte de bienvenue, choisissez des ic\u00f4nes et bien plus encore. En utilisant Viber Chat sur le site Web, vous resterez joignable \u00e0 tout moment et en tout lieu.<\/p><p><b>Ajoutez Viber Chat pour atteindre les sommets de votre entreprise avec moins d&rsquo;effort\u00a0!<\/b><\/p> <\/div> <div class=\"application-platform-content-item-features application-platform-content-item\" id=\"features\" data-nav-section=\"features\"> <h2>Voici les fonctionnalit\u00e9s fondamentales du widget\u00a0:<\/h2><ul><li>Une collection d&rsquo;ic\u00f4nes de bulles \u00e0 choisir<\/li><li>Texte de bulle modifiable <\/li><li>En-t\u00eate FlexibleChat avec logo, nom et l\u00e9gende de la page<\/li><li>Nom du chat modifiable<\/li><li>D\u00e9finition d&rsquo;un texte personnalis\u00e9 comme l\u00e9gende du chat<\/li><li>Bouton D\u00e9marrer le chat avec texte modifiable<\/li><\/ul><p><a href=\"#demo\">Essayez tous les param\u00e8tres dans la d\u00e9mo compl\u00e8te<\/a><\/p><\/div> <div class=\"application-platform-content-item-installation  application-platform-content-item\" id=\"installation \" data-nav-section=\"installation \"> <h2>Comment puis-je ajouter Viber Chat dans mon Webnode\u00a0?<\/h2><p>Appliquez simplement les instructions ci-dessous pour int\u00e9grer l&rsquo;outil.<\/p><ol><li><b>Lancement de notre d\u00e9mo gratuite et commencez \u00e0 cr\u00e9er votre propre instrument.<\/b><br>Trouvez l&rsquo;interface et les options pr\u00e9f\u00e9rables de l&rsquo;outil et appliquez les modifications.<\/li><li><b>Acqu\u00e9rez votre code individuel apparaissant dans la fen\u00eatre des applications Elfsight<\/b><br>Juste apr\u00e8s la cr\u00e9ation de votre plugin, copiez le code personnel de la fen\u00eatre contextuelle apparue et conservez-le pour une utilisation ult\u00e9rieure.<\/li><li><b>Initiez l&rsquo;utilisation du plugin sur votre site Webnode. page<\/b><br>Impl\u00e9mentez le code que vous avez enregistr\u00e9 r\u00e9cemment dans votre site Web et appliquez les corrections.<\/li><li><b>Vous avez termin\u00e9\u00a0! L&rsquo;int\u00e9gration est termin\u00e9e avec succ\u00e8s.<\/b><br>Allez sur votre site pour v\u00e9rifier le fonctionnement du plugin.<\/li><\/ol><p>\u00c0 condition de r\u00e9pondre \u00e0 des demandes ou de faire face \u00e0 des probl\u00e8mes, n&rsquo;h\u00e9sitez pas \u00e0 faire appel \u00e0 notre support. personnel. Nos consultants ont h\u00e2te de r\u00e9soudre tous les probl\u00e8mes que vous pourriez rencontrer avec le plugin.<\/p><div class=\"faq\" data-component=\"FAQ\"> <div class=\"faq-item\">\r\n\t\t\t\t\t<div class=\"faq-item-question\">\r\n\t\t\t\t\t\t<h3 class=\"faq-item-question-text\">Comment ajouter Viber Chat \u00e0 mon site Webnode sans comp\u00e9tences en codage ?<\/h3>\r\n\r\n\t\t\t\t\t\t<div class=\"faq-item-question-icon\"><\/div>\r\n\t\t\t\t\t<\/div>\r\n\r\n\t\t\t\t\t<div class=\"faq-item-answer\">\r\n\t\t\t\t\t\t<div class=\"faq-item-answer-text\"> <p>Elfsight propose un SaaS solution qui vous permet de cr\u00e9er vous-m\u00eame un widget Viber Chat, voyez \u00e0 quel point le processus est simple\u00a0: Travaillez directement dans l&rsquo;\u00e9diteur en ligne pour cr\u00e9er un widget Viber Chat que vous aimeriez voir sur votre site Web Webnode. Choisissez l&rsquo;un des mod\u00e8les pr\u00e9d\u00e9finis et ajustez les param\u00e8tres de Viber Chat, ajoutez votre contenu, modifiez la mise en page et les couleurs sans aucune comp\u00e9tence en codage. Enregistrez le Viber Chat et copiez son code d&rsquo;installation, que vous pouvez facilement int\u00e9grer dans votre site Webnode sans avoir besoin d&rsquo;acheter une version payante. Gr\u00e2ce \u00e0 notre \u00e9diteur intuitif, tout internaute peut cr\u00e9er un widget Viber Chat en ligne et l&rsquo;int\u00e9grer facilement \u00e0 son site Web Webnode. Il n&rsquo;est pas n\u00e9cessaire de payer ou de saisir les informations d&rsquo;identification de votre carte pour acc\u00e9der au service. Si vous rencontrez des probl\u00e8mes \u00e0 n&rsquo;importe quelle \u00e9tape, n&rsquo;h\u00e9sitez pas \u00e0 contacter notre \u00e9quipe d&rsquo;assistance technique.<\/p> <\/div>\r\n\t\t\t\t\t<\/div>\r\n\t\t\t\t<\/div> <\/div> <\/div>","protected":false},"excerpt":{"rendered":"","protected":false},"author":9,"featured_media":0,"parent":2802,"menu_order":0,"comment_status":"closed","ping_status":"closed","template":"templates\/template-application-platform.php","meta":{"publish_to_discourse":"","publish_post_category":"","wpdc_auto_publish_overridden":"","wpdc_topic_tags":"","wpdc_pin_topic":"","wpdc_pin_until":"","discourse_post_id":"","discourse_permalink":"","wpdc_publishing_response":"","wpdc_publishing_error":"","footnotes":""},"class_list":["post-10877","page","type-page","status-publish","hentry"],"yoast_head":"<!-- This site is optimized with the Yoast SEO plugin v25.3.1 - https:\/\/yoast.com\/wordpress\/plugins\/seo\/ -->\n<title>Ajouter Viber Chat au site Webnode sans codage (2025)<\/title>\n<meta name=\"description\" content=\"Ajoutez Viber Chat au site pour une communication fluide et instantan\u00e9e avec les utilisateurs. D\u00e9couvrez la d\u00e9mo gratuite d&#039;Elfsight pour cr\u00e9er votre plugin unique d\u00e8s maintenant.\" \/>\n<meta name=\"robots\" content=\"index, follow, max-snippet:-1, max-image-preview:large, max-video-preview:-1\" \/>\n<link rel=\"canonical\" href=\"https:\/\/elfsight.com\/fr\/viber-chat-widget\/webnode\/\" \/>\n<meta property=\"og:locale\" content=\"fr_FR\" \/>\n<meta property=\"og:type\" content=\"article\" \/>\n<meta property=\"og:title\" content=\"Ajouter Viber Chat au site Webnode sans codage (2025)\" \/>\n<meta property=\"og:description\" content=\"Ajoutez Viber Chat au site pour une communication fluide et instantan\u00e9e avec les utilisateurs. D\u00e9couvrez la d\u00e9mo gratuite d&#039;Elfsight pour cr\u00e9er votre plugin unique d\u00e8s maintenant.\" \/>\n<meta property=\"og:url\" content=\"https:\/\/elfsight.com\/fr\/viber-chat-widget\/webnode\/\" \/>\n<meta property=\"og:site_name\" content=\"Elfsight FR\" \/>\n<meta property=\"article:modified_time\" content=\"2025-07-10T14:04:39+00:00\" \/>\n<meta name=\"twitter:card\" content=\"summary_large_image\" \/>\n<meta name=\"twitter:label1\" content=\"Dur\u00e9e de lecture estim\u00e9e\" \/>\n\t<meta name=\"twitter:data1\" content=\"3 minutes\" \/>\n<!-- \/ Yoast SEO plugin. -->","yoast_head_json":{"title":"Ajouter Viber Chat au site Webnode sans codage (2025)","description":"Ajoutez Viber Chat au site pour une communication fluide et instantan\u00e9e avec les utilisateurs. D\u00e9couvrez la d\u00e9mo gratuite d'Elfsight pour cr\u00e9er votre plugin unique d\u00e8s maintenant.","robots":{"index":"index","follow":"follow","max-snippet":"max-snippet:-1","max-image-preview":"max-image-preview:large","max-video-preview":"max-video-preview:-1"},"canonical":"https:\/\/elfsight.com\/fr\/viber-chat-widget\/webnode\/","og_locale":"fr_FR","og_type":"article","og_title":"Ajouter Viber Chat au site Webnode sans codage (2025)","og_description":"Ajoutez Viber Chat au site pour une communication fluide et instantan\u00e9e avec les utilisateurs. D\u00e9couvrez la d\u00e9mo gratuite d'Elfsight pour cr\u00e9er votre plugin unique d\u00e8s maintenant.","og_url":"https:\/\/elfsight.com\/fr\/viber-chat-widget\/webnode\/","og_site_name":"Elfsight FR","article_modified_time":"2025-07-10T14:04:39+00:00","twitter_card":"summary_large_image","twitter_misc":{"Dur\u00e9e de lecture estim\u00e9e":"3 minutes"},"schema":{"@context":"https:\/\/schema.org","@graph":[{"@type":"WebPage","@id":"https:\/\/elfsight.com\/fr\/viber-chat-widget\/webnode\/","url":"https:\/\/elfsight.com\/fr\/viber-chat-widget\/webnode\/","name":"Ajouter Viber Chat au site Webnode sans codage (2025)","isPartOf":{"@id":"https:\/\/elfsight.com\/fr\/#website"},"datePublished":"1970-01-01T00:00:00+00:00","dateModified":"2025-07-10T14:04:39+00:00","description":"Ajoutez Viber Chat au site pour une communication fluide et instantan\u00e9e avec les utilisateurs. D\u00e9couvrez la d\u00e9mo gratuite d'Elfsight pour cr\u00e9er votre plugin unique d\u00e8s maintenant.","breadcrumb":{"@id":"https:\/\/elfsight.com\/fr\/viber-chat-widget\/webnode\/#breadcrumb"},"inLanguage":"fr-FR","potentialAction":[{"@type":"ReadAction","target":["https:\/\/elfsight.com\/fr\/viber-chat-widget\/webnode\/"]}]},{"@type":"BreadcrumbList","@id":"https:\/\/elfsight.com\/fr\/viber-chat-widget\/webnode\/#breadcrumb","itemListElement":[{"@type":"ListItem","position":1,"name":"Home","item":"https:\/\/elfsight.com\/fr\/"},{"@type":"ListItem","position":2,"name":"Viber Chat","item":"https:\/\/elfsight.com\/fr\/viber-chat-widget\/"},{"@type":"ListItem","position":3,"name":"Viber Chat &#8211; Webnode"}]},{"@type":"WebSite","@id":"https:\/\/elfsight.com\/fr\/#website","url":"https:\/\/elfsight.com\/fr\/","name":"Elfsight FR","description":"","potentialAction":[{"@type":"SearchAction","target":{"@type":"EntryPoint","urlTemplate":"https:\/\/elfsight.com\/fr\/?s={search_term_string}"},"query-input":{"@type":"PropertyValueSpecification","valueRequired":true,"valueName":"search_term_string"}}],"inLanguage":"fr-FR"}]}},"meta_box":{"industry":"","seo_heading":"","heading":"","description":"","cta_heading":"","cta_description":"","application":"2799","h1":"Chat Viber Webnode","h1_caption":"Proposez Viber comme canal de communication sur votre site Web, permettant aux visiteurs d'acc\u00e9der facilement \u00e0 votre site Web Webnode sans effort.","application_category":[],"applications_title":"","applications_request_title":"","applications_request_button_text":"","hero_text":"","hero_video":"","hero_video_schema_markup":"","selling_points_title":"","selling_points_caption":"","selling_points":[],"selling_points_cta_text":"","features_title":"","features":"","ed_cta_examples_text":"","ed_cta_examples_hidden":"","ed_cta_demo_text":"","ed_cta_demo_hidden":"","why_caption":"","why_editor_title":"","why_editor_text":"","why_team_title":"","why_team_text":"","why_service_title":"","why_service_text":"","template_catalog_visible":"","template_catalog_title":"","template_catalog_text":"","template_catalog_categories_visible":"","demo_title":"Cr\u00e9ez votre widget Viber Chat","demo_caption":"Configurez votre Viber Chat et ajoutez-le \u00e0 votre site Webnode gratuitement !","default_faq_hidden":"","app_template_category":[],"platform":"364","template_public_id":"","codecanyon_url":"","codecanyon_item_id":"","codecanyon_price":"","pricing_caption":"","pricing_elfsight_apps_hide_column":"","pricing_elfsight_apps_url":"","pricing_codecanyon_price_caption":"","integration_category":[],"integration_request_title":"","integration_request_cta":"","integration_platform":"","integrations":[],"platform_category":[],"video_schema_markup":"","price":"\u00e0 partir de 0$ \/ mois","trial":"","benefits":[{"text":"Assistance \u00e0 l'installation gratuite"},{"text":"Service client professionnel"},{"text":"Garantie de remboursement de 14 jours"},{"text":"Am\u00e9liorations gratuites \u00e0 vie"}],"button_url":"","button_target_blank":"","button_nofollow":"","attributes":[{"name":"Installations","content":"10,000 - 100,000"},{"name":"Sensible","content":"Oui"},{"name":"Navigateurs compatibles","content":"Firefox, Safari, Opera, Chrome, Edge"}],"tags":[],"tags_disable_links":"","hide_more_platforms":"","video_object":"","demo_hide_cta":"","demo_hide_cloud_options":"","pricing_title":"","pricing":[{"pricing_icon":"platform","pricing_title":"Elfsight Apps","pricing_title_caption":"Version multiplateforme adapt\u00e9e \u00e0 n'importe quel site Web","pricing_price":"from $0 \/ month","pricing_price_caption":"commencez avec un forfait gratuit","pricing_benefits":[{"text":"Sites Web illimit\u00e9s"},{"text":"Support rapide et bien document\u00e9"},{"text":"Aide \u00e0 l'installation gratuite"},{"text":"Prix \u200b\u200bsp\u00e9cial pour plusieurs applications"}],"pricing_button_text":"Ajouter au site Web","pricing_button_url":"#demo"}],"related_apps_title":"","related_apps_hidden":"","author":"","image":[],"title":"","job":"","social_networks":[]},"_links":{"self":[{"href":"https:\/\/elfsight.com\/fr\/wp-json\/wp\/v2\/pages\/10877","targetHints":{"allow":["GET"]}}],"collection":[{"href":"https:\/\/elfsight.com\/fr\/wp-json\/wp\/v2\/pages"}],"about":[{"href":"https:\/\/elfsight.com\/fr\/wp-json\/wp\/v2\/types\/page"}],"author":[{"embeddable":true,"href":"https:\/\/elfsight.com\/fr\/wp-json\/wp\/v2\/users\/9"}],"replies":[{"embeddable":true,"href":"https:\/\/elfsight.com\/fr\/wp-json\/wp\/v2\/comments?post=10877"}],"version-history":[{"count":1,"href":"https:\/\/elfsight.com\/fr\/wp-json\/wp\/v2\/pages\/10877\/revisions"}],"predecessor-version":[{"id":10881,"href":"https:\/\/elfsight.com\/fr\/wp-json\/wp\/v2\/pages\/10877\/revisions\/10881"}],"up":[{"embeddable":true,"href":"https:\/\/elfsight.com\/fr\/wp-json\/wp\/v2\/pages\/2802"}],"wp:attachment":[{"href":"https:\/\/elfsight.com\/fr\/wp-json\/wp\/v2\/media?parent=10877"}],"curies":[{"name":"wp","href":"https:\/\/api.w.org\/{rel}","templated":true}]}}