{"id":10875,"date":"1970-01-01T00:00:00","date_gmt":"1970-01-01T00:00:00","guid":{"rendered":"https:\/\/elfsight.com\/fr\/?page_id=10875"},"modified":"2024-12-20T10:32:44","modified_gmt":"2024-12-20T10:32:44","slug":"wix","status":"publish","type":"page","link":"https:\/\/elfsight.com\/fr\/viber-chat-widget\/wix\/","title":{"rendered":"Viber Chat &#8211; Wix"},"content":{"rendered":"\n<div class=\"application-platform-content-item-description application-platform-content-item\" id=\"description\" data-nav-section=\"description\">\n  <h2>Description<\/h2>\n  <p>Elfsight Viber Chat est l&rsquo;un des moyens les plus rapides pour que les visiteurs de votre site Web puissent vous contacter. Chaque utilisateur obtiendra rapidement des r\u00e9ponses \u00e0 ses questions ou recevra l&rsquo;assistance n\u00e9cessaire. Vous pouvez rester disponible en ligne, sans interruption, sur l&rsquo;une des messageries les plus utilis\u00e9es au monde. Configurez Elfsight Viber Chat pour qu&rsquo;il apparaisse sur des pages sp\u00e9cifiques et ciblez des groupes d&rsquo;audience pr\u00e9cis. Le widget propose de nombreuses options de personnalisation : d\u00e9finissez des d\u00e9clencheurs de d\u00e9marrage de chat, cr\u00e9ez un message de bienvenue personnalis\u00e9, choisissez des ic\u00f4nes et bien plus encore. Avec Viber Chat sur votre site, vous resterez connect\u00e9 avec vos visiteurs \u00e0 tout moment et depuis n&rsquo;importe o\u00f9.<\/p>\n  <p><b>Utilisez Viber Chat pour relever les d\u00e9fis de votre entreprise et am\u00e9liorer vos interactions avec les clients !<\/b><\/p>\n<\/div>\n\n<div class=\"application-platform-content-item-features application-platform-content-item\" id=\"features\" data-nav-section=\"features\">\n  <h2>D\u00e9couvrez les fonctionnalit\u00e9s les plus utiles du widget :<\/h2>\n  <ul>\n    <li>Choix parmi une collection d&rsquo;ic\u00f4nes de bulles<\/li>\n    <li>Texte de bulle enti\u00e8rement modifiable<\/li>\n    <li>En-t\u00eate FlexibleChat avec logo, nom et l\u00e9gende de la page<\/li>\n    <li>Option pour d\u00e9finir l&rsquo;image de la page par d\u00e9faut, soit \u00e0 partir de notre biblioth\u00e8que, soit en t\u00e9l\u00e9chargeant votre propre image<\/li>\n    <li>Possibilit\u00e9 de d\u00e9finir un texte personnalis\u00e9 comme l\u00e9gende du chat<\/li>\n    <li>Message de bienvenue modifiable avec options de formatage et de liens<\/li>\n  <\/ul>\n  <p><a href=\"#demo\">Essayez cette d\u00e9mo pour avoir un aper\u00e7u complet des fonctionnalit\u00e9s<\/a><\/p>\n<\/div>\n\n<div class=\"application-platform-content-item-installation application-platform-content-item\" id=\"installation\" data-nav-section=\"installation\">\n  <h2>Comment ajouter Viber Chat \u00e0 mon site Wix ?<\/h2>\n  <p>Suivez ces \u00e9tapes simples pour int\u00e9grer le plugin sur votre site Wix.<\/p>\n  <ol>\n    <li><b>Utilisez notre \u00e9diteur gratuit et commencez \u00e0 cr\u00e9er votre widget personnalis\u00e9.<\/b><br>Choisissez les param\u00e8tres et le design souhait\u00e9s pour le plugin, puis enregistrez les modifications.<\/li>\n    <li><b>Copiez le code unique g\u00e9n\u00e9r\u00e9 dans la fen\u00eatre d&rsquo;Elfsight Apps.<\/b><br>Une fois la cr\u00e9ation de votre widget termin\u00e9e, copiez le code affich\u00e9 dans la fen\u00eatre contextuelle et conservez-le pour une utilisation future.<\/li>\n    <li><b>Ajoutez le code sur votre page d&rsquo;accueil Wix.<\/b><br>Ins\u00e9rez le code copi\u00e9 pr\u00e9c\u00e9demment dans l&rsquo;\u00e9diteur de votre page et appliquez les modifications.<\/li>\n    <li><b>Installation r\u00e9ussie !<\/b><br>Rendez-vous sur votre page pour v\u00e9rifier le bon fonctionnement du widget.<\/li>\n  <\/ol>\n  <p>Si vous rencontrez des difficult\u00e9s ou avez des questions, n&rsquo;h\u00e9sitez pas \u00e0 contacter notre service client. Nos experts seront heureux de vous aider \u00e0 r\u00e9soudre tous les probl\u00e8mes li\u00e9s \u00e0 l&rsquo;int\u00e9gration du widget.<\/p>\n<\/div>\n\n<div class=\"faq\" data-component=\"FAQ\">\n  <div class=\"faq-item\">\r\n\t\t\t\t\t<div class=\"faq-item-question\">\r\n\t\t\t\t\t\t<h3 class=\"faq-item-question-text\">Quels autres widgets puis-je utiliser pour am\u00e9liorer mon site Wix ?<\/h3>\r\n\r\n\t\t\t\t\t\t<div class=\"faq-item-question-icon\"><\/div>\r\n\t\t\t\t\t<\/div>\r\n\r\n\t\t\t\t\t<div class=\"faq-item-answer\">\r\n\t\t\t\t\t\t<div class=\"faq-item-answer-text\">\n    <p>Il existe de nombreux widgets Wix qui peuvent facilement am\u00e9liorer les fonctionnalit\u00e9s de votre site web. Par exemple, vous pouvez int\u00e9grer d&rsquo;autres widgets de chat comme <a href=\"https:\/\/elfsight.com\/facebook-chat-widget\/wix\/\" target=\"_blank\" rel=\"noopener\">Facebook Chat<\/a>, <a href=\"https:\/\/elfsight.com\/telegram-chat-widget\/wix\/\" target=\"_blank\" rel=\"noopener\">Chat Telegram<\/a>, ou <a href=\"https:\/\/elfsight.com\/whatsapp-chat-widget\/wix\/\" target=\"_blank\" rel=\"noopener\">WhatsApp Chat<\/a>. Tous ces widgets sont simples \u00e0 mettre en \u0153uvre et peuvent grandement am\u00e9liorer l&rsquo;interaction avec vos visiteurs et les performances de votre site web.<\/p>\n  <\/div>\r\n\t\t\t\t\t<\/div>\r\n\t\t\t\t<\/div>\n<\/div>\n","protected":false},"excerpt":{"rendered":"","protected":false},"author":9,"featured_media":0,"parent":2802,"menu_order":0,"comment_status":"closed","ping_status":"closed","template":"templates\/template-application-platform.php","meta":{"publish_to_discourse":"","publish_post_category":"","wpdc_auto_publish_overridden":"","wpdc_topic_tags":"","wpdc_pin_topic":"","wpdc_pin_until":"","discourse_post_id":"","discourse_permalink":"","wpdc_publishing_response":"","wpdc_publishing_error":"","footnotes":""},"class_list":["post-10875","page","type-page","status-publish","hentry"],"yoast_head":"<!-- This site is optimized with the Yoast SEO plugin v25.3.1 - https:\/\/yoast.com\/wordpress\/plugins\/seo\/ -->\n<title>Ajouter Viber Chat au site Web Wix sans codage (2025)<\/title>\n<meta name=\"description\" content=\"Ajoutez Viber Chat \u00e0 votre site pour une communication plus facile et plus rapide avec les visiteurs. Essayez la d\u00e9mo gratuite d&#039;Elfsight pour fa\u00e7onner votre plugin unique d\u00e8s maintenant.\" \/>\n<meta name=\"robots\" content=\"index, follow, max-snippet:-1, max-image-preview:large, max-video-preview:-1\" \/>\n<link rel=\"canonical\" href=\"https:\/\/elfsight.com\/fr\/viber-chat-widget\/wix\/\" \/>\n<meta property=\"og:locale\" content=\"fr_FR\" \/>\n<meta property=\"og:type\" content=\"article\" \/>\n<meta property=\"og:title\" content=\"Ajouter Viber Chat au site Web Wix sans codage (2025)\" \/>\n<meta property=\"og:description\" content=\"Ajoutez Viber Chat \u00e0 votre site pour une communication plus facile et plus rapide avec les visiteurs. Essayez la d\u00e9mo gratuite d&#039;Elfsight pour fa\u00e7onner votre plugin unique d\u00e8s maintenant.\" \/>\n<meta property=\"og:url\" content=\"https:\/\/elfsight.com\/fr\/viber-chat-widget\/wix\/\" \/>\n<meta property=\"og:site_name\" content=\"Elfsight FR\" \/>\n<meta property=\"article:modified_time\" content=\"2024-12-20T10:32:44+00:00\" \/>\n<meta name=\"twitter:card\" content=\"summary_large_image\" \/>\n<meta name=\"twitter:label1\" content=\"Dur\u00e9e de lecture estim\u00e9e\" \/>\n\t<meta name=\"twitter:data1\" content=\"3 minutes\" \/>\n<!-- \/ Yoast SEO plugin. -->","yoast_head_json":{"title":"Ajouter Viber Chat au site Web Wix sans codage (2025)","description":"Ajoutez Viber Chat \u00e0 votre site pour une communication plus facile et plus rapide avec les visiteurs. Essayez la d\u00e9mo gratuite d'Elfsight pour fa\u00e7onner votre plugin unique d\u00e8s maintenant.","robots":{"index":"index","follow":"follow","max-snippet":"max-snippet:-1","max-image-preview":"max-image-preview:large","max-video-preview":"max-video-preview:-1"},"canonical":"https:\/\/elfsight.com\/fr\/viber-chat-widget\/wix\/","og_locale":"fr_FR","og_type":"article","og_title":"Ajouter Viber Chat au site Web Wix sans codage (2025)","og_description":"Ajoutez Viber Chat \u00e0 votre site pour une communication plus facile et plus rapide avec les visiteurs. Essayez la d\u00e9mo gratuite d'Elfsight pour fa\u00e7onner votre plugin unique d\u00e8s maintenant.","og_url":"https:\/\/elfsight.com\/fr\/viber-chat-widget\/wix\/","og_site_name":"Elfsight FR","article_modified_time":"2024-12-20T10:32:44+00:00","twitter_card":"summary_large_image","twitter_misc":{"Dur\u00e9e de lecture estim\u00e9e":"3 minutes"},"schema":{"@context":"https:\/\/schema.org","@graph":[{"@type":"WebPage","@id":"https:\/\/elfsight.com\/fr\/viber-chat-widget\/wix\/","url":"https:\/\/elfsight.com\/fr\/viber-chat-widget\/wix\/","name":"Ajouter Viber Chat au site Web Wix sans codage (2025)","isPartOf":{"@id":"https:\/\/elfsight.com\/fr\/#website"},"datePublished":"1970-01-01T00:00:00+00:00","dateModified":"2024-12-20T10:32:44+00:00","description":"Ajoutez Viber Chat \u00e0 votre site pour une communication plus facile et plus rapide avec les visiteurs. Essayez la d\u00e9mo gratuite d'Elfsight pour fa\u00e7onner votre plugin unique d\u00e8s maintenant.","breadcrumb":{"@id":"https:\/\/elfsight.com\/fr\/viber-chat-widget\/wix\/#breadcrumb"},"inLanguage":"fr-FR","potentialAction":[{"@type":"ReadAction","target":["https:\/\/elfsight.com\/fr\/viber-chat-widget\/wix\/"]}]},{"@type":"BreadcrumbList","@id":"https:\/\/elfsight.com\/fr\/viber-chat-widget\/wix\/#breadcrumb","itemListElement":[{"@type":"ListItem","position":1,"name":"Home","item":"https:\/\/elfsight.com\/fr\/"},{"@type":"ListItem","position":2,"name":"Viber Chat","item":"https:\/\/elfsight.com\/fr\/viber-chat-widget\/"},{"@type":"ListItem","position":3,"name":"Viber Chat &#8211; Wix"}]},{"@type":"WebSite","@id":"https:\/\/elfsight.com\/fr\/#website","url":"https:\/\/elfsight.com\/fr\/","name":"Elfsight FR","description":"","potentialAction":[{"@type":"SearchAction","target":{"@type":"EntryPoint","urlTemplate":"https:\/\/elfsight.com\/fr\/?s={search_term_string}"},"query-input":{"@type":"PropertyValueSpecification","valueRequired":true,"valueName":"search_term_string"}}],"inLanguage":"fr-FR"}]}},"meta_box":{"industry":"","seo_heading":"","heading":"","description":"","cta_heading":"","cta_description":"","application":"2799","h1":"Wix Viber Chat","h1_caption":"Proposez Viber comme canal de communication sur votre site Web, permettant aux visiteurs d'acc\u00e9der facilement \u00e0 votre site Web Wix sans effort.","application_category":[],"applications_title":"","applications_request_title":"","applications_request_button_text":"","hero_text":"","hero_video":"","hero_video_schema_markup":"","selling_points_title":"","selling_points_caption":"","selling_points":[],"selling_points_cta_text":"","features_title":"","features":"","ed_cta_examples_text":"","ed_cta_examples_hidden":"","ed_cta_demo_text":"","ed_cta_demo_hidden":"","why_caption":"","why_editor_title":"","why_editor_text":"","why_team_title":"","why_team_text":"","why_service_title":"","why_service_text":"","template_catalog_visible":"0","template_catalog_title":"","template_catalog_text":"","template_catalog_categories_visible":"","demo_title":"Cr\u00e9ez votre application Viber Chat","demo_caption":"Configurez votre Viber Chat et ajoutez-le \u00e0 votre site Web Wix gratuitement !","default_faq_hidden":"","app_template_category":[],"platform":"345","template_public_id":"","codecanyon_url":"","codecanyon_item_id":"","codecanyon_price":"","pricing_caption":"","pricing_elfsight_apps_hide_column":"","pricing_elfsight_apps_url":"","pricing_codecanyon_price_caption":"","integration_category":[],"integration_request_title":"","integration_request_cta":"","integration_platform":"","integrations":[],"platform_category":[],"video_schema_markup":"","price":"\u00e0 partir de 0$ \/ mois","trial":"","benefits":[{"text":"Assistance \u00e0 l'installation gratuite"},{"text":"Service client professionnel"},{"text":"Garantie de remboursement de 14 jours"},{"text":"Futures mises \u00e0 jour gratuites"}],"button_url":"","button_target_blank":"0","button_nofollow":"0","attributes":[{"name":"Installations","content":"10,000 - 100,000"},{"name":"Sensible","content":"Oui"},{"name":"Navigateurs compatibles","content":"Firefox, Safari, Opera, Chrome, Edge"}],"tags":[],"tags_disable_links":"0","hide_more_platforms":"","video_object":"","demo_hide_cta":"0","demo_hide_cloud_options":"0","pricing_title":"","pricing":[{"pricing_icon":"platform","pricing_title":"Elfsight Apps","pricing_title_caption":"Solution num\u00e9rique multiplateforme","pricing_price":"from $0 \/ month","pricing_price_caption":"commencez avec un forfait gratuit","pricing_benefits":[{"text":"Domaines illimit\u00e9s"},{"text":"Accompagnement professionnel"},{"text":"Service d'installation gratuit"},{"text":"Offre sp\u00e9ciale pour plusieurs applications"}],"pricing_button_text":"Ajouter au site Web","pricing_button_url":"#demo"}],"related_apps_title":"","related_apps_hidden":"0","author":"","image":[],"title":"","job":"","social_networks":[]},"_links":{"self":[{"href":"https:\/\/elfsight.com\/fr\/wp-json\/wp\/v2\/pages\/10875","targetHints":{"allow":["GET"]}}],"collection":[{"href":"https:\/\/elfsight.com\/fr\/wp-json\/wp\/v2\/pages"}],"about":[{"href":"https:\/\/elfsight.com\/fr\/wp-json\/wp\/v2\/types\/page"}],"author":[{"embeddable":true,"href":"https:\/\/elfsight.com\/fr\/wp-json\/wp\/v2\/users\/9"}],"replies":[{"embeddable":true,"href":"https:\/\/elfsight.com\/fr\/wp-json\/wp\/v2\/comments?post=10875"}],"version-history":[{"count":2,"href":"https:\/\/elfsight.com\/fr\/wp-json\/wp\/v2\/pages\/10875\/revisions"}],"predecessor-version":[{"id":15963,"href":"https:\/\/elfsight.com\/fr\/wp-json\/wp\/v2\/pages\/10875\/revisions\/15963"}],"up":[{"embeddable":true,"href":"https:\/\/elfsight.com\/fr\/wp-json\/wp\/v2\/pages\/2802"}],"wp:attachment":[{"href":"https:\/\/elfsight.com\/fr\/wp-json\/wp\/v2\/media?parent=10875"}],"curies":[{"name":"wp","href":"https:\/\/api.w.org\/{rel}","templated":true}]}}