{"id":10868,"date":"1970-01-01T00:00:00","date_gmt":"1970-01-01T00:00:00","guid":{"rendered":"https:\/\/elfsight.com\/fr\/?page_id=10868"},"modified":"2025-07-10T14:04:46","modified_gmt":"2025-07-10T14:04:46","slug":"woocommerce","status":"publish","type":"page","link":"https:\/\/elfsight.com\/fr\/viber-chat-widget\/woocommerce\/","title":{"rendered":"Viber Chat &#8211; WooCommerce"},"content":{"rendered":"<div class=\"application-platform-content-item-description application-platform-content-item\" id=\"description\" data-nav-section=\"description\"><h2>Description<\/h2><p>Viber Chat par Elfsight est l&rsquo;un des moyens les plus rapides pour vous contacter tout en restant sur votre site Web. Chaque utilisateur obtiendra rapidement des r\u00e9ponses \u00e0 ses questions ou une assistance de votre part. Restez disponible en ligne dans l&rsquo;un des chats les plus utilis\u00e9s sans interruption. Vous pouvez configurer Elfsight Viber Chat pour qu&rsquo;il s&rsquo;affiche sur des pages s\u00e9lectionn\u00e9es et le configurer pour des cat\u00e9gories particuli\u00e8res de visiteurs. Le widget offre de larges possibilit\u00e9s de personnalisation\u00a0: choisissez des d\u00e9marreurs de discussion, cr\u00e9ez votre message de bienvenue, d\u00e9finissez des ic\u00f4nes et bien plus encore.<\/p><p><b>Avec Viber Messenger, d\u00e9veloppez votre entreprise plus rapidement et augmentez vos ventes<\/b><\/p><\/div> <div class=\"application-platform-content-item-features application-platform-content-item\" id=\"features\" data-nav-section=\"features\"><h2>Explorez la liste des fonctionnalit\u00e9s les plus puissantes\u00a0:<\/h2><ul><li>Une collection d&rsquo;ic\u00f4nes de bulles \u00e0 choisir\u00a0;<\/li> <li>Option de modification du texte de la bulle\u00a0;<\/li><li>En-t\u00eate de discussion flexible avec logo, nom et l\u00e9gende de la page\u00a0;<\/li><li>Choisir l&rsquo;image de la page par d\u00e9faut, dans la collection ou t\u00e9l\u00e9charger votre propre image\u00a0; <\/li><li>Utilisation d&rsquo;un texte personnalis\u00e9 comme l\u00e9gende\u00a0;<\/li><li>Le texte du bouton D\u00e9marrer le chat peut \u00eatre modifi\u00e9.<\/li><\/ul><p><a href=\"#demo\">Explorer tout les fonctionnalit\u00e9s de personnalisation dans une d\u00e9mo 100\u00a0% fonctionnelle<\/a><\/p><\/div><div class=\"application-platform-content-item-installation application-platform-content-item\" id=\"installation\" data-nav-section=\"installation\"><h2>Comment ajouter Viber Chat \u00e0 mon site WooCommerce\u00a0?<\/h2><p>Appliquer simplement suivez les instructions ci-dessous pour activer le plugin.<\/p><ol><li><b>R\u00e9alisez notre d\u00e9mo gratuite et commencez \u00e0 fa\u00e7onner votre widget personnalis\u00e9.<\/b><br> Trouvez la conception et les sp\u00e9cifications pr\u00e9f\u00e9rables du plugin. et appliquez les modifications.<\/li><li><b>Copiez le code unique qui appara\u00eet dans la case sur les applications Elfsight.<\/b><br> Une fois la cr\u00e9ation de votre plugin personnel termin\u00e9e, copiez le code personnel. codez dans la fen\u00eatre qui appara\u00eet et enregistrez-le pour une utilisation ult\u00e9rieure.<\/li><li><b>Commencez \u00e0 utiliser le plugin sur votre site Web WooCommerce.<\/b><br> Ins\u00e9rez le code copi\u00e9 auparavant dans votre page et appliquez les am\u00e9liorations .<\/li><li><b>L&rsquo;installation est effectu\u00e9e avec succ\u00e8s.<\/b><br> Acc\u00e9dez \u00e0 votre page Web pour jeter un \u0153il aux performances du plugin.<\/li><\/ol><p>Si vous rencontrez des difficult\u00e9s, veuillez contacter notre \u00e9quipe d&rsquo;assistance. Nos collaborateurs sont impatients de r\u00e9soudre tous les probl\u00e8mes que vous pourriez rencontrer avec le produit.<\/p><div class=\"faq\" data-component=\"FAQ\"> <div class=\"faq-item\">\r\n\t\t\t\t\t<div class=\"faq-item-question\">\r\n\t\t\t\t\t\t<h3 class=\"faq-item-question-text\">Comment puis-je ajouter Viber Chat \u00e0 mon site Web WooCommerce sans comp\u00e9tences en codage ?<\/h3>\r\n\r\n\t\t\t\t\t\t<div class=\"faq-item-question-icon\"><\/div>\r\n\t\t\t\t\t<\/div>\r\n\r\n\t\t\t\t\t<div class=\"faq-item-answer\">\r\n\t\t\t\t\t\t<div class=\"faq-item-answer-text\"> <p>Elfsight fournit un Solution SaaS qui vous permet de cr\u00e9er vous-m\u00eame un widget Viber Chat. D\u00e9couvrez \u00e0 quel point le processus est simple\u00a0: travaillez directement dans l&rsquo;\u00e9diteur en ligne pour cr\u00e9er un widget Viber Chat que vous aimeriez voir sur votre site Web WooCommerce. Choisissez l&rsquo;un des mod\u00e8les pr\u00e9d\u00e9finis et ajustez les param\u00e8tres de Viber Chat, ajoutez votre contenu, modifiez la mise en page et les couleurs sans comp\u00e9tences en codage. Enregistrez le Viber Chat et copiez son code d&rsquo;installation, que vous pouvez simplement inclure dans votre site Web WooCommerce sans acheter d&rsquo;abonnement payant. Avec notre \u00e9diteur intuitif, tout internaute peut cr\u00e9er un widget Viber Chat en ligne et l&rsquo;int\u00e9grer facilement \u00e0 son site Web WooCommerce. Il n&rsquo;est pas n\u00e9cessaire de payer ou de saisir les informations d&rsquo;identification de votre carte pour acc\u00e9der au service. Si vous rencontrez des probl\u00e8mes \u00e0 n&rsquo;importe quelle \u00e9tape, n&rsquo;h\u00e9sitez pas \u00e0 contacter notre \u00e9quipe d&rsquo;assistance technique.<\/p> <\/div>\r\n\t\t\t\t\t<\/div>\r\n\t\t\t\t<\/div> <\/div> <\/div>","protected":false},"excerpt":{"rendered":"","protected":false},"author":9,"featured_media":0,"parent":2802,"menu_order":0,"comment_status":"closed","ping_status":"closed","template":"templates\/template-application-platform.php","meta":{"publish_to_discourse":"","publish_post_category":"","wpdc_auto_publish_overridden":"","wpdc_topic_tags":"","wpdc_pin_topic":"","wpdc_pin_until":"","discourse_post_id":"","discourse_permalink":"","wpdc_publishing_response":"","wpdc_publishing_error":"","footnotes":""},"class_list":["post-10868","page","type-page","status-publish","hentry"],"yoast_head":"<!-- This site is optimized with the Yoast SEO plugin v25.3.1 - https:\/\/yoast.com\/wordpress\/plugins\/seo\/ -->\n<title>Plugin WooCommerce Viber Chat pour votre site Web (2025)<\/title>\n<meta name=\"description\" content=\"Int\u00e9grez le plugin Viber Chat au site Web pour une communication meilleure et imm\u00e9diate avec les clients. Testez la d\u00e9mo Elfsight pour cr\u00e9er votre plugin personnalis\u00e9 maintenant.\" \/>\n<meta name=\"robots\" content=\"index, follow, max-snippet:-1, max-image-preview:large, max-video-preview:-1\" \/>\n<link rel=\"canonical\" href=\"https:\/\/elfsight.com\/fr\/viber-chat-widget\/woocommerce\/\" \/>\n<meta property=\"og:locale\" content=\"fr_FR\" \/>\n<meta property=\"og:type\" content=\"article\" \/>\n<meta property=\"og:title\" content=\"Plugin WooCommerce Viber Chat pour votre site Web (2025)\" \/>\n<meta property=\"og:description\" content=\"Int\u00e9grez le plugin Viber Chat au site Web pour une communication meilleure et imm\u00e9diate avec les clients. Testez la d\u00e9mo Elfsight pour cr\u00e9er votre plugin personnalis\u00e9 maintenant.\" \/>\n<meta property=\"og:url\" content=\"https:\/\/elfsight.com\/fr\/viber-chat-widget\/woocommerce\/\" \/>\n<meta property=\"og:site_name\" content=\"Elfsight FR\" \/>\n<meta property=\"article:modified_time\" content=\"2025-07-10T14:04:46+00:00\" \/>\n<meta name=\"twitter:card\" content=\"summary_large_image\" \/>\n<meta name=\"twitter:label1\" content=\"Dur\u00e9e de lecture estim\u00e9e\" \/>\n\t<meta name=\"twitter:data1\" content=\"3 minutes\" \/>\n<!-- \/ Yoast SEO plugin. -->","yoast_head_json":{"title":"Plugin WooCommerce Viber Chat pour votre site Web (2025)","description":"Int\u00e9grez le plugin Viber Chat au site Web pour une communication meilleure et imm\u00e9diate avec les clients. Testez la d\u00e9mo Elfsight pour cr\u00e9er votre plugin personnalis\u00e9 maintenant.","robots":{"index":"index","follow":"follow","max-snippet":"max-snippet:-1","max-image-preview":"max-image-preview:large","max-video-preview":"max-video-preview:-1"},"canonical":"https:\/\/elfsight.com\/fr\/viber-chat-widget\/woocommerce\/","og_locale":"fr_FR","og_type":"article","og_title":"Plugin WooCommerce Viber Chat pour votre site Web (2025)","og_description":"Int\u00e9grez le plugin Viber Chat au site Web pour une communication meilleure et imm\u00e9diate avec les clients. Testez la d\u00e9mo Elfsight pour cr\u00e9er votre plugin personnalis\u00e9 maintenant.","og_url":"https:\/\/elfsight.com\/fr\/viber-chat-widget\/woocommerce\/","og_site_name":"Elfsight FR","article_modified_time":"2025-07-10T14:04:46+00:00","twitter_card":"summary_large_image","twitter_misc":{"Dur\u00e9e de lecture estim\u00e9e":"3 minutes"},"schema":{"@context":"https:\/\/schema.org","@graph":[{"@type":"WebPage","@id":"https:\/\/elfsight.com\/fr\/viber-chat-widget\/woocommerce\/","url":"https:\/\/elfsight.com\/fr\/viber-chat-widget\/woocommerce\/","name":"Plugin WooCommerce Viber Chat pour votre site Web (2025)","isPartOf":{"@id":"https:\/\/elfsight.com\/fr\/#website"},"datePublished":"1970-01-01T00:00:00+00:00","dateModified":"2025-07-10T14:04:46+00:00","description":"Int\u00e9grez le plugin Viber Chat au site Web pour une communication meilleure et imm\u00e9diate avec les clients. Testez la d\u00e9mo Elfsight pour cr\u00e9er votre plugin personnalis\u00e9 maintenant.","breadcrumb":{"@id":"https:\/\/elfsight.com\/fr\/viber-chat-widget\/woocommerce\/#breadcrumb"},"inLanguage":"fr-FR","potentialAction":[{"@type":"ReadAction","target":["https:\/\/elfsight.com\/fr\/viber-chat-widget\/woocommerce\/"]}]},{"@type":"BreadcrumbList","@id":"https:\/\/elfsight.com\/fr\/viber-chat-widget\/woocommerce\/#breadcrumb","itemListElement":[{"@type":"ListItem","position":1,"name":"Home","item":"https:\/\/elfsight.com\/fr\/"},{"@type":"ListItem","position":2,"name":"Viber Chat","item":"https:\/\/elfsight.com\/fr\/viber-chat-widget\/"},{"@type":"ListItem","position":3,"name":"Viber Chat &#8211; WooCommerce"}]},{"@type":"WebSite","@id":"https:\/\/elfsight.com\/fr\/#website","url":"https:\/\/elfsight.com\/fr\/","name":"Elfsight FR","description":"","potentialAction":[{"@type":"SearchAction","target":{"@type":"EntryPoint","urlTemplate":"https:\/\/elfsight.com\/fr\/?s={search_term_string}"},"query-input":{"@type":"PropertyValueSpecification","valueRequired":true,"valueName":"search_term_string"}}],"inLanguage":"fr-FR"}]}},"meta_box":{"industry":"","seo_heading":"","heading":"","description":"","cta_heading":"","cta_description":"","application":"2799","h1":"Plugin WooCommerce Viber Chat","h1_caption":"Proposez Viber comme canal de communication sur votre site Web, permettant aux visiteurs d'acc\u00e9der facilement \u00e0 votre site Web WooCommerce sans effort.","application_category":[],"applications_title":"","applications_request_title":"","applications_request_button_text":"","hero_text":"","hero_video":"","hero_video_schema_markup":"","selling_points_title":"","selling_points_caption":"","selling_points":[],"selling_points_cta_text":"","features_title":"","features":"","ed_cta_examples_text":"","ed_cta_examples_hidden":"","ed_cta_demo_text":"","ed_cta_demo_hidden":"","why_caption":"","why_editor_title":"","why_editor_text":"","why_team_title":"","why_team_text":"","why_service_title":"","why_service_text":"","template_catalog_visible":"","template_catalog_title":"","template_catalog_text":"","template_catalog_categories_visible":"","demo_title":"Cr\u00e9ez votre application Viber Chat","demo_caption":"Configurez votre Viber Chat et ajoutez-le \u00e0 votre site Web WooCommerce gratuitement !","default_faq_hidden":"","app_template_category":[],"platform":"397","template_public_id":"","codecanyon_url":"","codecanyon_item_id":"","codecanyon_price":"","pricing_caption":"","pricing_elfsight_apps_hide_column":"","pricing_elfsight_apps_url":"","pricing_codecanyon_price_caption":"","integration_category":[],"integration_request_title":"","integration_request_cta":"","integration_platform":"","integrations":[],"platform_category":[],"video_schema_markup":"","price":"\u00e0 partir de 0$ \/ mois","trial":"","benefits":[{"text":"Assistance \u00e0 l'installation gratuite"},{"text":"Service client comp\u00e9tent"},{"text":"Garantie de remboursement de 14 jours"},{"text":"Futures mises \u00e0 jour gratuites"}],"button_url":"","button_target_blank":"","button_nofollow":"","attributes":[{"name":"Installations","content":"10,000 - 100,000"},{"name":"Sensible","content":"Oui"},{"name":"Navigateurs compatibles","content":"Firefox, Safari, Opera, Chrome, Edge"}],"tags":[],"tags_disable_links":"","hide_more_platforms":"","video_object":"","demo_hide_cta":"","demo_hide_cloud_options":"","pricing_title":"","pricing":[{"pricing_icon":"platform","pricing_title":"Elfsight Apps","pricing_title_caption":"Logiciel multiplateforme qui fonctionne sur n'importe quel site","pricing_price":"from $0 \/ month","pricing_price_caption":"commencez avec un forfait gratuit","pricing_benefits":[{"text":"Domaines illimit\u00e9s"},{"text":"Un support d\u00e9di\u00e9"},{"text":"Assistance \u00e0 l'installation gratuite"},{"text":"Conception flexible"}],"pricing_button_text":"Ajouter au site Web","pricing_button_url":"#demo"}],"related_apps_title":"","related_apps_hidden":"","author":"","image":[],"title":"","job":"","social_networks":[]},"_links":{"self":[{"href":"https:\/\/elfsight.com\/fr\/wp-json\/wp\/v2\/pages\/10868","targetHints":{"allow":["GET"]}}],"collection":[{"href":"https:\/\/elfsight.com\/fr\/wp-json\/wp\/v2\/pages"}],"about":[{"href":"https:\/\/elfsight.com\/fr\/wp-json\/wp\/v2\/types\/page"}],"author":[{"embeddable":true,"href":"https:\/\/elfsight.com\/fr\/wp-json\/wp\/v2\/users\/9"}],"replies":[{"embeddable":true,"href":"https:\/\/elfsight.com\/fr\/wp-json\/wp\/v2\/comments?post=10868"}],"version-history":[{"count":1,"href":"https:\/\/elfsight.com\/fr\/wp-json\/wp\/v2\/pages\/10868\/revisions"}],"predecessor-version":[{"id":10872,"href":"https:\/\/elfsight.com\/fr\/wp-json\/wp\/v2\/pages\/10868\/revisions\/10872"}],"up":[{"embeddable":true,"href":"https:\/\/elfsight.com\/fr\/wp-json\/wp\/v2\/pages\/2802"}],"wp:attachment":[{"href":"https:\/\/elfsight.com\/fr\/wp-json\/wp\/v2\/media?parent=10868"}],"curies":[{"name":"wp","href":"https:\/\/api.w.org\/{rel}","templated":true}]}}