{"id":10861,"date":"1970-01-01T00:00:00","date_gmt":"1970-01-01T00:00:00","guid":{"rendered":"https:\/\/elfsight.com\/fr\/?page_id=10861"},"modified":"2025-07-10T14:03:35","modified_gmt":"2025-07-10T14:03:35","slug":"godaddy","status":"publish","type":"page","link":"https:\/\/elfsight.com\/fr\/viber-chat-widget\/godaddy\/","title":{"rendered":"Viber Chat &#8211; GoDaddy"},"content":{"rendered":"<div class=\"application-platform-content-item-description application-platform-content-item\" id=\"description\" data-nav-section=\"description\"> <h2>Int\u00e9grez Viber Chat sur GoDaddy avec le widget Elfsight<\/h2> <p>Viber Chat par Elfsight est le moyen le plus rapide pour que les gens vous contactent via votre site Web GoDaddy. Chaque utilisateur obtiendra rapidement des solutions \u00e0 ses requ\u00eates ou une assistance de votre part. Vous pourrez rester disponible en ligne dans l&rsquo;une des messageries les plus populaires 24h\/24 et 7j\/7. Vous pouvez configurer Elfsight Viber Chat pour qu&rsquo;il apparaisse sur des pages particuli\u00e8res et le configurer pour certains groupes de visiteurs. Le plugin offre de nombreuses options de personnalisation : d\u00e9finissez des activateurs de lancement de chat, composez votre texte de bienvenue, choisissez des ic\u00f4nes et d&rsquo;autres fonctionnalit\u00e9s. En ayant Viber Chat sur la page, vous pouvez rester joignable \u00e0 tout moment et de n&rsquo;importe o\u00f9. <\/p> <p><b>Am\u00e9liorez le succ\u00e8s de votre site Web pour atteindre vos objectifs commerciaux avec l&rsquo;aide de Viber Chat<\/b><\/p> <\/div> <div class=\"application-platform-content-item-features application-platform-content-item\" id=\"features\" data-nav-section=\"features\"> <h2>Consultez la liste des fonctionnalit\u00e9s les plus puissantes\u00a0: <\/h2> <ul><li>Une biblioth\u00e8que d&rsquo;ic\u00f4nes de bulles \u00e0 choisir<\/li><li>Texte de bulle modifiable<\/li><li>En-t\u00eate de discussion avec logo de la page, nom, et l\u00e9gende<\/li><li>Choisir l&rsquo;image de la page par d\u00e9faut, dans la collection ou t\u00e9l\u00e9charger votre propre image<\/li><li>5\u00a0variantes d&rsquo;heure de r\u00e9ponse dans la l\u00e9gende de la fen\u00eatre de discussion<\/li><li>Une option \u00e0 choisir texte personnalis\u00e9 comme l\u00e9gende<\/li><li>Message de bienvenue modifiable \u00e0 l&rsquo;aide des options de formatage et des liens<\/li><\/ul><p><a href=\"#demo\">Explorez toutes les fonctionnalit\u00e9s de personnalisation dans une d\u00e9mo enti\u00e8rement fonctionnelle<\/a><\/p> <\/div> <div class=\"application-platform-content-item-installation application-platform-content-item\" id=\"installation\" data-nav-section=\"installation\"> <h2>Comment ajouter Viber Chat sur mon site GoDaddy\u00a0? <\/h2> <p>Suivez simplement plusieurs \u00e9tapes pr\u00e9sent\u00e9es ci-dessous pour commencer \u00e0 travailler avec le plugin. <\/p> <ol><li><b>Utilisez notre d\u00e9mo gratuite et commencez \u00e0 cr\u00e9er votre propre plugin. <\/b><br> Choisissez la disposition pr\u00e9f\u00e9rable et les caract\u00e9ristiques fonctionnelles de l&rsquo;outil et appliquez les modifications. <\/li> <li><b>R\u00e9cup\u00e9rez le code individuel apparaissant dans la fen\u00eatre sur Elfsight Apps<\/b><br> Juste apr\u00e8s la configuration de votre outil, copiez le code individuel dans la fen\u00eatre qui appara\u00eet et conservez-le pour une autre occasion. <\/li> <li><b>Commencez \u00e0 utiliser le plugin sur votre page Web GoDaddy<\/b><br> Int\u00e9grez le code que vous avez r\u00e9cemment enregistr\u00e9 dans votre page et appliquez les modifications. <\/li> <li><b>Vous avez termin\u00e9\u00a0! La configuration est enti\u00e8rement termin\u00e9e<\/b><br> Rendez-vous sur votre site Web pour inspecter le fonctionnement du plugin. <\/li><\/ol> <div class=\"tip-yellow tip\"><b>En raison des particularit\u00e9s de l&rsquo;affichage des insertions personnalis\u00e9es avec du code, les mod\u00e8les flottants peuvent avoir un aspect diff\u00e9rent de la d\u00e9mo en ligne. Veuillez prendre votre temps pour tester vos widgets.<\/b><\/div><p>Si vous rencontrez des difficult\u00e9s, n&rsquo;h\u00e9sitez pas \u00e0 faire appel \u00e0 notre \u00e9quipe d&rsquo;assistance. Nos collaborateurs ont h\u00e2te de vous aider avec toutes les questions que vous pourriez avoir avec l&rsquo;outil. <\/p> <div class=\"faq\" data-component=\"FAQ\"> <div class=\"faq-item\">\r\n\t\t\t\t\t<div class=\"faq-item-question\">\r\n\t\t\t\t\t\t<h3 class=\"faq-item-question-text\">Comment ajouter Viber Chat \u00e0 mon site Web GoDaddy sans comp\u00e9tences en codage ?<\/h3>\r\n\r\n\t\t\t\t\t\t<div class=\"faq-item-question-icon\"><\/div>\r\n\t\t\t\t\t<\/div>\r\n\r\n\t\t\t\t\t<div class=\"faq-item-answer\">\r\n\t\t\t\t\t\t<div class=\"faq-item-answer-text\"> <p>Elfsight fournit une solution SaaS qui vous permet de cr\u00e9er vous-m\u00eame un widget Viber Chat, voyez \u00e0 quel point le processus est simple est\u00a0: travaillez directement dans l&rsquo;\u00e9diteur en ligne pour cr\u00e9er un widget Viber Chat que vous aimeriez voir sur votre site Web GoDaddy. Choisissez l&rsquo;un des mod\u00e8les pr\u00e9d\u00e9finis et ajustez les param\u00e8tres de Viber Chat, ajoutez votre contenu, modifiez la mise en page et les couleurs sans comp\u00e9tences en codage. Enregistrez le chat Viber et copiez son code d&rsquo;installation, afin de pouvoir l&rsquo;ajouter sans effort \u00e0 votre site Web GoDaddy sans avoir besoin d&rsquo;acheter un forfait payant. Gr\u00e2ce \u00e0 notre \u00e9diteur intuitif, tout internaute peut cr\u00e9er un widget Viber Chat en ligne et l&rsquo;int\u00e9grer facilement \u00e0 son site Web GoDaddy. Il n&rsquo;est pas n\u00e9cessaire de payer ou de saisir les informations d&rsquo;identification de votre carte pour acc\u00e9der au service. Si vous rencontrez des probl\u00e8mes \u00e0 n&rsquo;importe quelle \u00e9tape, n&rsquo;h\u00e9sitez pas \u00e0 contacter notre \u00e9quipe d&rsquo;assistance technique.<\/p> <\/div>\r\n\t\t\t\t\t<\/div>\r\n\t\t\t\t<\/div> <\/div> <\/div>","protected":false},"excerpt":{"rendered":"","protected":false},"author":9,"featured_media":0,"parent":2802,"menu_order":0,"comment_status":"closed","ping_status":"closed","template":"templates\/template-application-platform.php","meta":{"publish_to_discourse":"","publish_post_category":"","wpdc_auto_publish_overridden":"","wpdc_topic_tags":"","wpdc_pin_topic":"","wpdc_pin_until":"","discourse_post_id":"","discourse_permalink":"","wpdc_publishing_response":"","wpdc_publishing_error":"","footnotes":""},"class_list":["post-10861","page","type-page","status-publish","hentry"],"yoast_head":"<!-- This site is optimized with the Yoast SEO plugin v25.3.1 - https:\/\/yoast.com\/wordpress\/plugins\/seo\/ -->\n<title>Viber Chat - Ajoutez le plugin Viber Chat au site Web GoDaddy\u00a0!<\/title>\n<meta name=\"description\" content=\"Int\u00e9grez Viber Chat sur votre site Web pour une connexion meilleure et plus rapide avec les clients. D\u00e9couvrez la d\u00e9mo Elfsight pour cr\u00e9er votre propre plugin d\u00e8s maintenant.\" \/>\n<meta name=\"robots\" content=\"index, follow, max-snippet:-1, max-image-preview:large, max-video-preview:-1\" \/>\n<link rel=\"canonical\" href=\"https:\/\/elfsight.com\/fr\/viber-chat-widget\/godaddy\/\" \/>\n<meta property=\"og:locale\" content=\"fr_FR\" \/>\n<meta property=\"og:type\" content=\"article\" \/>\n<meta property=\"og:title\" content=\"Viber Chat - Ajoutez le plugin Viber Chat au site Web GoDaddy\u00a0!\" \/>\n<meta property=\"og:description\" content=\"Int\u00e9grez Viber Chat sur votre site Web pour une connexion meilleure et plus rapide avec les clients. D\u00e9couvrez la d\u00e9mo Elfsight pour cr\u00e9er votre propre plugin d\u00e8s maintenant.\" \/>\n<meta property=\"og:url\" content=\"https:\/\/elfsight.com\/fr\/viber-chat-widget\/godaddy\/\" \/>\n<meta property=\"og:site_name\" content=\"Elfsight FR\" \/>\n<meta property=\"article:modified_time\" content=\"2025-07-10T14:03:35+00:00\" \/>\n<meta name=\"twitter:card\" content=\"summary_large_image\" \/>\n<meta name=\"twitter:label1\" content=\"Dur\u00e9e de lecture estim\u00e9e\" \/>\n\t<meta name=\"twitter:data1\" content=\"3 minutes\" \/>\n<!-- \/ Yoast SEO plugin. -->","yoast_head_json":{"title":"Viber Chat - Ajoutez le plugin Viber Chat au site Web GoDaddy\u00a0!","description":"Int\u00e9grez Viber Chat sur votre site Web pour une connexion meilleure et plus rapide avec les clients. D\u00e9couvrez la d\u00e9mo Elfsight pour cr\u00e9er votre propre plugin d\u00e8s maintenant.","robots":{"index":"index","follow":"follow","max-snippet":"max-snippet:-1","max-image-preview":"max-image-preview:large","max-video-preview":"max-video-preview:-1"},"canonical":"https:\/\/elfsight.com\/fr\/viber-chat-widget\/godaddy\/","og_locale":"fr_FR","og_type":"article","og_title":"Viber Chat - Ajoutez le plugin Viber Chat au site Web GoDaddy\u00a0!","og_description":"Int\u00e9grez Viber Chat sur votre site Web pour une connexion meilleure et plus rapide avec les clients. D\u00e9couvrez la d\u00e9mo Elfsight pour cr\u00e9er votre propre plugin d\u00e8s maintenant.","og_url":"https:\/\/elfsight.com\/fr\/viber-chat-widget\/godaddy\/","og_site_name":"Elfsight FR","article_modified_time":"2025-07-10T14:03:35+00:00","twitter_card":"summary_large_image","twitter_misc":{"Dur\u00e9e de lecture estim\u00e9e":"3 minutes"},"schema":{"@context":"https:\/\/schema.org","@graph":[{"@type":"WebPage","@id":"https:\/\/elfsight.com\/fr\/viber-chat-widget\/godaddy\/","url":"https:\/\/elfsight.com\/fr\/viber-chat-widget\/godaddy\/","name":"Viber Chat - Ajoutez le plugin Viber Chat au site Web GoDaddy\u00a0!","isPartOf":{"@id":"https:\/\/elfsight.com\/fr\/#website"},"datePublished":"1970-01-01T00:00:00+00:00","dateModified":"2025-07-10T14:03:35+00:00","description":"Int\u00e9grez Viber Chat sur votre site Web pour une connexion meilleure et plus rapide avec les clients. D\u00e9couvrez la d\u00e9mo Elfsight pour cr\u00e9er votre propre plugin d\u00e8s maintenant.","breadcrumb":{"@id":"https:\/\/elfsight.com\/fr\/viber-chat-widget\/godaddy\/#breadcrumb"},"inLanguage":"fr-FR","potentialAction":[{"@type":"ReadAction","target":["https:\/\/elfsight.com\/fr\/viber-chat-widget\/godaddy\/"]}]},{"@type":"BreadcrumbList","@id":"https:\/\/elfsight.com\/fr\/viber-chat-widget\/godaddy\/#breadcrumb","itemListElement":[{"@type":"ListItem","position":1,"name":"Home","item":"https:\/\/elfsight.com\/fr\/"},{"@type":"ListItem","position":2,"name":"Viber Chat","item":"https:\/\/elfsight.com\/fr\/viber-chat-widget\/"},{"@type":"ListItem","position":3,"name":"Viber Chat &#8211; GoDaddy"}]},{"@type":"WebSite","@id":"https:\/\/elfsight.com\/fr\/#website","url":"https:\/\/elfsight.com\/fr\/","name":"Elfsight FR","description":"","potentialAction":[{"@type":"SearchAction","target":{"@type":"EntryPoint","urlTemplate":"https:\/\/elfsight.com\/fr\/?s={search_term_string}"},"query-input":{"@type":"PropertyValueSpecification","valueRequired":true,"valueName":"search_term_string"}}],"inLanguage":"fr-FR"}]}},"meta_box":{"industry":"","seo_heading":"","heading":"","description":"","cta_heading":"","cta_description":"","application":"2799","h1":"Plugin GoDaddy Viber Chat","h1_caption":"Proposez Viber comme canal de communication sur votre site Web, permettant aux visiteurs d'acc\u00e9der facilement \u00e0 votre site Web GoDaddy sans effort.","application_category":[],"applications_title":"","applications_request_title":"","applications_request_button_text":"","hero_text":"","hero_video":"","hero_video_schema_markup":"","selling_points_title":"","selling_points_caption":"","selling_points":[],"selling_points_cta_text":"","features_title":"","features":"","ed_cta_examples_text":"","ed_cta_examples_hidden":"","ed_cta_demo_text":"","ed_cta_demo_hidden":"","why_caption":"","why_editor_title":"","why_editor_text":"","why_team_title":"","why_team_text":"","why_service_title":"","why_service_text":"","template_catalog_visible":"","template_catalog_title":"","template_catalog_text":"","template_catalog_categories_visible":"","demo_title":"Cr\u00e9ez votre plugin Viber Chat","demo_caption":"Configurez votre Viber Chat et ajoutez-le \u00e0 votre site Web GoDaddy gratuitement\u00a0!","default_faq_hidden":"","app_template_category":[],"platform":"370","template_public_id":"","codecanyon_url":"","codecanyon_item_id":"","codecanyon_price":"","pricing_caption":"","pricing_elfsight_apps_hide_column":"","pricing_elfsight_apps_url":"","pricing_codecanyon_price_caption":"","integration_category":[],"integration_request_title":"","integration_request_cta":"","integration_platform":"","integrations":[],"platform_category":[],"video_schema_markup":"","price":"\u00e0 partir de 0$ \/ mois","trial":"","benefits":[{"text":"Assistance \u00e0 l'installation gratuite"},{"text":"Assistance premium"},{"text":"Garantie de remboursement de 14 jours"},{"text":"Mise \u00e0 jour constante"}],"button_url":"","button_target_blank":"","button_nofollow":"","attributes":[{"name":"Installations","content":"10,000 - 100,000"},{"name":"Sensible","content":"Oui"},{"name":"Navigateurs compatibles","content":"IE11, Firefox, Safari, Opera, Chrome, Edge"}],"tags":[],"tags_disable_links":"","hide_more_platforms":"","video_object":"","demo_hide_cta":"","demo_hide_cloud_options":"","pricing_title":"","pricing":[{"pricing_icon":"platform","pricing_title":"Elfsight Apps","pricing_title_caption":"Solution num\u00e9rique multiplateforme","pricing_price":"from $0 \/ month","pricing_price_caption":"commencez avec un forfait gratuit","pricing_benefits":[{"text":"Domaines illimit\u00e9s"},{"text":"Assistance rapide de l'entreprise"},{"text":"Assistance \u00e0 l'installation gratuite"},{"text":"100% personnalisable"}],"pricing_button_text":"Ajouter au site Web","pricing_button_url":"#demo"}],"related_apps_title":"","related_apps_hidden":"","author":"","image":[],"title":"","job":"","social_networks":[]},"_links":{"self":[{"href":"https:\/\/elfsight.com\/fr\/wp-json\/wp\/v2\/pages\/10861","targetHints":{"allow":["GET"]}}],"collection":[{"href":"https:\/\/elfsight.com\/fr\/wp-json\/wp\/v2\/pages"}],"about":[{"href":"https:\/\/elfsight.com\/fr\/wp-json\/wp\/v2\/types\/page"}],"author":[{"embeddable":true,"href":"https:\/\/elfsight.com\/fr\/wp-json\/wp\/v2\/users\/9"}],"replies":[{"embeddable":true,"href":"https:\/\/elfsight.com\/fr\/wp-json\/wp\/v2\/comments?post=10861"}],"version-history":[{"count":1,"href":"https:\/\/elfsight.com\/fr\/wp-json\/wp\/v2\/pages\/10861\/revisions"}],"predecessor-version":[{"id":10865,"href":"https:\/\/elfsight.com\/fr\/wp-json\/wp\/v2\/pages\/10861\/revisions\/10865"}],"up":[{"embeddable":true,"href":"https:\/\/elfsight.com\/fr\/wp-json\/wp\/v2\/pages\/2802"}],"wp:attachment":[{"href":"https:\/\/elfsight.com\/fr\/wp-json\/wp\/v2\/media?parent=10861"}],"curies":[{"name":"wp","href":"https:\/\/api.w.org\/{rel}","templated":true}]}}