{"id":10859,"date":"1970-01-01T00:00:00","date_gmt":"1970-01-01T00:00:00","guid":{"rendered":"https:\/\/elfsight.com\/fr\/?page_id=10859"},"modified":"2025-07-10T14:03:57","modified_gmt":"2025-07-10T14:03:57","slug":"jimdo","status":"publish","type":"page","link":"https:\/\/elfsight.com\/fr\/viber-chat-widget\/jimdo\/","title":{"rendered":"Viber Chat &#8211; Jimdo"},"content":{"rendered":"<div class=\"application-platform-content-item-description application-platform-content-item\" id=\"description\" data-nav-section=\"description\"><h2>Description<\/h2> <p>Viber Chat cr\u00e9\u00e9 par Elfsight est le moyen le plus simple permettant aux utilisateurs de votre site Web de communiquer avec vous et d&rsquo;obtenir des r\u00e9ponses \u00e0 leurs questions. questions et demandes. Vous \u00eates libre de rester disponible en ligne pour la client\u00e8le dans leur messagerie bien-aim\u00e9e 24h\/24 et 7j\/7. Ajoutez Viber Chat sur une page Web et il peut appara\u00eetre sur les pages les plus importantes ou pour des types sp\u00e9cifiques de clients, choisir des d\u00e9clencheurs de d\u00e9marrage de discussion, afficher votre propre message de bienvenue, aligner les ic\u00f4nes et appliquer d&rsquo;autres personnalisations. En utilisant le chat Viber install\u00e9 sur le site, vous resterez inform\u00e9 que vous \u00eates vos visiteurs \u00e0 tout moment et quel que soit votre emplacement. <\/p><p><b>Rendez votre site plus efficace pour les cibles commerciales avec l&rsquo;aide de Viber Chat.<\/b><\/p> <\/div> <div class=\"application-platform-content-item-features application-platform-content-item\" id=\"features\" data-nav-section=\"features\"> <h2>Affichez le liste des fonctionnalit\u00e9s les plus puissantes\u00a0: <\/h2> <ul><li>Ins\u00e9rez Viber Messenger sur votre boutique pour rester toujours disponible avec les utilisateurs<\/li><li>R\u00e9pondez aux messages directement depuis votre page Viber<\/li><li>\u00a03\u00a0types d&#8217;emplacement de discussion\u00a0: sous forme de bulle flottante, de bulle int\u00e9gr\u00e9e et de fen\u00eatre de discussion int\u00e9gr\u00e9e.<\/li><li>Explorez une biblioth\u00e8que d&rsquo;ic\u00f4nes de bulle \u00e0 partir de laquelle vous pouvez extraire<\/li><li>Texte de bulle modifiable<\/li> <\/ul><p><a href=\"#demo\">Consultez simplement cette d\u00e9mo pour voir comment elle fonctionne<\/a><\/p> <\/div> <div class=\"application-platform-content-item-installation application-platform-content-item\" id=\"installation\" data-nav-section=\"installation\"> <h2>Comment ajouter Viber Chat \u00e0 un site Jimdo ? <\/h2> <p>Suivez simplement les instructions ci-dessous pour activer le widget. <\/p> <ol><li><b>Utilisez notre \u00e9diteur gratuit et commencez \u00e0 cr\u00e9er votre widget sur mesure. <\/b><br> D\u00e9terminez la disposition et les fonctionnalit\u00e9s s\u00e9lectionn\u00e9es de l&rsquo;outil et enregistrez les modifications. <\/li> <li><b>Obtenez le code individuel r\u00e9v\u00e9l\u00e9 dans la bo\u00eete sur les applications Elfsight. <\/b><br> Lorsque la personnalisation de votre outil personnel est termin\u00e9e, copiez le code personnel dans la fen\u00eatre contextuelle qui appara\u00eet et enregistrez-le pour une utilisation ult\u00e9rieure. <\/li> <li><b>Entrez en utilisant le widget sur votre page d&rsquo;accueil Jimdo. <\/b><br> Impl\u00e9mentez le code que vous avez enregistr\u00e9 auparavant dans votre page d&rsquo;accueil et appliquez les am\u00e9liorations. <\/li> <li><b>La configuration est effectu\u00e9e avec succ\u00e8s. <\/b><br> Visitez votre page Web pour examiner le fonctionnement du widget. <\/li><\/ol> <p>\u00c0 condition de r\u00e9pondre \u00e0 des questions ou de rencontrer des difficult\u00e9s, n&rsquo;h\u00e9sitez pas \u00e0 contacter notre service client. Nos collaborateurs seront ravis de vous aider avec toutes les questions que vous pourriez avoir avec le widget. <\/p> <div class=\"faq\" data-component=\"FAQ\"> <div class=\"faq-item\">\r\n\t\t\t\t\t<div class=\"faq-item-question\">\r\n\t\t\t\t\t\t<h3 class=\"faq-item-question-text\">Comment puis-je ajouter Viber Chat \u00e0 mon site Jimdo sans comp\u00e9tences en codage ?<\/h3>\r\n\r\n\t\t\t\t\t\t<div class=\"faq-item-question-icon\"><\/div>\r\n\t\t\t\t\t<\/div>\r\n\r\n\t\t\t\t\t<div class=\"faq-item-answer\">\r\n\t\t\t\t\t\t<div class=\"faq-item-answer-text\"> <p>Elfsight fournit une solution SaaS qui vous permet de cr\u00e9er vous-m\u00eame un widget Viber Chat, voyez \u00e0 quel point il est facile Le processus est le suivant\u00a0: travaillez directement dans l&rsquo;\u00e9diteur en ligne pour cr\u00e9er un widget Viber Chat que vous aimeriez voir sur votre site Web Jimdo. Choisissez l&rsquo;un des mod\u00e8les pr\u00e9d\u00e9finis et ajustez les param\u00e8tres de Viber Chat, ajoutez votre contenu, modifiez la mise en page et la palette de couleurs sans aucune comp\u00e9tence en codage. Enregistrez le Viber Chat et copiez son code d&rsquo;installation, que vous pouvez simplement int\u00e9grer dans votre site Web Jimdo sans avoir besoin d&rsquo;acheter une version payante. Gr\u00e2ce \u00e0 notre \u00e9diteur intuitif, tout internaute peut cr\u00e9er un widget Viber Chat en ligne et l&rsquo;int\u00e9grer facilement \u00e0 son site Web Jimdo. Il n&rsquo;est pas n\u00e9cessaire de payer ou de saisir les informations d&rsquo;identification de votre carte pour acc\u00e9der au service. Si vous rencontrez des probl\u00e8mes \u00e0 n&rsquo;importe quelle \u00e9tape, n&rsquo;h\u00e9sitez pas \u00e0 contacter notre \u00e9quipe d&rsquo;assistance technique.<\/p> <\/div>\r\n\t\t\t\t\t<\/div>\r\n\t\t\t\t<\/div> <\/div> <\/div>","protected":false},"excerpt":{"rendered":"","protected":false},"author":9,"featured_media":0,"parent":2802,"menu_order":0,"comment_status":"closed","ping_status":"closed","template":"templates\/template-application-platform.php","meta":{"publish_to_discourse":"","publish_post_category":"","wpdc_auto_publish_overridden":"","wpdc_topic_tags":"","wpdc_pin_topic":"","wpdc_pin_until":"","discourse_post_id":"","discourse_permalink":"","wpdc_publishing_response":"","wpdc_publishing_error":"","footnotes":""},"class_list":["post-10859","page","type-page","status-publish","hentry"],"yoast_head":"<!-- This site is optimized with the Yoast SEO plugin v25.3.1 - https:\/\/yoast.com\/wordpress\/plugins\/seo\/ -->\n<title>Ajouter Viber Chat au site Jimdo sans codage (2025)<\/title>\n<meta name=\"description\" content=\"Ajoutez Viber Chat \u00e0 votre site pour une communication meilleure et rapide avec les clients. Testez la d\u00e9mo gratuite d&#039;Elfsight pour configurer votre widget personnalis\u00e9 d\u00e8s maintenant.\" \/>\n<meta name=\"robots\" content=\"index, follow, max-snippet:-1, max-image-preview:large, max-video-preview:-1\" \/>\n<link rel=\"canonical\" href=\"https:\/\/elfsight.com\/fr\/viber-chat-widget\/jimdo\/\" \/>\n<meta property=\"og:locale\" content=\"fr_FR\" \/>\n<meta property=\"og:type\" content=\"article\" \/>\n<meta property=\"og:title\" content=\"Ajouter Viber Chat au site Jimdo sans codage (2025)\" \/>\n<meta property=\"og:description\" content=\"Ajoutez Viber Chat \u00e0 votre site pour une communication meilleure et rapide avec les clients. Testez la d\u00e9mo gratuite d&#039;Elfsight pour configurer votre widget personnalis\u00e9 d\u00e8s maintenant.\" \/>\n<meta property=\"og:url\" content=\"https:\/\/elfsight.com\/fr\/viber-chat-widget\/jimdo\/\" \/>\n<meta property=\"og:site_name\" content=\"Elfsight FR\" \/>\n<meta property=\"article:modified_time\" content=\"2025-07-10T14:03:57+00:00\" \/>\n<meta name=\"twitter:card\" content=\"summary_large_image\" \/>\n<meta name=\"twitter:label1\" content=\"Dur\u00e9e de lecture estim\u00e9e\" \/>\n\t<meta name=\"twitter:data1\" content=\"3 minutes\" \/>\n<!-- \/ Yoast SEO plugin. -->","yoast_head_json":{"title":"Ajouter Viber Chat au site Jimdo sans codage (2025)","description":"Ajoutez Viber Chat \u00e0 votre site pour une communication meilleure et rapide avec les clients. Testez la d\u00e9mo gratuite d'Elfsight pour configurer votre widget personnalis\u00e9 d\u00e8s maintenant.","robots":{"index":"index","follow":"follow","max-snippet":"max-snippet:-1","max-image-preview":"max-image-preview:large","max-video-preview":"max-video-preview:-1"},"canonical":"https:\/\/elfsight.com\/fr\/viber-chat-widget\/jimdo\/","og_locale":"fr_FR","og_type":"article","og_title":"Ajouter Viber Chat au site Jimdo sans codage (2025)","og_description":"Ajoutez Viber Chat \u00e0 votre site pour une communication meilleure et rapide avec les clients. Testez la d\u00e9mo gratuite d'Elfsight pour configurer votre widget personnalis\u00e9 d\u00e8s maintenant.","og_url":"https:\/\/elfsight.com\/fr\/viber-chat-widget\/jimdo\/","og_site_name":"Elfsight FR","article_modified_time":"2025-07-10T14:03:57+00:00","twitter_card":"summary_large_image","twitter_misc":{"Dur\u00e9e de lecture estim\u00e9e":"3 minutes"},"schema":{"@context":"https:\/\/schema.org","@graph":[{"@type":"WebPage","@id":"https:\/\/elfsight.com\/fr\/viber-chat-widget\/jimdo\/","url":"https:\/\/elfsight.com\/fr\/viber-chat-widget\/jimdo\/","name":"Ajouter Viber Chat au site Jimdo sans codage (2025)","isPartOf":{"@id":"https:\/\/elfsight.com\/fr\/#website"},"datePublished":"1970-01-01T00:00:00+00:00","dateModified":"2025-07-10T14:03:57+00:00","description":"Ajoutez Viber Chat \u00e0 votre site pour une communication meilleure et rapide avec les clients. Testez la d\u00e9mo gratuite d'Elfsight pour configurer votre widget personnalis\u00e9 d\u00e8s maintenant.","breadcrumb":{"@id":"https:\/\/elfsight.com\/fr\/viber-chat-widget\/jimdo\/#breadcrumb"},"inLanguage":"fr-FR","potentialAction":[{"@type":"ReadAction","target":["https:\/\/elfsight.com\/fr\/viber-chat-widget\/jimdo\/"]}]},{"@type":"BreadcrumbList","@id":"https:\/\/elfsight.com\/fr\/viber-chat-widget\/jimdo\/#breadcrumb","itemListElement":[{"@type":"ListItem","position":1,"name":"Home","item":"https:\/\/elfsight.com\/fr\/"},{"@type":"ListItem","position":2,"name":"Viber Chat","item":"https:\/\/elfsight.com\/fr\/viber-chat-widget\/"},{"@type":"ListItem","position":3,"name":"Viber Chat &#8211; Jimdo"}]},{"@type":"WebSite","@id":"https:\/\/elfsight.com\/fr\/#website","url":"https:\/\/elfsight.com\/fr\/","name":"Elfsight FR","description":"","potentialAction":[{"@type":"SearchAction","target":{"@type":"EntryPoint","urlTemplate":"https:\/\/elfsight.com\/fr\/?s={search_term_string}"},"query-input":{"@type":"PropertyValueSpecification","valueRequired":true,"valueName":"search_term_string"}}],"inLanguage":"fr-FR"}]}},"meta_box":{"industry":"","seo_heading":"","heading":"","description":"","cta_heading":"","cta_description":"","application":"2799","h1":"Chat Viber","h1_caption":"Proposez Viber comme canal de communication sur votre site Web, permettant ainsi aux visiteurs d'acc\u00e9der facilement \u00e0 votre site Web Jimdo.","application_category":[],"applications_title":"","applications_request_title":"","applications_request_button_text":"","hero_text":"","hero_video":"","hero_video_schema_markup":"","selling_points_title":"","selling_points_caption":"","selling_points":[],"selling_points_cta_text":"","features_title":"","features":"","ed_cta_examples_text":"","ed_cta_examples_hidden":"","ed_cta_demo_text":"","ed_cta_demo_hidden":"","why_caption":"","why_editor_title":"","why_editor_text":"","why_team_title":"","why_team_text":"","why_service_title":"","why_service_text":"","template_catalog_visible":"","template_catalog_title":"","template_catalog_text":"","template_catalog_categories_visible":"","demo_title":"Cr\u00e9ez votre widget Viber Chat","demo_caption":"Configurez votre Viber Chat et ajoutez-le gratuitement \u00e0 votre site Jimdo !","default_faq_hidden":"","app_template_category":[],"platform":"372","template_public_id":"","codecanyon_url":"","codecanyon_item_id":"","codecanyon_price":"","pricing_caption":"","pricing_elfsight_apps_hide_column":"","pricing_elfsight_apps_url":"","pricing_codecanyon_price_caption":"","integration_category":[],"integration_request_title":"","integration_request_cta":"","integration_platform":"","integrations":[],"platform_category":[],"video_schema_markup":"","price":"\u00e0 partir de 0$ \/ mois","trial":"","benefits":[{"text":"Aide \u00e0 l'installation gratuite"},{"text":"Support client exp\u00e9riment\u00e9"},{"text":"Garantie de remboursement de 14 jours"},{"text":"Mise \u00e0 jour constante"}],"button_url":"","button_target_blank":"","button_nofollow":"","attributes":[{"name":"Installations","content":"10,000 - 100,000"},{"name":"Sensible","content":"Oui"},{"name":"Navigateurs compatibles","content":"Firefox, Safari, Opera, Chrome, Edge"}],"tags":[],"tags_disable_links":"","hide_more_platforms":"","video_object":"","demo_hide_cta":"","demo_hide_cloud_options":"","pricing_title":"","pricing":[{"pricing_icon":"platform","pricing_title":"Elfsight Apps","pricing_title_caption":"Solution ind\u00e9pendante de la plate-forme qui convient \u00e0 n'importe quel site Web","pricing_price":"from $0 \/ month","pricing_price_caption":"commencez avec un forfait gratuit","pricing_benefits":[{"text":"Nombre de domaines illimit\u00e9"},{"text":"Assistance gratuite pour l'entreprise"},{"text":"Assistance \u00e0 l'installation gratuite"},{"text":"Totalement personnalisable"}],"pricing_button_text":"Ajouter au site Web","pricing_button_url":"#demo"}],"related_apps_title":"","related_apps_hidden":"","author":"","image":[],"title":"","job":"","social_networks":[]},"_links":{"self":[{"href":"https:\/\/elfsight.com\/fr\/wp-json\/wp\/v2\/pages\/10859","targetHints":{"allow":["GET"]}}],"collection":[{"href":"https:\/\/elfsight.com\/fr\/wp-json\/wp\/v2\/pages"}],"about":[{"href":"https:\/\/elfsight.com\/fr\/wp-json\/wp\/v2\/types\/page"}],"author":[{"embeddable":true,"href":"https:\/\/elfsight.com\/fr\/wp-json\/wp\/v2\/users\/9"}],"replies":[{"embeddable":true,"href":"https:\/\/elfsight.com\/fr\/wp-json\/wp\/v2\/comments?post=10859"}],"version-history":[{"count":1,"href":"https:\/\/elfsight.com\/fr\/wp-json\/wp\/v2\/pages\/10859\/revisions"}],"predecessor-version":[{"id":10863,"href":"https:\/\/elfsight.com\/fr\/wp-json\/wp\/v2\/pages\/10859\/revisions\/10863"}],"up":[{"embeddable":true,"href":"https:\/\/elfsight.com\/fr\/wp-json\/wp\/v2\/pages\/2802"}],"wp:attachment":[{"href":"https:\/\/elfsight.com\/fr\/wp-json\/wp\/v2\/media?parent=10859"}],"curies":[{"name":"wp","href":"https:\/\/api.w.org\/{rel}","templated":true}]}}