{"id":10858,"date":"1970-01-01T00:00:00","date_gmt":"1970-01-01T00:00:00","guid":{"rendered":"https:\/\/elfsight.com\/fr\/?page_id=10858"},"modified":"2025-07-10T14:02:49","modified_gmt":"2025-07-10T14:02:49","slug":"shopify","status":"publish","type":"page","link":"https:\/\/elfsight.com\/fr\/twitter-feed-widget\/shopify\/","title":{"rendered":"Twitter Feed &#8211; Shopify"},"content":{"rendered":"<div class=\"application-platform-content-item-description application-platform-content-item\" id=\"description\" data-nav-section=\"description\"><h2>Int\u00e9grer le flux Twitter sur Shopify avec le widget Elfsight<\/h2><p>Avec le flux Twitter Elfsight, vous pouvez facilement mettre un flux Twitter ou s\u00e9parer Tweets sur un site Web Shopify. Boostez l\u2019activit\u00e9 des utilisateurs et augmentez la confiance des clients, en pr\u00e9sentant une chronologie Twitter ou en vantant les t\u00e9moignages de clients sur vos offres. Les plus grands avantages du flux Twitter Elfsight pour votre site Web sont des mod\u00e8les pr\u00e9d\u00e9finis pour tous les cas d&rsquo;utilisation possibles et des param\u00e8tres vari\u00e9s ainsi qu&rsquo;une conception r\u00e9glable.<\/p><p><b>Augmentez l&rsquo;engagement et la confiance des visiteurs dans votre site Web<\/b><\/p><ul><li><b>Augmentez le niveau d&rsquo;engagement<\/b>.<br>Conservez le contenu le plus r\u00e9cent de l&rsquo;un des m\u00e9dias sociaux les plus approuv\u00e9s sur votre site pour attirer l&rsquo;attention des utilisateurs. Obtenez un taux d&rsquo;engagement plus \u00e9lev\u00e9 sur votre site.<\/li><li><b>Faites la promotion de votre Twitter et de votre site Web ensemble<\/b>.<br>Votre site Web est un outil suppl\u00e9mentaire de promotion de votre profil Twitter, avec des retweets et des r\u00e9ponses. pris en charge par le flux, tandis qu&rsquo;un engagement plus \u00e9lev\u00e9 et une preuve sociale sur le site Web peuvent am\u00e9liorer le r\u00e9f\u00e9rencement.<\/li><li><b>Une preuve sociale solide pour une plus grande confiance<\/b>.<br>D\u00e9montrez que vous g\u00e9rez activement votre compte Twitter pour convaincre les clients que votre entreprise est op\u00e9rationnelle et que vous avez envie d&rsquo;interagir et de vous rapprocher de vos visiteurs.<\/li><\/ul><\/div><div class=\"application-platform-content-item-features application-platform-content-item\" id=\"features\" data-nav-section=\"features\"><h2>Principales fonctionnalit\u00e9s de Widget de flux Twitter<\/h2><p>Les param\u00e8tres les plus pr\u00e9cieux de notre widget, qui lui permettent de devenir un outil Shopify parfaitement pratique\u00a0:<\/p><ul><li>Affichez les Tweets de votre propre compte ou s\u00e9lectionnez par hashtag\u00a0; <\/li><li>Masquer l&rsquo;en-t\u00eate pour afficher uniquement les Tweets\u00a0;<\/li><li>Jolis liens d&rsquo;aper\u00e7u dans les Tweets\u00a0;<\/li><li>Ouverture du tweet sur le symbole Twitter, cliquez sur\u00a0;<\/li><li>Retweet count, Like count dans les Tweets.<\/li><\/ul><p><a href=\"#demo\">D\u00e9couvrez toutes les fonctionnalit\u00e9s dans la d\u00e9mo en direct<\/a><\/p><\/div><div class=\"application-platform-content-item-installation application-platform-content-item\" id=\"installation\" data-nav-section=\"installation\"><h2>Comment ajouter un flux Twitter au site Web Shopify<\/h2><div class=\"video-container\"><iframe width=\"720\" height=\"405\" src=\"https:\/\/www.youtube.com\/embed\/pr-aTiGe3A4\" frameborder=\"0\" allowfullscreen=\"\"><\/iframe><\/div><p>L&rsquo;installation de l&rsquo;application ne prendra pas plus de 90 secondes et vous n&rsquo;aurez pas besoin de connaissances en programmation web. Voici nos br\u00e8ves instructions\u00a0:<\/p><ol><li><b>Lancez notre \u00e9diteur gratuit et commencez \u00e0 fa\u00e7onner votre application personnalis\u00e9e. <\/b><br> Choisissez la mise en page et les caract\u00e9ristiques appropri\u00e9es de l&rsquo;application et enregistrez toutes les modifications. <\/li> <li><b>Copiez votre code unique r\u00e9v\u00e9l\u00e9 dans la fen\u00eatre sur Elfsight Apps. <\/b><br> Juste apr\u00e8s la g\u00e9n\u00e9ration de votre application personnelle, copiez le code exclusif dans la fen\u00eatre qui appara\u00eet et enregistrez-le pour une occasion ult\u00e9rieure. <\/li> <li><b>Commencez \u00e0 utiliser l&rsquo;application sur la page Web de Shopify. <\/b><br> Int\u00e9grez le code copi\u00e9 r\u00e9cemment dans votre site web et enregistrez les am\u00e9liorations. <\/li> <li><b>L&rsquo;installation est effectu\u00e9e avec succ\u00e8s. <\/b><br> Visitez votre page Web pour jeter un \u0153il au fonctionnement de l&rsquo;application. <\/li><\/ol><p>Quelque chose s&rsquo;est mal pass\u00e9 lors de l&rsquo;installation ou de la personnalisation\u00a0? Vous pouvez essayer un <a href=\"https:\/\/elfsight.com\/tutorials\/how-to-add-twitter-feed-app-to-shopify\/\" target=\"_blank\" rel=\"noopener noreferrer\">complet guide<\/a> ou laissez un message \u00e0 notre centre d&rsquo;assistance avec une description compl\u00e8te de votre requ\u00eate. Nous serons heureux de r\u00e9soudre le probl\u00e8me.<\/p><\/div><div class=\"faq\" data-component=\"FAQ\"><div class=\"faq-item\">\r\n\t\t\t\t\t<div class=\"faq-item-question\">\r\n\t\t\t\t\t\t<h3 class=\"faq-item-question-text\">Existe-t-il une m\u00e9thode pour ajouter un flux Twitter \u00e0 mon site Web Shopify sans codage ? <\/h3>\r\n\r\n\t\t\t\t\t\t<div class=\"faq-item-question-icon\"><\/div>\r\n\t\t\t\t\t<\/div>\r\n\r\n\t\t\t\t\t<div class=\"faq-item-answer\">\r\n\t\t\t\t\t\t<div class=\"faq-item-answer-text\"><p>La soci\u00e9t\u00e9 Elfsight pr\u00e9sente une solution Cloud qui permet aux utilisateurs de cr\u00e9er eux-m\u00eames une section de flux Twitter. V\u00e9rifiez \u00e0 quel point le processus est simple\u00a0:<\/p><ul><li>Acc\u00e9dez \u00e0 l&rsquo;\u00e9diteur en direct pour cr\u00e9er une section de flux Twitter que vous souhaite int\u00e9grer sur la page d&rsquo;accueil de Shopify.<\/li><li>Choisissez l&rsquo;un de nos mod\u00e8les pr\u00e9d\u00e9finis et modifiez les param\u00e8tres du flux Twitter, mettez \u00e0 jour votre contenu, modifiez la mise en page et les couleurs sans connaissances en codage.<\/li><li>Enregistrez le flux Twitter et copiez le code du plugin pour l&rsquo;installation, que vous pouvez simplement inclure dans le site Web Shopify dans le cadre d&rsquo;un forfait gratuit.<\/li><\/ul><p>Avec notre configurateur simple, chaque utilisateur Web peut cr\u00e9er un flux Twitter et le coller sans effort vers la page d&rsquo;accueil de Shopify. Vous ne devez pas payer ni divulguer les donn\u00e9es de votre carte pour acc\u00e9der \u00e0 notre service. Si vous rencontrez des probl\u00e8mes de quelque nature que ce soit, n&rsquo;h\u00e9sitez pas \u00e0 contacter notre service client.<\/p><\/div>\r\n\t\t\t\t\t<\/div>\r\n\t\t\t\t<\/div><\/div>","protected":false},"excerpt":{"rendered":"","protected":false},"author":9,"featured_media":0,"parent":1058,"menu_order":0,"comment_status":"closed","ping_status":"closed","template":"templates\/template-application-platform.php","meta":{"publish_to_discourse":"","publish_post_category":"","wpdc_auto_publish_overridden":"","wpdc_topic_tags":"","wpdc_pin_topic":"","wpdc_pin_until":"","discourse_post_id":"","discourse_permalink":"","wpdc_publishing_response":"","wpdc_publishing_error":"","footnotes":""},"class_list":["post-10858","page","type-page","status-publish","hentry"],"yoast_head":"<!-- This site is optimized with the Yoast SEO plugin v25.3.1 - https:\/\/yoast.com\/wordpress\/plugins\/seo\/ -->\n<title>Fil Twitter - Ajouter l&#039;application Twitter au site Web Shopify (2026)<\/title>\n<meta name=\"description\" content=\"Cr\u00e9ez votre application de flux Twitter personnalis\u00e9e pour Shopify en seulement 90 secondes. D\u00e9couvrez une d\u00e9mo d&#039;Elfsight totalement gratuite pour la cr\u00e9ation la plus simple de widgets.\" \/>\n<meta name=\"robots\" content=\"index, follow, max-snippet:-1, max-image-preview:large, max-video-preview:-1\" \/>\n<link rel=\"canonical\" href=\"https:\/\/elfsight.com\/fr\/twitter-feed-widget\/shopify\/\" \/>\n<meta property=\"og:locale\" content=\"fr_FR\" \/>\n<meta property=\"og:type\" content=\"article\" \/>\n<meta property=\"og:title\" content=\"Fil Twitter - Ajouter l&#039;application Twitter au site Web Shopify (2026)\" \/>\n<meta property=\"og:description\" content=\"Cr\u00e9ez votre application de flux Twitter personnalis\u00e9e pour Shopify en seulement 90 secondes. D\u00e9couvrez une d\u00e9mo d&#039;Elfsight totalement gratuite pour la cr\u00e9ation la plus simple de widgets.\" \/>\n<meta property=\"og:url\" content=\"https:\/\/elfsight.com\/fr\/twitter-feed-widget\/shopify\/\" \/>\n<meta property=\"og:site_name\" content=\"Elfsight FR\" \/>\n<meta property=\"article:modified_time\" content=\"2025-07-10T14:02:49+00:00\" \/>\n<meta name=\"twitter:card\" content=\"summary_large_image\" \/>\n<meta name=\"twitter:label1\" content=\"Dur\u00e9e de lecture estim\u00e9e\" \/>\n\t<meta name=\"twitter:data1\" content=\"4 minutes\" \/>\n<!-- \/ Yoast SEO plugin. -->","yoast_head_json":{"title":"Fil Twitter - Ajouter l'application Twitter au site Web Shopify (2026)","description":"Cr\u00e9ez votre application de flux Twitter personnalis\u00e9e pour Shopify en seulement 90 secondes. D\u00e9couvrez une d\u00e9mo d'Elfsight totalement gratuite pour la cr\u00e9ation la plus simple de widgets.","robots":{"index":"index","follow":"follow","max-snippet":"max-snippet:-1","max-image-preview":"max-image-preview:large","max-video-preview":"max-video-preview:-1"},"canonical":"https:\/\/elfsight.com\/fr\/twitter-feed-widget\/shopify\/","og_locale":"fr_FR","og_type":"article","og_title":"Fil Twitter - Ajouter l'application Twitter au site Web Shopify (2026)","og_description":"Cr\u00e9ez votre application de flux Twitter personnalis\u00e9e pour Shopify en seulement 90 secondes. D\u00e9couvrez une d\u00e9mo d'Elfsight totalement gratuite pour la cr\u00e9ation la plus simple de widgets.","og_url":"https:\/\/elfsight.com\/fr\/twitter-feed-widget\/shopify\/","og_site_name":"Elfsight FR","article_modified_time":"2025-07-10T14:02:49+00:00","twitter_card":"summary_large_image","twitter_misc":{"Dur\u00e9e de lecture estim\u00e9e":"4 minutes"},"schema":{"@context":"https:\/\/schema.org","@graph":[{"@type":"WebPage","@id":"https:\/\/elfsight.com\/fr\/twitter-feed-widget\/shopify\/","url":"https:\/\/elfsight.com\/fr\/twitter-feed-widget\/shopify\/","name":"Fil Twitter - Ajouter l'application Twitter au site Web Shopify (2026)","isPartOf":{"@id":"https:\/\/elfsight.com\/fr\/#website"},"datePublished":"1970-01-01T00:00:00+00:00","dateModified":"2025-07-10T14:02:49+00:00","description":"Cr\u00e9ez votre application de flux Twitter personnalis\u00e9e pour Shopify en seulement 90 secondes. D\u00e9couvrez une d\u00e9mo d'Elfsight totalement gratuite pour la cr\u00e9ation la plus simple de widgets.","breadcrumb":{"@id":"https:\/\/elfsight.com\/fr\/twitter-feed-widget\/shopify\/#breadcrumb"},"inLanguage":"fr-FR","potentialAction":[{"@type":"ReadAction","target":["https:\/\/elfsight.com\/fr\/twitter-feed-widget\/shopify\/"]}]},{"@type":"BreadcrumbList","@id":"https:\/\/elfsight.com\/fr\/twitter-feed-widget\/shopify\/#breadcrumb","itemListElement":[{"@type":"ListItem","position":1,"name":"Home","item":"https:\/\/elfsight.com\/fr\/"},{"@type":"ListItem","position":2,"name":"Twitter Feed","item":"https:\/\/elfsight.com\/fr\/twitter-feed-widget\/"},{"@type":"ListItem","position":3,"name":"Twitter Feed &#8211; Shopify"}]},{"@type":"WebSite","@id":"https:\/\/elfsight.com\/fr\/#website","url":"https:\/\/elfsight.com\/fr\/","name":"Elfsight FR","description":"","potentialAction":[{"@type":"SearchAction","target":{"@type":"EntryPoint","urlTemplate":"https:\/\/elfsight.com\/fr\/?s={search_term_string}"},"query-input":{"@type":"PropertyValueSpecification","valueRequired":true,"valueName":"search_term_string"}}],"inLanguage":"fr-FR"}]}},"meta_box":{"industry":"","seo_heading":"","heading":"","description":"","cta_heading":"","cta_description":"","application":"1057","h1":"Application de flux Twitter pour Shopify","h1_caption":"Int\u00e9grez des tweets depuis votre compte Twitter ou par hashtag pour tenir vos visiteurs inform\u00e9s du contenu en temps r\u00e9el sur votre site Web Shopify sans effort.","application_category":[],"applications_title":"","applications_request_title":"","applications_request_button_text":"","hero_text":"","hero_video":"","hero_video_schema_markup":"","selling_points_title":"","selling_points_caption":"","selling_points":[],"selling_points_cta_text":"","features_title":"","features":"","ed_cta_examples_text":"","ed_cta_examples_hidden":"","ed_cta_demo_text":"","ed_cta_demo_hidden":"","why_caption":"","why_editor_title":"","why_editor_text":"","why_team_title":"","why_team_text":"","why_service_title":"","why_service_text":"","template_catalog_visible":"","template_catalog_title":"","template_catalog_text":"","template_catalog_categories_visible":"","demo_title":"Cr\u00e9ez votre application de flux Twitter","demo_caption":"Configurez votre flux Twitter et ajoutez-le gratuitement \u00e0 votre site Web Shopify\u00a0!","default_faq_hidden":"","app_template_category":[],"platform":"360","template_public_id":"","codecanyon_url":"","codecanyon_item_id":"","codecanyon_price":"","pricing_caption":"","pricing_elfsight_apps_hide_column":"","pricing_elfsight_apps_url":"","pricing_codecanyon_price_caption":"","integration_category":[],"integration_request_title":"","integration_request_cta":"","integration_platform":"","integrations":[],"platform_category":[],"video_schema_markup":"","price":"\u00e0 partir de 0$ \/ mois","trial":"","benefits":[{"text":"Service d'installation gratuit"},{"text":"Assistance premium"},{"text":"Garantie de remboursement de 14 jours"},{"text":"Mises \u00e0 jour gratuites et continues"}],"button_url":"","button_target_blank":"","button_nofollow":"","attributes":[{"name":"Installations","content":"10,000 - 100,000"},{"name":"Sensible","content":"Oui"},{"name":"Navigateurs compatibles","content":"Firefox, Safari, Opera, Chrome, Edge"}],"tags":[],"tags_disable_links":"","hide_more_platforms":"","video_object":"","demo_hide_cta":"","demo_hide_cloud_options":"","pricing_title":"","pricing":[{"pricing_icon":"cloud","pricing_title":"Elfsight Apps","pricing_title_caption":"Version multiplateforme qui fonctionne sur n'importe quel site Web","pricing_price":"from $0 \/ month","pricing_price_caption":"commencez avec un forfait gratuit","pricing_benefits":[{"text":"Sites Web illimit\u00e9s"},{"text":"Assistance premium"},{"text":"Service d'installation gratuit"},{"text":"Offre sp\u00e9ciale pour plusieurs applications"}],"pricing_button_text":"Ajouter au site Web","pricing_button_url":"#demo"}],"related_apps_title":"","related_apps_hidden":"","author":"","image":[],"title":"","job":"","social_networks":[]},"_links":{"self":[{"href":"https:\/\/elfsight.com\/fr\/wp-json\/wp\/v2\/pages\/10858","targetHints":{"allow":["GET"]}}],"collection":[{"href":"https:\/\/elfsight.com\/fr\/wp-json\/wp\/v2\/pages"}],"about":[{"href":"https:\/\/elfsight.com\/fr\/wp-json\/wp\/v2\/types\/page"}],"author":[{"embeddable":true,"href":"https:\/\/elfsight.com\/fr\/wp-json\/wp\/v2\/users\/9"}],"replies":[{"embeddable":true,"href":"https:\/\/elfsight.com\/fr\/wp-json\/wp\/v2\/comments?post=10858"}],"version-history":[{"count":2,"href":"https:\/\/elfsight.com\/fr\/wp-json\/wp\/v2\/pages\/10858\/revisions"}],"predecessor-version":[{"id":14792,"href":"https:\/\/elfsight.com\/fr\/wp-json\/wp\/v2\/pages\/10858\/revisions\/14792"}],"up":[{"embeddable":true,"href":"https:\/\/elfsight.com\/fr\/wp-json\/wp\/v2\/pages\/1058"}],"wp:attachment":[{"href":"https:\/\/elfsight.com\/fr\/wp-json\/wp\/v2\/media?parent=10858"}],"curies":[{"name":"wp","href":"https:\/\/api.w.org\/{rel}","templated":true}]}}