{"id":10851,"date":"1970-01-01T00:00:00","date_gmt":"1970-01-01T00:00:00","guid":{"rendered":"https:\/\/elfsight.com\/fr\/?page_id=10851"},"modified":"2025-07-10T14:03:02","modified_gmt":"2025-07-10T14:03:02","slug":"webnode","status":"publish","type":"page","link":"https:\/\/elfsight.com\/fr\/twitter-feed-widget\/webnode\/","title":{"rendered":"Twitter Feed &#8211; Webnode"},"content":{"rendered":"<div class=\"application-platform-content-item-description application-platform-content-item\" id=\"description\" data-nav-section=\"description\"><h2>Description<\/h2><p>Avec le widget Twitter d&rsquo;Elfsight, il vous sera tr\u00e8s simple d&rsquo;ajouter un flux Twitter ou des Tweets uniques sur votre Webnode site web. Am\u00e9liorez l&rsquo;engagement des visiteurs et renforcez la confiance des clients en ajoutant une chronologie Twitter ou en vous vantant des meilleurs Tweets avec des t\u00e9moignages de clients sur vos offres. Les avantages les plus importants d&rsquo;Elfsight Twitter pour un site Web sont des mod\u00e8les pr\u00eats \u00e0 l&#8217;emploi pour tous les cas d&rsquo;utilisation et diverses options de param\u00e8tres ainsi qu&rsquo;une conception r\u00e9glable.<\/p><p><b>Augmentez le niveau d&rsquo;engagement de votre site et faites il est fiable pour votre audience<\/b><\/p><ul><li><b>Retenez les clients sur le site Web plus longtemps<\/b>.<br>Faites en sorte que vos utilisateurs restent plus longtemps sur votre site, en les engageant avec des Tweets s\u00e9par\u00e9s sur des sujets connexes ou engagez-les dans vos activit\u00e9s promotionnelles promues par Twitter.<\/li><li><b>Ayez plus de followers<\/b>.<br>Le fil Twitter interactif d&rsquo;Elfsight permet aux clients de suivre votre compte sans quitter votre site. Ayez une autre source de followers et d\u00e9veloppez votre communaut\u00e9 Twitter.<\/li><li><b>Am\u00e9liorez la confiance dans votre entreprise gr\u00e2ce aux tweets de t\u00e9moignages<\/b>.<br>S\u00e9lectionnez les meilleurs t\u00e9moignages de clients sur votre entreprise sur Twitter et d\u00e9voilez-les. sur votre site pour renforcer la confiance des clients et rendre vos articles irr\u00e9sistibles pour votre public.<\/li><\/ul><p><\/div><\/p><div class=\"application-platform-content-item-features application-platform-content-item\" id=\"features\" data-nav-section=\"features\"><\/p><h2>Fonctionnalit\u00e9s<\/h2><p>Quelles fonctionnalit\u00e9s font du widget Elfsight le meilleur pour chaque site Webnode\u00a0? D\u00e9couvrez ses avantages r\u00e9volutionnaires\u00a0:<\/p><ul><li>Cr\u00e9ez un flux avec des tweets de t\u00e9moignage sur votre entreprise\u00a0;<\/li><li>D\u00e9finissez la largeur du widget ou d\u00e9finissez-le sur toute la largeur\u00a0;<\/li><li> Copiez le lien Tweets\u00a0;<\/li><li>Cliquez sur l&rsquo;ouverture du tweet sur le symbole Twitter\u00a0;<\/li><li>Compte de suivis et de followers dans l&rsquo;en-t\u00eate.<\/li><\/ul><p><a href=\" #demo\">Essayez toutes les fonctionnalit\u00e9s dans notre \u00e9diteur<\/a><\/p><p><\/div><div class=\"application-platform-content-item-installation application-platform-content-item\" id=\"installation\" data-nav-section=\"installation\"><h2>Comment ajoutez le flux Twitter au site Webnode<\/h2><p>Voir notre tutoriel express sur l&rsquo;int\u00e9gration et la conception du widget. Le processus d&rsquo;installation ne prendra qu&rsquo;environ 90 secondes et il n&rsquo;est pas n\u00e9cessaire d&rsquo;avoir des comp\u00e9tences en programmation.<\/p><ol><li><b>Construisez votre widget Twitter personnel<\/b>.<br>Avec l&rsquo;aide de notre configurateur gratuit, cr\u00e9ez un widget avec la conception et les capacit\u00e9s requises.<\/li><li><b>Acqu\u00e9rir un code pour afficher le widget<\/b>.<br>Apr\u00e8s la configuration du widget, obtenez un code pour le flux Twitter \u00e0 partir de l&rsquo;\u00e9cran affich\u00e9. fen\u00eatre sur les applications Elfsight.<\/li><li><b>Affichez le widget sur votre site Webnode<\/b>.<br>Placez le widget \u00e0 l&rsquo;endroit souhait\u00e9 de la page et appliquez les modifications.<\/li><li><b>Vous avez effectu\u00e9 l&rsquo;installation avec succ\u00e8s<\/b>.<br>Entrez sur votre site Webnode pour v\u00e9rifier votre widget.<\/li><\/ol><p>Vous rencontrez des probl\u00e8mes lors de l&rsquo;application des instructions\u00a0? Envoyez un message \u00e0 l&rsquo;\u00e9quipe d&rsquo;assistance d&rsquo;Elfsight ou \u00e9tudiez le <a href=\"https:\/\/elfsight.com\/tutorials\/how-to-add-twitter-feed-widget-to-webnode\/\" target=\"_blank\" rel=\"noopener noreferrer\">variante compl\u00e8te<\/a> du manuel et terminez l&rsquo;installation par vous-m\u00eame.<\/p><\/div><div class=\"faq\" data-component=\"FAQ\"><div class=\"faq-item\">\r\n\t\t\t\t\t<div class=\"faq-item-question\">\r\n\t\t\t\t\t\t<h3 class=\"faq-item-question-text\">De quelle mani\u00e8re puis-je ajouter un flux Twitter \u00e0 ma page Web Webnode sans exp\u00e9rience en codage ?<\/h3>\r\n\r\n\t\t\t\t\t\t<div class=\"faq-item-question-icon\"><\/div>\r\n\t\t\t\t\t<\/div>\r\n\r\n\t\t\t\t\t<div class=\"faq-item-answer\">\r\n\t\t\t\t\t\t<div class=\"faq-item-answer-text\"><p>La soci\u00e9t\u00e9 Elfsight propose une solution SaaS qui vous permet de cr\u00e9er vous-m\u00eame une application de flux Twitter. Consultez les instructions simples\u00a0:<\/p><ul><li> Travaillez directement dans la d\u00e9mo en ligne pour cr\u00e9er un widget de flux Twitter que vous souhaitez ajouter sur Webnode.<\/li><li>S\u00e9lectionnez l&rsquo;un de nos mod\u00e8les pr\u00e9d\u00e9finis et adaptez les param\u00e8tres du flux Twitter, mettez \u00e0 jour votre contenu, changez la mise en page et couleurs sans comp\u00e9tences en codage.<\/li><li>Cliquez pour enregistrer le flux Twitter et copier le code \u00e0 int\u00e9grer, que vous pouvez facilement int\u00e9grer dans votre site Web Webnode sans acheter de version payante.<\/li><\/ul><p> Avec le configurateur convivial, chaque utilisateur Web peut cr\u00e9er un plugin Twitter Feed et le coller facilement sur la page Web Webnode. Vous ne devez pas payer ni soumettre les informations d\u2019identification de votre carte pour acc\u00e9der au service Elfsight. Si vous rencontrez des probl\u00e8mes de quelque nature que ce soit, n&rsquo;h\u00e9sitez pas \u00e0 parler \u00e0 notre \u00e9quipe d&rsquo;assistance technique.<\/p><\/div>\r\n\t\t\t\t\t<\/div>\r\n\t\t\t\t<\/div><\/div>","protected":false},"excerpt":{"rendered":"","protected":false},"author":9,"featured_media":0,"parent":1058,"menu_order":0,"comment_status":"closed","ping_status":"closed","template":"templates\/template-application-platform.php","meta":{"publish_to_discourse":"","publish_post_category":"","wpdc_auto_publish_overridden":"","wpdc_topic_tags":"","wpdc_pin_topic":"","wpdc_pin_until":"","discourse_post_id":"","discourse_permalink":"","wpdc_publishing_response":"","wpdc_publishing_error":"","footnotes":""},"class_list":["post-10851","page","type-page","status-publish","hentry"],"yoast_head":"<!-- This site is optimized with the Yoast SEO plugin v25.3.1 - https:\/\/yoast.com\/wordpress\/plugins\/seo\/ -->\n<title>Le meilleur widget de flux Twitter pour le site Webnode (2025)<\/title>\n<meta name=\"description\" content=\"Cr\u00e9ez votre widget de flux Twitter personnalis\u00e9 pour Webnode en seulement 90 secondes. D\u00e9couvrez une d\u00e9mo d&#039;Elfsight totalement gratuite pour la cr\u00e9ation la plus simple de widgets.\" \/>\n<meta name=\"robots\" content=\"index, follow, max-snippet:-1, max-image-preview:large, max-video-preview:-1\" \/>\n<link rel=\"canonical\" href=\"https:\/\/elfsight.com\/fr\/twitter-feed-widget\/webnode\/\" \/>\n<meta property=\"og:locale\" content=\"fr_FR\" \/>\n<meta property=\"og:type\" content=\"article\" \/>\n<meta property=\"og:title\" content=\"Le meilleur widget de flux Twitter pour le site Webnode (2025)\" \/>\n<meta property=\"og:description\" content=\"Cr\u00e9ez votre widget de flux Twitter personnalis\u00e9 pour Webnode en seulement 90 secondes. D\u00e9couvrez une d\u00e9mo d&#039;Elfsight totalement gratuite pour la cr\u00e9ation la plus simple de widgets.\" \/>\n<meta property=\"og:url\" content=\"https:\/\/elfsight.com\/fr\/twitter-feed-widget\/webnode\/\" \/>\n<meta property=\"og:site_name\" content=\"Elfsight FR\" \/>\n<meta property=\"article:modified_time\" content=\"2025-07-10T14:03:02+00:00\" \/>\n<meta name=\"twitter:card\" content=\"summary_large_image\" \/>\n<meta name=\"twitter:label1\" content=\"Dur\u00e9e de lecture estim\u00e9e\" \/>\n\t<meta name=\"twitter:data1\" content=\"3 minutes\" \/>\n<!-- \/ Yoast SEO plugin. -->","yoast_head_json":{"title":"Le meilleur widget de flux Twitter pour le site Webnode (2025)","description":"Cr\u00e9ez votre widget de flux Twitter personnalis\u00e9 pour Webnode en seulement 90 secondes. D\u00e9couvrez une d\u00e9mo d'Elfsight totalement gratuite pour la cr\u00e9ation la plus simple de widgets.","robots":{"index":"index","follow":"follow","max-snippet":"max-snippet:-1","max-image-preview":"max-image-preview:large","max-video-preview":"max-video-preview:-1"},"canonical":"https:\/\/elfsight.com\/fr\/twitter-feed-widget\/webnode\/","og_locale":"fr_FR","og_type":"article","og_title":"Le meilleur widget de flux Twitter pour le site Webnode (2025)","og_description":"Cr\u00e9ez votre widget de flux Twitter personnalis\u00e9 pour Webnode en seulement 90 secondes. D\u00e9couvrez une d\u00e9mo d'Elfsight totalement gratuite pour la cr\u00e9ation la plus simple de widgets.","og_url":"https:\/\/elfsight.com\/fr\/twitter-feed-widget\/webnode\/","og_site_name":"Elfsight FR","article_modified_time":"2025-07-10T14:03:02+00:00","twitter_card":"summary_large_image","twitter_misc":{"Dur\u00e9e de lecture estim\u00e9e":"3 minutes"},"schema":{"@context":"https:\/\/schema.org","@graph":[{"@type":"WebPage","@id":"https:\/\/elfsight.com\/fr\/twitter-feed-widget\/webnode\/","url":"https:\/\/elfsight.com\/fr\/twitter-feed-widget\/webnode\/","name":"Le meilleur widget de flux Twitter pour le site Webnode (2025)","isPartOf":{"@id":"https:\/\/elfsight.com\/fr\/#website"},"datePublished":"1970-01-01T00:00:00+00:00","dateModified":"2025-07-10T14:03:02+00:00","description":"Cr\u00e9ez votre widget de flux Twitter personnalis\u00e9 pour Webnode en seulement 90 secondes. D\u00e9couvrez une d\u00e9mo d'Elfsight totalement gratuite pour la cr\u00e9ation la plus simple de widgets.","breadcrumb":{"@id":"https:\/\/elfsight.com\/fr\/twitter-feed-widget\/webnode\/#breadcrumb"},"inLanguage":"fr-FR","potentialAction":[{"@type":"ReadAction","target":["https:\/\/elfsight.com\/fr\/twitter-feed-widget\/webnode\/"]}]},{"@type":"BreadcrumbList","@id":"https:\/\/elfsight.com\/fr\/twitter-feed-widget\/webnode\/#breadcrumb","itemListElement":[{"@type":"ListItem","position":1,"name":"Home","item":"https:\/\/elfsight.com\/fr\/"},{"@type":"ListItem","position":2,"name":"Twitter Feed","item":"https:\/\/elfsight.com\/fr\/twitter-feed-widget\/"},{"@type":"ListItem","position":3,"name":"Twitter Feed &#8211; Webnode"}]},{"@type":"WebSite","@id":"https:\/\/elfsight.com\/fr\/#website","url":"https:\/\/elfsight.com\/fr\/","name":"Elfsight FR","description":"","potentialAction":[{"@type":"SearchAction","target":{"@type":"EntryPoint","urlTemplate":"https:\/\/elfsight.com\/fr\/?s={search_term_string}"},"query-input":{"@type":"PropertyValueSpecification","valueRequired":true,"valueName":"search_term_string"}}],"inLanguage":"fr-FR"}]}},"meta_box":{"industry":"","seo_heading":"","heading":"","description":"","cta_heading":"","cta_description":"","application":"1057","h1":"Widget de flux Twitter Webnode","h1_caption":"Int\u00e9grez des tweets depuis votre compte Twitter ou par hashtag pour tenir vos visiteurs inform\u00e9s du contenu en temps r\u00e9el sur votre site Webnode sans effort.","application_category":[],"applications_title":"","applications_request_title":"","applications_request_button_text":"","hero_text":"","hero_video":"","hero_video_schema_markup":"","selling_points_title":"","selling_points_caption":"","selling_points":[],"selling_points_cta_text":"","features_title":"","features":"","ed_cta_examples_text":"","ed_cta_examples_hidden":"","ed_cta_demo_text":"","ed_cta_demo_hidden":"","why_caption":"","why_editor_title":"","why_editor_text":"","why_team_title":"","why_team_text":"","why_service_title":"","why_service_text":"","template_catalog_visible":"","template_catalog_title":"","template_catalog_text":"","template_catalog_categories_visible":"","demo_title":"Cr\u00e9ez votre widget de flux Twitter","demo_caption":"Configurez votre flux Twitter et ajoutez-le gratuitement \u00e0 votre site Webnode !","default_faq_hidden":"","app_template_category":[],"platform":"364","template_public_id":"","codecanyon_url":"","codecanyon_item_id":"","codecanyon_price":"","pricing_caption":"","pricing_elfsight_apps_hide_column":"","pricing_elfsight_apps_url":"","pricing_codecanyon_price_caption":"","integration_category":[],"integration_request_title":"","integration_request_cta":"","integration_platform":"","integrations":[],"platform_category":[],"video_schema_markup":"","price":"\u00e0 partir de 0$ \/ mois","trial":"","benefits":[{"text":"Service d'installation gratuit"},{"text":"Support client exp\u00e9riment\u00e9"},{"text":"Garantie de remboursement de 14 jours"},{"text":"Futures am\u00e9liorations gratuites"}],"button_url":"","button_target_blank":"","button_nofollow":"","attributes":[{"name":"Installations","content":"10,000 - 100,000"},{"name":"Sensible","content":"Oui"},{"name":"Navigateurs compatibles","content":"Firefox, Safari, Opera, Chrome, Edge"}],"tags":[],"tags_disable_links":"","hide_more_platforms":"","video_object":"","demo_hide_cta":"","demo_hide_cloud_options":"","pricing_title":"","pricing":[{"pricing_icon":"platform","pricing_title":"Elfsight Apps","pricing_title_caption":"Solution multiplateforme","pricing_price":"from $0 \/ month","pricing_price_caption":"commencez avec un forfait gratuit","pricing_benefits":[{"text":"Sites Web illimit\u00e9s"},{"text":"Assistance rapide et ponctuelle et bien document\u00e9e"},{"text":"Aide \u00e0 l'installation gratuite"},{"text":"Offre sp\u00e9ciale pour plusieurs applications"}],"pricing_button_text":"Ajouter au site Web","pricing_button_url":"#demo"}],"related_apps_title":"","related_apps_hidden":"","author":"","image":[],"title":"","job":"","social_networks":[]},"_links":{"self":[{"href":"https:\/\/elfsight.com\/fr\/wp-json\/wp\/v2\/pages\/10851","targetHints":{"allow":["GET"]}}],"collection":[{"href":"https:\/\/elfsight.com\/fr\/wp-json\/wp\/v2\/pages"}],"about":[{"href":"https:\/\/elfsight.com\/fr\/wp-json\/wp\/v2\/types\/page"}],"author":[{"embeddable":true,"href":"https:\/\/elfsight.com\/fr\/wp-json\/wp\/v2\/users\/9"}],"replies":[{"embeddable":true,"href":"https:\/\/elfsight.com\/fr\/wp-json\/wp\/v2\/comments?post=10851"}],"version-history":[{"count":1,"href":"https:\/\/elfsight.com\/fr\/wp-json\/wp\/v2\/pages\/10851\/revisions"}],"predecessor-version":[{"id":10855,"href":"https:\/\/elfsight.com\/fr\/wp-json\/wp\/v2\/pages\/10851\/revisions\/10855"}],"up":[{"embeddable":true,"href":"https:\/\/elfsight.com\/fr\/wp-json\/wp\/v2\/pages\/1058"}],"wp:attachment":[{"href":"https:\/\/elfsight.com\/fr\/wp-json\/wp\/v2\/media?parent=10851"}],"curies":[{"name":"wp","href":"https:\/\/api.w.org\/{rel}","templated":true}]}}