{"id":10837,"date":"1970-01-01T00:00:00","date_gmt":"1970-01-01T00:00:00","guid":{"rendered":"https:\/\/elfsight.com\/fr\/?page_id=10837"},"modified":"2025-07-10T14:02:29","modified_gmt":"2025-07-10T14:02:29","slug":"magento","status":"publish","type":"page","link":"https:\/\/elfsight.com\/fr\/twitter-feed-widget\/magento\/","title":{"rendered":"Twitter Feed &#8211; Magento"},"content":{"rendered":"<div class=\"application-platform-content-item-description application-platform-content-item\" id=\"description\" data-nav-section=\"description\"><h2>Description<\/h2><p>Elfsight Twitter Feed est une extension adaptative, vous permettant d&rsquo;ins\u00e9rer un flux Twitter ou des Tweets collect\u00e9s sur votre site Web Magento . Vous pouvez afficher votre fil d&rsquo;actualit\u00e9 Twitter ou d\u00e9voiler des tweets de t\u00e9moignage pour accro\u00eetre l&rsquo;engagement des utilisateurs et accro\u00eetre la confiance des clients. Ce qui fait de notre extension l&rsquo;une des plus cool de son genre pour n&rsquo;importe quel site, c&rsquo;est son grand nombre d&rsquo;options, ses mod\u00e8les pr\u00e9d\u00e9finis pr\u00eats pour tous les cas d&rsquo;utilisation et sa conception r\u00e9glable.<\/p><p><b>Augmentez le niveau d&rsquo;engagement de votre site Web. et rendez-le digne de confiance pour vos utilisateurs<\/b><\/p><ul><li><b>Gardez votre audience sur le site Web<\/b>.<br>Gardez votre audience sur votre site plus longtemps, en r\u00e9v\u00e9lant Tweets soigneusement s\u00e9lectionn\u00e9s sur des sujets connexes ou impliquez-les dans vos concours promus sur Twitter.<\/li><li><b>Augmentez le nombre de followers<\/b>.<br>Le flux Twitter interactif d&rsquo;Elfsight permet aux clients de s&rsquo;abonner \u00e0 votre compte. directement depuis votre site. Vous pouvez ainsi utiliser une source suppl\u00e9mentaire de followers et d\u00e9velopper votre communaut\u00e9 Twitter.<\/li><li><b>Renforcez la confiance gr\u00e2ce aux tweets de t\u00e9moignages<\/b>.<br>S\u00e9lectionnez les meilleurs t\u00e9moignages de clients sur votre entreprise sur Twitter et d\u00e9voilez-les. sur votre site pour \u00e9lever le niveau de cr\u00e9dibilit\u00e9 et rendre vos articles encore plus attrayants pour vos utilisateurs.<\/li><\/ul><p><\/div><\/p><div class=\"application-platform-content-item-features  application-platform-content-item\" id=\"features \" data-nav-section=\"features \"><\/p><h2>Caract\u00e9ristiques<\/h2><p>Principaux avantages de l&rsquo;extension Elfsight, qui l&rsquo;aident \u00e0 devenir une solution leader d&rsquo;affichage sur Magento\u00a0:<\/p><ul><li>Affichez les Tweets de votre propre compte ou s\u00e9lectionnez par hashtag\u00a0;<\/li><li>Choisissez une pr\u00e9sentation d&rsquo;en-t\u00eate compl\u00e8te ou compacte\u00a0;<\/li><li>Toutes les actions de tweet prises en charge\u00a0: r\u00e9pondre, retweeter, aimer\u00a0;<\/li><li>Limite d&rsquo;affichage des tweets dans le flux\u00a0;<\/li><li>Nombre de retweets, nombre de likes dans les tweets.<\/li><\/ul><p><a href=\"#demo\">D\u00e9couvrez la liste compl\u00e8te des fonctionnalit\u00e9s dans le panneau<\/a> <\/p><p><\/div><div class=\"application-platform-content-item-installation application-platform-content-item\" id=\"installation\" data-nav-section=\"installation\"><h2>Comment ajouter l&rsquo;extension Twitter \u00e0 Magento<\/h2><p>Appliquez simplement le instructions ci-dessous pour ins\u00e9rer l&rsquo;outil sur Magento.<\/p> <ol><li><b>Lancez notre configurateur gratuit et commencez \u00e0 cr\u00e9er votre instrument personnalis\u00e9. <\/b><br> Sp\u00e9cifiez l&rsquo;interface et les param\u00e8tres souhait\u00e9s de l&rsquo;extension Twitter Feed et appliquez les modifications. <\/li> <li><b>Acqu\u00e9rir le code unique r\u00e9v\u00e9l\u00e9 dans la bo\u00eete sur Elfsight Apps. <\/b><br> Une fois la configuration de votre outil personnel termin\u00e9e, copiez le code individuel de la fen\u00eatre contextuelle qui appara\u00eet et enregistrez-le pour un besoin ult\u00e9rieur. <\/li> <li><b>Initiez l&rsquo;utilisation de l&rsquo;outil sur votre page d&rsquo;accueil Magento. <\/b><br> Placez le code que vous avez copi\u00e9 r\u00e9cemment dans votre page Web et enregistrez les modifications. <\/li> <li><b>Fait\u00a0! L&rsquo;installation est enti\u00e8rement termin\u00e9e. <\/b><br> Acc\u00e9dez \u00e0 votre site pour voir comment fonctionne l&rsquo;outil. <\/li><\/ol><p>Vous rencontrez des difficult\u00e9s lors de l&rsquo;affichage ou du r\u00e9glage de l&rsquo;extension\u00a0? Consultez le <a href=\"https:\/\/elfsight.com\/tutorials\/how-to-add-twitter-feed-extension-to-magento\/\" target=\"_blank\" rel=\"noopener noreferrer\">guide complet<\/a> lors de l&rsquo;int\u00e9gration de l&rsquo;extension ou laissez une demande \u00e0 notre centre d&rsquo;assistance.<\/p><\/div><div class=\"faq\" data-component=\"FAQ\"><div class=\"faq-item\">\r\n\t\t\t\t\t<div class=\"faq-item-question\">\r\n\t\t\t\t\t\t<h3 class=\"faq-item-question-text\">De quelle mani\u00e8re puis-je ajouter un flux Twitter \u00e0 ma page d'accueil Magento sans codage ?<\/h3>\r\n\r\n\t\t\t\t\t\t<div class=\"faq-item-question-icon\"><\/div>\r\n\t\t\t\t\t<\/div>\r\n\r\n\t\t\t\t\t<div class=\"faq-item-answer\">\r\n\t\t\t\t\t\t<div class=\"faq-item-answer-text\"><p>La soci\u00e9t\u00e9 Elfsight propose une solution qui permet aux propri\u00e9taires de sites de cr\u00e9er vous-m\u00eame un widget de flux Twitter. D\u00e9couvrez \u00e0 quel point le processus est simple\u00a0:<\/p><ul><li>Commencez \u00e0 travailler directement dans le D\u00e9mo en ligne pour cr\u00e9er une application de flux Twitter que vous souhaitez inclure sur votre Magento.<\/li><li>Choisissez l&rsquo;un des mod\u00e8les pr\u00e9d\u00e9finis et modifiez les param\u00e8tres du flux Twitter, modifiez la mise en page et les couleurs, mettez \u00e0 jour votre contenu sans exp\u00e9rience de codage. .<\/li><li>Enregistrez le flux Twitter et obtenez le code d&rsquo;installation, que vous pouvez ajouter gratuitement sur le site Magento.<\/li><\/ul><p>En utilisant notre \u00e9diteur facile \u00e0 utiliser, chaque utilisateur Web peut cr\u00e9er une application Twitter Feed en ligne et l&rsquo;ajouter facilement au site Web Magento. Vous ne devez pas payer ni soumettre les donn\u00e9es de votre carte pour acc\u00e9der au service Elfsight. Si vous rencontrez des obstacles de quelque nature que ce soit, n&rsquo;h\u00e9sitez pas \u00e0 contacter notre \u00e9quipe d&rsquo;assistance.<\/p><\/div>\r\n\t\t\t\t\t<\/div>\r\n\t\t\t\t<\/div><\/div>","protected":false},"excerpt":{"rendered":"","protected":false},"author":9,"featured_media":0,"parent":1058,"menu_order":0,"comment_status":"closed","ping_status":"closed","template":"templates\/template-application-platform.php","meta":{"publish_to_discourse":"","publish_post_category":"","wpdc_auto_publish_overridden":"","wpdc_topic_tags":"","wpdc_pin_topic":"","wpdc_pin_until":"","discourse_post_id":"","discourse_permalink":"","wpdc_publishing_response":"","wpdc_publishing_error":"","footnotes":""},"class_list":["post-10837","page","type-page","status-publish","hentry"],"yoast_head":"<!-- This site is optimized with the Yoast SEO plugin v25.3.1 - https:\/\/yoast.com\/wordpress\/plugins\/seo\/ -->\n<title>Flux Twitter Magento - Ajouter une extension Twitter au site Web Magento<\/title>\n<meta name=\"description\" content=\"Cr\u00e9ez gratuitement votre meilleure extension Twitter pour le site Web Magento\u00a0! Cr\u00e9ez un module de flux Twitter unique sur Elfsight en seulement 2 minutes.\" \/>\n<meta name=\"robots\" content=\"index, follow, max-snippet:-1, max-image-preview:large, max-video-preview:-1\" \/>\n<link rel=\"canonical\" href=\"https:\/\/elfsight.com\/fr\/twitter-feed-widget\/magento\/\" \/>\n<meta property=\"og:locale\" content=\"fr_FR\" \/>\n<meta property=\"og:type\" content=\"article\" \/>\n<meta property=\"og:title\" content=\"Flux Twitter Magento - Ajouter une extension Twitter au site Web Magento\" \/>\n<meta property=\"og:description\" content=\"Cr\u00e9ez gratuitement votre meilleure extension Twitter pour le site Web Magento\u00a0! Cr\u00e9ez un module de flux Twitter unique sur Elfsight en seulement 2 minutes.\" \/>\n<meta property=\"og:url\" content=\"https:\/\/elfsight.com\/fr\/twitter-feed-widget\/magento\/\" \/>\n<meta property=\"og:site_name\" content=\"Elfsight FR\" \/>\n<meta property=\"article:modified_time\" content=\"2025-07-10T14:02:29+00:00\" \/>\n<meta name=\"twitter:card\" content=\"summary_large_image\" \/>\n<meta name=\"twitter:label1\" content=\"Dur\u00e9e de lecture estim\u00e9e\" \/>\n\t<meta name=\"twitter:data1\" content=\"3 minutes\" \/>\n<!-- \/ Yoast SEO plugin. -->","yoast_head_json":{"title":"Flux Twitter Magento - Ajouter une extension Twitter au site Web Magento","description":"Cr\u00e9ez gratuitement votre meilleure extension Twitter pour le site Web Magento\u00a0! Cr\u00e9ez un module de flux Twitter unique sur Elfsight en seulement 2 minutes.","robots":{"index":"index","follow":"follow","max-snippet":"max-snippet:-1","max-image-preview":"max-image-preview:large","max-video-preview":"max-video-preview:-1"},"canonical":"https:\/\/elfsight.com\/fr\/twitter-feed-widget\/magento\/","og_locale":"fr_FR","og_type":"article","og_title":"Flux Twitter Magento - Ajouter une extension Twitter au site Web Magento","og_description":"Cr\u00e9ez gratuitement votre meilleure extension Twitter pour le site Web Magento\u00a0! Cr\u00e9ez un module de flux Twitter unique sur Elfsight en seulement 2 minutes.","og_url":"https:\/\/elfsight.com\/fr\/twitter-feed-widget\/magento\/","og_site_name":"Elfsight FR","article_modified_time":"2025-07-10T14:02:29+00:00","twitter_card":"summary_large_image","twitter_misc":{"Dur\u00e9e de lecture estim\u00e9e":"3 minutes"},"schema":{"@context":"https:\/\/schema.org","@graph":[{"@type":"WebPage","@id":"https:\/\/elfsight.com\/fr\/twitter-feed-widget\/magento\/","url":"https:\/\/elfsight.com\/fr\/twitter-feed-widget\/magento\/","name":"Flux Twitter Magento - Ajouter une extension Twitter au site Web Magento","isPartOf":{"@id":"https:\/\/elfsight.com\/fr\/#website"},"datePublished":"1970-01-01T00:00:00+00:00","dateModified":"2025-07-10T14:02:29+00:00","description":"Cr\u00e9ez gratuitement votre meilleure extension Twitter pour le site Web Magento\u00a0! Cr\u00e9ez un module de flux Twitter unique sur Elfsight en seulement 2 minutes.","breadcrumb":{"@id":"https:\/\/elfsight.com\/fr\/twitter-feed-widget\/magento\/#breadcrumb"},"inLanguage":"fr-FR","potentialAction":[{"@type":"ReadAction","target":["https:\/\/elfsight.com\/fr\/twitter-feed-widget\/magento\/"]}]},{"@type":"BreadcrumbList","@id":"https:\/\/elfsight.com\/fr\/twitter-feed-widget\/magento\/#breadcrumb","itemListElement":[{"@type":"ListItem","position":1,"name":"Home","item":"https:\/\/elfsight.com\/fr\/"},{"@type":"ListItem","position":2,"name":"Twitter Feed","item":"https:\/\/elfsight.com\/fr\/twitter-feed-widget\/"},{"@type":"ListItem","position":3,"name":"Twitter Feed &#8211; Magento"}]},{"@type":"WebSite","@id":"https:\/\/elfsight.com\/fr\/#website","url":"https:\/\/elfsight.com\/fr\/","name":"Elfsight FR","description":"","potentialAction":[{"@type":"SearchAction","target":{"@type":"EntryPoint","urlTemplate":"https:\/\/elfsight.com\/fr\/?s={search_term_string}"},"query-input":{"@type":"PropertyValueSpecification","valueRequired":true,"valueName":"search_term_string"}}],"inLanguage":"fr-FR"}]}},"meta_box":{"industry":"","seo_heading":"","heading":"","description":"","cta_heading":"","cta_description":"","application":"1057","h1":"Fil Twitter Magento","h1_caption":"Int\u00e9grez des tweets depuis votre compte Twitter ou par hashtag pour tenir vos visiteurs inform\u00e9s du contenu en temps r\u00e9el sur votre site Web Magento sans effort.","application_category":[],"applications_title":"","applications_request_title":"","applications_request_button_text":"","hero_text":"","hero_video":"","hero_video_schema_markup":"","selling_points_title":"","selling_points_caption":"","selling_points":[],"selling_points_cta_text":"","features_title":"","features":"","ed_cta_examples_text":"","ed_cta_examples_hidden":"","ed_cta_demo_text":"","ed_cta_demo_hidden":"","why_caption":"","why_editor_title":"","why_editor_text":"","why_team_title":"","why_team_text":"","why_service_title":"","why_service_text":"","template_catalog_visible":"","template_catalog_title":"","template_catalog_text":"","template_catalog_categories_visible":"","demo_title":"Cr\u00e9ez votre extension de flux Twitter","demo_caption":"Configurez votre flux Twitter et ajoutez-le gratuitement \u00e0 votre site Web Magento\u00a0!","default_faq_hidden":"","app_template_category":[],"platform":"357","template_public_id":"","codecanyon_url":"","codecanyon_item_id":"","codecanyon_price":"","pricing_caption":"","pricing_elfsight_apps_hide_column":"","pricing_elfsight_apps_url":"","pricing_codecanyon_price_caption":"","integration_category":[],"integration_request_title":"","integration_request_cta":"","integration_platform":"","integrations":[],"platform_category":[],"video_schema_markup":"","price":"\u00e0 partir de 0$ \/ mois","trial":"","benefits":[{"text":"Assistance \u00e0 l'installation gratuite"},{"text":"Assistance premium"},{"text":"Garantie de remboursement de 14 jours"},{"text":"Mise \u00e0 jour constante"}],"button_url":"","button_target_blank":"","button_nofollow":"","attributes":[{"name":"Installations","content":"10,000 - 100,000"},{"name":"Sensible","content":"Oui"},{"name":"Navigateurs compatibles","content":"Firefox, Safari, Opera, Chrome, Edge"}],"tags":[],"tags_disable_links":"","hide_more_platforms":"","video_object":"","demo_hide_cta":"","demo_hide_cloud_options":"","pricing_title":"","pricing":[{"pricing_icon":"platform","pricing_title":"Elfsight Apps","pricing_title_caption":"Version multiplateforme qui fonctionne sur n'importe quel site Web","pricing_price":"from $0 \/ month","pricing_price_caption":"commencez avec un forfait gratuit","pricing_benefits":[{"text":"Sites Web illimit\u00e9s"},{"text":"Support client d\u00e9di\u00e9 et bien document\u00e9"},{"text":"Service d'installation gratuit"},{"text":"Conception flexible"}],"pricing_button_text":"Ajouter au site Web","pricing_button_url":"#demo"}],"related_apps_title":"","related_apps_hidden":"","author":"","image":[],"title":"","job":"","social_networks":[]},"_links":{"self":[{"href":"https:\/\/elfsight.com\/fr\/wp-json\/wp\/v2\/pages\/10837","targetHints":{"allow":["GET"]}}],"collection":[{"href":"https:\/\/elfsight.com\/fr\/wp-json\/wp\/v2\/pages"}],"about":[{"href":"https:\/\/elfsight.com\/fr\/wp-json\/wp\/v2\/types\/page"}],"author":[{"embeddable":true,"href":"https:\/\/elfsight.com\/fr\/wp-json\/wp\/v2\/users\/9"}],"replies":[{"embeddable":true,"href":"https:\/\/elfsight.com\/fr\/wp-json\/wp\/v2\/comments?post=10837"}],"version-history":[{"count":1,"href":"https:\/\/elfsight.com\/fr\/wp-json\/wp\/v2\/pages\/10837\/revisions"}],"predecessor-version":[{"id":10841,"href":"https:\/\/elfsight.com\/fr\/wp-json\/wp\/v2\/pages\/10837\/revisions\/10841"}],"up":[{"embeddable":true,"href":"https:\/\/elfsight.com\/fr\/wp-json\/wp\/v2\/pages\/1058"}],"wp:attachment":[{"href":"https:\/\/elfsight.com\/fr\/wp-json\/wp\/v2\/media?parent=10837"}],"curies":[{"name":"wp","href":"https:\/\/api.w.org\/{rel}","templated":true}]}}