{"id":10836,"date":"1970-01-01T00:00:00","date_gmt":"1970-01-01T00:00:00","guid":{"rendered":"https:\/\/elfsight.com\/fr\/?page_id=10836"},"modified":"2025-07-10T14:02:19","modified_gmt":"2025-07-10T14:02:19","slug":"jquery","status":"publish","type":"page","link":"https:\/\/elfsight.com\/fr\/twitter-feed-widget\/jquery\/","title":{"rendered":"Twitter Feed &#8211; jQuery"},"content":{"rendered":"<div class=\"application-platform-content-item-description application-platform-content-item\" id=\"description\" data-nav-section=\"description\"><h2>Description<\/h2><p>Elfsight Twitter Feed est un widget flexible, vous permettant d&rsquo;introduire un widget Twitter ou certains Tweets sur votre site Web jQuery . Vous pouvez afficher votre fil d&rsquo;actualit\u00e9 Twitter ou afficher des tweets de t\u00e9moignage pour am\u00e9liorer l&rsquo;engagement des visiteurs et accro\u00eetre la confiance des clients. Ce qui fait de notre widget l&rsquo;un des plus cool de son genre pour n&rsquo;importe quel site, c&rsquo;est son grand nombre d&rsquo;options, ses mod\u00e8les pr\u00e9d\u00e9finis adapt\u00e9s \u00e0 tous les cas d&rsquo;utilisation et sa conception adaptable.<\/p><p><b>Augmentez l&rsquo;engagement et la confiance des utilisateurs. votre site Web<\/b><\/p><ul><li><b>Augmentez le taux d&rsquo;engagement<\/b>.<br>Introduisez du contenu dynamique de l&rsquo;un des m\u00e9dias sociaux les plus populaires sur votre site Web pour attirer l&rsquo;attention des clients. Obtenez un meilleur niveau d&rsquo;engagement sur votre site.<\/li><li><b>Faites la promotion de votre Twitter et de votre site Web en m\u00eame temps<\/b>.<br>Votre site est un autre moyen de promotion de votre profil Twitter, avec retweet et r\u00e9ponse pris en charge depuis le site Web. Dans le m\u00eame temps, un engagement plus \u00e9lev\u00e9 et une preuve sociale sur le site Web contribuent \u00e0 de meilleurs r\u00e9sultats de r\u00e9f\u00e9rencement.<\/li><li><b>Une preuve sociale parfaite pour une plus grande confiance<\/b>.<br>Montrez avec quelle dynamique vous g\u00e9rez votre Twitter profil pour convaincre les clients que votre entreprise est active et que vous \u00eates ouvert \u00e0 communiquer et \u00e0 vous rapprocher de vos clients.<\/li><\/ul><p><\/div><\/p><div class=\"application-platform-content-item-features  application-platform-content-item\" id=\"features \" data-nav-section=\"features \"><\/p><h2>Fonctionnalit\u00e9s<\/h2><p>Quelles caract\u00e9ristiques font du plugin Elfsight le meilleur pour n&rsquo;importe quel site jQuery\u00a0? D\u00e9couvrez ses avantages cruciaux\u00a0:<\/p><ul><li>\u00c9valuez les tweets de t\u00e9moignage avec des \u00e9toiles\u00a0;<\/li><li>D\u00e9finissez la largeur du widget ou faites-le en pleine largeur\u00a0;<\/li><li>Indication des retweets dans le flux\u00a0; <\/li><li>Une ic\u00f4ne sp\u00e9ciale pour marquer les comptes v\u00e9rifi\u00e9s\u00a0;<\/li><li>Coloration automatique du flux avec la couleur du th\u00e8me de votre compte Twitter.<\/li><\/ul><p><a href=\"# demo\">Vous pouvez tester toutes les fonctionnalit\u00e9s \u00e0 l&rsquo;aide de la d\u00e9mo en direct<\/a><\/p><p><\/div><div class=\"application-platform-content-item-installation application-platform-content-item\" id=\"installation\" data-nav-section=\"installation\"><h2>Comment ajouter le plugin Twitter Feed \u00e0 jQuery<\/h2><p>Un bref plan de notre \u00e9quipe sur la fa\u00e7on d&rsquo;ajouter et de fa\u00e7onner le widget sans connaissances en d\u00e9veloppement. La dur\u00e9e moyenne est d&rsquo;environ 3\u00a0minutes.<\/p><ol><li><b>Cr\u00e9ez votre flux Twitter personnalis\u00e9<\/b>.<br>\u00c0 l&rsquo;aide de notre d\u00e9mo gratuite, g\u00e9n\u00e9rez un plugin avec la mise en page et les options n\u00e9cessaires.<br> \/li&gt;<li><b>Recevez un code pour int\u00e9grer le plugin<\/b>.<br>Apr\u00e8s la cr\u00e9ation du widget, obtenez un code pour le plugin Twitter dans la fen\u00eatre apparue sur Elfsight Apps.<\/li><li><b>Ajoutez le plugin sur le site jQuery<\/b>.<br>D\u00e9marrez le code de la page dans l&rsquo;\u00e9diteur HTML, int\u00e9grez le widget \u00e0 l&rsquo;endroit n\u00e9cessaire (contenu, pied de page, barre lat\u00e9rale etc), et appliquez les modifications.<\/li><li><b>Vous avez enti\u00e8rement termin\u00e9 l&rsquo;installation<\/b>.<br>Ouvrez le site Web jQuery pour v\u00e9rifier vos t\u00e9moignages.<\/li><\/ol><p>Vous rencontrez des probl\u00e8mes lors de l&rsquo;int\u00e9gration ou de l&rsquo;ajustement du plugin. ? Lisez le <a href=\"https:\/\/elfsight.com\/tutorials\/how-to-add-twitter-feed-plugin-to-jquery\/\" target=\"_blank\" rel=\"noopener noreferrer\">tutoriel complet<\/a> pour la cr\u00e9ation du plugin ou contactez notre centre d&rsquo;assistance.<\/p><\/div><div class=\"faq\" data-component=\"FAQ\"><div class=\"faq-item\">\r\n\t\t\t\t\t<div class=\"faq-item-question\">\r\n\t\t\t\t\t\t<h3 class=\"faq-item-question-text\">Comment int\u00e9grer le flux Twitter \u00e0 ma page d'accueil jQuery sans comp\u00e9tences en codage ?<\/h3>\r\n\r\n\t\t\t\t\t\t<div class=\"faq-item-question-icon\"><\/div>\r\n\t\t\t\t\t<\/div>\r\n\r\n\t\t\t\t\t<div class=\"faq-item-answer\">\r\n\t\t\t\t\t\t<div class=\"faq-item-answer-text\"><p>La soci\u00e9t\u00e9 Elfsight propose une solution Cloud qui permet aux utilisateurs de cr\u00e9er eux-m\u00eames une section de flux Twitter. D\u00e9couvrez \u00e0 quel point le processus est simple\u00a0:<\/p><ul><li>Commencez \u00e0 travailler directement dans l&rsquo;\u00e9diteur en direct. pour cr\u00e9er une section de flux Twitter que vous souhaitez voir appara\u00eetre sur la page Web jQuery.<\/li><li>Cliquez sur l&rsquo;un des mod\u00e8les pr\u00e9d\u00e9finis et modifiez les param\u00e8tres du flux Twitter, incluez votre contenu, transformez la mise en page et la palette de couleurs sans aucune modification. codage.<\/li><li>Cliquez pour enregistrer le flux Twitter et obtenir le code d&rsquo;installation, qui peut \u00eatre simplement int\u00e9gr\u00e9 dans la page Web jQuery sans acheter d&rsquo;abonnement payant.<\/li><\/ul><p>Utiliser notre \u00c9diteur convivial, tout internaute peut cr\u00e9er un flux Twitter et l&rsquo;int\u00e9grer simplement \u00e0 sa page Web jQuery. Vous ne devez pas souscrire \u00e0 un abonnement payant ni saisir les informations d\u2019identification de votre carte pour acc\u00e9der \u00e0 l\u2019\u00e9diteur. Si vous rencontrez des obstacles de quelque nature que ce soit, n&rsquo;h\u00e9sitez pas \u00e0 contacter notre service client.<\/p><\/div>\r\n\t\t\t\t\t<\/div>\r\n\t\t\t\t<\/div><\/div>","protected":false},"excerpt":{"rendered":"","protected":false},"author":9,"featured_media":0,"parent":1058,"menu_order":0,"comment_status":"closed","ping_status":"closed","template":"templates\/template-application-platform.php","meta":{"publish_to_discourse":"","publish_post_category":"","wpdc_auto_publish_overridden":"","wpdc_topic_tags":"","wpdc_pin_topic":"","wpdc_pin_until":"","discourse_post_id":"","discourse_permalink":"","wpdc_publishing_response":"","wpdc_publishing_error":"","footnotes":""},"class_list":["post-10836","page","type-page","status-publish","hentry"],"yoast_head":"<!-- This site is optimized with the Yoast SEO plugin v25.3.1 - https:\/\/yoast.com\/wordpress\/plugins\/seo\/ -->\n<title>jQuery Twitter Feed - Ajouter le plugin Twitter au site Web jQuery (en 1 minute)<\/title>\n<meta name=\"description\" content=\"Essayez gratuitement le meilleur plugin de flux Twitter pour JQuery. Une installation facile sans expertise en d\u00e9veloppement web en seulement 2 minutes.\" \/>\n<meta name=\"robots\" content=\"index, follow, max-snippet:-1, max-image-preview:large, max-video-preview:-1\" \/>\n<link rel=\"canonical\" href=\"https:\/\/elfsight.com\/fr\/twitter-feed-widget\/jquery\/\" \/>\n<meta property=\"og:locale\" content=\"fr_FR\" \/>\n<meta property=\"og:type\" content=\"article\" \/>\n<meta property=\"og:title\" content=\"jQuery Twitter Feed - Ajouter le plugin Twitter au site Web jQuery (en 1 minute)\" \/>\n<meta property=\"og:description\" content=\"Essayez gratuitement le meilleur plugin de flux Twitter pour JQuery. Une installation facile sans expertise en d\u00e9veloppement web en seulement 2 minutes.\" \/>\n<meta property=\"og:url\" content=\"https:\/\/elfsight.com\/fr\/twitter-feed-widget\/jquery\/\" \/>\n<meta property=\"og:site_name\" content=\"Elfsight FR\" \/>\n<meta property=\"article:modified_time\" content=\"2025-07-10T14:02:19+00:00\" \/>\n<meta name=\"twitter:card\" content=\"summary_large_image\" \/>\n<meta name=\"twitter:label1\" content=\"Dur\u00e9e de lecture estim\u00e9e\" \/>\n\t<meta name=\"twitter:data1\" content=\"4 minutes\" \/>\n<!-- \/ Yoast SEO plugin. -->","yoast_head_json":{"title":"jQuery Twitter Feed - Ajouter le plugin Twitter au site Web jQuery (en 1 minute)","description":"Essayez gratuitement le meilleur plugin de flux Twitter pour JQuery. Une installation facile sans expertise en d\u00e9veloppement web en seulement 2 minutes.","robots":{"index":"index","follow":"follow","max-snippet":"max-snippet:-1","max-image-preview":"max-image-preview:large","max-video-preview":"max-video-preview:-1"},"canonical":"https:\/\/elfsight.com\/fr\/twitter-feed-widget\/jquery\/","og_locale":"fr_FR","og_type":"article","og_title":"jQuery Twitter Feed - Ajouter le plugin Twitter au site Web jQuery (en 1 minute)","og_description":"Essayez gratuitement le meilleur plugin de flux Twitter pour JQuery. Une installation facile sans expertise en d\u00e9veloppement web en seulement 2 minutes.","og_url":"https:\/\/elfsight.com\/fr\/twitter-feed-widget\/jquery\/","og_site_name":"Elfsight FR","article_modified_time":"2025-07-10T14:02:19+00:00","twitter_card":"summary_large_image","twitter_misc":{"Dur\u00e9e de lecture estim\u00e9e":"4 minutes"},"schema":{"@context":"https:\/\/schema.org","@graph":[{"@type":"WebPage","@id":"https:\/\/elfsight.com\/fr\/twitter-feed-widget\/jquery\/","url":"https:\/\/elfsight.com\/fr\/twitter-feed-widget\/jquery\/","name":"jQuery Twitter Feed - Ajouter le plugin Twitter au site Web jQuery (en 1 minute)","isPartOf":{"@id":"https:\/\/elfsight.com\/fr\/#website"},"datePublished":"1970-01-01T00:00:00+00:00","dateModified":"2025-07-10T14:02:19+00:00","description":"Essayez gratuitement le meilleur plugin de flux Twitter pour JQuery. Une installation facile sans expertise en d\u00e9veloppement web en seulement 2 minutes.","breadcrumb":{"@id":"https:\/\/elfsight.com\/fr\/twitter-feed-widget\/jquery\/#breadcrumb"},"inLanguage":"fr-FR","potentialAction":[{"@type":"ReadAction","target":["https:\/\/elfsight.com\/fr\/twitter-feed-widget\/jquery\/"]}]},{"@type":"BreadcrumbList","@id":"https:\/\/elfsight.com\/fr\/twitter-feed-widget\/jquery\/#breadcrumb","itemListElement":[{"@type":"ListItem","position":1,"name":"Home","item":"https:\/\/elfsight.com\/fr\/"},{"@type":"ListItem","position":2,"name":"Twitter Feed","item":"https:\/\/elfsight.com\/fr\/twitter-feed-widget\/"},{"@type":"ListItem","position":3,"name":"Twitter Feed &#8211; jQuery"}]},{"@type":"WebSite","@id":"https:\/\/elfsight.com\/fr\/#website","url":"https:\/\/elfsight.com\/fr\/","name":"Elfsight FR","description":"","potentialAction":[{"@type":"SearchAction","target":{"@type":"EntryPoint","urlTemplate":"https:\/\/elfsight.com\/fr\/?s={search_term_string}"},"query-input":{"@type":"PropertyValueSpecification","valueRequired":true,"valueName":"search_term_string"}}],"inLanguage":"fr-FR"}]}},"meta_box":{"industry":"","seo_heading":"","heading":"","description":"","cta_heading":"","cta_description":"","application":"1057","h1":"Plugin de flux Twitter jQuery","h1_caption":"Int\u00e9grez des tweets depuis votre compte Twitter ou par hashtag pour tenir vos visiteurs inform\u00e9s du contenu en temps r\u00e9el sur votre site Web jQuery sans effort.","application_category":[],"applications_title":"","applications_request_title":"","applications_request_button_text":"","hero_text":"","hero_video":"","hero_video_schema_markup":"","selling_points_title":"","selling_points_caption":"","selling_points":[],"selling_points_cta_text":"","features_title":"","features":"","ed_cta_examples_text":"","ed_cta_examples_hidden":"","ed_cta_demo_text":"","ed_cta_demo_hidden":"","why_caption":"","why_editor_title":"","why_editor_text":"","why_team_title":"","why_team_text":"","why_service_title":"","why_service_text":"","template_catalog_visible":"","template_catalog_title":"","template_catalog_text":"","template_catalog_categories_visible":"","demo_title":"Cr\u00e9ez votre plugin de flux Twitter","demo_caption":"Configurez votre flux Twitter et ajoutez-le gratuitement \u00e0 votre site Web jQuery\u00a0!","default_faq_hidden":"","app_template_category":[],"platform":"355","template_public_id":"","codecanyon_url":"","codecanyon_item_id":"","codecanyon_price":"","pricing_caption":"","pricing_elfsight_apps_hide_column":"","pricing_elfsight_apps_url":"","pricing_codecanyon_price_caption":"","integration_category":[],"integration_request_title":"","integration_request_cta":"","integration_platform":"","integrations":[],"platform_category":[],"video_schema_markup":"","price":"\u00e0 partir de 0$ \/ mois","trial":"","benefits":[{"text":"Service d'installation gratuit"},{"text":"Service client professionnel"},{"text":"Garantie de remboursement de 14 jours"},{"text":"D\u00e9veloppement continu"}],"button_url":"","button_target_blank":"","button_nofollow":"","attributes":[{"name":"Installations","content":"10,000 - 100,000"},{"name":"Sensible","content":"Oui"},{"name":"Navigateurs compatibles","content":"Firefox, Safari, Opera, Chrome, Edge"}],"tags":[],"tags_disable_links":"","hide_more_platforms":"","video_object":"","demo_hide_cta":"","demo_hide_cloud_options":"","pricing_title":"","pricing":[{"pricing_icon":"platform","pricing_title":"Elfsight Apps","pricing_title_caption":"Version multiplateforme qui fonctionne sur n'importe quel site Web","pricing_price":"from $0 \/ month","pricing_price_caption":"commencez avec un forfait gratuit","pricing_benefits":[{"text":"Sites Web illimit\u00e9s"},{"text":"Assistance de l'entreprise 24h\/24 et 7j\/7 et bien document\u00e9e"},{"text":"Assistance \u00e0 l'installation gratuite"},{"text":"Enti\u00e8rement personnalisable"}],"pricing_button_text":"Ajouter au site Web","pricing_button_url":"#demo"}],"related_apps_title":"","related_apps_hidden":"","author":"","image":[],"title":"","job":"","social_networks":[]},"_links":{"self":[{"href":"https:\/\/elfsight.com\/fr\/wp-json\/wp\/v2\/pages\/10836","targetHints":{"allow":["GET"]}}],"collection":[{"href":"https:\/\/elfsight.com\/fr\/wp-json\/wp\/v2\/pages"}],"about":[{"href":"https:\/\/elfsight.com\/fr\/wp-json\/wp\/v2\/types\/page"}],"author":[{"embeddable":true,"href":"https:\/\/elfsight.com\/fr\/wp-json\/wp\/v2\/users\/9"}],"replies":[{"embeddable":true,"href":"https:\/\/elfsight.com\/fr\/wp-json\/wp\/v2\/comments?post=10836"}],"version-history":[{"count":1,"href":"https:\/\/elfsight.com\/fr\/wp-json\/wp\/v2\/pages\/10836\/revisions"}],"predecessor-version":[{"id":10840,"href":"https:\/\/elfsight.com\/fr\/wp-json\/wp\/v2\/pages\/10836\/revisions\/10840"}],"up":[{"embeddable":true,"href":"https:\/\/elfsight.com\/fr\/wp-json\/wp\/v2\/pages\/1058"}],"wp:attachment":[{"href":"https:\/\/elfsight.com\/fr\/wp-json\/wp\/v2\/media?parent=10836"}],"curies":[{"name":"wp","href":"https:\/\/api.w.org\/{rel}","templated":true}]}}