{"id":10835,"date":"1970-01-01T00:00:00","date_gmt":"1970-01-01T00:00:00","guid":{"rendered":"https:\/\/elfsight.com\/fr\/?page_id=10835"},"modified":"2025-07-10T14:01:46","modified_gmt":"2025-07-10T14:01:46","slug":"blogger","status":"publish","type":"page","link":"https:\/\/elfsight.com\/fr\/twitter-feed-widget\/blogger\/","title":{"rendered":"Twitter Feed &#8211; Blogger"},"content":{"rendered":"<div class=\"application-platform-content-item-description application-platform-content-item\" id=\"description\" data-nav-section=\"description\"><h2>Description<\/h2><p>Elfsight Twitter Feed est un widget r\u00e9actif, vous permettant de placer un widget Twitter ou des Tweets s\u00e9lectionn\u00e9s sur n&rsquo;importe quel site Blogger. . Vous pouvez l&rsquo;utiliser pour afficher votre fil d&rsquo;actualit\u00e9 Twitter ou proposer des tweets de t\u00e9moignage afin d&rsquo;augmenter l&rsquo;engagement des utilisateurs et d&rsquo;obtenir une plus grande confiance des clients. Ce qui fait du widget Elfsight l&rsquo;un des principaux widgets pour tout site Web, c&rsquo;est sa grande quantit\u00e9 de param\u00e8tres, ses mod\u00e8les pr\u00eats \u00e0 l&#8217;emploi pour tous les cas d&rsquo;utilisation et sa conception adaptative.<\/p><p><b>Engagement et confiance des visiteurs de niveau sup\u00e9rieur. sur votre site Web<\/b><\/p><ul><li><b>Maintenez votre audience sur la page plus longtemps<\/b>.<br>Gardez vos visiteurs sur votre site Web plus longtemps, en affichant des Tweets s\u00e9par\u00e9s sur les tweets les plus int\u00e9ressants. sujets ou incitez le public \u00e0 participer \u00e0 vos activit\u00e9s promues sur Twitter.<\/li><li><b>Augmentez le nombre d&rsquo;abonn\u00e9s<\/b>.<br>Le fil Twitter interactif d&rsquo;Elfsight permet aux clients de commencer \u00e0 suivre directement votre compte. depuis votre site Web. Vous pouvez ainsi utiliser une source suppl\u00e9mentaire d&rsquo;abonn\u00e9s et \u00e9largir votre communaut\u00e9 Twitter.<\/li><li><b>Une preuve sociale solide pour une plus grande confiance<\/b>.<br>D\u00e9montrez avec quelle dynamique vous g\u00e9rez votre compte Twitter pour rassurer vos clients. que votre entreprise est op\u00e9rationnelle et que vous souhaitez interagir et vous rapprocher de vos utilisateurs.<\/li><\/ul><\/div><div class=\"application-platform-content-item-features application-platform-content-item\" id=\"features\" data-nav-section=\"features\"><h2>Fonctionnalit\u00e9s<\/h2><p> Les fonctionnalit\u00e9s les plus pr\u00e9cieuses du widget Elfsight, qui en font le meilleur widget Blogger pour Twitter\u00a0:<\/p><ul><li>\u00c9valuez les tweets de t\u00e9moignage avec des \u00e9toiles\u00a0;<\/li><li>Choisissez une disposition d&rsquo;en-t\u00eate compl\u00e8te ou compacte\u00a0;<\/li><li>Copiez le lien Tweets\u00a0;<\/li><li>Cache de donn\u00e9es du navigateur &#8211; chargement plus rapide avec des widgets sur plusieurs pages\u00a0;<\/li><li>Formatage du texte du tweet, affichage du contenu photo et vid\u00e9o.<\/li> <\/ul><p><a href=\"#demo\">V\u00e9rifiez toutes les fonctionnalit\u00e9s dans la d\u00e9mo en direct<\/a><\/p><\/div><div class=\"application-platform-content-item-installation application-platform-content-item\" id=\"installation\" data-nav-section=\"installation\"><h2>Comment ajouter Twitter Flux vers Blogger<\/h2><div class=\"video-container\"><iframe width=\"720\" height=\"405\" src=\"https:\/\/www.youtube.com\/embed\/tRITOTmZ5As\" frameborder=\"0\" allowfullscreen=\"\"><\/iframe><\/div><p>Terminez l&rsquo;int\u00e9gration du widget \u00e0 l&rsquo;aide de notre court manuel. Cela prendra moins de quelques minutes et ne n\u00e9cessitera aucune exp\u00e9rience en d\u00e9veloppement Web.<\/p><ol><li><b>Concevez votre flux Twitter unique<\/b>.<br>Gr\u00e2ce \u00e0 notre service gratuit \u00e9diteur, assemblez un widget avec une apparence et des fonctions pr\u00e9f\u00e9rables.<\/li><li><b>Copiez un code pour afficher le widget<\/b>.<br>Apr\u00e8s le param\u00e9trage du widget, obtenez un code pour le widget Twitter dans la fen\u00eatre contextuelle sur Elfsight Apps.<\/li><li><b>Placez le widget sur un site Web<\/b>.<br>Affichez le widget \u00e0 l&rsquo;endroit souhait\u00e9 de la page et appliquez les r\u00e9sultats.<\/li><li> <b>L&rsquo;int\u00e9gration a r\u00e9ussi\u00a0!<\/b>.<br>Visitez votre site Web Blogger pour v\u00e9rifier votre widget.<\/li><\/ol><p>Vous avez rencontr\u00e9 des probl\u00e8mes lors de la configuration ou de la personnalisation du widget\u00a0? Essayez de consulter un <a href=\"https:\/\/elfsight.com\/tutorials\/how-to-add-twitter-feed-widget-to-blogger\/\" target=\"_blank\" rel=\"noopener noreferrer\">tutoriel d\u00e9taill\u00e9 <\/a> ou \u00e9crivez \u00e0 notre \u00e9quipe d&rsquo;assistance avec une description compl\u00e8te de la question. Nous serons heureux de r\u00e9pondre \u00e0 vos questions.<\/p><\/div><div class=\"faq\" data-component=\"FAQ\"><div class=\"faq-item\">\r\n\t\t\t\t\t<div class=\"faq-item-question\">\r\n\t\t\t\t\t\t<h3 class=\"faq-item-question-text\">Existe-t-il un moyen d'int\u00e9grer le flux Twitter \u00e0 mon site Blogger sans codage ? <\/h3>\r\n\r\n\t\t\t\t\t\t<div class=\"faq-item-question-icon\"><\/div>\r\n\t\t\t\t\t<\/div>\r\n\r\n\t\t\t\t\t<div class=\"faq-item-answer\">\r\n\t\t\t\t\t\t<div class=\"faq-item-answer-text\"><p>La soci\u00e9t\u00e9 Elfsight propose une solution qui permet aux utilisateurs de g\u00e9n\u00e9rer eux-m\u00eames une application de flux Twitter. Voyez \u00e0 quel point c&rsquo;est simple\u00a0:<\/p><ul><li>Travailler dans l&rsquo;\u00e9diteur en direct pour cr\u00e9er le widget de flux Twitter que vous souhaitez \u00e0 int\u00e9grer sur la page d&rsquo;accueil de Blogger.<\/li><li>Cliquez sur l&rsquo;un des nombreux mod\u00e8les pr\u00e9d\u00e9finis et adaptez les param\u00e8tres du flux Twitter, transformez la mise en page et la palette de couleurs, mettez \u00e0 jour votre contenu sans connaissances en codage.<\/li><li>Enregistrez les param\u00e8tres que vous avez d\u00e9finis dans le fil Twitter et obtenez le code d&rsquo;installation, qui peut \u00eatre facilement inclus gratuitement dans la page Web Blogger.<\/li><\/ul><p>Avec notre \u00e9diteur simple, tout internaute peut cr\u00e9er Plugin Twitter Feed et int\u00e9grez-le facilement \u00e0 n\u2019importe quelle page d\u2019accueil de Blogger. Vous ne devez pas payer ni divulguer les informations d\u2019identification de votre carte pour acc\u00e9der \u00e0 l\u2019\u00e9diteur. Si vous rencontrez des probl\u00e8mes de quelque nature que ce soit, n&rsquo;h\u00e9sitez pas \u00e0 vous adresser \u00e0 notre \u00e9quipe d&rsquo;assistance technique.<\/p><\/div>\r\n\t\t\t\t\t<\/div>\r\n\t\t\t\t<\/div><\/div>","protected":false},"excerpt":{"rendered":"","protected":false},"author":9,"featured_media":0,"parent":1058,"menu_order":0,"comment_status":"closed","ping_status":"closed","template":"templates\/template-application-platform.php","meta":{"publish_to_discourse":"","publish_post_category":"","wpdc_auto_publish_overridden":"","wpdc_topic_tags":"","wpdc_pin_topic":"","wpdc_pin_until":"","discourse_post_id":"","discourse_permalink":"","wpdc_publishing_response":"","wpdc_publishing_error":"","footnotes":""},"class_list":["post-10835","page","type-page","status-publish","hentry"],"yoast_head":"<!-- This site is optimized with the Yoast SEO plugin v25.3.1 - https:\/\/yoast.com\/wordpress\/plugins\/seo\/ -->\n<title>Widget Twitter Blogger - Ajoutez un flux Twitter au site Web Blogger (en 2 minutes)<\/title>\n<meta name=\"description\" content=\"Installez le widget Twitter Feed sur Blogger en seulement 2 minutes et sans codage. V\u00e9rifiez toutes les fonctionnalit\u00e9s cl\u00e9s du meilleur widget Twitter dans un \u00e9diteur gratuit.\" \/>\n<meta name=\"robots\" content=\"index, follow, max-snippet:-1, max-image-preview:large, max-video-preview:-1\" \/>\n<link rel=\"canonical\" href=\"https:\/\/elfsight.com\/fr\/twitter-feed-widget\/blogger\/\" \/>\n<meta property=\"og:locale\" content=\"fr_FR\" \/>\n<meta property=\"og:type\" content=\"article\" \/>\n<meta property=\"og:title\" content=\"Widget Twitter Blogger - Ajoutez un flux Twitter au site Web Blogger (en 2 minutes)\" \/>\n<meta property=\"og:description\" content=\"Installez le widget Twitter Feed sur Blogger en seulement 2 minutes et sans codage. V\u00e9rifiez toutes les fonctionnalit\u00e9s cl\u00e9s du meilleur widget Twitter dans un \u00e9diteur gratuit.\" \/>\n<meta property=\"og:url\" content=\"https:\/\/elfsight.com\/fr\/twitter-feed-widget\/blogger\/\" \/>\n<meta property=\"og:site_name\" content=\"Elfsight FR\" \/>\n<meta property=\"article:modified_time\" content=\"2025-07-10T14:01:46+00:00\" \/>\n<meta name=\"twitter:card\" content=\"summary_large_image\" \/>\n<meta name=\"twitter:label1\" content=\"Dur\u00e9e de lecture estim\u00e9e\" \/>\n\t<meta name=\"twitter:data1\" content=\"4 minutes\" \/>\n<!-- \/ Yoast SEO plugin. -->","yoast_head_json":{"title":"Widget Twitter Blogger - Ajoutez un flux Twitter au site Web Blogger (en 2 minutes)","description":"Installez le widget Twitter Feed sur Blogger en seulement 2 minutes et sans codage. V\u00e9rifiez toutes les fonctionnalit\u00e9s cl\u00e9s du meilleur widget Twitter dans un \u00e9diteur gratuit.","robots":{"index":"index","follow":"follow","max-snippet":"max-snippet:-1","max-image-preview":"max-image-preview:large","max-video-preview":"max-video-preview:-1"},"canonical":"https:\/\/elfsight.com\/fr\/twitter-feed-widget\/blogger\/","og_locale":"fr_FR","og_type":"article","og_title":"Widget Twitter Blogger - Ajoutez un flux Twitter au site Web Blogger (en 2 minutes)","og_description":"Installez le widget Twitter Feed sur Blogger en seulement 2 minutes et sans codage. V\u00e9rifiez toutes les fonctionnalit\u00e9s cl\u00e9s du meilleur widget Twitter dans un \u00e9diteur gratuit.","og_url":"https:\/\/elfsight.com\/fr\/twitter-feed-widget\/blogger\/","og_site_name":"Elfsight FR","article_modified_time":"2025-07-10T14:01:46+00:00","twitter_card":"summary_large_image","twitter_misc":{"Dur\u00e9e de lecture estim\u00e9e":"4 minutes"},"schema":{"@context":"https:\/\/schema.org","@graph":[{"@type":"WebPage","@id":"https:\/\/elfsight.com\/fr\/twitter-feed-widget\/blogger\/","url":"https:\/\/elfsight.com\/fr\/twitter-feed-widget\/blogger\/","name":"Widget Twitter Blogger - Ajoutez un flux Twitter au site Web Blogger (en 2 minutes)","isPartOf":{"@id":"https:\/\/elfsight.com\/fr\/#website"},"datePublished":"1970-01-01T00:00:00+00:00","dateModified":"2025-07-10T14:01:46+00:00","description":"Installez le widget Twitter Feed sur Blogger en seulement 2 minutes et sans codage. V\u00e9rifiez toutes les fonctionnalit\u00e9s cl\u00e9s du meilleur widget Twitter dans un \u00e9diteur gratuit.","breadcrumb":{"@id":"https:\/\/elfsight.com\/fr\/twitter-feed-widget\/blogger\/#breadcrumb"},"inLanguage":"fr-FR","potentialAction":[{"@type":"ReadAction","target":["https:\/\/elfsight.com\/fr\/twitter-feed-widget\/blogger\/"]}]},{"@type":"BreadcrumbList","@id":"https:\/\/elfsight.com\/fr\/twitter-feed-widget\/blogger\/#breadcrumb","itemListElement":[{"@type":"ListItem","position":1,"name":"Home","item":"https:\/\/elfsight.com\/fr\/"},{"@type":"ListItem","position":2,"name":"Twitter Feed","item":"https:\/\/elfsight.com\/fr\/twitter-feed-widget\/"},{"@type":"ListItem","position":3,"name":"Twitter Feed &#8211; Blogger"}]},{"@type":"WebSite","@id":"https:\/\/elfsight.com\/fr\/#website","url":"https:\/\/elfsight.com\/fr\/","name":"Elfsight FR","description":"","potentialAction":[{"@type":"SearchAction","target":{"@type":"EntryPoint","urlTemplate":"https:\/\/elfsight.com\/fr\/?s={search_term_string}"},"query-input":{"@type":"PropertyValueSpecification","valueRequired":true,"valueName":"search_term_string"}}],"inLanguage":"fr-FR"}]}},"meta_box":{"industry":"","seo_heading":"","heading":"","description":"","cta_heading":"","cta_description":"","application":"1057","h1":"Widget de flux Twitter Blogger","h1_caption":"Int\u00e9grez des tweets depuis votre compte Twitter ou par hashtag pour tenir vos visiteurs inform\u00e9s du contenu en temps r\u00e9el sur votre site Web Blogger sans effort.","application_category":[],"applications_title":"","applications_request_title":"","applications_request_button_text":"","hero_text":"","hero_video":"","hero_video_schema_markup":"","selling_points_title":"","selling_points_caption":"","selling_points":[],"selling_points_cta_text":"","features_title":"","features":"","ed_cta_examples_text":"","ed_cta_examples_hidden":"","ed_cta_demo_text":"","ed_cta_demo_hidden":"","why_caption":"","why_editor_title":"","why_editor_text":"","why_team_title":"","why_team_text":"","why_service_title":"","why_service_text":"","template_catalog_visible":"","template_catalog_title":"","template_catalog_text":"","template_catalog_categories_visible":"","demo_title":"Cr\u00e9ez votre widget de flux Twitter","demo_caption":"Configurez votre flux Twitter et ajoutez-le gratuitement \u00e0 votre site Web Blogger\u00a0!","default_faq_hidden":"","app_template_category":[],"platform":"348","template_public_id":"","codecanyon_url":"","codecanyon_item_id":"","codecanyon_price":"","pricing_caption":"","pricing_elfsight_apps_hide_column":"","pricing_elfsight_apps_url":"","pricing_codecanyon_price_caption":"","integration_category":[],"integration_request_title":"","integration_request_cta":"","integration_platform":"","integrations":[],"platform_category":[],"video_schema_markup":"","price":"\u00e0 partir de 0$ \/ mois","trial":"","benefits":[{"text":"Aide \u00e0 l'installation gratuite"},{"text":"Service client professionnel"},{"text":"Garantie de remboursement de 14 jours"},{"text":"D\u00e9veloppement continu"}],"button_url":"","button_target_blank":"","button_nofollow":"","attributes":[{"name":"Installations","content":"10,000 - 100,000"},{"name":"Sensible","content":"Oui"},{"name":"Navigateurs compatibles","content":"Firefox, Safari, Opera, Chrome, Edge"}],"tags":[],"tags_disable_links":"","hide_more_platforms":"","video_object":"","demo_hide_cta":"","demo_hide_cloud_options":"","pricing_title":"","pricing":[{"pricing_icon":"platform","pricing_title":"Elfsight Apps","pricing_title_caption":"Solution num\u00e9rique multiplateforme","pricing_price":"from $0 \/ month","pricing_price_caption":"commencez avec un forfait gratuit","pricing_benefits":[{"text":"Sites Web illimit\u00e9s"},{"text":"Support d'entreprise premium et bien document\u00e9"},{"text":"Assistance \u00e0 l'installation gratuite"},{"text":"Enti\u00e8rement personnalisable"}],"pricing_button_text":"Ajouter au site Web","pricing_button_url":"#demo"}],"related_apps_title":"","related_apps_hidden":"","author":"","image":[],"title":"","job":"","social_networks":[]},"_links":{"self":[{"href":"https:\/\/elfsight.com\/fr\/wp-json\/wp\/v2\/pages\/10835","targetHints":{"allow":["GET"]}}],"collection":[{"href":"https:\/\/elfsight.com\/fr\/wp-json\/wp\/v2\/pages"}],"about":[{"href":"https:\/\/elfsight.com\/fr\/wp-json\/wp\/v2\/types\/page"}],"author":[{"embeddable":true,"href":"https:\/\/elfsight.com\/fr\/wp-json\/wp\/v2\/users\/9"}],"replies":[{"embeddable":true,"href":"https:\/\/elfsight.com\/fr\/wp-json\/wp\/v2\/comments?post=10835"}],"version-history":[{"count":2,"href":"https:\/\/elfsight.com\/fr\/wp-json\/wp\/v2\/pages\/10835\/revisions"}],"predecessor-version":[{"id":14796,"href":"https:\/\/elfsight.com\/fr\/wp-json\/wp\/v2\/pages\/10835\/revisions\/14796"}],"up":[{"embeddable":true,"href":"https:\/\/elfsight.com\/fr\/wp-json\/wp\/v2\/pages\/1058"}],"wp:attachment":[{"href":"https:\/\/elfsight.com\/fr\/wp-json\/wp\/v2\/media?parent=10835"}],"curies":[{"name":"wp","href":"https:\/\/api.w.org\/{rel}","templated":true}]}}