{"id":10828,"date":"1970-01-01T00:00:00","date_gmt":"1970-01-01T00:00:00","guid":{"rendered":"https:\/\/elfsight.com\/fr\/?page_id=10828"},"modified":"2024-12-18T14:59:45","modified_gmt":"2024-12-18T14:59:45","slug":"drupal","status":"publish","type":"page","link":"https:\/\/elfsight.com\/fr\/twitter-feed-widget\/drupal\/","title":{"rendered":"Twitter Feed &#8211; Drupal"},"content":{"rendered":"\n<div class=\"application-platform-content-item-description application-platform-content-item\" id=\"description\" data-nav-section=\"description\"><h2>Description<\/h2><p>En utilisant le module Twitter d&rsquo;Elfsight, il est \u00e9tonnamment facile d&rsquo;int\u00e9grer un flux Twitter ou un seul Tweets sur votre site Drupal. Augmentez l&rsquo;engagement des visiteurs et obtenez une meilleure confiance des clients, en affichant votre chronologie Twitter ou en vantant les t\u00e9moignages de clients sur vos offres. Les meilleurs avantages du module Twitter d&rsquo;Elfsight pour votre site sont des mod\u00e8les pr\u00eats \u00e0 l&#8217;emploi pour tous les cas d&rsquo;utilisation possibles et divers param\u00e8tres ainsi qu&rsquo;un design r\u00e9actif.<\/p><p><b>Rendez votre site totalement attrayant pour les clients et hautement fiable<\/b><\/p><ul><li><b>\u00c9levez votre niveau d&rsquo;engagement<\/b>.<br>Int\u00e9grez le contenu joyeux et dynamique de l&rsquo;un des principaux m\u00e9dias sociaux sur votre site, pour attirer l&rsquo;attention du public. . Atteignez un meilleur niveau d&rsquo;activit\u00e9 sur votre site Web.<\/li><li><b>Faites la promotion de votre Twitter et de votre site Web ensemble<\/b>.<br>Votre site est un outil suppl\u00e9mentaire de promotion de votre compte Twitter, avec retweet et r\u00e9ponse. pris en charge \u00e0 partir de la page, tandis qu&rsquo;un meilleur engagement et une meilleure preuve sociale sur le site Web contribuent \u00e0 am\u00e9liorer le r\u00e9f\u00e9rencement.<\/li><li><b>Renforcez la confiance gr\u00e2ce aux t\u00e9moignages de clients de Twitter<\/b>.<br>S\u00e9lectionnez les meilleurs t\u00e9moignages de clients sur votre entreprise depuis Twitter et affichez-les sur votre site pour augmenter le niveau de cr\u00e9dibilit\u00e9 et rendre vos offres attrayantes pour vos utilisateurs.<\/li><\/ul><\/div><div class=\"application-platform-content-item-features application-platform-content-item\" id=\"features\" data-nav-section=\"features\"><h2>Fonctionnalit\u00e9s <\/h2><p>5 avantages, qui font du module Elfsight une solution incontournable pour un site Drupal\u00a0:<\/p><ul><li>Le bouton Suivre sur l&rsquo;ent\u00eate permet d&rsquo;augmenter le nombre d&rsquo;abonn\u00e9s de votre compte\u00a0;<\/li><li>D\u00e9finissez la largeur du widget ou faites-le en pleine largeur\u00a0;<\/li><li>Jolis liens d&rsquo;aper\u00e7u dans les Tweets\u00a0;<\/li><li>Choisissez parmi les langues disponibles ou demandez votre langue et nous traduirons le widget\u00a0;<\/li><li>D\u00e9finissez une couleur de th\u00e8me personnalis\u00e9e pour le widget.<\/li><\/ul><p><a href=\"#demo\">Obtenez toutes les fonctionnalit\u00e9s<\/a><\/p><\/div><div class=\"application-platform-content-item-installation application-platform-content-item\" id=\"installation\" data-nav-section=\"installation\"><h2>Comment ajouter un flux Twitter \u00e0 Drupal<\/h2><div class=\"video-container\"><iframe width=\"720\" height=\"405\" src=\"https:\/\/www.youtube.com\/embed\/rJ8J1pzj-pE\" frameborder=\"0\" allowfullscreen=\"\"><\/iframe><\/div><p>Suivez simplement les instructions ci-dessous pour int\u00e9grer l&rsquo;outil de flux Twitter sur Drupal.<\/p> <ol><li><b>Lancez notre configurateur gratuit et commencez \u00e0 fa\u00e7onner votre propre module. <\/b><br> Trouvez la forme et les sp\u00e9cifications souhait\u00e9es du widget et appliquez les corrections. <\/li> <li><b>Acqu\u00e9rez votre code personnel qui s&rsquo;affiche dans la fen\u00eatre des applications Elfsight. <\/b><br> Une fois la g\u00e9n\u00e9ration de votre module termin\u00e9e, copiez le code individuel de la popup qui appara\u00eet et conservez-le pour une occasion ult\u00e9rieure. <\/li> <li><b>Commencez \u00e0 utiliser l&rsquo;outil sur le site Web Drupal. <\/b><br> Int\u00e9grez le code copi\u00e9 auparavant dans votre site internet et enregistrez les modifications. <\/li> <li><b>L&rsquo;installation est enti\u00e8rement termin\u00e9e. <\/b><br> Visitez votre site pour examiner les performances du plugin. <\/li><\/ol><p>Vous cherchez de l&rsquo;aide pour ajouter ou personnaliser le module\u00a0? L&rsquo;\u00e9quipe Elfsight sera l\u00e0 pour vous aider et vous proposer une solution\u00a0! Envoyez une demande \u00e0 notre \u00e9quipe d\u2019assistance. Vous pouvez \u00e9galement essayer de r\u00e9soudre la requ\u00eate par vous-m\u00eame en appliquant notre <a href=\"https:\/\/elfsight.com\/tutorials\/how-to-add-twitter-feed-module-to-drupal\/\" target=\"_blank\" rel=\"noopener noreferrer\">instructions approfondies<\/a>.<\/p><\/div><div class=\"faq\" data-component=\"FAQ\"><div class=\"faq-item\">\r\n\t\t\t\t\t<div class=\"faq-item-question\">\r\n\t\t\t\t\t\t<h3 class=\"faq-item-question-text\">De quelle mani\u00e8re est-il possible d'int\u00e9grer le flux Twitter \u00e0 ma page Web Drupal sans codage ?<\/h3>\r\n\r\n\t\t\t\t\t\t<div class=\"faq-item-question-icon\"><\/div>\r\n\t\t\t\t\t<\/div>\r\n\r\n\t\t\t\t\t<div class=\"faq-item-answer\">\r\n\t\t\t\t\t\t<div class=\"faq-item-answer-text\"><p>La soci\u00e9t\u00e9 Elfsight propose une solution SaaS qui permet \u00e0 un large public de cr\u00e9er vous-m\u00eame un widget de flux Twitter. D\u00e9couvrez les \u00e9tapes simples\u00a0:<\/p><ul><li>Acc\u00e9dez \u00e0 l&rsquo;\u00e9diteur en direct pour g\u00e9n\u00e9rer une section de flux Twitter que vous souhaitez int\u00e9grer sur Drupal.<\/li><li>Choisissez l&rsquo;un de nos mod\u00e8les pr\u00eats \u00e0 l&#8217;emploi et modifiez les param\u00e8tres du flux Twitter, ajoutez votre contenu, changez la disposition et la couleur des \u00e9l\u00e9ments sans comp\u00e9tences en codage.<\/li><li>Enregistrez les param\u00e8tres que vous avez d\u00e9finis dans le flux Twitter et copiez son code d&rsquo;installation, que vous pouvez simplement inclure gratuitement dans n&rsquo;importe quel site Web Drupal.<\/li><\/ul><p> Avec le configurateur intuitif, tout utilisateur Web peut g\u00e9n\u00e9rer une section de flux Twitter en ligne et l&rsquo;inclure sur son site Drupal. Il n&rsquo;est pas n\u00e9cessaire de payer ou de soumettre les informations d&rsquo;identification de votre carte pour acc\u00e9der \u00e0 notre service. Si vous rencontrez des obstacles de quelque nature que ce soit, n&rsquo;h\u00e9sitez pas \u00e0 parler \u00e0 notre service client.<\/p><\/div>\r\n\t\t\t\t\t<\/div>\r\n\t\t\t\t<\/div><\/div>\n","protected":false},"excerpt":{"rendered":"","protected":false},"author":9,"featured_media":0,"parent":1058,"menu_order":0,"comment_status":"closed","ping_status":"closed","template":"templates\/template-application-platform.php","meta":{"publish_to_discourse":"","publish_post_category":"","wpdc_auto_publish_overridden":"","wpdc_topic_tags":"","wpdc_pin_topic":"","wpdc_pin_until":"","discourse_post_id":"","discourse_permalink":"","wpdc_publishing_response":"","wpdc_publishing_error":"","footnotes":""},"class_list":["post-10828","page","type-page","status-publish","hentry"],"yoast_head":"<!-- This site is optimized with the Yoast SEO plugin v25.3.1 - https:\/\/yoast.com\/wordpress\/plugins\/seo\/ -->\n<title>Module Drupal Twitter Feed pour votre site Web (2025)<\/title>\n<meta name=\"description\" content=\"Installez le module Twitter Feed sur votre site Drupal en quelques minutes seulement. G\u00e9n\u00e9ration instantan\u00e9e et simple de divers modules de sites Web par Elfsight.\" \/>\n<meta name=\"robots\" content=\"index, follow, max-snippet:-1, max-image-preview:large, max-video-preview:-1\" \/>\n<link rel=\"canonical\" href=\"https:\/\/elfsight.com\/fr\/twitter-feed-widget\/drupal\/\" \/>\n<meta property=\"og:locale\" content=\"fr_FR\" \/>\n<meta property=\"og:type\" content=\"article\" \/>\n<meta property=\"og:title\" content=\"Module Drupal Twitter Feed pour votre site Web (2025)\" \/>\n<meta property=\"og:description\" content=\"Installez le module Twitter Feed sur votre site Drupal en quelques minutes seulement. G\u00e9n\u00e9ration instantan\u00e9e et simple de divers modules de sites Web par Elfsight.\" \/>\n<meta property=\"og:url\" content=\"https:\/\/elfsight.com\/fr\/twitter-feed-widget\/drupal\/\" \/>\n<meta property=\"og:site_name\" content=\"Elfsight FR\" \/>\n<meta property=\"article:modified_time\" content=\"2024-12-18T14:59:45+00:00\" \/>\n<meta name=\"twitter:card\" content=\"summary_large_image\" \/>\n<meta name=\"twitter:label1\" content=\"Dur\u00e9e de lecture estim\u00e9e\" \/>\n\t<meta name=\"twitter:data1\" content=\"4 minutes\" \/>\n<!-- \/ Yoast SEO plugin. -->","yoast_head_json":{"title":"Module Drupal Twitter Feed pour votre site Web (2025)","description":"Installez le module Twitter Feed sur votre site Drupal en quelques minutes seulement. G\u00e9n\u00e9ration instantan\u00e9e et simple de divers modules de sites Web par Elfsight.","robots":{"index":"index","follow":"follow","max-snippet":"max-snippet:-1","max-image-preview":"max-image-preview:large","max-video-preview":"max-video-preview:-1"},"canonical":"https:\/\/elfsight.com\/fr\/twitter-feed-widget\/drupal\/","og_locale":"fr_FR","og_type":"article","og_title":"Module Drupal Twitter Feed pour votre site Web (2025)","og_description":"Installez le module Twitter Feed sur votre site Drupal en quelques minutes seulement. G\u00e9n\u00e9ration instantan\u00e9e et simple de divers modules de sites Web par Elfsight.","og_url":"https:\/\/elfsight.com\/fr\/twitter-feed-widget\/drupal\/","og_site_name":"Elfsight FR","article_modified_time":"2024-12-18T14:59:45+00:00","twitter_card":"summary_large_image","twitter_misc":{"Dur\u00e9e de lecture estim\u00e9e":"4 minutes"},"schema":{"@context":"https:\/\/schema.org","@graph":[{"@type":"WebPage","@id":"https:\/\/elfsight.com\/fr\/twitter-feed-widget\/drupal\/","url":"https:\/\/elfsight.com\/fr\/twitter-feed-widget\/drupal\/","name":"Module Drupal Twitter Feed pour votre site Web (2025)","isPartOf":{"@id":"https:\/\/elfsight.com\/fr\/#website"},"datePublished":"1970-01-01T00:00:00+00:00","dateModified":"2024-12-18T14:59:45+00:00","description":"Installez le module Twitter Feed sur votre site Drupal en quelques minutes seulement. G\u00e9n\u00e9ration instantan\u00e9e et simple de divers modules de sites Web par Elfsight.","breadcrumb":{"@id":"https:\/\/elfsight.com\/fr\/twitter-feed-widget\/drupal\/#breadcrumb"},"inLanguage":"fr-FR","potentialAction":[{"@type":"ReadAction","target":["https:\/\/elfsight.com\/fr\/twitter-feed-widget\/drupal\/"]}]},{"@type":"BreadcrumbList","@id":"https:\/\/elfsight.com\/fr\/twitter-feed-widget\/drupal\/#breadcrumb","itemListElement":[{"@type":"ListItem","position":1,"name":"Home","item":"https:\/\/elfsight.com\/fr\/"},{"@type":"ListItem","position":2,"name":"Twitter Feed","item":"https:\/\/elfsight.com\/fr\/twitter-feed-widget\/"},{"@type":"ListItem","position":3,"name":"Twitter Feed &#8211; Drupal"}]},{"@type":"WebSite","@id":"https:\/\/elfsight.com\/fr\/#website","url":"https:\/\/elfsight.com\/fr\/","name":"Elfsight FR","description":"","potentialAction":[{"@type":"SearchAction","target":{"@type":"EntryPoint","urlTemplate":"https:\/\/elfsight.com\/fr\/?s={search_term_string}"},"query-input":{"@type":"PropertyValueSpecification","valueRequired":true,"valueName":"search_term_string"}}],"inLanguage":"fr-FR"}]}},"meta_box":{"industry":"","seo_heading":"","heading":"","description":"","cta_heading":"","cta_description":"","application":"1057","h1":"Module Flux Twitter Drupal","h1_caption":"Int\u00e9grez des tweets depuis votre compte Twitter ou par hashtag pour tenir vos visiteurs inform\u00e9s du contenu en temps r\u00e9el sur votre site Web Drupal sans effort.","application_category":[],"applications_title":"","applications_request_title":"","applications_request_button_text":"","hero_text":"","hero_video":"","hero_video_schema_markup":"","selling_points_title":"","selling_points_caption":"","selling_points":[],"selling_points_cta_text":"","features_title":"","features":"","ed_cta_examples_text":"","ed_cta_examples_hidden":"","ed_cta_demo_text":"","ed_cta_demo_hidden":"","why_caption":"","why_editor_title":"","why_editor_text":"","why_team_title":"","why_team_text":"","why_service_title":"","why_service_text":"","template_catalog_visible":"0","template_catalog_title":"","template_catalog_text":"","template_catalog_categories_visible":"","demo_title":"Cr\u00e9ez votre module de flux Twitter","demo_caption":"Configurez votre flux Twitter et ajoutez-le gratuitement \u00e0 votre site Drupal\u00a0!","default_faq_hidden":"","app_template_category":[],"platform":"351","template_public_id":"","codecanyon_url":"","codecanyon_item_id":"","codecanyon_price":"","pricing_caption":"","pricing_elfsight_apps_hide_column":"","pricing_elfsight_apps_url":"","pricing_codecanyon_price_caption":"","integration_category":[],"integration_request_title":"","integration_request_cta":"","integration_platform":"","integrations":[],"platform_category":[],"video_schema_markup":"","price":"\u00e0 partir de 0$ \/ mois","trial":"","benefits":[{"text":"Service d'installation gratuit"},{"text":"Service client professionnel"},{"text":"Garantie de remboursement de 14 jours"},{"text":"Mise \u00e0 jour constante"}],"button_url":"","button_target_blank":"0","button_nofollow":"0","attributes":[{"name":"Installations","content":"10,000 - 100,000"},{"name":"Sensible","content":"Oui"},{"name":"Navigateurs compatibles","content":"Firefox, Safari, Opera, Chrome, Edge"}],"tags":[],"tags_disable_links":"0","hide_more_platforms":"","video_object":"","demo_hide_cta":"0","demo_hide_cloud_options":"0","pricing_title":"","pricing":[{"pricing_icon":"cloud","pricing_title":"Elfsight Apps","pricing_title_caption":"Solution num\u00e9rique multiplateforme","pricing_price":"from $0 \/ month","pricing_price_caption":"commencez avec un forfait gratuit","pricing_benefits":[{"text":"Sites Web illimit\u00e9s"},{"text":"Assistance rapide de l'entreprise"},{"text":"Aide \u00e0 l'installation gratuite"},{"text":"Offre sp\u00e9ciale pour plusieurs applications"}],"pricing_button_text":"Ajouter au site Web","pricing_button_url":"#demo"}],"related_apps_title":"","related_apps_hidden":"0","author":"","image":[],"title":"","job":"","social_networks":[]},"_links":{"self":[{"href":"https:\/\/elfsight.com\/fr\/wp-json\/wp\/v2\/pages\/10828","targetHints":{"allow":["GET"]}}],"collection":[{"href":"https:\/\/elfsight.com\/fr\/wp-json\/wp\/v2\/pages"}],"about":[{"href":"https:\/\/elfsight.com\/fr\/wp-json\/wp\/v2\/types\/page"}],"author":[{"embeddable":true,"href":"https:\/\/elfsight.com\/fr\/wp-json\/wp\/v2\/users\/9"}],"replies":[{"embeddable":true,"href":"https:\/\/elfsight.com\/fr\/wp-json\/wp\/v2\/comments?post=10828"}],"version-history":[{"count":3,"href":"https:\/\/elfsight.com\/fr\/wp-json\/wp\/v2\/pages\/10828\/revisions"}],"predecessor-version":[{"id":15885,"href":"https:\/\/elfsight.com\/fr\/wp-json\/wp\/v2\/pages\/10828\/revisions\/15885"}],"up":[{"embeddable":true,"href":"https:\/\/elfsight.com\/fr\/wp-json\/wp\/v2\/pages\/1058"}],"wp:attachment":[{"href":"https:\/\/elfsight.com\/fr\/wp-json\/wp\/v2\/media?parent=10828"}],"curies":[{"name":"wp","href":"https:\/\/api.w.org\/{rel}","templated":true}]}}