{"id":10827,"date":"1970-01-01T00:00:00","date_gmt":"1970-01-01T00:00:00","guid":{"rendered":"https:\/\/elfsight.com\/fr\/?page_id=10827"},"modified":"2024-11-11T11:01:06","modified_gmt":"2024-11-11T11:01:06","slug":"joomla","status":"publish","type":"page","link":"https:\/\/elfsight.com\/fr\/twitter-feed-widget\/joomla\/","title":{"rendered":"Twitter Feed &#8211; Joomla"},"content":{"rendered":"\n<div class=\"application-platform-content-item-description application-platform-content-item\" id=\"description\" data-nav-section=\"description\"><h2>Description<\/h2><p>Avec le module Twitter d&rsquo;Elfsight, il est parfaitement simple de mettre un flux Twitter ou certains Tweets sur un site Joomla. Augmentez l&rsquo;engagement des utilisateurs et d\u00e9veloppez une plus grande confiance des clients, en publiant votre chronologie Twitter ou en vantant les t\u00e9moignages des utilisateurs sur votre entreprise. Les principaux avantages du widget Twitter Elfsight pour n&rsquo;importe quel site Web sont des mod\u00e8les pr\u00eats pour tous les cas d&rsquo;utilisation et diff\u00e9rentes options ainsi qu&rsquo;une conception adaptable.<\/p><p><b>Renforcez le taux d&rsquo;engagement de votre site Web et rendez-le cr\u00e9dible pour vos visiteurs<\/b><\/p><ul><li><b>Retenez les visiteurs sur le site<\/b>.<br>Faites en sorte que vos clients restent plus longtemps sur la page, en d\u00e9montrant certains Tweets sur des sujets d&rsquo;actualit\u00e9 ou en les impliquant dans vos promotions promues sur Twitter.<\/li><li><b>Augmentez le nombre d&rsquo;abonn\u00e9s<\/b>.<br>Le flux Twitter interactif d&rsquo;Elfsight permet aux clients de s&rsquo;abonner \u00e0 votre compte directement depuis votre site. Vous pouvez ainsi avoir une autre source de followers et \u00e9largir votre communaut\u00e9 Twitter.<\/li><li><b>Augmentez la confiance des clients gr\u00e2ce aux t\u00e9moignages de Twitter<\/b>.<br>Choisissez les meilleurs t\u00e9moignages de clients sur votre entreprise sur Twitter et affichez-les sur votre site pour accro\u00eetre la confiance des clients et rendre vos produits et services attrayants pour votre public.<\/li><\/ul><\/div><div class=\"application-platform-content-item-features application-platform-content-item\" id=\"features\" data-nav-section=\"features\"><h2>Fonctionnalit\u00e9s<\/h2><p>Les avantages les plus pr\u00e9cieux de notre widget, qui en font l&rsquo;extension la plus pr\u00e9cieuse pour une mise en place sur Joomla\u00a0:<\/p><ul><li>Type de pr\u00e9sentation Flux ou T\u00e9moignages\u00a0;<\/li><li>D\u00e9finir le widget ou laissez-le s&rsquo;adapter \u00e0 la hauteur du contenu\u00a0;<\/li><li>Indication des retweets dans le flux\u00a0;<\/li><li>Une ic\u00f4ne sp\u00e9ciale pour marquer les comptes v\u00e9rifi\u00e9s\u00a0;<\/li><li>Nombre de retweets, comme le nombre d&rsquo;entr\u00e9es Tweets.<\/li><\/ul><p><a href=\"#demo\">Une liste compl\u00e8te des avantages dans la d\u00e9mo gratuite<\/a><\/p><\/div><div class=\"application-platform-content-item-installation application-platform-content-item\" id=\"installation\" data-nav-section=\"installation\"> <h2>Comment ajouter le module de flux Twitter \u00e0 Joomla<\/h2><div class=\"video-container\"><iframe width=\"720\" height=\"405\" src=\"https:\/\/www.youtube.com\/embed\/rXohOsVQkbY\" frameborder=\"0\" allowfullscreen=\"\"><\/iframe><\/div><p>Suivez simplement plusieurs \u00e9tapes ci-dessous pour int\u00e9grer l&rsquo;extension sur Joomla.<\/p> <ol><li><b>Effectuez notre configurateur gratuit et commencez \u00e0 construire votre instrument sur mesure. <\/b><br> Sp\u00e9cifiez l&rsquo;interface pr\u00e9f\u00e9r\u00e9e et les caract\u00e9ristiques du plugin et appliquez les modifications. <\/li> <li><b>Recevez votre code individuel expos\u00e9 dans la bo\u00eete sur Elfsight Apps. <\/b><br> Juste apr\u00e8s la personnalisation de votre widget Flux Twitter, copiez le code personnel dans la zone qui appara\u00eet et enregistrez-le pour une utilisation ult\u00e9rieure. <\/li> <li><b>Initier l&rsquo;utilisation de l&rsquo;extension sur le site Joomla. <\/b><br> Impl\u00e9mentez le code enregistr\u00e9 r\u00e9cemment dans votre site Web et enregistrez les ajustements. <\/li> <li><b>L&rsquo;installation est effectu\u00e9e avec succ\u00e8s. <\/b><br> Allez sur votre site pour voir le travail de l&rsquo;extension. <\/li><\/ol><p>Des probl\u00e8mes ou des questions sont-ils apparus lors de l&rsquo;int\u00e9gration du module\u00a0? \u00c9crivez \u00e0 notre \u00e9quipe d&rsquo;assistance avec une explication d\u00e9taill\u00e9e de votre probl\u00e8me, et notre \u00e9quipe fera de son mieux pour vous aider ou il peut \u00eatre utile de lire un <a href=\"https:\/\/elfsight.com\/tutorials\/how-to-add-twitter-feed-extension-to-joomla\/\" target=\"_blank\" rel=\"noopener noreferrer\">tutoriel d\u00e9taill\u00e9<\/a>.<\/p><\/div><div class=\"faq\" data-component=\"FAQ\"><div class=\"faq-item\">\r\n\t\t\t\t\t<div class=\"faq-item-question\">\r\n\t\t\t\t\t\t<h3 class=\"faq-item-question-text\">Existe-t-il une option pour ajouter un flux Twitter \u00e0 ma page Web Joomla sans comp\u00e9tences en codage ?<\/h3>\r\n\r\n\t\t\t\t\t\t<div class=\"faq-item-question-icon\"><\/div>\r\n\t\t\t\t\t<\/div>\r\n\r\n\t\t\t\t\t<div class=\"faq-item-answer\">\r\n\t\t\t\t\t\t<div class=\"faq-item-answer-text\"><p>La soci\u00e9t\u00e9 Elfsight pr\u00e9sente une solution qui permet aux utilisateurs de cr\u00e9er eux-m\u00eames un widget de flux Twitter. Consultez le guide simple\u00a0:<\/p><ul><li>Acc\u00e9dez \u00e0 la d\u00e9mo en ligne pour g\u00e9n\u00e9rer une application de flux Twitter que vous souhaitez ajouter sur votre Joomla.<\/li><li>S\u00e9lectionnez l&rsquo;un des mod\u00e8les pr\u00eats \u00e0 l&#8217;emploi et modifiez les param\u00e8tres du flux Twitter, transformez la mise en page et la palette de couleurs, incluez votre contenu sans aucune exp\u00e9rience de codage.<\/li><li>Enregistrez les param\u00e8tres que vous avez d\u00e9finis dans le flux Twitter et obtenez le code d&rsquo;installation, que vous pouvez facilement int\u00e9grer gratuitement dans la page d&rsquo;accueil de Joomla. <\/li><\/ul><p>En travaillant dans le configurateur simple, chaque utilisateur Web peut cr\u00e9er un widget de flux Twitter en ligne et l&rsquo;inclure facilement \u00e0 n&rsquo;importe quelle page d&rsquo;accueil Joomla. Il n\u2019est pas n\u00e9cessaire de payer ou de divulguer les donn\u00e9es de votre carte pour acc\u00e9der \u00e0 notre service. Si vous rencontrez des probl\u00e8mes \u00e0 n&rsquo;importe quelle \u00e9tape, n&rsquo;h\u00e9sitez pas \u00e0 contacter notre \u00e9quipe d&rsquo;assistance technique.<\/p><\/div>\r\n\t\t\t\t\t<\/div>\r\n\t\t\t\t<\/div><\/div>\n","protected":false},"excerpt":{"rendered":"","protected":false},"author":9,"featured_media":0,"parent":1058,"menu_order":0,"comment_status":"closed","ping_status":"closed","template":"templates\/template-application-platform.php","meta":{"publish_to_discourse":"","publish_post_category":"","wpdc_auto_publish_overridden":"","wpdc_topic_tags":"","wpdc_pin_topic":"","wpdc_pin_until":"","discourse_post_id":"","discourse_permalink":"","wpdc_publishing_response":"","wpdc_publishing_error":"","footnotes":""},"class_list":["post-10827","page","type-page","status-publish","hentry"],"yoast_head":"<!-- This site is optimized with the Yoast SEO plugin v25.3.1 - https:\/\/yoast.com\/wordpress\/plugins\/seo\/ -->\n<title>Module Joomla Twitter Feed - Ajouter Twitter \u00e0 Joomla (facile et rapide)<\/title>\n<meta name=\"description\" content=\"G\u00e9n\u00e9rez votre extension de flux Twitter personnalis\u00e9e pour Joomla. Consultez le panneau le plus rapide pour la construction de widgets par Elfsight absolument gratuitement.\" \/>\n<meta name=\"robots\" content=\"index, follow, max-snippet:-1, max-image-preview:large, max-video-preview:-1\" \/>\n<link rel=\"canonical\" href=\"https:\/\/elfsight.com\/fr\/twitter-feed-widget\/joomla\/\" \/>\n<meta property=\"og:locale\" content=\"fr_FR\" \/>\n<meta property=\"og:type\" content=\"article\" \/>\n<meta property=\"og:title\" content=\"Module Joomla Twitter Feed - Ajouter Twitter \u00e0 Joomla (facile et rapide)\" \/>\n<meta property=\"og:description\" content=\"G\u00e9n\u00e9rez votre extension de flux Twitter personnalis\u00e9e pour Joomla. Consultez le panneau le plus rapide pour la construction de widgets par Elfsight absolument gratuitement.\" \/>\n<meta property=\"og:url\" content=\"https:\/\/elfsight.com\/fr\/twitter-feed-widget\/joomla\/\" \/>\n<meta property=\"og:site_name\" content=\"Elfsight FR\" \/>\n<meta property=\"article:modified_time\" content=\"2024-11-11T11:01:06+00:00\" \/>\n<meta name=\"twitter:card\" content=\"summary_large_image\" \/>\n<meta name=\"twitter:label1\" content=\"Dur\u00e9e de lecture estim\u00e9e\" \/>\n\t<meta name=\"twitter:data1\" content=\"4 minutes\" \/>\n<!-- \/ Yoast SEO plugin. -->","yoast_head_json":{"title":"Module Joomla Twitter Feed - Ajouter Twitter \u00e0 Joomla (facile et rapide)","description":"G\u00e9n\u00e9rez votre extension de flux Twitter personnalis\u00e9e pour Joomla. Consultez le panneau le plus rapide pour la construction de widgets par Elfsight absolument gratuitement.","robots":{"index":"index","follow":"follow","max-snippet":"max-snippet:-1","max-image-preview":"max-image-preview:large","max-video-preview":"max-video-preview:-1"},"canonical":"https:\/\/elfsight.com\/fr\/twitter-feed-widget\/joomla\/","og_locale":"fr_FR","og_type":"article","og_title":"Module Joomla Twitter Feed - Ajouter Twitter \u00e0 Joomla (facile et rapide)","og_description":"G\u00e9n\u00e9rez votre extension de flux Twitter personnalis\u00e9e pour Joomla. Consultez le panneau le plus rapide pour la construction de widgets par Elfsight absolument gratuitement.","og_url":"https:\/\/elfsight.com\/fr\/twitter-feed-widget\/joomla\/","og_site_name":"Elfsight FR","article_modified_time":"2024-11-11T11:01:06+00:00","twitter_card":"summary_large_image","twitter_misc":{"Dur\u00e9e de lecture estim\u00e9e":"4 minutes"},"schema":{"@context":"https:\/\/schema.org","@graph":[{"@type":"WebPage","@id":"https:\/\/elfsight.com\/fr\/twitter-feed-widget\/joomla\/","url":"https:\/\/elfsight.com\/fr\/twitter-feed-widget\/joomla\/","name":"Module Joomla Twitter Feed - Ajouter Twitter \u00e0 Joomla (facile et rapide)","isPartOf":{"@id":"https:\/\/elfsight.com\/fr\/#website"},"datePublished":"1970-01-01T00:00:00+00:00","dateModified":"2024-11-11T11:01:06+00:00","description":"G\u00e9n\u00e9rez votre extension de flux Twitter personnalis\u00e9e pour Joomla. Consultez le panneau le plus rapide pour la construction de widgets par Elfsight absolument gratuitement.","breadcrumb":{"@id":"https:\/\/elfsight.com\/fr\/twitter-feed-widget\/joomla\/#breadcrumb"},"inLanguage":"fr-FR","potentialAction":[{"@type":"ReadAction","target":["https:\/\/elfsight.com\/fr\/twitter-feed-widget\/joomla\/"]}]},{"@type":"BreadcrumbList","@id":"https:\/\/elfsight.com\/fr\/twitter-feed-widget\/joomla\/#breadcrumb","itemListElement":[{"@type":"ListItem","position":1,"name":"Home","item":"https:\/\/elfsight.com\/fr\/"},{"@type":"ListItem","position":2,"name":"Twitter Feed","item":"https:\/\/elfsight.com\/fr\/twitter-feed-widget\/"},{"@type":"ListItem","position":3,"name":"Twitter Feed &#8211; Joomla"}]},{"@type":"WebSite","@id":"https:\/\/elfsight.com\/fr\/#website","url":"https:\/\/elfsight.com\/fr\/","name":"Elfsight FR","description":"","potentialAction":[{"@type":"SearchAction","target":{"@type":"EntryPoint","urlTemplate":"https:\/\/elfsight.com\/fr\/?s={search_term_string}"},"query-input":{"@type":"PropertyValueSpecification","valueRequired":true,"valueName":"search_term_string"}}],"inLanguage":"fr-FR"}]}},"meta_box":{"industry":"","seo_heading":"","heading":"","description":"","cta_heading":"","cta_description":"","application":"1057","h1":"Module de flux Twitter Joomla","h1_caption":"Int\u00e9grez des tweets depuis votre compte Twitter ou par hashtag pour tenir vos visiteurs inform\u00e9s du contenu en temps r\u00e9el sur votre site Web Joomla sans effort.","application_category":[],"applications_title":"","applications_request_title":"","applications_request_button_text":"","hero_text":"","hero_video":"","hero_video_schema_markup":"","selling_points_title":"","selling_points_caption":"","selling_points":[],"selling_points_cta_text":"","features_title":"","features":"","ed_cta_examples_text":"","ed_cta_examples_hidden":"","ed_cta_demo_text":"","ed_cta_demo_hidden":"","why_caption":"","why_editor_title":"","why_editor_text":"","why_team_title":"","why_team_text":"","why_service_title":"","why_service_text":"","template_catalog_visible":"0","template_catalog_title":"","template_catalog_text":"","template_catalog_categories_visible":"","demo_title":"Cr\u00e9ez votre plugin de flux Twitter","demo_caption":"Configurez votre flux Twitter et ajoutez-le gratuitement \u00e0 votre site Joomla !","default_faq_hidden":"","app_template_category":[],"platform":"354","template_public_id":"","codecanyon_url":"","codecanyon_item_id":"","codecanyon_price":"","pricing_caption":"","pricing_elfsight_apps_hide_column":"","pricing_elfsight_apps_url":"","pricing_codecanyon_price_caption":"","integration_category":[],"integration_request_title":"","integration_request_cta":"","integration_platform":"","integrations":[],"platform_category":[],"video_schema_markup":"","price":"\u00e0 partir de 0$ \/ mois","trial":"","benefits":[{"text":"Aide \u00e0 l'installation gratuite"},{"text":"Support client exp\u00e9riment\u00e9"},{"text":"Garantie de remboursement de 14 jours"},{"text":"Mises \u00e0 jour gratuites r\u00e9guli\u00e8res"}],"button_url":"","button_target_blank":"0","button_nofollow":"0","attributes":[{"name":"Installations","content":"10,000 - 100,000"},{"name":"Sensible","content":"Oui"},{"name":"Navigateurs compatibles","content":"Firefox, Safari, Opera, Chrome, Edge"}],"tags":[],"tags_disable_links":"0","hide_more_platforms":"","video_object":"","demo_hide_cta":"0","demo_hide_cloud_options":"0","pricing_title":"","pricing":[{"pricing_icon":"cloud","pricing_title":"Elfsight Apps","pricing_title_caption":"Solution ind\u00e9pendante de la plate-forme qui convient \u00e0 n'importe quel site Web","pricing_price":"from $0 \/ month","pricing_price_caption":"commencez avec un forfait gratuit","pricing_benefits":[{"text":"Domaines illimit\u00e9s"},{"text":"Assistance professionnelle et ponctuelle"},{"text":"Service d'installation gratuit"},{"text":"Tr\u00e8s bonne affaire pour plusieurs applications"}],"pricing_button_text":"Ajouter au site Web","pricing_button_url":"#demo"}],"related_apps_title":"","related_apps_hidden":"0","author":"","image":[],"title":"","job":"","social_networks":[]},"_links":{"self":[{"href":"https:\/\/elfsight.com\/fr\/wp-json\/wp\/v2\/pages\/10827","targetHints":{"allow":["GET"]}}],"collection":[{"href":"https:\/\/elfsight.com\/fr\/wp-json\/wp\/v2\/pages"}],"about":[{"href":"https:\/\/elfsight.com\/fr\/wp-json\/wp\/v2\/types\/page"}],"author":[{"embeddable":true,"href":"https:\/\/elfsight.com\/fr\/wp-json\/wp\/v2\/users\/9"}],"replies":[{"embeddable":true,"href":"https:\/\/elfsight.com\/fr\/wp-json\/wp\/v2\/comments?post=10827"}],"version-history":[{"count":3,"href":"https:\/\/elfsight.com\/fr\/wp-json\/wp\/v2\/pages\/10827\/revisions"}],"predecessor-version":[{"id":15222,"href":"https:\/\/elfsight.com\/fr\/wp-json\/wp\/v2\/pages\/10827\/revisions\/15222"}],"up":[{"embeddable":true,"href":"https:\/\/elfsight.com\/fr\/wp-json\/wp\/v2\/pages\/1058"}],"wp:attachment":[{"href":"https:\/\/elfsight.com\/fr\/wp-json\/wp\/v2\/media?parent=10827"}],"curies":[{"name":"wp","href":"https:\/\/api.w.org\/{rel}","templated":true}]}}