{"id":10826,"date":"1970-01-01T00:00:00","date_gmt":"1970-01-01T00:00:00","guid":{"rendered":"https:\/\/elfsight.com\/fr\/?page_id=10826"},"modified":"2024-12-18T15:08:49","modified_gmt":"2024-12-18T15:08:49","slug":"wix","status":"publish","type":"page","link":"https:\/\/elfsight.com\/fr\/twitter-feed-widget\/wix\/","title":{"rendered":"Twitter Feed &#8211; Wix"},"content":{"rendered":"\n<div class=\"application-platform-content-item-description application-platform-content-item\" id=\"description\" data-nav-section=\"description\">\n  <h2>Description<\/h2>\n  <p>Avec le flux Twitter Elfsight, il est \u00e9tonnamment facile de mettre un flux Twitter ou des Tweets collect\u00e9s sur votre site Wix. Augmentez l&rsquo;engagement des visiteurs et am\u00e9liorez la confiance des clients en affichant votre chronologie Twitter ou en pr\u00e9sentant des t\u00e9moignages de clients sur vos produits ou services. Les principaux avantages du flux Twitter Elfsight pour votre site incluent des mod\u00e8les pr\u00e9d\u00e9finis adapt\u00e9s \u00e0 tous les cas d&rsquo;utilisation, diff\u00e9rents param\u00e8tres et une conception flexible.<\/p>\n  <p><b>Rendez votre site Web totalement attrayant pour les visiteurs et digne de confiance<\/b><\/p>\n  <ul>\n    <li><b>Retenez les visiteurs sur la page<\/b><br> Retenez votre audience sur votre site Web plus longtemps en l&rsquo;engageant avec des Tweets uniques sur des sujets connexes ou en l&rsquo;impliquant dans vos \u00e9v\u00e9nements Twitter promus.<\/li>\n    <li><b>Obtenez plus d&rsquo;abonn\u00e9s<\/b><br> Le flux Twitter interactif d&rsquo;Elfsight permet aux clients de s&rsquo;abonner \u00e0 votre compte directement depuis votre site. Utilisez cette fonctionnalit\u00e9 pour augmenter votre nombre d&rsquo;abonn\u00e9s et \u00e9largir votre communaut\u00e9 Twitter.<\/li>\n    <li><b>Une preuve sociale solide pour une confiance renforc\u00e9e<\/b><br> Affichez votre profil Twitter dynamique pour rassurer vos clients sur le fait que votre entreprise est active et ouverte \u00e0 la communication, renfor\u00e7ant ainsi la confiance de vos visiteurs.<\/li>\n  <\/ul>\n<\/div>\n\n<div class=\"application-platform-content-item-features application-platform-content-item\" id=\"features\" data-nav-section=\"features\">\n  <h2>Fonctionnalit\u00e9s<\/h2>\n  <p>Voici les principales caract\u00e9ristiques de notre widget, qui en font l&rsquo;outil id\u00e9al pour ajouter Twitter \u00e0 votre site Wix :<\/p>\n  <ul>\n    <li>Choix entre un flux Twitter ou des t\u00e9moignages s\u00e9lectionn\u00e9s ;<\/li>\n    <li>D\u00e9finir la largeur du widget ou l&rsquo;option pleine largeur ;<\/li>\n    <li>Affichage d&rsquo;un joli aper\u00e7u des liens dans les Tweets ;<\/li>\n    <li>Possibilit\u00e9 d&rsquo;ouvrir un Tweet en cliquant sur l&rsquo;ic\u00f4ne Twitter ;<\/li>\n    <li>Formatage du texte des Tweets et affichage du contenu multim\u00e9dia (photos et vid\u00e9os) dans les Tweets.<\/li>\n  <\/ul>\n  <p><a href=\"#demo\">Essayez-le dans tous les d\u00e9tails<\/a><\/p>\n<\/div>\n\n<div class=\"application-platform-content-item-installation application-platform-content-item\" id=\"installation\" data-nav-section=\"installation\">\n  <h2>Comment ajouter le flux Twitter sur votre site Wix<\/h2>\n  <div class=\"video-container\">\n    <iframe width=\"720\" height=\"405\" src=\"https:\/\/www.youtube.com\/embed\/ybCzswnA5EA\" frameborder=\"0\" allowfullscreen=\"\"><\/iframe>\n  <\/div>\n  <p>Voici un guide rapide pour int\u00e9grer le widget Twitter sur votre site Wix. Vous n&rsquo;avez pas besoin de comp\u00e9tences en d\u00e9veloppement Web, et l&rsquo;installation ne prend que quelques minutes.<\/p>\n  <ol>\n    <li><b>Cr\u00e9ez votre application Twitter personnalis\u00e9e<\/b><br> Utilisez notre \u00e9diteur gratuit pour cr\u00e9er un widget avec le mod\u00e8le et les fonctionnalit\u00e9s que vous souhaitez.<\/li>\n    <li><b>Obtenez le code pour int\u00e9grer l&rsquo;application<\/b><br> Apr\u00e8s avoir cr\u00e9\u00e9 le widget, obtenez le code d&rsquo;int\u00e9gration via la notification contextuelle sur les applications Elfsight.<\/li>\n    <li><b>Affichez le widget sur votre site Wix<\/b><br> Placez le widget \u00e0 l&#8217;emplacement souhait\u00e9 sur votre site et enregistrez les modifications.<\/li>\n    <li><b>L&rsquo;int\u00e9gration est r\u00e9ussie !<\/b><br> Allez sur votre site Wix pour v\u00e9rifier que le widget s&rsquo;affiche correctement.<\/li>\n  <\/ol>\n  <p>Rencontrez-vous des difficult\u00e9s lors de l&rsquo;installation ou de la configuration de l&rsquo;application ? Consultez notre <a href=\"https:\/\/elfsight.com\/tutorials\/how-to-add-twitter-feed-app-to-wix\/\" target=\"_blank\" rel=\"noopener noreferrer\">guide d\u00e9taill\u00e9<\/a> ou contactez notre \u00e9quipe d&rsquo;assistance pour toute question.<\/p>\n<\/div>\n\n<div class=\"faq\" data-component=\"FAQ\">\n  <div class=\"faq-item\">\r\n\t\t\t\t\t<div class=\"faq-item-question\">\r\n\t\t\t\t\t\t<h3 class=\"faq-item-question-text\">Existe-t-il un moyen d'ajouter un flux Twitter \u00e0 mon site Wix sans comp\u00e9tences en codage ?<\/h3>\r\n\r\n\t\t\t\t\t\t<div class=\"faq-item-question-icon\"><\/div>\r\n\t\t\t\t\t<\/div>\r\n\r\n\t\t\t\t\t<div class=\"faq-item-answer\">\r\n\t\t\t\t\t\t<div class=\"faq-item-answer-text\">\n    <p>Elfsight propose une solution simple qui permet \u00e0 tout propri\u00e9taire de site de cr\u00e9er lui-m\u00eame une application de flux Twitter. Voici les \u00e9tapes faciles :<\/p>\n    <ul>\n      <li>Acc\u00e9dez \u00e0 la d\u00e9mo en direct pour cr\u00e9er la section de flux Twitter que vous souhaitez ajouter \u00e0 votre site Wix.<\/li>\n      <li>Choisissez l&rsquo;un des mod\u00e8les pr\u00eats \u00e0 l&#8217;emploi, ajustez les param\u00e8tres du flux Twitter, modifiez la mise en page et les couleurs, puis ajoutez votre contenu, sans codage n\u00e9cessaire.<\/li>\n      <li>Enregistrez les param\u00e8tres que vous avez d\u00e9finis pour votre flux Twitter et obtenez le code d&rsquo;installation du widget, que vous pourrez facilement int\u00e9grer dans votre site Wix sans avoir besoin d&rsquo;un abonnement payant.<\/li>\n    <\/ul>\n    <p>Gr\u00e2ce \u00e0 notre \u00e9diteur intuitif, tout utilisateur peut cr\u00e9er un flux Twitter en ligne et l&rsquo;ajouter facilement \u00e0 son site Wix. Il n&rsquo;est pas n\u00e9cessaire de payer ou de fournir des informations bancaires pour acc\u00e9der \u00e0 l&rsquo;\u00e9diteur. Si vous rencontrez des probl\u00e8mes, n&rsquo;h\u00e9sitez pas \u00e0 contacter notre \u00e9quipe d&rsquo;assistance technique.<\/p>\n  <\/div>\r\n\t\t\t\t\t<\/div>\r\n\t\t\t\t<\/div>\n<\/div>\n\n","protected":false},"excerpt":{"rendered":"","protected":false},"author":9,"featured_media":0,"parent":1058,"menu_order":0,"comment_status":"closed","ping_status":"closed","template":"templates\/template-application-platform.php","meta":{"publish_to_discourse":"","publish_post_category":"","wpdc_auto_publish_overridden":"","wpdc_topic_tags":"","wpdc_pin_topic":"","wpdc_pin_until":"","discourse_post_id":"","discourse_permalink":"","wpdc_publishing_response":"","wpdc_publishing_error":"","footnotes":""},"class_list":["post-10826","page","type-page","status-publish","hentry"],"yoast_head":"<!-- This site is optimized with the Yoast SEO plugin v25.3.1 - https:\/\/yoast.com\/wordpress\/plugins\/seo\/ -->\n<title>Wix Twitter Feed - Ajouter l&#039;application Twitter au site Wix (en 2 minutes)<\/title>\n<meta name=\"description\" content=\"Obtenez votre application Twitter Feed personnalis\u00e9e pour Wix en seulement 2 minutes. Testez gratuitement le panneau le plus rapide pour la cr\u00e9ation de widgets par Elfsight.\" \/>\n<meta name=\"robots\" content=\"index, follow, max-snippet:-1, max-image-preview:large, max-video-preview:-1\" \/>\n<link rel=\"canonical\" href=\"https:\/\/elfsight.com\/fr\/twitter-feed-widget\/wix\/\" \/>\n<meta property=\"og:locale\" content=\"fr_FR\" \/>\n<meta property=\"og:type\" content=\"article\" \/>\n<meta property=\"og:title\" content=\"Wix Twitter Feed - Ajouter l&#039;application Twitter au site Wix (en 2 minutes)\" \/>\n<meta property=\"og:description\" content=\"Obtenez votre application Twitter Feed personnalis\u00e9e pour Wix en seulement 2 minutes. Testez gratuitement le panneau le plus rapide pour la cr\u00e9ation de widgets par Elfsight.\" \/>\n<meta property=\"og:url\" content=\"https:\/\/elfsight.com\/fr\/twitter-feed-widget\/wix\/\" \/>\n<meta property=\"og:site_name\" content=\"Elfsight FR\" \/>\n<meta property=\"article:modified_time\" content=\"2024-12-18T15:08:49+00:00\" \/>\n<meta name=\"twitter:card\" content=\"summary_large_image\" \/>\n<meta name=\"twitter:label1\" content=\"Dur\u00e9e de lecture estim\u00e9e\" \/>\n\t<meta name=\"twitter:data1\" content=\"4 minutes\" \/>\n<!-- \/ Yoast SEO plugin. -->","yoast_head_json":{"title":"Wix Twitter Feed - Ajouter l'application Twitter au site Wix (en 2 minutes)","description":"Obtenez votre application Twitter Feed personnalis\u00e9e pour Wix en seulement 2 minutes. Testez gratuitement le panneau le plus rapide pour la cr\u00e9ation de widgets par Elfsight.","robots":{"index":"index","follow":"follow","max-snippet":"max-snippet:-1","max-image-preview":"max-image-preview:large","max-video-preview":"max-video-preview:-1"},"canonical":"https:\/\/elfsight.com\/fr\/twitter-feed-widget\/wix\/","og_locale":"fr_FR","og_type":"article","og_title":"Wix Twitter Feed - Ajouter l'application Twitter au site Wix (en 2 minutes)","og_description":"Obtenez votre application Twitter Feed personnalis\u00e9e pour Wix en seulement 2 minutes. Testez gratuitement le panneau le plus rapide pour la cr\u00e9ation de widgets par Elfsight.","og_url":"https:\/\/elfsight.com\/fr\/twitter-feed-widget\/wix\/","og_site_name":"Elfsight FR","article_modified_time":"2024-12-18T15:08:49+00:00","twitter_card":"summary_large_image","twitter_misc":{"Dur\u00e9e de lecture estim\u00e9e":"4 minutes"},"schema":{"@context":"https:\/\/schema.org","@graph":[{"@type":"WebPage","@id":"https:\/\/elfsight.com\/fr\/twitter-feed-widget\/wix\/","url":"https:\/\/elfsight.com\/fr\/twitter-feed-widget\/wix\/","name":"Wix Twitter Feed - Ajouter l'application Twitter au site Wix (en 2 minutes)","isPartOf":{"@id":"https:\/\/elfsight.com\/fr\/#website"},"datePublished":"1970-01-01T00:00:00+00:00","dateModified":"2024-12-18T15:08:49+00:00","description":"Obtenez votre application Twitter Feed personnalis\u00e9e pour Wix en seulement 2 minutes. Testez gratuitement le panneau le plus rapide pour la cr\u00e9ation de widgets par Elfsight.","breadcrumb":{"@id":"https:\/\/elfsight.com\/fr\/twitter-feed-widget\/wix\/#breadcrumb"},"inLanguage":"fr-FR","potentialAction":[{"@type":"ReadAction","target":["https:\/\/elfsight.com\/fr\/twitter-feed-widget\/wix\/"]}]},{"@type":"BreadcrumbList","@id":"https:\/\/elfsight.com\/fr\/twitter-feed-widget\/wix\/#breadcrumb","itemListElement":[{"@type":"ListItem","position":1,"name":"Home","item":"https:\/\/elfsight.com\/fr\/"},{"@type":"ListItem","position":2,"name":"Twitter Feed","item":"https:\/\/elfsight.com\/fr\/twitter-feed-widget\/"},{"@type":"ListItem","position":3,"name":"Twitter Feed &#8211; Wix"}]},{"@type":"WebSite","@id":"https:\/\/elfsight.com\/fr\/#website","url":"https:\/\/elfsight.com\/fr\/","name":"Elfsight FR","description":"","potentialAction":[{"@type":"SearchAction","target":{"@type":"EntryPoint","urlTemplate":"https:\/\/elfsight.com\/fr\/?s={search_term_string}"},"query-input":{"@type":"PropertyValueSpecification","valueRequired":true,"valueName":"search_term_string"}}],"inLanguage":"fr-FR"}]}},"meta_box":{"industry":"","seo_heading":"","heading":"","description":"","cta_heading":"","cta_description":"","application":"1057","h1":"Application Flux Twitter Wix","h1_caption":"Int\u00e9grez des tweets depuis votre compte Twitter ou par hashtag pour tenir vos visiteurs inform\u00e9s du contenu en temps r\u00e9el sur votre site Web Wix sans effort.","application_category":[],"applications_title":"","applications_request_title":"","applications_request_button_text":"","hero_text":"","hero_video":"","hero_video_schema_markup":"","selling_points_title":"","selling_points_caption":"","selling_points":[],"selling_points_cta_text":"","features_title":"","features":"","ed_cta_examples_text":"","ed_cta_examples_hidden":"","ed_cta_demo_text":"","ed_cta_demo_hidden":"","why_caption":"","why_editor_title":"","why_editor_text":"","why_team_title":"","why_team_text":"","why_service_title":"","why_service_text":"","template_catalog_visible":"0","template_catalog_title":"","template_catalog_text":"","template_catalog_categories_visible":"","demo_title":"Cr\u00e9ez votre application de flux Twitter","demo_caption":"Configurez votre flux Twitter et ajoutez-le \u00e0 votre site Web Wix gratuitement !","default_faq_hidden":"","app_template_category":[],"platform":"345","template_public_id":"","codecanyon_url":"","codecanyon_item_id":"","codecanyon_price":"","pricing_caption":"","pricing_elfsight_apps_hide_column":"","pricing_elfsight_apps_url":"","pricing_codecanyon_price_caption":"","integration_category":[],"integration_request_title":"","integration_request_cta":"","integration_platform":"","integrations":[],"platform_category":[],"video_schema_markup":"","price":"\u00e0 partir de 0$ \/ mois","trial":"","benefits":[{"text":"Service d'installation gratuit"},{"text":"Un soutien exceptionnel"},{"text":"Garantie de remboursement de 14 jours"},{"text":"Am\u00e9liorations r\u00e9guli\u00e8res"}],"button_url":"","button_target_blank":"0","button_nofollow":"0","attributes":[{"name":"Installations","content":"10,000 - 100,000"},{"name":"Sensible","content":"Oui"},{"name":"Navigateurs compatibles","content":"Firefox, Safari, Opera, Chrome, Edge"}],"tags":[],"tags_disable_links":"0","hide_more_platforms":"","video_object":"","demo_hide_cta":"0","demo_hide_cloud_options":"0","pricing_title":"","pricing":[{"pricing_icon":"platform","pricing_title":"Wix app","pricing_title_caption":"Solution multiplateforme qui fonctionne sur n'importe quel site Web","pricing_price":"from $0 \/ month","pricing_price_caption":"commencez avec un forfait gratuit","pricing_benefits":[{"text":"Nombre illimit\u00e9 de domaines"},{"text":"Support client professionnel"},{"text":"Assistance \u00e0 l'installation gratuite"},{"text":"Offre sp\u00e9ciale pour plusieurs applications"}],"pricing_button_text":"Ajouter au site Web","pricing_button_url":"#demo"}],"related_apps_title":"","related_apps_hidden":"0","author":"","image":[],"title":"","job":"","social_networks":[]},"_links":{"self":[{"href":"https:\/\/elfsight.com\/fr\/wp-json\/wp\/v2\/pages\/10826","targetHints":{"allow":["GET"]}}],"collection":[{"href":"https:\/\/elfsight.com\/fr\/wp-json\/wp\/v2\/pages"}],"about":[{"href":"https:\/\/elfsight.com\/fr\/wp-json\/wp\/v2\/types\/page"}],"author":[{"embeddable":true,"href":"https:\/\/elfsight.com\/fr\/wp-json\/wp\/v2\/users\/9"}],"replies":[{"embeddable":true,"href":"https:\/\/elfsight.com\/fr\/wp-json\/wp\/v2\/comments?post=10826"}],"version-history":[{"count":5,"href":"https:\/\/elfsight.com\/fr\/wp-json\/wp\/v2\/pages\/10826\/revisions"}],"predecessor-version":[{"id":15891,"href":"https:\/\/elfsight.com\/fr\/wp-json\/wp\/v2\/pages\/10826\/revisions\/15891"}],"up":[{"embeddable":true,"href":"https:\/\/elfsight.com\/fr\/wp-json\/wp\/v2\/pages\/1058"}],"wp:attachment":[{"href":"https:\/\/elfsight.com\/fr\/wp-json\/wp\/v2\/media?parent=10826"}],"curies":[{"name":"wp","href":"https:\/\/api.w.org\/{rel}","templated":true}]}}